{"id":62116,"date":"2026-01-19T03:57:38","date_gmt":"2026-01-19T03:57:38","guid":{"rendered":"https:\/\/vozolvapen.de\/?post_type=product&#038;p=62116"},"modified":"2026-04-08T03:07:25","modified_gmt":"2026-04-08T03:07:25","slug":"puff-60k-bang-60000-refillable-vape-peach-ice-mango-peach","status":"publish","type":"product","link":"http:\/\/vozolvapen.de\/pl\/product\/puff-60k-bang-60000-refillable-vape-peach-ice-mango-peach\/","title":{"rendered":"Puff 60k Bang 60000 Vape do wielokrotnego nape\u0142niania - Peach Ice &amp; Mango Peach"},"content":{"rendered":"<h1 data-path-to-node=\"9\">Puff 60k Bang 60000 Vape do wielokrotnego nape\u0142niania - Peach Ice &amp; Mango Peach<\/h1>\n<h2 data-path-to-node=\"10\"><b data-path-to-node=\"10\" data-index-in-node=\"0\">Sadownicza \u015bwie\u017co\u015b\u0107 spotyka si\u0119 z arktycznym ch\u0142odem<\/b><\/h2>\n<p data-path-to-node=\"11\">The <b data-path-to-node=\"11\" data-index-in-node=\"4\">Bang 60000 Peach Ice &amp; Mango Peach<\/b> to mistrzowska klasa r\u00f3wnowagi kwiatowej. To <b data-path-to-node=\"11\" data-index-in-node=\"80\">vape wielokrotnego nape\u0142niania<\/b> jest idealny dla tych, kt\u00f3rzy uwa\u017caj\u0105, \u017ce standardowe smaki owocowe s\u0105 zbyt ci\u0119\u017ckie i wol\u0105 co\u015b przewiewnego, pachn\u0105cego i orze\u017awiaj\u0105cego. Futurystyczna konstrukcja w stylu pude\u0142ka zapewnia, \u017ce pomimo ogromnej pojemno\u015bci pozostaje najbardziej przeno\u015bnym urz\u0105dzeniem. <b data-path-to-node=\"11\" data-index-in-node=\"323\">60k vape<\/b> na rynku.<\/p>\n<h3 data-path-to-node=\"12\"><b data-path-to-node=\"12\" data-index-in-node=\"0\">Spos\u00f3b A: Mro\u017cona bia\u0142a brzoskwinia<\/b><\/h3>\n<p data-path-to-node=\"12\">Mode A oddaje delikatny, kwiatowy aromat bia\u0142ej brzoskwini u szczytu dojrza\u0142o\u015bci. Na wydechu ostry arktyczny podmuch oczyszcza podniebienie, dzi\u0119ki czemu jest to idealny smak \u201cresetowy\u201d na pracowity dzie\u0144. Jest rze\u015bki, czysty i niesamowicie orze\u017awiaj\u0105cy.<\/p>\n<h3 data-path-to-node=\"13\"><b data-path-to-node=\"13\" data-index-in-node=\"0\">Spos\u00f3b B: Tropikalna mieszanka brzoskwi\u0144 z mango<\/b><\/h3>\n<p data-path-to-node=\"13\">Prze\u0142\u0105cz na tryb B, aby do\u015bwiadczy\u0107 g\u0142\u0119bszej z\u0142o\u017cono\u015bci owoc\u00f3w. Dzi\u0119ki dodaniu mango do brzoskwiniowej bazy, smak staje si\u0119 mocniejszy i bardziej \u201csoczysty\u201d. Traci ci\u0119\u017cki mr\u00f3z trybu A i zyskuje zalan\u0105 s\u0142o\u0144cem, tropikaln\u0105 s\u0142odycz, kt\u00f3ra pi\u0119knie utrzymuje si\u0119 na j\u0119zyku.<\/p>\n<h2 data-path-to-node=\"9\"><b class=\"\" data-path-to-node=\"9\" data-index-in-node=\"0\">Dla kogo to jest?<\/b><\/h2>\n<ul data-path-to-node=\"10\">\n<li>\n<p data-path-to-node=\"10,0,0\"><b class=\"\" data-path-to-node=\"10,0,0\" data-index-in-node=\"0\">Mi\u0142o\u015bnicy kwiatowych smak\u00f3w:<\/b><span class=\"\"> Dla tych, kt\u00f3rzy ceni\u0105 sobie delikatno\u015b\u0107,<\/span><span class=\"\"> aromatyczny zapach bia\u0142ych brzoskwi\u0144.<\/span><\/p>\n<\/li>\n<li>\n<p data-path-to-node=\"10,1,0\"><b class=\"\" data-path-to-node=\"10,1,0\" data-index-in-node=\"0\">Uzale\u017cniony od \u201clodu\u201d:<\/b><span class=\"\"> Je\u015bli potrzebujesz silnego uczucia ch\u0142odzenia, aby obudzi\u0107 zmys\u0142y o poranku.<\/span><\/p>\n<\/li>\n<li>\n<p data-path-to-node=\"10,2,0\"><b class=\"\" data-path-to-node=\"10,2,0\" data-index-in-node=\"0\">Zaawansowany technologicznie Vaper:<\/b><span class=\"\"> U\u017cytkownicy, kt\u00f3rzy doceni\u0105 \u015bledzenie swoich tryb\u00f3w smakowych na <\/span><b class=\"\" data-path-to-node=\"10,2,0\" data-index-in-node=\"83\">Inteligentny wy\u015bwietlacz HD<\/b><span class=\"\">.<\/span><\/p>\n<\/li>\n<\/ul>\n<h2 data-path-to-node=\"10\"><b data-path-to-node=\"10\" data-index-in-node=\"0\">Podzia\u0142 techniczny i oceny<\/b><\/h2>\n<table data-path-to-node=\"10\">\n<thead>\n<tr>\n<td><strong>Metryka wydajno\u015bci<\/strong><\/td>\n<td><strong>Ocena \/ specyfikacja techniczna<\/strong><\/td>\n<\/tr>\n<\/thead>\n<tbody>\n<tr>\n<td><span data-path-to-node=\"10,1,0,0\"><b data-path-to-node=\"10,1,0,0\" data-index-in-node=\"0\">S\u0142odycz<\/b><\/span><\/td>\n<td><span data-path-to-node=\"10,1,1,0\">\u2605\u2605\u2605\u2606\u2606 (Delikatna kwiatowa s\u0142odycz)<\/span><\/td>\n<\/tr>\n<tr>\n<td><span data-path-to-node=\"10,2,0,0\"><b data-path-to-node=\"10,2,0,0\" data-index-in-node=\"0\">Efekt ch\u0142odzenia<\/b><\/span><\/td>\n<td><span data-path-to-node=\"10,2,1,0\">\u2605\u2605\u2605\u2605\u2606 (Mocne arktyczne uderzenie w gard\u0142o)<\/span><\/td>\n<\/tr>\n<tr>\n<td><span data-path-to-node=\"10,3,0,0\"><b data-path-to-node=\"10,3,0,0\" data-index-in-node=\"0\">Intensywno\u015b\u0107 smaku<\/b><\/span><\/td>\n<td><span data-path-to-node=\"10,3,1,0\">\u2605\u2605\u2605\u2605\u2606 (Przezroczyste warstwy owoc\u00f3w)<\/span><\/td>\n<\/tr>\n<tr>\n<td><span data-path-to-node=\"10,4,0,0\"><b data-path-to-node=\"10,4,0,0\" data-index-in-node=\"0\">Aromat<\/b><\/span><\/td>\n<td><span data-path-to-node=\"10,4,1,0\">\u2605\u2605\u2605\u2605\u2606 (Pachn\u0105ca bia\u0142a brzoskwinia)<\/span><\/td>\n<\/tr>\n<tr>\n<td><span data-path-to-node=\"10,5,0,0\"><b data-path-to-node=\"10,5,0,0\" data-index-in-node=\"0\">Core Tech<\/b><\/span><\/td>\n<td><span data-path-to-node=\"10,5,1,0\">Prze\u0142\u0105cznik smaku 2 w 1<\/span><\/td>\n<\/tr>\n<tr>\n<td><span data-path-to-node=\"10,6,0,0\"><b data-path-to-node=\"10,6,0,0\" data-index-in-node=\"0\">\u017bywotno\u015b\u0107 puffa<\/b><\/span><\/td>\n<td><span data-path-to-node=\"10,6,1,0\">Do 60 000 zaci\u0105gni\u0119\u0107<\/span><\/td>\n<\/tr>\n<\/tbody>\n<\/table>\n<h3><b data-path-to-node=\"57\" data-index-in-node=\"0\">Podsumowanie sprz\u0119tu i logistyki\u00a0<\/b><\/h3>\n<ul data-path-to-node=\"58\">\n<li>\n<p data-path-to-node=\"58,0,0\"><b data-path-to-node=\"58,0,0\" data-index-in-node=\"0\">Freedom z mo\u017cliwo\u015bci\u0105 wielokrotnego nape\u0142niania:<\/b> Nie zatrzymuj si\u0119 na 60 tys. To jest <b data-path-to-node=\"58,0,0\" data-index-in-node=\"49\">vape do uzupe\u0142niania p\u0142ynem<\/b>, Dzi\u0119ki temu sprz\u0119t mo\u017ce by\u0107 u\u017cywany znacznie d\u0142u\u017cej ni\u017c standardowy jednorazowy.<\/p>\n<\/li>\n<li>\n<p data-path-to-node=\"58,1,0\"><b data-path-to-node=\"58,1,0\" data-index-in-node=\"0\">Inteligentny wy\u015bwietlacz HD:<\/b> Zawsze nale\u017cy zna\u0107 \u017cywotno\u015b\u0107 baterii i aktualnie u\u017cywany zbiornik (A lub B).<\/p>\n<\/li>\n<li>\n<p data-path-to-node=\"58,2,0\"><b data-path-to-node=\"58,2,0\" data-index-in-node=\"0\">Podw\u00f3jny zbiornik o pojemno\u015bci 36 ml:<\/b> Najwi\u0119kszy w bran\u017cy, w po\u0142\u0105czeniu z <b data-path-to-node=\"58,2,0\" data-index-in-node=\"68\">Akumulator typu C o pojemno\u015bci 550 mAh<\/b>.<\/p>\n<\/li>\n<li>\n<p data-path-to-node=\"58,3,0\"><b data-path-to-node=\"58,3,0\" data-index-in-node=\"0\">Wysy\u0142ka z magazynu w UE:<\/b> Zam\u00f3w ju\u017c dzi\u015b i otrzymaj <b data-path-to-node=\"58,3,0\" data-index-in-node=\"52\">vape wielokrotnego nape\u0142niania<\/b> w <b data-path-to-node=\"58,3,0\" data-index-in-node=\"71\">1-3 dni robocze<\/b> w dowolnym miejscu w UE. Bez c\u0142a, bez k\u0142opot\u00f3w.<\/p>\n<\/li>\n<\/ul>\n<h3 dir=\"auto\">Oto dalsze zalecenia dla Ciebie:<\/h3>\n<p dir=\"auto\">Odkryj jeszcze wi\u0119cej niesamowitych smak\u00f3w dzi\u0119ki Puff 60k Bang 60000 Refillable Vape!<\/p>\n<p dir=\"auto\"><a href=\"https:\/\/vozolvapen.deproduct-category\/bang-vape\/puff-60k-bang-60000-refillable-vape\" target=\"_blank\" rel=\"noopener noreferrer nofollow\">Zobacz wszystkie odmiany tutaj \u2192<\/a><\/p>\n<p dir=\"auto\">Zapoznaj si\u0119 z nasz\u0105 pe\u0142n\u0105 kolekcj\u0105 i kupuj produkty najlepszych marek vape, kt\u00f3re pokochasz.<\/p>\n<p dir=\"auto\"><a href=\"https:\/\/vozolvapen.de\/pl\/\" target=\"_blank\" rel=\"noopener noreferrer nofollow\">Przegl\u0105daj teraz wszystkie marki \u2192<\/a><\/p>\n<p dir=\"auto\">Sprawd\u017a ca\u0142\u0105 seri\u0119 Bang Vape - ka\u017cdy smak, ka\u017cdy styl!<\/p>\n<p dir=\"auto\"><a href=\"https:\/\/vozolvapen.de\/pl\/product-category\/bang-vape\/\" target=\"_blank\" rel=\"noopener noreferrer nofollow\">Zobacz pe\u0142n\u0105 kolekcj\u0119 Bang Vape \u2192<\/a><\/p>\n<h2 data-path-to-node=\"27\"><b data-path-to-node=\"27\" data-index-in-node=\"0\">Cz\u0119sto zadawane pytania (FAQ)<\/b><\/h2>\n<h3 data-path-to-node=\"28\"><b data-path-to-node=\"28\" data-index-in-node=\"0\">Czy Bang 60000 to rzeczywi\u015bcie waporyzator wielokrotnego nape\u0142niania?<\/b><\/h3>\n<p data-path-to-node=\"29\">Tak. Zbiornik jest wst\u0119pnie nape\u0142niony 36 ml najwy\u017cszej jako\u015bci e-liquidu, ale jego architektura zosta\u0142a zaprojektowana tak, aby mo\u017cna go by\u0142o <b data-path-to-node=\"29\" data-index-in-node=\"102\">wielokrotnego u\u017cytku<\/b>. Umo\u017cliwia to korzystanie z urz\u0105dzenia w trybie d\u0142ugoterminowym. <b data-path-to-node=\"29\" data-index-in-node=\"163\">system pod vape<\/b> nawet po zako\u0144czeniu pocz\u0105tkowej cieczy.<\/p>\n<h3 data-path-to-node=\"30\"><b data-path-to-node=\"30\" data-index-in-node=\"0\">Jak prze\u0142\u0105cza\u0107 si\u0119 mi\u0119dzy tymi dwoma smakami?<\/b><\/h3>\n<p data-path-to-node=\"31\">Urz\u0105dzenie posiada prze\u0142\u0105cznik smaku. Wystarczy przesun\u0105\u0107, aby wybra\u0107 <b data-path-to-node=\"31\" data-index-in-node=\"67\">Tryb A<\/b> lub <b data-path-to-node=\"31\" data-index-in-node=\"77\">Tryb B<\/b> aby natychmiast zmieni\u0107 u\u017cywany zbiornik wewn\u0119trzny.<\/p>\n<h3 data-path-to-node=\"32\"><b data-path-to-node=\"32\" data-index-in-node=\"0\">Jakie poziomy nikotyny s\u0105 dost\u0119pne dla Puff 60k?<\/b><\/h3>\n<p data-path-to-node=\"33\">Dostosowujemy si\u0119 do wszystkich preferencji, oferuj\u0105c <b data-path-to-node=\"33\" data-index-in-node=\"38\">0 mg (bez nikotyny)<\/b>, <b data-path-to-node=\"33\" data-index-in-node=\"59\">20 mg (2%)<\/b>, <b data-path-to-node=\"33\" data-index-in-node=\"70\">30 mg (3%)<\/b>, oraz <b data-path-to-node=\"33\" data-index-in-node=\"85\">50 mg (5%)<\/b> opcje.<\/p>\n<h3 data-path-to-node=\"34\"><b data-path-to-node=\"34\" data-index-in-node=\"0\">Jak mog\u0119 na\u0142adowa\u0107 Bang 60000?<\/b><\/h3>\n<p data-path-to-node=\"35\">Urz\u0105dzenie wykorzystuje standard <b data-path-to-node=\"35\" data-index-in-node=\"27\">Port \u0142adowania typu C<\/b> umieszczony w dolnej cz\u0119\u015bci. Bateria o pojemno\u015bci 550 mAh obs\u0142uguje szybkie \u0142adowanie, aby zminimalizowa\u0107 przestoje.<\/p>","protected":false},"excerpt":{"rendered":"<p>Od\u015bwie\u017c swoje podniebienie dzi\u0119ki <b data-path-to-node=\"7,2,0\" data-index-in-node=\"44\">L\u00f3d brzoskwiniowy<\/b> lub prze\u0142\u0105czy\u0107 si\u0119 na bujn\u0105 <b data-path-to-node=\"7,2,0\" data-index-in-node=\"76\">Mango Brzoskwinia<\/b> medley. To <b data-path-to-node=\"7,2,0\" data-index-in-node=\"101\">Inteligentny vape 2 w 1<\/b> charakteryzuje si\u0119 futurystyczn\u0105, przezroczyst\u0105 konstrukcj\u0105 i wy\u015bwietlaczem HD, oferuj\u0105c <b data-path-to-node=\"7,2,0\" data-index-in-node=\"188\">60 000 zaci\u0105gni\u0119\u0107<\/b> kwiatowej, lodowatej owocowej satysfakcji.<\/p>","protected":false},"featured_media":62651,"comment_status":"open","ping_status":"closed","template":"","meta":{"_acf_changed":false},"product_brand":[],"product_cat":[120],"product_tag":[],"class_list":{"0":"post-62116","1":"product","2":"type-product","3":"status-publish","4":"has-post-thumbnail","6":"product_cat-puff-60k-bang-60000-refillable-vape","8":"first","9":"instock","10":"shipping-taxable","11":"purchasable","12":"product-type-variable"},"acf":[],"yoast_head":"<!-- This site is optimized with the Yoast SEO Premium plugin v26.1 (Yoast SEO v27.5) - https:\/\/yoast.com\/product\/yoast-seo-premium-wordpress\/ -->\n<title>Peach Ice &amp; Mango Peach Bang 60000 | 60k Puffs Crystal Vape - vozolvapen<\/title>\n<meta name=\"description\" content=\"Bang 60000 Peach Ice &amp; Mango Peach: Chilled peach meets tropical mango. 2-in-1 flavor switch, smart HD screen, and refillable 36ml tank. EU Stock.\" \/>\n<meta name=\"robots\" content=\"index, follow, max-snippet:-1, max-image-preview:large, max-video-preview:-1\" \/>\n<link rel=\"canonical\" href=\"https:\/\/vozolvapen.de\/pl\/product\/puff-60k-bang-60000-refillable-vape-peach-ice-mango-peach\/\" \/>\n<meta property=\"og:locale\" content=\"pl_PL\" \/>\n<meta property=\"og:type\" content=\"article\" \/>\n<meta property=\"og:title\" content=\"Puff 60k Bang 60000 Refillable Vape - Peach Ice &amp; Mango Peach\" \/>\n<meta property=\"og:description\" content=\"Bang 60000 Peach Ice &amp; Mango Peach: Chilled peach meets tropical mango. 2-in-1 flavor switch, smart HD screen, and refillable 36ml tank. EU Stock.\" \/>\n<meta property=\"og:url\" content=\"https:\/\/vozolvapen.de\/pl\/product\/puff-60k-bang-60000-refillable-vape-peach-ice-mango-peach\/\" \/>\n<meta property=\"og:site_name\" content=\"vozolvapen\" \/>\n<meta property=\"article:modified_time\" content=\"2026-04-08T03:07:25+00:00\" \/>\n<meta property=\"og:image\" content=\"https:\/\/vozolvapen.de\/wp-content\/uploads\/2026\/01\/Puff-60k-Bang-60000-Refillable-Vape-Peach-Ice-Mango-Peach.webp\" \/>\n\t<meta property=\"og:image:width\" content=\"774\" \/>\n\t<meta property=\"og:image:height\" content=\"1200\" \/>\n\t<meta property=\"og:image:type\" content=\"image\/webp\" \/>\n<meta name=\"twitter:card\" content=\"summary_large_image\" \/>\n<meta name=\"twitter:label1\" content=\"Szacowany czas czytania\" \/>\n\t<meta name=\"twitter:data1\" content=\"3 minuty\" \/>\n<script type=\"application\/ld+json\" class=\"yoast-schema-graph\">{\"@context\":\"https:\\\/\\\/schema.org\",\"@graph\":[{\"@type\":\"WebPage\",\"@id\":\"https:\\\/\\\/vozolvapen.de\\\/product\\\/puff-60k-bang-60000-refillable-vape-peach-ice-mango-peach\\\/\",\"url\":\"https:\\\/\\\/vozolvapen.de\\\/product\\\/puff-60k-bang-60000-refillable-vape-peach-ice-mango-peach\\\/\",\"name\":\"Peach Ice & Mango Peach Bang 60000 | 60k Puffs Crystal Vape - vozolvapen\",\"isPartOf\":{\"@id\":\"https:\\\/\\\/vozolvapen.de\\\/#website\"},\"primaryImageOfPage\":{\"@id\":\"https:\\\/\\\/vozolvapen.de\\\/product\\\/puff-60k-bang-60000-refillable-vape-peach-ice-mango-peach\\\/#primaryimage\"},\"image\":{\"@id\":\"https:\\\/\\\/vozolvapen.de\\\/product\\\/puff-60k-bang-60000-refillable-vape-peach-ice-mango-peach\\\/#primaryimage\"},\"thumbnailUrl\":\"https:\\\/\\\/vozolvapen.de\\\/wp-content\\\/uploads\\\/2026\\\/01\\\/Puff-60k-Bang-60000-Refillable-Vape-Peach-Ice-Mango-Peach.webp\",\"datePublished\":\"2026-01-19T03:57:38+00:00\",\"dateModified\":\"2026-04-08T03:07:25+00:00\",\"description\":\"Bang 60000 Peach Ice & Mango Peach: Chilled peach meets tropical mango. 2-in-1 flavor switch, smart HD screen, and refillable 36ml tank. EU Stock.\",\"breadcrumb\":{\"@id\":\"https:\\\/\\\/vozolvapen.de\\\/product\\\/puff-60k-bang-60000-refillable-vape-peach-ice-mango-peach\\\/#breadcrumb\"},\"inLanguage\":\"pl-PL\",\"potentialAction\":[{\"@type\":\"ReadAction\",\"target\":[\"https:\\\/\\\/vozolvapen.de\\\/product\\\/puff-60k-bang-60000-refillable-vape-peach-ice-mango-peach\\\/\"]}]},{\"@type\":\"ImageObject\",\"inLanguage\":\"pl-PL\",\"@id\":\"https:\\\/\\\/vozolvapen.de\\\/product\\\/puff-60k-bang-60000-refillable-vape-peach-ice-mango-peach\\\/#primaryimage\",\"url\":\"https:\\\/\\\/vozolvapen.de\\\/wp-content\\\/uploads\\\/2026\\\/01\\\/Puff-60k-Bang-60000-Refillable-Vape-Peach-Ice-Mango-Peach.webp\",\"contentUrl\":\"https:\\\/\\\/vozolvapen.de\\\/wp-content\\\/uploads\\\/2026\\\/01\\\/Puff-60k-Bang-60000-Refillable-Vape-Peach-Ice-Mango-Peach.webp\",\"width\":774,\"height\":1200,\"caption\":\"Puff 60k Bang 60000 Refillable Vape - Peach Ice & Mango Peach\"},{\"@type\":\"BreadcrumbList\",\"@id\":\"https:\\\/\\\/vozolvapen.de\\\/product\\\/puff-60k-bang-60000-refillable-vape-peach-ice-mango-peach\\\/#breadcrumb\",\"itemListElement\":[{\"@type\":\"ListItem\",\"position\":1,\"name\":\"Home\",\"item\":\"https:\\\/\\\/vozolvapen.de\\\/de\\\/\"},{\"@type\":\"ListItem\",\"position\":2,\"name\":\"Shop\",\"item\":\"https:\\\/\\\/vozolvapen.de\\\/shop\\\/\"},{\"@type\":\"ListItem\",\"position\":3,\"name\":\"Puff 60k Bang 60000 Refillable Vape &#8211; Peach Ice &#038; Mango Peach\"}]},{\"@type\":\"WebSite\",\"@id\":\"https:\\\/\\\/vozolvapen.de\\\/#website\",\"url\":\"https:\\\/\\\/vozolvapen.de\\\/\",\"name\":\"vozolvapen\",\"description\":\"vozolvapen\",\"publisher\":{\"@id\":\"https:\\\/\\\/vozolvapen.de\\\/#organization\"},\"potentialAction\":[{\"@type\":\"SearchAction\",\"target\":{\"@type\":\"EntryPoint\",\"urlTemplate\":\"https:\\\/\\\/vozolvapen.de\\\/?s={search_term_string}\"},\"query-input\":{\"@type\":\"PropertyValueSpecification\",\"valueRequired\":true,\"valueName\":\"search_term_string\"}}],\"inLanguage\":\"pl-PL\"},{\"@type\":\"Organization\",\"@id\":\"https:\\\/\\\/vozolvapen.de\\\/#organization\",\"name\":\"vozolvapen\",\"url\":\"https:\\\/\\\/vozolvapen.de\\\/\",\"logo\":{\"@type\":\"ImageObject\",\"inLanguage\":\"pl-PL\",\"@id\":\"https:\\\/\\\/vozolvapen.de\\\/#\\\/schema\\\/logo\\\/image\\\/\",\"url\":\"https:\\\/\\\/vozolvapen.de\\\/wp-content\\\/uploads\\\/2025\\\/12\\\/cropped-vozovapen-logo.webp\",\"contentUrl\":\"https:\\\/\\\/vozolvapen.de\\\/wp-content\\\/uploads\\\/2025\\\/12\\\/cropped-vozovapen-logo.webp\",\"width\":470,\"height\":110,\"caption\":\"vozolvapen\"},\"image\":{\"@id\":\"https:\\\/\\\/vozolvapen.de\\\/#\\\/schema\\\/logo\\\/image\\\/\"}}]}<\/script>\n<!-- \/ Yoast SEO Premium plugin. -->","yoast_head_json":{"title":"Peach Ice &amp; Mango Peach Bang 60000 | 60k Puffs Crystal Vape - vozolvapen","description":"Bang 60000 Peach Ice &amp; Mango Peach: Sch\u0142odzona brzoskwinia \u0142\u0105czy si\u0119 z tropikalnym mango. Prze\u0142\u0105cznik smak\u00f3w 2 w 1, inteligentny ekran HD i zbiornik 36 ml do wielokrotnego nape\u0142niania. Dost\u0119pny w UE.","robots":{"index":"index","follow":"follow","max-snippet":"max-snippet:-1","max-image-preview":"max-image-preview:large","max-video-preview":"max-video-preview:-1"},"canonical":"https:\/\/vozolvapen.de\/pl\/product\/puff-60k-bang-60000-refillable-vape-peach-ice-mango-peach\/","og_locale":"pl_PL","og_type":"article","og_title":"Puff 60k Bang 60000 Refillable Vape - Peach Ice & Mango Peach","og_description":"Bang 60000 Peach Ice & Mango Peach: Chilled peach meets tropical mango. 2-in-1 flavor switch, smart HD screen, and refillable 36ml tank. EU Stock.","og_url":"https:\/\/vozolvapen.de\/pl\/product\/puff-60k-bang-60000-refillable-vape-peach-ice-mango-peach\/","og_site_name":"vozolvapen","article_modified_time":"2026-04-08T03:07:25+00:00","og_image":[{"width":774,"height":1200,"url":"https:\/\/vozolvapen.de\/wp-content\/uploads\/2026\/01\/Puff-60k-Bang-60000-Refillable-Vape-Peach-Ice-Mango-Peach.webp","type":"image\/webp"}],"twitter_card":"summary_large_image","twitter_misc":{"Szacowany czas czytania":"3 minuty"},"schema":{"@context":"https:\/\/schema.org","@graph":[{"@type":"WebPage","@id":"https:\/\/vozolvapen.de\/product\/puff-60k-bang-60000-refillable-vape-peach-ice-mango-peach\/","url":"https:\/\/vozolvapen.de\/product\/puff-60k-bang-60000-refillable-vape-peach-ice-mango-peach\/","name":"Peach Ice &amp; Mango Peach Bang 60000 | 60k Puffs Crystal Vape - vozolvapen","isPartOf":{"@id":"https:\/\/vozolvapen.de\/#website"},"primaryImageOfPage":{"@id":"https:\/\/vozolvapen.de\/product\/puff-60k-bang-60000-refillable-vape-peach-ice-mango-peach\/#primaryimage"},"image":{"@id":"https:\/\/vozolvapen.de\/product\/puff-60k-bang-60000-refillable-vape-peach-ice-mango-peach\/#primaryimage"},"thumbnailUrl":"https:\/\/vozolvapen.de\/wp-content\/uploads\/2026\/01\/Puff-60k-Bang-60000-Refillable-Vape-Peach-Ice-Mango-Peach.webp","datePublished":"2026-01-19T03:57:38+00:00","dateModified":"2026-04-08T03:07:25+00:00","description":"Bang 60000 Peach Ice &amp; Mango Peach: Sch\u0142odzona brzoskwinia \u0142\u0105czy si\u0119 z tropikalnym mango. Prze\u0142\u0105cznik smak\u00f3w 2 w 1, inteligentny ekran HD i zbiornik 36 ml do wielokrotnego nape\u0142niania. Dost\u0119pny w UE.","breadcrumb":{"@id":"https:\/\/vozolvapen.de\/product\/puff-60k-bang-60000-refillable-vape-peach-ice-mango-peach\/#breadcrumb"},"inLanguage":"pl-PL","potentialAction":[{"@type":"ReadAction","target":["https:\/\/vozolvapen.de\/product\/puff-60k-bang-60000-refillable-vape-peach-ice-mango-peach\/"]}]},{"@type":"ImageObject","inLanguage":"pl-PL","@id":"https:\/\/vozolvapen.de\/product\/puff-60k-bang-60000-refillable-vape-peach-ice-mango-peach\/#primaryimage","url":"https:\/\/vozolvapen.de\/wp-content\/uploads\/2026\/01\/Puff-60k-Bang-60000-Refillable-Vape-Peach-Ice-Mango-Peach.webp","contentUrl":"https:\/\/vozolvapen.de\/wp-content\/uploads\/2026\/01\/Puff-60k-Bang-60000-Refillable-Vape-Peach-Ice-Mango-Peach.webp","width":774,"height":1200,"caption":"Puff 60k Bang 60000 Refillable Vape - Peach Ice & Mango Peach"},{"@type":"BreadcrumbList","@id":"https:\/\/vozolvapen.de\/product\/puff-60k-bang-60000-refillable-vape-peach-ice-mango-peach\/#breadcrumb","itemListElement":[{"@type":"ListItem","position":1,"name":"Home","item":"https:\/\/vozolvapen.de\/de\/"},{"@type":"ListItem","position":2,"name":"Shop","item":"https:\/\/vozolvapen.de\/shop\/"},{"@type":"ListItem","position":3,"name":"Puff 60k Bang 60000 Refillable Vape &#8211; Peach Ice &#038; Mango Peach"}]},{"@type":"WebSite","@id":"https:\/\/vozolvapen.de\/#website","url":"https:\/\/vozolvapen.de\/","name":"vozolvapen","description":"vozolvapen","publisher":{"@id":"https:\/\/vozolvapen.de\/#organization"},"potentialAction":[{"@type":"SearchAction","target":{"@type":"EntryPoint","urlTemplate":"https:\/\/vozolvapen.de\/?s={search_term_string}"},"query-input":{"@type":"PropertyValueSpecification","valueRequired":true,"valueName":"search_term_string"}}],"inLanguage":"pl-PL"},{"@type":"Organization","@id":"https:\/\/vozolvapen.de\/#organization","name":"vozolvapen","url":"https:\/\/vozolvapen.de\/","logo":{"@type":"ImageObject","inLanguage":"pl-PL","@id":"https:\/\/vozolvapen.de\/#\/schema\/logo\/image\/","url":"https:\/\/vozolvapen.de\/wp-content\/uploads\/2025\/12\/cropped-vozovapen-logo.webp","contentUrl":"https:\/\/vozolvapen.de\/wp-content\/uploads\/2025\/12\/cropped-vozovapen-logo.webp","width":470,"height":110,"caption":"vozolvapen"},"image":{"@id":"https:\/\/vozolvapen.de\/#\/schema\/logo\/image\/"}}]}},"tiered_pricing_type":"fixed","tiered_pricing_fixed_rules":{"30":"12","50":"10","100":"9","200":"8.5"},"tiered_pricing_product_settings":{"layout":"default","base_unit_name":{"singular":null,"plural":null},"default_variation":{}},"tiered_pricing_minimum_quantity":10,"tiered_pricing_roles_data":[],"tiered_pricing_percentage_rules":[],"tiered_pricing_maximum_quantity":null,"tiered_pricing_quantity_step":"10","_links":{"self":[{"href":"http:\/\/vozolvapen.de\/pl\/wp-json\/wp\/v2\/product\/62116","targetHints":{"allow":["GET"]}}],"collection":[{"href":"http:\/\/vozolvapen.de\/pl\/wp-json\/wp\/v2\/product"}],"about":[{"href":"http:\/\/vozolvapen.de\/pl\/wp-json\/wp\/v2\/types\/product"}],"replies":[{"embeddable":true,"href":"http:\/\/vozolvapen.de\/pl\/wp-json\/wp\/v2\/comments?post=62116"}],"wp:featuredmedia":[{"embeddable":true,"href":"http:\/\/vozolvapen.de\/pl\/wp-json\/wp\/v2\/media\/62651"}],"wp:attachment":[{"href":"http:\/\/vozolvapen.de\/pl\/wp-json\/wp\/v2\/media?parent=62116"}],"wp:term":[{"taxonomy":"product_brand","embeddable":true,"href":"http:\/\/vozolvapen.de\/pl\/wp-json\/wp\/v2\/product_brand?post=62116"},{"taxonomy":"product_cat","embeddable":true,"href":"http:\/\/vozolvapen.de\/pl\/wp-json\/wp\/v2\/product_cat?post=62116"},{"taxonomy":"product_tag","embeddable":true,"href":"http:\/\/vozolvapen.de\/pl\/wp-json\/wp\/v2\/product_tag?post=62116"}],"curies":[{"name":"wp","href":"https:\/\/api.w.org\/{rel}","templated":true}]}}