{"id":62222,"date":"2026-01-19T03:57:43","date_gmt":"2026-01-19T03:57:43","guid":{"rendered":"https:\/\/vozolvapen.de\/?post_type=product&#038;p=62222"},"modified":"2026-04-08T03:07:32","modified_gmt":"2026-04-08T03:07:32","slug":"puff-60k-bang-60000-refillable-vape-mixed-fruit-triple-berry","status":"publish","type":"product","link":"http:\/\/vozolvapen.de\/pl\/product\/puff-60k-bang-60000-refillable-vape-mixed-fruit-triple-berry\/","title":{"rendered":"Puff 60k Bang 60000 Vape do wielokrotnego nape\u0142niania - Mixed Fruit &amp; Triple Berry"},"content":{"rendered":"<h1 data-path-to-node=\"21\">Puff 60k Bang 60000 Vape do wielokrotnego nape\u0142niania - Mixed Fruit &amp; Triple Berry<\/h1>\n<h2 data-path-to-node=\"22\"><b data-path-to-node=\"22\" data-index-in-node=\"0\">Le\u015bna mieszanka: Eksplozja jag\u00f3d<\/b><\/h2>\n<p data-path-to-node=\"23\">Po co wybiera\u0107 jedn\u0105 jagod\u0119, skoro mo\u017cna mie\u0107 je wszystkie? The <b data-path-to-node=\"23\" data-index-in-node=\"53\">Bang 60000 Mixed Fruit &amp; Triple Berry<\/b> to intensywne doznanie smakowe zaprojektowane dla tych, kt\u00f3rzy kochaj\u0105 odwa\u017cne, aromatyczne chmury. The <b data-path-to-node=\"23\" data-index-in-node=\"184\">Pojemno\u015b\u0107 36 ml e-liquidu<\/b> zapewnia, \u017ce nawet te bardzo z\u0142o\u017cone aromaty pozostaj\u0105 sp\u00f3jne przez wiele miesi\u0119cy u\u017cytkowania.<\/p>\n<h3 data-path-to-node=\"24\"><b data-path-to-node=\"24\" data-index-in-node=\"0\">Spos\u00f3b A: Wibruj\u0105cy koktajl z mieszanych owoc\u00f3w<\/b><\/h3>\n<p data-path-to-node=\"24\">Mode A to mieszanka w stylu \u201cfruit-punch\u201d, zawieraj\u0105ca nuty cytrus\u00f3w, jab\u0142ek i owoc\u00f3w pestkowych. Jest to jasny, energetyczny smak, kt\u00f3ry zmienia si\u0119 nieznacznie z ka\u017cdym zaci\u0105gni\u0119ciem, poniewa\u017c na pierwszy plan wysuwaj\u0105 si\u0119 r\u00f3\u017cne nuty owocowe.<\/p>\n<h3 data-path-to-node=\"25\"><b data-path-to-node=\"25\" data-index-in-node=\"0\">Spos\u00f3b B: Elektryczny potr\u00f3jny poncz jagodowy<\/b><\/h3>\n<p data-path-to-node=\"25\">Tryb B koncentruje si\u0119 na poszyciu le\u015bnym. Ostre po\u0142\u0105czenie malin, jag\u00f3d i je\u017cyn tworzy cierpkie, \u201cczerwono-niebieskie\u201d doznanie. Jest g\u0142\u0119boki, lekko kwa\u015bny i niezwykle satysfakcjonuj\u0105cy dla fan\u00f3w waporyzacji jag\u00f3d o wysokim nasyceniu.<\/p>\n<h2 data-path-to-node=\"15\"><b class=\"\" data-path-to-node=\"15\" data-index-in-node=\"0\">Dla kogo to jest?<\/b><\/h2>\n<ul data-path-to-node=\"16\">\n<li>\n<p data-path-to-node=\"16,0,0\"><b class=\"\" data-path-to-node=\"16,0,0\" data-index-in-node=\"0\">Vaper \u201cznudzony smakiem\u201d:<\/b><span class=\"\"> Je\u015bli szybko znudz\u0105 Ci si\u0119 pojedyncze smaki,<\/span><span class=\"\"> Ta wielowarstwowa eksplozja owoc\u00f3w ekscytuje podniebienie.<\/span><\/p>\n<\/li>\n<li>\n<p data-path-to-node=\"16,1,0\"><b class=\"\" data-path-to-node=\"16,1,0\" data-index-in-node=\"0\">Mi\u0142o\u015bnicy aromat\u00f3w:<\/b><span class=\"\"> Dla u\u017cytkownik\u00f3w, kt\u00f3rzy chc\u0105, aby ich chmury pachnia\u0142y jak las \u015bwie\u017cych jag\u00f3d.<\/span><\/p>\n<\/li>\n<li>\n<p data-path-to-node=\"16,2,0\"><b class=\"\" data-path-to-node=\"16,2,0\" data-index-in-node=\"0\">The Heavy Hitter:<\/b><span class=\"\"> The <\/span><b class=\"\" data-path-to-node=\"16,2,0\" data-index-in-node=\"22\">Siatkowa cewka 1,0\u03a9<\/b><span class=\"\"> zapewnia g\u0119sto\u015b\u0107 wymagan\u0105 dla tych, kt\u00f3rzy kochaj\u0105 du\u017ce rozmiary,<\/span><span class=\"\"> aromatyczne chmury.<\/span><\/p>\n<\/li>\n<\/ul>\n<h2 data-path-to-node=\"10\"><b data-path-to-node=\"10\" data-index-in-node=\"0\">Podzia\u0142 techniczny i oceny<\/b><\/h2>\n<table data-path-to-node=\"16\">\n<thead>\n<tr>\n<td><strong>Metryka wydajno\u015bci<\/strong><\/td>\n<td><strong>Ocena \/ specyfikacja techniczna<\/strong><\/td>\n<\/tr>\n<\/thead>\n<tbody>\n<tr>\n<td><span data-path-to-node=\"16,1,0,0\"><b data-path-to-node=\"16,1,0,0\" data-index-in-node=\"0\">S\u0142odycz<\/b><\/span><\/td>\n<td><span data-path-to-node=\"16,1,1,0\">\u2605\u2605\u2605\u2605\u2606 (Z\u0142o\u017cone warstwy wieloowocowe)<\/span><\/td>\n<\/tr>\n<tr>\n<td><span data-path-to-node=\"16,2,0,0\"><b data-path-to-node=\"16,2,0,0\" data-index-in-node=\"0\">Efekt ch\u0142odzenia<\/b><\/span><\/td>\n<td><span data-path-to-node=\"16,2,1,0\">\u2605\u2605\u2606\u2606\u2606 (\u0142agodny, owocowy)<\/span><\/td>\n<\/tr>\n<tr>\n<td><span data-path-to-node=\"16,3,0,0\"><b data-path-to-node=\"16,3,0,0\" data-index-in-node=\"0\">Intensywno\u015b\u0107 smaku<\/b><\/span><\/td>\n<td><span data-path-to-node=\"16,3,1,0\">\u2605\u2605\u2605\u2605\u2605 (aromatyczna bomba smakowa)<\/span><\/td>\n<\/tr>\n<tr>\n<td><span data-path-to-node=\"16,4,0,0\"><b data-path-to-node=\"16,4,0,0\" data-index-in-node=\"0\">Aromat<\/b><\/span><\/td>\n<td><span data-path-to-node=\"16,4,1,0\">\u2605\u2605\u2605\u2605\u2605 (G\u0142\u0119boki bukiet le\u015bnych jag\u00f3d)<\/span><\/td>\n<\/tr>\n<tr>\n<td><span data-path-to-node=\"16,5,0,0\"><b data-path-to-node=\"16,5,0,0\" data-index-in-node=\"0\">Technika grzewcza<\/b><\/span><\/td>\n<td><span data-path-to-node=\"16,5,1,0\">Ulepszona cewka siatkowa 1,0\u03a9<\/span><\/td>\n<\/tr>\n<tr>\n<td><span data-path-to-node=\"16,6,0,0\"><b data-path-to-node=\"16,6,0,0\" data-index-in-node=\"0\">\u0141adowanie<\/b><\/span><\/td>\n<td><span data-path-to-node=\"16,6,1,0\">Port szybkiego \u0142adowania typu C<\/span><\/td>\n<\/tr>\n<\/tbody>\n<\/table>\n<h3><b data-path-to-node=\"57\" data-index-in-node=\"0\">Podsumowanie sprz\u0119tu i logistyki\u00a0<\/b><\/h3>\n<ul data-path-to-node=\"58\">\n<li>\n<p data-path-to-node=\"58,0,0\"><b data-path-to-node=\"58,0,0\" data-index-in-node=\"0\">Freedom z mo\u017cliwo\u015bci\u0105 wielokrotnego nape\u0142niania:<\/b> Nie zatrzymuj si\u0119 na 60 tys. To jest <b data-path-to-node=\"58,0,0\" data-index-in-node=\"49\">vape do uzupe\u0142niania p\u0142ynem<\/b>, Dzi\u0119ki temu sprz\u0119t mo\u017ce by\u0107 u\u017cywany znacznie d\u0142u\u017cej ni\u017c standardowy jednorazowy.<\/p>\n<\/li>\n<li>\n<p data-path-to-node=\"58,1,0\"><b data-path-to-node=\"58,1,0\" data-index-in-node=\"0\">Inteligentny wy\u015bwietlacz HD:<\/b> Zawsze nale\u017cy zna\u0107 \u017cywotno\u015b\u0107 baterii i aktualnie u\u017cywany zbiornik (A lub B).<\/p>\n<\/li>\n<li>\n<p data-path-to-node=\"58,2,0\"><b data-path-to-node=\"58,2,0\" data-index-in-node=\"0\">Podw\u00f3jny zbiornik o pojemno\u015bci 36 ml:<\/b> Najwi\u0119kszy w bran\u017cy, w po\u0142\u0105czeniu z <b data-path-to-node=\"58,2,0\" data-index-in-node=\"68\">Akumulator typu C o pojemno\u015bci 550 mAh<\/b>.<\/p>\n<\/li>\n<li>\n<p data-path-to-node=\"58,3,0\"><b data-path-to-node=\"58,3,0\" data-index-in-node=\"0\">Wysy\u0142ka z magazynu w UE:<\/b> Zam\u00f3w ju\u017c dzi\u015b i otrzymaj <b data-path-to-node=\"58,3,0\" data-index-in-node=\"52\">vape wielokrotnego nape\u0142niania<\/b> w <b data-path-to-node=\"58,3,0\" data-index-in-node=\"71\">1-3 dni robocze<\/b> w dowolnym miejscu w UE. Bez c\u0142a, bez k\u0142opot\u00f3w.<\/p>\n<\/li>\n<\/ul>\n<h3 dir=\"auto\">Oto dalsze zalecenia dla Ciebie:<\/h3>\n<p dir=\"auto\">Odkryj jeszcze wi\u0119cej niesamowitych smak\u00f3w dzi\u0119ki Puff 60k Bang 60000 Refillable Vape!<\/p>\n<p dir=\"auto\"><a href=\"https:\/\/vozolvapen.deproduct-category\/bang-vape\/puff-60k-bang-60000-refillable-vape\" target=\"_blank\" rel=\"noopener noreferrer nofollow\">Zobacz wszystkie odmiany tutaj \u2192<\/a><\/p>\n<p dir=\"auto\">Zapoznaj si\u0119 z nasz\u0105 pe\u0142n\u0105 kolekcj\u0105 i kupuj produkty najlepszych marek vape, kt\u00f3re pokochasz.<\/p>\n<p dir=\"auto\"><a href=\"https:\/\/vozolvapen.de\/pl\/\" target=\"_blank\" rel=\"noopener noreferrer nofollow\">Przegl\u0105daj teraz wszystkie marki \u2192<\/a><\/p>\n<p dir=\"auto\">Sprawd\u017a ca\u0142\u0105 seri\u0119 Bang Vape - ka\u017cdy smak, ka\u017cdy styl!<\/p>\n<p dir=\"auto\"><a href=\"https:\/\/vozolvapen.de\/pl\/product-category\/bang-vape\/\" target=\"_blank\" rel=\"noopener noreferrer nofollow\">Zobacz pe\u0142n\u0105 kolekcj\u0119 Bang Vape \u2192<\/a><\/p>\n<h2 data-path-to-node=\"27\"><b data-path-to-node=\"27\" data-index-in-node=\"0\">Cz\u0119sto zadawane pytania (FAQ)<\/b><\/h2>\n<h3 data-path-to-node=\"28\"><b data-path-to-node=\"28\" data-index-in-node=\"0\">Czy Bang 60000 to rzeczywi\u015bcie waporyzator wielokrotnego nape\u0142niania?<\/b><\/h3>\n<p data-path-to-node=\"29\">Tak. Zbiornik jest wst\u0119pnie nape\u0142niony 36 ml najwy\u017cszej jako\u015bci e-liquidu, ale jego architektura zosta\u0142a zaprojektowana tak, aby mo\u017cna go by\u0142o <b data-path-to-node=\"29\" data-index-in-node=\"102\">wielokrotnego u\u017cytku<\/b>. Umo\u017cliwia to korzystanie z urz\u0105dzenia w trybie d\u0142ugoterminowym. <b data-path-to-node=\"29\" data-index-in-node=\"163\">system pod vape<\/b> nawet po zako\u0144czeniu pocz\u0105tkowej cieczy.<\/p>\n<h3 data-path-to-node=\"30\"><b data-path-to-node=\"30\" data-index-in-node=\"0\">Jak prze\u0142\u0105cza\u0107 si\u0119 mi\u0119dzy tymi dwoma smakami?<\/b><\/h3>\n<p data-path-to-node=\"31\">Urz\u0105dzenie posiada prze\u0142\u0105cznik smaku. Wystarczy przesun\u0105\u0107, aby wybra\u0107 <b data-path-to-node=\"31\" data-index-in-node=\"67\">Tryb A<\/b> lub <b data-path-to-node=\"31\" data-index-in-node=\"77\">Tryb B<\/b> aby natychmiast zmieni\u0107 u\u017cywany zbiornik wewn\u0119trzny.<\/p>\n<h3 data-path-to-node=\"32\"><b data-path-to-node=\"32\" data-index-in-node=\"0\">Jakie poziomy nikotyny s\u0105 dost\u0119pne dla Puff 60k?<\/b><\/h3>\n<p data-path-to-node=\"33\">Dostosowujemy si\u0119 do wszystkich preferencji, oferuj\u0105c <b data-path-to-node=\"33\" data-index-in-node=\"38\">0 mg (bez nikotyny)<\/b>, <b data-path-to-node=\"33\" data-index-in-node=\"59\">20 mg (2%)<\/b>, <b data-path-to-node=\"33\" data-index-in-node=\"70\">30 mg (3%)<\/b>, oraz <b data-path-to-node=\"33\" data-index-in-node=\"85\">50 mg (5%)<\/b> opcje.<\/p>\n<h3 data-path-to-node=\"34\"><b data-path-to-node=\"34\" data-index-in-node=\"0\">Jak mog\u0119 na\u0142adowa\u0107 Bang 60000?<\/b><\/h3>\n<p data-path-to-node=\"35\">Urz\u0105dzenie wykorzystuje standard <b data-path-to-node=\"35\" data-index-in-node=\"27\">Port \u0142adowania typu C<\/b> umieszczony w dolnej cz\u0119\u015bci. Bateria o pojemno\u015bci 550 mAh obs\u0142uguje szybkie \u0142adowanie, aby zminimalizowa\u0107 przestoje.<\/p>","protected":false},"excerpt":{"rendered":"<p>Eksplozja le\u015bnych jag\u00f3d! Prze\u0142\u0105czaj mi\u0119dzy \u017cywym <b data-path-to-node=\"11,2,0\" data-index-in-node=\"76\">Owoce mieszane<\/b> koktajl i ostry <b data-path-to-node=\"11,2,0\" data-index-in-node=\"109\">Triple Berry<\/b> cios. To <b data-path-to-node=\"11,2,0\" data-index-in-node=\"134\">crystal vape<\/b> zawiera <b data-path-to-node=\"11,2,0\" data-index-in-node=\"158\">Zbiornik o pojemno\u015bci 36 ml<\/b> i inteligentne monitorowanie, dzi\u0119ki czemu jest to najlepsze urz\u0105dzenie o wysokiej wydajno\u015bci <b data-path-to-node=\"11,2,0\" data-index-in-node=\"232\">system pod vape<\/b>.<\/p>","protected":false},"featured_media":62655,"comment_status":"open","ping_status":"closed","template":"","meta":{"_acf_changed":false},"product_brand":[],"product_cat":[120],"product_tag":[],"class_list":{"0":"post-62222","1":"product","2":"type-product","3":"status-publish","4":"has-post-thumbnail","6":"product_cat-puff-60k-bang-60000-refillable-vape","8":"first","9":"instock","10":"shipping-taxable","11":"purchasable","12":"product-type-variable"},"acf":[],"yoast_head":"<!-- This site is optimized with the Yoast SEO Premium plugin v26.1 (Yoast SEO v27.5) - https:\/\/yoast.com\/product\/yoast-seo-premium-wordpress\/ -->\n<title>Mixed Fruit &amp; Triple Berry Bang 60000 | 60k Puff Refillable Vape - vozolvapen<\/title>\n<meta name=\"description\" content=\"Try Bang 60000 Mixed Fruit &amp; Triple Berry. Dual-tank system, 2-in-1 flavor switch, and smart HD display. 60,000 puffs of berry-filled vapor.\" \/>\n<meta name=\"robots\" content=\"index, follow, max-snippet:-1, max-image-preview:large, max-video-preview:-1\" \/>\n<link rel=\"canonical\" href=\"https:\/\/vozolvapen.de\/pl\/product\/puff-60k-bang-60000-refillable-vape-mixed-fruit-triple-berry\/\" \/>\n<meta property=\"og:locale\" content=\"pl_PL\" \/>\n<meta property=\"og:type\" content=\"article\" \/>\n<meta property=\"og:title\" content=\"Puff 60k Bang 60000 Refillable Vape - Mixed Fruit &amp; Triple Berry\" \/>\n<meta property=\"og:description\" content=\"Try Bang 60000 Mixed Fruit &amp; Triple Berry. Dual-tank system, 2-in-1 flavor switch, and smart HD display. 60,000 puffs of berry-filled vapor.\" \/>\n<meta property=\"og:url\" content=\"https:\/\/vozolvapen.de\/pl\/product\/puff-60k-bang-60000-refillable-vape-mixed-fruit-triple-berry\/\" \/>\n<meta property=\"og:site_name\" content=\"vozolvapen\" \/>\n<meta property=\"article:modified_time\" content=\"2026-04-08T03:07:32+00:00\" \/>\n<meta property=\"og:image\" content=\"https:\/\/vozolvapen.de\/wp-content\/uploads\/2026\/01\/Puff-60k-Bang-60000-Refillable-Vape-Mixed-Fruit-Triple-Berry.webp\" \/>\n\t<meta property=\"og:image:width\" content=\"774\" \/>\n\t<meta property=\"og:image:height\" content=\"1200\" \/>\n\t<meta property=\"og:image:type\" content=\"image\/webp\" \/>\n<meta name=\"twitter:card\" content=\"summary_large_image\" \/>\n<meta name=\"twitter:label1\" content=\"Szacowany czas czytania\" \/>\n\t<meta name=\"twitter:data1\" content=\"3 minuty\" \/>\n<script type=\"application\/ld+json\" class=\"yoast-schema-graph\">{\"@context\":\"https:\\\/\\\/schema.org\",\"@graph\":[{\"@type\":\"WebPage\",\"@id\":\"https:\\\/\\\/vozolvapen.de\\\/product\\\/puff-60k-bang-60000-refillable-vape-mixed-fruit-triple-berry\\\/\",\"url\":\"https:\\\/\\\/vozolvapen.de\\\/product\\\/puff-60k-bang-60000-refillable-vape-mixed-fruit-triple-berry\\\/\",\"name\":\"Mixed Fruit & Triple Berry Bang 60000 | 60k Puff Refillable Vape - vozolvapen\",\"isPartOf\":{\"@id\":\"https:\\\/\\\/vozolvapen.de\\\/#website\"},\"primaryImageOfPage\":{\"@id\":\"https:\\\/\\\/vozolvapen.de\\\/product\\\/puff-60k-bang-60000-refillable-vape-mixed-fruit-triple-berry\\\/#primaryimage\"},\"image\":{\"@id\":\"https:\\\/\\\/vozolvapen.de\\\/product\\\/puff-60k-bang-60000-refillable-vape-mixed-fruit-triple-berry\\\/#primaryimage\"},\"thumbnailUrl\":\"https:\\\/\\\/vozolvapen.de\\\/wp-content\\\/uploads\\\/2026\\\/01\\\/Puff-60k-Bang-60000-Refillable-Vape-Mixed-Fruit-Triple-Berry.webp\",\"datePublished\":\"2026-01-19T03:57:43+00:00\",\"dateModified\":\"2026-04-08T03:07:32+00:00\",\"description\":\"Try Bang 60000 Mixed Fruit & Triple Berry. Dual-tank system, 2-in-1 flavor switch, and smart HD display. 60,000 puffs of berry-filled vapor.\",\"breadcrumb\":{\"@id\":\"https:\\\/\\\/vozolvapen.de\\\/product\\\/puff-60k-bang-60000-refillable-vape-mixed-fruit-triple-berry\\\/#breadcrumb\"},\"inLanguage\":\"pl-PL\",\"potentialAction\":[{\"@type\":\"ReadAction\",\"target\":[\"https:\\\/\\\/vozolvapen.de\\\/product\\\/puff-60k-bang-60000-refillable-vape-mixed-fruit-triple-berry\\\/\"]}]},{\"@type\":\"ImageObject\",\"inLanguage\":\"pl-PL\",\"@id\":\"https:\\\/\\\/vozolvapen.de\\\/product\\\/puff-60k-bang-60000-refillable-vape-mixed-fruit-triple-berry\\\/#primaryimage\",\"url\":\"https:\\\/\\\/vozolvapen.de\\\/wp-content\\\/uploads\\\/2026\\\/01\\\/Puff-60k-Bang-60000-Refillable-Vape-Mixed-Fruit-Triple-Berry.webp\",\"contentUrl\":\"https:\\\/\\\/vozolvapen.de\\\/wp-content\\\/uploads\\\/2026\\\/01\\\/Puff-60k-Bang-60000-Refillable-Vape-Mixed-Fruit-Triple-Berry.webp\",\"width\":774,\"height\":1200,\"caption\":\"Puff 60k Bang 60000 Refillable Vape - Mixed Fruit & Triple Berry\"},{\"@type\":\"BreadcrumbList\",\"@id\":\"https:\\\/\\\/vozolvapen.de\\\/product\\\/puff-60k-bang-60000-refillable-vape-mixed-fruit-triple-berry\\\/#breadcrumb\",\"itemListElement\":[{\"@type\":\"ListItem\",\"position\":1,\"name\":\"Home\",\"item\":\"https:\\\/\\\/vozolvapen.de\\\/de\\\/\"},{\"@type\":\"ListItem\",\"position\":2,\"name\":\"Shop\",\"item\":\"https:\\\/\\\/vozolvapen.de\\\/shop\\\/\"},{\"@type\":\"ListItem\",\"position\":3,\"name\":\"Puff 60k Bang 60000 Refillable Vape &#8211; Mixed Fruit &#038; Triple Berry\"}]},{\"@type\":\"WebSite\",\"@id\":\"https:\\\/\\\/vozolvapen.de\\\/#website\",\"url\":\"https:\\\/\\\/vozolvapen.de\\\/\",\"name\":\"vozolvapen\",\"description\":\"vozolvapen\",\"publisher\":{\"@id\":\"https:\\\/\\\/vozolvapen.de\\\/#organization\"},\"potentialAction\":[{\"@type\":\"SearchAction\",\"target\":{\"@type\":\"EntryPoint\",\"urlTemplate\":\"https:\\\/\\\/vozolvapen.de\\\/?s={search_term_string}\"},\"query-input\":{\"@type\":\"PropertyValueSpecification\",\"valueRequired\":true,\"valueName\":\"search_term_string\"}}],\"inLanguage\":\"pl-PL\"},{\"@type\":\"Organization\",\"@id\":\"https:\\\/\\\/vozolvapen.de\\\/#organization\",\"name\":\"vozolvapen\",\"url\":\"https:\\\/\\\/vozolvapen.de\\\/\",\"logo\":{\"@type\":\"ImageObject\",\"inLanguage\":\"pl-PL\",\"@id\":\"https:\\\/\\\/vozolvapen.de\\\/#\\\/schema\\\/logo\\\/image\\\/\",\"url\":\"https:\\\/\\\/vozolvapen.de\\\/wp-content\\\/uploads\\\/2025\\\/12\\\/cropped-vozovapen-logo.webp\",\"contentUrl\":\"https:\\\/\\\/vozolvapen.de\\\/wp-content\\\/uploads\\\/2025\\\/12\\\/cropped-vozovapen-logo.webp\",\"width\":470,\"height\":110,\"caption\":\"vozolvapen\"},\"image\":{\"@id\":\"https:\\\/\\\/vozolvapen.de\\\/#\\\/schema\\\/logo\\\/image\\\/\"}}]}<\/script>\n<!-- \/ Yoast SEO Premium plugin. -->","yoast_head_json":{"title":"Mixed Fruit &amp; Triple Berry Bang 60000 | 60k Puff Refillable Vape - vozolvapen","description":"Wypr\u00f3buj Bang 60000 Mixed Fruit &amp; Triple Berry. System z dwoma zbiornikami, prze\u0142\u0105cznik smak\u00f3w 2 w 1 i inteligentny wy\u015bwietlacz HD. 60 000 zaci\u0105gni\u0119\u0107 par\u0105 wype\u0142nion\u0105 jagodami.","robots":{"index":"index","follow":"follow","max-snippet":"max-snippet:-1","max-image-preview":"max-image-preview:large","max-video-preview":"max-video-preview:-1"},"canonical":"https:\/\/vozolvapen.de\/pl\/product\/puff-60k-bang-60000-refillable-vape-mixed-fruit-triple-berry\/","og_locale":"pl_PL","og_type":"article","og_title":"Puff 60k Bang 60000 Refillable Vape - Mixed Fruit & Triple Berry","og_description":"Try Bang 60000 Mixed Fruit & Triple Berry. Dual-tank system, 2-in-1 flavor switch, and smart HD display. 60,000 puffs of berry-filled vapor.","og_url":"https:\/\/vozolvapen.de\/pl\/product\/puff-60k-bang-60000-refillable-vape-mixed-fruit-triple-berry\/","og_site_name":"vozolvapen","article_modified_time":"2026-04-08T03:07:32+00:00","og_image":[{"width":774,"height":1200,"url":"https:\/\/vozolvapen.de\/wp-content\/uploads\/2026\/01\/Puff-60k-Bang-60000-Refillable-Vape-Mixed-Fruit-Triple-Berry.webp","type":"image\/webp"}],"twitter_card":"summary_large_image","twitter_misc":{"Szacowany czas czytania":"3 minuty"},"schema":{"@context":"https:\/\/schema.org","@graph":[{"@type":"WebPage","@id":"https:\/\/vozolvapen.de\/product\/puff-60k-bang-60000-refillable-vape-mixed-fruit-triple-berry\/","url":"https:\/\/vozolvapen.de\/product\/puff-60k-bang-60000-refillable-vape-mixed-fruit-triple-berry\/","name":"Mixed Fruit &amp; Triple Berry Bang 60000 | 60k Puff Refillable Vape - vozolvapen","isPartOf":{"@id":"https:\/\/vozolvapen.de\/#website"},"primaryImageOfPage":{"@id":"https:\/\/vozolvapen.de\/product\/puff-60k-bang-60000-refillable-vape-mixed-fruit-triple-berry\/#primaryimage"},"image":{"@id":"https:\/\/vozolvapen.de\/product\/puff-60k-bang-60000-refillable-vape-mixed-fruit-triple-berry\/#primaryimage"},"thumbnailUrl":"https:\/\/vozolvapen.de\/wp-content\/uploads\/2026\/01\/Puff-60k-Bang-60000-Refillable-Vape-Mixed-Fruit-Triple-Berry.webp","datePublished":"2026-01-19T03:57:43+00:00","dateModified":"2026-04-08T03:07:32+00:00","description":"Wypr\u00f3buj Bang 60000 Mixed Fruit &amp; Triple Berry. System z dwoma zbiornikami, prze\u0142\u0105cznik smak\u00f3w 2 w 1 i inteligentny wy\u015bwietlacz HD. 60 000 zaci\u0105gni\u0119\u0107 par\u0105 wype\u0142nion\u0105 jagodami.","breadcrumb":{"@id":"https:\/\/vozolvapen.de\/product\/puff-60k-bang-60000-refillable-vape-mixed-fruit-triple-berry\/#breadcrumb"},"inLanguage":"pl-PL","potentialAction":[{"@type":"ReadAction","target":["https:\/\/vozolvapen.de\/product\/puff-60k-bang-60000-refillable-vape-mixed-fruit-triple-berry\/"]}]},{"@type":"ImageObject","inLanguage":"pl-PL","@id":"https:\/\/vozolvapen.de\/product\/puff-60k-bang-60000-refillable-vape-mixed-fruit-triple-berry\/#primaryimage","url":"https:\/\/vozolvapen.de\/wp-content\/uploads\/2026\/01\/Puff-60k-Bang-60000-Refillable-Vape-Mixed-Fruit-Triple-Berry.webp","contentUrl":"https:\/\/vozolvapen.de\/wp-content\/uploads\/2026\/01\/Puff-60k-Bang-60000-Refillable-Vape-Mixed-Fruit-Triple-Berry.webp","width":774,"height":1200,"caption":"Puff 60k Bang 60000 Refillable Vape - Mixed Fruit & Triple Berry"},{"@type":"BreadcrumbList","@id":"https:\/\/vozolvapen.de\/product\/puff-60k-bang-60000-refillable-vape-mixed-fruit-triple-berry\/#breadcrumb","itemListElement":[{"@type":"ListItem","position":1,"name":"Home","item":"https:\/\/vozolvapen.de\/de\/"},{"@type":"ListItem","position":2,"name":"Shop","item":"https:\/\/vozolvapen.de\/shop\/"},{"@type":"ListItem","position":3,"name":"Puff 60k Bang 60000 Refillable Vape &#8211; Mixed Fruit &#038; Triple Berry"}]},{"@type":"WebSite","@id":"https:\/\/vozolvapen.de\/#website","url":"https:\/\/vozolvapen.de\/","name":"vozolvapen","description":"vozolvapen","publisher":{"@id":"https:\/\/vozolvapen.de\/#organization"},"potentialAction":[{"@type":"SearchAction","target":{"@type":"EntryPoint","urlTemplate":"https:\/\/vozolvapen.de\/?s={search_term_string}"},"query-input":{"@type":"PropertyValueSpecification","valueRequired":true,"valueName":"search_term_string"}}],"inLanguage":"pl-PL"},{"@type":"Organization","@id":"https:\/\/vozolvapen.de\/#organization","name":"vozolvapen","url":"https:\/\/vozolvapen.de\/","logo":{"@type":"ImageObject","inLanguage":"pl-PL","@id":"https:\/\/vozolvapen.de\/#\/schema\/logo\/image\/","url":"https:\/\/vozolvapen.de\/wp-content\/uploads\/2025\/12\/cropped-vozovapen-logo.webp","contentUrl":"https:\/\/vozolvapen.de\/wp-content\/uploads\/2025\/12\/cropped-vozovapen-logo.webp","width":470,"height":110,"caption":"vozolvapen"},"image":{"@id":"https:\/\/vozolvapen.de\/#\/schema\/logo\/image\/"}}]}},"tiered_pricing_type":"fixed","tiered_pricing_fixed_rules":{"30":"12","50":"10","100":"9","200":"8.5"},"tiered_pricing_product_settings":{"layout":"default","base_unit_name":{"singular":null,"plural":null},"default_variation":{}},"tiered_pricing_minimum_quantity":10,"tiered_pricing_roles_data":[],"tiered_pricing_percentage_rules":[],"tiered_pricing_maximum_quantity":null,"tiered_pricing_quantity_step":"10","_links":{"self":[{"href":"http:\/\/vozolvapen.de\/pl\/wp-json\/wp\/v2\/product\/62222","targetHints":{"allow":["GET"]}}],"collection":[{"href":"http:\/\/vozolvapen.de\/pl\/wp-json\/wp\/v2\/product"}],"about":[{"href":"http:\/\/vozolvapen.de\/pl\/wp-json\/wp\/v2\/types\/product"}],"replies":[{"embeddable":true,"href":"http:\/\/vozolvapen.de\/pl\/wp-json\/wp\/v2\/comments?post=62222"}],"wp:featuredmedia":[{"embeddable":true,"href":"http:\/\/vozolvapen.de\/pl\/wp-json\/wp\/v2\/media\/62655"}],"wp:attachment":[{"href":"http:\/\/vozolvapen.de\/pl\/wp-json\/wp\/v2\/media?parent=62222"}],"wp:term":[{"taxonomy":"product_brand","embeddable":true,"href":"http:\/\/vozolvapen.de\/pl\/wp-json\/wp\/v2\/product_brand?post=62222"},{"taxonomy":"product_cat","embeddable":true,"href":"http:\/\/vozolvapen.de\/pl\/wp-json\/wp\/v2\/product_cat?post=62222"},{"taxonomy":"product_tag","embeddable":true,"href":"http:\/\/vozolvapen.de\/pl\/wp-json\/wp\/v2\/product_tag?post=62222"}],"curies":[{"name":"wp","href":"https:\/\/api.w.org\/{rel}","templated":true}]}}