{"id":62275,"date":"2026-01-19T03:57:45","date_gmt":"2026-01-19T03:57:45","guid":{"rendered":"https:\/\/vozolvapen.de\/?post_type=product&#038;p=62275"},"modified":"2026-04-08T03:07:40","modified_gmt":"2026-04-08T03:07:40","slug":"puff-60k-bang-60000-refillable-vape-strawberry-ice-strawberry-banana","status":"publish","type":"product","link":"http:\/\/vozolvapen.de\/pl\/product\/puff-60k-bang-60000-refillable-vape-strawberry-ice-strawberry-banana\/","title":{"rendered":"Puff 60k Bang 60000 Vape do wielokrotnego nape\u0142niania - Strawberry Ice &amp; Strawberry Banana"},"content":{"rendered":"<h1 data-path-to-node=\"27\">Puff 60k Bang 60000 Vape do wielokrotnego nape\u0142niania - Strawberry Ice &amp; Strawberry Banana<\/h1>\n<h2 data-path-to-node=\"28\"><b data-path-to-node=\"28\" data-index-in-node=\"0\">Zmiana tekstury: od arktycznego mrozu do kremowego deseru<\/b><\/h2>\n<p data-path-to-node=\"29\">The <b data-path-to-node=\"29\" data-index-in-node=\"4\">Puff 60k Bang 60000 Strawberry Ice &amp; Strawberry Banana<\/b> podkre\u015bla wszechstronno\u015b\u0107 <b data-path-to-node=\"29\" data-index-in-node=\"93\">Prze\u0142\u0105cznik smaku 2 w 1<\/b>. To urz\u0105dzenie umo\u017cliwia zmian\u0119 <i data-path-to-node=\"29\" data-index-in-node=\"152\">tekstura<\/i> Waporyzacji, przechodz\u0105c od cienkiej, lodowatej pary do g\u0119stego, kremowego posmaku w ustach.<\/p>\n<h3 data-path-to-node=\"30\"><b data-path-to-node=\"30\" data-index-in-node=\"0\">Spos\u00f3b A: Sch\u0142odzona truskawka ogrodowa<\/b><\/h3>\n<p data-path-to-node=\"30\">W trybie A chodzi o \u201cpstrykni\u0119cie\u201d. Wyobra\u017a sobie mro\u017con\u0105 truskawk\u0119 zanurzon\u0105 w cukrze. Jest lekki, orze\u017awiaj\u0105cy i charakteryzuje si\u0119 znacznym efektem ch\u0142odzenia na wydechu, kt\u00f3ry jest idealny do u\u017cytku na zewn\u0105trz lub w ciep\u0142e dni.<\/p>\n<h3 data-path-to-node=\"31\"><b data-path-to-node=\"31\" data-index-in-node=\"0\">Spos\u00f3b B: Klasyczne truskawkowo-bananowe smoothie<\/b><\/h3>\n<p data-path-to-node=\"31\">Przestaw prze\u0142\u0105cznik na tryb B, aby uzyska\u0107 ca\u0142kowit\u0105 transformacj\u0119. Dodatek dojrza\u0142ego banana tworzy efekt \u201ckoktajlu mlecznego\u201d. Para jest g\u0119stsza i bardziej kremowa, zapewniaj\u0105c komfortowe doznania deserowe, kt\u00f3re idealnie pasuj\u0105 do fili\u017canki kawy lub relaksuj\u0105cego wieczoru.<\/p>\n<h2 data-path-to-node=\"18\"><b class=\"\" data-path-to-node=\"18\" data-index-in-node=\"0\">Dla kogo to jest?<\/b><\/h2>\n<ul data-path-to-node=\"19\">\n<li>\n<p data-path-to-node=\"19,0,0\"><b class=\"\" data-path-to-node=\"19,0,0\" data-index-in-node=\"0\">Vaper \u201cod dnia do nocy\u201d:<\/b><span class=\"\"> Idealny dla kogo\u015b, kto chce orze\u017awiaj\u0105cego lodowego hitu do pracy (tryb A) i kremowego deseru bananowego na wiecz\u00f3r (tryb B).<\/span><\/p>\n<\/li>\n<li>\n<p data-path-to-node=\"19,1,0\"><b class=\"\" data-path-to-node=\"19,1,0\" data-index-in-node=\"0\">Fani smoothie:<\/b><span class=\"\"> Ka\u017cdy, kto lubi grube,<\/span><span class=\"\"> mleczny smak klasycznego owocowego smoothie.<\/span><\/p>\n<\/li>\n<li>\n<p data-path-to-node=\"19,2,0\"><b class=\"\" data-path-to-node=\"19,2,0\" data-index-in-node=\"0\">U\u017cytkownicy dbaj\u0105cy o \u015brodowisko:<\/b><span class=\"\"> The <\/span><b class=\"\" data-path-to-node=\"19,2,0\" data-index-in-node=\"25\">vape wielokrotnego nape\u0142niania<\/b><span class=\"\"> oznacza zmniejszenie ilo\u015bci odpad\u00f3w w por\u00f3wnaniu ze standardowymi jednoraz\u00f3wkami.<\/span><\/p>\n<\/li>\n<\/ul>\n<h2 data-path-to-node=\"10\"><b data-path-to-node=\"10\" data-index-in-node=\"0\">Podzia\u0142 techniczny i oceny<\/b><\/h2>\n<table data-path-to-node=\"19\">\n<thead>\n<tr>\n<td><strong>Metryka wydajno\u015bci<\/strong><\/td>\n<td><strong>Ocena \/ specyfikacja techniczna<\/strong><\/td>\n<\/tr>\n<\/thead>\n<tbody>\n<tr>\n<td><span data-path-to-node=\"19,1,0,0\"><b data-path-to-node=\"19,1,0,0\" data-index-in-node=\"0\">S\u0142odycz<\/b><\/span><\/td>\n<td><span data-path-to-node=\"19,1,1,0\">\u2605\u2605\u2605\u2605\u2606 (Jedwabista s\u0142odycz deseru)<\/span><\/td>\n<\/tr>\n<tr>\n<td><span data-path-to-node=\"19,2,0,0\"><b data-path-to-node=\"19,2,0,0\" data-index-in-node=\"0\">Efekt ch\u0142odzenia<\/b><\/span><\/td>\n<td><span data-path-to-node=\"19,2,1,0\">\u2605\u2605\u2605\u2606\u2606 (Tryb A Wysoki \/ Tryb B Niski)<\/span><\/td>\n<\/tr>\n<tr>\n<td><span data-path-to-node=\"19,3,0,0\"><b data-path-to-node=\"19,3,0,0\" data-index-in-node=\"0\">Intensywno\u015b\u0107 smaku<\/b><\/span><\/td>\n<td><span data-path-to-node=\"19,3,1,0\">\u2605\u2605\u2605\u2605\u2606 (Smoothie-like mouthfeel)<\/span><\/td>\n<\/tr>\n<tr>\n<td><span data-path-to-node=\"19,4,0,0\"><b data-path-to-node=\"19,4,0,0\" data-index-in-node=\"0\">Aromat<\/b><\/span><\/td>\n<td><span data-path-to-node=\"19,4,1,0\">\u2605\u2605\u2605\u2605\u2606 (Dojrza\u0142y banan i jagoda ogrodowa)<\/span><\/td>\n<\/tr>\n<tr>\n<td><span data-path-to-node=\"19,5,0,0\"><b data-path-to-node=\"19,5,0,0\" data-index-in-node=\"0\">\u017bywotno\u015b\u0107 baterii<\/b><\/span><\/td>\n<td><span data-path-to-node=\"19,5,1,0\">Wysokowydajne ogniwo kobaltowe 550mAh<\/span><\/td>\n<\/tr>\n<tr>\n<td><span data-path-to-node=\"19,6,0,0\"><b data-path-to-node=\"19,6,0,0\" data-index-in-node=\"0\">Poziom nikotyny<\/b><\/span><\/td>\n<td><span data-path-to-node=\"19,6,1,0\">0% \/ 2% \/ 3% \/ 5% S\u0142ona nikotyna<\/span><\/td>\n<\/tr>\n<\/tbody>\n<\/table>\n<h3><b data-path-to-node=\"57\" data-index-in-node=\"0\">Podsumowanie sprz\u0119tu i logistyki\u00a0<\/b><\/h3>\n<ul data-path-to-node=\"58\">\n<li>\n<p data-path-to-node=\"58,0,0\"><b data-path-to-node=\"58,0,0\" data-index-in-node=\"0\">Freedom z mo\u017cliwo\u015bci\u0105 wielokrotnego nape\u0142niania:<\/b> Nie zatrzymuj si\u0119 na 60 tys. To jest <b data-path-to-node=\"58,0,0\" data-index-in-node=\"49\">vape do uzupe\u0142niania p\u0142ynem<\/b>, Dzi\u0119ki temu sprz\u0119t mo\u017ce by\u0107 u\u017cywany znacznie d\u0142u\u017cej ni\u017c standardowy jednorazowy.<\/p>\n<\/li>\n<li>\n<p data-path-to-node=\"58,1,0\"><b data-path-to-node=\"58,1,0\" data-index-in-node=\"0\">Inteligentny wy\u015bwietlacz HD:<\/b> Zawsze nale\u017cy zna\u0107 \u017cywotno\u015b\u0107 baterii i aktualnie u\u017cywany zbiornik (A lub B).<\/p>\n<\/li>\n<li>\n<p data-path-to-node=\"58,2,0\"><b data-path-to-node=\"58,2,0\" data-index-in-node=\"0\">Podw\u00f3jny zbiornik o pojemno\u015bci 36 ml:<\/b> Najwi\u0119kszy w bran\u017cy, w po\u0142\u0105czeniu z <b data-path-to-node=\"58,2,0\" data-index-in-node=\"68\">Akumulator typu C o pojemno\u015bci 550 mAh<\/b>.<\/p>\n<\/li>\n<li>\n<p data-path-to-node=\"58,3,0\"><b data-path-to-node=\"58,3,0\" data-index-in-node=\"0\">Wysy\u0142ka z magazynu w UE:<\/b> Zam\u00f3w ju\u017c dzi\u015b i otrzymaj <b data-path-to-node=\"58,3,0\" data-index-in-node=\"52\">vape wielokrotnego nape\u0142niania<\/b> w <b data-path-to-node=\"58,3,0\" data-index-in-node=\"71\">1-3 dni robocze<\/b> w dowolnym miejscu w UE. Bez c\u0142a, bez k\u0142opot\u00f3w.<\/p>\n<\/li>\n<\/ul>\n<h3 dir=\"auto\">Oto dalsze zalecenia dla Ciebie:<\/h3>\n<p dir=\"auto\">Odkryj jeszcze wi\u0119cej niesamowitych smak\u00f3w dzi\u0119ki Puff 60k Bang 60000 Refillable Vape!<\/p>\n<p dir=\"auto\"><a href=\"https:\/\/vozolvapen.deproduct-category\/bang-vape\/puff-60k-bang-60000-refillable-vape\" target=\"_blank\" rel=\"noopener noreferrer nofollow\">Zobacz wszystkie odmiany tutaj \u2192<\/a><\/p>\n<p dir=\"auto\">Zapoznaj si\u0119 z nasz\u0105 pe\u0142n\u0105 kolekcj\u0105 i kupuj produkty najlepszych marek vape, kt\u00f3re pokochasz.<\/p>\n<p dir=\"auto\"><a href=\"https:\/\/vozolvapen.de\/pl\/\" target=\"_blank\" rel=\"noopener noreferrer nofollow\">Przegl\u0105daj teraz wszystkie marki \u2192<\/a><\/p>\n<p dir=\"auto\">Sprawd\u017a ca\u0142\u0105 seri\u0119 Bang Vape - ka\u017cdy smak, ka\u017cdy styl!<\/p>\n<p dir=\"auto\"><a href=\"https:\/\/vozolvapen.de\/pl\/product-category\/bang-vape\/\" target=\"_blank\" rel=\"noopener noreferrer nofollow\">Zobacz pe\u0142n\u0105 kolekcj\u0119 Bang Vape \u2192<\/a><\/p>\n<h2 data-path-to-node=\"27\"><b data-path-to-node=\"27\" data-index-in-node=\"0\">Cz\u0119sto zadawane pytania (FAQ)<\/b><\/h2>\n<h3 data-path-to-node=\"28\"><b data-path-to-node=\"28\" data-index-in-node=\"0\">Czy Bang 60000 to rzeczywi\u015bcie waporyzator wielokrotnego nape\u0142niania?<\/b><\/h3>\n<p data-path-to-node=\"29\">Tak. Zbiornik jest wst\u0119pnie nape\u0142niony 36 ml najwy\u017cszej jako\u015bci e-liquidu, ale jego architektura zosta\u0142a zaprojektowana tak, aby mo\u017cna go by\u0142o <b data-path-to-node=\"29\" data-index-in-node=\"102\">wielokrotnego u\u017cytku<\/b>. Umo\u017cliwia to korzystanie z urz\u0105dzenia w trybie d\u0142ugoterminowym. <b data-path-to-node=\"29\" data-index-in-node=\"163\">system pod vape<\/b> nawet po zako\u0144czeniu pocz\u0105tkowej cieczy.<\/p>\n<h3 data-path-to-node=\"30\"><b data-path-to-node=\"30\" data-index-in-node=\"0\">Jak prze\u0142\u0105cza\u0107 si\u0119 mi\u0119dzy tymi dwoma smakami?<\/b><\/h3>\n<p data-path-to-node=\"31\">Urz\u0105dzenie posiada prze\u0142\u0105cznik smaku. Wystarczy przesun\u0105\u0107, aby wybra\u0107 <b data-path-to-node=\"31\" data-index-in-node=\"67\">Tryb A<\/b> lub <b data-path-to-node=\"31\" data-index-in-node=\"77\">Tryb B<\/b> aby natychmiast zmieni\u0107 u\u017cywany zbiornik wewn\u0119trzny.<\/p>\n<h3 data-path-to-node=\"32\"><b data-path-to-node=\"32\" data-index-in-node=\"0\">Jakie poziomy nikotyny s\u0105 dost\u0119pne dla Puff 60k?<\/b><\/h3>\n<p data-path-to-node=\"33\">Dostosowujemy si\u0119 do wszystkich preferencji, oferuj\u0105c <b data-path-to-node=\"33\" data-index-in-node=\"38\">0 mg (bez nikotyny)<\/b>, <b data-path-to-node=\"33\" data-index-in-node=\"59\">20 mg (2%)<\/b>, <b data-path-to-node=\"33\" data-index-in-node=\"70\">30 mg (3%)<\/b>, oraz <b data-path-to-node=\"33\" data-index-in-node=\"85\">50 mg (5%)<\/b> opcje.<\/p>\n<h3 data-path-to-node=\"34\"><b data-path-to-node=\"34\" data-index-in-node=\"0\">Jak mog\u0119 na\u0142adowa\u0107 Bang 60000?<\/b><\/h3>\n<p data-path-to-node=\"35\">Urz\u0105dzenie wykorzystuje standard <b data-path-to-node=\"35\" data-index-in-node=\"27\">Port \u0142adowania typu C<\/b> umieszczony w dolnej cz\u0119\u015bci. Bateria o pojemno\u015bci 550 mAh obs\u0142uguje szybkie \u0142adowanie, aby zminimalizowa\u0107 przestoje.<\/p>","protected":false},"excerpt":{"rendered":"<p>Od arktycznego mrozu po kremowy deser. Prze\u0142\u0105czanie mi\u0119dzy <b data-path-to-node=\"13,2,0\" data-index-in-node=\"71\">L\u00f3d truskawkowy<\/b> oraz <b data-path-to-node=\"13,2,0\" data-index-in-node=\"90\">Banan truskawkowy<\/b> z \u0142atwo\u015bci\u0105. Wszechstronny <b data-path-to-node=\"13,2,0\" data-index-in-node=\"131\">Waporyzator 2 w 1 do wielokrotnego nape\u0142niania<\/b> wyposa\u017cony w akumulator o pojemno\u015bci 550 mAh i ekran o wysokiej rozdzielczo\u015bci do aktualizacji statusu w czasie rzeczywistym.<\/p>","protected":false},"featured_media":62657,"comment_status":"open","ping_status":"closed","template":"","meta":{"_acf_changed":false},"product_brand":[],"product_cat":[120],"product_tag":[],"class_list":{"0":"post-62275","1":"product","2":"type-product","3":"status-publish","4":"has-post-thumbnail","6":"product_cat-puff-60k-bang-60000-refillable-vape","8":"first","9":"instock","10":"shipping-taxable","11":"purchasable","12":"product-type-variable"},"acf":[],"yoast_head":"<!-- This site is optimized with the Yoast SEO Premium plugin v26.1 (Yoast SEO v27.5) - https:\/\/yoast.com\/product\/yoast-seo-premium-wordpress\/ -->\n<title>Strawberry Ice &amp; Strawberry Banana Bang 60000 | 2-in-1 60k Vape - vozolvapen<\/title>\n<meta name=\"description\" content=\"Bang 60000 Strawberry Ice &amp; Strawberry Banana. 60k puffs, 36ml capacity, refillable, smart display. Fast 1-3 day shipping from EU warehouse.\" \/>\n<meta name=\"robots\" content=\"index, follow, max-snippet:-1, max-image-preview:large, max-video-preview:-1\" \/>\n<link rel=\"canonical\" href=\"https:\/\/vozolvapen.de\/pl\/product\/puff-60k-bang-60000-refillable-vape-strawberry-ice-strawberry-banana\/\" \/>\n<meta property=\"og:locale\" content=\"pl_PL\" \/>\n<meta property=\"og:type\" content=\"article\" \/>\n<meta property=\"og:title\" content=\"Puff 60k Bang 60000 Refillable Vape - Strawberry Ice &amp; Strawberry Banana\" \/>\n<meta property=\"og:description\" content=\"Bang 60000 Strawberry Ice &amp; Strawberry Banana. 60k puffs, 36ml capacity, refillable, smart display. Fast 1-3 day shipping from EU warehouse.\" \/>\n<meta property=\"og:url\" content=\"https:\/\/vozolvapen.de\/pl\/product\/puff-60k-bang-60000-refillable-vape-strawberry-ice-strawberry-banana\/\" \/>\n<meta property=\"og:site_name\" content=\"vozolvapen\" \/>\n<meta property=\"article:modified_time\" content=\"2026-04-08T03:07:40+00:00\" \/>\n<meta property=\"og:image\" content=\"https:\/\/vozolvapen.de\/wp-content\/uploads\/2026\/01\/Puff-60k-Bang-60000-Refillable-Vape-Strawberry-Ice-Strawberry-Banana.webp\" \/>\n\t<meta property=\"og:image:width\" content=\"774\" \/>\n\t<meta property=\"og:image:height\" content=\"1200\" \/>\n\t<meta property=\"og:image:type\" content=\"image\/webp\" \/>\n<meta name=\"twitter:card\" content=\"summary_large_image\" \/>\n<meta name=\"twitter:label1\" content=\"Szacowany czas czytania\" \/>\n\t<meta name=\"twitter:data1\" content=\"3 minuty\" \/>\n<script type=\"application\/ld+json\" class=\"yoast-schema-graph\">{\"@context\":\"https:\\\/\\\/schema.org\",\"@graph\":[{\"@type\":\"WebPage\",\"@id\":\"https:\\\/\\\/vozolvapen.de\\\/product\\\/puff-60k-bang-60000-refillable-vape-strawberry-ice-strawberry-banana\\\/\",\"url\":\"https:\\\/\\\/vozolvapen.de\\\/product\\\/puff-60k-bang-60000-refillable-vape-strawberry-ice-strawberry-banana\\\/\",\"name\":\"Strawberry Ice & Strawberry Banana Bang 60000 | 2-in-1 60k Vape - vozolvapen\",\"isPartOf\":{\"@id\":\"https:\\\/\\\/vozolvapen.de\\\/#website\"},\"primaryImageOfPage\":{\"@id\":\"https:\\\/\\\/vozolvapen.de\\\/product\\\/puff-60k-bang-60000-refillable-vape-strawberry-ice-strawberry-banana\\\/#primaryimage\"},\"image\":{\"@id\":\"https:\\\/\\\/vozolvapen.de\\\/product\\\/puff-60k-bang-60000-refillable-vape-strawberry-ice-strawberry-banana\\\/#primaryimage\"},\"thumbnailUrl\":\"https:\\\/\\\/vozolvapen.de\\\/wp-content\\\/uploads\\\/2026\\\/01\\\/Puff-60k-Bang-60000-Refillable-Vape-Strawberry-Ice-Strawberry-Banana.webp\",\"datePublished\":\"2026-01-19T03:57:45+00:00\",\"dateModified\":\"2026-04-08T03:07:40+00:00\",\"description\":\"Bang 60000 Strawberry Ice & Strawberry Banana. 60k puffs, 36ml capacity, refillable, smart display. Fast 1-3 day shipping from EU warehouse.\",\"breadcrumb\":{\"@id\":\"https:\\\/\\\/vozolvapen.de\\\/product\\\/puff-60k-bang-60000-refillable-vape-strawberry-ice-strawberry-banana\\\/#breadcrumb\"},\"inLanguage\":\"pl-PL\",\"potentialAction\":[{\"@type\":\"ReadAction\",\"target\":[\"https:\\\/\\\/vozolvapen.de\\\/product\\\/puff-60k-bang-60000-refillable-vape-strawberry-ice-strawberry-banana\\\/\"]}]},{\"@type\":\"ImageObject\",\"inLanguage\":\"pl-PL\",\"@id\":\"https:\\\/\\\/vozolvapen.de\\\/product\\\/puff-60k-bang-60000-refillable-vape-strawberry-ice-strawberry-banana\\\/#primaryimage\",\"url\":\"https:\\\/\\\/vozolvapen.de\\\/wp-content\\\/uploads\\\/2026\\\/01\\\/Puff-60k-Bang-60000-Refillable-Vape-Strawberry-Ice-Strawberry-Banana.webp\",\"contentUrl\":\"https:\\\/\\\/vozolvapen.de\\\/wp-content\\\/uploads\\\/2026\\\/01\\\/Puff-60k-Bang-60000-Refillable-Vape-Strawberry-Ice-Strawberry-Banana.webp\",\"width\":774,\"height\":1200,\"caption\":\"Puff 60k Bang 60000 Refillable Vape - Strawberry Ice & Strawberry Banana\"},{\"@type\":\"BreadcrumbList\",\"@id\":\"https:\\\/\\\/vozolvapen.de\\\/product\\\/puff-60k-bang-60000-refillable-vape-strawberry-ice-strawberry-banana\\\/#breadcrumb\",\"itemListElement\":[{\"@type\":\"ListItem\",\"position\":1,\"name\":\"Home\",\"item\":\"https:\\\/\\\/vozolvapen.de\\\/de\\\/\"},{\"@type\":\"ListItem\",\"position\":2,\"name\":\"Shop\",\"item\":\"https:\\\/\\\/vozolvapen.de\\\/shop\\\/\"},{\"@type\":\"ListItem\",\"position\":3,\"name\":\"Puff 60k Bang 60000 Refillable Vape &#8211; Strawberry Ice &#038; Strawberry Banana\"}]},{\"@type\":\"WebSite\",\"@id\":\"https:\\\/\\\/vozolvapen.de\\\/#website\",\"url\":\"https:\\\/\\\/vozolvapen.de\\\/\",\"name\":\"vozolvapen\",\"description\":\"vozolvapen\",\"publisher\":{\"@id\":\"https:\\\/\\\/vozolvapen.de\\\/#organization\"},\"potentialAction\":[{\"@type\":\"SearchAction\",\"target\":{\"@type\":\"EntryPoint\",\"urlTemplate\":\"https:\\\/\\\/vozolvapen.de\\\/?s={search_term_string}\"},\"query-input\":{\"@type\":\"PropertyValueSpecification\",\"valueRequired\":true,\"valueName\":\"search_term_string\"}}],\"inLanguage\":\"pl-PL\"},{\"@type\":\"Organization\",\"@id\":\"https:\\\/\\\/vozolvapen.de\\\/#organization\",\"name\":\"vozolvapen\",\"url\":\"https:\\\/\\\/vozolvapen.de\\\/\",\"logo\":{\"@type\":\"ImageObject\",\"inLanguage\":\"pl-PL\",\"@id\":\"https:\\\/\\\/vozolvapen.de\\\/#\\\/schema\\\/logo\\\/image\\\/\",\"url\":\"https:\\\/\\\/vozolvapen.de\\\/wp-content\\\/uploads\\\/2025\\\/12\\\/cropped-vozovapen-logo.webp\",\"contentUrl\":\"https:\\\/\\\/vozolvapen.de\\\/wp-content\\\/uploads\\\/2025\\\/12\\\/cropped-vozovapen-logo.webp\",\"width\":470,\"height\":110,\"caption\":\"vozolvapen\"},\"image\":{\"@id\":\"https:\\\/\\\/vozolvapen.de\\\/#\\\/schema\\\/logo\\\/image\\\/\"}}]}<\/script>\n<!-- \/ Yoast SEO Premium plugin. -->","yoast_head_json":{"title":"Strawberry Ice &amp; Strawberry Banana Bang 60000 | 2-w-1 60k Vape - vozolvapen","description":"Bang 60000 Strawberry Ice &amp; Strawberry Banana. 60 tys. zaci\u0105gni\u0119\u0107, pojemno\u015b\u0107 36 ml, mo\u017cliwo\u015b\u0107 wielokrotnego nape\u0142niania, inteligentny wy\u015bwietlacz. Szybka wysy\u0142ka w ci\u0105gu 1-3 dni z magazynu w UE.","robots":{"index":"index","follow":"follow","max-snippet":"max-snippet:-1","max-image-preview":"max-image-preview:large","max-video-preview":"max-video-preview:-1"},"canonical":"https:\/\/vozolvapen.de\/pl\/product\/puff-60k-bang-60000-refillable-vape-strawberry-ice-strawberry-banana\/","og_locale":"pl_PL","og_type":"article","og_title":"Puff 60k Bang 60000 Refillable Vape - Strawberry Ice & Strawberry Banana","og_description":"Bang 60000 Strawberry Ice & Strawberry Banana. 60k puffs, 36ml capacity, refillable, smart display. Fast 1-3 day shipping from EU warehouse.","og_url":"https:\/\/vozolvapen.de\/pl\/product\/puff-60k-bang-60000-refillable-vape-strawberry-ice-strawberry-banana\/","og_site_name":"vozolvapen","article_modified_time":"2026-04-08T03:07:40+00:00","og_image":[{"width":774,"height":1200,"url":"https:\/\/vozolvapen.de\/wp-content\/uploads\/2026\/01\/Puff-60k-Bang-60000-Refillable-Vape-Strawberry-Ice-Strawberry-Banana.webp","type":"image\/webp"}],"twitter_card":"summary_large_image","twitter_misc":{"Szacowany czas czytania":"3 minuty"},"schema":{"@context":"https:\/\/schema.org","@graph":[{"@type":"WebPage","@id":"https:\/\/vozolvapen.de\/product\/puff-60k-bang-60000-refillable-vape-strawberry-ice-strawberry-banana\/","url":"https:\/\/vozolvapen.de\/product\/puff-60k-bang-60000-refillable-vape-strawberry-ice-strawberry-banana\/","name":"Strawberry Ice &amp; Strawberry Banana Bang 60000 | 2-w-1 60k Vape - vozolvapen","isPartOf":{"@id":"https:\/\/vozolvapen.de\/#website"},"primaryImageOfPage":{"@id":"https:\/\/vozolvapen.de\/product\/puff-60k-bang-60000-refillable-vape-strawberry-ice-strawberry-banana\/#primaryimage"},"image":{"@id":"https:\/\/vozolvapen.de\/product\/puff-60k-bang-60000-refillable-vape-strawberry-ice-strawberry-banana\/#primaryimage"},"thumbnailUrl":"https:\/\/vozolvapen.de\/wp-content\/uploads\/2026\/01\/Puff-60k-Bang-60000-Refillable-Vape-Strawberry-Ice-Strawberry-Banana.webp","datePublished":"2026-01-19T03:57:45+00:00","dateModified":"2026-04-08T03:07:40+00:00","description":"Bang 60000 Strawberry Ice &amp; Strawberry Banana. 60 tys. zaci\u0105gni\u0119\u0107, pojemno\u015b\u0107 36 ml, mo\u017cliwo\u015b\u0107 wielokrotnego nape\u0142niania, inteligentny wy\u015bwietlacz. Szybka wysy\u0142ka w ci\u0105gu 1-3 dni z magazynu w UE.","breadcrumb":{"@id":"https:\/\/vozolvapen.de\/product\/puff-60k-bang-60000-refillable-vape-strawberry-ice-strawberry-banana\/#breadcrumb"},"inLanguage":"pl-PL","potentialAction":[{"@type":"ReadAction","target":["https:\/\/vozolvapen.de\/product\/puff-60k-bang-60000-refillable-vape-strawberry-ice-strawberry-banana\/"]}]},{"@type":"ImageObject","inLanguage":"pl-PL","@id":"https:\/\/vozolvapen.de\/product\/puff-60k-bang-60000-refillable-vape-strawberry-ice-strawberry-banana\/#primaryimage","url":"https:\/\/vozolvapen.de\/wp-content\/uploads\/2026\/01\/Puff-60k-Bang-60000-Refillable-Vape-Strawberry-Ice-Strawberry-Banana.webp","contentUrl":"https:\/\/vozolvapen.de\/wp-content\/uploads\/2026\/01\/Puff-60k-Bang-60000-Refillable-Vape-Strawberry-Ice-Strawberry-Banana.webp","width":774,"height":1200,"caption":"Puff 60k Bang 60000 Refillable Vape - Strawberry Ice & Strawberry Banana"},{"@type":"BreadcrumbList","@id":"https:\/\/vozolvapen.de\/product\/puff-60k-bang-60000-refillable-vape-strawberry-ice-strawberry-banana\/#breadcrumb","itemListElement":[{"@type":"ListItem","position":1,"name":"Home","item":"https:\/\/vozolvapen.de\/de\/"},{"@type":"ListItem","position":2,"name":"Shop","item":"https:\/\/vozolvapen.de\/shop\/"},{"@type":"ListItem","position":3,"name":"Puff 60k Bang 60000 Refillable Vape &#8211; Strawberry Ice &#038; Strawberry Banana"}]},{"@type":"WebSite","@id":"https:\/\/vozolvapen.de\/#website","url":"https:\/\/vozolvapen.de\/","name":"vozolvapen","description":"vozolvapen","publisher":{"@id":"https:\/\/vozolvapen.de\/#organization"},"potentialAction":[{"@type":"SearchAction","target":{"@type":"EntryPoint","urlTemplate":"https:\/\/vozolvapen.de\/?s={search_term_string}"},"query-input":{"@type":"PropertyValueSpecification","valueRequired":true,"valueName":"search_term_string"}}],"inLanguage":"pl-PL"},{"@type":"Organization","@id":"https:\/\/vozolvapen.de\/#organization","name":"vozolvapen","url":"https:\/\/vozolvapen.de\/","logo":{"@type":"ImageObject","inLanguage":"pl-PL","@id":"https:\/\/vozolvapen.de\/#\/schema\/logo\/image\/","url":"https:\/\/vozolvapen.de\/wp-content\/uploads\/2025\/12\/cropped-vozovapen-logo.webp","contentUrl":"https:\/\/vozolvapen.de\/wp-content\/uploads\/2025\/12\/cropped-vozovapen-logo.webp","width":470,"height":110,"caption":"vozolvapen"},"image":{"@id":"https:\/\/vozolvapen.de\/#\/schema\/logo\/image\/"}}]}},"tiered_pricing_type":"fixed","tiered_pricing_fixed_rules":{"30":"12","50":"10","100":"9","200":"8.5"},"tiered_pricing_product_settings":{"layout":"default","base_unit_name":{"singular":null,"plural":null},"default_variation":{}},"tiered_pricing_minimum_quantity":10,"tiered_pricing_roles_data":[],"tiered_pricing_percentage_rules":[],"tiered_pricing_maximum_quantity":null,"tiered_pricing_quantity_step":"10","_links":{"self":[{"href":"http:\/\/vozolvapen.de\/pl\/wp-json\/wp\/v2\/product\/62275","targetHints":{"allow":["GET"]}}],"collection":[{"href":"http:\/\/vozolvapen.de\/pl\/wp-json\/wp\/v2\/product"}],"about":[{"href":"http:\/\/vozolvapen.de\/pl\/wp-json\/wp\/v2\/types\/product"}],"replies":[{"embeddable":true,"href":"http:\/\/vozolvapen.de\/pl\/wp-json\/wp\/v2\/comments?post=62275"}],"wp:featuredmedia":[{"embeddable":true,"href":"http:\/\/vozolvapen.de\/pl\/wp-json\/wp\/v2\/media\/62657"}],"wp:attachment":[{"href":"http:\/\/vozolvapen.de\/pl\/wp-json\/wp\/v2\/media?parent=62275"}],"wp:term":[{"taxonomy":"product_brand","embeddable":true,"href":"http:\/\/vozolvapen.de\/pl\/wp-json\/wp\/v2\/product_brand?post=62275"},{"taxonomy":"product_cat","embeddable":true,"href":"http:\/\/vozolvapen.de\/pl\/wp-json\/wp\/v2\/product_cat?post=62275"},{"taxonomy":"product_tag","embeddable":true,"href":"http:\/\/vozolvapen.de\/pl\/wp-json\/wp\/v2\/product_tag?post=62275"}],"curies":[{"name":"wp","href":"https:\/\/api.w.org\/{rel}","templated":true}]}}