{"id":62381,"date":"2026-01-19T03:57:50","date_gmt":"2026-01-19T03:57:50","guid":{"rendered":"https:\/\/vozolvapen.de\/?post_type=product&#038;p=62381"},"modified":"2026-04-08T03:07:52","modified_gmt":"2026-04-08T03:07:52","slug":"puff-60k-bang-60000-refillable-vape-watermelon-cherry-cherry-coke","status":"publish","type":"product","link":"http:\/\/vozolvapen.de\/pl\/product\/puff-60k-bang-60000-refillable-vape-watermelon-cherry-cherry-coke\/","title":{"rendered":"Puff 60k Bang 60000 Vape do wielokrotnego nape\u0142niania - Watermelon Cherry &amp; Cherry Coke"},"content":{"rendered":"<h1 data-path-to-node=\"13\">Puff 60k Bang 60000 Vape do wielokrotnego nape\u0142niania - Watermelon Cherry &amp; Cherry Coke<\/h1>\n<h2 data-path-to-node=\"14\"><b data-path-to-node=\"14\" data-index-in-node=\"0\">Nostalgia spotyka si\u0119 z innowacj\u0105: Owoce i napoje gazowane w jednym urz\u0105dzeniu<\/b><\/h2>\n<p data-path-to-node=\"15\">The <b data-path-to-node=\"15\" data-index-in-node=\"4\">Bang 60000 Watermelon Cherry &amp; Cherry Coke<\/b> zosta\u0142 zaprojektowany dla \u017c\u0105dnych przyg\u00f3d waper\u00f3w. \u0141\u0105cz\u0105c klasyczn\u0105 mieszank\u0119 owoc\u00f3w z profilem napoju musuj\u0105cego, ten <b data-path-to-node=\"15\" data-index-in-node=\"162\">60k vape<\/b> oferuje wra\u017cenia sensoryczne, kt\u00f3re zmieniaj\u0105 si\u0119 wraz z nastrojem u\u017cytkownika. The <b data-path-to-node=\"15\" data-index-in-node=\"232\">Futurystyczne gradientowe wyko\u0144czenie<\/b> i kryszta\u0142owa skorupa sprawiaj\u0105, \u017ce wygl\u0105da tak odwa\u017cnie, jak smakuje.<\/p>\n<h3 data-path-to-node=\"16\"><b data-path-to-node=\"16\" data-index-in-node=\"0\">Tryb A: Arbuzowy kwiat wi\u015bni<\/b><\/h3>\n<p data-path-to-node=\"16\">Mode A zapewnia wyrafinowane po\u0142\u0105czenie. Lekka, zwiewna s\u0142odycz arbuza stanowi kanw\u0119 dla g\u0142\u0119bokich, lekko cierpkich nut czarnej wi\u015bni. Jest to wyrafinowany, ca\u0142odzienny smak, kt\u00f3ry jest aromatyczny, ale nie przyt\u0142aczaj\u0105cy.<\/p>\n<h3 data-path-to-node=\"17\"><b data-path-to-node=\"17\" data-index-in-node=\"0\">Spos\u00f3b B: Kultowy Cherry Coke Fizz<\/b><\/h3>\n<p data-path-to-node=\"17\">Prze\u0142\u0105cz si\u0119 na tryb B, aby odblokowa\u0107 nostalgiczn\u0105 wycieczk\u0119 do fontanny z napojami gazowanymi. Nasz zaawansowany <b data-path-to-node=\"17\" data-index-in-node=\"115\">Technologia Mesh Coil<\/b> odtwarza \u201cmusuj\u0105ce\u201d uczucie musuj\u0105cej coli, zako\u0144czone ostrym wi\u015bniowym posmakiem. Jest musuj\u0105cy, s\u0142odki i niesamowicie satysfakcjonuj\u0105cy.<\/p>\n<h2 data-path-to-node=\"18\"><b data-path-to-node=\"18\" data-index-in-node=\"0\">Zaawansowana in\u017cynieria dla nowoczesnego wapera<\/b><\/h2>\n<ul data-path-to-node=\"19\">\n<li>\n<p data-path-to-node=\"19,0,0\"><b data-path-to-node=\"19,0,0\" data-index-in-node=\"0\">1,0\u03a9 Precyzja siatki:<\/b> Specjalnie dostrojony, aby zapobiec \u201czm\u0119czeniu smakiem\u201d, siatkowy element grzewczy zapewnia, \u017ce \u201cmusowanie\u201d wi\u015bniowej coli i \u201csok\u201d arbuza pozostaj\u0105 wyra\u017ane i nigdy si\u0119 nie zamulaj\u0105.<\/p>\n<\/li>\n<li>\n<p data-path-to-node=\"19,1,0\"><b data-path-to-node=\"19,1,0\" data-index-in-node=\"0\">Szybkie \u0142adowanie typu C:<\/b> Nie pozw\u00f3l, aby roz\u0142adowana bateria przerwa\u0142a Twoj\u0105 sesj\u0119. Bateria o pojemno\u015bci 550 mAh \u0142aduje si\u0119 w ci\u0105gu kilku minut, zapewniaj\u0105c <b data-path-to-node=\"19,1,0\" data-index-in-node=\"120\">crystal vape<\/b> gotowy do dzia\u0142ania.<\/p>\n<\/li>\n<li>\n<p data-path-to-node=\"19,2,0\"><b data-path-to-node=\"19,2,0\" data-index-in-node=\"0\">Wszechstronno\u015b\u0107 2 w 1:<\/b> Przesta\u0144 nosi\u0107 ze sob\u0105 dwa urz\u0105dzenia. Niezale\u017cnie od tego, czy masz ochot\u0119 na owoce, czy nap\u00f3j gazowany, Bang 60000 obs\u0142u\u017cy to wszystko w jednej kompaktowej obudowie.<\/p>\n<\/li>\n<\/ul>\n<h3 data-path-to-node=\"20\"><b data-path-to-node=\"20\" data-index-in-node=\"0\">Dla kogo to jest?<\/b><\/h3>\n<ul data-path-to-node=\"21\">\n<li>\n<p data-path-to-node=\"21,0,0\"><b data-path-to-node=\"21,0,0\" data-index-in-node=\"0\">The Soda Enthusiast:<\/b> Je\u015bli uwielbiasz waporyzacj\u0119 o smaku napoj\u00f3w, tryb Cherry Coke jest najlepszym rozwi\u0105zaniem.<\/p>\n<\/li>\n<li>\n<p data-path-to-node=\"21,1,0\"><b data-path-to-node=\"21,1,0\" data-index-in-node=\"0\">Poszukiwacz warto\u015bci:<\/b> Przy <b data-path-to-node=\"21,1,0\" data-index-in-node=\"21\">60 000 zaci\u0105gni\u0119\u0107<\/b>, Stosunek ceny do jako\u015bci jest bezkonkurencyjny, szczeg\u00f3lnie w przypadku <b data-path-to-node=\"21,1,0\" data-index-in-node=\"92\">vape wielokrotnego nape\u0142niania<\/b> system.<\/p>\n<\/li>\n<li>\n<p data-path-to-node=\"21,2,0\"><b data-path-to-node=\"21,2,0\" data-index-in-node=\"0\">Klienci z UE:<\/b> Wysy\u0142ane bezpo\u015brednio z naszego <b data-path-to-node=\"21,2,0\" data-index-in-node=\"40\">Magazyn europejski<\/b>, Spodziewaj si\u0119 urz\u0105dzenia w ci\u0105gu 1-3 dni - bez odprawy celnej, bez d\u0142ugiego oczekiwania.<\/p>\n<\/li>\n<\/ul>\n<h2 data-path-to-node=\"10\"><b data-path-to-node=\"10\" data-index-in-node=\"0\">Podzia\u0142 techniczny i oceny<\/b><\/h2>\n<table data-path-to-node=\"25\">\n<thead>\n<tr>\n<td><strong>Metryka wydajno\u015bci<\/strong><\/td>\n<td><strong>Ocena \/ specyfikacja techniczna<\/strong><\/td>\n<\/tr>\n<\/thead>\n<tbody>\n<tr>\n<td><span data-path-to-node=\"25,1,0,0\"><b data-path-to-node=\"25,1,0,0\" data-index-in-node=\"0\">S\u0142odycz<\/b><\/span><\/td>\n<td><span data-path-to-node=\"25,1,1,0\">\u2605\u2605\u2605\u2605\u2605 (s\u0142odycze i napoje gazowane)<\/span><\/td>\n<\/tr>\n<tr>\n<td><span data-path-to-node=\"25,2,0,0\"><b data-path-to-node=\"25,2,0,0\" data-index-in-node=\"0\">Efekt ch\u0142odzenia<\/b><\/span><\/td>\n<td><span data-path-to-node=\"25,2,1,0\">\u2605\u2605\u2605\u2606\u2606 (symulowany gazowany nap\u00f3j gazowany)<\/span><\/td>\n<\/tr>\n<tr>\n<td><span data-path-to-node=\"25,3,0,0\"><b data-path-to-node=\"25,3,0,0\" data-index-in-node=\"0\">Intensywno\u015b\u0107 smaku<\/b><\/span><\/td>\n<td><span data-path-to-node=\"25,3,1,0\">\u2605\u2605\u2605\u2605\u2605 (wysoka replikacja coli)<\/span><\/td>\n<\/tr>\n<tr>\n<td><span data-path-to-node=\"25,4,0,0\"><b data-path-to-node=\"25,4,0,0\" data-index-in-node=\"0\">Aromat<\/b><\/span><\/td>\n<td><span data-path-to-node=\"25,4,1,0\">\u2605\u2605\u2605\u2605\u2605 (kultowy zapach wi\u015bniowo-sodowy)<\/span><\/td>\n<\/tr>\n<tr>\n<td><span data-path-to-node=\"25,5,0,0\"><b data-path-to-node=\"25,5,0,0\" data-index-in-node=\"0\">Estetyka<\/b><\/span><\/td>\n<td><span data-path-to-node=\"25,5,1,0\">Futurystyczne wyko\u0144czenie w \u017cywym gradiencie<\/span><\/td>\n<\/tr>\n<tr>\n<td><span data-path-to-node=\"25,6,0,0\"><b data-path-to-node=\"25,6,0,0\" data-index-in-node=\"0\">Profil u\u017cytkownika<\/b><\/span><\/td>\n<td><span data-path-to-node=\"25,6,1,0\">Najlepsze dla fan\u00f3w napoj\u00f3w i s\u0142odyczy<\/span><\/td>\n<\/tr>\n<\/tbody>\n<\/table>\n<h3><b data-path-to-node=\"57\" data-index-in-node=\"0\">Podsumowanie sprz\u0119tu i logistyki\u00a0<\/b><\/h3>\n<ul data-path-to-node=\"58\">\n<li>\n<p data-path-to-node=\"58,0,0\"><b data-path-to-node=\"58,0,0\" data-index-in-node=\"0\">Freedom z mo\u017cliwo\u015bci\u0105 wielokrotnego nape\u0142niania:<\/b> Nie zatrzymuj si\u0119 na 60 tys. To jest <b data-path-to-node=\"58,0,0\" data-index-in-node=\"49\">vape do uzupe\u0142niania p\u0142ynem<\/b>, Dzi\u0119ki temu sprz\u0119t mo\u017ce by\u0107 u\u017cywany znacznie d\u0142u\u017cej ni\u017c standardowy jednorazowy.<\/p>\n<\/li>\n<li>\n<p data-path-to-node=\"58,1,0\"><b data-path-to-node=\"58,1,0\" data-index-in-node=\"0\">Inteligentny wy\u015bwietlacz HD:<\/b> Zawsze nale\u017cy zna\u0107 \u017cywotno\u015b\u0107 baterii i aktualnie u\u017cywany zbiornik (A lub B).<\/p>\n<\/li>\n<li>\n<p data-path-to-node=\"58,2,0\"><b data-path-to-node=\"58,2,0\" data-index-in-node=\"0\">Podw\u00f3jny zbiornik o pojemno\u015bci 36 ml:<\/b> Najwi\u0119kszy w bran\u017cy, w po\u0142\u0105czeniu z <b data-path-to-node=\"58,2,0\" data-index-in-node=\"68\">Akumulator typu C o pojemno\u015bci 550 mAh<\/b>.<\/p>\n<\/li>\n<li>\n<p data-path-to-node=\"58,3,0\"><b data-path-to-node=\"58,3,0\" data-index-in-node=\"0\">Wysy\u0142ka z magazynu w UE:<\/b> Zam\u00f3w ju\u017c dzi\u015b i otrzymaj <b data-path-to-node=\"58,3,0\" data-index-in-node=\"52\">vape wielokrotnego nape\u0142niania<\/b> w <b data-path-to-node=\"58,3,0\" data-index-in-node=\"71\">1-3 dni robocze<\/b> w dowolnym miejscu w UE. Bez c\u0142a, bez k\u0142opot\u00f3w.<\/p>\n<\/li>\n<\/ul>\n<h3 dir=\"auto\">Oto dalsze zalecenia dla Ciebie:<\/h3>\n<p dir=\"auto\">Odkryj jeszcze wi\u0119cej niesamowitych smak\u00f3w dzi\u0119ki Puff 60k Bang 60000 Refillable Vape!<\/p>\n<p dir=\"auto\"><a href=\"https:\/\/vozolvapen.deproduct-category\/bang-vape\/puff-60k-bang-60000-refillable-vape\" target=\"_blank\" rel=\"noopener noreferrer nofollow\">Zobacz wszystkie odmiany tutaj \u2192<\/a><\/p>\n<p dir=\"auto\">Zapoznaj si\u0119 z nasz\u0105 pe\u0142n\u0105 kolekcj\u0105 i kupuj produkty najlepszych marek vape, kt\u00f3re pokochasz.<\/p>\n<p dir=\"auto\"><a href=\"https:\/\/vozolvapen.de\/pl\/\" target=\"_blank\" rel=\"noopener noreferrer nofollow\">Przegl\u0105daj teraz wszystkie marki \u2192<\/a><\/p>\n<p dir=\"auto\">Sprawd\u017a ca\u0142\u0105 seri\u0119 Bang Vape - ka\u017cdy smak, ka\u017cdy styl!<\/p>\n<p dir=\"auto\"><a href=\"https:\/\/vozolvapen.de\/pl\/product-category\/bang-vape\/\" target=\"_blank\" rel=\"noopener noreferrer nofollow\">Zobacz pe\u0142n\u0105 kolekcj\u0119 Bang Vape \u2192<\/a><\/p>\n<h2 data-path-to-node=\"27\"><b data-path-to-node=\"27\" data-index-in-node=\"0\">Cz\u0119sto zadawane pytania (FAQ)<\/b><\/h2>\n<h3 data-path-to-node=\"28\"><b data-path-to-node=\"28\" data-index-in-node=\"0\">Czy Bang 60000 to rzeczywi\u015bcie waporyzator wielokrotnego nape\u0142niania?<\/b><\/h3>\n<p data-path-to-node=\"29\">Tak. Zbiornik jest wst\u0119pnie nape\u0142niony 36 ml najwy\u017cszej jako\u015bci e-liquidu, ale jego architektura zosta\u0142a zaprojektowana tak, aby mo\u017cna go by\u0142o <b data-path-to-node=\"29\" data-index-in-node=\"102\">wielokrotnego u\u017cytku<\/b>. Umo\u017cliwia to korzystanie z urz\u0105dzenia w trybie d\u0142ugoterminowym. <b data-path-to-node=\"29\" data-index-in-node=\"163\">system pod vape<\/b> nawet po zako\u0144czeniu pocz\u0105tkowej cieczy.<\/p>\n<h3 data-path-to-node=\"30\"><b data-path-to-node=\"30\" data-index-in-node=\"0\">Jak prze\u0142\u0105cza\u0107 si\u0119 mi\u0119dzy tymi dwoma smakami?<\/b><\/h3>\n<p data-path-to-node=\"31\">Urz\u0105dzenie posiada prze\u0142\u0105cznik smaku. Wystarczy przesun\u0105\u0107, aby wybra\u0107 <b data-path-to-node=\"31\" data-index-in-node=\"67\">Tryb A<\/b> lub <b data-path-to-node=\"31\" data-index-in-node=\"77\">Tryb B<\/b> aby natychmiast zmieni\u0107 u\u017cywany zbiornik wewn\u0119trzny.<\/p>\n<h3 data-path-to-node=\"32\"><b data-path-to-node=\"32\" data-index-in-node=\"0\">Jakie poziomy nikotyny s\u0105 dost\u0119pne dla Puff 60k?<\/b><\/h3>\n<p data-path-to-node=\"33\">Dostosowujemy si\u0119 do wszystkich preferencji, oferuj\u0105c <b data-path-to-node=\"33\" data-index-in-node=\"38\">0 mg (bez nikotyny)<\/b>, <b data-path-to-node=\"33\" data-index-in-node=\"59\">20 mg (2%)<\/b>, <b data-path-to-node=\"33\" data-index-in-node=\"70\">30 mg (3%)<\/b>, oraz <b data-path-to-node=\"33\" data-index-in-node=\"85\">50 mg (5%)<\/b> opcje.<\/p>\n<h3 data-path-to-node=\"34\"><b data-path-to-node=\"34\" data-index-in-node=\"0\">Jak mog\u0119 na\u0142adowa\u0107 Bang 60000?<\/b><\/h3>\n<p data-path-to-node=\"35\">Urz\u0105dzenie wykorzystuje standard <b data-path-to-node=\"35\" data-index-in-node=\"27\">Port \u0142adowania typu C<\/b> umieszczony w dolnej cz\u0119\u015bci. Bateria o pojemno\u015bci 550 mAh obs\u0142uguje szybkie \u0142adowanie, aby zminimalizowa\u0107 przestoje.<\/p>","protected":false},"excerpt":{"rendered":"<p>Owoce spotykaj\u0105 si\u0119 z musem! Ciesz si\u0119 s\u0142odycz\u0105 <b data-path-to-node=\"17,2,0\" data-index-in-node=\"49\">Arbuz Wi\u015bnia<\/b> lub nostalgiczny pop <b data-path-to-node=\"17,2,0\" data-index-in-node=\"91\">Wi\u015bniowa cola<\/b>. To <b data-path-to-node=\"17,2,0\" data-index-in-node=\"109\">60k puff crystal vape<\/b> posiada unikalny przezroczysty podw\u00f3jny zbiornik i inteligentny interfejs u\u017cytkownika, idealny dla tych, kt\u00f3rzy kochaj\u0105 r\u00f3\u017cnorodno\u015b\u0107 i d\u0142ugotrwa\u0142\u0105 warto\u015b\u0107.<\/p>","protected":false},"featured_media":62661,"comment_status":"open","ping_status":"closed","template":"","meta":{"_acf_changed":false},"product_brand":[],"product_cat":[120],"product_tag":[],"class_list":{"0":"post-62381","1":"product","2":"type-product","3":"status-publish","4":"has-post-thumbnail","6":"product_cat-puff-60k-bang-60000-refillable-vape","8":"first","9":"instock","10":"shipping-taxable","11":"purchasable","12":"product-type-variable"},"acf":[],"yoast_head":"<!-- This site is optimized with the Yoast SEO Premium plugin v26.1 (Yoast SEO v27.5) - https:\/\/yoast.com\/product\/yoast-seo-premium-wordpress\/ -->\n<title>Watermelon Cherry &amp; Cherry Coke Bang 60000 | 2-in-1 60k Puffs - vozolvapen<\/title>\n<meta name=\"description\" content=\"Bang 60000 Watermelon Cherry &amp; Cherry Coke. Experience fizzy soda and sweet fruit in one 60k puff device. 36ml refillable capacity. EU Stock.\" \/>\n<meta name=\"robots\" content=\"index, follow, max-snippet:-1, max-image-preview:large, max-video-preview:-1\" \/>\n<link rel=\"canonical\" href=\"https:\/\/vozolvapen.de\/pl\/product\/puff-60k-bang-60000-refillable-vape-watermelon-cherry-cherry-coke\/\" \/>\n<meta property=\"og:locale\" content=\"pl_PL\" \/>\n<meta property=\"og:type\" content=\"article\" \/>\n<meta property=\"og:title\" content=\"Puff 60k Bang 60000 Refillable Vape - Watermelon Cherry &amp; Cherry Coke\" \/>\n<meta property=\"og:description\" content=\"Bang 60000 Watermelon Cherry &amp; Cherry Coke. Experience fizzy soda and sweet fruit in one 60k puff device. 36ml refillable capacity. EU Stock.\" \/>\n<meta property=\"og:url\" content=\"https:\/\/vozolvapen.de\/pl\/product\/puff-60k-bang-60000-refillable-vape-watermelon-cherry-cherry-coke\/\" \/>\n<meta property=\"og:site_name\" content=\"vozolvapen\" \/>\n<meta property=\"article:modified_time\" content=\"2026-04-08T03:07:52+00:00\" \/>\n<meta property=\"og:image\" content=\"https:\/\/vozolvapen.de\/wp-content\/uploads\/2026\/01\/Puff-60k-Bang-60000-Refillable-Vape-Watermelon-Cherry-Cherry-Coke.webp\" \/>\n\t<meta property=\"og:image:width\" content=\"774\" \/>\n\t<meta property=\"og:image:height\" content=\"1200\" \/>\n\t<meta property=\"og:image:type\" content=\"image\/webp\" \/>\n<meta name=\"twitter:card\" content=\"summary_large_image\" \/>\n<meta name=\"twitter:label1\" content=\"Szacowany czas czytania\" \/>\n\t<meta name=\"twitter:data1\" content=\"3 minuty\" \/>\n<script type=\"application\/ld+json\" class=\"yoast-schema-graph\">{\"@context\":\"https:\\\/\\\/schema.org\",\"@graph\":[{\"@type\":\"WebPage\",\"@id\":\"https:\\\/\\\/vozolvapen.de\\\/product\\\/puff-60k-bang-60000-refillable-vape-watermelon-cherry-cherry-coke\\\/\",\"url\":\"https:\\\/\\\/vozolvapen.de\\\/product\\\/puff-60k-bang-60000-refillable-vape-watermelon-cherry-cherry-coke\\\/\",\"name\":\"Watermelon Cherry & Cherry Coke Bang 60000 | 2-in-1 60k Puffs - vozolvapen\",\"isPartOf\":{\"@id\":\"https:\\\/\\\/vozolvapen.de\\\/#website\"},\"primaryImageOfPage\":{\"@id\":\"https:\\\/\\\/vozolvapen.de\\\/product\\\/puff-60k-bang-60000-refillable-vape-watermelon-cherry-cherry-coke\\\/#primaryimage\"},\"image\":{\"@id\":\"https:\\\/\\\/vozolvapen.de\\\/product\\\/puff-60k-bang-60000-refillable-vape-watermelon-cherry-cherry-coke\\\/#primaryimage\"},\"thumbnailUrl\":\"https:\\\/\\\/vozolvapen.de\\\/wp-content\\\/uploads\\\/2026\\\/01\\\/Puff-60k-Bang-60000-Refillable-Vape-Watermelon-Cherry-Cherry-Coke.webp\",\"datePublished\":\"2026-01-19T03:57:50+00:00\",\"dateModified\":\"2026-04-08T03:07:52+00:00\",\"description\":\"Bang 60000 Watermelon Cherry & Cherry Coke. Experience fizzy soda and sweet fruit in one 60k puff device. 36ml refillable capacity. EU Stock.\",\"breadcrumb\":{\"@id\":\"https:\\\/\\\/vozolvapen.de\\\/product\\\/puff-60k-bang-60000-refillable-vape-watermelon-cherry-cherry-coke\\\/#breadcrumb\"},\"inLanguage\":\"pl-PL\",\"potentialAction\":[{\"@type\":\"ReadAction\",\"target\":[\"https:\\\/\\\/vozolvapen.de\\\/product\\\/puff-60k-bang-60000-refillable-vape-watermelon-cherry-cherry-coke\\\/\"]}]},{\"@type\":\"ImageObject\",\"inLanguage\":\"pl-PL\",\"@id\":\"https:\\\/\\\/vozolvapen.de\\\/product\\\/puff-60k-bang-60000-refillable-vape-watermelon-cherry-cherry-coke\\\/#primaryimage\",\"url\":\"https:\\\/\\\/vozolvapen.de\\\/wp-content\\\/uploads\\\/2026\\\/01\\\/Puff-60k-Bang-60000-Refillable-Vape-Watermelon-Cherry-Cherry-Coke.webp\",\"contentUrl\":\"https:\\\/\\\/vozolvapen.de\\\/wp-content\\\/uploads\\\/2026\\\/01\\\/Puff-60k-Bang-60000-Refillable-Vape-Watermelon-Cherry-Cherry-Coke.webp\",\"width\":774,\"height\":1200,\"caption\":\"Puff 60k Bang 60000 Refillable Vape - Watermelon Cherry & Cherry Coke\"},{\"@type\":\"BreadcrumbList\",\"@id\":\"https:\\\/\\\/vozolvapen.de\\\/product\\\/puff-60k-bang-60000-refillable-vape-watermelon-cherry-cherry-coke\\\/#breadcrumb\",\"itemListElement\":[{\"@type\":\"ListItem\",\"position\":1,\"name\":\"Home\",\"item\":\"https:\\\/\\\/vozolvapen.de\\\/de\\\/\"},{\"@type\":\"ListItem\",\"position\":2,\"name\":\"Shop\",\"item\":\"https:\\\/\\\/vozolvapen.de\\\/shop\\\/\"},{\"@type\":\"ListItem\",\"position\":3,\"name\":\"Puff 60k Bang 60000 Refillable Vape &#8211; Watermelon Cherry &#038; Cherry Coke\"}]},{\"@type\":\"WebSite\",\"@id\":\"https:\\\/\\\/vozolvapen.de\\\/#website\",\"url\":\"https:\\\/\\\/vozolvapen.de\\\/\",\"name\":\"vozolvapen\",\"description\":\"vozolvapen\",\"publisher\":{\"@id\":\"https:\\\/\\\/vozolvapen.de\\\/#organization\"},\"potentialAction\":[{\"@type\":\"SearchAction\",\"target\":{\"@type\":\"EntryPoint\",\"urlTemplate\":\"https:\\\/\\\/vozolvapen.de\\\/?s={search_term_string}\"},\"query-input\":{\"@type\":\"PropertyValueSpecification\",\"valueRequired\":true,\"valueName\":\"search_term_string\"}}],\"inLanguage\":\"pl-PL\"},{\"@type\":\"Organization\",\"@id\":\"https:\\\/\\\/vozolvapen.de\\\/#organization\",\"name\":\"vozolvapen\",\"url\":\"https:\\\/\\\/vozolvapen.de\\\/\",\"logo\":{\"@type\":\"ImageObject\",\"inLanguage\":\"pl-PL\",\"@id\":\"https:\\\/\\\/vozolvapen.de\\\/#\\\/schema\\\/logo\\\/image\\\/\",\"url\":\"https:\\\/\\\/vozolvapen.de\\\/wp-content\\\/uploads\\\/2025\\\/12\\\/cropped-vozovapen-logo.webp\",\"contentUrl\":\"https:\\\/\\\/vozolvapen.de\\\/wp-content\\\/uploads\\\/2025\\\/12\\\/cropped-vozovapen-logo.webp\",\"width\":470,\"height\":110,\"caption\":\"vozolvapen\"},\"image\":{\"@id\":\"https:\\\/\\\/vozolvapen.de\\\/#\\\/schema\\\/logo\\\/image\\\/\"}}]}<\/script>\n<!-- \/ Yoast SEO Premium plugin. -->","yoast_head_json":{"title":"Watermelon Cherry &amp; Cherry Coke Bang 60000 | 2 w 1 60k Puff\u00f3w - vozolvapen","description":"Bang 60000 Watermelon Cherry &amp; Cherry Coke. Gazowany nap\u00f3j i s\u0142odkie owoce w jednym urz\u0105dzeniu z 60 tys. zaci\u0105gni\u0119\u0107. Pojemno\u015b\u0107 36 ml do wielokrotnego nape\u0142niania. Dost\u0119pny w UE.","robots":{"index":"index","follow":"follow","max-snippet":"max-snippet:-1","max-image-preview":"max-image-preview:large","max-video-preview":"max-video-preview:-1"},"canonical":"https:\/\/vozolvapen.de\/pl\/product\/puff-60k-bang-60000-refillable-vape-watermelon-cherry-cherry-coke\/","og_locale":"pl_PL","og_type":"article","og_title":"Puff 60k Bang 60000 Refillable Vape - Watermelon Cherry & Cherry Coke","og_description":"Bang 60000 Watermelon Cherry & Cherry Coke. Experience fizzy soda and sweet fruit in one 60k puff device. 36ml refillable capacity. EU Stock.","og_url":"https:\/\/vozolvapen.de\/pl\/product\/puff-60k-bang-60000-refillable-vape-watermelon-cherry-cherry-coke\/","og_site_name":"vozolvapen","article_modified_time":"2026-04-08T03:07:52+00:00","og_image":[{"width":774,"height":1200,"url":"https:\/\/vozolvapen.de\/wp-content\/uploads\/2026\/01\/Puff-60k-Bang-60000-Refillable-Vape-Watermelon-Cherry-Cherry-Coke.webp","type":"image\/webp"}],"twitter_card":"summary_large_image","twitter_misc":{"Szacowany czas czytania":"3 minuty"},"schema":{"@context":"https:\/\/schema.org","@graph":[{"@type":"WebPage","@id":"https:\/\/vozolvapen.de\/product\/puff-60k-bang-60000-refillable-vape-watermelon-cherry-cherry-coke\/","url":"https:\/\/vozolvapen.de\/product\/puff-60k-bang-60000-refillable-vape-watermelon-cherry-cherry-coke\/","name":"Watermelon Cherry &amp; Cherry Coke Bang 60000 | 2 w 1 60k Puff\u00f3w - vozolvapen","isPartOf":{"@id":"https:\/\/vozolvapen.de\/#website"},"primaryImageOfPage":{"@id":"https:\/\/vozolvapen.de\/product\/puff-60k-bang-60000-refillable-vape-watermelon-cherry-cherry-coke\/#primaryimage"},"image":{"@id":"https:\/\/vozolvapen.de\/product\/puff-60k-bang-60000-refillable-vape-watermelon-cherry-cherry-coke\/#primaryimage"},"thumbnailUrl":"https:\/\/vozolvapen.de\/wp-content\/uploads\/2026\/01\/Puff-60k-Bang-60000-Refillable-Vape-Watermelon-Cherry-Cherry-Coke.webp","datePublished":"2026-01-19T03:57:50+00:00","dateModified":"2026-04-08T03:07:52+00:00","description":"Bang 60000 Watermelon Cherry &amp; Cherry Coke. Gazowany nap\u00f3j i s\u0142odkie owoce w jednym urz\u0105dzeniu z 60 tys. zaci\u0105gni\u0119\u0107. Pojemno\u015b\u0107 36 ml do wielokrotnego nape\u0142niania. Dost\u0119pny w UE.","breadcrumb":{"@id":"https:\/\/vozolvapen.de\/product\/puff-60k-bang-60000-refillable-vape-watermelon-cherry-cherry-coke\/#breadcrumb"},"inLanguage":"pl-PL","potentialAction":[{"@type":"ReadAction","target":["https:\/\/vozolvapen.de\/product\/puff-60k-bang-60000-refillable-vape-watermelon-cherry-cherry-coke\/"]}]},{"@type":"ImageObject","inLanguage":"pl-PL","@id":"https:\/\/vozolvapen.de\/product\/puff-60k-bang-60000-refillable-vape-watermelon-cherry-cherry-coke\/#primaryimage","url":"https:\/\/vozolvapen.de\/wp-content\/uploads\/2026\/01\/Puff-60k-Bang-60000-Refillable-Vape-Watermelon-Cherry-Cherry-Coke.webp","contentUrl":"https:\/\/vozolvapen.de\/wp-content\/uploads\/2026\/01\/Puff-60k-Bang-60000-Refillable-Vape-Watermelon-Cherry-Cherry-Coke.webp","width":774,"height":1200,"caption":"Puff 60k Bang 60000 Refillable Vape - Watermelon Cherry & Cherry Coke"},{"@type":"BreadcrumbList","@id":"https:\/\/vozolvapen.de\/product\/puff-60k-bang-60000-refillable-vape-watermelon-cherry-cherry-coke\/#breadcrumb","itemListElement":[{"@type":"ListItem","position":1,"name":"Home","item":"https:\/\/vozolvapen.de\/de\/"},{"@type":"ListItem","position":2,"name":"Shop","item":"https:\/\/vozolvapen.de\/shop\/"},{"@type":"ListItem","position":3,"name":"Puff 60k Bang 60000 Refillable Vape &#8211; Watermelon Cherry &#038; Cherry Coke"}]},{"@type":"WebSite","@id":"https:\/\/vozolvapen.de\/#website","url":"https:\/\/vozolvapen.de\/","name":"vozolvapen","description":"vozolvapen","publisher":{"@id":"https:\/\/vozolvapen.de\/#organization"},"potentialAction":[{"@type":"SearchAction","target":{"@type":"EntryPoint","urlTemplate":"https:\/\/vozolvapen.de\/?s={search_term_string}"},"query-input":{"@type":"PropertyValueSpecification","valueRequired":true,"valueName":"search_term_string"}}],"inLanguage":"pl-PL"},{"@type":"Organization","@id":"https:\/\/vozolvapen.de\/#organization","name":"vozolvapen","url":"https:\/\/vozolvapen.de\/","logo":{"@type":"ImageObject","inLanguage":"pl-PL","@id":"https:\/\/vozolvapen.de\/#\/schema\/logo\/image\/","url":"https:\/\/vozolvapen.de\/wp-content\/uploads\/2025\/12\/cropped-vozovapen-logo.webp","contentUrl":"https:\/\/vozolvapen.de\/wp-content\/uploads\/2025\/12\/cropped-vozovapen-logo.webp","width":470,"height":110,"caption":"vozolvapen"},"image":{"@id":"https:\/\/vozolvapen.de\/#\/schema\/logo\/image\/"}}]}},"tiered_pricing_type":"fixed","tiered_pricing_fixed_rules":{"30":"12","50":"10","100":"9","200":"8.5"},"tiered_pricing_product_settings":{"layout":"default","base_unit_name":{"singular":null,"plural":null},"default_variation":{}},"tiered_pricing_minimum_quantity":10,"tiered_pricing_roles_data":[],"tiered_pricing_percentage_rules":[],"tiered_pricing_maximum_quantity":null,"tiered_pricing_quantity_step":"10","_links":{"self":[{"href":"http:\/\/vozolvapen.de\/pl\/wp-json\/wp\/v2\/product\/62381","targetHints":{"allow":["GET"]}}],"collection":[{"href":"http:\/\/vozolvapen.de\/pl\/wp-json\/wp\/v2\/product"}],"about":[{"href":"http:\/\/vozolvapen.de\/pl\/wp-json\/wp\/v2\/types\/product"}],"replies":[{"embeddable":true,"href":"http:\/\/vozolvapen.de\/pl\/wp-json\/wp\/v2\/comments?post=62381"}],"wp:featuredmedia":[{"embeddable":true,"href":"http:\/\/vozolvapen.de\/pl\/wp-json\/wp\/v2\/media\/62661"}],"wp:attachment":[{"href":"http:\/\/vozolvapen.de\/pl\/wp-json\/wp\/v2\/media?parent=62381"}],"wp:term":[{"taxonomy":"product_brand","embeddable":true,"href":"http:\/\/vozolvapen.de\/pl\/wp-json\/wp\/v2\/product_brand?post=62381"},{"taxonomy":"product_cat","embeddable":true,"href":"http:\/\/vozolvapen.de\/pl\/wp-json\/wp\/v2\/product_cat?post=62381"},{"taxonomy":"product_tag","embeddable":true,"href":"http:\/\/vozolvapen.de\/pl\/wp-json\/wp\/v2\/product_tag?post=62381"}],"curies":[{"name":"wp","href":"https:\/\/api.w.org\/{rel}","templated":true}]}}