{"id":62434,"date":"2026-01-19T03:57:52","date_gmt":"2026-01-19T03:57:52","guid":{"rendered":"https:\/\/vozolvapen.de\/?post_type=product&#038;p=62434"},"modified":"2026-04-08T03:07:59","modified_gmt":"2026-04-08T03:07:59","slug":"puff-60k-bang-60000-refillable-vape-blueberry-ice-blueberry-mint","status":"publish","type":"product","link":"http:\/\/vozolvapen.de\/pl\/product\/puff-60k-bang-60000-refillable-vape-blueberry-ice-blueberry-mint\/","title":{"rendered":"Puff 60k Bang 60000 Vape do wielokrotnego nape\u0142niania - Blueberry Ice i Blueberry Mint"},"content":{"rendered":"<h1 data-path-to-node=\"39\">Puff 60k Bang 60000 Vape do wielokrotnego nape\u0142niania - Blueberry Ice i Blueberry Mint<\/h1>\n<h2 data-path-to-node=\"40\"><b data-path-to-node=\"40\" data-index-in-node=\"0\">Najlepszy \u015brodek do czyszczenia podniebienia: specjalista od \u015bwie\u017co\u015bci<\/b><\/h2>\n<p data-path-to-node=\"41\">Dla waper\u00f3w, kt\u00f3rzy nie znosz\u0105 \u201czm\u0119czenia cukrem\u201d <b data-path-to-node=\"41\" data-index-in-node=\"45\">Bang 60000 Blueberry Ice &amp; Blueberry Mint<\/b> oferuje wyrafinowan\u0105, niskos\u0142odzon\u0105 alternatyw\u0119. To <b data-path-to-node=\"41\" data-index-in-node=\"143\">crystal vape<\/b> przedk\u0142ada czyste, zio\u0142owe orze\u017awienie nad cukierkowato\u015b\u0107.<\/p>\n<h3 data-path-to-node=\"42\"><b data-path-to-node=\"42\" data-index-in-node=\"0\">Spos\u00f3b A: Chrupi\u0105ca sch\u0142odzona jagoda<\/b><\/h3>\n<p data-path-to-node=\"42\">Standardowa, wysokiej jako\u015bci jagoda z umiarkowanie lodowym wyko\u0144czeniem. Jest czysty, owocowy i zaprojektowany tak, aby by\u0142 wystarczaj\u0105co subtelny do ci\u0105g\u0142ego stosowania.<\/p>\n<h3 data-path-to-node=\"43\"><b data-path-to-node=\"43\" data-index-in-node=\"0\">Spos\u00f3b B: Zio\u0142owy napar jagodowo-mi\u0119towy<\/b><\/h3>\n<p data-path-to-node=\"43\">Mode B zast\u0119puje sztuczny l\u00f3d naturaln\u0105, li\u015bciast\u0105 mi\u0119t\u0105. Mi\u0119ta nie tylko ch\u0142odzi gard\u0142o, ale tak\u017ce dodaje jagodom aromatycznego, zio\u0142owego wymiaru, kt\u00f3ry jest niezwykle wyrafinowany i pozostawia \u015bwie\u017cy oddech.<\/p>\n<h2 data-path-to-node=\"27\"><b class=\"\" data-path-to-node=\"27\" data-index-in-node=\"0\">Dla kogo to jest?<\/b><\/h2>\n<ul data-path-to-node=\"28\">\n<li>\n<p data-path-to-node=\"28,0,0\"><b class=\"\" data-path-to-node=\"28,0,0\" data-index-in-node=\"0\">The Freshness First Vaper:<\/b><span class=\"\"> Dla tych, kt\u00f3rzy stawiaj\u0105 na czysto\u015b\u0107,<\/span><span class=\"\"> mi\u0119towy oddech nad s\u0142odkimi owocowymi smakami.<\/span><\/p>\n<\/li>\n<li>\n<p data-path-to-node=\"28,1,0\"><b class=\"\" data-path-to-node=\"28,1,0\" data-index-in-node=\"0\">Preferencje dotycz\u0105ce niskiej zawarto\u015bci cukru:<\/b><span class=\"\"> Idealny, je\u015bli wi\u0119kszo\u015b\u0107 waporyzator\u00f3w jest zbyt s\u0142odka; tryb mi\u0119towy zapewnia wyrafinowany smak,<\/span><span class=\"\"> zio\u0142owy, wytrawny finisz.<\/span><\/p>\n<\/li>\n<li>\n<p data-path-to-node=\"28,2,0\"><b class=\"\" data-path-to-node=\"28,2,0\" data-index-in-node=\"0\">Profesjonalista:<\/b><span class=\"\"> Subtelny,<\/span><span class=\"\"> Czysty zapach, kt\u00f3ry nie jest przyt\u0142aczaj\u0105cy w miejscach publicznych.<\/span><\/p>\n<\/li>\n<\/ul>\n<h2 data-path-to-node=\"10\"><b data-path-to-node=\"10\" data-index-in-node=\"0\">Podzia\u0142 techniczny i oceny<\/b><\/h2>\n<table data-path-to-node=\"28\">\n<thead>\n<tr>\n<td><strong>Metryka wydajno\u015bci<\/strong><\/td>\n<td><strong>Ocena \/ specyfikacja techniczna<\/strong><\/td>\n<\/tr>\n<\/thead>\n<tbody>\n<tr>\n<td><span data-path-to-node=\"28,1,0,0\"><b data-path-to-node=\"28,1,0,0\" data-index-in-node=\"0\">S\u0142odycz<\/b><\/span><\/td>\n<td><span data-path-to-node=\"28,1,1,0\">\u2605\u2605\u2606\u2606\u2606 (niski profil cukrowy)<\/span><\/td>\n<\/tr>\n<tr>\n<td><span data-path-to-node=\"28,2,0,0\"><b data-path-to-node=\"28,2,0,0\" data-index-in-node=\"0\">Efekt ch\u0142odzenia<\/b><\/span><\/td>\n<td><span data-path-to-node=\"28,2,1,0\">\u2605\u2605\u2605\u2605\u2605 (Najwy\u017csza arktyczna \u015bwie\u017co\u015b\u0107)<\/span><\/td>\n<\/tr>\n<tr>\n<td><span data-path-to-node=\"28,3,0,0\"><b data-path-to-node=\"28,3,0,0\" data-index-in-node=\"0\">Intensywno\u015b\u0107 smaku<\/b><\/span><\/td>\n<td><span data-path-to-node=\"28,3,1,0\">\u2605\u2605\u2605\u2606\u2606 (czysty i lekki)<\/span><\/td>\n<\/tr>\n<tr>\n<td><span data-path-to-node=\"28,4,0,0\"><b data-path-to-node=\"28,4,0,0\" data-index-in-node=\"0\">Aromat<\/b><\/span><\/td>\n<td><span data-path-to-node=\"28,4,1,0\">\u2605\u2605\u2605\u2605\u2606 (Zio\u0142owy napar z mi\u0119ty pieprzowej)<\/span><\/td>\n<\/tr>\n<tr>\n<td><span data-path-to-node=\"28,5,0,0\"><b data-path-to-node=\"28,5,0,0\" data-index-in-node=\"0\">Kluczowe korzy\u015bci<\/b><\/span><\/td>\n<td><span data-path-to-node=\"28,5,1,0\">Maksymalna \u015bwie\u017co\u015b\u0107 oddechu<\/span><\/td>\n<\/tr>\n<tr>\n<td><span data-path-to-node=\"28,6,0,0\"><b data-path-to-node=\"28,6,0,0\" data-index-in-node=\"0\">Projekt<\/b><\/span><\/td>\n<td><span data-path-to-node=\"28,6,1,0\">Monitorowanie wizualne dw\u00f3ch zbiornik\u00f3w<\/span><\/td>\n<\/tr>\n<\/tbody>\n<\/table>\n<h3><b data-path-to-node=\"57\" data-index-in-node=\"0\">Podsumowanie sprz\u0119tu i logistyki\u00a0<\/b><\/h3>\n<ul data-path-to-node=\"58\">\n<li>\n<p data-path-to-node=\"58,0,0\"><b data-path-to-node=\"58,0,0\" data-index-in-node=\"0\">Freedom z mo\u017cliwo\u015bci\u0105 wielokrotnego nape\u0142niania:<\/b> Nie zatrzymuj si\u0119 na 60 tys. To jest <b data-path-to-node=\"58,0,0\" data-index-in-node=\"49\">vape do uzupe\u0142niania p\u0142ynem<\/b>, Dzi\u0119ki temu sprz\u0119t mo\u017ce by\u0107 u\u017cywany znacznie d\u0142u\u017cej ni\u017c standardowy jednorazowy.<\/p>\n<\/li>\n<li>\n<p data-path-to-node=\"58,1,0\"><b data-path-to-node=\"58,1,0\" data-index-in-node=\"0\">Inteligentny wy\u015bwietlacz HD:<\/b> Zawsze nale\u017cy zna\u0107 \u017cywotno\u015b\u0107 baterii i aktualnie u\u017cywany zbiornik (A lub B).<\/p>\n<\/li>\n<li>\n<p data-path-to-node=\"58,2,0\"><b data-path-to-node=\"58,2,0\" data-index-in-node=\"0\">Podw\u00f3jny zbiornik o pojemno\u015bci 36 ml:<\/b> Najwi\u0119kszy w bran\u017cy, w po\u0142\u0105czeniu z <b data-path-to-node=\"58,2,0\" data-index-in-node=\"68\">Akumulator typu C o pojemno\u015bci 550 mAh<\/b>.<\/p>\n<\/li>\n<li>\n<p data-path-to-node=\"58,3,0\"><b data-path-to-node=\"58,3,0\" data-index-in-node=\"0\">Wysy\u0142ka z magazynu w UE:<\/b> Zam\u00f3w ju\u017c dzi\u015b i otrzymaj <b data-path-to-node=\"58,3,0\" data-index-in-node=\"52\">vape wielokrotnego nape\u0142niania<\/b> w <b data-path-to-node=\"58,3,0\" data-index-in-node=\"71\">1-3 dni robocze<\/b> w dowolnym miejscu w UE. Bez c\u0142a, bez k\u0142opot\u00f3w.<\/p>\n<\/li>\n<\/ul>\n<h3 dir=\"auto\">Oto dalsze zalecenia dla Ciebie:<\/h3>\n<p dir=\"auto\">Odkryj jeszcze wi\u0119cej niesamowitych smak\u00f3w dzi\u0119ki Puff 60k Bang 60000 Refillable Vape!<\/p>\n<p dir=\"auto\"><a href=\"https:\/\/vozolvapen.deproduct-category\/bang-vape\/puff-60k-bang-60000-refillable-vape\" target=\"_blank\" rel=\"noopener noreferrer nofollow\">Zobacz wszystkie odmiany tutaj \u2192<\/a><\/p>\n<p dir=\"auto\">Zapoznaj si\u0119 z nasz\u0105 pe\u0142n\u0105 kolekcj\u0105 i kupuj produkty najlepszych marek vape, kt\u00f3re pokochasz.<\/p>\n<p dir=\"auto\"><a href=\"https:\/\/vozolvapen.de\/pl\/\" target=\"_blank\" rel=\"noopener noreferrer nofollow\">Przegl\u0105daj teraz wszystkie marki \u2192<\/a><\/p>\n<p dir=\"auto\">Sprawd\u017a ca\u0142\u0105 seri\u0119 Bang Vape - ka\u017cdy smak, ka\u017cdy styl!<\/p>\n<p dir=\"auto\"><a href=\"https:\/\/vozolvapen.de\/pl\/product-category\/bang-vape\/\" target=\"_blank\" rel=\"noopener noreferrer nofollow\">Zobacz pe\u0142n\u0105 kolekcj\u0119 Bang Vape \u2192<\/a><\/p>\n<h2 data-path-to-node=\"27\"><b data-path-to-node=\"27\" data-index-in-node=\"0\">Cz\u0119sto zadawane pytania (FAQ)<\/b><\/h2>\n<h3 data-path-to-node=\"28\"><b data-path-to-node=\"28\" data-index-in-node=\"0\">Czy Bang 60000 to rzeczywi\u015bcie waporyzator wielokrotnego nape\u0142niania?<\/b><\/h3>\n<p data-path-to-node=\"29\">Tak. Zbiornik jest wst\u0119pnie nape\u0142niony 36 ml najwy\u017cszej jako\u015bci e-liquidu, ale jego architektura zosta\u0142a zaprojektowana tak, aby mo\u017cna go by\u0142o <b data-path-to-node=\"29\" data-index-in-node=\"102\">wielokrotnego u\u017cytku<\/b>. Umo\u017cliwia to korzystanie z urz\u0105dzenia w trybie d\u0142ugoterminowym. <b data-path-to-node=\"29\" data-index-in-node=\"163\">system pod vape<\/b> nawet po zako\u0144czeniu pocz\u0105tkowej cieczy.<\/p>\n<h3 data-path-to-node=\"30\"><b data-path-to-node=\"30\" data-index-in-node=\"0\">Jak prze\u0142\u0105cza\u0107 si\u0119 mi\u0119dzy tymi dwoma smakami?<\/b><\/h3>\n<p data-path-to-node=\"31\">Urz\u0105dzenie posiada prze\u0142\u0105cznik smaku. Wystarczy przesun\u0105\u0107, aby wybra\u0107 <b data-path-to-node=\"31\" data-index-in-node=\"67\">Tryb A<\/b> lub <b data-path-to-node=\"31\" data-index-in-node=\"77\">Tryb B<\/b> aby natychmiast zmieni\u0107 u\u017cywany zbiornik wewn\u0119trzny.<\/p>\n<h3 data-path-to-node=\"32\"><b data-path-to-node=\"32\" data-index-in-node=\"0\">Jakie poziomy nikotyny s\u0105 dost\u0119pne dla Puff 60k?<\/b><\/h3>\n<p data-path-to-node=\"33\">Dostosowujemy si\u0119 do wszystkich preferencji, oferuj\u0105c <b data-path-to-node=\"33\" data-index-in-node=\"38\">0 mg (bez nikotyny)<\/b>, <b data-path-to-node=\"33\" data-index-in-node=\"59\">20 mg (2%)<\/b>, <b data-path-to-node=\"33\" data-index-in-node=\"70\">30 mg (3%)<\/b>, oraz <b data-path-to-node=\"33\" data-index-in-node=\"85\">50 mg (5%)<\/b> opcje.<\/p>\n<h3 data-path-to-node=\"34\"><b data-path-to-node=\"34\" data-index-in-node=\"0\">Jak mog\u0119 na\u0142adowa\u0107 Bang 60000?<\/b><\/h3>\n<p data-path-to-node=\"35\">Urz\u0105dzenie wykorzystuje standard <b data-path-to-node=\"35\" data-index-in-node=\"27\">Port \u0142adowania typu C<\/b> umieszczony w dolnej cz\u0119\u015bci. Bateria o pojemno\u015bci 550 mAh obs\u0142uguje szybkie \u0142adowanie, aby zminimalizowa\u0107 przestoje.<\/p>","protected":false},"excerpt":{"rendered":"<p>Maksymalna \u015bwie\u017co\u015b\u0107 przy ka\u017cdym naci\u015bni\u0119ciu. Prze\u0142\u0105czanie mi\u0119dzy lodowatym <b data-path-to-node=\"19,2,0\" data-index-in-node=\"71\">Jagoda<\/b> i zio\u0142owy <b data-path-to-node=\"19,2,0\" data-index-in-node=\"92\">Mi\u0119ta jagodowa<\/b>. Zaprojektowany dla vaper\u00f3w, dla kt\u00f3rych priorytetem jest czyste, ch\u0142odne wyko\u0144czenie. <b data-path-to-node=\"19,2,0\" data-index-in-node=\"170\">system kapsu\u0142ek wielokrotnego nape\u0142niania<\/b> zapewnia <b data-path-to-node=\"19,2,0\" data-index-in-node=\"201\">60 000 zaci\u0105gni\u0119\u0107<\/b> czystego orze\u017awienia.<\/p>","protected":false},"featured_media":62663,"comment_status":"open","ping_status":"closed","template":"","meta":{"_acf_changed":false},"product_brand":[],"product_cat":[120],"product_tag":[],"class_list":{"0":"post-62434","1":"product","2":"type-product","3":"status-publish","4":"has-post-thumbnail","6":"product_cat-puff-60k-bang-60000-refillable-vape","8":"first","9":"instock","10":"shipping-taxable","11":"purchasable","12":"product-type-variable"},"acf":[],"yoast_head":"<!-- This site is optimized with the Yoast SEO Premium plugin v26.1 (Yoast SEO v27.5) - https:\/\/yoast.com\/product\/yoast-seo-premium-wordpress\/ -->\n<title>Blueberry Ice &amp; Blueberry Mint Bang 60000 | 60k Puffs Fresh Vape - vozolvapen<\/title>\n<meta name=\"description\" content=\"Bang 60000 Blueberry Ice &amp; Blueberry Mint. Refreshing 2-in-1 flavor, 60k puffs, smart display, and refillable 36ml tank. 1-3 day EU delivery.\" \/>\n<meta name=\"robots\" content=\"index, follow, max-snippet:-1, max-image-preview:large, max-video-preview:-1\" \/>\n<link rel=\"canonical\" href=\"https:\/\/vozolvapen.de\/pl\/product\/puff-60k-bang-60000-refillable-vape-blueberry-ice-blueberry-mint\/\" \/>\n<meta property=\"og:locale\" content=\"pl_PL\" \/>\n<meta property=\"og:type\" content=\"article\" \/>\n<meta property=\"og:title\" content=\"Puff 60k Bang 60000 Refillable Vape - Blueberry Ice &amp; Blueberry Mint\" \/>\n<meta property=\"og:description\" content=\"Bang 60000 Blueberry Ice &amp; Blueberry Mint. Refreshing 2-in-1 flavor, 60k puffs, smart display, and refillable 36ml tank. 1-3 day EU delivery.\" \/>\n<meta property=\"og:url\" content=\"https:\/\/vozolvapen.de\/pl\/product\/puff-60k-bang-60000-refillable-vape-blueberry-ice-blueberry-mint\/\" \/>\n<meta property=\"og:site_name\" content=\"vozolvapen\" \/>\n<meta property=\"article:modified_time\" content=\"2026-04-08T03:07:59+00:00\" \/>\n<meta property=\"og:image\" content=\"https:\/\/vozolvapen.de\/wp-content\/uploads\/2026\/01\/Puff-60k-Bang-60000-Refillable-Vape-Blueberry-Ice-Blueberry-Mint.webp\" \/>\n\t<meta property=\"og:image:width\" content=\"774\" \/>\n\t<meta property=\"og:image:height\" content=\"1200\" \/>\n\t<meta property=\"og:image:type\" content=\"image\/webp\" \/>\n<meta name=\"twitter:card\" content=\"summary_large_image\" \/>\n<meta name=\"twitter:label1\" content=\"Szacowany czas czytania\" \/>\n\t<meta name=\"twitter:data1\" content=\"3 minuty\" \/>\n<script type=\"application\/ld+json\" class=\"yoast-schema-graph\">{\"@context\":\"https:\\\/\\\/schema.org\",\"@graph\":[{\"@type\":\"WebPage\",\"@id\":\"https:\\\/\\\/vozolvapen.de\\\/product\\\/puff-60k-bang-60000-refillable-vape-blueberry-ice-blueberry-mint\\\/\",\"url\":\"https:\\\/\\\/vozolvapen.de\\\/product\\\/puff-60k-bang-60000-refillable-vape-blueberry-ice-blueberry-mint\\\/\",\"name\":\"Blueberry Ice & Blueberry Mint Bang 60000 | 60k Puffs Fresh Vape - vozolvapen\",\"isPartOf\":{\"@id\":\"https:\\\/\\\/vozolvapen.de\\\/#website\"},\"primaryImageOfPage\":{\"@id\":\"https:\\\/\\\/vozolvapen.de\\\/product\\\/puff-60k-bang-60000-refillable-vape-blueberry-ice-blueberry-mint\\\/#primaryimage\"},\"image\":{\"@id\":\"https:\\\/\\\/vozolvapen.de\\\/product\\\/puff-60k-bang-60000-refillable-vape-blueberry-ice-blueberry-mint\\\/#primaryimage\"},\"thumbnailUrl\":\"https:\\\/\\\/vozolvapen.de\\\/wp-content\\\/uploads\\\/2026\\\/01\\\/Puff-60k-Bang-60000-Refillable-Vape-Blueberry-Ice-Blueberry-Mint.webp\",\"datePublished\":\"2026-01-19T03:57:52+00:00\",\"dateModified\":\"2026-04-08T03:07:59+00:00\",\"description\":\"Bang 60000 Blueberry Ice & Blueberry Mint. Refreshing 2-in-1 flavor, 60k puffs, smart display, and refillable 36ml tank. 1-3 day EU delivery.\",\"breadcrumb\":{\"@id\":\"https:\\\/\\\/vozolvapen.de\\\/product\\\/puff-60k-bang-60000-refillable-vape-blueberry-ice-blueberry-mint\\\/#breadcrumb\"},\"inLanguage\":\"pl-PL\",\"potentialAction\":[{\"@type\":\"ReadAction\",\"target\":[\"https:\\\/\\\/vozolvapen.de\\\/product\\\/puff-60k-bang-60000-refillable-vape-blueberry-ice-blueberry-mint\\\/\"]}]},{\"@type\":\"ImageObject\",\"inLanguage\":\"pl-PL\",\"@id\":\"https:\\\/\\\/vozolvapen.de\\\/product\\\/puff-60k-bang-60000-refillable-vape-blueberry-ice-blueberry-mint\\\/#primaryimage\",\"url\":\"https:\\\/\\\/vozolvapen.de\\\/wp-content\\\/uploads\\\/2026\\\/01\\\/Puff-60k-Bang-60000-Refillable-Vape-Blueberry-Ice-Blueberry-Mint.webp\",\"contentUrl\":\"https:\\\/\\\/vozolvapen.de\\\/wp-content\\\/uploads\\\/2026\\\/01\\\/Puff-60k-Bang-60000-Refillable-Vape-Blueberry-Ice-Blueberry-Mint.webp\",\"width\":774,\"height\":1200,\"caption\":\"Puff 60k Bang 60000 Refillable Vape - Blueberry Ice & Blueberry Mint\"},{\"@type\":\"BreadcrumbList\",\"@id\":\"https:\\\/\\\/vozolvapen.de\\\/product\\\/puff-60k-bang-60000-refillable-vape-blueberry-ice-blueberry-mint\\\/#breadcrumb\",\"itemListElement\":[{\"@type\":\"ListItem\",\"position\":1,\"name\":\"Home\",\"item\":\"https:\\\/\\\/vozolvapen.de\\\/de\\\/\"},{\"@type\":\"ListItem\",\"position\":2,\"name\":\"Shop\",\"item\":\"https:\\\/\\\/vozolvapen.de\\\/shop\\\/\"},{\"@type\":\"ListItem\",\"position\":3,\"name\":\"Puff 60k Bang 60000 Refillable Vape &#8211; Blueberry Ice &#038; Blueberry Mint\"}]},{\"@type\":\"WebSite\",\"@id\":\"https:\\\/\\\/vozolvapen.de\\\/#website\",\"url\":\"https:\\\/\\\/vozolvapen.de\\\/\",\"name\":\"vozolvapen\",\"description\":\"vozolvapen\",\"publisher\":{\"@id\":\"https:\\\/\\\/vozolvapen.de\\\/#organization\"},\"potentialAction\":[{\"@type\":\"SearchAction\",\"target\":{\"@type\":\"EntryPoint\",\"urlTemplate\":\"https:\\\/\\\/vozolvapen.de\\\/?s={search_term_string}\"},\"query-input\":{\"@type\":\"PropertyValueSpecification\",\"valueRequired\":true,\"valueName\":\"search_term_string\"}}],\"inLanguage\":\"pl-PL\"},{\"@type\":\"Organization\",\"@id\":\"https:\\\/\\\/vozolvapen.de\\\/#organization\",\"name\":\"vozolvapen\",\"url\":\"https:\\\/\\\/vozolvapen.de\\\/\",\"logo\":{\"@type\":\"ImageObject\",\"inLanguage\":\"pl-PL\",\"@id\":\"https:\\\/\\\/vozolvapen.de\\\/#\\\/schema\\\/logo\\\/image\\\/\",\"url\":\"https:\\\/\\\/vozolvapen.de\\\/wp-content\\\/uploads\\\/2025\\\/12\\\/cropped-vozovapen-logo.webp\",\"contentUrl\":\"https:\\\/\\\/vozolvapen.de\\\/wp-content\\\/uploads\\\/2025\\\/12\\\/cropped-vozovapen-logo.webp\",\"width\":470,\"height\":110,\"caption\":\"vozolvapen\"},\"image\":{\"@id\":\"https:\\\/\\\/vozolvapen.de\\\/#\\\/schema\\\/logo\\\/image\\\/\"}}]}<\/script>\n<!-- \/ Yoast SEO Premium plugin. -->","yoast_head_json":{"title":"Blueberry Ice &amp; Blueberry Mint Bang 60000 | 60k Puffs Fresh Vape - vozolvapen","description":"Bang 60000 Blueberry Ice &amp; Blueberry Mint. Orze\u017awiaj\u0105cy smak 2 w 1, 60 tys. zaci\u0105gni\u0119\u0107, inteligentny wy\u015bwietlacz i zbiornik 36 ml do wielokrotnego nape\u0142niania. Dostawa do UE w ci\u0105gu 1-3 dni.","robots":{"index":"index","follow":"follow","max-snippet":"max-snippet:-1","max-image-preview":"max-image-preview:large","max-video-preview":"max-video-preview:-1"},"canonical":"https:\/\/vozolvapen.de\/pl\/product\/puff-60k-bang-60000-refillable-vape-blueberry-ice-blueberry-mint\/","og_locale":"pl_PL","og_type":"article","og_title":"Puff 60k Bang 60000 Refillable Vape - Blueberry Ice & Blueberry Mint","og_description":"Bang 60000 Blueberry Ice & Blueberry Mint. Refreshing 2-in-1 flavor, 60k puffs, smart display, and refillable 36ml tank. 1-3 day EU delivery.","og_url":"https:\/\/vozolvapen.de\/pl\/product\/puff-60k-bang-60000-refillable-vape-blueberry-ice-blueberry-mint\/","og_site_name":"vozolvapen","article_modified_time":"2026-04-08T03:07:59+00:00","og_image":[{"width":774,"height":1200,"url":"https:\/\/vozolvapen.de\/wp-content\/uploads\/2026\/01\/Puff-60k-Bang-60000-Refillable-Vape-Blueberry-Ice-Blueberry-Mint.webp","type":"image\/webp"}],"twitter_card":"summary_large_image","twitter_misc":{"Szacowany czas czytania":"3 minuty"},"schema":{"@context":"https:\/\/schema.org","@graph":[{"@type":"WebPage","@id":"https:\/\/vozolvapen.de\/product\/puff-60k-bang-60000-refillable-vape-blueberry-ice-blueberry-mint\/","url":"https:\/\/vozolvapen.de\/product\/puff-60k-bang-60000-refillable-vape-blueberry-ice-blueberry-mint\/","name":"Blueberry Ice &amp; Blueberry Mint Bang 60000 | 60k Puffs Fresh Vape - vozolvapen","isPartOf":{"@id":"https:\/\/vozolvapen.de\/#website"},"primaryImageOfPage":{"@id":"https:\/\/vozolvapen.de\/product\/puff-60k-bang-60000-refillable-vape-blueberry-ice-blueberry-mint\/#primaryimage"},"image":{"@id":"https:\/\/vozolvapen.de\/product\/puff-60k-bang-60000-refillable-vape-blueberry-ice-blueberry-mint\/#primaryimage"},"thumbnailUrl":"https:\/\/vozolvapen.de\/wp-content\/uploads\/2026\/01\/Puff-60k-Bang-60000-Refillable-Vape-Blueberry-Ice-Blueberry-Mint.webp","datePublished":"2026-01-19T03:57:52+00:00","dateModified":"2026-04-08T03:07:59+00:00","description":"Bang 60000 Blueberry Ice &amp; Blueberry Mint. Orze\u017awiaj\u0105cy smak 2 w 1, 60 tys. zaci\u0105gni\u0119\u0107, inteligentny wy\u015bwietlacz i zbiornik 36 ml do wielokrotnego nape\u0142niania. Dostawa do UE w ci\u0105gu 1-3 dni.","breadcrumb":{"@id":"https:\/\/vozolvapen.de\/product\/puff-60k-bang-60000-refillable-vape-blueberry-ice-blueberry-mint\/#breadcrumb"},"inLanguage":"pl-PL","potentialAction":[{"@type":"ReadAction","target":["https:\/\/vozolvapen.de\/product\/puff-60k-bang-60000-refillable-vape-blueberry-ice-blueberry-mint\/"]}]},{"@type":"ImageObject","inLanguage":"pl-PL","@id":"https:\/\/vozolvapen.de\/product\/puff-60k-bang-60000-refillable-vape-blueberry-ice-blueberry-mint\/#primaryimage","url":"https:\/\/vozolvapen.de\/wp-content\/uploads\/2026\/01\/Puff-60k-Bang-60000-Refillable-Vape-Blueberry-Ice-Blueberry-Mint.webp","contentUrl":"https:\/\/vozolvapen.de\/wp-content\/uploads\/2026\/01\/Puff-60k-Bang-60000-Refillable-Vape-Blueberry-Ice-Blueberry-Mint.webp","width":774,"height":1200,"caption":"Puff 60k Bang 60000 Refillable Vape - Blueberry Ice & Blueberry Mint"},{"@type":"BreadcrumbList","@id":"https:\/\/vozolvapen.de\/product\/puff-60k-bang-60000-refillable-vape-blueberry-ice-blueberry-mint\/#breadcrumb","itemListElement":[{"@type":"ListItem","position":1,"name":"Home","item":"https:\/\/vozolvapen.de\/de\/"},{"@type":"ListItem","position":2,"name":"Shop","item":"https:\/\/vozolvapen.de\/shop\/"},{"@type":"ListItem","position":3,"name":"Puff 60k Bang 60000 Refillable Vape &#8211; Blueberry Ice &#038; Blueberry Mint"}]},{"@type":"WebSite","@id":"https:\/\/vozolvapen.de\/#website","url":"https:\/\/vozolvapen.de\/","name":"vozolvapen","description":"vozolvapen","publisher":{"@id":"https:\/\/vozolvapen.de\/#organization"},"potentialAction":[{"@type":"SearchAction","target":{"@type":"EntryPoint","urlTemplate":"https:\/\/vozolvapen.de\/?s={search_term_string}"},"query-input":{"@type":"PropertyValueSpecification","valueRequired":true,"valueName":"search_term_string"}}],"inLanguage":"pl-PL"},{"@type":"Organization","@id":"https:\/\/vozolvapen.de\/#organization","name":"vozolvapen","url":"https:\/\/vozolvapen.de\/","logo":{"@type":"ImageObject","inLanguage":"pl-PL","@id":"https:\/\/vozolvapen.de\/#\/schema\/logo\/image\/","url":"https:\/\/vozolvapen.de\/wp-content\/uploads\/2025\/12\/cropped-vozovapen-logo.webp","contentUrl":"https:\/\/vozolvapen.de\/wp-content\/uploads\/2025\/12\/cropped-vozovapen-logo.webp","width":470,"height":110,"caption":"vozolvapen"},"image":{"@id":"https:\/\/vozolvapen.de\/#\/schema\/logo\/image\/"}}]}},"tiered_pricing_type":"fixed","tiered_pricing_fixed_rules":{"30":"12","50":"10","100":"9","200":"8.5"},"tiered_pricing_product_settings":{"layout":"default","base_unit_name":{"singular":null,"plural":null},"default_variation":{}},"tiered_pricing_minimum_quantity":10,"tiered_pricing_roles_data":[],"tiered_pricing_percentage_rules":[],"tiered_pricing_maximum_quantity":null,"tiered_pricing_quantity_step":"10","_links":{"self":[{"href":"http:\/\/vozolvapen.de\/pl\/wp-json\/wp\/v2\/product\/62434","targetHints":{"allow":["GET"]}}],"collection":[{"href":"http:\/\/vozolvapen.de\/pl\/wp-json\/wp\/v2\/product"}],"about":[{"href":"http:\/\/vozolvapen.de\/pl\/wp-json\/wp\/v2\/types\/product"}],"replies":[{"embeddable":true,"href":"http:\/\/vozolvapen.de\/pl\/wp-json\/wp\/v2\/comments?post=62434"}],"wp:featuredmedia":[{"embeddable":true,"href":"http:\/\/vozolvapen.de\/pl\/wp-json\/wp\/v2\/media\/62663"}],"wp:attachment":[{"href":"http:\/\/vozolvapen.de\/pl\/wp-json\/wp\/v2\/media?parent=62434"}],"wp:term":[{"taxonomy":"product_brand","embeddable":true,"href":"http:\/\/vozolvapen.de\/pl\/wp-json\/wp\/v2\/product_brand?post=62434"},{"taxonomy":"product_cat","embeddable":true,"href":"http:\/\/vozolvapen.de\/pl\/wp-json\/wp\/v2\/product_cat?post=62434"},{"taxonomy":"product_tag","embeddable":true,"href":"http:\/\/vozolvapen.de\/pl\/wp-json\/wp\/v2\/product_tag?post=62434"}],"curies":[{"name":"wp","href":"https:\/\/api.w.org\/{rel}","templated":true}]}}