{"id":62593,"date":"2026-01-19T03:58:00","date_gmt":"2026-01-19T03:58:00","guid":{"rendered":"https:\/\/vozolvapen.de\/?post_type=product&#038;p=62593"},"modified":"2026-04-08T03:08:16","modified_gmt":"2026-04-08T03:08:16","slug":"puff-60k-bang-60000-refillable-vape-grape-ice-blueberry-grape","status":"publish","type":"product","link":"http:\/\/vozolvapen.de\/pl\/product\/puff-60k-bang-60000-refillable-vape-grape-ice-blueberry-grape\/","title":{"rendered":"Puff 60k Bang 60000 Vape do wielokrotnego nape\u0142niania - Grape Ice &amp; Blueberry Grape"},"content":{"rendered":"<h1 data-path-to-node=\"51\">Puff 60k Bang 60000 Vape do wielokrotnego nape\u0142niania - Grape Ice &amp; Blueberry Grape<\/h1>\n<h2 data-path-to-node=\"52\"><b data-path-to-node=\"52\" data-index-in-node=\"0\">The Vineyard Selection: G\u0142\u0119bokie, ciemne i soczyste<\/b><\/h2>\n<p data-path-to-node=\"53\">Dla fan\u00f3w ciemnych owoc\u00f3w <b data-path-to-node=\"53\" data-index-in-node=\"29\">Bang 60000 Grape Ice &amp; Blueberry Grape<\/b> to szczyt smaku. The <b data-path-to-node=\"53\" data-index-in-node=\"99\">przezroczysta konstrukcja z dwoma zbiornikami<\/b> prezentuje g\u0142\u0119boki, bogaty p\u0142yn, podczas gdy <b data-path-to-node=\"53\" data-index-in-node=\"171\">inteligentny wy\u015bwietlacz<\/b> \u015aled\u017a swoj\u0105 bateri\u0119, ciesz\u0105c si\u0119 podr\u00f3\u017c\u0105 przez 60 000 puff\u00f3w winnicy.<\/p>\n<h3 data-path-to-node=\"54\"><b data-path-to-node=\"54\" data-index-in-node=\"0\">Spos\u00f3b A: Mro\u017cone winogrono Concord<\/b><\/h3>\n<p data-path-to-node=\"54\">Mode A zapewnia \u201cfioletow\u0105\u201d eksplozj\u0119 winogron. Jest s\u0142odki, d\u017cemowy i wyko\u0144czony ch\u0142odz\u0105cym lodem, kt\u00f3ry na\u015bladuje uczucie jedzenia mro\u017conych winogron prosto z zamra\u017carki.<\/p>\n<h3 data-path-to-node=\"55\"><b data-path-to-node=\"55\" data-index-in-node=\"0\">Spos\u00f3b B: Z\u0142o\u017cone po\u0142\u0105czenie jag\u00f3d i winogron<\/b><\/h3>\n<p data-path-to-node=\"55\">Mode B \u0142\u0105czy baz\u0119 z ciemnych winogron z cierpkimi jagodami. Zmniejsza to og\u00f3ln\u0105 s\u0142odycz i dodaje z\u0142o\u017cono\u015bci \u201cowoc\u00f3w le\u015bnych\u201d, dzi\u0119ki czemu smak winogron jest bardziej naturalny i wielowymiarowy.<\/p>\n<h2 data-path-to-node=\"36\"><b data-path-to-node=\"36\" data-index-in-node=\"0\">Dla kogo to jest?<\/b><\/h2>\n<ul data-path-to-node=\"37\">\n<li>\n<p data-path-to-node=\"37,0,0\"><b data-path-to-node=\"37,0,0\" data-index-in-node=\"0\">The Vineyard Fan:<\/b> Dla tych, kt\u00f3rzy kochaj\u0105 g\u0142\u0119bokie, ciemne i \u201cfioletowe\u201d profile owoc\u00f3w, takie jak winogrona Concord.<\/p>\n<\/li>\n<li>\n<p data-path-to-node=\"37,1,0\"><b data-path-to-node=\"37,1,0\" data-index-in-node=\"0\">Wyrafinowane podniebienie:<\/b> Najlepszy dla u\u017cytkownik\u00f3w, kt\u00f3rzy lubi\u0105 bogate, d\u017cemowe nuty winogron zmieszane z cierpkimi jagodami.<\/p>\n<\/li>\n<li>\n<p data-path-to-node=\"37,2,0\"><b data-path-to-node=\"37,2,0\" data-index-in-node=\"0\">Wizualny ucze\u0144:<\/b> U\u017cytkownicy, kt\u00f3rzy uwielbiaj\u0105 obserwowa\u0107 poziom swoich sok\u00f3w poprzez <b data-path-to-node=\"37,2,0\" data-index-in-node=\"73\">W pe\u0142ni przezroczysty podw\u00f3jny zbiornik<\/b> cia\u0142o.<\/p>\n<\/li>\n<\/ul>\n<h2 data-path-to-node=\"10\"><b data-path-to-node=\"10\" data-index-in-node=\"0\">Podzia\u0142 techniczny i oceny<\/b><\/h2>\n<table data-path-to-node=\"37\">\n<thead>\n<tr>\n<td><strong>Metryka wydajno\u015bci<\/strong><\/td>\n<td><strong>Ocena \/ specyfikacja techniczna<\/strong><\/td>\n<\/tr>\n<\/thead>\n<tbody>\n<tr>\n<td><span data-path-to-node=\"37,1,0,0\"><b data-path-to-node=\"37,1,0,0\" data-index-in-node=\"0\">S\u0142odycz<\/b><\/span><\/td>\n<td><span data-path-to-node=\"37,1,1,0\">\u2605\u2605\u2605\u2605\u2606 (d\u017cemowa s\u0142odycz winnicy)<\/span><\/td>\n<\/tr>\n<tr>\n<td><span data-path-to-node=\"37,2,0,0\"><b data-path-to-node=\"37,2,0,0\" data-index-in-node=\"0\">Efekt ch\u0142odzenia<\/b><\/span><\/td>\n<td><span data-path-to-node=\"37,2,1,0\">\u2605\u2605\u2605\u2606\u2606 (G\u0142adkie mro\u017cone wyko\u0144czenie)<\/span><\/td>\n<\/tr>\n<tr>\n<td><span data-path-to-node=\"37,3,0,0\"><b data-path-to-node=\"37,3,0,0\" data-index-in-node=\"0\">Intensywno\u015b\u0107 smaku<\/b><\/span><\/td>\n<td><span data-path-to-node=\"37,3,1,0\">\u2605\u2605\u2605\u2605\u2605 (G\u0142\u0119bia fioletowych owoc\u00f3w)<\/span><\/td>\n<\/tr>\n<tr>\n<td><span data-path-to-node=\"37,4,0,0\"><b data-path-to-node=\"37,4,0,0\" data-index-in-node=\"0\">Aromat<\/b><\/span><\/td>\n<td><span data-path-to-node=\"37,4,1,0\">\u2605\u2605\u2605\u2605\u2606 (dojrzewaj\u0105ce w s\u0142o\u0144cu winogrona concord)<\/span><\/td>\n<\/tr>\n<tr>\n<td><span data-path-to-node=\"37,5,0,0\"><b data-path-to-node=\"37,5,0,0\" data-index-in-node=\"0\">Podstawowa funkcja<\/b><\/span><\/td>\n<td><span data-path-to-node=\"37,5,1,0\">Przejrzysta grafika z dwoma zbiornikami<\/span><\/td>\n<\/tr>\n<tr>\n<td><span data-path-to-node=\"37,6,0,0\"><b data-path-to-node=\"37,6,0,0\" data-index-in-node=\"0\">Inteligentny panel<\/b><\/span><\/td>\n<td><span data-path-to-node=\"37,6,1,0\">Bateria % i wy\u015bwietlacz stanu w czasie rzeczywistym<\/span><\/td>\n<\/tr>\n<\/tbody>\n<\/table>\n<h3><b data-path-to-node=\"57\" data-index-in-node=\"0\">Podsumowanie sprz\u0119tu i logistyki\u00a0<\/b><\/h3>\n<ul data-path-to-node=\"58\">\n<li>\n<p data-path-to-node=\"58,0,0\"><b data-path-to-node=\"58,0,0\" data-index-in-node=\"0\">Freedom z mo\u017cliwo\u015bci\u0105 wielokrotnego nape\u0142niania:<\/b> Nie zatrzymuj si\u0119 na 60 tys. To jest <b data-path-to-node=\"58,0,0\" data-index-in-node=\"49\">vape do uzupe\u0142niania p\u0142ynem<\/b>, Dzi\u0119ki temu sprz\u0119t mo\u017ce by\u0107 u\u017cywany znacznie d\u0142u\u017cej ni\u017c standardowy jednorazowy.<\/p>\n<\/li>\n<li>\n<p data-path-to-node=\"58,1,0\"><b data-path-to-node=\"58,1,0\" data-index-in-node=\"0\">Inteligentny wy\u015bwietlacz HD:<\/b> Zawsze nale\u017cy zna\u0107 \u017cywotno\u015b\u0107 baterii i aktualnie u\u017cywany zbiornik (A lub B).<\/p>\n<\/li>\n<li>\n<p data-path-to-node=\"58,2,0\"><b data-path-to-node=\"58,2,0\" data-index-in-node=\"0\">Podw\u00f3jny zbiornik o pojemno\u015bci 36 ml:<\/b> Najwi\u0119kszy w bran\u017cy, w po\u0142\u0105czeniu z <b data-path-to-node=\"58,2,0\" data-index-in-node=\"68\">Akumulator typu C o pojemno\u015bci 550 mAh<\/b>.<\/p>\n<\/li>\n<li>\n<p data-path-to-node=\"58,3,0\"><b data-path-to-node=\"58,3,0\" data-index-in-node=\"0\">Wysy\u0142ka z magazynu w UE:<\/b> Zam\u00f3w ju\u017c dzi\u015b i otrzymaj <b data-path-to-node=\"58,3,0\" data-index-in-node=\"52\">vape wielokrotnego nape\u0142niania<\/b> w <b data-path-to-node=\"58,3,0\" data-index-in-node=\"71\">1-3 dni robocze<\/b> w dowolnym miejscu w UE. Bez c\u0142a, bez k\u0142opot\u00f3w.<\/p>\n<\/li>\n<\/ul>\n<h3 dir=\"auto\">Oto dalsze zalecenia dla Ciebie:<\/h3>\n<p dir=\"auto\">Odkryj jeszcze wi\u0119cej niesamowitych smak\u00f3w dzi\u0119ki Puff 60k Bang 60000 Refillable Vape!<\/p>\n<p dir=\"auto\"><a href=\"https:\/\/vozolvapen.deproduct-category\/bang-vape\/puff-60k-bang-60000-refillable-vape\" target=\"_blank\" rel=\"noopener noreferrer nofollow\">Zobacz wszystkie odmiany tutaj \u2192<\/a><\/p>\n<p dir=\"auto\">Zapoznaj si\u0119 z nasz\u0105 pe\u0142n\u0105 kolekcj\u0105 i kupuj produkty najlepszych marek vape, kt\u00f3re pokochasz.<\/p>\n<p dir=\"auto\"><a href=\"https:\/\/vozolvapen.de\/pl\/\" target=\"_blank\" rel=\"noopener noreferrer nofollow\">Przegl\u0105daj teraz wszystkie marki \u2192<\/a><\/p>\n<p dir=\"auto\">Sprawd\u017a ca\u0142\u0105 seri\u0119 Bang Vape - ka\u017cdy smak, ka\u017cdy styl!<\/p>\n<p dir=\"auto\"><a href=\"https:\/\/vozolvapen.de\/pl\/product-category\/bang-vape\/\" target=\"_blank\" rel=\"noopener noreferrer nofollow\">Zobacz pe\u0142n\u0105 kolekcj\u0119 Bang Vape \u2192<\/a><\/p>\n<h2 data-path-to-node=\"27\"><b data-path-to-node=\"27\" data-index-in-node=\"0\">Cz\u0119sto zadawane pytania (FAQ)<\/b><\/h2>\n<h3 data-path-to-node=\"28\"><b data-path-to-node=\"28\" data-index-in-node=\"0\">Czy Bang 60000 to rzeczywi\u015bcie waporyzator wielokrotnego nape\u0142niania?<\/b><\/h3>\n<p data-path-to-node=\"29\">Tak. Zbiornik jest wst\u0119pnie nape\u0142niony 36 ml najwy\u017cszej jako\u015bci e-liquidu, ale jego architektura zosta\u0142a zaprojektowana tak, aby mo\u017cna go by\u0142o <b data-path-to-node=\"29\" data-index-in-node=\"102\">wielokrotnego u\u017cytku<\/b>. Umo\u017cliwia to korzystanie z urz\u0105dzenia w trybie d\u0142ugoterminowym. <b data-path-to-node=\"29\" data-index-in-node=\"163\">system pod vape<\/b> nawet po zako\u0144czeniu pocz\u0105tkowej cieczy.<\/p>\n<h3 data-path-to-node=\"30\"><b data-path-to-node=\"30\" data-index-in-node=\"0\">Jak prze\u0142\u0105cza\u0107 si\u0119 mi\u0119dzy tymi dwoma smakami?<\/b><\/h3>\n<p data-path-to-node=\"31\">Urz\u0105dzenie posiada prze\u0142\u0105cznik smaku. Wystarczy przesun\u0105\u0107, aby wybra\u0107 <b data-path-to-node=\"31\" data-index-in-node=\"67\">Tryb A<\/b> lub <b data-path-to-node=\"31\" data-index-in-node=\"77\">Tryb B<\/b> aby natychmiast zmieni\u0107 u\u017cywany zbiornik wewn\u0119trzny.<\/p>\n<h3 data-path-to-node=\"32\"><b data-path-to-node=\"32\" data-index-in-node=\"0\">Jakie poziomy nikotyny s\u0105 dost\u0119pne dla Puff 60k?<\/b><\/h3>\n<p data-path-to-node=\"33\">Dostosowujemy si\u0119 do wszystkich preferencji, oferuj\u0105c <b data-path-to-node=\"33\" data-index-in-node=\"38\">0 mg (bez nikotyny)<\/b>, <b data-path-to-node=\"33\" data-index-in-node=\"59\">20 mg (2%)<\/b>, <b data-path-to-node=\"33\" data-index-in-node=\"70\">30 mg (3%)<\/b>, oraz <b data-path-to-node=\"33\" data-index-in-node=\"85\">50 mg (5%)<\/b> opcje.<\/p>\n<h3 data-path-to-node=\"34\"><b data-path-to-node=\"34\" data-index-in-node=\"0\">Jak mog\u0119 na\u0142adowa\u0107 Bang 60000?<\/b><\/h3>\n<p data-path-to-node=\"35\">Urz\u0105dzenie wykorzystuje standard <b data-path-to-node=\"35\" data-index-in-node=\"27\">Port \u0142adowania typu C<\/b> umieszczony w dolnej cz\u0119\u015bci. Bateria o pojemno\u015bci 550 mAh obs\u0142uguje szybkie \u0142adowanie, aby zminimalizowa\u0107 przestoje.<\/p>","protected":false},"excerpt":{"rendered":"<p>G\u0142\u0119boki, d\u017cemowy i lodowaty. Prze\u0142\u0105czanie mi\u0119dzy bogatymi <b data-path-to-node=\"25,2,0\" data-index-in-node=\"66\">L\u00f3d winogronowy<\/b> i s\u0142odki <b data-path-to-node=\"25,2,0\" data-index-in-node=\"86\">Jagoda Winogrono<\/b>. To <b data-path-to-node=\"25,2,0\" data-index-in-node=\"108\">60 000 puff\u00f3w vape wielokrotnego nape\u0142niania<\/b> posiada w pe\u0142ni przezroczyst\u0105 konstrukcj\u0119 z dwoma zbiornikami, umo\u017cliwiaj\u0105c\u0105 monitorowanie soku przy jednoczesnym delektowaniu si\u0119 najwy\u017cszej jako\u015bci smakiem winoro\u015bli.<\/p>","protected":false},"featured_media":62669,"comment_status":"open","ping_status":"closed","template":"","meta":{"_acf_changed":false},"product_brand":[],"product_cat":[120],"product_tag":[],"class_list":{"0":"post-62593","1":"product","2":"type-product","3":"status-publish","4":"has-post-thumbnail","6":"product_cat-puff-60k-bang-60000-refillable-vape","8":"first","9":"instock","10":"shipping-taxable","11":"purchasable","12":"product-type-variable"},"acf":[],"yoast_head":"<!-- This site is optimized with the Yoast SEO Premium plugin v26.1 (Yoast SEO v27.5) - https:\/\/yoast.com\/product\/yoast-seo-premium-wordpress\/ -->\n<title>Grape Ice &amp; Blueberry Grape Bang 60000 | 60k Puff 2-in-1 Vape - vozolvapen<\/title>\n<meta name=\"description\" content=\"Bang 60000 Grape Ice &amp; Blueberry Grape. 60,000 puffs, 36ml capacity, 2-in-1 switch, and smart display. Shipped from EU warehouse.\" \/>\n<meta name=\"robots\" content=\"index, follow, max-snippet:-1, max-image-preview:large, max-video-preview:-1\" \/>\n<link rel=\"canonical\" href=\"https:\/\/vozolvapen.de\/pl\/product\/puff-60k-bang-60000-refillable-vape-grape-ice-blueberry-grape\/\" \/>\n<meta property=\"og:locale\" content=\"pl_PL\" \/>\n<meta property=\"og:type\" content=\"article\" \/>\n<meta property=\"og:title\" content=\"Puff 60k Bang 60000 Refillable Vape - Grape Ice &amp; Blueberry Grape\" \/>\n<meta property=\"og:description\" content=\"Bang 60000 Grape Ice &amp; Blueberry Grape. 60,000 puffs, 36ml capacity, 2-in-1 switch, and smart display. Shipped from EU warehouse.\" \/>\n<meta property=\"og:url\" content=\"https:\/\/vozolvapen.de\/pl\/product\/puff-60k-bang-60000-refillable-vape-grape-ice-blueberry-grape\/\" \/>\n<meta property=\"og:site_name\" content=\"vozolvapen\" \/>\n<meta property=\"article:modified_time\" content=\"2026-04-08T03:08:16+00:00\" \/>\n<meta property=\"og:image\" content=\"https:\/\/vozolvapen.de\/wp-content\/uploads\/2026\/01\/Puff-60k-Bang-60000-Refillable-Vape-Grape-Ice-Blueberry-Grape.webp\" \/>\n\t<meta property=\"og:image:width\" content=\"774\" \/>\n\t<meta property=\"og:image:height\" content=\"1200\" \/>\n\t<meta property=\"og:image:type\" content=\"image\/webp\" \/>\n<meta name=\"twitter:card\" content=\"summary_large_image\" \/>\n<meta name=\"twitter:label1\" content=\"Szacowany czas czytania\" \/>\n\t<meta name=\"twitter:data1\" content=\"3 minuty\" \/>\n<script type=\"application\/ld+json\" class=\"yoast-schema-graph\">{\"@context\":\"https:\\\/\\\/schema.org\",\"@graph\":[{\"@type\":\"WebPage\",\"@id\":\"https:\\\/\\\/vozolvapen.de\\\/product\\\/puff-60k-bang-60000-refillable-vape-grape-ice-blueberry-grape\\\/\",\"url\":\"https:\\\/\\\/vozolvapen.de\\\/product\\\/puff-60k-bang-60000-refillable-vape-grape-ice-blueberry-grape\\\/\",\"name\":\"Grape Ice & Blueberry Grape Bang 60000 | 60k Puff 2-in-1 Vape - vozolvapen\",\"isPartOf\":{\"@id\":\"https:\\\/\\\/vozolvapen.de\\\/#website\"},\"primaryImageOfPage\":{\"@id\":\"https:\\\/\\\/vozolvapen.de\\\/product\\\/puff-60k-bang-60000-refillable-vape-grape-ice-blueberry-grape\\\/#primaryimage\"},\"image\":{\"@id\":\"https:\\\/\\\/vozolvapen.de\\\/product\\\/puff-60k-bang-60000-refillable-vape-grape-ice-blueberry-grape\\\/#primaryimage\"},\"thumbnailUrl\":\"https:\\\/\\\/vozolvapen.de\\\/wp-content\\\/uploads\\\/2026\\\/01\\\/Puff-60k-Bang-60000-Refillable-Vape-Grape-Ice-Blueberry-Grape.webp\",\"datePublished\":\"2026-01-19T03:58:00+00:00\",\"dateModified\":\"2026-04-08T03:08:16+00:00\",\"description\":\"Bang 60000 Grape Ice & Blueberry Grape. 60,000 puffs, 36ml capacity, 2-in-1 switch, and smart display. Shipped from EU warehouse.\",\"breadcrumb\":{\"@id\":\"https:\\\/\\\/vozolvapen.de\\\/product\\\/puff-60k-bang-60000-refillable-vape-grape-ice-blueberry-grape\\\/#breadcrumb\"},\"inLanguage\":\"pl-PL\",\"potentialAction\":[{\"@type\":\"ReadAction\",\"target\":[\"https:\\\/\\\/vozolvapen.de\\\/product\\\/puff-60k-bang-60000-refillable-vape-grape-ice-blueberry-grape\\\/\"]}]},{\"@type\":\"ImageObject\",\"inLanguage\":\"pl-PL\",\"@id\":\"https:\\\/\\\/vozolvapen.de\\\/product\\\/puff-60k-bang-60000-refillable-vape-grape-ice-blueberry-grape\\\/#primaryimage\",\"url\":\"https:\\\/\\\/vozolvapen.de\\\/wp-content\\\/uploads\\\/2026\\\/01\\\/Puff-60k-Bang-60000-Refillable-Vape-Grape-Ice-Blueberry-Grape.webp\",\"contentUrl\":\"https:\\\/\\\/vozolvapen.de\\\/wp-content\\\/uploads\\\/2026\\\/01\\\/Puff-60k-Bang-60000-Refillable-Vape-Grape-Ice-Blueberry-Grape.webp\",\"width\":774,\"height\":1200,\"caption\":\"Puff 60k Bang 60000 Refillable Vape - Grape Ice & Blueberry Grape\"},{\"@type\":\"BreadcrumbList\",\"@id\":\"https:\\\/\\\/vozolvapen.de\\\/product\\\/puff-60k-bang-60000-refillable-vape-grape-ice-blueberry-grape\\\/#breadcrumb\",\"itemListElement\":[{\"@type\":\"ListItem\",\"position\":1,\"name\":\"Home\",\"item\":\"https:\\\/\\\/vozolvapen.de\\\/de\\\/\"},{\"@type\":\"ListItem\",\"position\":2,\"name\":\"Shop\",\"item\":\"https:\\\/\\\/vozolvapen.de\\\/shop\\\/\"},{\"@type\":\"ListItem\",\"position\":3,\"name\":\"Puff 60k Bang 60000 Refillable Vape &#8211; Grape Ice &#038; Blueberry Grape\"}]},{\"@type\":\"WebSite\",\"@id\":\"https:\\\/\\\/vozolvapen.de\\\/#website\",\"url\":\"https:\\\/\\\/vozolvapen.de\\\/\",\"name\":\"vozolvapen\",\"description\":\"vozolvapen\",\"publisher\":{\"@id\":\"https:\\\/\\\/vozolvapen.de\\\/#organization\"},\"potentialAction\":[{\"@type\":\"SearchAction\",\"target\":{\"@type\":\"EntryPoint\",\"urlTemplate\":\"https:\\\/\\\/vozolvapen.de\\\/?s={search_term_string}\"},\"query-input\":{\"@type\":\"PropertyValueSpecification\",\"valueRequired\":true,\"valueName\":\"search_term_string\"}}],\"inLanguage\":\"pl-PL\"},{\"@type\":\"Organization\",\"@id\":\"https:\\\/\\\/vozolvapen.de\\\/#organization\",\"name\":\"vozolvapen\",\"url\":\"https:\\\/\\\/vozolvapen.de\\\/\",\"logo\":{\"@type\":\"ImageObject\",\"inLanguage\":\"pl-PL\",\"@id\":\"https:\\\/\\\/vozolvapen.de\\\/#\\\/schema\\\/logo\\\/image\\\/\",\"url\":\"https:\\\/\\\/vozolvapen.de\\\/wp-content\\\/uploads\\\/2025\\\/12\\\/cropped-vozovapen-logo.webp\",\"contentUrl\":\"https:\\\/\\\/vozolvapen.de\\\/wp-content\\\/uploads\\\/2025\\\/12\\\/cropped-vozovapen-logo.webp\",\"width\":470,\"height\":110,\"caption\":\"vozolvapen\"},\"image\":{\"@id\":\"https:\\\/\\\/vozolvapen.de\\\/#\\\/schema\\\/logo\\\/image\\\/\"}}]}<\/script>\n<!-- \/ Yoast SEO Premium plugin. -->","yoast_head_json":{"title":"Grape Ice &amp; Blueberry Grape Bang 60000 | 60k Puff 2 w 1 Vape - vozolvapen","description":"Bang 60000 Grape Ice &amp; Blueberry Grape. 60 000 zaci\u0105gni\u0119\u0107, pojemno\u015b\u0107 36 ml, prze\u0142\u0105cznik 2 w 1 i inteligentny wy\u015bwietlacz. Wysy\u0142ka z magazynu w UE.","robots":{"index":"index","follow":"follow","max-snippet":"max-snippet:-1","max-image-preview":"max-image-preview:large","max-video-preview":"max-video-preview:-1"},"canonical":"https:\/\/vozolvapen.de\/pl\/product\/puff-60k-bang-60000-refillable-vape-grape-ice-blueberry-grape\/","og_locale":"pl_PL","og_type":"article","og_title":"Puff 60k Bang 60000 Refillable Vape - Grape Ice & Blueberry Grape","og_description":"Bang 60000 Grape Ice & Blueberry Grape. 60,000 puffs, 36ml capacity, 2-in-1 switch, and smart display. Shipped from EU warehouse.","og_url":"https:\/\/vozolvapen.de\/pl\/product\/puff-60k-bang-60000-refillable-vape-grape-ice-blueberry-grape\/","og_site_name":"vozolvapen","article_modified_time":"2026-04-08T03:08:16+00:00","og_image":[{"width":774,"height":1200,"url":"https:\/\/vozolvapen.de\/wp-content\/uploads\/2026\/01\/Puff-60k-Bang-60000-Refillable-Vape-Grape-Ice-Blueberry-Grape.webp","type":"image\/webp"}],"twitter_card":"summary_large_image","twitter_misc":{"Szacowany czas czytania":"3 minuty"},"schema":{"@context":"https:\/\/schema.org","@graph":[{"@type":"WebPage","@id":"https:\/\/vozolvapen.de\/product\/puff-60k-bang-60000-refillable-vape-grape-ice-blueberry-grape\/","url":"https:\/\/vozolvapen.de\/product\/puff-60k-bang-60000-refillable-vape-grape-ice-blueberry-grape\/","name":"Grape Ice &amp; Blueberry Grape Bang 60000 | 60k Puff 2 w 1 Vape - vozolvapen","isPartOf":{"@id":"https:\/\/vozolvapen.de\/#website"},"primaryImageOfPage":{"@id":"https:\/\/vozolvapen.de\/product\/puff-60k-bang-60000-refillable-vape-grape-ice-blueberry-grape\/#primaryimage"},"image":{"@id":"https:\/\/vozolvapen.de\/product\/puff-60k-bang-60000-refillable-vape-grape-ice-blueberry-grape\/#primaryimage"},"thumbnailUrl":"https:\/\/vozolvapen.de\/wp-content\/uploads\/2026\/01\/Puff-60k-Bang-60000-Refillable-Vape-Grape-Ice-Blueberry-Grape.webp","datePublished":"2026-01-19T03:58:00+00:00","dateModified":"2026-04-08T03:08:16+00:00","description":"Bang 60000 Grape Ice &amp; Blueberry Grape. 60 000 zaci\u0105gni\u0119\u0107, pojemno\u015b\u0107 36 ml, prze\u0142\u0105cznik 2 w 1 i inteligentny wy\u015bwietlacz. Wysy\u0142ka z magazynu w UE.","breadcrumb":{"@id":"https:\/\/vozolvapen.de\/product\/puff-60k-bang-60000-refillable-vape-grape-ice-blueberry-grape\/#breadcrumb"},"inLanguage":"pl-PL","potentialAction":[{"@type":"ReadAction","target":["https:\/\/vozolvapen.de\/product\/puff-60k-bang-60000-refillable-vape-grape-ice-blueberry-grape\/"]}]},{"@type":"ImageObject","inLanguage":"pl-PL","@id":"https:\/\/vozolvapen.de\/product\/puff-60k-bang-60000-refillable-vape-grape-ice-blueberry-grape\/#primaryimage","url":"https:\/\/vozolvapen.de\/wp-content\/uploads\/2026\/01\/Puff-60k-Bang-60000-Refillable-Vape-Grape-Ice-Blueberry-Grape.webp","contentUrl":"https:\/\/vozolvapen.de\/wp-content\/uploads\/2026\/01\/Puff-60k-Bang-60000-Refillable-Vape-Grape-Ice-Blueberry-Grape.webp","width":774,"height":1200,"caption":"Puff 60k Bang 60000 Refillable Vape - Grape Ice & Blueberry Grape"},{"@type":"BreadcrumbList","@id":"https:\/\/vozolvapen.de\/product\/puff-60k-bang-60000-refillable-vape-grape-ice-blueberry-grape\/#breadcrumb","itemListElement":[{"@type":"ListItem","position":1,"name":"Home","item":"https:\/\/vozolvapen.de\/de\/"},{"@type":"ListItem","position":2,"name":"Shop","item":"https:\/\/vozolvapen.de\/shop\/"},{"@type":"ListItem","position":3,"name":"Puff 60k Bang 60000 Refillable Vape &#8211; Grape Ice &#038; Blueberry Grape"}]},{"@type":"WebSite","@id":"https:\/\/vozolvapen.de\/#website","url":"https:\/\/vozolvapen.de\/","name":"vozolvapen","description":"vozolvapen","publisher":{"@id":"https:\/\/vozolvapen.de\/#organization"},"potentialAction":[{"@type":"SearchAction","target":{"@type":"EntryPoint","urlTemplate":"https:\/\/vozolvapen.de\/?s={search_term_string}"},"query-input":{"@type":"PropertyValueSpecification","valueRequired":true,"valueName":"search_term_string"}}],"inLanguage":"pl-PL"},{"@type":"Organization","@id":"https:\/\/vozolvapen.de\/#organization","name":"vozolvapen","url":"https:\/\/vozolvapen.de\/","logo":{"@type":"ImageObject","inLanguage":"pl-PL","@id":"https:\/\/vozolvapen.de\/#\/schema\/logo\/image\/","url":"https:\/\/vozolvapen.de\/wp-content\/uploads\/2025\/12\/cropped-vozovapen-logo.webp","contentUrl":"https:\/\/vozolvapen.de\/wp-content\/uploads\/2025\/12\/cropped-vozovapen-logo.webp","width":470,"height":110,"caption":"vozolvapen"},"image":{"@id":"https:\/\/vozolvapen.de\/#\/schema\/logo\/image\/"}}]}},"tiered_pricing_type":"fixed","tiered_pricing_fixed_rules":{"30":"12","50":"10","100":"9","200":"8.5"},"tiered_pricing_product_settings":{"layout":"default","base_unit_name":{"singular":null,"plural":null},"default_variation":{}},"tiered_pricing_minimum_quantity":10,"tiered_pricing_roles_data":[],"tiered_pricing_percentage_rules":[],"tiered_pricing_maximum_quantity":null,"tiered_pricing_quantity_step":"10","_links":{"self":[{"href":"http:\/\/vozolvapen.de\/pl\/wp-json\/wp\/v2\/product\/62593","targetHints":{"allow":["GET"]}}],"collection":[{"href":"http:\/\/vozolvapen.de\/pl\/wp-json\/wp\/v2\/product"}],"about":[{"href":"http:\/\/vozolvapen.de\/pl\/wp-json\/wp\/v2\/types\/product"}],"replies":[{"embeddable":true,"href":"http:\/\/vozolvapen.de\/pl\/wp-json\/wp\/v2\/comments?post=62593"}],"wp:featuredmedia":[{"embeddable":true,"href":"http:\/\/vozolvapen.de\/pl\/wp-json\/wp\/v2\/media\/62669"}],"wp:attachment":[{"href":"http:\/\/vozolvapen.de\/pl\/wp-json\/wp\/v2\/media?parent=62593"}],"wp:term":[{"taxonomy":"product_brand","embeddable":true,"href":"http:\/\/vozolvapen.de\/pl\/wp-json\/wp\/v2\/product_brand?post=62593"},{"taxonomy":"product_cat","embeddable":true,"href":"http:\/\/vozolvapen.de\/pl\/wp-json\/wp\/v2\/product_cat?post=62593"},{"taxonomy":"product_tag","embeddable":true,"href":"http:\/\/vozolvapen.de\/pl\/wp-json\/wp\/v2\/product_tag?post=62593"}],"curies":[{"name":"wp","href":"https:\/\/api.w.org\/{rel}","templated":true}]}}