{"id":62913,"date":"2026-01-20T07:24:05","date_gmt":"2026-01-20T07:24:05","guid":{"rendered":"https:\/\/vozolvapen.de\/?post_type=product&#038;p=62913"},"modified":"2026-02-10T10:39:00","modified_gmt":"2026-02-10T10:39:00","slug":"al-fakher-8000-disposable-e-cigarette-lemon-mint","status":"publish","type":"product","link":"http:\/\/vozolvapen.de\/pl\/product\/al-fakher-8000-disposable-e-cigarette-lemon-mint\/","title":{"rendered":"AL Fakher 8000 Jednorazowy papieros elektroniczny - mi\u0119ta cytrynowa"},"content":{"rendered":"<h1 data-path-to-node=\"48,0,0\">AL Fakher 8000 Jednorazowy papieros elektroniczny - Lemon Mint | The Signature Blend<\/h1>\n<p>Je\u015bli kiedykolwiek odwiedzi\u0142e\u015b fajk\u0119 wodn\u0105, znasz ten zapach. <b data-path-to-node=\"23\" data-index-in-node=\"107\">Mi\u0119ta cytrynowa<\/b> jest kwintesencj\u0105 <b data-path-to-node=\"23\" data-index-in-node=\"140\">AL Fakher Flavor<\/b>. Jest to podzia\u0142 50\/50 pikantnych cytrus\u00f3w i \u015bwie\u017cej zio\u0142owej mi\u0119ty. To <b data-path-to-node=\"23\" data-index-in-node=\"229\">AL Fakher 8000 Jednorazowy papieros elektroniczny<\/b> zapewnia idealn\u0105 r\u00f3wnowag\u0119 kwa\u015bnego i ch\u0142odnego smaku, zapewniaj\u0105c najbardziej wyrafinowane doznania podczas palenia shishy w przeno\u015bnym formacie.<\/p>\n<h2>Profesjonalne noty i oceny degustacyjne<\/h2>\n<table data-path-to-node=\"30\">\n<thead>\n<tr>\n<td><strong>Metryka wydajno\u015bci<\/strong><\/td>\n<td><strong>Ocena \/ szczeg\u00f3\u0142y<\/strong><\/td>\n<\/tr>\n<\/thead>\n<tbody>\n<tr>\n<td><span data-path-to-node=\"30,1,0,0\"><b data-path-to-node=\"30,1,0,0\" data-index-in-node=\"0\">Wsp\u00f3\u0142czynnik r\u00f3wnowagi<\/b><\/span><\/td>\n<td><span data-path-to-node=\"30,1,1,0\">\u2605\u2605\u2605\u2605\u2605 (Perfect Sour-Cool)<\/span><\/td>\n<\/tr>\n<tr>\n<td><span data-path-to-node=\"30,2,0,0\"><b data-path-to-node=\"30,2,0,0\" data-index-in-node=\"0\">Zapach<\/b><\/span><\/td>\n<td><span data-path-to-node=\"30,2,1,0\">\u2605\u2605\u2605\u2605\u2605 (Zio\u0142owa \u015bwie\u017co\u015b\u0107)<\/span><\/td>\n<\/tr>\n<tr>\n<td><span data-path-to-node=\"30,3,0,0\"><b data-path-to-node=\"30,3,0,0\" data-index-in-node=\"0\">Intensywno\u015b\u0107 ch\u0142odzenia<\/b><\/span><\/td>\n<td><span data-path-to-node=\"30,3,1,0\">\u2605\u2605\u2605\u2605\u2606 (Mint-Forward)<\/span><\/td>\n<\/tr>\n<tr>\n<td><span data-path-to-node=\"30,4,0,0\"><b data-path-to-node=\"30,4,0,0\" data-index-in-node=\"0\">Konserwacja<\/b><\/span><\/td>\n<td><span data-path-to-node=\"30,4,1,0\">\u2605\u2605\u2605\u2605\u2605 (monitoring cyfrowy)<\/span><\/td>\n<\/tr>\n<tr>\n<td><span data-path-to-node=\"30,5,0,0\"><b data-path-to-node=\"30,5,0,0\" data-index-in-node=\"0\">S\u0142owa kluczowe<\/b><\/span><\/td>\n<td><span data-path-to-node=\"30,5,1,0\">Niezb\u0119dny <b data-path-to-node=\"30,5,1,0\" data-index-in-node=\"10\">al fakher Flavors<\/b><\/span><\/td>\n<\/tr>\n<\/tbody>\n<\/table>\n<h2 data-path-to-node=\"17\"><b data-path-to-node=\"17\" data-index-in-node=\"0\"> Specyfikacja techniczna Lemon Mint |<\/b><\/h2>\n<table data-path-to-node=\"18\">\n<thead>\n<tr>\n<td><strong>Cecha<\/strong><\/td>\n<td><strong>Szczeg\u00f3\u0142y specyfikacji<\/strong><\/td>\n<\/tr>\n<\/thead>\n<tbody>\n<tr>\n<td><span data-path-to-node=\"18,1,0,0\"><b data-path-to-node=\"18,1,0,0\" data-index-in-node=\"0\">Model<\/b><\/span><\/td>\n<td><span data-path-to-node=\"18,1,1,0\">AL Fakher 8000 Crystal (Crown Bar)<\/span><\/td>\n<\/tr>\n<tr>\n<td><span data-path-to-node=\"18,2,0,0\"><b data-path-to-node=\"18,2,0,0\" data-index-in-node=\"0\">Profil smakowy<\/b><\/span><\/td>\n<td><span data-path-to-node=\"18,2,1,0\">\u015ar\u00f3dziemnomorska cytryna i dzika mi\u0119ta<\/span><\/td>\n<\/tr>\n<tr>\n<td><span data-path-to-node=\"18,3,0,0\"><b data-path-to-node=\"18,3,0,0\" data-index-in-node=\"0\">Najlepsze dla<\/b><\/span><\/td>\n<td><span data-path-to-node=\"18,3,1,0\">Autentyczni entuzja\u015bci Shisha Lounge<\/span><\/td>\n<\/tr>\n<tr>\n<td><span data-path-to-node=\"18,4,0,0\"><b data-path-to-node=\"18,4,0,0\" data-index-in-node=\"0\">R\u00f3wnowaga<\/b><\/span><\/td>\n<td><span data-path-to-node=\"18,4,1,0\">50% Citrus \/ 50% Menthol<\/span><\/td>\n<\/tr>\n<tr>\n<td><span data-path-to-node=\"18,5,0,0\"><b data-path-to-node=\"18,5,0,0\" data-index-in-node=\"0\">Panel wy\u015bwietlacza<\/b><\/span><\/td>\n<td><span data-path-to-node=\"18,5,1,0\">Cyfrowy inteligentny interfejs LED<\/span><\/td>\n<\/tr>\n<tr>\n<td><span data-path-to-node=\"18,6,0,0\"><b data-path-to-node=\"18,6,0,0\" data-index-in-node=\"0\">Przeno\u015bno\u015b\u0107<\/b><\/span><\/td>\n<td><span data-path-to-node=\"18,6,1,0\">Ergonomiczny mod pude\u0142kowy 114 g<\/span><\/td>\n<\/tr>\n<tr>\n<td><span data-path-to-node=\"18,7,0,0\"><b data-path-to-node=\"18,7,0,0\" data-index-in-node=\"0\">Puff Limit<\/b><\/span><\/td>\n<td><span data-path-to-node=\"18,7,1,0\">8000 zaci\u0105gni\u0119\u0107 na urz\u0105dzenie<\/span><\/td>\n<\/tr>\n<tr>\n<td><span data-path-to-node=\"18,8,0,0\"><b data-path-to-node=\"18,8,0,0\" data-index-in-node=\"0\">Jako\u015b\u0107 Std<\/b><\/span><\/td>\n<td><span data-path-to-node=\"18,8,1,0\">Oficjalny <b data-path-to-node=\"18,8,1,0\" data-index-in-node=\"9\">al fakher puff<\/b> Seria<\/span><\/td>\n<\/tr>\n<\/tbody>\n<\/table>\n<h2 data-path-to-node=\"48,0,0\"><b data-path-to-node=\"48,0,0\" data-index-in-node=\"0\">Dlaczego warto wybra\u0107 AL Fakher 8000 Crystal?<\/b><\/h2>\n<p data-path-to-node=\"48,0,0\">\u0141\u0105czy w sobie dziedzictwo <b data-path-to-node=\"48,0,0\" data-index-in-node=\"63\">al fakher<\/b> shisha z wygod\u0105 <b data-path-to-node=\"48,0,0\" data-index-in-node=\"106\">jednorazowy e-papieros<\/b>. Niezale\u017cnie od tego, czy szukasz s\u0142odyczy <b data-path-to-node=\"48,0,0\" data-index-in-node=\"175\">crown bar al fakher<\/b> smaki lub klasyczny hit <b data-path-to-node=\"48,0,0\" data-index-in-node=\"227\">puff al fakher<\/b>, To urz\u0105dzenie zapewnia to wszystko dzi\u0119ki \u017cywotno\u015bci 8000 zaci\u0105gni\u0119\u0107 i akumulatorowi o pojemno\u015bci 1200 mAh.<\/p>\n<h2 data-path-to-node=\"48,1,0\"><b data-path-to-node=\"48,1,0\" data-index-in-node=\"0\">Szybka wysy\u0142ka na terenie UE:<\/b><\/h2>\n<p data-path-to-node=\"48,1,0\">Wszystkie nasze <b data-path-to-node=\"48,1,0\" data-index-in-node=\"26\">AL Fakher 8000 Jednorazowe papierosy elektroniczne<\/b> s\u0105 dost\u0119pne w naszym magazynie <b data-path-to-node=\"48,1,0\" data-index-in-node=\"84\">Magazyn europejski<\/b>, zapewniaj\u0105c, \u017ce otrzymasz swoje ulubione <b data-path-to-node=\"48,1,0\" data-index-in-node=\"139\">smaki al fakher<\/b> w ci\u0105gu 1-3 dni. \u017badnych k\u0142opot\u00f3w celnych, tylko czysta przyjemno\u015b\u0107 z waporyzacji.<\/p>\n<h2 data-path-to-node=\"2\"><b data-path-to-node=\"2\" data-index-in-node=\"0\">Cz\u0119sto zadawane pytania - AL Fakher 8000 Crystal<\/b><\/h2>\n<h3 data-path-to-node=\"3\"><b data-path-to-node=\"3\" data-index-in-node=\"0\">1. Co odr\u00f3\u017cnia AL Fakher 8000 Crystal od innych produkt\u00f3w jednorazowego u\u017cytku?<\/b><\/h3>\n<p data-path-to-node=\"4\">The <b data-path-to-node=\"4\" data-index-in-node=\"4\">AL Fakher 8000 Jednorazowy papieros elektroniczny<\/b> jest cz\u0119\u015bci\u0105 elity <b data-path-to-node=\"4\" data-index-in-node=\"63\">Crown Bar AL Fakher<\/b> Seria. W przeciwie\u0144stwie do standardowych urz\u0105dze\u0144 jednorazowego u\u017cytku typu usta-p\u0142uca (MTL), to urz\u0105dzenie zosta\u0142o zaprojektowane z my\u015bl\u0105 o <b data-path-to-node=\"4\" data-index-in-node=\"170\">DTL (Direct-To-Lung)<\/b> vaping, na\u015bladuj\u0105c autentyczne do\u015bwiadczenie shishy. Z <b data-path-to-node=\"4\" data-index-in-node=\"249\">Podw\u00f3jna cewka 0,65\u03a9<\/b>, wytwarza znacznie g\u0119stsze chmury i bardziej intensywne <b data-path-to-node=\"4\" data-index-in-node=\"320\">Smaki AL Fakher<\/b> ni\u017c tradycyjne systemy kapsu\u0142owe.<\/p>\n<h3 data-path-to-node=\"5\"><b data-path-to-node=\"5\" data-index-in-node=\"0\">2. Ile zaci\u0105gni\u0119\u0107 mog\u0119 oczekiwa\u0107 od AL Fakher 8000?<\/b><\/h3>\n<p data-path-to-node=\"6\">Ka\u017cdy <b data-path-to-node=\"6\" data-index-in-node=\"5\">puff AL Fakher<\/b> Urz\u0105dzenie jest zaprojektowane do dostarczania do <b data-path-to-node=\"6\" data-index-in-node=\"56\">8000 zaci\u0105gni\u0119\u0107<\/b>. Ta d\u0142ugowieczno\u015b\u0107 jest wspierana przez du\u017c\u0105 <b data-path-to-node=\"6\" data-index-in-node=\"107\">18 ml wst\u0119pnie nape\u0142nionego e-liquidu<\/b> i zbiornik o du\u017cej pojemno\u015bci <b data-path-to-node=\"6\" data-index-in-node=\"162\">Akumulator o pojemno\u015bci 1200 mAh<\/b>, zapewniaj\u0105c, \u017ce Tw\u00f3j ulubiony <b data-path-to-node=\"6\" data-index-in-node=\"220\">Smak AL Fakher<\/b> trwa od pierwszego do ostatniego losowania.<\/p>\n<h3 data-path-to-node=\"7\"><b data-path-to-node=\"7\" data-index-in-node=\"0\">3. Sk\u0105d mam wiedzie\u0107, \u017ce e-liquid lub bateria s\u0105 na wyczerpaniu?<\/b><\/h3>\n<p data-path-to-node=\"8\">The <b data-path-to-node=\"8\" data-index-in-node=\"4\">AL Fakher 8000 Crystal<\/b> posiada najnowocze\u015bniejszy <b data-path-to-node=\"8\" data-index-in-node=\"51\">cyfrowy ekran wy\u015bwietlacza<\/b>. Ten inteligentny interfejs zawiera <b data-path-to-node=\"8\" data-index-in-node=\"107\">wska\u017anik \u017cywotno\u015bci baterii<\/b> i <b data-path-to-node=\"8\" data-index-in-node=\"137\">Wska\u017anik poziomu e-cieczy<\/b>, dzi\u0119ki czemu mo\u017cna monitorowa\u0107 <b data-path-to-node=\"8\" data-index-in-node=\"187\">AL Fakher puff<\/b> i poziomy mocy w czasie rzeczywistym, zapobiegaj\u0105c nieoczekiwanym suchym trafieniom.<\/p>\n<h3 data-path-to-node=\"9\"><b data-path-to-node=\"9\" data-index-in-node=\"0\">4. Czy smaki s\u0105 identyczne z tradycyjn\u0105 shish\u0105 AL Fakher?<\/b><\/h3>\n<p data-path-to-node=\"10\">Tak! The <b data-path-to-node=\"10\" data-index-in-node=\"9\">Smaki AL Fakher<\/b> stosowane w serii Crown Bar s\u0105 formu\u0142owane przy u\u017cyciu tych samych profili aromatycznych, kt\u00f3re sprawi\u0142y, \u017ce <b data-path-to-node=\"10\" data-index-in-node=\"114\">AL Fakher<\/b> wiod\u0105ca marka shishy na \u015bwiecie. Niezale\u017cnie od tego, czy jest to kultowy <b data-path-to-node=\"10\" data-index-in-node=\"182\">Dwa jab\u0142ka<\/b> (Magic Love) lub od\u015bwie\u017caj\u0105cy <b data-path-to-node=\"10\" data-index-in-node=\"224\">Gum Mint<\/b>, Otrzymujesz najbardziej autentyczny smak fajki wodnej dost\u0119pny w przeno\u015bnym formacie.<\/p>\n<h3 data-path-to-node=\"11\"><b data-path-to-node=\"11\" data-index-in-node=\"0\">5. Czy poziom nikotyny jest odpowiedni dla ka\u017cdego?<\/b><\/h3>\n<p data-path-to-node=\"12\">The <b data-path-to-node=\"12\" data-index-in-node=\"4\">AL Fakher 8000 Jednorazowy papieros elektroniczny<\/b> jest wyposa\u017cony w <b data-path-to-node=\"12\" data-index-in-node=\"55\">0.5% (5mg\/mL) poziom nikotyny<\/b>. To ni\u017csze st\u0119\u017cenie nikotyny zosta\u0142o specjalnie dobrane, aby u\u0142atwi\u0107 <b data-path-to-node=\"12\" data-index-in-node=\"160\">Wdech w stylu shishy DTL<\/b>, Pozwala to na wytwarzanie ogromnych chmur bez ostrego uderzenia w gard\u0142o, kt\u00f3re mo\u017cna znale\u017a\u0107 w jednorazowych papierosach o wysokiej zawarto\u015bci nikotyny.<\/p>\n<h3 data-path-to-node=\"13\"><b data-path-to-node=\"13\" data-index-in-node=\"0\">6. Jak mog\u0119 na\u0142adowa\u0107 m\u00f3j Crown Bar AL Fakher?<\/b><\/h3>\n<p data-path-to-node=\"14\">Urz\u0105dzenie jest wyposa\u017cone w <b data-path-to-node=\"14\" data-index-in-node=\"30\">Port \u0142adowania typu C<\/b>. Wystarczy pod\u0142\u0105czy\u0107 go do dowolnego standardowego kabla USB-C, aby szybko na\u0142adowa\u0107 urz\u0105dzenie. <b data-path-to-node=\"14\" data-index-in-node=\"117\">Bateria 1200 mAh<\/b>. Cyfrowy ekran poka\u017ce post\u0119p \u0142adowania, zapewniaj\u0105c, \u017ce <b data-path-to-node=\"14\" data-index-in-node=\"204\">AL Fakher 8000<\/b> jest zawsze gotowy do sesji.<\/p>\n<h3 data-path-to-node=\"15\"><b data-path-to-node=\"15\" data-index-in-node=\"0\">7. Jak szybka jest wysy\u0142ka dla klient\u00f3w z Europy?<\/b><\/h3>\n<p data-path-to-node=\"16\">Wszystkie zam\u00f3wienia wysy\u0142amy bezpo\u015brednio z naszego <b data-path-to-node=\"16\" data-index-in-node=\"37\">Magazyn europejski<\/b>. Gwarantuje to b\u0142yskawiczny czas dostawy wynosz\u0105cy <b data-path-to-node=\"16\" data-index-in-node=\"107\">1-3 dni robocze<\/b> na terenie UE. Wybieraj\u0105c nasz sklep, unikasz d\u0142ugiego oczekiwania na odpraw\u0119 celn\u0105 i otrzymujesz <b data-path-to-node=\"16\" data-index-in-node=\"209\">AL Fakher puff<\/b> urz\u0105dzenia szybko i bezpiecznie.<\/p>\n<h3 data-path-to-node=\"17\"><b data-path-to-node=\"17\" data-index-in-node=\"0\">8. Czy mog\u0119 kupi\u0107 AL Fakher 8000 Crystal luzem?<\/b><\/h3>\n<p data-path-to-node=\"18\">Absolutnie. Oferujemy <b data-path-to-node=\"18\" data-index-in-node=\"25\">AL Fakher 8000<\/b> w <b data-path-to-node=\"18\" data-index-in-node=\"43\">10-pak wy\u015bwietlaczy<\/b>, dzi\u0119ki czemu jest idealny zar\u00f3wno dla indywidualnych entuzjast\u00f3w, kt\u00f3rzy chc\u0105 zaopatrzy\u0107 si\u0119 w swoje ulubione produkty. <b data-path-to-node=\"18\" data-index-in-node=\"148\">Smaki AL Fakher<\/b> i sklepy detaliczne poszukuj\u0105ce produkt\u00f3w premium <b data-path-to-node=\"18\" data-index-in-node=\"203\">Crown Bar AL Fakher<\/b> ekwipunek.<\/p>\n<h3 data-path-to-node=\"147\"><b data-path-to-node=\"147\" data-index-in-node=\"0\">Oto dalsze zalecenia dla Ciebie:<\/b><\/h3>\n<p data-path-to-node=\"148\">Odkryj jeszcze wi\u0119cej niesamowitych smak\u00f3w dzi\u0119ki\u00a0<b data-path-to-node=\"148\" data-index-in-node=\"47\">AL Fakher 8000 Crystal Puffs Vape<\/b>!<\/p>\n<p data-path-to-node=\"149\"><a class=\"ng-star-inserted\" href=\"https:\/\/vozolvapen.de\/pl\/product-category\/al-fakher\/al-fakher-8000-crystal\/\" target=\"_blank\" rel=\"noopener noreferrer nofollow\" data-hveid=\"0\" data-ved=\"0CAAQ_4QMahgKEwirptGFztCRAxUAAAAAHQAAAAAQqgI\">Zobacz wszystkie odmiany tutaj \u2192<\/a><\/p>\n<p data-path-to-node=\"150\">Zapoznaj si\u0119 z nasz\u0105 pe\u0142n\u0105 kolekcj\u0105 i kupuj produkty najlepszych marek vape, kt\u00f3re pokochasz.<\/p>\n<p data-path-to-node=\"151\"><a class=\"ng-star-inserted\" href=\"https:\/\/vozolvapen.de\/pl\/\" target=\"_blank\" rel=\"noopener noreferrer nofollow\" data-hveid=\"0\" data-ved=\"0CAAQ_4QMahgKEwirptGFztCRAxUAAAAAHQAAAAAQqwI\">Przegl\u0105daj teraz wszystkie marki \u2192<\/a><\/p>\n<p data-path-to-node=\"152\">Sprawd\u017a ca\u0142o\u015b\u0107\u00a0<strong>Seria AL Fakher<\/strong>\u00a0- ka\u017cdy smak, ka\u017cdy styl!<\/p>\n<p data-path-to-node=\"153\"><a class=\"ng-star-inserted\" href=\"https:\/\/vozolvapen.de\/pl\/product-category\/al-fakher\/\" target=\"_blank\" rel=\"noopener noreferrer nofollow\" data-hveid=\"0\" data-ved=\"0CAAQ_4QMahgKEwirptGFztCRAxUAAAAAHQAAAAAQrAI\">Zobacz pe\u0142n\u0105 kolekcj\u0119 Bang Vape \u2192<\/a><\/p>","protected":false},"excerpt":{"rendered":"<p>Z\u0142oty standard <b data-path-to-node=\"13,2,0\" data-index-in-node=\"40\">smaki al fakher<\/b>. Lemon Mint oferuje r\u00f3wnowag\u0119 50\/50 cierpkich cytrus\u00f3w i zio\u0142owej mi\u0119ty. Z <b data-path-to-node=\"13,2,0\" data-index-in-node=\"134\">AL Fakher 8000 Crystal<\/b> Cyfrowy ekran pozwala monitorowa\u0107 wydajno\u015b\u0107 i cieszy\u0107 si\u0119 najbardziej autentycznym smakiem shishy w bran\u017cy.<\/p>","protected":false},"featured_media":63153,"comment_status":"open","ping_status":"closed","template":"","meta":{"_acf_changed":false},"product_brand":[],"product_cat":[91,134],"product_tag":[],"class_list":{"0":"post-62913","1":"product","2":"type-product","3":"status-publish","4":"has-post-thumbnail","6":"product_cat-al-fakher-8000-crystal","7":"product_cat-eu-warehouse-in-stock","9":"first","10":"instock","11":"shipping-taxable","12":"purchasable","13":"product-type-variable"},"acf":[],"yoast_head":"<!-- This site is optimized with the Yoast SEO Premium plugin v26.1 (Yoast SEO v27.5) - https:\/\/yoast.com\/product\/yoast-seo-premium-wordpress\/ -->\n<title>Lemon Mint AL Fakher 8000 Crystal | Signature 8k Puff Shisha - vozolvapen<\/title>\n<meta name=\"description\" content=\"The world-famous Lemon Mint AL Fakher flavor in a 8000 puff disposable. 18ml capacity, 1200mAh battery, and digital display. EU warehouse stock.\" \/>\n<meta name=\"robots\" content=\"index, follow, max-snippet:-1, max-image-preview:large, max-video-preview:-1\" \/>\n<link rel=\"canonical\" href=\"https:\/\/vozolvapen.de\/pl\/product\/al-fakher-8000-disposable-e-cigarette-lemon-mint\/\" \/>\n<meta property=\"og:locale\" content=\"pl_PL\" \/>\n<meta property=\"og:type\" content=\"article\" \/>\n<meta property=\"og:title\" content=\"AL Fakher 8000 Disposable E Cigarette - Lemon Mint\" \/>\n<meta property=\"og:description\" content=\"The world-famous Lemon Mint AL Fakher flavor in a 8000 puff disposable. 18ml capacity, 1200mAh battery, and digital display. EU warehouse stock.\" \/>\n<meta property=\"og:url\" content=\"https:\/\/vozolvapen.de\/pl\/product\/al-fakher-8000-disposable-e-cigarette-lemon-mint\/\" \/>\n<meta property=\"og:site_name\" content=\"vozolvapen\" \/>\n<meta property=\"article:modified_time\" content=\"2026-02-10T10:39:00+00:00\" \/>\n<meta property=\"og:image\" content=\"https:\/\/vozolvapen.de\/wp-content\/uploads\/2026\/01\/AL-Fakher-8000-Crystal-LEMON-MINT.webp\" \/>\n\t<meta property=\"og:image:width\" content=\"679\" \/>\n\t<meta property=\"og:image:height\" content=\"1200\" \/>\n\t<meta property=\"og:image:type\" content=\"image\/webp\" \/>\n<meta name=\"twitter:card\" content=\"summary_large_image\" \/>\n<meta name=\"twitter:label1\" content=\"Szacowany czas czytania\" \/>\n\t<meta name=\"twitter:data1\" content=\"4 minuty\" \/>\n<script type=\"application\/ld+json\" class=\"yoast-schema-graph\">{\"@context\":\"https:\\\/\\\/schema.org\",\"@graph\":[{\"@type\":\"WebPage\",\"@id\":\"https:\\\/\\\/vozolvapen.de\\\/product\\\/al-fakher-8000-disposable-e-cigarette-lemon-mint\\\/\",\"url\":\"https:\\\/\\\/vozolvapen.de\\\/product\\\/al-fakher-8000-disposable-e-cigarette-lemon-mint\\\/\",\"name\":\"Lemon Mint AL Fakher 8000 Crystal | Signature 8k Puff Shisha - vozolvapen\",\"isPartOf\":{\"@id\":\"https:\\\/\\\/vozolvapen.de\\\/#website\"},\"primaryImageOfPage\":{\"@id\":\"https:\\\/\\\/vozolvapen.de\\\/product\\\/al-fakher-8000-disposable-e-cigarette-lemon-mint\\\/#primaryimage\"},\"image\":{\"@id\":\"https:\\\/\\\/vozolvapen.de\\\/product\\\/al-fakher-8000-disposable-e-cigarette-lemon-mint\\\/#primaryimage\"},\"thumbnailUrl\":\"https:\\\/\\\/vozolvapen.de\\\/wp-content\\\/uploads\\\/2026\\\/01\\\/AL-Fakher-8000-Crystal-LEMON-MINT.webp\",\"datePublished\":\"2026-01-20T07:24:05+00:00\",\"dateModified\":\"2026-02-10T10:39:00+00:00\",\"description\":\"The world-famous Lemon Mint AL Fakher flavor in a 8000 puff disposable. 18ml capacity, 1200mAh battery, and digital display. EU warehouse stock.\",\"breadcrumb\":{\"@id\":\"https:\\\/\\\/vozolvapen.de\\\/product\\\/al-fakher-8000-disposable-e-cigarette-lemon-mint\\\/#breadcrumb\"},\"inLanguage\":\"pl-PL\",\"potentialAction\":[{\"@type\":\"ReadAction\",\"target\":[\"https:\\\/\\\/vozolvapen.de\\\/product\\\/al-fakher-8000-disposable-e-cigarette-lemon-mint\\\/\"]}]},{\"@type\":\"ImageObject\",\"inLanguage\":\"pl-PL\",\"@id\":\"https:\\\/\\\/vozolvapen.de\\\/product\\\/al-fakher-8000-disposable-e-cigarette-lemon-mint\\\/#primaryimage\",\"url\":\"https:\\\/\\\/vozolvapen.de\\\/wp-content\\\/uploads\\\/2026\\\/01\\\/AL-Fakher-8000-Crystal-LEMON-MINT.webp\",\"contentUrl\":\"https:\\\/\\\/vozolvapen.de\\\/wp-content\\\/uploads\\\/2026\\\/01\\\/AL-Fakher-8000-Crystal-LEMON-MINT.webp\",\"width\":679,\"height\":1200,\"caption\":\"AL Fakher 8000 Crystal - LEMON MINT\"},{\"@type\":\"BreadcrumbList\",\"@id\":\"https:\\\/\\\/vozolvapen.de\\\/product\\\/al-fakher-8000-disposable-e-cigarette-lemon-mint\\\/#breadcrumb\",\"itemListElement\":[{\"@type\":\"ListItem\",\"position\":1,\"name\":\"Home\",\"item\":\"https:\\\/\\\/vozolvapen.de\\\/de\\\/\"},{\"@type\":\"ListItem\",\"position\":2,\"name\":\"Shop\",\"item\":\"https:\\\/\\\/vozolvapen.de\\\/shop\\\/\"},{\"@type\":\"ListItem\",\"position\":3,\"name\":\"AL Fakher 8000 Disposable E Cigarette &#8211; Lemon Mint\"}]},{\"@type\":\"WebSite\",\"@id\":\"https:\\\/\\\/vozolvapen.de\\\/#website\",\"url\":\"https:\\\/\\\/vozolvapen.de\\\/\",\"name\":\"vozolvapen\",\"description\":\"vozolvapen\",\"publisher\":{\"@id\":\"https:\\\/\\\/vozolvapen.de\\\/#organization\"},\"potentialAction\":[{\"@type\":\"SearchAction\",\"target\":{\"@type\":\"EntryPoint\",\"urlTemplate\":\"https:\\\/\\\/vozolvapen.de\\\/?s={search_term_string}\"},\"query-input\":{\"@type\":\"PropertyValueSpecification\",\"valueRequired\":true,\"valueName\":\"search_term_string\"}}],\"inLanguage\":\"pl-PL\"},{\"@type\":\"Organization\",\"@id\":\"https:\\\/\\\/vozolvapen.de\\\/#organization\",\"name\":\"vozolvapen\",\"url\":\"https:\\\/\\\/vozolvapen.de\\\/\",\"logo\":{\"@type\":\"ImageObject\",\"inLanguage\":\"pl-PL\",\"@id\":\"https:\\\/\\\/vozolvapen.de\\\/#\\\/schema\\\/logo\\\/image\\\/\",\"url\":\"https:\\\/\\\/vozolvapen.de\\\/wp-content\\\/uploads\\\/2025\\\/12\\\/cropped-vozovapen-logo.webp\",\"contentUrl\":\"https:\\\/\\\/vozolvapen.de\\\/wp-content\\\/uploads\\\/2025\\\/12\\\/cropped-vozovapen-logo.webp\",\"width\":470,\"height\":110,\"caption\":\"vozolvapen\"},\"image\":{\"@id\":\"https:\\\/\\\/vozolvapen.de\\\/#\\\/schema\\\/logo\\\/image\\\/\"}}]}<\/script>\n<!-- \/ Yoast SEO Premium plugin. -->","yoast_head_json":{"title":"Lemon Mint AL Fakher 8000 Crystal | Signature 8k Puff Shisha - vozolvapen","description":"Znany na ca\u0142ym \u015bwiecie smak Lemon Mint AL Fakher w jednorazowym opakowaniu o pojemno\u015bci 8000 puff\u00f3w. Pojemno\u015b\u0107 18 ml, bateria 1200 mAh i cyfrowy wy\u015bwietlacz. Dost\u0119pny z magazynu w UE.","robots":{"index":"index","follow":"follow","max-snippet":"max-snippet:-1","max-image-preview":"max-image-preview:large","max-video-preview":"max-video-preview:-1"},"canonical":"https:\/\/vozolvapen.de\/pl\/product\/al-fakher-8000-disposable-e-cigarette-lemon-mint\/","og_locale":"pl_PL","og_type":"article","og_title":"AL Fakher 8000 Disposable E Cigarette - Lemon Mint","og_description":"The world-famous Lemon Mint AL Fakher flavor in a 8000 puff disposable. 18ml capacity, 1200mAh battery, and digital display. EU warehouse stock.","og_url":"https:\/\/vozolvapen.de\/pl\/product\/al-fakher-8000-disposable-e-cigarette-lemon-mint\/","og_site_name":"vozolvapen","article_modified_time":"2026-02-10T10:39:00+00:00","og_image":[{"width":679,"height":1200,"url":"https:\/\/vozolvapen.de\/wp-content\/uploads\/2026\/01\/AL-Fakher-8000-Crystal-LEMON-MINT.webp","type":"image\/webp"}],"twitter_card":"summary_large_image","twitter_misc":{"Szacowany czas czytania":"4 minuty"},"schema":{"@context":"https:\/\/schema.org","@graph":[{"@type":"WebPage","@id":"https:\/\/vozolvapen.de\/product\/al-fakher-8000-disposable-e-cigarette-lemon-mint\/","url":"https:\/\/vozolvapen.de\/product\/al-fakher-8000-disposable-e-cigarette-lemon-mint\/","name":"Lemon Mint AL Fakher 8000 Crystal | Signature 8k Puff Shisha - vozolvapen","isPartOf":{"@id":"https:\/\/vozolvapen.de\/#website"},"primaryImageOfPage":{"@id":"https:\/\/vozolvapen.de\/product\/al-fakher-8000-disposable-e-cigarette-lemon-mint\/#primaryimage"},"image":{"@id":"https:\/\/vozolvapen.de\/product\/al-fakher-8000-disposable-e-cigarette-lemon-mint\/#primaryimage"},"thumbnailUrl":"https:\/\/vozolvapen.de\/wp-content\/uploads\/2026\/01\/AL-Fakher-8000-Crystal-LEMON-MINT.webp","datePublished":"2026-01-20T07:24:05+00:00","dateModified":"2026-02-10T10:39:00+00:00","description":"Znany na ca\u0142ym \u015bwiecie smak Lemon Mint AL Fakher w jednorazowym opakowaniu o pojemno\u015bci 8000 puff\u00f3w. Pojemno\u015b\u0107 18 ml, bateria 1200 mAh i cyfrowy wy\u015bwietlacz. Dost\u0119pny z magazynu w UE.","breadcrumb":{"@id":"https:\/\/vozolvapen.de\/product\/al-fakher-8000-disposable-e-cigarette-lemon-mint\/#breadcrumb"},"inLanguage":"pl-PL","potentialAction":[{"@type":"ReadAction","target":["https:\/\/vozolvapen.de\/product\/al-fakher-8000-disposable-e-cigarette-lemon-mint\/"]}]},{"@type":"ImageObject","inLanguage":"pl-PL","@id":"https:\/\/vozolvapen.de\/product\/al-fakher-8000-disposable-e-cigarette-lemon-mint\/#primaryimage","url":"https:\/\/vozolvapen.de\/wp-content\/uploads\/2026\/01\/AL-Fakher-8000-Crystal-LEMON-MINT.webp","contentUrl":"https:\/\/vozolvapen.de\/wp-content\/uploads\/2026\/01\/AL-Fakher-8000-Crystal-LEMON-MINT.webp","width":679,"height":1200,"caption":"AL Fakher 8000 Crystal - LEMON MINT"},{"@type":"BreadcrumbList","@id":"https:\/\/vozolvapen.de\/product\/al-fakher-8000-disposable-e-cigarette-lemon-mint\/#breadcrumb","itemListElement":[{"@type":"ListItem","position":1,"name":"Home","item":"https:\/\/vozolvapen.de\/de\/"},{"@type":"ListItem","position":2,"name":"Shop","item":"https:\/\/vozolvapen.de\/shop\/"},{"@type":"ListItem","position":3,"name":"AL Fakher 8000 Disposable E Cigarette &#8211; Lemon Mint"}]},{"@type":"WebSite","@id":"https:\/\/vozolvapen.de\/#website","url":"https:\/\/vozolvapen.de\/","name":"vozolvapen","description":"vozolvapen","publisher":{"@id":"https:\/\/vozolvapen.de\/#organization"},"potentialAction":[{"@type":"SearchAction","target":{"@type":"EntryPoint","urlTemplate":"https:\/\/vozolvapen.de\/?s={search_term_string}"},"query-input":{"@type":"PropertyValueSpecification","valueRequired":true,"valueName":"search_term_string"}}],"inLanguage":"pl-PL"},{"@type":"Organization","@id":"https:\/\/vozolvapen.de\/#organization","name":"vozolvapen","url":"https:\/\/vozolvapen.de\/","logo":{"@type":"ImageObject","inLanguage":"pl-PL","@id":"https:\/\/vozolvapen.de\/#\/schema\/logo\/image\/","url":"https:\/\/vozolvapen.de\/wp-content\/uploads\/2025\/12\/cropped-vozovapen-logo.webp","contentUrl":"https:\/\/vozolvapen.de\/wp-content\/uploads\/2025\/12\/cropped-vozovapen-logo.webp","width":470,"height":110,"caption":"vozolvapen"},"image":{"@id":"https:\/\/vozolvapen.de\/#\/schema\/logo\/image\/"}}]}},"tiered_pricing_type":"fixed","tiered_pricing_fixed_rules":{"30":"12.1","50":"9.6","100":"9.1","200":"8.1"},"tiered_pricing_product_settings":{"layout":"default","base_unit_name":{"singular":null,"plural":null},"default_variation":{}},"tiered_pricing_minimum_quantity":10,"tiered_pricing_roles_data":[],"tiered_pricing_percentage_rules":[],"tiered_pricing_maximum_quantity":null,"tiered_pricing_quantity_step":"10","_links":{"self":[{"href":"http:\/\/vozolvapen.de\/pl\/wp-json\/wp\/v2\/product\/62913","targetHints":{"allow":["GET"]}}],"collection":[{"href":"http:\/\/vozolvapen.de\/pl\/wp-json\/wp\/v2\/product"}],"about":[{"href":"http:\/\/vozolvapen.de\/pl\/wp-json\/wp\/v2\/types\/product"}],"replies":[{"embeddable":true,"href":"http:\/\/vozolvapen.de\/pl\/wp-json\/wp\/v2\/comments?post=62913"}],"wp:featuredmedia":[{"embeddable":true,"href":"http:\/\/vozolvapen.de\/pl\/wp-json\/wp\/v2\/media\/63153"}],"wp:attachment":[{"href":"http:\/\/vozolvapen.de\/pl\/wp-json\/wp\/v2\/media?parent=62913"}],"wp:term":[{"taxonomy":"product_brand","embeddable":true,"href":"http:\/\/vozolvapen.de\/pl\/wp-json\/wp\/v2\/product_brand?post=62913"},{"taxonomy":"product_cat","embeddable":true,"href":"http:\/\/vozolvapen.de\/pl\/wp-json\/wp\/v2\/product_cat?post=62913"},{"taxonomy":"product_tag","embeddable":true,"href":"http:\/\/vozolvapen.de\/pl\/wp-json\/wp\/v2\/product_tag?post=62913"}],"curies":[{"name":"wp","href":"https:\/\/api.w.org\/{rel}","templated":true}]}}