{"id":63215,"date":"2026-01-20T09:04:12","date_gmt":"2026-01-20T09:04:12","guid":{"rendered":"https:\/\/vozolvapen.de\/?post_type=product&#038;p=63215"},"modified":"2026-01-20T10:06:02","modified_gmt":"2026-01-20T10:06:02","slug":"jnr-mega-box-25000-e-cigarette-puff-blue-razz-gummy-bear","status":"publish","type":"product","link":"http:\/\/vozolvapen.de\/pl\/product\/jnr-mega-box-25000-e-cigarette-puff-blue-razz-gummy-bear\/","title":{"rendered":"JNR Mega box 25000 E Cigarette Puff - BLUE RAZZ GUMMY BEAR"},"content":{"rendered":"<h1 data-path-to-node=\"2\">JNR Mega box 25000 E Cigarette Puff - BLUE RAZZ GUMMY BEAR<\/h1>\n<p data-path-to-node=\"3\">The <b data-path-to-node=\"3\" data-index-in-node=\"4\">JNR Mega Box 25000<\/b> jest tytanem na rynku produkt\u00f3w jednorazowego u\u017cytku, a <b data-path-to-node=\"3\" data-index-in-node=\"68\">Blue Razz Gummy Bear<\/b> doskonale \u0142\u0105czy pikantne niebieskie maliny ze s\u0142odkim uczuciem \u017cucia nostalgicznych \u017celk\u00f3w. Odkryj, dlaczego ten <b data-path-to-node=\"3\" data-index-in-node=\"212\">Puff JNR 25k<\/b> to najlepszy wyb\u00f3r dla vaper\u00f3w poszukuj\u0105cych intensywnego smaku i d\u0142ugotrwa\u0142ej wydajno\u015bci.<\/p>\n<h2 data-path-to-node=\"4\"><b data-path-to-node=\"4\" data-index-in-node=\"0\">Dlaczego warto wybra\u0107 Blue Razz Gummy Bear?<\/b><\/h2>\n<p data-path-to-node=\"4\">Blue Razz Gummy Bear wyr\u00f3\u017cnia si\u0119 elektrycznym po\u0142\u0105czeniem cierpkich jag\u00f3d i s\u0142odkich cukierk\u00f3w - profil, kt\u00f3ry zapewnia \u201cintensywn\u0105 satysfakcj\u0119\u201d przy ka\u017cdym uderzeniu. Z masywnym <b data-path-to-node=\"4\" data-index-in-node=\"199\">Pojemno\u015b\u0107 30 ml<\/b> oraz <b data-path-to-node=\"4\" data-index-in-node=\"217\">25 000 zaci\u0105gni\u0119\u0107<\/b>, to <b data-path-to-node=\"4\" data-index-in-node=\"236\">JNR Mega Box Vape<\/b> jest idealny dla tych, kt\u00f3rzy chc\u0105 urz\u0105dzenia o du\u017cej pojemno\u015bci bez po\u015bwi\u0119cania czystego smaku swoich ulubionych napoj\u00f3w. <b data-path-to-node=\"4\" data-index-in-node=\"358\">E Liquide JNR<\/b>.<\/p>\n<h2 data-path-to-node=\"4\">JNR Mega box 25000 - BLUE RAZZ GUMMY BEAR <b data-path-to-node=\"142\" data-index-in-node=\"0\">Specyfikacja<\/b><\/h2>\n<table data-path-to-node=\"4\">\n<thead>\n<tr>\n<td><strong>Parametr<\/strong><\/td>\n<td><strong>Specyfikacja<\/strong><\/td>\n<td><strong>Najwa\u017cniejsze informacje o SEO<\/strong><\/td>\n<\/tr>\n<\/thead>\n<tbody>\n<tr>\n<td><span data-path-to-node=\"4,1,0,0\"><b data-path-to-node=\"4,1,0,0\" data-index-in-node=\"0\">Puff Count<\/b><\/span><\/td>\n<td><span data-path-to-node=\"4,1,1,0\">Do 25 000 zaci\u0105gni\u0119\u0107<\/span><\/td>\n<td><span data-path-to-node=\"4,1,2,0\"><b data-path-to-node=\"4,1,2,0\" data-index-in-node=\"0\">Puff JNR 25k<\/b> D\u0142ugotrwa\u0142a wydajno\u015b\u0107<\/span><\/td>\n<\/tr>\n<tr>\n<td><span data-path-to-node=\"4,2,0,0\"><b data-path-to-node=\"4,2,0,0\" data-index-in-node=\"0\">Profil smakowy<\/b><\/span><\/td>\n<td><span data-path-to-node=\"4,2,1,0\">70% Candy, 30% Berry<\/span><\/td>\n<td><span data-path-to-node=\"4,2,2,0\"><b data-path-to-node=\"4,2,2,0\" data-index-in-node=\"0\">Intensywna satysfakcja<\/b> dla mi\u0142o\u015bnik\u00f3w s\u0142odyczy<\/span><\/td>\n<\/tr>\n<tr>\n<td><span data-path-to-node=\"4,3,0,0\"><b data-path-to-node=\"4,3,0,0\" data-index-in-node=\"0\">S\u0142odycz \/ L\u00f3d<\/b><\/span><\/td>\n<td><span data-path-to-node=\"4,3,1,0\">\u2605\u2605\u2605\u2605\u2605 \/ \u2605\u2605\u2606\u2606\u2606<\/span><\/td>\n<td><span data-path-to-node=\"4,3,2,0\">Autentyczny <b data-path-to-node=\"4,3,2,0\" data-index-in-node=\"10\">E Liquide JNR<\/b> gor\u0105czka cukru<\/span><\/td>\n<\/tr>\n<tr>\n<td><span data-path-to-node=\"4,4,0,0\"><b data-path-to-node=\"4,4,0,0\" data-index-in-node=\"0\">G\u0119sto\u015b\u0107 chmur<\/b><\/span><\/td>\n<td><span data-path-to-node=\"4,4,1,0\">Wysokie \/ g\u0119ste chmury<\/span><\/td>\n<td><span data-path-to-node=\"4,4,2,0\">Zoptymalizowany przez podw\u00f3jn\u0105 cewk\u0119 siatkow\u0105<\/span><\/td>\n<\/tr>\n<tr>\n<td><span data-path-to-node=\"4,5,0,0\"><b data-path-to-node=\"4,5,0,0\" data-index-in-node=\"0\">Najlepsze zastosowanie<\/b><\/span><\/td>\n<td><span data-path-to-node=\"4,5,1,0\">Zamiennik deseru<\/span><\/td>\n<td><span data-path-to-node=\"4,5,2,0\">Idealny <b data-path-to-node=\"4,5,2,0\" data-index-in-node=\"8\">JNR Mega Box Vape<\/b> do\u015bwiadczenie<\/span><\/td>\n<\/tr>\n<\/tbody>\n<\/table>\n<h2 data-path-to-node=\"2\"><b data-path-to-node=\"2\" data-index-in-node=\"0\">Blue Razz Gummy Bear w te\u015bcie: Pikantne jagody spotykaj\u0105 cukierki<\/b><\/h2>\n<p data-path-to-node=\"3\">The <b data-path-to-node=\"3\" data-index-in-node=\"4\">JNR Mega Box 25000<\/b> z <b data-path-to-node=\"3\" data-index-in-node=\"28\">Blue Razz Gummy Bear<\/b> imponuje:<\/p>\n<ul data-path-to-node=\"4\">\n<li>\n<p data-path-to-node=\"4,0,0\"><b data-path-to-node=\"4,0,0\" data-index-in-node=\"0\">Autentyczne nuty Blue Razz i Gummy:<\/b> Bez przyt\u0142aczaj\u0105cego sztucznego posmaku - smak \u0142\u0105czy w sobie ostry posmak niebieskich malin ze s\u0142odk\u0105, gumowat\u0105 baz\u0105 do \u017cucia. <b data-path-to-node=\"4,0,0\" data-index-in-node=\"168\">Czysty smak<\/b>.<\/p>\n<\/li>\n<li>\n<p data-path-to-node=\"4,1,0\"><b data-path-to-node=\"4,1,0\" data-index-in-node=\"0\">P\u0142ynny rozw\u00f3j opar\u00f3w:<\/b> Dzi\u0119ki <b data-path-to-node=\"4,1,0\" data-index-in-node=\"40\">Cewka Dual Mesh 1,0\u03a9<\/b>, Aromaty jagodowe rozwijaj\u0105 si\u0119 konsekwentnie bez \u017cadnych suchych uderze\u0144 lub utraty smaku przez <b data-path-to-node=\"4,1,0\" data-index-in-node=\"146\">25 000 zaci\u0105gni\u0119\u0107<\/b>.<\/p>\n<\/li>\n<li>\n<p data-path-to-node=\"4,2,0\"><b data-path-to-node=\"4,2,0\" data-index-in-node=\"0\">Maksymalna trwa\u0142o\u015b\u0107:<\/b> The <b data-path-to-node=\"4,2,0\" data-index-in-node=\"23\">Akumulator JNR<\/b> Bateria o pojemno\u015bci 850 mAh wytrzymuje do ostatniej kropli wody. <b data-path-to-node=\"4,2,0\" data-index-in-node=\"93\">30ml E-Liquide JNR<\/b>, zapewniaj\u0105c bezproblemow\u0105 obs\u0142ug\u0119.<\/p>\n<\/li>\n<li>\n<p data-path-to-node=\"4,3,0\"><b data-path-to-node=\"4,3,0\" data-index-in-node=\"0\">Wszechstronno\u015b\u0107 dw\u00f3ch port\u00f3w:<\/b> W ramach <b data-path-to-node=\"4,3,0\" data-index-in-node=\"38\">Puff JNR Mega Box<\/b> Urz\u0105dzenie to jest wyposa\u017cone w porty Type-C i Lightning, co stanowi wyj\u0105tkow\u0105 atrakcj\u0119 dla u\u017cytkownik\u00f3w korzystaj\u0105cych z r\u00f3\u017cnych kabli do \u0142adowania.<\/p>\n<\/li>\n<\/ul>\n<h3 data-path-to-node=\"2\"><span style=\"font-size: 16px;\">Oto dalsze zalecenia dla Ciebie:<\/span><\/h3>\n<p dir=\"auto\">Odkryj jeszcze wi\u0119cej niesamowitych smak\u00f3w dzi\u0119ki JNR Mega Box 25000 Puff Vape!<\/p>\n<p dir=\"auto\"><a href=\"https:\/\/vozolvapen.de\/pl\/product-category\/jnr-vape\/jnr-mega-box-25000-puff-vape\/28000-puffs\/\" target=\"_blank\" rel=\"noopener noreferrer nofollow\">Zobacz wszystkie odmiany tutaj \u2192<\/a><\/p>\n<p dir=\"auto\">Zapoznaj si\u0119 z nasz\u0105 pe\u0142n\u0105 kolekcj\u0105 i kupuj produkty najlepszych marek vape, kt\u00f3re pokochasz.<\/p>\n<p dir=\"auto\"><a href=\"https:\/\/vozolvapen.de\/pl\/\" target=\"_blank\" rel=\"noopener noreferrer nofollow\">Przegl\u0105daj teraz wszystkie marki \u2192<\/a><\/p>\n<p dir=\"auto\">Sprawd\u017a ca\u0142\u0105 seri\u0119 JNR Vape - ka\u017cdy smak, ka\u017cdy styl!<\/p>\n<p dir=\"auto\"><a href=\"https:\/\/vozolvapen.de\/pl\/product-category\/jnr-vape\/\" target=\"_blank\" rel=\"noopener noreferrer nofollow\">Zobacz pe\u0142n\u0105 kolekcj\u0119 JNR Vape \u2192<\/a><\/p>\n<h2 data-path-to-node=\"23,2,0\">JNR Mega box 25000 E Cigarette Puff - FAQ<\/h2>\n<h3 data-path-to-node=\"73,0,0\"><b data-path-to-node=\"73,0,0\" data-index-in-node=\"0\">Dlaczego JNR Mega Box 25000 r\u00f3\u017cni si\u0119 od innych waporyzator\u00f3w?<\/b><\/h3>\n<p data-path-to-node=\"73,0,0\">Posiada dwurdzeniowy system i podw\u00f3jne cewki siatkowe, zapewniaj\u0105c podw\u00f3jny smak i par\u0119 w por\u00f3wnaniu do standardowych jednorazowych papieros\u00f3w. Ponadto posiada unikalne \u0142adowanie z dwoma portami.<\/p>\n<h3 data-path-to-node=\"73,1,0\"><b data-path-to-node=\"73,1,0\" data-index-in-node=\"0\">Jak d\u0142ugo wystarcza 25 000 zaci\u0105gni\u0119\u0107?<\/b><\/h3>\n<p data-path-to-node=\"73,1,0\">Dla umiarkowanego wapera <b data-path-to-node=\"73,1,0\" data-index-in-node=\"57\">jnr mega box vape<\/b> mo\u017ce trwa\u0107 od 3 do 5 tygodni.<\/p>\n<h3 data-path-to-node=\"73,2,0\"><b data-path-to-node=\"73,2,0\" data-index-in-node=\"0\">Czy \u0142adowanie za pomoc\u0105 kabla Lightning jest bezpieczne?<\/b><\/h3>\n<p data-path-to-node=\"73,2,0\">Tak! The <b data-path-to-node=\"73,2,0\" data-index-in-node=\"54\">akumulator jnr<\/b> System zosta\u0142 zaprojektowany tak, aby by\u0142 kompatybilny zar\u00f3wno ze standardowymi kablami Apple Lightning, jak i kablami typu C.<\/p>","protected":false},"excerpt":{"rendered":"<p>Zabawne po\u0142\u0105czenie elektrycznych niebieskich malin i s\u0142odkich \u017celk\u00f3w. Wyposa\u017cony w podw\u00f3jne cewki siatkowe zapewniaj\u0105ce intensywne doznania w sklepie ze s\u0142odyczami, kt\u00f3re trwaj\u0105 do 25 000 zaci\u0105gni\u0119\u0107.<\/p>","protected":false},"featured_media":63767,"comment_status":"open","ping_status":"closed","template":"","meta":{"_acf_changed":false},"product_brand":[],"product_cat":[94],"product_tag":[],"class_list":{"0":"post-63215","1":"product","2":"type-product","3":"status-publish","4":"has-post-thumbnail","6":"product_cat-jnr-mega-box-25000-puff-vape","8":"first","9":"instock","10":"shipping-taxable","11":"purchasable","12":"product-type-variable"},"acf":[],"yoast_head":"<!-- This site is optimized with the Yoast SEO Premium plugin v26.1 (Yoast SEO v27.5) - https:\/\/yoast.com\/product\/yoast-seo-premium-wordpress\/ -->\n<title>Blue Razz Gummy Bear JNR Mega Box 25000 | Puff JNR 25k - vozolvapen<\/title>\n<meta name=\"description\" content=\"Shop JNR Mega Box 25000 Blue Razz Gummy Bear. Tangy berries meet sweet candy. 30ml E-Liquide JNR, 25,000 puffs, and fast 1-3 days EU delivery.\" \/>\n<meta name=\"robots\" content=\"index, follow, max-snippet:-1, max-image-preview:large, max-video-preview:-1\" \/>\n<link rel=\"canonical\" href=\"https:\/\/vozolvapen.de\/pl\/product\/jnr-mega-box-25000-e-cigarette-puff-blue-razz-gummy-bear\/\" \/>\n<meta property=\"og:locale\" content=\"pl_PL\" \/>\n<meta property=\"og:type\" content=\"article\" \/>\n<meta property=\"og:title\" content=\"JNR Mega box 25000 E Cigarette Puff - BLUE RAZZ GUMMY BEAR\" \/>\n<meta property=\"og:description\" content=\"Shop JNR Mega Box 25000 Blue Razz Gummy Bear. Tangy berries meet sweet candy. 30ml E-Liquide JNR, 25,000 puffs, and fast 1-3 days EU delivery.\" \/>\n<meta property=\"og:url\" content=\"https:\/\/vozolvapen.de\/pl\/product\/jnr-mega-box-25000-e-cigarette-puff-blue-razz-gummy-bear\/\" \/>\n<meta property=\"og:site_name\" content=\"vozolvapen\" \/>\n<meta property=\"article:modified_time\" content=\"2026-01-20T10:06:02+00:00\" \/>\n<meta property=\"og:image\" content=\"https:\/\/vozolvapen.de\/wp-content\/uploads\/2026\/01\/JNR-Mega-box-25000-BLUE-RAZZ-GUMMY-BEAR-1.webp\" \/>\n\t<meta property=\"og:image:width\" content=\"800\" \/>\n\t<meta property=\"og:image:height\" content=\"800\" \/>\n\t<meta property=\"og:image:type\" content=\"image\/webp\" \/>\n<meta name=\"twitter:card\" content=\"summary_large_image\" \/>\n<meta name=\"twitter:label1\" content=\"Szacowany czas czytania\" \/>\n\t<meta name=\"twitter:data1\" content=\"3 minuty\" \/>\n<script type=\"application\/ld+json\" class=\"yoast-schema-graph\">{\"@context\":\"https:\\\/\\\/schema.org\",\"@graph\":[{\"@type\":\"WebPage\",\"@id\":\"https:\\\/\\\/vozolvapen.de\\\/product\\\/jnr-mega-box-25000-e-cigarette-puff-blue-razz-gummy-bear\\\/\",\"url\":\"https:\\\/\\\/vozolvapen.de\\\/product\\\/jnr-mega-box-25000-e-cigarette-puff-blue-razz-gummy-bear\\\/\",\"name\":\"Blue Razz Gummy Bear JNR Mega Box 25000 | Puff JNR 25k - vozolvapen\",\"isPartOf\":{\"@id\":\"https:\\\/\\\/vozolvapen.de\\\/#website\"},\"primaryImageOfPage\":{\"@id\":\"https:\\\/\\\/vozolvapen.de\\\/product\\\/jnr-mega-box-25000-e-cigarette-puff-blue-razz-gummy-bear\\\/#primaryimage\"},\"image\":{\"@id\":\"https:\\\/\\\/vozolvapen.de\\\/product\\\/jnr-mega-box-25000-e-cigarette-puff-blue-razz-gummy-bear\\\/#primaryimage\"},\"thumbnailUrl\":\"https:\\\/\\\/vozolvapen.de\\\/wp-content\\\/uploads\\\/2026\\\/01\\\/JNR-Mega-box-25000-BLUE-RAZZ-GUMMY-BEAR-1.webp\",\"datePublished\":\"2026-01-20T09:04:12+00:00\",\"dateModified\":\"2026-01-20T10:06:02+00:00\",\"description\":\"Shop JNR Mega Box 25000 Blue Razz Gummy Bear. Tangy berries meet sweet candy. 30ml E-Liquide JNR, 25,000 puffs, and fast 1-3 days EU delivery.\",\"breadcrumb\":{\"@id\":\"https:\\\/\\\/vozolvapen.de\\\/product\\\/jnr-mega-box-25000-e-cigarette-puff-blue-razz-gummy-bear\\\/#breadcrumb\"},\"inLanguage\":\"pl-PL\",\"potentialAction\":[{\"@type\":\"ReadAction\",\"target\":[\"https:\\\/\\\/vozolvapen.de\\\/product\\\/jnr-mega-box-25000-e-cigarette-puff-blue-razz-gummy-bear\\\/\"]}]},{\"@type\":\"ImageObject\",\"inLanguage\":\"pl-PL\",\"@id\":\"https:\\\/\\\/vozolvapen.de\\\/product\\\/jnr-mega-box-25000-e-cigarette-puff-blue-razz-gummy-bear\\\/#primaryimage\",\"url\":\"https:\\\/\\\/vozolvapen.de\\\/wp-content\\\/uploads\\\/2026\\\/01\\\/JNR-Mega-box-25000-BLUE-RAZZ-GUMMY-BEAR-1.webp\",\"contentUrl\":\"https:\\\/\\\/vozolvapen.de\\\/wp-content\\\/uploads\\\/2026\\\/01\\\/JNR-Mega-box-25000-BLUE-RAZZ-GUMMY-BEAR-1.webp\",\"width\":800,\"height\":800,\"caption\":\"JNR Mega box 25000 - BLUE-RAZZ-GUMMY-BEAR\"},{\"@type\":\"BreadcrumbList\",\"@id\":\"https:\\\/\\\/vozolvapen.de\\\/product\\\/jnr-mega-box-25000-e-cigarette-puff-blue-razz-gummy-bear\\\/#breadcrumb\",\"itemListElement\":[{\"@type\":\"ListItem\",\"position\":1,\"name\":\"Home\",\"item\":\"https:\\\/\\\/vozolvapen.de\\\/de\\\/\"},{\"@type\":\"ListItem\",\"position\":2,\"name\":\"Shop\",\"item\":\"https:\\\/\\\/vozolvapen.de\\\/shop\\\/\"},{\"@type\":\"ListItem\",\"position\":3,\"name\":\"JNR Mega box 25000 E Cigarette Puff &#8211; BLUE RAZZ GUMMY BEAR\"}]},{\"@type\":\"WebSite\",\"@id\":\"https:\\\/\\\/vozolvapen.de\\\/#website\",\"url\":\"https:\\\/\\\/vozolvapen.de\\\/\",\"name\":\"vozolvapen\",\"description\":\"vozolvapen\",\"publisher\":{\"@id\":\"https:\\\/\\\/vozolvapen.de\\\/#organization\"},\"potentialAction\":[{\"@type\":\"SearchAction\",\"target\":{\"@type\":\"EntryPoint\",\"urlTemplate\":\"https:\\\/\\\/vozolvapen.de\\\/?s={search_term_string}\"},\"query-input\":{\"@type\":\"PropertyValueSpecification\",\"valueRequired\":true,\"valueName\":\"search_term_string\"}}],\"inLanguage\":\"pl-PL\"},{\"@type\":\"Organization\",\"@id\":\"https:\\\/\\\/vozolvapen.de\\\/#organization\",\"name\":\"vozolvapen\",\"url\":\"https:\\\/\\\/vozolvapen.de\\\/\",\"logo\":{\"@type\":\"ImageObject\",\"inLanguage\":\"pl-PL\",\"@id\":\"https:\\\/\\\/vozolvapen.de\\\/#\\\/schema\\\/logo\\\/image\\\/\",\"url\":\"https:\\\/\\\/vozolvapen.de\\\/wp-content\\\/uploads\\\/2025\\\/12\\\/cropped-vozovapen-logo.webp\",\"contentUrl\":\"https:\\\/\\\/vozolvapen.de\\\/wp-content\\\/uploads\\\/2025\\\/12\\\/cropped-vozovapen-logo.webp\",\"width\":470,\"height\":110,\"caption\":\"vozolvapen\"},\"image\":{\"@id\":\"https:\\\/\\\/vozolvapen.de\\\/#\\\/schema\\\/logo\\\/image\\\/\"}}]}<\/script>\n<!-- \/ Yoast SEO Premium plugin. -->","yoast_head_json":{"title":"Blue Razz Gummy Bear JNR Mega Box 25000 | Puff JNR 25k - vozolvapen","description":"Sklep JNR Mega Box 25000 Blue Razz Gummy Bear. Pikantne jagody spotykaj\u0105 s\u0142odkie cukierki. 30 ml E-Liquide JNR, 25 000 zaci\u0105gni\u0119\u0107 i szybka dostawa w ci\u0105gu 1-3 dni w UE.","robots":{"index":"index","follow":"follow","max-snippet":"max-snippet:-1","max-image-preview":"max-image-preview:large","max-video-preview":"max-video-preview:-1"},"canonical":"https:\/\/vozolvapen.de\/pl\/product\/jnr-mega-box-25000-e-cigarette-puff-blue-razz-gummy-bear\/","og_locale":"pl_PL","og_type":"article","og_title":"JNR Mega box 25000 E Cigarette Puff - BLUE RAZZ GUMMY BEAR","og_description":"Shop JNR Mega Box 25000 Blue Razz Gummy Bear. Tangy berries meet sweet candy. 30ml E-Liquide JNR, 25,000 puffs, and fast 1-3 days EU delivery.","og_url":"https:\/\/vozolvapen.de\/pl\/product\/jnr-mega-box-25000-e-cigarette-puff-blue-razz-gummy-bear\/","og_site_name":"vozolvapen","article_modified_time":"2026-01-20T10:06:02+00:00","og_image":[{"width":800,"height":800,"url":"https:\/\/vozolvapen.de\/wp-content\/uploads\/2026\/01\/JNR-Mega-box-25000-BLUE-RAZZ-GUMMY-BEAR-1.webp","type":"image\/webp"}],"twitter_card":"summary_large_image","twitter_misc":{"Szacowany czas czytania":"3 minuty"},"schema":{"@context":"https:\/\/schema.org","@graph":[{"@type":"WebPage","@id":"https:\/\/vozolvapen.de\/product\/jnr-mega-box-25000-e-cigarette-puff-blue-razz-gummy-bear\/","url":"https:\/\/vozolvapen.de\/product\/jnr-mega-box-25000-e-cigarette-puff-blue-razz-gummy-bear\/","name":"Blue Razz Gummy Bear JNR Mega Box 25000 | Puff JNR 25k - vozolvapen","isPartOf":{"@id":"https:\/\/vozolvapen.de\/#website"},"primaryImageOfPage":{"@id":"https:\/\/vozolvapen.de\/product\/jnr-mega-box-25000-e-cigarette-puff-blue-razz-gummy-bear\/#primaryimage"},"image":{"@id":"https:\/\/vozolvapen.de\/product\/jnr-mega-box-25000-e-cigarette-puff-blue-razz-gummy-bear\/#primaryimage"},"thumbnailUrl":"https:\/\/vozolvapen.de\/wp-content\/uploads\/2026\/01\/JNR-Mega-box-25000-BLUE-RAZZ-GUMMY-BEAR-1.webp","datePublished":"2026-01-20T09:04:12+00:00","dateModified":"2026-01-20T10:06:02+00:00","description":"Sklep JNR Mega Box 25000 Blue Razz Gummy Bear. Pikantne jagody spotykaj\u0105 s\u0142odkie cukierki. 30 ml E-Liquide JNR, 25 000 zaci\u0105gni\u0119\u0107 i szybka dostawa w ci\u0105gu 1-3 dni w UE.","breadcrumb":{"@id":"https:\/\/vozolvapen.de\/product\/jnr-mega-box-25000-e-cigarette-puff-blue-razz-gummy-bear\/#breadcrumb"},"inLanguage":"pl-PL","potentialAction":[{"@type":"ReadAction","target":["https:\/\/vozolvapen.de\/product\/jnr-mega-box-25000-e-cigarette-puff-blue-razz-gummy-bear\/"]}]},{"@type":"ImageObject","inLanguage":"pl-PL","@id":"https:\/\/vozolvapen.de\/product\/jnr-mega-box-25000-e-cigarette-puff-blue-razz-gummy-bear\/#primaryimage","url":"https:\/\/vozolvapen.de\/wp-content\/uploads\/2026\/01\/JNR-Mega-box-25000-BLUE-RAZZ-GUMMY-BEAR-1.webp","contentUrl":"https:\/\/vozolvapen.de\/wp-content\/uploads\/2026\/01\/JNR-Mega-box-25000-BLUE-RAZZ-GUMMY-BEAR-1.webp","width":800,"height":800,"caption":"JNR Mega box 25000 - BLUE-RAZZ-GUMMY-BEAR"},{"@type":"BreadcrumbList","@id":"https:\/\/vozolvapen.de\/product\/jnr-mega-box-25000-e-cigarette-puff-blue-razz-gummy-bear\/#breadcrumb","itemListElement":[{"@type":"ListItem","position":1,"name":"Home","item":"https:\/\/vozolvapen.de\/de\/"},{"@type":"ListItem","position":2,"name":"Shop","item":"https:\/\/vozolvapen.de\/shop\/"},{"@type":"ListItem","position":3,"name":"JNR Mega box 25000 E Cigarette Puff &#8211; BLUE RAZZ GUMMY BEAR"}]},{"@type":"WebSite","@id":"https:\/\/vozolvapen.de\/#website","url":"https:\/\/vozolvapen.de\/","name":"vozolvapen","description":"vozolvapen","publisher":{"@id":"https:\/\/vozolvapen.de\/#organization"},"potentialAction":[{"@type":"SearchAction","target":{"@type":"EntryPoint","urlTemplate":"https:\/\/vozolvapen.de\/?s={search_term_string}"},"query-input":{"@type":"PropertyValueSpecification","valueRequired":true,"valueName":"search_term_string"}}],"inLanguage":"pl-PL"},{"@type":"Organization","@id":"https:\/\/vozolvapen.de\/#organization","name":"vozolvapen","url":"https:\/\/vozolvapen.de\/","logo":{"@type":"ImageObject","inLanguage":"pl-PL","@id":"https:\/\/vozolvapen.de\/#\/schema\/logo\/image\/","url":"https:\/\/vozolvapen.de\/wp-content\/uploads\/2025\/12\/cropped-vozovapen-logo.webp","contentUrl":"https:\/\/vozolvapen.de\/wp-content\/uploads\/2025\/12\/cropped-vozovapen-logo.webp","width":470,"height":110,"caption":"vozolvapen"},"image":{"@id":"https:\/\/vozolvapen.de\/#\/schema\/logo\/image\/"}}]}},"tiered_pricing_type":"fixed","tiered_pricing_fixed_rules":{"30":"12.6","50":"10.1","100":"9.6","200":"8.6"},"tiered_pricing_product_settings":{"layout":"default","base_unit_name":{"singular":null,"plural":null},"default_variation":null},"tiered_pricing_minimum_quantity":10,"tiered_pricing_roles_data":[],"tiered_pricing_percentage_rules":[],"tiered_pricing_maximum_quantity":null,"tiered_pricing_quantity_step":"10","_links":{"self":[{"href":"http:\/\/vozolvapen.de\/pl\/wp-json\/wp\/v2\/product\/63215","targetHints":{"allow":["GET"]}}],"collection":[{"href":"http:\/\/vozolvapen.de\/pl\/wp-json\/wp\/v2\/product"}],"about":[{"href":"http:\/\/vozolvapen.de\/pl\/wp-json\/wp\/v2\/types\/product"}],"replies":[{"embeddable":true,"href":"http:\/\/vozolvapen.de\/pl\/wp-json\/wp\/v2\/comments?post=63215"}],"wp:featuredmedia":[{"embeddable":true,"href":"http:\/\/vozolvapen.de\/pl\/wp-json\/wp\/v2\/media\/63767"}],"wp:attachment":[{"href":"http:\/\/vozolvapen.de\/pl\/wp-json\/wp\/v2\/media?parent=63215"}],"wp:term":[{"taxonomy":"product_brand","embeddable":true,"href":"http:\/\/vozolvapen.de\/pl\/wp-json\/wp\/v2\/product_brand?post=63215"},{"taxonomy":"product_cat","embeddable":true,"href":"http:\/\/vozolvapen.de\/pl\/wp-json\/wp\/v2\/product_cat?post=63215"},{"taxonomy":"product_tag","embeddable":true,"href":"http:\/\/vozolvapen.de\/pl\/wp-json\/wp\/v2\/product_tag?post=63215"}],"curies":[{"name":"wp","href":"https:\/\/api.w.org\/{rel}","templated":true}]}}