{"id":63270,"date":"2026-01-20T09:04:14","date_gmt":"2026-01-20T09:04:14","guid":{"rendered":"https:\/\/vozolvapen.de\/?post_type=product&#038;p=63270"},"modified":"2026-01-20T10:06:09","modified_gmt":"2026-01-20T10:06:09","slug":"jnr-mega-box-25000-e-cigarette-puff-hubba-bubba","status":"publish","type":"product","link":"http:\/\/vozolvapen.de\/pl\/product\/jnr-mega-box-25000-e-cigarette-puff-hubba-bubba\/","title":{"rendered":"JNR Mega box 25000 E-papieros\u00f3w Puff - HUBBA BUBBA"},"content":{"rendered":"<h1 data-path-to-node=\"2\">JNR Mega box 25000 E-papieros\u00f3w Puff - HUBBA BUBBA<\/h1>\n<p data-path-to-node=\"10\">Poczuj \u201cczysty smak\u201d ulubionego przysmaku z dzieci\u0144stwa. The <b data-path-to-node=\"10\" data-index-in-node=\"66\">Hubba Bubba JNR Mega Box 25000<\/b> odtwarza kultowy, s\u0142odki smak gumy balonowej w eleganckim formacie o du\u017cej pojemno\u015bci.<\/p>\n<h2 data-path-to-node=\"11\"><b data-path-to-node=\"11\" data-index-in-node=\"0\">Dlaczego warto wybra\u0107 Hubba Bubba?<\/b><\/h2>\n<p data-path-to-node=\"11\">Je\u015bli pragniesz d\u0142ugotrwa\u0142ej s\u0142odyczy, to <b data-path-to-node=\"11\" data-index-in-node=\"66\">Puff JNR Mega Box<\/b> jest Twoim marzeniem. Zapewnia g\u0119st\u0105, aromatyczn\u0105 chmur\u0119 gumy balonowej, kt\u00f3ra pozostaje \u017cywa przez ca\u0142y czas. <b data-path-to-node=\"11\" data-index-in-node=\"176\">25 000 zaci\u0105gni\u0119\u0107<\/b>. Czy jako <b data-path-to-node=\"11\" data-index-in-node=\"203\">Papieros JNR<\/b> jako alternatywa lub codzienny kierowca, zapewnia nieograniczone wra\u017cenia.<\/p>\n<h2 data-path-to-node=\"4\">JNR Mega box 25000 - HUBBA BUBBA <b data-path-to-node=\"142\" data-index-in-node=\"0\">Specyfikacja<\/b><\/h2>\n<table data-path-to-node=\"7\">\n<thead>\n<tr>\n<td><strong>Parametr<\/strong><\/td>\n<td><strong>Specyfikacja<\/strong><\/td>\n<td><strong>Najwa\u017cniejsze informacje o SEO<\/strong><\/td>\n<\/tr>\n<\/thead>\n<tbody>\n<tr>\n<td><span data-path-to-node=\"7,1,0,0\"><b data-path-to-node=\"7,1,0,0\" data-index-in-node=\"0\">Puff Count<\/b><\/span><\/td>\n<td><span data-path-to-node=\"7,1,1,0\">25,000 Puffs<\/span><\/td>\n<td><span data-path-to-node=\"7,1,2,0\">Masywny <b data-path-to-node=\"7,1,2,0\" data-index-in-node=\"8\">Puff JNR Mega Box<\/b> pojemno\u015b\u0107<\/span><\/td>\n<\/tr>\n<tr>\n<td><span data-path-to-node=\"7,2,0,0\"><b data-path-to-node=\"7,2,0,0\" data-index-in-node=\"0\">Profil smakowy<\/b><\/span><\/td>\n<td><span data-path-to-node=\"7,2,1,0\">100% Classic Bubblegum<\/span><\/td>\n<td><span data-path-to-node=\"7,2,2,0\">Czysta nostalgia <b data-path-to-node=\"7,2,2,0\" data-index-in-node=\"15\">Papieros JNR<\/b> alternatywa<\/span><\/td>\n<\/tr>\n<tr>\n<td><span data-path-to-node=\"7,3,0,0\"><b data-path-to-node=\"7,3,0,0\" data-index-in-node=\"0\">S\u0142odycz \/ L\u00f3d<\/b><\/span><\/td>\n<td><span data-path-to-node=\"7,3,1,0\">\u2605\u2605\u2605\u2605\u2605 \/ \u2605\u2606\u2606\u2606\u2606<\/span><\/td>\n<td><span data-path-to-node=\"7,3,2,0\">Maksymalnie s\u0142odki <b data-path-to-node=\"7,3,2,0\" data-index-in-node=\"15\">E Liquide JNR<\/b> profil<\/span><\/td>\n<\/tr>\n<tr>\n<td><span data-path-to-node=\"7,4,0,0\"><b data-path-to-node=\"7,4,0,0\" data-index-in-node=\"0\">Odporno\u015b\u0107 cewki<\/b><\/span><\/td>\n<td><span data-path-to-node=\"7,4,1,0\">Podw\u00f3jna siatka 1,0\u03a9<\/span><\/td>\n<td><span data-path-to-node=\"7,4,2,0\">Sp\u00f3jny <b data-path-to-node=\"7,4,2,0\" data-index-in-node=\"11\">Czysty smak<\/b> do ko\u0144ca<\/span><\/td>\n<\/tr>\n<tr>\n<td><span data-path-to-node=\"7,5,0,0\"><b data-path-to-node=\"7,5,0,0\" data-index-in-node=\"0\">Port \u0142adowania<\/b><\/span><\/td>\n<td><span data-path-to-node=\"7,5,1,0\">Type-C i Lightning<\/span><\/td>\n<td><span data-path-to-node=\"7,5,2,0\">Zaawansowany <b data-path-to-node=\"7,5,2,0\" data-index-in-node=\"9\">Akumulator JNR<\/b> technika<\/span><\/td>\n<\/tr>\n<\/tbody>\n<\/table>\n<h2 data-path-to-node=\"6\"><b data-path-to-node=\"6\" data-index-in-node=\"0\">Hubba Bubba w te\u015bcie: Nostalgiczna s\u0142odycz \u0142\u0105czy si\u0119 z technologi\u0105<\/b><\/h2>\n<p data-path-to-node=\"7\">The <b data-path-to-node=\"7\" data-index-in-node=\"4\">JNR Mega Box 25000<\/b> z <b data-path-to-node=\"7\" data-index-in-node=\"28\">Hubba Bubba<\/b> imponuje:<\/p>\n<ul data-path-to-node=\"8\">\n<li>\n<p data-path-to-node=\"8,0,0\"><b data-path-to-node=\"8,0,0\" data-index-in-node=\"0\">Classic Bubblegum Essence:<\/b> Doskonale oddaje s\u0142odki, nostalgiczny aromat r\u00f3\u017cowej gumy balonowej. Zapewnia <b data-path-to-node=\"8,0,0\" data-index-in-node=\"105\">Intensywna satysfakcja<\/b> dla mi\u0142o\u015bnik\u00f3w waporyzacji w stylu deserowym.<\/p>\n<\/li>\n<li>\n<p data-path-to-node=\"8,1,0\"><b data-path-to-node=\"8,1,0\" data-index-in-node=\"0\">Wydajno\u015b\u0107 dwurdzeniowa:<\/b> The <b data-path-to-node=\"8,1,0\" data-index-in-node=\"27\">Dwurdzeniowy<\/b> Technologia zapewnia, \u017ce s\u0142odkie nuty pozostaj\u0105 \u017cywe od pierwszego do ostatniego zaci\u0105gni\u0119cia si\u0119, unikaj\u0105c zaniku smaku powszechnego w mniejszych urz\u0105dzeniach.<\/p>\n<\/li>\n<li>\n<p data-path-to-node=\"8,2,0\"><b data-path-to-node=\"8,2,0\" data-index-in-node=\"0\">Wysoka wydajno\u015b\u0107:<\/b> Wst\u0119pnie wype\u0142nione <b data-path-to-node=\"8,2,0\" data-index-in-node=\"37\">30ml E-Liquide JNR<\/b>, Jest to najbardziej ekonomiczny wyb\u00f3r na d\u0142u\u017csz\u0105 met\u0119. <b data-path-to-node=\"8,2,0\" data-index-in-node=\"104\">Puff JNR 25k<\/b> entuzjast\u00f3w.<\/p>\n<\/li>\n<li>\n<p data-path-to-node=\"8,3,0\"><b data-path-to-node=\"8,3,0\" data-index-in-node=\"0\">Szybka logistyka:<\/b> Wysy\u0142ane z naszego <b data-path-to-node=\"8,3,0\" data-index-in-node=\"33\">Magazyn europejski<\/b>, zapewniaj\u0105c, \u017ce ten nostalgiczny przysmak dotrze do Ciebie w ci\u0105gu 1-3 dni.<\/p>\n<\/li>\n<\/ul>\n<h3 data-path-to-node=\"2\"><span style=\"font-size: 16px;\">Oto dalsze zalecenia dla Ciebie:<\/span><\/h3>\n<p dir=\"auto\">Odkryj jeszcze wi\u0119cej niesamowitych smak\u00f3w dzi\u0119ki JNR Mega Box 25000 Puff Vape!<\/p>\n<p dir=\"auto\"><a href=\"https:\/\/vozolvapen.de\/pl\/product-category\/jnr-vape\/jnr-mega-box-25000-puff-vape\/28000-puffs\/\" target=\"_blank\" rel=\"noopener noreferrer nofollow\">Zobacz wszystkie odmiany tutaj \u2192<\/a><\/p>\n<p dir=\"auto\">Zapoznaj si\u0119 z nasz\u0105 pe\u0142n\u0105 kolekcj\u0105 i kupuj produkty najlepszych marek vape, kt\u00f3re pokochasz.<\/p>\n<p dir=\"auto\"><a href=\"https:\/\/vozolvapen.de\/pl\/\" target=\"_blank\" rel=\"noopener noreferrer nofollow\">Przegl\u0105daj teraz wszystkie marki \u2192<\/a><\/p>\n<p dir=\"auto\">Sprawd\u017a ca\u0142\u0105 seri\u0119 JNR Vape - ka\u017cdy smak, ka\u017cdy styl!<\/p>\n<p dir=\"auto\"><a href=\"https:\/\/vozolvapen.de\/pl\/product-category\/jnr-vape\/\" target=\"_blank\" rel=\"noopener noreferrer nofollow\">Zobacz pe\u0142n\u0105 kolekcj\u0119 JNR Vape \u2192<\/a><\/p>\n<h2 data-path-to-node=\"23,2,0\">JNR Mega box 25000 E Cigarette Puff - FAQ<\/h2>\n<h3 data-path-to-node=\"73,0,0\"><b data-path-to-node=\"73,0,0\" data-index-in-node=\"0\">Dlaczego JNR Mega Box 25000 r\u00f3\u017cni si\u0119 od innych waporyzator\u00f3w?<\/b><\/h3>\n<p data-path-to-node=\"73,0,0\">Posiada dwurdzeniowy system i podw\u00f3jne cewki siatkowe, zapewniaj\u0105c podw\u00f3jny smak i par\u0119 w por\u00f3wnaniu do standardowych jednorazowych papieros\u00f3w. Ponadto posiada unikalne \u0142adowanie z dwoma portami.<\/p>\n<h3 data-path-to-node=\"73,1,0\"><b data-path-to-node=\"73,1,0\" data-index-in-node=\"0\">Jak d\u0142ugo wystarcza 25 000 zaci\u0105gni\u0119\u0107?<\/b><\/h3>\n<p data-path-to-node=\"73,1,0\">Dla umiarkowanego wapera <b data-path-to-node=\"73,1,0\" data-index-in-node=\"57\">jnr mega box vape<\/b> mo\u017ce trwa\u0107 od 3 do 5 tygodni.<\/p>\n<h3 data-path-to-node=\"73,2,0\"><b data-path-to-node=\"73,2,0\" data-index-in-node=\"0\">Czy \u0142adowanie za pomoc\u0105 kabla Lightning jest bezpieczne?<\/b><\/h3>\n<p data-path-to-node=\"73,2,0\">Tak! The <b data-path-to-node=\"73,2,0\" data-index-in-node=\"54\">akumulator jnr<\/b> System zosta\u0142 zaprojektowany tak, aby by\u0142 kompatybilny zar\u00f3wno ze standardowymi kablami Apple Lightning, jak i kablami typu C.<\/p>","protected":false},"excerpt":{"rendered":"<p>Prze\u017cyj nostalgi\u0119 z ka\u017cdym zaci\u0105gni\u0119ciem. Ten smak Hubba Bubba zapewnia s\u0142odki, d\u0142ugotrwa\u0142y aromat gumy balonowej zasilany zaawansowan\u0105 technologi\u0105 dwurdzeniow\u0105 dla czystego smaku.<\/p>","protected":false},"featured_media":63770,"comment_status":"open","ping_status":"closed","template":"","meta":{"_acf_changed":false},"product_brand":[],"product_cat":[94],"product_tag":[],"class_list":{"0":"post-63270","1":"product","2":"type-product","3":"status-publish","4":"has-post-thumbnail","6":"product_cat-jnr-mega-box-25000-puff-vape","8":"first","9":"instock","10":"shipping-taxable","11":"purchasable","12":"product-type-variable"},"acf":[],"yoast_head":"<!-- This site is optimized with the Yoast SEO Premium plugin v26.1 (Yoast SEO v27.5) - https:\/\/yoast.com\/product\/yoast-seo-premium-wordpress\/ -->\n<title>Hubba Bubba JNR Mega Box 25000 | JNR Mega Box Vape - vozolvapen<\/title>\n<meta name=\"description\" content=\"Get the classic bubblegum taste with JNR Mega Box 25000 Hubba Bubba. 25k puffs, JNR rechargeable with Type-C &amp; Lightning ports. Order now!\" \/>\n<meta name=\"robots\" content=\"index, follow, max-snippet:-1, max-image-preview:large, max-video-preview:-1\" \/>\n<link rel=\"canonical\" href=\"https:\/\/vozolvapen.de\/pl\/product\/jnr-mega-box-25000-e-cigarette-puff-hubba-bubba\/\" \/>\n<meta property=\"og:locale\" content=\"pl_PL\" \/>\n<meta property=\"og:type\" content=\"article\" \/>\n<meta property=\"og:title\" content=\"JNR Mega box 25000 E Cigarette Puff - HUBBA BUBBA\" \/>\n<meta property=\"og:description\" content=\"Get the classic bubblegum taste with JNR Mega Box 25000 Hubba Bubba. 25k puffs, JNR rechargeable with Type-C &amp; Lightning ports. Order now!\" \/>\n<meta property=\"og:url\" content=\"https:\/\/vozolvapen.de\/pl\/product\/jnr-mega-box-25000-e-cigarette-puff-hubba-bubba\/\" \/>\n<meta property=\"og:site_name\" content=\"vozolvapen\" \/>\n<meta property=\"article:modified_time\" content=\"2026-01-20T10:06:09+00:00\" \/>\n<meta property=\"og:image\" content=\"https:\/\/vozolvapen.de\/wp-content\/uploads\/2026\/01\/JNR-Mega-box-25000-HUBBA-BUBBA-1.webp\" \/>\n\t<meta property=\"og:image:width\" content=\"800\" \/>\n\t<meta property=\"og:image:height\" content=\"800\" \/>\n\t<meta property=\"og:image:type\" content=\"image\/webp\" \/>\n<meta name=\"twitter:card\" content=\"summary_large_image\" \/>\n<meta name=\"twitter:label1\" content=\"Szacowany czas czytania\" \/>\n\t<meta name=\"twitter:data1\" content=\"2 minuty\" \/>\n<script type=\"application\/ld+json\" class=\"yoast-schema-graph\">{\"@context\":\"https:\\\/\\\/schema.org\",\"@graph\":[{\"@type\":\"WebPage\",\"@id\":\"https:\\\/\\\/vozolvapen.de\\\/product\\\/jnr-mega-box-25000-e-cigarette-puff-hubba-bubba\\\/\",\"url\":\"https:\\\/\\\/vozolvapen.de\\\/product\\\/jnr-mega-box-25000-e-cigarette-puff-hubba-bubba\\\/\",\"name\":\"Hubba Bubba JNR Mega Box 25000 | JNR Mega Box Vape - vozolvapen\",\"isPartOf\":{\"@id\":\"https:\\\/\\\/vozolvapen.de\\\/#website\"},\"primaryImageOfPage\":{\"@id\":\"https:\\\/\\\/vozolvapen.de\\\/product\\\/jnr-mega-box-25000-e-cigarette-puff-hubba-bubba\\\/#primaryimage\"},\"image\":{\"@id\":\"https:\\\/\\\/vozolvapen.de\\\/product\\\/jnr-mega-box-25000-e-cigarette-puff-hubba-bubba\\\/#primaryimage\"},\"thumbnailUrl\":\"https:\\\/\\\/vozolvapen.de\\\/wp-content\\\/uploads\\\/2026\\\/01\\\/JNR-Mega-box-25000-HUBBA-BUBBA-1.webp\",\"datePublished\":\"2026-01-20T09:04:14+00:00\",\"dateModified\":\"2026-01-20T10:06:09+00:00\",\"description\":\"Get the classic bubblegum taste with JNR Mega Box 25000 Hubba Bubba. 25k puffs, JNR rechargeable with Type-C & Lightning ports. Order now!\",\"breadcrumb\":{\"@id\":\"https:\\\/\\\/vozolvapen.de\\\/product\\\/jnr-mega-box-25000-e-cigarette-puff-hubba-bubba\\\/#breadcrumb\"},\"inLanguage\":\"pl-PL\",\"potentialAction\":[{\"@type\":\"ReadAction\",\"target\":[\"https:\\\/\\\/vozolvapen.de\\\/product\\\/jnr-mega-box-25000-e-cigarette-puff-hubba-bubba\\\/\"]}]},{\"@type\":\"ImageObject\",\"inLanguage\":\"pl-PL\",\"@id\":\"https:\\\/\\\/vozolvapen.de\\\/product\\\/jnr-mega-box-25000-e-cigarette-puff-hubba-bubba\\\/#primaryimage\",\"url\":\"https:\\\/\\\/vozolvapen.de\\\/wp-content\\\/uploads\\\/2026\\\/01\\\/JNR-Mega-box-25000-HUBBA-BUBBA-1.webp\",\"contentUrl\":\"https:\\\/\\\/vozolvapen.de\\\/wp-content\\\/uploads\\\/2026\\\/01\\\/JNR-Mega-box-25000-HUBBA-BUBBA-1.webp\",\"width\":800,\"height\":800,\"caption\":\"JNR Mega box 25000 - HUBBA-BUBBA\"},{\"@type\":\"BreadcrumbList\",\"@id\":\"https:\\\/\\\/vozolvapen.de\\\/product\\\/jnr-mega-box-25000-e-cigarette-puff-hubba-bubba\\\/#breadcrumb\",\"itemListElement\":[{\"@type\":\"ListItem\",\"position\":1,\"name\":\"Home\",\"item\":\"https:\\\/\\\/vozolvapen.de\\\/de\\\/\"},{\"@type\":\"ListItem\",\"position\":2,\"name\":\"Shop\",\"item\":\"https:\\\/\\\/vozolvapen.de\\\/shop\\\/\"},{\"@type\":\"ListItem\",\"position\":3,\"name\":\"JNR Mega box 25000 E Cigarette Puff &#8211; HUBBA BUBBA\"}]},{\"@type\":\"WebSite\",\"@id\":\"https:\\\/\\\/vozolvapen.de\\\/#website\",\"url\":\"https:\\\/\\\/vozolvapen.de\\\/\",\"name\":\"vozolvapen\",\"description\":\"vozolvapen\",\"publisher\":{\"@id\":\"https:\\\/\\\/vozolvapen.de\\\/#organization\"},\"potentialAction\":[{\"@type\":\"SearchAction\",\"target\":{\"@type\":\"EntryPoint\",\"urlTemplate\":\"https:\\\/\\\/vozolvapen.de\\\/?s={search_term_string}\"},\"query-input\":{\"@type\":\"PropertyValueSpecification\",\"valueRequired\":true,\"valueName\":\"search_term_string\"}}],\"inLanguage\":\"pl-PL\"},{\"@type\":\"Organization\",\"@id\":\"https:\\\/\\\/vozolvapen.de\\\/#organization\",\"name\":\"vozolvapen\",\"url\":\"https:\\\/\\\/vozolvapen.de\\\/\",\"logo\":{\"@type\":\"ImageObject\",\"inLanguage\":\"pl-PL\",\"@id\":\"https:\\\/\\\/vozolvapen.de\\\/#\\\/schema\\\/logo\\\/image\\\/\",\"url\":\"https:\\\/\\\/vozolvapen.de\\\/wp-content\\\/uploads\\\/2025\\\/12\\\/cropped-vozovapen-logo.webp\",\"contentUrl\":\"https:\\\/\\\/vozolvapen.de\\\/wp-content\\\/uploads\\\/2025\\\/12\\\/cropped-vozovapen-logo.webp\",\"width\":470,\"height\":110,\"caption\":\"vozolvapen\"},\"image\":{\"@id\":\"https:\\\/\\\/vozolvapen.de\\\/#\\\/schema\\\/logo\\\/image\\\/\"}}]}<\/script>\n<!-- \/ Yoast SEO Premium plugin. -->","yoast_head_json":{"title":"Hubba Bubba JNR Mega Box 25000 | JNR Mega Box Vape - vozolvapen","description":"Uzyskaj klasyczny smak gumy balonowej dzi\u0119ki JNR Mega Box 25000 Hubba Bubba. 25 tys. zaci\u0105gni\u0119\u0107, akumulator JNR z portami Type-C i Lightning. Zam\u00f3w teraz!","robots":{"index":"index","follow":"follow","max-snippet":"max-snippet:-1","max-image-preview":"max-image-preview:large","max-video-preview":"max-video-preview:-1"},"canonical":"https:\/\/vozolvapen.de\/pl\/product\/jnr-mega-box-25000-e-cigarette-puff-hubba-bubba\/","og_locale":"pl_PL","og_type":"article","og_title":"JNR Mega box 25000 E Cigarette Puff - HUBBA BUBBA","og_description":"Get the classic bubblegum taste with JNR Mega Box 25000 Hubba Bubba. 25k puffs, JNR rechargeable with Type-C & Lightning ports. Order now!","og_url":"https:\/\/vozolvapen.de\/pl\/product\/jnr-mega-box-25000-e-cigarette-puff-hubba-bubba\/","og_site_name":"vozolvapen","article_modified_time":"2026-01-20T10:06:09+00:00","og_image":[{"width":800,"height":800,"url":"https:\/\/vozolvapen.de\/wp-content\/uploads\/2026\/01\/JNR-Mega-box-25000-HUBBA-BUBBA-1.webp","type":"image\/webp"}],"twitter_card":"summary_large_image","twitter_misc":{"Szacowany czas czytania":"2 minuty"},"schema":{"@context":"https:\/\/schema.org","@graph":[{"@type":"WebPage","@id":"https:\/\/vozolvapen.de\/product\/jnr-mega-box-25000-e-cigarette-puff-hubba-bubba\/","url":"https:\/\/vozolvapen.de\/product\/jnr-mega-box-25000-e-cigarette-puff-hubba-bubba\/","name":"Hubba Bubba JNR Mega Box 25000 | JNR Mega Box Vape - vozolvapen","isPartOf":{"@id":"https:\/\/vozolvapen.de\/#website"},"primaryImageOfPage":{"@id":"https:\/\/vozolvapen.de\/product\/jnr-mega-box-25000-e-cigarette-puff-hubba-bubba\/#primaryimage"},"image":{"@id":"https:\/\/vozolvapen.de\/product\/jnr-mega-box-25000-e-cigarette-puff-hubba-bubba\/#primaryimage"},"thumbnailUrl":"https:\/\/vozolvapen.de\/wp-content\/uploads\/2026\/01\/JNR-Mega-box-25000-HUBBA-BUBBA-1.webp","datePublished":"2026-01-20T09:04:14+00:00","dateModified":"2026-01-20T10:06:09+00:00","description":"Uzyskaj klasyczny smak gumy balonowej dzi\u0119ki JNR Mega Box 25000 Hubba Bubba. 25 tys. zaci\u0105gni\u0119\u0107, akumulator JNR z portami Type-C i Lightning. Zam\u00f3w teraz!","breadcrumb":{"@id":"https:\/\/vozolvapen.de\/product\/jnr-mega-box-25000-e-cigarette-puff-hubba-bubba\/#breadcrumb"},"inLanguage":"pl-PL","potentialAction":[{"@type":"ReadAction","target":["https:\/\/vozolvapen.de\/product\/jnr-mega-box-25000-e-cigarette-puff-hubba-bubba\/"]}]},{"@type":"ImageObject","inLanguage":"pl-PL","@id":"https:\/\/vozolvapen.de\/product\/jnr-mega-box-25000-e-cigarette-puff-hubba-bubba\/#primaryimage","url":"https:\/\/vozolvapen.de\/wp-content\/uploads\/2026\/01\/JNR-Mega-box-25000-HUBBA-BUBBA-1.webp","contentUrl":"https:\/\/vozolvapen.de\/wp-content\/uploads\/2026\/01\/JNR-Mega-box-25000-HUBBA-BUBBA-1.webp","width":800,"height":800,"caption":"JNR Mega box 25000 - HUBBA-BUBBA"},{"@type":"BreadcrumbList","@id":"https:\/\/vozolvapen.de\/product\/jnr-mega-box-25000-e-cigarette-puff-hubba-bubba\/#breadcrumb","itemListElement":[{"@type":"ListItem","position":1,"name":"Home","item":"https:\/\/vozolvapen.de\/de\/"},{"@type":"ListItem","position":2,"name":"Shop","item":"https:\/\/vozolvapen.de\/shop\/"},{"@type":"ListItem","position":3,"name":"JNR Mega box 25000 E Cigarette Puff &#8211; HUBBA BUBBA"}]},{"@type":"WebSite","@id":"https:\/\/vozolvapen.de\/#website","url":"https:\/\/vozolvapen.de\/","name":"vozolvapen","description":"vozolvapen","publisher":{"@id":"https:\/\/vozolvapen.de\/#organization"},"potentialAction":[{"@type":"SearchAction","target":{"@type":"EntryPoint","urlTemplate":"https:\/\/vozolvapen.de\/?s={search_term_string}"},"query-input":{"@type":"PropertyValueSpecification","valueRequired":true,"valueName":"search_term_string"}}],"inLanguage":"pl-PL"},{"@type":"Organization","@id":"https:\/\/vozolvapen.de\/#organization","name":"vozolvapen","url":"https:\/\/vozolvapen.de\/","logo":{"@type":"ImageObject","inLanguage":"pl-PL","@id":"https:\/\/vozolvapen.de\/#\/schema\/logo\/image\/","url":"https:\/\/vozolvapen.de\/wp-content\/uploads\/2025\/12\/cropped-vozovapen-logo.webp","contentUrl":"https:\/\/vozolvapen.de\/wp-content\/uploads\/2025\/12\/cropped-vozovapen-logo.webp","width":470,"height":110,"caption":"vozolvapen"},"image":{"@id":"https:\/\/vozolvapen.de\/#\/schema\/logo\/image\/"}}]}},"tiered_pricing_type":"fixed","tiered_pricing_fixed_rules":{"30":"12.6","50":"10.1","100":"9.6","200":"8.6"},"tiered_pricing_product_settings":{"layout":"default","base_unit_name":{"singular":null,"plural":null},"default_variation":null},"tiered_pricing_minimum_quantity":10,"tiered_pricing_roles_data":[],"tiered_pricing_percentage_rules":[],"tiered_pricing_maximum_quantity":null,"tiered_pricing_quantity_step":"10","_links":{"self":[{"href":"http:\/\/vozolvapen.de\/pl\/wp-json\/wp\/v2\/product\/63270","targetHints":{"allow":["GET"]}}],"collection":[{"href":"http:\/\/vozolvapen.de\/pl\/wp-json\/wp\/v2\/product"}],"about":[{"href":"http:\/\/vozolvapen.de\/pl\/wp-json\/wp\/v2\/types\/product"}],"replies":[{"embeddable":true,"href":"http:\/\/vozolvapen.de\/pl\/wp-json\/wp\/v2\/comments?post=63270"}],"wp:featuredmedia":[{"embeddable":true,"href":"http:\/\/vozolvapen.de\/pl\/wp-json\/wp\/v2\/media\/63770"}],"wp:attachment":[{"href":"http:\/\/vozolvapen.de\/pl\/wp-json\/wp\/v2\/media?parent=63270"}],"wp:term":[{"taxonomy":"product_brand","embeddable":true,"href":"http:\/\/vozolvapen.de\/pl\/wp-json\/wp\/v2\/product_brand?post=63270"},{"taxonomy":"product_cat","embeddable":true,"href":"http:\/\/vozolvapen.de\/pl\/wp-json\/wp\/v2\/product_cat?post=63270"},{"taxonomy":"product_tag","embeddable":true,"href":"http:\/\/vozolvapen.de\/pl\/wp-json\/wp\/v2\/product_tag?post=63270"}],"curies":[{"name":"wp","href":"https:\/\/api.w.org\/{rel}","templated":true}]}}