{"id":63325,"date":"2026-01-20T09:04:17","date_gmt":"2026-01-20T09:04:17","guid":{"rendered":"https:\/\/vozolvapen.de\/?post_type=product&#038;p=63325"},"modified":"2026-01-20T10:06:13","modified_gmt":"2026-01-20T10:06:13","slug":"jnr-mega-box-25000-e-cigarette-puff-pineapple-fantasy","status":"publish","type":"product","link":"http:\/\/vozolvapen.de\/pl\/product\/jnr-mega-box-25000-e-cigarette-puff-pineapple-fantasy\/","title":{"rendered":"JNR Mega box 25000 e-papieros\u00f3w Puff - PINEAPPLE FANTASY"},"content":{"rendered":"<h1 data-path-to-node=\"2\">JNR Mega box 25000 e-papieros\u00f3w Puff - PINEAPPLE FANTASY<\/h1>\n<p data-path-to-node=\"16\">The <b data-path-to-node=\"16\" data-index-in-node=\"4\">Pineapple Fantasy JNR Mega Box 25000<\/b> przynosi tropikalny \u201cLiquid Paradise\u201d do kieszeni. Ten smak to mistrzowska klasa w pikantnym, dojrza\u0142ym w s\u0142o\u0144cu realizmie ananasa.<\/p>\n<h2 data-path-to-node=\"17\"><b data-path-to-node=\"17\" data-index-in-node=\"0\">Dlaczego warto wybra\u0107 Pineapple Fantasy?<\/b><\/h2>\n<p data-path-to-node=\"17\">To <b data-path-to-node=\"17\" data-index-in-node=\"35\">JNR Mega Box Vape<\/b> oddaje ostry, kwa\u015bny posmak \u015bwie\u017cego ananasa zr\u00f3wnowa\u017cony s\u0142odkim nektarowym finiszem. Z <b data-path-to-node=\"17\" data-index-in-node=\"144\">30 ml p\u0142ynu<\/b> oraz <b data-path-to-node=\"17\" data-index-in-node=\"163\">Cewka z podw\u00f3jn\u0105 siatk\u0105<\/b> Technologia ta zapewnia \u201cIntensywn\u0105 Satysfakcj\u0119\u201d, kt\u00f3rej nie s\u0105 w stanie dor\u00f3wna\u0107 typowe jednoraz\u00f3wki tropikalne.<\/p>\n<h2 data-path-to-node=\"4\">JNR Mega box 25000 - PINEAPPLE FANTASY <b data-path-to-node=\"142\" data-index-in-node=\"0\">Specyfikacja<\/b><\/h2>\n<table data-path-to-node=\"10\">\n<thead>\n<tr>\n<td><strong>Parametr<\/strong><\/td>\n<td><strong>Specyfikacja<\/strong><\/td>\n<td><strong>Najwa\u017cniejsze informacje o SEO<\/strong><\/td>\n<\/tr>\n<\/thead>\n<tbody>\n<tr>\n<td><span data-path-to-node=\"10,1,0,0\"><b data-path-to-node=\"10,1,0,0\" data-index-in-node=\"0\">Puff Count<\/b><\/span><\/td>\n<td><span data-path-to-node=\"10,1,1,0\">25,000 Puffs<\/span><\/td>\n<td><span data-path-to-node=\"10,1,2,0\">Limitless <b data-path-to-node=\"10,1,2,0\" data-index-in-node=\"10\">Vape 2026<\/b> do\u015bwiadczenie<\/span><\/td>\n<\/tr>\n<tr>\n<td><span data-path-to-node=\"10,2,0,0\"><b data-path-to-node=\"10,2,0,0\" data-index-in-node=\"0\">Profil smakowy<\/b><\/span><\/td>\n<td><span data-path-to-node=\"10,2,1,0\">Pikantny ananas tropikalny<\/span><\/td>\n<td><span data-path-to-node=\"10,2,2,0\">Zesty <b data-path-to-node=\"10,2,2,0\" data-index-in-node=\"6\">E Liquide JNR<\/b> tropikalny hit<\/span><\/td>\n<\/tr>\n<tr>\n<td><span data-path-to-node=\"10,3,0,0\"><b data-path-to-node=\"10,3,0,0\" data-index-in-node=\"0\">S\u0142odycz \/ L\u00f3d<\/b><\/span><\/td>\n<td><span data-path-to-node=\"10,3,1,0\">\u2605\u2605\u2605\u2605\u2606 \/ \u2605\u2605\u2605\u2606\u2606<\/span><\/td>\n<td><span data-path-to-node=\"10,3,2,0\">Zr\u00f3wnowa\u017cone od\u015bwie\u017canie <b data-path-to-node=\"10,3,2,0\" data-index-in-node=\"20\">JNR Mega Box Vape<\/b><\/span><\/td>\n<\/tr>\n<tr>\n<td><span data-path-to-node=\"10,4,0,0\"><b data-path-to-node=\"10,4,0,0\" data-index-in-node=\"0\">System cewek<\/b><\/span><\/td>\n<td><span data-path-to-node=\"10,4,1,0\">Technologia dwurdzeniowa<\/span><\/td>\n<td><span data-path-to-node=\"10,4,2,0\">Unleash <b data-path-to-node=\"10,4,2,0\" data-index-in-node=\"8\">Intensywna satysfakcja<\/b><\/span><\/td>\n<\/tr>\n<tr>\n<td><span data-path-to-node=\"10,5,0,0\"><b data-path-to-node=\"10,5,0,0\" data-index-in-node=\"0\">Magazyn<\/b><\/span><\/td>\n<td><span data-path-to-node=\"10,5,1,0\">Magazyn europejski<\/span><\/td>\n<td><span data-path-to-node=\"10,5,2,0\">Szybko <b data-path-to-node=\"10,5,2,0\" data-index-in-node=\"5\">Dostawa w ci\u0105gu 1-3 dni<\/b> w ca\u0142ej UE<\/span><\/td>\n<\/tr>\n<\/tbody>\n<\/table>\n<h2 data-path-to-node=\"10\"><b data-path-to-node=\"10\" data-index-in-node=\"0\">Ananasowa fantazja w te\u015bcie: Tropikalny raj \u0142\u0105czy si\u0119 z technologi\u0105<\/b><\/h2>\n<p data-path-to-node=\"11\">The <b data-path-to-node=\"11\" data-index-in-node=\"4\">JNR Mega Box 25000<\/b> z <b data-path-to-node=\"11\" data-index-in-node=\"28\">Ananasowa fantazja<\/b> imponuje:<\/p>\n<ul data-path-to-node=\"12\">\n<li>\n<p data-path-to-node=\"12,0,0\"><b data-path-to-node=\"12,0,0\" data-index-in-node=\"0\">Autentyczne nuty ananasa:<\/b> Pikantny, dojrza\u0142y w s\u0142o\u0144cu profil ananasa, kt\u00f3ry smakuje jak \u015bwie\u017cy sok. Zapewnia \u201cLimitless Experience\u201d dla mi\u0142o\u015bnik\u00f3w owoc\u00f3w tropikalnych.<\/p>\n<\/li>\n<li>\n<p data-path-to-node=\"12,1,0\"><b data-path-to-node=\"12,1,0\" data-index-in-node=\"0\">Zoptymalizowane ogrzewanie:<\/b> The <b data-path-to-node=\"12,1,0\" data-index-in-node=\"23\">Siatkowa cewka 1,0\u03a9<\/b> Utrzymuje idealn\u0105 temperatur\u0119 do rozpylania nut cytrusowych bez szorstko\u015bci.<\/p>\n<\/li>\n<li>\n<p data-path-to-node=\"12,2,0\"><b data-path-to-node=\"12,2,0\" data-index-in-node=\"0\">Najwy\u017csza jako\u015b\u0107 wykonania:<\/b> Wa\u017cenie <b data-path-to-node=\"12,2,0\" data-index-in-node=\"32\">157g<\/b>, to <b data-path-to-node=\"12,2,0\" data-index-in-node=\"43\">JNR Mega Box Vape<\/b> sprawia wra\u017cenie solidnego i wysokiej klasy, odzwierciedlaj\u0105c doskona\u0142\u0105 pojemno\u015b\u0107 25 tys. puff\u00f3w.<\/p>\n<\/li>\n<li>\n<p data-path-to-node=\"12,3,0\"><b data-path-to-node=\"12,3,0\" data-index-in-node=\"0\">Szybka energia:<\/b> Wsparcie <b data-path-to-node=\"12,3,0\" data-index-in-node=\"23\">B\u0142yskawiczne szybkie \u0142adowanie<\/b>, co oznacza, \u017ce <b data-path-to-node=\"12,3,0\" data-index-in-node=\"60\">Akumulator JNR<\/b> Urz\u0105dzenie jest zawsze gotowe do pracy.<\/p>\n<\/li>\n<\/ul>\n<h3 data-path-to-node=\"2\"><span style=\"font-size: 16px;\">Oto dalsze zalecenia dla Ciebie:<\/span><\/h3>\n<p dir=\"auto\">Odkryj jeszcze wi\u0119cej niesamowitych smak\u00f3w dzi\u0119ki JNR Mega Box 25000 Puff Vape!<\/p>\n<p dir=\"auto\"><a href=\"https:\/\/vozolvapen.de\/pl\/product-category\/jnr-vape\/jnr-mega-box-25000-puff-vape\/28000-puffs\/\" target=\"_blank\" rel=\"noopener noreferrer nofollow\">Zobacz wszystkie odmiany tutaj \u2192<\/a><\/p>\n<p dir=\"auto\">Zapoznaj si\u0119 z nasz\u0105 pe\u0142n\u0105 kolekcj\u0105 i kupuj produkty najlepszych marek vape, kt\u00f3re pokochasz.<\/p>\n<p dir=\"auto\"><a href=\"https:\/\/vozolvapen.de\/pl\/\" target=\"_blank\" rel=\"noopener noreferrer nofollow\">Przegl\u0105daj teraz wszystkie marki \u2192<\/a><\/p>\n<p dir=\"auto\">Sprawd\u017a ca\u0142\u0105 seri\u0119 JNR Vape - ka\u017cdy smak, ka\u017cdy styl!<\/p>\n<p dir=\"auto\"><a href=\"https:\/\/vozolvapen.de\/pl\/product-category\/jnr-vape\/\" target=\"_blank\" rel=\"noopener noreferrer nofollow\">Zobacz pe\u0142n\u0105 kolekcj\u0119 JNR Vape \u2192<\/a><\/p>\n<h2 data-path-to-node=\"23,2,0\">JNR Mega box 25000 E Cigarette Puff - FAQ<\/h2>\n<h3 data-path-to-node=\"73,0,0\"><b data-path-to-node=\"73,0,0\" data-index-in-node=\"0\">Dlaczego JNR Mega Box 25000 r\u00f3\u017cni si\u0119 od innych waporyzator\u00f3w?<\/b><\/h3>\n<p data-path-to-node=\"73,0,0\">Posiada dwurdzeniowy system i podw\u00f3jne cewki siatkowe, zapewniaj\u0105c podw\u00f3jny smak i par\u0119 w por\u00f3wnaniu do standardowych jednorazowych papieros\u00f3w. Ponadto posiada unikalne \u0142adowanie z dwoma portami.<\/p>\n<h3 data-path-to-node=\"73,1,0\"><b data-path-to-node=\"73,1,0\" data-index-in-node=\"0\">Jak d\u0142ugo wystarcza 25 000 zaci\u0105gni\u0119\u0107?<\/b><\/h3>\n<p data-path-to-node=\"73,1,0\">Dla umiarkowanego wapera <b data-path-to-node=\"73,1,0\" data-index-in-node=\"57\">jnr mega box vape<\/b> mo\u017ce trwa\u0107 od 3 do 5 tygodni.<\/p>\n<h3 data-path-to-node=\"73,2,0\"><b data-path-to-node=\"73,2,0\" data-index-in-node=\"0\">Czy \u0142adowanie za pomoc\u0105 kabla Lightning jest bezpieczne?<\/b><\/h3>\n<p data-path-to-node=\"73,2,0\">Tak! The <b data-path-to-node=\"73,2,0\" data-index-in-node=\"54\">akumulator jnr<\/b> System zosta\u0142 zaprojektowany tak, aby by\u0142 kompatybilny zar\u00f3wno ze standardowymi kablami Apple Lightning, jak i kablami typu C.<\/p>","protected":false},"excerpt":{"rendered":"<p>Pikantna, dojrza\u0142a w s\u0142o\u0144cu eksplozja ananasa. Idealnie zbalansowana s\u0142odycz i kwaskowato\u015b\u0107, ten smak oferuje tropikalny \u201cp\u0142ynny raj\u201d w urz\u0105dzeniu o du\u017cej pojemno\u015bci 25 tys. puff\u00f3w.<\/p>","protected":false},"featured_media":63773,"comment_status":"open","ping_status":"closed","template":"","meta":{"_acf_changed":false},"product_brand":[],"product_cat":[94],"product_tag":[],"class_list":{"0":"post-63325","1":"product","2":"type-product","3":"status-publish","4":"has-post-thumbnail","6":"product_cat-jnr-mega-box-25000-puff-vape","8":"first","9":"instock","10":"shipping-taxable","11":"purchasable","12":"product-type-variable"},"acf":[],"yoast_head":"<!-- This site is optimized with the Yoast SEO Premium plugin v26.1 (Yoast SEO v27.5) - https:\/\/yoast.com\/product\/yoast-seo-premium-wordpress\/ -->\n<title>Pineapple Fantasy JNR Mega Box 25000 | E Liquide JNR - vozolvapen<\/title>\n<meta name=\"description\" content=\"Escape to the tropics with Pineapple Fantasy JNR Mega Box 25000. 25,000 puffs of zesty pineapple. 1-3 days shipping from European warehouse.\" \/>\n<meta name=\"robots\" content=\"index, follow, max-snippet:-1, max-image-preview:large, max-video-preview:-1\" \/>\n<link rel=\"canonical\" href=\"https:\/\/vozolvapen.de\/pl\/product\/jnr-mega-box-25000-e-cigarette-puff-pineapple-fantasy\/\" \/>\n<meta property=\"og:locale\" content=\"pl_PL\" \/>\n<meta property=\"og:type\" content=\"article\" \/>\n<meta property=\"og:title\" content=\"JNR Mega box 25000 E Cigarette Puff - PINEAPPLE FANTASY\" \/>\n<meta property=\"og:description\" content=\"Escape to the tropics with Pineapple Fantasy JNR Mega Box 25000. 25,000 puffs of zesty pineapple. 1-3 days shipping from European warehouse.\" \/>\n<meta property=\"og:url\" content=\"https:\/\/vozolvapen.de\/pl\/product\/jnr-mega-box-25000-e-cigarette-puff-pineapple-fantasy\/\" \/>\n<meta property=\"og:site_name\" content=\"vozolvapen\" \/>\n<meta property=\"article:modified_time\" content=\"2026-01-20T10:06:13+00:00\" \/>\n<meta property=\"og:image\" content=\"https:\/\/vozolvapen.de\/wp-content\/uploads\/2026\/01\/JNR-Mega-box-25000-PINEAPPLE-FANTASY-1.webp\" \/>\n\t<meta property=\"og:image:width\" content=\"800\" \/>\n\t<meta property=\"og:image:height\" content=\"800\" \/>\n\t<meta property=\"og:image:type\" content=\"image\/webp\" \/>\n<meta name=\"twitter:card\" content=\"summary_large_image\" \/>\n<meta name=\"twitter:label1\" content=\"Szacowany czas czytania\" \/>\n\t<meta name=\"twitter:data1\" content=\"2 minuty\" \/>\n<script type=\"application\/ld+json\" class=\"yoast-schema-graph\">{\"@context\":\"https:\\\/\\\/schema.org\",\"@graph\":[{\"@type\":\"WebPage\",\"@id\":\"https:\\\/\\\/vozolvapen.de\\\/product\\\/jnr-mega-box-25000-e-cigarette-puff-pineapple-fantasy\\\/\",\"url\":\"https:\\\/\\\/vozolvapen.de\\\/product\\\/jnr-mega-box-25000-e-cigarette-puff-pineapple-fantasy\\\/\",\"name\":\"Pineapple Fantasy JNR Mega Box 25000 | E Liquide JNR - vozolvapen\",\"isPartOf\":{\"@id\":\"https:\\\/\\\/vozolvapen.de\\\/#website\"},\"primaryImageOfPage\":{\"@id\":\"https:\\\/\\\/vozolvapen.de\\\/product\\\/jnr-mega-box-25000-e-cigarette-puff-pineapple-fantasy\\\/#primaryimage\"},\"image\":{\"@id\":\"https:\\\/\\\/vozolvapen.de\\\/product\\\/jnr-mega-box-25000-e-cigarette-puff-pineapple-fantasy\\\/#primaryimage\"},\"thumbnailUrl\":\"https:\\\/\\\/vozolvapen.de\\\/wp-content\\\/uploads\\\/2026\\\/01\\\/JNR-Mega-box-25000-PINEAPPLE-FANTASY-1.webp\",\"datePublished\":\"2026-01-20T09:04:17+00:00\",\"dateModified\":\"2026-01-20T10:06:13+00:00\",\"description\":\"Escape to the tropics with Pineapple Fantasy JNR Mega Box 25000. 25,000 puffs of zesty pineapple. 1-3 days shipping from European warehouse.\",\"breadcrumb\":{\"@id\":\"https:\\\/\\\/vozolvapen.de\\\/product\\\/jnr-mega-box-25000-e-cigarette-puff-pineapple-fantasy\\\/#breadcrumb\"},\"inLanguage\":\"pl-PL\",\"potentialAction\":[{\"@type\":\"ReadAction\",\"target\":[\"https:\\\/\\\/vozolvapen.de\\\/product\\\/jnr-mega-box-25000-e-cigarette-puff-pineapple-fantasy\\\/\"]}]},{\"@type\":\"ImageObject\",\"inLanguage\":\"pl-PL\",\"@id\":\"https:\\\/\\\/vozolvapen.de\\\/product\\\/jnr-mega-box-25000-e-cigarette-puff-pineapple-fantasy\\\/#primaryimage\",\"url\":\"https:\\\/\\\/vozolvapen.de\\\/wp-content\\\/uploads\\\/2026\\\/01\\\/JNR-Mega-box-25000-PINEAPPLE-FANTASY-1.webp\",\"contentUrl\":\"https:\\\/\\\/vozolvapen.de\\\/wp-content\\\/uploads\\\/2026\\\/01\\\/JNR-Mega-box-25000-PINEAPPLE-FANTASY-1.webp\",\"width\":800,\"height\":800,\"caption\":\"JNR Mega box 25000 - PINEAPPLE-FANTASY\"},{\"@type\":\"BreadcrumbList\",\"@id\":\"https:\\\/\\\/vozolvapen.de\\\/product\\\/jnr-mega-box-25000-e-cigarette-puff-pineapple-fantasy\\\/#breadcrumb\",\"itemListElement\":[{\"@type\":\"ListItem\",\"position\":1,\"name\":\"Home\",\"item\":\"https:\\\/\\\/vozolvapen.de\\\/de\\\/\"},{\"@type\":\"ListItem\",\"position\":2,\"name\":\"Shop\",\"item\":\"https:\\\/\\\/vozolvapen.de\\\/shop\\\/\"},{\"@type\":\"ListItem\",\"position\":3,\"name\":\"JNR Mega box 25000 E Cigarette Puff &#8211; PINEAPPLE FANTASY\"}]},{\"@type\":\"WebSite\",\"@id\":\"https:\\\/\\\/vozolvapen.de\\\/#website\",\"url\":\"https:\\\/\\\/vozolvapen.de\\\/\",\"name\":\"vozolvapen\",\"description\":\"vozolvapen\",\"publisher\":{\"@id\":\"https:\\\/\\\/vozolvapen.de\\\/#organization\"},\"potentialAction\":[{\"@type\":\"SearchAction\",\"target\":{\"@type\":\"EntryPoint\",\"urlTemplate\":\"https:\\\/\\\/vozolvapen.de\\\/?s={search_term_string}\"},\"query-input\":{\"@type\":\"PropertyValueSpecification\",\"valueRequired\":true,\"valueName\":\"search_term_string\"}}],\"inLanguage\":\"pl-PL\"},{\"@type\":\"Organization\",\"@id\":\"https:\\\/\\\/vozolvapen.de\\\/#organization\",\"name\":\"vozolvapen\",\"url\":\"https:\\\/\\\/vozolvapen.de\\\/\",\"logo\":{\"@type\":\"ImageObject\",\"inLanguage\":\"pl-PL\",\"@id\":\"https:\\\/\\\/vozolvapen.de\\\/#\\\/schema\\\/logo\\\/image\\\/\",\"url\":\"https:\\\/\\\/vozolvapen.de\\\/wp-content\\\/uploads\\\/2025\\\/12\\\/cropped-vozovapen-logo.webp\",\"contentUrl\":\"https:\\\/\\\/vozolvapen.de\\\/wp-content\\\/uploads\\\/2025\\\/12\\\/cropped-vozovapen-logo.webp\",\"width\":470,\"height\":110,\"caption\":\"vozolvapen\"},\"image\":{\"@id\":\"https:\\\/\\\/vozolvapen.de\\\/#\\\/schema\\\/logo\\\/image\\\/\"}}]}<\/script>\n<!-- \/ Yoast SEO Premium plugin. -->","yoast_head_json":{"title":"Pineapple Fantasy JNR Mega Box 25000 | E Liquide JNR - vozolvapen","description":"Ucieczka w tropiki z Pineapple Fantasy JNR Mega Box 25000. 25 000 puff\u00f3w o smaku ananasa. Wysy\u0142ka z europejskiego magazynu w ci\u0105gu 1-3 dni.","robots":{"index":"index","follow":"follow","max-snippet":"max-snippet:-1","max-image-preview":"max-image-preview:large","max-video-preview":"max-video-preview:-1"},"canonical":"https:\/\/vozolvapen.de\/pl\/product\/jnr-mega-box-25000-e-cigarette-puff-pineapple-fantasy\/","og_locale":"pl_PL","og_type":"article","og_title":"JNR Mega box 25000 E Cigarette Puff - PINEAPPLE FANTASY","og_description":"Escape to the tropics with Pineapple Fantasy JNR Mega Box 25000. 25,000 puffs of zesty pineapple. 1-3 days shipping from European warehouse.","og_url":"https:\/\/vozolvapen.de\/pl\/product\/jnr-mega-box-25000-e-cigarette-puff-pineapple-fantasy\/","og_site_name":"vozolvapen","article_modified_time":"2026-01-20T10:06:13+00:00","og_image":[{"width":800,"height":800,"url":"https:\/\/vozolvapen.de\/wp-content\/uploads\/2026\/01\/JNR-Mega-box-25000-PINEAPPLE-FANTASY-1.webp","type":"image\/webp"}],"twitter_card":"summary_large_image","twitter_misc":{"Szacowany czas czytania":"2 minuty"},"schema":{"@context":"https:\/\/schema.org","@graph":[{"@type":"WebPage","@id":"https:\/\/vozolvapen.de\/product\/jnr-mega-box-25000-e-cigarette-puff-pineapple-fantasy\/","url":"https:\/\/vozolvapen.de\/product\/jnr-mega-box-25000-e-cigarette-puff-pineapple-fantasy\/","name":"Pineapple Fantasy JNR Mega Box 25000 | E Liquide JNR - vozolvapen","isPartOf":{"@id":"https:\/\/vozolvapen.de\/#website"},"primaryImageOfPage":{"@id":"https:\/\/vozolvapen.de\/product\/jnr-mega-box-25000-e-cigarette-puff-pineapple-fantasy\/#primaryimage"},"image":{"@id":"https:\/\/vozolvapen.de\/product\/jnr-mega-box-25000-e-cigarette-puff-pineapple-fantasy\/#primaryimage"},"thumbnailUrl":"https:\/\/vozolvapen.de\/wp-content\/uploads\/2026\/01\/JNR-Mega-box-25000-PINEAPPLE-FANTASY-1.webp","datePublished":"2026-01-20T09:04:17+00:00","dateModified":"2026-01-20T10:06:13+00:00","description":"Ucieczka w tropiki z Pineapple Fantasy JNR Mega Box 25000. 25 000 puff\u00f3w o smaku ananasa. Wysy\u0142ka z europejskiego magazynu w ci\u0105gu 1-3 dni.","breadcrumb":{"@id":"https:\/\/vozolvapen.de\/product\/jnr-mega-box-25000-e-cigarette-puff-pineapple-fantasy\/#breadcrumb"},"inLanguage":"pl-PL","potentialAction":[{"@type":"ReadAction","target":["https:\/\/vozolvapen.de\/product\/jnr-mega-box-25000-e-cigarette-puff-pineapple-fantasy\/"]}]},{"@type":"ImageObject","inLanguage":"pl-PL","@id":"https:\/\/vozolvapen.de\/product\/jnr-mega-box-25000-e-cigarette-puff-pineapple-fantasy\/#primaryimage","url":"https:\/\/vozolvapen.de\/wp-content\/uploads\/2026\/01\/JNR-Mega-box-25000-PINEAPPLE-FANTASY-1.webp","contentUrl":"https:\/\/vozolvapen.de\/wp-content\/uploads\/2026\/01\/JNR-Mega-box-25000-PINEAPPLE-FANTASY-1.webp","width":800,"height":800,"caption":"JNR Mega box 25000 - PINEAPPLE-FANTASY"},{"@type":"BreadcrumbList","@id":"https:\/\/vozolvapen.de\/product\/jnr-mega-box-25000-e-cigarette-puff-pineapple-fantasy\/#breadcrumb","itemListElement":[{"@type":"ListItem","position":1,"name":"Home","item":"https:\/\/vozolvapen.de\/de\/"},{"@type":"ListItem","position":2,"name":"Shop","item":"https:\/\/vozolvapen.de\/shop\/"},{"@type":"ListItem","position":3,"name":"JNR Mega box 25000 E Cigarette Puff &#8211; PINEAPPLE FANTASY"}]},{"@type":"WebSite","@id":"https:\/\/vozolvapen.de\/#website","url":"https:\/\/vozolvapen.de\/","name":"vozolvapen","description":"vozolvapen","publisher":{"@id":"https:\/\/vozolvapen.de\/#organization"},"potentialAction":[{"@type":"SearchAction","target":{"@type":"EntryPoint","urlTemplate":"https:\/\/vozolvapen.de\/?s={search_term_string}"},"query-input":{"@type":"PropertyValueSpecification","valueRequired":true,"valueName":"search_term_string"}}],"inLanguage":"pl-PL"},{"@type":"Organization","@id":"https:\/\/vozolvapen.de\/#organization","name":"vozolvapen","url":"https:\/\/vozolvapen.de\/","logo":{"@type":"ImageObject","inLanguage":"pl-PL","@id":"https:\/\/vozolvapen.de\/#\/schema\/logo\/image\/","url":"https:\/\/vozolvapen.de\/wp-content\/uploads\/2025\/12\/cropped-vozovapen-logo.webp","contentUrl":"https:\/\/vozolvapen.de\/wp-content\/uploads\/2025\/12\/cropped-vozovapen-logo.webp","width":470,"height":110,"caption":"vozolvapen"},"image":{"@id":"https:\/\/vozolvapen.de\/#\/schema\/logo\/image\/"}}]}},"tiered_pricing_type":"fixed","tiered_pricing_fixed_rules":{"30":"12.6","50":"10.1","100":"9.6","200":"8.6"},"tiered_pricing_product_settings":{"layout":"default","base_unit_name":{"singular":null,"plural":null},"default_variation":null},"tiered_pricing_minimum_quantity":10,"tiered_pricing_roles_data":[],"tiered_pricing_percentage_rules":[],"tiered_pricing_maximum_quantity":null,"tiered_pricing_quantity_step":"10","_links":{"self":[{"href":"http:\/\/vozolvapen.de\/pl\/wp-json\/wp\/v2\/product\/63325","targetHints":{"allow":["GET"]}}],"collection":[{"href":"http:\/\/vozolvapen.de\/pl\/wp-json\/wp\/v2\/product"}],"about":[{"href":"http:\/\/vozolvapen.de\/pl\/wp-json\/wp\/v2\/types\/product"}],"replies":[{"embeddable":true,"href":"http:\/\/vozolvapen.de\/pl\/wp-json\/wp\/v2\/comments?post=63325"}],"wp:featuredmedia":[{"embeddable":true,"href":"http:\/\/vozolvapen.de\/pl\/wp-json\/wp\/v2\/media\/63773"}],"wp:attachment":[{"href":"http:\/\/vozolvapen.de\/pl\/wp-json\/wp\/v2\/media?parent=63325"}],"wp:term":[{"taxonomy":"product_brand","embeddable":true,"href":"http:\/\/vozolvapen.de\/pl\/wp-json\/wp\/v2\/product_brand?post=63325"},{"taxonomy":"product_cat","embeddable":true,"href":"http:\/\/vozolvapen.de\/pl\/wp-json\/wp\/v2\/product_cat?post=63325"},{"taxonomy":"product_tag","embeddable":true,"href":"http:\/\/vozolvapen.de\/pl\/wp-json\/wp\/v2\/product_tag?post=63325"}],"curies":[{"name":"wp","href":"https:\/\/api.w.org\/{rel}","templated":true}]}}