{"id":63380,"date":"2026-01-20T09:04:19","date_gmt":"2026-01-20T09:04:19","guid":{"rendered":"https:\/\/vozolvapen.de\/?post_type=product&#038;p=63380"},"modified":"2026-01-20T10:06:16","modified_gmt":"2026-01-20T10:06:16","slug":"jnr-mega-box-25000-e-cigarette-puff-apple-mojito","status":"publish","type":"product","link":"http:\/\/vozolvapen.de\/pl\/product\/jnr-mega-box-25000-e-cigarette-puff-apple-mojito\/","title":{"rendered":"JNR Mega box 25000 E-papieros\u00f3w Puff - APPLE MOJITO"},"content":{"rendered":"<h1 data-path-to-node=\"2\">JNR Mega box 25000 E-papieros\u00f3w Puff - APPLE MOJITO<\/h1>\n<p data-path-to-node=\"20\">Wyrafinowanie \u0142\u0105czy si\u0119 z wysok\u0105 wydajno\u015bci\u0105. The <b data-path-to-node=\"20\" data-index-in-node=\"40\">Apple Mojito JNR Mega Box 25000<\/b> to rze\u015bka, orze\u017awiaj\u0105ca mieszanka zielonych jab\u0142ek i ch\u0142odz\u0105cej mi\u0119ty mojito.<\/p>\n<h2 data-path-to-node=\"21\"><b data-path-to-node=\"21\" data-index-in-node=\"0\">Dlaczego warto wybra\u0107 Apple Mojito?<\/b><\/h2>\n<p data-path-to-node=\"21\">Dla tych, kt\u00f3rzy preferuj\u0105 czyste, oczyszczaj\u0105ce podniebienie vape, to <b data-path-to-node=\"21\" data-index-in-node=\"83\">Puff JNR 25k<\/b> jest bezkonkurencyjna. R\u00f3wnowa\u017cy cierpko\u015b\u0107 jab\u0142ek Granny Smith z mro\u017anym zio\u0142owym wyko\u0144czeniem, dzi\u0119ki czemu jest idealny na ca\u0142y dzie\u0144. <b data-path-to-node=\"21\" data-index-in-node=\"219\">Papieros JNR<\/b> opcja.<\/p>\n<h2 data-path-to-node=\"4\">JNR Mega box 25000 - APPLE MOJITO <b data-path-to-node=\"142\" data-index-in-node=\"0\">Specyfikacja<\/b><\/h2>\n<table data-path-to-node=\"13\">\n<thead>\n<tr>\n<td><strong>Parametr<\/strong><\/td>\n<td><strong>Specyfikacja<\/strong><\/td>\n<td><strong>Najwa\u017cniejsze informacje o SEO<\/strong><\/td>\n<\/tr>\n<\/thead>\n<tbody>\n<tr>\n<td><span data-path-to-node=\"13,1,0,0\"><b data-path-to-node=\"13,1,0,0\" data-index-in-node=\"0\">Puff Count<\/b><\/span><\/td>\n<td><span data-path-to-node=\"13,1,1,0\">Do 25 000 zaci\u0105gni\u0119\u0107<\/span><\/td>\n<td><span data-path-to-node=\"13,1,2,0\">Profesjonalny <b data-path-to-node=\"13,1,2,0\" data-index-in-node=\"13\">Puff JNR 25k<\/b> seria<\/span><\/td>\n<\/tr>\n<tr>\n<td><span data-path-to-node=\"13,2,0,0\"><b data-path-to-node=\"13,2,0,0\" data-index-in-node=\"0\">Profil smakowy<\/b><\/span><\/td>\n<td><span data-path-to-node=\"13,2,1,0\">Chrupi\u0105ce jab\u0142ko i ch\u0142odna mi\u0119ta<\/span><\/td>\n<td><span data-path-to-node=\"13,2,2,0\">Od\u015bwie\u017canie <b data-path-to-node=\"13,2,2,0\" data-index-in-node=\"11\">Papieros JNR<\/b> alternatywa<\/span><\/td>\n<\/tr>\n<tr>\n<td><span data-path-to-node=\"13,3,0,0\"><b data-path-to-node=\"13,3,0,0\" data-index-in-node=\"0\">S\u0142odycz \/ L\u00f3d<\/b><\/span><\/td>\n<td><span data-path-to-node=\"13,3,1,0\">\u2605\u2605\u2606\u2606\u2606 \/ \u2605\u2605\u2605\u2605\u2606<\/span><\/td>\n<td><span data-path-to-node=\"13,3,2,0\">Oczyszczanie podniebienia <b data-path-to-node=\"13,3,2,0\" data-index-in-node=\"17\">Czysty smak<\/b><\/span><\/td>\n<\/tr>\n<tr>\n<td><span data-path-to-node=\"13,4,0,0\"><b data-path-to-node=\"13,4,0,0\" data-index-in-node=\"0\">Pojemno\u015b\u0107 zbiornika<\/b><\/span><\/td>\n<td><span data-path-to-node=\"13,4,1,0\">30ML wst\u0119pnie nape\u0142niony<\/span><\/td>\n<td><span data-path-to-node=\"13,4,2,0\">Najwi\u0119kszy <b data-path-to-node=\"13,4,2,0\" data-index-in-node=\"8\">Puff JNR Mega Box<\/b> zbiornik<\/span><\/td>\n<\/tr>\n<tr>\n<td><span data-path-to-node=\"13,5,0,0\"><b data-path-to-node=\"13,5,0,0\" data-index-in-node=\"0\">Waga<\/b><\/span><\/td>\n<td><span data-path-to-node=\"13,5,1,0\">157g Premium Build<\/span><\/td>\n<td><span data-path-to-node=\"13,5,2,0\">Wytrzyma\u0142y <b data-path-to-node=\"13,5,2,0\" data-index-in-node=\"7\">JNR Mega Box Vape<\/b> projekt<\/span><\/td>\n<\/tr>\n<\/tbody>\n<\/table>\n<h2 data-path-to-node=\"14\"><b data-path-to-node=\"14\" data-index-in-node=\"0\">Apple Mojito w te\u015bcie: Chrupi\u0105ca \u015bwie\u017co\u015b\u0107 \u0142\u0105czy si\u0119 z technologi\u0105<\/b><\/h2>\n<p data-path-to-node=\"15\">The <b data-path-to-node=\"15\" data-index-in-node=\"4\">JNR Mega Box 25000<\/b> z <b data-path-to-node=\"15\" data-index-in-node=\"28\">Jab\u0142kowe Mojito<\/b> imponuje:<\/p>\n<ul data-path-to-node=\"16\">\n<li>\n<p data-path-to-node=\"16,0,0\"><b data-path-to-node=\"16,0,0\" data-index-in-node=\"0\">Zesty Apple &amp; Mint Fusion:<\/b> Wyrafinowana mieszanka cierpkich zielonych jab\u0142ek i ch\u0142odz\u0105cej mi\u0119ty mojito. Jest to idealny <b data-path-to-node=\"16,0,0\" data-index-in-node=\"113\">Papieros JNR<\/b> alternatywa dla czystego podniebienia.<\/p>\n<\/li>\n<li>\n<p data-path-to-node=\"16,1,0\"><b data-path-to-node=\"16,1,0\" data-index-in-node=\"0\">Sta\u0142a g\u0119sto\u015b\u0107 pary:<\/b> The <b data-path-to-node=\"16,1,0\" data-index-in-node=\"30\">Cewka z podw\u00f3jn\u0105 siatk\u0105<\/b> tworzy g\u0142adk\u0105, przewiewn\u0105 par\u0119, kt\u00f3ra doskonale podkre\u015bla zio\u0142owe nuty mi\u0119ty.<\/p>\n<\/li>\n<li>\n<p data-path-to-node=\"16,2,0\"><b data-path-to-node=\"16,2,0\" data-index-in-node=\"0\">Zr\u00f3wnowa\u017cone u\u017cytkowanie:<\/b> Wysoka pojemno\u015b\u0107 <b data-path-to-node=\"16,2,0\" data-index-in-node=\"35\">30 ml nape\u0142nionego p\u0142ynu<\/b> i akumulator zmniejszaj\u0105 ilo\u015b\u0107 odpad\u00f3w typowych dla mniejszych modeli jednorazowych.<\/p>\n<\/li>\n<li>\n<p data-path-to-node=\"16,3,0\"><b data-path-to-node=\"16,3,0\" data-index-in-node=\"0\">Norma europejska:<\/b> W pe\u0142ni zgodny z przepisami dotycz\u0105cymi jako\u015bci i magazynowany w naszym <b data-path-to-node=\"16,3,0\" data-index-in-node=\"79\">Magazyn europejski<\/b> dla szybkiej dostawy.<\/p>\n<\/li>\n<\/ul>\n<h3 data-path-to-node=\"2\"><span style=\"font-size: 16px;\">Oto dalsze zalecenia dla Ciebie:<\/span><\/h3>\n<p dir=\"auto\">Odkryj jeszcze wi\u0119cej niesamowitych smak\u00f3w dzi\u0119ki JNR Mega Box 25000 Puff Vape!<\/p>\n<p dir=\"auto\"><a href=\"https:\/\/vozolvapen.de\/pl\/product-category\/jnr-vape\/jnr-mega-box-25000-puff-vape\/28000-puffs\/\" target=\"_blank\" rel=\"noopener noreferrer nofollow\">Zobacz wszystkie odmiany tutaj \u2192<\/a><\/p>\n<p dir=\"auto\">Zapoznaj si\u0119 z nasz\u0105 pe\u0142n\u0105 kolekcj\u0105 i kupuj produkty najlepszych marek vape, kt\u00f3re pokochasz.<\/p>\n<p dir=\"auto\"><a href=\"https:\/\/vozolvapen.de\/pl\/\" target=\"_blank\" rel=\"noopener noreferrer nofollow\">Przegl\u0105daj teraz wszystkie marki \u2192<\/a><\/p>\n<p dir=\"auto\">Sprawd\u017a ca\u0142\u0105 seri\u0119 JNR Vape - ka\u017cdy smak, ka\u017cdy styl!<\/p>\n<p dir=\"auto\"><a href=\"https:\/\/vozolvapen.de\/pl\/product-category\/jnr-vape\/\" target=\"_blank\" rel=\"noopener noreferrer nofollow\">Zobacz pe\u0142n\u0105 kolekcj\u0119 JNR Vape \u2192<\/a><\/p>\n<h2 data-path-to-node=\"23,2,0\">JNR Mega box 25000 E Cigarette Puff - FAQ<\/h2>\n<h3 data-path-to-node=\"73,0,0\"><b data-path-to-node=\"73,0,0\" data-index-in-node=\"0\">Dlaczego JNR Mega Box 25000 r\u00f3\u017cni si\u0119 od innych waporyzator\u00f3w?<\/b><\/h3>\n<p data-path-to-node=\"73,0,0\">Posiada dwurdzeniowy system i podw\u00f3jne cewki siatkowe, zapewniaj\u0105c podw\u00f3jny smak i par\u0119 w por\u00f3wnaniu do standardowych jednorazowych papieros\u00f3w. Ponadto posiada unikalne \u0142adowanie z dwoma portami.<\/p>\n<h3 data-path-to-node=\"73,1,0\"><b data-path-to-node=\"73,1,0\" data-index-in-node=\"0\">Jak d\u0142ugo wystarcza 25 000 zaci\u0105gni\u0119\u0107?<\/b><\/h3>\n<p data-path-to-node=\"73,1,0\">Dla umiarkowanego wapera <b data-path-to-node=\"73,1,0\" data-index-in-node=\"57\">jnr mega box vape<\/b> mo\u017ce trwa\u0107 od 3 do 5 tygodni.<\/p>\n<h3 data-path-to-node=\"73,2,0\"><b data-path-to-node=\"73,2,0\" data-index-in-node=\"0\">Czy \u0142adowanie za pomoc\u0105 kabla Lightning jest bezpieczne?<\/b><\/h3>\n<p data-path-to-node=\"73,2,0\">Tak! The <b data-path-to-node=\"73,2,0\" data-index-in-node=\"54\">akumulator jnr<\/b> System zosta\u0142 zaprojektowany tak, aby by\u0142 kompatybilny zar\u00f3wno ze standardowymi kablami Apple Lightning, jak i kablami typu C.<\/p>","protected":false},"excerpt":{"rendered":"<p>Wyrafinowana mieszanka cierpkich jab\u0142ek Granny Smith i orze\u017awiaj\u0105cej mi\u0119ty mojito. Idealny dla waper\u00f3w, kt\u00f3rzy preferuj\u0105 rze\u015bkie, czyste wyko\u0144czenie zamiast ci\u0119\u017ckiej s\u0142odyczy.<\/p>","protected":false},"featured_media":63776,"comment_status":"open","ping_status":"closed","template":"","meta":{"_acf_changed":false},"product_brand":[],"product_cat":[94],"product_tag":[],"class_list":{"0":"post-63380","1":"product","2":"type-product","3":"status-publish","4":"has-post-thumbnail","6":"product_cat-jnr-mega-box-25000-puff-vape","8":"first","9":"instock","10":"shipping-taxable","11":"purchasable","12":"product-type-variable"},"acf":[],"yoast_head":"<!-- This site is optimized with the Yoast SEO Premium plugin v26.1 (Yoast SEO v27.5) - https:\/\/yoast.com\/product\/yoast-seo-premium-wordpress\/ -->\n<title>Apple Mojito JNR Mega Box 25000 | Cigarette JNR Alternative - vozolvapen<\/title>\n<meta name=\"description\" content=\"Refresh your day with Apple Mojito JNR Mega Box 25000. Crisp green apple meets cool mint. 25k puffs of intense satisfaction. Buy JNR Vape online.\" \/>\n<meta name=\"robots\" content=\"index, follow, max-snippet:-1, max-image-preview:large, max-video-preview:-1\" \/>\n<link rel=\"canonical\" href=\"https:\/\/vozolvapen.de\/pl\/product\/jnr-mega-box-25000-e-cigarette-puff-apple-mojito\/\" \/>\n<meta property=\"og:locale\" content=\"pl_PL\" \/>\n<meta property=\"og:type\" content=\"article\" \/>\n<meta property=\"og:title\" content=\"JNR Mega box 25000 E Cigarette Puff - APPLE MOJITO\" \/>\n<meta property=\"og:description\" content=\"Refresh your day with Apple Mojito JNR Mega Box 25000. Crisp green apple meets cool mint. 25k puffs of intense satisfaction. Buy JNR Vape online.\" \/>\n<meta property=\"og:url\" content=\"https:\/\/vozolvapen.de\/pl\/product\/jnr-mega-box-25000-e-cigarette-puff-apple-mojito\/\" \/>\n<meta property=\"og:site_name\" content=\"vozolvapen\" \/>\n<meta property=\"article:modified_time\" content=\"2026-01-20T10:06:16+00:00\" \/>\n<meta property=\"og:image\" content=\"https:\/\/vozolvapen.de\/wp-content\/uploads\/2026\/01\/JNR-Mega-box-25000-APPLE-MOJITO-1.webp\" \/>\n\t<meta property=\"og:image:width\" content=\"800\" \/>\n\t<meta property=\"og:image:height\" content=\"800\" \/>\n\t<meta property=\"og:image:type\" content=\"image\/webp\" \/>\n<meta name=\"twitter:card\" content=\"summary_large_image\" \/>\n<meta name=\"twitter:label1\" content=\"Szacowany czas czytania\" \/>\n\t<meta name=\"twitter:data1\" content=\"2 minuty\" \/>\n<script type=\"application\/ld+json\" class=\"yoast-schema-graph\">{\"@context\":\"https:\\\/\\\/schema.org\",\"@graph\":[{\"@type\":\"WebPage\",\"@id\":\"https:\\\/\\\/vozolvapen.de\\\/product\\\/jnr-mega-box-25000-e-cigarette-puff-apple-mojito\\\/\",\"url\":\"https:\\\/\\\/vozolvapen.de\\\/product\\\/jnr-mega-box-25000-e-cigarette-puff-apple-mojito\\\/\",\"name\":\"Apple Mojito JNR Mega Box 25000 | Cigarette JNR Alternative - vozolvapen\",\"isPartOf\":{\"@id\":\"https:\\\/\\\/vozolvapen.de\\\/#website\"},\"primaryImageOfPage\":{\"@id\":\"https:\\\/\\\/vozolvapen.de\\\/product\\\/jnr-mega-box-25000-e-cigarette-puff-apple-mojito\\\/#primaryimage\"},\"image\":{\"@id\":\"https:\\\/\\\/vozolvapen.de\\\/product\\\/jnr-mega-box-25000-e-cigarette-puff-apple-mojito\\\/#primaryimage\"},\"thumbnailUrl\":\"https:\\\/\\\/vozolvapen.de\\\/wp-content\\\/uploads\\\/2026\\\/01\\\/JNR-Mega-box-25000-APPLE-MOJITO-1.webp\",\"datePublished\":\"2026-01-20T09:04:19+00:00\",\"dateModified\":\"2026-01-20T10:06:16+00:00\",\"description\":\"Refresh your day with Apple Mojito JNR Mega Box 25000. Crisp green apple meets cool mint. 25k puffs of intense satisfaction. Buy JNR Vape online.\",\"breadcrumb\":{\"@id\":\"https:\\\/\\\/vozolvapen.de\\\/product\\\/jnr-mega-box-25000-e-cigarette-puff-apple-mojito\\\/#breadcrumb\"},\"inLanguage\":\"pl-PL\",\"potentialAction\":[{\"@type\":\"ReadAction\",\"target\":[\"https:\\\/\\\/vozolvapen.de\\\/product\\\/jnr-mega-box-25000-e-cigarette-puff-apple-mojito\\\/\"]}]},{\"@type\":\"ImageObject\",\"inLanguage\":\"pl-PL\",\"@id\":\"https:\\\/\\\/vozolvapen.de\\\/product\\\/jnr-mega-box-25000-e-cigarette-puff-apple-mojito\\\/#primaryimage\",\"url\":\"https:\\\/\\\/vozolvapen.de\\\/wp-content\\\/uploads\\\/2026\\\/01\\\/JNR-Mega-box-25000-APPLE-MOJITO-1.webp\",\"contentUrl\":\"https:\\\/\\\/vozolvapen.de\\\/wp-content\\\/uploads\\\/2026\\\/01\\\/JNR-Mega-box-25000-APPLE-MOJITO-1.webp\",\"width\":800,\"height\":800,\"caption\":\"JNR Mega box 25000 - APPLE-MOJITO\"},{\"@type\":\"BreadcrumbList\",\"@id\":\"https:\\\/\\\/vozolvapen.de\\\/product\\\/jnr-mega-box-25000-e-cigarette-puff-apple-mojito\\\/#breadcrumb\",\"itemListElement\":[{\"@type\":\"ListItem\",\"position\":1,\"name\":\"Home\",\"item\":\"https:\\\/\\\/vozolvapen.de\\\/de\\\/\"},{\"@type\":\"ListItem\",\"position\":2,\"name\":\"Shop\",\"item\":\"https:\\\/\\\/vozolvapen.de\\\/shop\\\/\"},{\"@type\":\"ListItem\",\"position\":3,\"name\":\"JNR Mega box 25000 E Cigarette Puff &#8211; APPLE MOJITO\"}]},{\"@type\":\"WebSite\",\"@id\":\"https:\\\/\\\/vozolvapen.de\\\/#website\",\"url\":\"https:\\\/\\\/vozolvapen.de\\\/\",\"name\":\"vozolvapen\",\"description\":\"vozolvapen\",\"publisher\":{\"@id\":\"https:\\\/\\\/vozolvapen.de\\\/#organization\"},\"potentialAction\":[{\"@type\":\"SearchAction\",\"target\":{\"@type\":\"EntryPoint\",\"urlTemplate\":\"https:\\\/\\\/vozolvapen.de\\\/?s={search_term_string}\"},\"query-input\":{\"@type\":\"PropertyValueSpecification\",\"valueRequired\":true,\"valueName\":\"search_term_string\"}}],\"inLanguage\":\"pl-PL\"},{\"@type\":\"Organization\",\"@id\":\"https:\\\/\\\/vozolvapen.de\\\/#organization\",\"name\":\"vozolvapen\",\"url\":\"https:\\\/\\\/vozolvapen.de\\\/\",\"logo\":{\"@type\":\"ImageObject\",\"inLanguage\":\"pl-PL\",\"@id\":\"https:\\\/\\\/vozolvapen.de\\\/#\\\/schema\\\/logo\\\/image\\\/\",\"url\":\"https:\\\/\\\/vozolvapen.de\\\/wp-content\\\/uploads\\\/2025\\\/12\\\/cropped-vozovapen-logo.webp\",\"contentUrl\":\"https:\\\/\\\/vozolvapen.de\\\/wp-content\\\/uploads\\\/2025\\\/12\\\/cropped-vozovapen-logo.webp\",\"width\":470,\"height\":110,\"caption\":\"vozolvapen\"},\"image\":{\"@id\":\"https:\\\/\\\/vozolvapen.de\\\/#\\\/schema\\\/logo\\\/image\\\/\"}}]}<\/script>\n<!-- \/ Yoast SEO Premium plugin. -->","yoast_head_json":{"title":"Apple Mojito JNR Mega Box 25000 | Alternatywa dla papieros\u00f3w JNR - vozolvapen","description":"Od\u015bwie\u017c sw\u00f3j dzie\u0144 z Apple Mojito JNR Mega Box 25000. Chrupi\u0105ce zielone jab\u0142ko spotyka ch\u0142odn\u0105 mi\u0119t\u0119. 25 tysi\u0119cy zaci\u0105gni\u0119\u0107 intensywnej satysfakcji. Kup JNR Vape online.","robots":{"index":"index","follow":"follow","max-snippet":"max-snippet:-1","max-image-preview":"max-image-preview:large","max-video-preview":"max-video-preview:-1"},"canonical":"https:\/\/vozolvapen.de\/pl\/product\/jnr-mega-box-25000-e-cigarette-puff-apple-mojito\/","og_locale":"pl_PL","og_type":"article","og_title":"JNR Mega box 25000 E Cigarette Puff - APPLE MOJITO","og_description":"Refresh your day with Apple Mojito JNR Mega Box 25000. Crisp green apple meets cool mint. 25k puffs of intense satisfaction. Buy JNR Vape online.","og_url":"https:\/\/vozolvapen.de\/pl\/product\/jnr-mega-box-25000-e-cigarette-puff-apple-mojito\/","og_site_name":"vozolvapen","article_modified_time":"2026-01-20T10:06:16+00:00","og_image":[{"width":800,"height":800,"url":"https:\/\/vozolvapen.de\/wp-content\/uploads\/2026\/01\/JNR-Mega-box-25000-APPLE-MOJITO-1.webp","type":"image\/webp"}],"twitter_card":"summary_large_image","twitter_misc":{"Szacowany czas czytania":"2 minuty"},"schema":{"@context":"https:\/\/schema.org","@graph":[{"@type":"WebPage","@id":"https:\/\/vozolvapen.de\/product\/jnr-mega-box-25000-e-cigarette-puff-apple-mojito\/","url":"https:\/\/vozolvapen.de\/product\/jnr-mega-box-25000-e-cigarette-puff-apple-mojito\/","name":"Apple Mojito JNR Mega Box 25000 | Alternatywa dla papieros\u00f3w JNR - vozolvapen","isPartOf":{"@id":"https:\/\/vozolvapen.de\/#website"},"primaryImageOfPage":{"@id":"https:\/\/vozolvapen.de\/product\/jnr-mega-box-25000-e-cigarette-puff-apple-mojito\/#primaryimage"},"image":{"@id":"https:\/\/vozolvapen.de\/product\/jnr-mega-box-25000-e-cigarette-puff-apple-mojito\/#primaryimage"},"thumbnailUrl":"https:\/\/vozolvapen.de\/wp-content\/uploads\/2026\/01\/JNR-Mega-box-25000-APPLE-MOJITO-1.webp","datePublished":"2026-01-20T09:04:19+00:00","dateModified":"2026-01-20T10:06:16+00:00","description":"Od\u015bwie\u017c sw\u00f3j dzie\u0144 z Apple Mojito JNR Mega Box 25000. Chrupi\u0105ce zielone jab\u0142ko spotyka ch\u0142odn\u0105 mi\u0119t\u0119. 25 tysi\u0119cy zaci\u0105gni\u0119\u0107 intensywnej satysfakcji. Kup JNR Vape online.","breadcrumb":{"@id":"https:\/\/vozolvapen.de\/product\/jnr-mega-box-25000-e-cigarette-puff-apple-mojito\/#breadcrumb"},"inLanguage":"pl-PL","potentialAction":[{"@type":"ReadAction","target":["https:\/\/vozolvapen.de\/product\/jnr-mega-box-25000-e-cigarette-puff-apple-mojito\/"]}]},{"@type":"ImageObject","inLanguage":"pl-PL","@id":"https:\/\/vozolvapen.de\/product\/jnr-mega-box-25000-e-cigarette-puff-apple-mojito\/#primaryimage","url":"https:\/\/vozolvapen.de\/wp-content\/uploads\/2026\/01\/JNR-Mega-box-25000-APPLE-MOJITO-1.webp","contentUrl":"https:\/\/vozolvapen.de\/wp-content\/uploads\/2026\/01\/JNR-Mega-box-25000-APPLE-MOJITO-1.webp","width":800,"height":800,"caption":"JNR Mega box 25000 - APPLE-MOJITO"},{"@type":"BreadcrumbList","@id":"https:\/\/vozolvapen.de\/product\/jnr-mega-box-25000-e-cigarette-puff-apple-mojito\/#breadcrumb","itemListElement":[{"@type":"ListItem","position":1,"name":"Home","item":"https:\/\/vozolvapen.de\/de\/"},{"@type":"ListItem","position":2,"name":"Shop","item":"https:\/\/vozolvapen.de\/shop\/"},{"@type":"ListItem","position":3,"name":"JNR Mega box 25000 E Cigarette Puff &#8211; APPLE MOJITO"}]},{"@type":"WebSite","@id":"https:\/\/vozolvapen.de\/#website","url":"https:\/\/vozolvapen.de\/","name":"vozolvapen","description":"vozolvapen","publisher":{"@id":"https:\/\/vozolvapen.de\/#organization"},"potentialAction":[{"@type":"SearchAction","target":{"@type":"EntryPoint","urlTemplate":"https:\/\/vozolvapen.de\/?s={search_term_string}"},"query-input":{"@type":"PropertyValueSpecification","valueRequired":true,"valueName":"search_term_string"}}],"inLanguage":"pl-PL"},{"@type":"Organization","@id":"https:\/\/vozolvapen.de\/#organization","name":"vozolvapen","url":"https:\/\/vozolvapen.de\/","logo":{"@type":"ImageObject","inLanguage":"pl-PL","@id":"https:\/\/vozolvapen.de\/#\/schema\/logo\/image\/","url":"https:\/\/vozolvapen.de\/wp-content\/uploads\/2025\/12\/cropped-vozovapen-logo.webp","contentUrl":"https:\/\/vozolvapen.de\/wp-content\/uploads\/2025\/12\/cropped-vozovapen-logo.webp","width":470,"height":110,"caption":"vozolvapen"},"image":{"@id":"https:\/\/vozolvapen.de\/#\/schema\/logo\/image\/"}}]}},"tiered_pricing_type":"fixed","tiered_pricing_fixed_rules":{"30":"12.6","50":"10.1","100":"9.6","200":"8.6"},"tiered_pricing_product_settings":{"layout":"default","base_unit_name":{"singular":null,"plural":null},"default_variation":null},"tiered_pricing_minimum_quantity":10,"tiered_pricing_roles_data":[],"tiered_pricing_percentage_rules":[],"tiered_pricing_maximum_quantity":null,"tiered_pricing_quantity_step":"10","_links":{"self":[{"href":"http:\/\/vozolvapen.de\/pl\/wp-json\/wp\/v2\/product\/63380","targetHints":{"allow":["GET"]}}],"collection":[{"href":"http:\/\/vozolvapen.de\/pl\/wp-json\/wp\/v2\/product"}],"about":[{"href":"http:\/\/vozolvapen.de\/pl\/wp-json\/wp\/v2\/types\/product"}],"replies":[{"embeddable":true,"href":"http:\/\/vozolvapen.de\/pl\/wp-json\/wp\/v2\/comments?post=63380"}],"wp:featuredmedia":[{"embeddable":true,"href":"http:\/\/vozolvapen.de\/pl\/wp-json\/wp\/v2\/media\/63776"}],"wp:attachment":[{"href":"http:\/\/vozolvapen.de\/pl\/wp-json\/wp\/v2\/media?parent=63380"}],"wp:term":[{"taxonomy":"product_brand","embeddable":true,"href":"http:\/\/vozolvapen.de\/pl\/wp-json\/wp\/v2\/product_brand?post=63380"},{"taxonomy":"product_cat","embeddable":true,"href":"http:\/\/vozolvapen.de\/pl\/wp-json\/wp\/v2\/product_cat?post=63380"},{"taxonomy":"product_tag","embeddable":true,"href":"http:\/\/vozolvapen.de\/pl\/wp-json\/wp\/v2\/product_tag?post=63380"}],"curies":[{"name":"wp","href":"https:\/\/api.w.org\/{rel}","templated":true}]}}