{"id":63435,"date":"2026-01-20T09:04:22","date_gmt":"2026-01-20T09:04:22","guid":{"rendered":"https:\/\/vozolvapen.de\/?post_type=product&#038;p=63435"},"modified":"2026-01-20T10:06:19","modified_gmt":"2026-01-20T10:06:19","slug":"jnr-mega-box-25000-e-cigarette-puff-blueberry-raspberry","status":"publish","type":"product","link":"http:\/\/vozolvapen.de\/pl\/product\/jnr-mega-box-25000-e-cigarette-puff-blueberry-raspberry\/","title":{"rendered":"JNR Mega box 25000 E Cigarette Puff - BLUEBERRY RASPBERRY"},"content":{"rendered":"<h1 data-path-to-node=\"2\">JNR Mega box 25000 E Cigarette Puff - BLUEBERRY RASPBERRY<\/h1>\n<p data-path-to-node=\"24\">Klasyczny duet jag\u00f3d, zoptymalizowany pod k\u0105tem <b data-path-to-node=\"24\" data-index-in-node=\"41\">JNR Mega Box 25000<\/b>. Ciesz si\u0119 g\u0142\u0119bok\u0105 s\u0142odycz\u0105 jag\u00f3d po\u0142\u0105czon\u0105 z ostrym smakiem \u015bwie\u017cych malin.<\/p>\n<h2 data-path-to-node=\"25\"><b data-path-to-node=\"25\" data-index-in-node=\"0\">Dlaczego warto wybra\u0107 Blueberry Raspberry?<\/b><\/h2>\n<p data-path-to-node=\"25\">Bestseller w kategorii <b data-path-to-node=\"25\" data-index-in-node=\"52\">JNR Mega Box Vape<\/b> Sk\u0142ad, ten smak korzysta z <b data-path-to-node=\"25\" data-index-in-node=\"108\">Dwurdzeniowy<\/b> system, kt\u00f3ry pozwala obu jagodom b\u0142yszcze\u0107 jednocze\u015bnie, bez dominacji jednej nad drug\u0105. Czysty, bogaty w jagody <b data-path-to-node=\"25\" data-index-in-node=\"230\">E Liquide JNR<\/b> w najlepszym wydaniu.<\/p>\n<h2 data-path-to-node=\"4\">JNR Mega box 25000 - BLUEBERRY RASPBERRY <b data-path-to-node=\"142\" data-index-in-node=\"0\">Specyfikacja<\/b><\/h2>\n<table data-path-to-node=\"16\">\n<thead>\n<tr>\n<td><strong>Parametr<\/strong><\/td>\n<td><strong>Specyfikacja<\/strong><\/td>\n<td><strong>Najwa\u017cniejsze informacje o SEO<\/strong><\/td>\n<\/tr>\n<\/thead>\n<tbody>\n<tr>\n<td><span data-path-to-node=\"16,1,0,0\"><b data-path-to-node=\"16,1,0,0\" data-index-in-node=\"0\">Puff Count<\/b><\/span><\/td>\n<td><span data-path-to-node=\"16,1,1,0\">25,000 Puffs<\/span><\/td>\n<td><span data-path-to-node=\"16,1,2,0\">Wysoki popyt <b data-path-to-node=\"16,1,2,0\" data-index-in-node=\"12\">Puff JNR 25k<\/b> smak<\/span><\/td>\n<\/tr>\n<tr>\n<td><span data-path-to-node=\"16,2,0,0\"><b data-path-to-node=\"16,2,0,0\" data-index-in-node=\"0\">Profil smakowy<\/b><\/span><\/td>\n<td><span data-path-to-node=\"16,2,1,0\">Wild Berry Fusion<\/span><\/td>\n<td><span data-path-to-node=\"16,2,2,0\">Zr\u00f3\u017cnicowany <b data-path-to-node=\"16,2,2,0\" data-index-in-node=\"8\">E Liquide JNR<\/b> nuty jagodowe<\/span><\/td>\n<\/tr>\n<tr>\n<td><span data-path-to-node=\"16,3,0,0\"><b data-path-to-node=\"16,3,0,0\" data-index-in-node=\"0\">S\u0142odycz \/ L\u00f3d<\/b><\/span><\/td>\n<td><span data-path-to-node=\"16,3,1,0\">\u2605\u2605\u2605\u2605\u2606 \/ \u2605\u2605\u2606\u2606\u2606<\/span><\/td>\n<td><span data-path-to-node=\"16,3,2,0\">Ca\u0142y dzie\u0144 <b data-path-to-node=\"16,3,2,0\" data-index-in-node=\"8\">JNR Mega Box Vape<\/b> wyb\u00f3r<\/span><\/td>\n<\/tr>\n<tr>\n<td><span data-path-to-node=\"16,4,0,0\"><b data-path-to-node=\"16,4,0,0\" data-index-in-node=\"0\">Coil Tech<\/b><\/span><\/td>\n<td><span data-path-to-node=\"16,4,1,0\">Dual Mesh 1.0\u03a9<\/span><\/td>\n<td><span data-path-to-node=\"16,4,2,0\">Bogata para dla <b data-path-to-node=\"16,4,2,0\" data-index-in-node=\"15\">Intensywna satysfakcja<\/b><\/span><\/td>\n<\/tr>\n<tr>\n<td><span data-path-to-node=\"16,5,0,0\"><b data-path-to-node=\"16,5,0,0\" data-index-in-node=\"0\">Nikotyna<\/b><\/span><\/td>\n<td><span data-path-to-node=\"16,5,1,0\">2% \/ 5% Salt Nic<\/span><\/td>\n<td><span data-path-to-node=\"16,5,2,0\">Mo\u017cliwo\u015b\u0107 dostosowania <b data-path-to-node=\"16,5,2,0\" data-index-in-node=\"13\">Papieros JNR<\/b> trafienie<\/span><\/td>\n<\/tr>\n<\/tbody>\n<\/table>\n<h2 data-path-to-node=\"18\"><b data-path-to-node=\"18\" data-index-in-node=\"0\">Blueberry Raspberry w te\u015bcie: jagodowa moc \u0142\u0105czy si\u0119 z technologi\u0105<\/b><\/h2>\n<p data-path-to-node=\"19\">The <b data-path-to-node=\"19\" data-index-in-node=\"4\">JNR Mega Box 25000<\/b> z <b data-path-to-node=\"19\" data-index-in-node=\"28\">Bor\u00f3wka Malina<\/b> imponuje:<\/p>\n<ul data-path-to-node=\"20\">\n<li>\n<p data-path-to-node=\"20,0,0\"><b data-path-to-node=\"20,0,0\" data-index-in-node=\"0\">Idealna r\u00f3wnowaga jag\u00f3d:<\/b> \u0141\u0105czy w sobie g\u0142\u0119bokie, s\u0142odkie jagody z elektryzuj\u0105c\u0105 nut\u0105 malin. Wyr\u00f3\u017cnia si\u0119 w kategorii <b data-path-to-node=\"20,0,0\" data-index-in-node=\"113\">Puff JNR Mega Box<\/b> zakres.<\/p>\n<\/li>\n<li>\n<p data-path-to-node=\"20,1,0\"><b data-path-to-node=\"20,1,0\" data-index-in-node=\"0\">Intensywne uwalnianie aromatu:<\/b> The <b data-path-to-node=\"20,1,0\" data-index-in-node=\"27\">Siatkowa cewka 1,0\u03a9<\/b> Technologia ta gwarantuje, \u017ce \u017caden owoc nie zdominuje drugiego, zapewniaj\u0105c zr\u00f3\u017cnicowany profil smakowy.<\/p>\n<\/li>\n<li>\n<p data-path-to-node=\"20,2,0\"><b data-path-to-node=\"20,2,0\" data-index-in-node=\"0\">Wydajno\u015b\u0107 przy du\u017cych obci\u0105\u017ceniach:<\/b> Specjalnie zaprojektowany dla ci\u0119\u017ckich u\u017cytkownik\u00f3w, kt\u00f3rzy potrzebuj\u0105 <b data-path-to-node=\"20,2,0\" data-index-in-node=\"73\">Puff JNR 25k<\/b> kt\u00f3re mog\u0105 wytrzyma\u0107 ci\u0105g\u0142e u\u017cytkowanie bez przegrzania.<\/p>\n<\/li>\n<li>\n<p data-path-to-node=\"20,3,0\"><b data-path-to-node=\"20,3,0\" data-index-in-node=\"0\">Mo\u017cliwo\u015b\u0107 podw\u00f3jnego \u0142adowania:<\/b> Niezale\u017cnie od tego, czy u\u017cywasz z\u0142\u0105cza Type-C czy Lightning, to <b data-path-to-node=\"20,3,0\" data-index-in-node=\"64\">Akumulator JNR<\/b> idealnie wpasowuje si\u0119 w konfiguracj\u0119 techniczn\u0105.<\/p>\n<\/li>\n<\/ul>\n<h3 data-path-to-node=\"2\"><span style=\"font-size: 16px;\">Oto dalsze zalecenia dla Ciebie:<\/span><\/h3>\n<p dir=\"auto\">Odkryj jeszcze wi\u0119cej niesamowitych smak\u00f3w dzi\u0119ki JNR Mega Box 25000 Puff Vape!<\/p>\n<p dir=\"auto\"><a href=\"https:\/\/vozolvapen.de\/pl\/product-category\/jnr-vape\/jnr-mega-box-25000-puff-vape\/28000-puffs\/\" target=\"_blank\" rel=\"noopener noreferrer nofollow\">Zobacz wszystkie odmiany tutaj \u2192<\/a><\/p>\n<p dir=\"auto\">Zapoznaj si\u0119 z nasz\u0105 pe\u0142n\u0105 kolekcj\u0105 i kupuj produkty najlepszych marek vape, kt\u00f3re pokochasz.<\/p>\n<p dir=\"auto\"><a href=\"https:\/\/vozolvapen.de\/pl\/\" target=\"_blank\" rel=\"noopener noreferrer nofollow\">Przegl\u0105daj teraz wszystkie marki \u2192<\/a><\/p>\n<p dir=\"auto\">Sprawd\u017a ca\u0142\u0105 seri\u0119 JNR Vape - ka\u017cdy smak, ka\u017cdy styl!<\/p>\n<p dir=\"auto\"><a href=\"https:\/\/vozolvapen.de\/pl\/product-category\/jnr-vape\/\" target=\"_blank\" rel=\"noopener noreferrer nofollow\">Zobacz pe\u0142n\u0105 kolekcj\u0119 JNR Vape \u2192<\/a><\/p>\n<h2 data-path-to-node=\"23,2,0\">JNR Mega box 25000 E Cigarette Puff - FAQ<\/h2>\n<h3 data-path-to-node=\"73,0,0\"><b data-path-to-node=\"73,0,0\" data-index-in-node=\"0\">Dlaczego JNR Mega Box 25000 r\u00f3\u017cni si\u0119 od innych waporyzator\u00f3w?<\/b><\/h3>\n<p data-path-to-node=\"73,0,0\">Posiada dwurdzeniowy system i podw\u00f3jne cewki siatkowe, zapewniaj\u0105c podw\u00f3jny smak i par\u0119 w por\u00f3wnaniu do standardowych jednorazowych papieros\u00f3w. Ponadto posiada unikalne \u0142adowanie z dwoma portami.<\/p>\n<h3 data-path-to-node=\"73,1,0\"><b data-path-to-node=\"73,1,0\" data-index-in-node=\"0\">Jak d\u0142ugo wystarcza 25 000 zaci\u0105gni\u0119\u0107?<\/b><\/h3>\n<p data-path-to-node=\"73,1,0\">Dla umiarkowanego wapera <b data-path-to-node=\"73,1,0\" data-index-in-node=\"57\">jnr mega box vape<\/b> mo\u017ce trwa\u0107 od 3 do 5 tygodni.<\/p>\n<h3 data-path-to-node=\"73,2,0\"><b data-path-to-node=\"73,2,0\" data-index-in-node=\"0\">Czy \u0142adowanie za pomoc\u0105 kabla Lightning jest bezpieczne?<\/b><\/h3>\n<p data-path-to-node=\"73,2,0\">Tak! The <b data-path-to-node=\"73,2,0\" data-index-in-node=\"54\">akumulator jnr<\/b> System zosta\u0142 zaprojektowany tak, aby by\u0142 kompatybilny zar\u00f3wno ze standardowymi kablami Apple Lightning, jak i kablami typu C.<\/p>","protected":false},"excerpt":{"rendered":"<p>Harmonijny taniec soczystych jag\u00f3d i pikantnych malin. Bestseller, kt\u00f3ry zapewnia niezmiennie intensywny jagodowy smak od pierwszego do 25 000 zaci\u0105gni\u0119cia.<\/p>","protected":false},"featured_media":63779,"comment_status":"open","ping_status":"closed","template":"","meta":{"_acf_changed":false},"product_brand":[],"product_cat":[94],"product_tag":[],"class_list":{"0":"post-63435","1":"product","2":"type-product","3":"status-publish","4":"has-post-thumbnail","6":"product_cat-jnr-mega-box-25000-puff-vape","8":"first","9":"instock","10":"shipping-taxable","11":"purchasable","12":"product-type-variable"},"acf":[],"yoast_head":"<!-- This site is optimized with the Yoast SEO Premium plugin v26.1 (Yoast SEO v27.5) - https:\/\/yoast.com\/product\/yoast-seo-premium-wordpress\/ -->\n<title>Blueberry Raspberry JNR Mega Box 25000 | Puff JNR 25k - vozolvapen<\/title>\n<meta name=\"description\" content=\"The ultimate berry mix: Blueberry Raspberry JNR Mega Box 25000. 30ml capacity, 25,000 puffs, dual mesh coil. Fast shipping across Europe.\" \/>\n<meta name=\"robots\" content=\"index, follow, max-snippet:-1, max-image-preview:large, max-video-preview:-1\" \/>\n<link rel=\"canonical\" href=\"https:\/\/vozolvapen.de\/pl\/product\/jnr-mega-box-25000-e-cigarette-puff-blueberry-raspberry\/\" \/>\n<meta property=\"og:locale\" content=\"pl_PL\" \/>\n<meta property=\"og:type\" content=\"article\" \/>\n<meta property=\"og:title\" content=\"JNR Mega box 25000 E Cigarette Puff - BLUEBERRY RASPBERRY\" \/>\n<meta property=\"og:description\" content=\"The ultimate berry mix: Blueberry Raspberry JNR Mega Box 25000. 30ml capacity, 25,000 puffs, dual mesh coil. Fast shipping across Europe.\" \/>\n<meta property=\"og:url\" content=\"https:\/\/vozolvapen.de\/pl\/product\/jnr-mega-box-25000-e-cigarette-puff-blueberry-raspberry\/\" \/>\n<meta property=\"og:site_name\" content=\"vozolvapen\" \/>\n<meta property=\"article:modified_time\" content=\"2026-01-20T10:06:19+00:00\" \/>\n<meta property=\"og:image\" content=\"https:\/\/vozolvapen.de\/wp-content\/uploads\/2026\/01\/JNR-Mega-box-25000-BLUEBERRY-RASPBERRY-1.webp\" \/>\n\t<meta property=\"og:image:width\" content=\"800\" \/>\n\t<meta property=\"og:image:height\" content=\"800\" \/>\n\t<meta property=\"og:image:type\" content=\"image\/webp\" \/>\n<meta name=\"twitter:card\" content=\"summary_large_image\" \/>\n<meta name=\"twitter:label1\" content=\"Szacowany czas czytania\" \/>\n\t<meta name=\"twitter:data1\" content=\"2 minuty\" \/>\n<script type=\"application\/ld+json\" class=\"yoast-schema-graph\">{\"@context\":\"https:\\\/\\\/schema.org\",\"@graph\":[{\"@type\":\"WebPage\",\"@id\":\"https:\\\/\\\/vozolvapen.de\\\/product\\\/jnr-mega-box-25000-e-cigarette-puff-blueberry-raspberry\\\/\",\"url\":\"https:\\\/\\\/vozolvapen.de\\\/product\\\/jnr-mega-box-25000-e-cigarette-puff-blueberry-raspberry\\\/\",\"name\":\"Blueberry Raspberry JNR Mega Box 25000 | Puff JNR 25k - vozolvapen\",\"isPartOf\":{\"@id\":\"https:\\\/\\\/vozolvapen.de\\\/#website\"},\"primaryImageOfPage\":{\"@id\":\"https:\\\/\\\/vozolvapen.de\\\/product\\\/jnr-mega-box-25000-e-cigarette-puff-blueberry-raspberry\\\/#primaryimage\"},\"image\":{\"@id\":\"https:\\\/\\\/vozolvapen.de\\\/product\\\/jnr-mega-box-25000-e-cigarette-puff-blueberry-raspberry\\\/#primaryimage\"},\"thumbnailUrl\":\"https:\\\/\\\/vozolvapen.de\\\/wp-content\\\/uploads\\\/2026\\\/01\\\/JNR-Mega-box-25000-BLUEBERRY-RASPBERRY-1.webp\",\"datePublished\":\"2026-01-20T09:04:22+00:00\",\"dateModified\":\"2026-01-20T10:06:19+00:00\",\"description\":\"The ultimate berry mix: Blueberry Raspberry JNR Mega Box 25000. 30ml capacity, 25,000 puffs, dual mesh coil. Fast shipping across Europe.\",\"breadcrumb\":{\"@id\":\"https:\\\/\\\/vozolvapen.de\\\/product\\\/jnr-mega-box-25000-e-cigarette-puff-blueberry-raspberry\\\/#breadcrumb\"},\"inLanguage\":\"pl-PL\",\"potentialAction\":[{\"@type\":\"ReadAction\",\"target\":[\"https:\\\/\\\/vozolvapen.de\\\/product\\\/jnr-mega-box-25000-e-cigarette-puff-blueberry-raspberry\\\/\"]}]},{\"@type\":\"ImageObject\",\"inLanguage\":\"pl-PL\",\"@id\":\"https:\\\/\\\/vozolvapen.de\\\/product\\\/jnr-mega-box-25000-e-cigarette-puff-blueberry-raspberry\\\/#primaryimage\",\"url\":\"https:\\\/\\\/vozolvapen.de\\\/wp-content\\\/uploads\\\/2026\\\/01\\\/JNR-Mega-box-25000-BLUEBERRY-RASPBERRY-1.webp\",\"contentUrl\":\"https:\\\/\\\/vozolvapen.de\\\/wp-content\\\/uploads\\\/2026\\\/01\\\/JNR-Mega-box-25000-BLUEBERRY-RASPBERRY-1.webp\",\"width\":800,\"height\":800,\"caption\":\"JNR Mega box 25000 - BLUEBERRY-RASPBERRY\"},{\"@type\":\"BreadcrumbList\",\"@id\":\"https:\\\/\\\/vozolvapen.de\\\/product\\\/jnr-mega-box-25000-e-cigarette-puff-blueberry-raspberry\\\/#breadcrumb\",\"itemListElement\":[{\"@type\":\"ListItem\",\"position\":1,\"name\":\"Home\",\"item\":\"https:\\\/\\\/vozolvapen.de\\\/de\\\/\"},{\"@type\":\"ListItem\",\"position\":2,\"name\":\"Shop\",\"item\":\"https:\\\/\\\/vozolvapen.de\\\/shop\\\/\"},{\"@type\":\"ListItem\",\"position\":3,\"name\":\"JNR Mega box 25000 E Cigarette Puff &#8211; BLUEBERRY RASPBERRY\"}]},{\"@type\":\"WebSite\",\"@id\":\"https:\\\/\\\/vozolvapen.de\\\/#website\",\"url\":\"https:\\\/\\\/vozolvapen.de\\\/\",\"name\":\"vozolvapen\",\"description\":\"vozolvapen\",\"publisher\":{\"@id\":\"https:\\\/\\\/vozolvapen.de\\\/#organization\"},\"potentialAction\":[{\"@type\":\"SearchAction\",\"target\":{\"@type\":\"EntryPoint\",\"urlTemplate\":\"https:\\\/\\\/vozolvapen.de\\\/?s={search_term_string}\"},\"query-input\":{\"@type\":\"PropertyValueSpecification\",\"valueRequired\":true,\"valueName\":\"search_term_string\"}}],\"inLanguage\":\"pl-PL\"},{\"@type\":\"Organization\",\"@id\":\"https:\\\/\\\/vozolvapen.de\\\/#organization\",\"name\":\"vozolvapen\",\"url\":\"https:\\\/\\\/vozolvapen.de\\\/\",\"logo\":{\"@type\":\"ImageObject\",\"inLanguage\":\"pl-PL\",\"@id\":\"https:\\\/\\\/vozolvapen.de\\\/#\\\/schema\\\/logo\\\/image\\\/\",\"url\":\"https:\\\/\\\/vozolvapen.de\\\/wp-content\\\/uploads\\\/2025\\\/12\\\/cropped-vozovapen-logo.webp\",\"contentUrl\":\"https:\\\/\\\/vozolvapen.de\\\/wp-content\\\/uploads\\\/2025\\\/12\\\/cropped-vozovapen-logo.webp\",\"width\":470,\"height\":110,\"caption\":\"vozolvapen\"},\"image\":{\"@id\":\"https:\\\/\\\/vozolvapen.de\\\/#\\\/schema\\\/logo\\\/image\\\/\"}}]}<\/script>\n<!-- \/ Yoast SEO Premium plugin. -->","yoast_head_json":{"title":"Blueberry Raspberry JNR Mega Box 25000 | Puff JNR 25k - vozolvapen","description":"Najlepsza mieszanka jag\u00f3d: Blueberry Raspberry JNR Mega Box 25000. Pojemno\u015b\u0107 30 ml, 25 000 zaci\u0105gni\u0119\u0107, podw\u00f3jna cewka siatkowa. Szybka wysy\u0142ka na terenie Europy.","robots":{"index":"index","follow":"follow","max-snippet":"max-snippet:-1","max-image-preview":"max-image-preview:large","max-video-preview":"max-video-preview:-1"},"canonical":"https:\/\/vozolvapen.de\/pl\/product\/jnr-mega-box-25000-e-cigarette-puff-blueberry-raspberry\/","og_locale":"pl_PL","og_type":"article","og_title":"JNR Mega box 25000 E Cigarette Puff - BLUEBERRY RASPBERRY","og_description":"The ultimate berry mix: Blueberry Raspberry JNR Mega Box 25000. 30ml capacity, 25,000 puffs, dual mesh coil. Fast shipping across Europe.","og_url":"https:\/\/vozolvapen.de\/pl\/product\/jnr-mega-box-25000-e-cigarette-puff-blueberry-raspberry\/","og_site_name":"vozolvapen","article_modified_time":"2026-01-20T10:06:19+00:00","og_image":[{"width":800,"height":800,"url":"https:\/\/vozolvapen.de\/wp-content\/uploads\/2026\/01\/JNR-Mega-box-25000-BLUEBERRY-RASPBERRY-1.webp","type":"image\/webp"}],"twitter_card":"summary_large_image","twitter_misc":{"Szacowany czas czytania":"2 minuty"},"schema":{"@context":"https:\/\/schema.org","@graph":[{"@type":"WebPage","@id":"https:\/\/vozolvapen.de\/product\/jnr-mega-box-25000-e-cigarette-puff-blueberry-raspberry\/","url":"https:\/\/vozolvapen.de\/product\/jnr-mega-box-25000-e-cigarette-puff-blueberry-raspberry\/","name":"Blueberry Raspberry JNR Mega Box 25000 | Puff JNR 25k - vozolvapen","isPartOf":{"@id":"https:\/\/vozolvapen.de\/#website"},"primaryImageOfPage":{"@id":"https:\/\/vozolvapen.de\/product\/jnr-mega-box-25000-e-cigarette-puff-blueberry-raspberry\/#primaryimage"},"image":{"@id":"https:\/\/vozolvapen.de\/product\/jnr-mega-box-25000-e-cigarette-puff-blueberry-raspberry\/#primaryimage"},"thumbnailUrl":"https:\/\/vozolvapen.de\/wp-content\/uploads\/2026\/01\/JNR-Mega-box-25000-BLUEBERRY-RASPBERRY-1.webp","datePublished":"2026-01-20T09:04:22+00:00","dateModified":"2026-01-20T10:06:19+00:00","description":"Najlepsza mieszanka jag\u00f3d: Blueberry Raspberry JNR Mega Box 25000. Pojemno\u015b\u0107 30 ml, 25 000 zaci\u0105gni\u0119\u0107, podw\u00f3jna cewka siatkowa. Szybka wysy\u0142ka na terenie Europy.","breadcrumb":{"@id":"https:\/\/vozolvapen.de\/product\/jnr-mega-box-25000-e-cigarette-puff-blueberry-raspberry\/#breadcrumb"},"inLanguage":"pl-PL","potentialAction":[{"@type":"ReadAction","target":["https:\/\/vozolvapen.de\/product\/jnr-mega-box-25000-e-cigarette-puff-blueberry-raspberry\/"]}]},{"@type":"ImageObject","inLanguage":"pl-PL","@id":"https:\/\/vozolvapen.de\/product\/jnr-mega-box-25000-e-cigarette-puff-blueberry-raspberry\/#primaryimage","url":"https:\/\/vozolvapen.de\/wp-content\/uploads\/2026\/01\/JNR-Mega-box-25000-BLUEBERRY-RASPBERRY-1.webp","contentUrl":"https:\/\/vozolvapen.de\/wp-content\/uploads\/2026\/01\/JNR-Mega-box-25000-BLUEBERRY-RASPBERRY-1.webp","width":800,"height":800,"caption":"JNR Mega box 25000 - BLUEBERRY-RASPBERRY"},{"@type":"BreadcrumbList","@id":"https:\/\/vozolvapen.de\/product\/jnr-mega-box-25000-e-cigarette-puff-blueberry-raspberry\/#breadcrumb","itemListElement":[{"@type":"ListItem","position":1,"name":"Home","item":"https:\/\/vozolvapen.de\/de\/"},{"@type":"ListItem","position":2,"name":"Shop","item":"https:\/\/vozolvapen.de\/shop\/"},{"@type":"ListItem","position":3,"name":"JNR Mega box 25000 E Cigarette Puff &#8211; BLUEBERRY RASPBERRY"}]},{"@type":"WebSite","@id":"https:\/\/vozolvapen.de\/#website","url":"https:\/\/vozolvapen.de\/","name":"vozolvapen","description":"vozolvapen","publisher":{"@id":"https:\/\/vozolvapen.de\/#organization"},"potentialAction":[{"@type":"SearchAction","target":{"@type":"EntryPoint","urlTemplate":"https:\/\/vozolvapen.de\/?s={search_term_string}"},"query-input":{"@type":"PropertyValueSpecification","valueRequired":true,"valueName":"search_term_string"}}],"inLanguage":"pl-PL"},{"@type":"Organization","@id":"https:\/\/vozolvapen.de\/#organization","name":"vozolvapen","url":"https:\/\/vozolvapen.de\/","logo":{"@type":"ImageObject","inLanguage":"pl-PL","@id":"https:\/\/vozolvapen.de\/#\/schema\/logo\/image\/","url":"https:\/\/vozolvapen.de\/wp-content\/uploads\/2025\/12\/cropped-vozovapen-logo.webp","contentUrl":"https:\/\/vozolvapen.de\/wp-content\/uploads\/2025\/12\/cropped-vozovapen-logo.webp","width":470,"height":110,"caption":"vozolvapen"},"image":{"@id":"https:\/\/vozolvapen.de\/#\/schema\/logo\/image\/"}}]}},"tiered_pricing_type":"fixed","tiered_pricing_fixed_rules":{"30":"12.6","50":"10.1","100":"9.6","200":"8.6"},"tiered_pricing_product_settings":{"layout":"default","base_unit_name":{"singular":null,"plural":null},"default_variation":null},"tiered_pricing_minimum_quantity":10,"tiered_pricing_roles_data":[],"tiered_pricing_percentage_rules":[],"tiered_pricing_maximum_quantity":null,"tiered_pricing_quantity_step":"10","_links":{"self":[{"href":"http:\/\/vozolvapen.de\/pl\/wp-json\/wp\/v2\/product\/63435","targetHints":{"allow":["GET"]}}],"collection":[{"href":"http:\/\/vozolvapen.de\/pl\/wp-json\/wp\/v2\/product"}],"about":[{"href":"http:\/\/vozolvapen.de\/pl\/wp-json\/wp\/v2\/types\/product"}],"replies":[{"embeddable":true,"href":"http:\/\/vozolvapen.de\/pl\/wp-json\/wp\/v2\/comments?post=63435"}],"wp:featuredmedia":[{"embeddable":true,"href":"http:\/\/vozolvapen.de\/pl\/wp-json\/wp\/v2\/media\/63779"}],"wp:attachment":[{"href":"http:\/\/vozolvapen.de\/pl\/wp-json\/wp\/v2\/media?parent=63435"}],"wp:term":[{"taxonomy":"product_brand","embeddable":true,"href":"http:\/\/vozolvapen.de\/pl\/wp-json\/wp\/v2\/product_brand?post=63435"},{"taxonomy":"product_cat","embeddable":true,"href":"http:\/\/vozolvapen.de\/pl\/wp-json\/wp\/v2\/product_cat?post=63435"},{"taxonomy":"product_tag","embeddable":true,"href":"http:\/\/vozolvapen.de\/pl\/wp-json\/wp\/v2\/product_tag?post=63435"}],"curies":[{"name":"wp","href":"https:\/\/api.w.org\/{rel}","templated":true}]}}