{"id":63490,"date":"2026-01-20T09:04:25","date_gmt":"2026-01-20T09:04:25","guid":{"rendered":"https:\/\/vozolvapen.de\/?post_type=product&#038;p=63490"},"modified":"2026-01-20T10:06:21","modified_gmt":"2026-01-20T10:06:21","slug":"jnr-mega-box-25000-e-cigarette-puff-black-currant-cotton-candy","status":"publish","type":"product","link":"http:\/\/vozolvapen.de\/pl\/product\/jnr-mega-box-25000-e-cigarette-puff-black-currant-cotton-candy\/","title":{"rendered":"JNR Mega box 25000 E Cigarette Puff - BLACK CURRANT COTTON CANDY"},"content":{"rendered":"<h1 data-path-to-node=\"2\">JNR Mega box 25000 E Cigarette Puff - BLACK CURRANT COTTON CANDY<\/h1>\n<p data-path-to-node=\"28\">Gdzie ciemno\u015b\u0107 spotyka si\u0119 ze \u015bwiat\u0142em. The <b data-path-to-node=\"28\" data-index-in-node=\"32\">Wata cukrowa z czarn\u0105 porzeczk\u0105 JNR Mega Box 25000<\/b> to wyj\u0105tkowa owocowa fuzja inspirowana deserami.<\/p>\n<h2 data-path-to-node=\"29\"><b data-path-to-node=\"29\" data-index-in-node=\"0\">Dlaczego warto wybra\u0107 wat\u0119 cukrow\u0105 Black Currant?<\/b><\/h2>\n<p data-path-to-node=\"29\">Smak ten \u0142\u0105czy zwiewn\u0105 s\u0142odycz cukru wirowanego z g\u0142\u0119bokimi, winnymi nutami czarnej porzeczki. Jest to profil \u201cIntense Satisfaction\u201d dla waper\u00f3w, kt\u00f3rzy chc\u0105 <b data-path-to-node=\"29\" data-index-in-node=\"202\">Puff JNR Mega Box<\/b> kt\u00f3ry jest jednocze\u015bnie s\u0142odki i wyrafinowany.<\/p>\n<h2 data-path-to-node=\"4\">JNR Mega box 25000 - BLACK CURRANT COTTON CANDY <b data-path-to-node=\"142\" data-index-in-node=\"0\">Specyfikacja<\/b><\/h2>\n<table data-path-to-node=\"19\">\n<thead>\n<tr>\n<td><strong>Parametr<\/strong><\/td>\n<td><strong>Specyfikacja<\/strong><\/td>\n<td><strong>Najwa\u017cniejsze informacje o SEO<\/strong><\/td>\n<\/tr>\n<\/thead>\n<tbody>\n<tr>\n<td><span data-path-to-node=\"19,1,0,0\"><b data-path-to-node=\"19,1,0,0\" data-index-in-node=\"0\">Puff Count<\/b><\/span><\/td>\n<td><span data-path-to-node=\"19,1,1,0\">25,000 Puffs<\/span><\/td>\n<td><span data-path-to-node=\"19,1,2,0\">Wyj\u0105tkowy <b data-path-to-node=\"19,1,2,0\" data-index-in-node=\"7\">Puff JNR Mega Box<\/b> mieszanka<\/span><\/td>\n<\/tr>\n<tr>\n<td><span data-path-to-node=\"19,2,0,0\"><b data-path-to-node=\"19,2,0,0\" data-index-in-node=\"0\">Profil smakowy<\/b><\/span><\/td>\n<td><span data-path-to-node=\"19,2,1,0\">Dark Berry &amp; Spun Sugar<\/span><\/td>\n<td><span data-path-to-node=\"19,2,2,0\">Kompleks <b data-path-to-node=\"19,2,2,0\" data-index-in-node=\"8\">E Liquide JNR<\/b> aromat<\/span><\/td>\n<\/tr>\n<tr>\n<td><span data-path-to-node=\"19,3,0,0\"><b data-path-to-node=\"19,3,0,0\" data-index-in-node=\"0\">S\u0142odycz \/ L\u00f3d<\/b><\/span><\/td>\n<td><span data-path-to-node=\"19,3,1,0\">\u2605\u2605\u2605\u2605\u2605 \/ \u2605\u2605\u2606\u2606\u2606<\/span><\/td>\n<td><span data-path-to-node=\"19,3,2,0\">Deser w stylu <b data-path-to-node=\"19,3,2,0\" data-index-in-node=\"14\">Akumulator JNR<\/b><\/span><\/td>\n<\/tr>\n<tr>\n<td><span data-path-to-node=\"19,4,0,0\"><b data-path-to-node=\"19,4,0,0\" data-index-in-node=\"0\">Typ cewki<\/b><\/span><\/td>\n<td><span data-path-to-node=\"19,4,1,0\">Innowacyjna cewka siatkowa<\/span><\/td>\n<td><span data-path-to-node=\"19,4,2,0\">Najczystsze cukierki owocowe <b data-path-to-node=\"19,4,2,0\" data-index-in-node=\"19\">Czysty smak<\/b><\/span><\/td>\n<\/tr>\n<tr>\n<td><span data-path-to-node=\"19,5,0,0\"><b data-path-to-node=\"19,5,0,0\" data-index-in-node=\"0\">Wysy\u0142ka<\/b><\/span><\/td>\n<td><span data-path-to-node=\"19,5,1,0\">EU Direct<\/span><\/td>\n<td><span data-path-to-node=\"19,5,2,0\"><b data-path-to-node=\"19,5,2,0\" data-index-in-node=\"0\">1-3 dni<\/b> logistyka z zapas\u00f3w UE<\/span><\/td>\n<\/tr>\n<\/tbody>\n<\/table>\n<h2 data-path-to-node=\"22\"><b data-path-to-node=\"22\" data-index-in-node=\"0\">Wata cukrowa z czarn\u0105 porzeczk\u0105 w te\u015bcie: Ciemne jagody spotykaj\u0105 technologi\u0119 cukierk\u00f3w<\/b><\/h2>\n<p data-path-to-node=\"23\">The <b data-path-to-node=\"23\" data-index-in-node=\"4\">JNR Mega Box 25000<\/b> z <b data-path-to-node=\"23\" data-index-in-node=\"28\">Wata cukrowa z czarn\u0105 porzeczk\u0105<\/b> imponuje:<\/p>\n<ul data-path-to-node=\"24\">\n<li>\n<p data-path-to-node=\"24,0,0\"><b data-path-to-node=\"24,0,0\" data-index-in-node=\"0\">Unikalny kontrast owoc\u00f3w i cukierk\u00f3w:<\/b> Cierpka, winna czarna porzeczka jest doskonale z\u0142agodzona s\u0142odycz\u0105 waty cukrowej.<\/p>\n<\/li>\n<li>\n<p data-path-to-node=\"24,1,0\"><b data-path-to-node=\"24,1,0\" data-index-in-node=\"0\">Zaawansowane odprowadzanie wilgoci:<\/b> The <b data-path-to-node=\"24,1,0\" data-index-in-node=\"22\">e liquide jnr<\/b> jest rozprowadzany r\u00f3wnomiernie przez <b data-path-to-node=\"24,1,0\" data-index-in-node=\"70\">Cewka z podw\u00f3jn\u0105 siatk\u0105<\/b>, zapobiegaj\u0105c posmakowi spalenizny nawet podczas d\u0142ugich zaci\u0105gni\u0119\u0107.<\/p>\n<\/li>\n<li>\n<p data-path-to-node=\"24,2,0\"><b data-path-to-node=\"24,2,0\" data-index-in-node=\"0\">Precyzja nikotyny:<\/b> Dost\u0119pne w <b data-path-to-node=\"24,2,0\" data-index-in-node=\"33\">Poziomy nikotyny 2% i 5%<\/b>, zapewniaj\u0105c dopasowane uderzenie w gard\u0142o dla ka\u017cdego rodzaju <b data-path-to-node=\"24,2,0\" data-index-in-node=\"110\">Papieros JNR<\/b> u\u017cytkownik.<\/p>\n<\/li>\n<li>\n<p data-path-to-node=\"24,3,0\"><b data-path-to-node=\"24,3,0\" data-index-in-node=\"0\">Wysoka jako\u015b\u0107 dotyku:<\/b> Ergonomiczna konstrukcja <b data-path-to-node=\"24,3,0\" data-index-in-node=\"52\">JNR Mega Box Vape<\/b> sprawia, \u017ce wygodnie trzyma si\u0119 go w d\u0142oni pomimo jego ogromnej pojemno\u015bci.<\/p>\n<\/li>\n<\/ul>\n<h3 data-path-to-node=\"2\"><span style=\"font-size: 16px;\">Oto dalsze zalecenia dla Ciebie:<\/span><\/h3>\n<p dir=\"auto\">Odkryj jeszcze wi\u0119cej niesamowitych smak\u00f3w dzi\u0119ki JNR Mega Box 25000 Puff Vape!<\/p>\n<p dir=\"auto\"><a href=\"https:\/\/vozolvapen.de\/pl\/product-category\/jnr-vape\/jnr-mega-box-25000-puff-vape\/28000-puffs\/\" target=\"_blank\" rel=\"noopener noreferrer nofollow\">Zobacz wszystkie odmiany tutaj \u2192<\/a><\/p>\n<p dir=\"auto\">Zapoznaj si\u0119 z nasz\u0105 pe\u0142n\u0105 kolekcj\u0105 i kupuj produkty najlepszych marek vape, kt\u00f3re pokochasz.<\/p>\n<p dir=\"auto\"><a href=\"https:\/\/vozolvapen.de\/pl\/\" target=\"_blank\" rel=\"noopener noreferrer nofollow\">Przegl\u0105daj teraz wszystkie marki \u2192<\/a><\/p>\n<p dir=\"auto\">Sprawd\u017a ca\u0142\u0105 seri\u0119 JNR Vape - ka\u017cdy smak, ka\u017cdy styl!<\/p>\n<p dir=\"auto\"><a href=\"https:\/\/vozolvapen.de\/pl\/product-category\/jnr-vape\/\" target=\"_blank\" rel=\"noopener noreferrer nofollow\">Zobacz pe\u0142n\u0105 kolekcj\u0119 JNR Vape \u2192<\/a><\/p>\n<h2 data-path-to-node=\"23,2,0\">JNR Mega box 25000 E Cigarette Puff - FAQ<\/h2>\n<h3 data-path-to-node=\"73,0,0\"><b data-path-to-node=\"73,0,0\" data-index-in-node=\"0\">Dlaczego JNR Mega Box 25000 r\u00f3\u017cni si\u0119 od innych waporyzator\u00f3w?<\/b><\/h3>\n<p data-path-to-node=\"73,0,0\">Posiada dwurdzeniowy system i podw\u00f3jne cewki siatkowe, zapewniaj\u0105c podw\u00f3jny smak i par\u0119 w por\u00f3wnaniu do standardowych jednorazowych papieros\u00f3w. Ponadto posiada unikalne \u0142adowanie z dwoma portami.<\/p>\n<h3 data-path-to-node=\"73,1,0\"><b data-path-to-node=\"73,1,0\" data-index-in-node=\"0\">Jak d\u0142ugo wystarcza 25 000 zaci\u0105gni\u0119\u0107?<\/b><\/h3>\n<p data-path-to-node=\"73,1,0\">Dla umiarkowanego wapera <b data-path-to-node=\"73,1,0\" data-index-in-node=\"57\">jnr mega box vape<\/b> mo\u017ce trwa\u0107 od 3 do 5 tygodni.<\/p>\n<h3 data-path-to-node=\"73,2,0\"><b data-path-to-node=\"73,2,0\" data-index-in-node=\"0\">Czy \u0142adowanie za pomoc\u0105 kabla Lightning jest bezpieczne?<\/b><\/h3>\n<p data-path-to-node=\"73,2,0\">Tak! The <b data-path-to-node=\"73,2,0\" data-index-in-node=\"54\">akumulator jnr<\/b> System zosta\u0142 zaprojektowany tak, aby by\u0142 kompatybilny zar\u00f3wno ze standardowymi kablami Apple Lightning, jak i kablami typu C.<\/p>","protected":false},"excerpt":{"rendered":"<p>Wyrafinowany smako\u0142yk \u0142\u0105cz\u0105cy g\u0142\u0119bokie, winne nuty czarnej porzeczki z lekk\u0105 s\u0142odycz\u0105 waty cukrowej. Unikalna hybryda deserowo-owocowa.<\/p>","protected":false},"featured_media":63782,"comment_status":"open","ping_status":"closed","template":"","meta":{"_acf_changed":false},"product_brand":[],"product_cat":[94],"product_tag":[],"class_list":{"0":"post-63490","1":"product","2":"type-product","3":"status-publish","4":"has-post-thumbnail","6":"product_cat-jnr-mega-box-25000-puff-vape","8":"first","9":"instock","10":"shipping-taxable","11":"purchasable","12":"product-type-variable"},"acf":[],"yoast_head":"<!-- This site is optimized with the Yoast SEO Premium plugin v26.1 (Yoast SEO v27.5) - https:\/\/yoast.com\/product\/yoast-seo-premium-wordpress\/ -->\n<title>Black Currant Cotton Candy JNR Mega Box 25000 | JNR Vape - vozolvapen<\/title>\n<meta name=\"description\" content=\"Indulge in Black Currant Cotton Candy JNR Mega Box 25000. Dark berries meet airy sugar. 25k puffs JNR rechargeable. Best price at JNR Vape.\" \/>\n<meta name=\"robots\" content=\"index, follow, max-snippet:-1, max-image-preview:large, max-video-preview:-1\" \/>\n<link rel=\"canonical\" href=\"https:\/\/vozolvapen.de\/pl\/product\/jnr-mega-box-25000-e-cigarette-puff-black-currant-cotton-candy\/\" \/>\n<meta property=\"og:locale\" content=\"pl_PL\" \/>\n<meta property=\"og:type\" content=\"article\" \/>\n<meta property=\"og:title\" content=\"JNR Mega box 25000 E Cigarette Puff - BLACK CURRANT COTTON CANDY\" \/>\n<meta property=\"og:description\" content=\"Indulge in Black Currant Cotton Candy JNR Mega Box 25000. Dark berries meet airy sugar. 25k puffs JNR rechargeable. Best price at JNR Vape.\" \/>\n<meta property=\"og:url\" content=\"https:\/\/vozolvapen.de\/pl\/product\/jnr-mega-box-25000-e-cigarette-puff-black-currant-cotton-candy\/\" \/>\n<meta property=\"og:site_name\" content=\"vozolvapen\" \/>\n<meta property=\"article:modified_time\" content=\"2026-01-20T10:06:21+00:00\" \/>\n<meta property=\"og:image\" content=\"https:\/\/vozolvapen.de\/wp-content\/uploads\/2026\/01\/JNR-Mega-box-25000-BLACK-CURRANT-COTTON-CANDY-1.webp\" \/>\n\t<meta property=\"og:image:width\" content=\"800\" \/>\n\t<meta property=\"og:image:height\" content=\"800\" \/>\n\t<meta property=\"og:image:type\" content=\"image\/webp\" \/>\n<meta name=\"twitter:card\" content=\"summary_large_image\" \/>\n<meta name=\"twitter:label1\" content=\"Szacowany czas czytania\" \/>\n\t<meta name=\"twitter:data1\" content=\"2 minuty\" \/>\n<script type=\"application\/ld+json\" class=\"yoast-schema-graph\">{\"@context\":\"https:\\\/\\\/schema.org\",\"@graph\":[{\"@type\":\"WebPage\",\"@id\":\"https:\\\/\\\/vozolvapen.de\\\/product\\\/jnr-mega-box-25000-e-cigarette-puff-black-currant-cotton-candy\\\/\",\"url\":\"https:\\\/\\\/vozolvapen.de\\\/product\\\/jnr-mega-box-25000-e-cigarette-puff-black-currant-cotton-candy\\\/\",\"name\":\"Black Currant Cotton Candy JNR Mega Box 25000 | JNR Vape - vozolvapen\",\"isPartOf\":{\"@id\":\"https:\\\/\\\/vozolvapen.de\\\/#website\"},\"primaryImageOfPage\":{\"@id\":\"https:\\\/\\\/vozolvapen.de\\\/product\\\/jnr-mega-box-25000-e-cigarette-puff-black-currant-cotton-candy\\\/#primaryimage\"},\"image\":{\"@id\":\"https:\\\/\\\/vozolvapen.de\\\/product\\\/jnr-mega-box-25000-e-cigarette-puff-black-currant-cotton-candy\\\/#primaryimage\"},\"thumbnailUrl\":\"https:\\\/\\\/vozolvapen.de\\\/wp-content\\\/uploads\\\/2026\\\/01\\\/JNR-Mega-box-25000-BLACK-CURRANT-COTTON-CANDY-1.webp\",\"datePublished\":\"2026-01-20T09:04:25+00:00\",\"dateModified\":\"2026-01-20T10:06:21+00:00\",\"description\":\"Indulge in Black Currant Cotton Candy JNR Mega Box 25000. Dark berries meet airy sugar. 25k puffs JNR rechargeable. Best price at JNR Vape.\",\"breadcrumb\":{\"@id\":\"https:\\\/\\\/vozolvapen.de\\\/product\\\/jnr-mega-box-25000-e-cigarette-puff-black-currant-cotton-candy\\\/#breadcrumb\"},\"inLanguage\":\"pl-PL\",\"potentialAction\":[{\"@type\":\"ReadAction\",\"target\":[\"https:\\\/\\\/vozolvapen.de\\\/product\\\/jnr-mega-box-25000-e-cigarette-puff-black-currant-cotton-candy\\\/\"]}]},{\"@type\":\"ImageObject\",\"inLanguage\":\"pl-PL\",\"@id\":\"https:\\\/\\\/vozolvapen.de\\\/product\\\/jnr-mega-box-25000-e-cigarette-puff-black-currant-cotton-candy\\\/#primaryimage\",\"url\":\"https:\\\/\\\/vozolvapen.de\\\/wp-content\\\/uploads\\\/2026\\\/01\\\/JNR-Mega-box-25000-BLACK-CURRANT-COTTON-CANDY-1.webp\",\"contentUrl\":\"https:\\\/\\\/vozolvapen.de\\\/wp-content\\\/uploads\\\/2026\\\/01\\\/JNR-Mega-box-25000-BLACK-CURRANT-COTTON-CANDY-1.webp\",\"width\":800,\"height\":800,\"caption\":\"JNR Mega box 25000 - BLACK-CURRANT-COTTON-CANDY\"},{\"@type\":\"BreadcrumbList\",\"@id\":\"https:\\\/\\\/vozolvapen.de\\\/product\\\/jnr-mega-box-25000-e-cigarette-puff-black-currant-cotton-candy\\\/#breadcrumb\",\"itemListElement\":[{\"@type\":\"ListItem\",\"position\":1,\"name\":\"Home\",\"item\":\"https:\\\/\\\/vozolvapen.de\\\/de\\\/\"},{\"@type\":\"ListItem\",\"position\":2,\"name\":\"Shop\",\"item\":\"https:\\\/\\\/vozolvapen.de\\\/shop\\\/\"},{\"@type\":\"ListItem\",\"position\":3,\"name\":\"JNR Mega box 25000 E Cigarette Puff &#8211; BLACK CURRANT COTTON CANDY\"}]},{\"@type\":\"WebSite\",\"@id\":\"https:\\\/\\\/vozolvapen.de\\\/#website\",\"url\":\"https:\\\/\\\/vozolvapen.de\\\/\",\"name\":\"vozolvapen\",\"description\":\"vozolvapen\",\"publisher\":{\"@id\":\"https:\\\/\\\/vozolvapen.de\\\/#organization\"},\"potentialAction\":[{\"@type\":\"SearchAction\",\"target\":{\"@type\":\"EntryPoint\",\"urlTemplate\":\"https:\\\/\\\/vozolvapen.de\\\/?s={search_term_string}\"},\"query-input\":{\"@type\":\"PropertyValueSpecification\",\"valueRequired\":true,\"valueName\":\"search_term_string\"}}],\"inLanguage\":\"pl-PL\"},{\"@type\":\"Organization\",\"@id\":\"https:\\\/\\\/vozolvapen.de\\\/#organization\",\"name\":\"vozolvapen\",\"url\":\"https:\\\/\\\/vozolvapen.de\\\/\",\"logo\":{\"@type\":\"ImageObject\",\"inLanguage\":\"pl-PL\",\"@id\":\"https:\\\/\\\/vozolvapen.de\\\/#\\\/schema\\\/logo\\\/image\\\/\",\"url\":\"https:\\\/\\\/vozolvapen.de\\\/wp-content\\\/uploads\\\/2025\\\/12\\\/cropped-vozovapen-logo.webp\",\"contentUrl\":\"https:\\\/\\\/vozolvapen.de\\\/wp-content\\\/uploads\\\/2025\\\/12\\\/cropped-vozovapen-logo.webp\",\"width\":470,\"height\":110,\"caption\":\"vozolvapen\"},\"image\":{\"@id\":\"https:\\\/\\\/vozolvapen.de\\\/#\\\/schema\\\/logo\\\/image\\\/\"}}]}<\/script>\n<!-- \/ Yoast SEO Premium plugin. -->","yoast_head_json":{"title":"Black Currant Cotton Candy JNR Mega Box 25000 | JNR Vape - vozolvapen","description":"Rozkoszuj si\u0119 wat\u0105 cukrow\u0105 Black Currant JNR Mega Box 25000. Ciemne jagody spotykaj\u0105 si\u0119 z przewiewnym cukrem. 25 tys. zaci\u0105gni\u0119\u0107 JNR do wielokrotnego \u0142adowania. Najlepsza cena w JNR Vape.","robots":{"index":"index","follow":"follow","max-snippet":"max-snippet:-1","max-image-preview":"max-image-preview:large","max-video-preview":"max-video-preview:-1"},"canonical":"https:\/\/vozolvapen.de\/pl\/product\/jnr-mega-box-25000-e-cigarette-puff-black-currant-cotton-candy\/","og_locale":"pl_PL","og_type":"article","og_title":"JNR Mega box 25000 E Cigarette Puff - BLACK CURRANT COTTON CANDY","og_description":"Indulge in Black Currant Cotton Candy JNR Mega Box 25000. Dark berries meet airy sugar. 25k puffs JNR rechargeable. Best price at JNR Vape.","og_url":"https:\/\/vozolvapen.de\/pl\/product\/jnr-mega-box-25000-e-cigarette-puff-black-currant-cotton-candy\/","og_site_name":"vozolvapen","article_modified_time":"2026-01-20T10:06:21+00:00","og_image":[{"width":800,"height":800,"url":"https:\/\/vozolvapen.de\/wp-content\/uploads\/2026\/01\/JNR-Mega-box-25000-BLACK-CURRANT-COTTON-CANDY-1.webp","type":"image\/webp"}],"twitter_card":"summary_large_image","twitter_misc":{"Szacowany czas czytania":"2 minuty"},"schema":{"@context":"https:\/\/schema.org","@graph":[{"@type":"WebPage","@id":"https:\/\/vozolvapen.de\/product\/jnr-mega-box-25000-e-cigarette-puff-black-currant-cotton-candy\/","url":"https:\/\/vozolvapen.de\/product\/jnr-mega-box-25000-e-cigarette-puff-black-currant-cotton-candy\/","name":"Black Currant Cotton Candy JNR Mega Box 25000 | JNR Vape - vozolvapen","isPartOf":{"@id":"https:\/\/vozolvapen.de\/#website"},"primaryImageOfPage":{"@id":"https:\/\/vozolvapen.de\/product\/jnr-mega-box-25000-e-cigarette-puff-black-currant-cotton-candy\/#primaryimage"},"image":{"@id":"https:\/\/vozolvapen.de\/product\/jnr-mega-box-25000-e-cigarette-puff-black-currant-cotton-candy\/#primaryimage"},"thumbnailUrl":"https:\/\/vozolvapen.de\/wp-content\/uploads\/2026\/01\/JNR-Mega-box-25000-BLACK-CURRANT-COTTON-CANDY-1.webp","datePublished":"2026-01-20T09:04:25+00:00","dateModified":"2026-01-20T10:06:21+00:00","description":"Rozkoszuj si\u0119 wat\u0105 cukrow\u0105 Black Currant JNR Mega Box 25000. Ciemne jagody spotykaj\u0105 si\u0119 z przewiewnym cukrem. 25 tys. zaci\u0105gni\u0119\u0107 JNR do wielokrotnego \u0142adowania. Najlepsza cena w JNR Vape.","breadcrumb":{"@id":"https:\/\/vozolvapen.de\/product\/jnr-mega-box-25000-e-cigarette-puff-black-currant-cotton-candy\/#breadcrumb"},"inLanguage":"pl-PL","potentialAction":[{"@type":"ReadAction","target":["https:\/\/vozolvapen.de\/product\/jnr-mega-box-25000-e-cigarette-puff-black-currant-cotton-candy\/"]}]},{"@type":"ImageObject","inLanguage":"pl-PL","@id":"https:\/\/vozolvapen.de\/product\/jnr-mega-box-25000-e-cigarette-puff-black-currant-cotton-candy\/#primaryimage","url":"https:\/\/vozolvapen.de\/wp-content\/uploads\/2026\/01\/JNR-Mega-box-25000-BLACK-CURRANT-COTTON-CANDY-1.webp","contentUrl":"https:\/\/vozolvapen.de\/wp-content\/uploads\/2026\/01\/JNR-Mega-box-25000-BLACK-CURRANT-COTTON-CANDY-1.webp","width":800,"height":800,"caption":"JNR Mega box 25000 - BLACK-CURRANT-COTTON-CANDY"},{"@type":"BreadcrumbList","@id":"https:\/\/vozolvapen.de\/product\/jnr-mega-box-25000-e-cigarette-puff-black-currant-cotton-candy\/#breadcrumb","itemListElement":[{"@type":"ListItem","position":1,"name":"Home","item":"https:\/\/vozolvapen.de\/de\/"},{"@type":"ListItem","position":2,"name":"Shop","item":"https:\/\/vozolvapen.de\/shop\/"},{"@type":"ListItem","position":3,"name":"JNR Mega box 25000 E Cigarette Puff &#8211; BLACK CURRANT COTTON CANDY"}]},{"@type":"WebSite","@id":"https:\/\/vozolvapen.de\/#website","url":"https:\/\/vozolvapen.de\/","name":"vozolvapen","description":"vozolvapen","publisher":{"@id":"https:\/\/vozolvapen.de\/#organization"},"potentialAction":[{"@type":"SearchAction","target":{"@type":"EntryPoint","urlTemplate":"https:\/\/vozolvapen.de\/?s={search_term_string}"},"query-input":{"@type":"PropertyValueSpecification","valueRequired":true,"valueName":"search_term_string"}}],"inLanguage":"pl-PL"},{"@type":"Organization","@id":"https:\/\/vozolvapen.de\/#organization","name":"vozolvapen","url":"https:\/\/vozolvapen.de\/","logo":{"@type":"ImageObject","inLanguage":"pl-PL","@id":"https:\/\/vozolvapen.de\/#\/schema\/logo\/image\/","url":"https:\/\/vozolvapen.de\/wp-content\/uploads\/2025\/12\/cropped-vozovapen-logo.webp","contentUrl":"https:\/\/vozolvapen.de\/wp-content\/uploads\/2025\/12\/cropped-vozovapen-logo.webp","width":470,"height":110,"caption":"vozolvapen"},"image":{"@id":"https:\/\/vozolvapen.de\/#\/schema\/logo\/image\/"}}]}},"tiered_pricing_type":"fixed","tiered_pricing_fixed_rules":{"30":"12.6","50":"10.1","100":"9.6","200":"8.6"},"tiered_pricing_product_settings":{"layout":"default","base_unit_name":{"singular":null,"plural":null},"default_variation":null},"tiered_pricing_minimum_quantity":10,"tiered_pricing_roles_data":[],"tiered_pricing_percentage_rules":[],"tiered_pricing_maximum_quantity":null,"tiered_pricing_quantity_step":"10","_links":{"self":[{"href":"http:\/\/vozolvapen.de\/pl\/wp-json\/wp\/v2\/product\/63490","targetHints":{"allow":["GET"]}}],"collection":[{"href":"http:\/\/vozolvapen.de\/pl\/wp-json\/wp\/v2\/product"}],"about":[{"href":"http:\/\/vozolvapen.de\/pl\/wp-json\/wp\/v2\/types\/product"}],"replies":[{"embeddable":true,"href":"http:\/\/vozolvapen.de\/pl\/wp-json\/wp\/v2\/comments?post=63490"}],"wp:featuredmedia":[{"embeddable":true,"href":"http:\/\/vozolvapen.de\/pl\/wp-json\/wp\/v2\/media\/63782"}],"wp:attachment":[{"href":"http:\/\/vozolvapen.de\/pl\/wp-json\/wp\/v2\/media?parent=63490"}],"wp:term":[{"taxonomy":"product_brand","embeddable":true,"href":"http:\/\/vozolvapen.de\/pl\/wp-json\/wp\/v2\/product_brand?post=63490"},{"taxonomy":"product_cat","embeddable":true,"href":"http:\/\/vozolvapen.de\/pl\/wp-json\/wp\/v2\/product_cat?post=63490"},{"taxonomy":"product_tag","embeddable":true,"href":"http:\/\/vozolvapen.de\/pl\/wp-json\/wp\/v2\/product_tag?post=63490"}],"curies":[{"name":"wp","href":"https:\/\/api.w.org\/{rel}","templated":true}]}}