{"id":63545,"date":"2026-01-20T09:04:27","date_gmt":"2026-01-20T09:04:27","guid":{"rendered":"https:\/\/vozolvapen.de\/?post_type=product&#038;p=63545"},"modified":"2026-01-20T10:06:24","modified_gmt":"2026-01-20T10:06:24","slug":"jnr-mega-box-25000-e-cigarette-puff-summer-peaches","status":"publish","type":"product","link":"http:\/\/vozolvapen.de\/pl\/product\/jnr-mega-box-25000-e-cigarette-puff-summer-peaches\/","title":{"rendered":"JNR Mega box 25000 e-papieros\u00f3w Puff - Summer Peaches"},"content":{"rendered":"<h1 data-path-to-node=\"2\">JNR Mega box 25000 e-papieros\u00f3w Puff - Summer Peaches<\/h1>\n<p data-path-to-node=\"32\">Uchwy\u0107 smak z\u0142otych zbior\u00f3w. <b data-path-to-node=\"32\" data-index-in-node=\"39\">Letnie brzoskwinie JNR Mega Box 25000<\/b> oferuje aksamitne, bogate w nektar brzoskwini doznania, kt\u00f3re s\u0105 naturalne i g\u0142adkie.<\/p>\n<h2 data-path-to-node=\"33\"><b data-path-to-node=\"33\" data-index-in-node=\"0\">Dlaczego warto wybra\u0107 Summer Peaches?<\/b><\/h2>\n<p data-path-to-node=\"33\">The <b data-path-to-node=\"33\" data-index-in-node=\"31\">Siatkowa cewka 1,0\u03a9<\/b> doskonale rozprowadza delikatne terpeny brzoskwiniowe w aerozolu <b data-path-to-node=\"33\" data-index-in-node=\"103\">E Liquide JNR<\/b>. Z <b data-path-to-node=\"33\" data-index-in-node=\"123\">25 000 zaci\u0105gni\u0119\u0107<\/b> i <b data-path-to-node=\"33\" data-index-in-node=\"143\">Akumulator 850 mAh JNR<\/b> bateria, Tw\u00f3j letni nastr\u00f3j b\u0119dzie trwa\u0142 przez ca\u0142y miesi\u0105c.<\/p>\n<h2 data-path-to-node=\"4\">JNR Mega box 25000 - Letnie brzoskwinie <b data-path-to-node=\"142\" data-index-in-node=\"0\">Specyfikacja<\/b><\/h2>\n<table data-path-to-node=\"22\">\n<thead>\n<tr>\n<td><strong>Parametr<\/strong><\/td>\n<td><strong>Specyfikacja<\/strong><\/td>\n<td><strong>Najwa\u017cniejsze informacje o SEO<\/strong><\/td>\n<\/tr>\n<\/thead>\n<tbody>\n<tr>\n<td><span data-path-to-node=\"22,1,0,0\"><b data-path-to-node=\"22,1,0,0\" data-index-in-node=\"0\">Puff Count<\/b><\/span><\/td>\n<td><span data-path-to-node=\"22,1,1,0\">Do 25 000 zaci\u0105gni\u0119\u0107<\/span><\/td>\n<td><span data-path-to-node=\"22,1,2,0\">Soczysty <b data-path-to-node=\"22,1,2,0\" data-index-in-node=\"6\">Puff JNR 25k<\/b> nektar<\/span><\/td>\n<\/tr>\n<tr>\n<td><span data-path-to-node=\"22,2,0,0\"><b data-path-to-node=\"22,2,0,0\" data-index-in-node=\"0\">Profil smakowy<\/b><\/span><\/td>\n<td><span data-path-to-node=\"22,2,1,0\">Aksamitna dojrza\u0142a brzoskwinia<\/span><\/td>\n<td><span data-path-to-node=\"22,2,2,0\">Naturalnie s\u0142odki <b data-path-to-node=\"22,2,2,0\" data-index-in-node=\"16\">E Liquide JNR<\/b><\/span><\/td>\n<\/tr>\n<tr>\n<td><span data-path-to-node=\"22,3,0,0\"><b data-path-to-node=\"22,3,0,0\" data-index-in-node=\"0\">S\u0142odycz \/ L\u00f3d<\/b><\/span><\/td>\n<td><span data-path-to-node=\"22,3,1,0\">\u2605\u2605\u2605\u2605\u2606 \/ \u2605\u2605\u2606\u2606\u2606<\/span><\/td>\n<td><span data-path-to-node=\"22,3,2,0\">Mi\u0119kki i g\u0142adki <b data-path-to-node=\"22,3,2,0\" data-index-in-node=\"14\">JNR Mega Box Vape<\/b><\/span><\/td>\n<\/tr>\n<tr>\n<td><span data-path-to-node=\"22,4,0,0\"><b data-path-to-node=\"22,4,0,0\" data-index-in-node=\"0\">Bateria<\/b><\/span><\/td>\n<td><span data-path-to-node=\"22,4,1,0\">Akumulator 850 mAh<\/span><\/td>\n<td><span data-path-to-node=\"22,4,2,0\">Trwa\u0142o\u015b\u0107 <b data-path-to-node=\"22,4,2,0\" data-index-in-node=\"8\">Akumulator JNR<\/b> moc<\/span><\/td>\n<\/tr>\n<tr>\n<td><span data-path-to-node=\"22,5,0,0\"><b data-path-to-node=\"22,5,0,0\" data-index-in-node=\"0\">Przep\u0142yw powietrza<\/b><\/span><\/td>\n<td><span data-path-to-node=\"22,5,1,0\">Zoptymalizowany MTL\/RDL<\/span><\/td>\n<td><span data-path-to-node=\"22,5,2,0\">Intensywny <b data-path-to-node=\"22,5,2,0\" data-index-in-node=\"8\">Papieros JNR<\/b> uderzenie w gard\u0142o<\/span><\/td>\n<\/tr>\n<\/tbody>\n<\/table>\n<h2 data-path-to-node=\"26\"><b data-path-to-node=\"26\" data-index-in-node=\"0\">Letnie brzoskwinie w te\u015bcie: Dojrzewaj\u0105ce w s\u0142o\u0144cu owoce spotykaj\u0105 si\u0119 z technologi\u0105<\/b><\/h2>\n<p data-path-to-node=\"27\">The <b data-path-to-node=\"27\" data-index-in-node=\"4\">JNR Mega Box 25000<\/b> z <b data-path-to-node=\"27\" data-index-in-node=\"28\">Letnie brzoskwinie<\/b> imponuje:<\/p>\n<ul data-path-to-node=\"28\">\n<li>\n<p data-path-to-node=\"28,0,0\"><b data-path-to-node=\"28,0,0\" data-index-in-node=\"0\">Naturalny realizm brzoskwini:<\/b> Aksamitny, soczysty brzoskwiniowy smak, kt\u00f3ry pozwala unikn\u0105\u0107 sztucznych \u201cperfum\u201d cz\u0119sto spotykanych w innych waporyzatorach.<\/p>\n<\/li>\n<li>\n<p data-path-to-node=\"28,1,0\"><b data-path-to-node=\"28,1,0\" data-index-in-node=\"0\">Dwurdzeniowa stabilno\u015b\u0107:<\/b> Wewn\u0119trzny <b data-path-to-node=\"28,1,0\" data-index-in-node=\"34\">Dwurdzeniowy<\/b> Architektura wydajnie zarz\u0105dza energi\u0105, aby utrzyma\u0107 stabilny profil smaku przez ca\u0142y czas. <b data-path-to-node=\"28,1,0\" data-index-in-node=\"132\">25 000 zaci\u0105gni\u0119\u0107<\/b>.<\/p>\n<\/li>\n<li>\n<p data-path-to-node=\"28,2,0\"><b data-path-to-node=\"28,2,0\" data-index-in-node=\"0\">Szybkie \u0142adowanie:<\/b> The <b data-path-to-node=\"28,2,0\" data-index-in-node=\"20\">Lightning i Type-C<\/b> porty zapewniaj\u0105 <b data-path-to-node=\"28,2,0\" data-index-in-node=\"57\">Akumulator JNR<\/b> Bateria pozostaje na\u0142adowana przy minimalnym czasie przestoju.<\/p>\n<\/li>\n<li>\n<p data-path-to-node=\"28,3,0\"><b data-path-to-node=\"28,3,0\" data-index-in-node=\"0\">Gotowy na przyj\u0119cie do UE:<\/b> Szybka wysy\u0142ka w ci\u0105gu 1-3 dni z <b data-path-to-node=\"28,3,0\" data-index-in-node=\"45\">Magazyn europejski<\/b> sprawia, \u017ce jest to najlepszy towarzysz na lato.<\/p>\n<\/li>\n<\/ul>\n<h3 data-path-to-node=\"2\"><span style=\"font-size: 16px;\">Oto dalsze zalecenia dla Ciebie:<\/span><\/h3>\n<p dir=\"auto\">Odkryj jeszcze wi\u0119cej niesamowitych smak\u00f3w dzi\u0119ki JNR Mega Box 25000 Puff Vape!<\/p>\n<p dir=\"auto\"><a href=\"https:\/\/vozolvapen.de\/pl\/product-category\/jnr-vape\/jnr-mega-box-25000-puff-vape\/28000-puffs\/\" target=\"_blank\" rel=\"noopener noreferrer nofollow\">Zobacz wszystkie odmiany tutaj \u2192<\/a><\/p>\n<p dir=\"auto\">Zapoznaj si\u0119 z nasz\u0105 pe\u0142n\u0105 kolekcj\u0105 i kupuj produkty najlepszych marek vape, kt\u00f3re pokochasz.<\/p>\n<p dir=\"auto\"><a href=\"https:\/\/vozolvapen.de\/pl\/\" target=\"_blank\" rel=\"noopener noreferrer nofollow\">Przegl\u0105daj teraz wszystkie marki \u2192<\/a><\/p>\n<p dir=\"auto\">Sprawd\u017a ca\u0142\u0105 seri\u0119 JNR Vape - ka\u017cdy smak, ka\u017cdy styl!<\/p>\n<p dir=\"auto\"><a href=\"https:\/\/vozolvapen.de\/pl\/product-category\/jnr-vape\/\" target=\"_blank\" rel=\"noopener noreferrer nofollow\">Zobacz pe\u0142n\u0105 kolekcj\u0119 JNR Vape \u2192<\/a><\/p>\n<h2 data-path-to-node=\"23,2,0\">JNR Mega box 25000 E Cigarette Puff - FAQ<\/h2>\n<h3 data-path-to-node=\"73,0,0\"><b data-path-to-node=\"73,0,0\" data-index-in-node=\"0\">Dlaczego JNR Mega Box 25000 r\u00f3\u017cni si\u0119 od innych waporyzator\u00f3w?<\/b><\/h3>\n<p data-path-to-node=\"73,0,0\">Posiada dwurdzeniowy system i podw\u00f3jne cewki siatkowe, zapewniaj\u0105c podw\u00f3jny smak i par\u0119 w por\u00f3wnaniu do standardowych jednorazowych papieros\u00f3w. Ponadto posiada unikalne \u0142adowanie z dwoma portami.<\/p>\n<h3 data-path-to-node=\"73,1,0\"><b data-path-to-node=\"73,1,0\" data-index-in-node=\"0\">Jak d\u0142ugo wystarcza 25 000 zaci\u0105gni\u0119\u0107?<\/b><\/h3>\n<p data-path-to-node=\"73,1,0\">Dla umiarkowanego wapera <b data-path-to-node=\"73,1,0\" data-index-in-node=\"57\">jnr mega box vape<\/b> mo\u017ce trwa\u0107 od 3 do 5 tygodni.<\/p>\n<h3 data-path-to-node=\"73,2,0\"><b data-path-to-node=\"73,2,0\" data-index-in-node=\"0\">Czy \u0142adowanie za pomoc\u0105 kabla Lightning jest bezpieczne?<\/b><\/h3>\n<p data-path-to-node=\"73,2,0\">Tak! The <b data-path-to-node=\"73,2,0\" data-index-in-node=\"54\">akumulator jnr<\/b> System zosta\u0142 zaprojektowany tak, aby by\u0142 kompatybilny zar\u00f3wno ze standardowymi kablami Apple Lightning, jak i kablami typu C.<\/p>","protected":false},"excerpt":{"rendered":"<p>Mi\u0119kki, soczysty i niesamowicie soczysty. Ten smak oddaje esencj\u0119 dojrza\u0142ej letniej brzoskwini, zapewniaj\u0105c g\u0142adkie i aksamitne uderzenie w gard\u0142o, zapewniaj\u0105c nieograniczone doznania.<\/p>","protected":false},"featured_media":63785,"comment_status":"open","ping_status":"closed","template":"","meta":{"_acf_changed":false},"product_brand":[],"product_cat":[94],"product_tag":[],"class_list":{"0":"post-63545","1":"product","2":"type-product","3":"status-publish","4":"has-post-thumbnail","6":"product_cat-jnr-mega-box-25000-puff-vape","8":"first","9":"instock","10":"shipping-taxable","11":"purchasable","12":"product-type-variable"},"acf":[],"yoast_head":"<!-- This site is optimized with the Yoast SEO Premium plugin v26.1 (Yoast SEO v27.5) - https:\/\/yoast.com\/product\/yoast-seo-premium-wordpress\/ -->\n<title>Summer Peaches JNR Mega Box 25000 | JNR Rechargeable - vozolvapen<\/title>\n<meta name=\"description\" content=\"Taste the sun with Summer Peaches JNR Mega Box 25000. 25,000 puffs of velvety peach nectar. 30ml E-Liquide JNR. 1-3 days EU delivery.\" \/>\n<meta name=\"robots\" content=\"index, follow, max-snippet:-1, max-image-preview:large, max-video-preview:-1\" \/>\n<link rel=\"canonical\" href=\"https:\/\/vozolvapen.de\/pl\/product\/jnr-mega-box-25000-e-cigarette-puff-summer-peaches\/\" \/>\n<meta property=\"og:locale\" content=\"pl_PL\" \/>\n<meta property=\"og:type\" content=\"article\" \/>\n<meta property=\"og:title\" content=\"JNR Mega box 25000 E Cigarette Puff - Summer Peaches\" \/>\n<meta property=\"og:description\" content=\"Taste the sun with Summer Peaches JNR Mega Box 25000. 25,000 puffs of velvety peach nectar. 30ml E-Liquide JNR. 1-3 days EU delivery.\" \/>\n<meta property=\"og:url\" content=\"https:\/\/vozolvapen.de\/pl\/product\/jnr-mega-box-25000-e-cigarette-puff-summer-peaches\/\" \/>\n<meta property=\"og:site_name\" content=\"vozolvapen\" \/>\n<meta property=\"article:modified_time\" content=\"2026-01-20T10:06:24+00:00\" \/>\n<meta property=\"og:image\" content=\"https:\/\/vozolvapen.de\/wp-content\/uploads\/2026\/01\/JNR-Mega-box-25000-summer-peaches-1.webp\" \/>\n\t<meta property=\"og:image:width\" content=\"800\" \/>\n\t<meta property=\"og:image:height\" content=\"800\" \/>\n\t<meta property=\"og:image:type\" content=\"image\/webp\" \/>\n<meta name=\"twitter:card\" content=\"summary_large_image\" \/>\n<meta name=\"twitter:label1\" content=\"Szacowany czas czytania\" \/>\n\t<meta name=\"twitter:data1\" content=\"2 minuty\" \/>\n<script type=\"application\/ld+json\" class=\"yoast-schema-graph\">{\"@context\":\"https:\\\/\\\/schema.org\",\"@graph\":[{\"@type\":\"WebPage\",\"@id\":\"https:\\\/\\\/vozolvapen.de\\\/product\\\/jnr-mega-box-25000-e-cigarette-puff-summer-peaches\\\/\",\"url\":\"https:\\\/\\\/vozolvapen.de\\\/product\\\/jnr-mega-box-25000-e-cigarette-puff-summer-peaches\\\/\",\"name\":\"Summer Peaches JNR Mega Box 25000 | JNR Rechargeable - vozolvapen\",\"isPartOf\":{\"@id\":\"https:\\\/\\\/vozolvapen.de\\\/#website\"},\"primaryImageOfPage\":{\"@id\":\"https:\\\/\\\/vozolvapen.de\\\/product\\\/jnr-mega-box-25000-e-cigarette-puff-summer-peaches\\\/#primaryimage\"},\"image\":{\"@id\":\"https:\\\/\\\/vozolvapen.de\\\/product\\\/jnr-mega-box-25000-e-cigarette-puff-summer-peaches\\\/#primaryimage\"},\"thumbnailUrl\":\"https:\\\/\\\/vozolvapen.de\\\/wp-content\\\/uploads\\\/2026\\\/01\\\/JNR-Mega-box-25000-summer-peaches-1.webp\",\"datePublished\":\"2026-01-20T09:04:27+00:00\",\"dateModified\":\"2026-01-20T10:06:24+00:00\",\"description\":\"Taste the sun with Summer Peaches JNR Mega Box 25000. 25,000 puffs of velvety peach nectar. 30ml E-Liquide JNR. 1-3 days EU delivery.\",\"breadcrumb\":{\"@id\":\"https:\\\/\\\/vozolvapen.de\\\/product\\\/jnr-mega-box-25000-e-cigarette-puff-summer-peaches\\\/#breadcrumb\"},\"inLanguage\":\"pl-PL\",\"potentialAction\":[{\"@type\":\"ReadAction\",\"target\":[\"https:\\\/\\\/vozolvapen.de\\\/product\\\/jnr-mega-box-25000-e-cigarette-puff-summer-peaches\\\/\"]}]},{\"@type\":\"ImageObject\",\"inLanguage\":\"pl-PL\",\"@id\":\"https:\\\/\\\/vozolvapen.de\\\/product\\\/jnr-mega-box-25000-e-cigarette-puff-summer-peaches\\\/#primaryimage\",\"url\":\"https:\\\/\\\/vozolvapen.de\\\/wp-content\\\/uploads\\\/2026\\\/01\\\/JNR-Mega-box-25000-summer-peaches-1.webp\",\"contentUrl\":\"https:\\\/\\\/vozolvapen.de\\\/wp-content\\\/uploads\\\/2026\\\/01\\\/JNR-Mega-box-25000-summer-peaches-1.webp\",\"width\":800,\"height\":800,\"caption\":\"JNR Mega box 25000 - summer-peaches\"},{\"@type\":\"BreadcrumbList\",\"@id\":\"https:\\\/\\\/vozolvapen.de\\\/product\\\/jnr-mega-box-25000-e-cigarette-puff-summer-peaches\\\/#breadcrumb\",\"itemListElement\":[{\"@type\":\"ListItem\",\"position\":1,\"name\":\"Home\",\"item\":\"https:\\\/\\\/vozolvapen.de\\\/de\\\/\"},{\"@type\":\"ListItem\",\"position\":2,\"name\":\"Shop\",\"item\":\"https:\\\/\\\/vozolvapen.de\\\/shop\\\/\"},{\"@type\":\"ListItem\",\"position\":3,\"name\":\"JNR Mega box 25000 E Cigarette Puff &#8211; Summer Peaches\"}]},{\"@type\":\"WebSite\",\"@id\":\"https:\\\/\\\/vozolvapen.de\\\/#website\",\"url\":\"https:\\\/\\\/vozolvapen.de\\\/\",\"name\":\"vozolvapen\",\"description\":\"vozolvapen\",\"publisher\":{\"@id\":\"https:\\\/\\\/vozolvapen.de\\\/#organization\"},\"potentialAction\":[{\"@type\":\"SearchAction\",\"target\":{\"@type\":\"EntryPoint\",\"urlTemplate\":\"https:\\\/\\\/vozolvapen.de\\\/?s={search_term_string}\"},\"query-input\":{\"@type\":\"PropertyValueSpecification\",\"valueRequired\":true,\"valueName\":\"search_term_string\"}}],\"inLanguage\":\"pl-PL\"},{\"@type\":\"Organization\",\"@id\":\"https:\\\/\\\/vozolvapen.de\\\/#organization\",\"name\":\"vozolvapen\",\"url\":\"https:\\\/\\\/vozolvapen.de\\\/\",\"logo\":{\"@type\":\"ImageObject\",\"inLanguage\":\"pl-PL\",\"@id\":\"https:\\\/\\\/vozolvapen.de\\\/#\\\/schema\\\/logo\\\/image\\\/\",\"url\":\"https:\\\/\\\/vozolvapen.de\\\/wp-content\\\/uploads\\\/2025\\\/12\\\/cropped-vozovapen-logo.webp\",\"contentUrl\":\"https:\\\/\\\/vozolvapen.de\\\/wp-content\\\/uploads\\\/2025\\\/12\\\/cropped-vozovapen-logo.webp\",\"width\":470,\"height\":110,\"caption\":\"vozolvapen\"},\"image\":{\"@id\":\"https:\\\/\\\/vozolvapen.de\\\/#\\\/schema\\\/logo\\\/image\\\/\"}}]}<\/script>\n<!-- \/ Yoast SEO Premium plugin. -->","yoast_head_json":{"title":"Summer Peaches JNR Mega Box 25000 | JNR Rechargeable - vozolvapen","description":"Zasmakuj s\u0142o\u0144ca z Summer Peaches JNR Mega Box 25000. 25 000 zaci\u0105gni\u0119\u0107 aksamitnym nektarem brzoskwiniowym. 30 ml E-Liquide JNR. Dostawa na terenie UE w ci\u0105gu 1-3 dni.","robots":{"index":"index","follow":"follow","max-snippet":"max-snippet:-1","max-image-preview":"max-image-preview:large","max-video-preview":"max-video-preview:-1"},"canonical":"https:\/\/vozolvapen.de\/pl\/product\/jnr-mega-box-25000-e-cigarette-puff-summer-peaches\/","og_locale":"pl_PL","og_type":"article","og_title":"JNR Mega box 25000 E Cigarette Puff - Summer Peaches","og_description":"Taste the sun with Summer Peaches JNR Mega Box 25000. 25,000 puffs of velvety peach nectar. 30ml E-Liquide JNR. 1-3 days EU delivery.","og_url":"https:\/\/vozolvapen.de\/pl\/product\/jnr-mega-box-25000-e-cigarette-puff-summer-peaches\/","og_site_name":"vozolvapen","article_modified_time":"2026-01-20T10:06:24+00:00","og_image":[{"width":800,"height":800,"url":"https:\/\/vozolvapen.de\/wp-content\/uploads\/2026\/01\/JNR-Mega-box-25000-summer-peaches-1.webp","type":"image\/webp"}],"twitter_card":"summary_large_image","twitter_misc":{"Szacowany czas czytania":"2 minuty"},"schema":{"@context":"https:\/\/schema.org","@graph":[{"@type":"WebPage","@id":"https:\/\/vozolvapen.de\/product\/jnr-mega-box-25000-e-cigarette-puff-summer-peaches\/","url":"https:\/\/vozolvapen.de\/product\/jnr-mega-box-25000-e-cigarette-puff-summer-peaches\/","name":"Summer Peaches JNR Mega Box 25000 | JNR Rechargeable - vozolvapen","isPartOf":{"@id":"https:\/\/vozolvapen.de\/#website"},"primaryImageOfPage":{"@id":"https:\/\/vozolvapen.de\/product\/jnr-mega-box-25000-e-cigarette-puff-summer-peaches\/#primaryimage"},"image":{"@id":"https:\/\/vozolvapen.de\/product\/jnr-mega-box-25000-e-cigarette-puff-summer-peaches\/#primaryimage"},"thumbnailUrl":"https:\/\/vozolvapen.de\/wp-content\/uploads\/2026\/01\/JNR-Mega-box-25000-summer-peaches-1.webp","datePublished":"2026-01-20T09:04:27+00:00","dateModified":"2026-01-20T10:06:24+00:00","description":"Zasmakuj s\u0142o\u0144ca z Summer Peaches JNR Mega Box 25000. 25 000 zaci\u0105gni\u0119\u0107 aksamitnym nektarem brzoskwiniowym. 30 ml E-Liquide JNR. Dostawa na terenie UE w ci\u0105gu 1-3 dni.","breadcrumb":{"@id":"https:\/\/vozolvapen.de\/product\/jnr-mega-box-25000-e-cigarette-puff-summer-peaches\/#breadcrumb"},"inLanguage":"pl-PL","potentialAction":[{"@type":"ReadAction","target":["https:\/\/vozolvapen.de\/product\/jnr-mega-box-25000-e-cigarette-puff-summer-peaches\/"]}]},{"@type":"ImageObject","inLanguage":"pl-PL","@id":"https:\/\/vozolvapen.de\/product\/jnr-mega-box-25000-e-cigarette-puff-summer-peaches\/#primaryimage","url":"https:\/\/vozolvapen.de\/wp-content\/uploads\/2026\/01\/JNR-Mega-box-25000-summer-peaches-1.webp","contentUrl":"https:\/\/vozolvapen.de\/wp-content\/uploads\/2026\/01\/JNR-Mega-box-25000-summer-peaches-1.webp","width":800,"height":800,"caption":"JNR Mega box 25000 - summer-peaches"},{"@type":"BreadcrumbList","@id":"https:\/\/vozolvapen.de\/product\/jnr-mega-box-25000-e-cigarette-puff-summer-peaches\/#breadcrumb","itemListElement":[{"@type":"ListItem","position":1,"name":"Home","item":"https:\/\/vozolvapen.de\/de\/"},{"@type":"ListItem","position":2,"name":"Shop","item":"https:\/\/vozolvapen.de\/shop\/"},{"@type":"ListItem","position":3,"name":"JNR Mega box 25000 E Cigarette Puff &#8211; Summer Peaches"}]},{"@type":"WebSite","@id":"https:\/\/vozolvapen.de\/#website","url":"https:\/\/vozolvapen.de\/","name":"vozolvapen","description":"vozolvapen","publisher":{"@id":"https:\/\/vozolvapen.de\/#organization"},"potentialAction":[{"@type":"SearchAction","target":{"@type":"EntryPoint","urlTemplate":"https:\/\/vozolvapen.de\/?s={search_term_string}"},"query-input":{"@type":"PropertyValueSpecification","valueRequired":true,"valueName":"search_term_string"}}],"inLanguage":"pl-PL"},{"@type":"Organization","@id":"https:\/\/vozolvapen.de\/#organization","name":"vozolvapen","url":"https:\/\/vozolvapen.de\/","logo":{"@type":"ImageObject","inLanguage":"pl-PL","@id":"https:\/\/vozolvapen.de\/#\/schema\/logo\/image\/","url":"https:\/\/vozolvapen.de\/wp-content\/uploads\/2025\/12\/cropped-vozovapen-logo.webp","contentUrl":"https:\/\/vozolvapen.de\/wp-content\/uploads\/2025\/12\/cropped-vozovapen-logo.webp","width":470,"height":110,"caption":"vozolvapen"},"image":{"@id":"https:\/\/vozolvapen.de\/#\/schema\/logo\/image\/"}}]}},"tiered_pricing_type":"fixed","tiered_pricing_fixed_rules":{"30":"12.6","50":"10.1","100":"9.6","200":"8.6"},"tiered_pricing_product_settings":{"layout":"default","base_unit_name":{"singular":null,"plural":null},"default_variation":null},"tiered_pricing_minimum_quantity":10,"tiered_pricing_roles_data":[],"tiered_pricing_percentage_rules":[],"tiered_pricing_maximum_quantity":null,"tiered_pricing_quantity_step":"10","_links":{"self":[{"href":"http:\/\/vozolvapen.de\/pl\/wp-json\/wp\/v2\/product\/63545","targetHints":{"allow":["GET"]}}],"collection":[{"href":"http:\/\/vozolvapen.de\/pl\/wp-json\/wp\/v2\/product"}],"about":[{"href":"http:\/\/vozolvapen.de\/pl\/wp-json\/wp\/v2\/types\/product"}],"replies":[{"embeddable":true,"href":"http:\/\/vozolvapen.de\/pl\/wp-json\/wp\/v2\/comments?post=63545"}],"wp:featuredmedia":[{"embeddable":true,"href":"http:\/\/vozolvapen.de\/pl\/wp-json\/wp\/v2\/media\/63785"}],"wp:attachment":[{"href":"http:\/\/vozolvapen.de\/pl\/wp-json\/wp\/v2\/media?parent=63545"}],"wp:term":[{"taxonomy":"product_brand","embeddable":true,"href":"http:\/\/vozolvapen.de\/pl\/wp-json\/wp\/v2\/product_brand?post=63545"},{"taxonomy":"product_cat","embeddable":true,"href":"http:\/\/vozolvapen.de\/pl\/wp-json\/wp\/v2\/product_cat?post=63545"},{"taxonomy":"product_tag","embeddable":true,"href":"http:\/\/vozolvapen.de\/pl\/wp-json\/wp\/v2\/product_tag?post=63545"}],"curies":[{"name":"wp","href":"https:\/\/api.w.org\/{rel}","templated":true}]}}