{"id":63655,"date":"2026-01-20T09:04:32","date_gmt":"2026-01-20T09:04:32","guid":{"rendered":"https:\/\/vozolvapen.de\/?post_type=product&#038;p=63655"},"modified":"2026-01-20T10:06:33","modified_gmt":"2026-01-20T10:06:33","slug":"jnr-mega-box-25000-e-cigarette-puff-love-66","status":"publish","type":"product","link":"http:\/\/vozolvapen.de\/pl\/product\/jnr-mega-box-25000-e-cigarette-puff-love-66\/","title":{"rendered":"JNR Mega box 25000 E-papieros\u00f3w Puff - Love 66"},"content":{"rendered":"<h1 data-path-to-node=\"2\">JNR Mega box 25000 E-papieros\u00f3w Puff - Love 66<\/h1>\n<p data-path-to-node=\"40\">Znany na ca\u0142ym \u015bwiecie smak fajki wodnej jest teraz dost\u0119pny w <b data-path-to-node=\"40\" data-index-in-node=\"55\">JNR Mega Box 25000<\/b>. Arbuz, melon miodowy i mi\u0119ta tworz\u0105 aromatyczne arcydzie\u0142o.<\/p>\n<h2 data-path-to-node=\"41\"><b data-path-to-node=\"41\" data-index-in-node=\"0\">Dlaczego warto wybra\u0107 Love 66?<\/b><\/h2>\n<p data-path-to-node=\"41\">Love 66 to najlepszy wyb\u00f3r dla <b data-path-to-node=\"41\" data-index-in-node=\"45\">Papieros JNR<\/b> osoby w okresie przej\u015bciowym, kt\u00f3re poszukuj\u0105 kwiatowych, ch\u0142odz\u0105cych i owocowych dozna\u0144. Jego <b data-path-to-node=\"41\" data-index-in-node=\"128\">Pojemno\u015b\u0107 30 ml<\/b> zapewnia, \u017ce mo\u017cesz cieszy\u0107 si\u0119 tym legendarnym <b data-path-to-node=\"41\" data-index-in-node=\"179\">E Liquide JNR<\/b> miesza\u0107 tygodniami bez wymiany.<\/p>\n<h2 data-path-to-node=\"4\">JNR Mega box 25000 - Love 66 <b data-path-to-node=\"142\" data-index-in-node=\"0\">Specyfikacja<\/b><\/h2>\n<table data-path-to-node=\"28\">\n<thead>\n<tr>\n<td><strong>Parametr<\/strong><\/td>\n<td><strong>Specyfikacja<\/strong><\/td>\n<td><strong>Najwa\u017cniejsze informacje o SEO<\/strong><\/td>\n<\/tr>\n<\/thead>\n<tbody>\n<tr>\n<td><span data-path-to-node=\"28,1,0,0\"><b data-path-to-node=\"28,1,0,0\" data-index-in-node=\"0\">Puff Count<\/b><\/span><\/td>\n<td><span data-path-to-node=\"28,1,1,0\">25,000 Puffs<\/span><\/td>\n<td><span data-path-to-node=\"28,1,2,0\">Ikoniczny <b data-path-to-node=\"28,1,2,0\" data-index-in-node=\"7\">Puff JNR 25k<\/b> smak shishy<\/span><\/td>\n<\/tr>\n<tr>\n<td><span data-path-to-node=\"28,2,0,0\"><b data-path-to-node=\"28,2,0,0\" data-index-in-node=\"0\">Profil smakowy<\/b><\/span><\/td>\n<td><span data-path-to-node=\"28,2,1,0\">Arbuz, melon, mi\u0119ta<\/span><\/td>\n<td><span data-path-to-node=\"28,2,2,0\">Od\u015bwie\u017canie <b data-path-to-node=\"28,2,2,0\" data-index-in-node=\"11\">Papieros JNR<\/b> ch\u0142odzenie<\/span><\/td>\n<\/tr>\n<tr>\n<td><span data-path-to-node=\"28,3,0,0\"><b data-path-to-node=\"28,3,0,0\" data-index-in-node=\"0\">S\u0142odycz \/ L\u00f3d<\/b><\/span><\/td>\n<td><span data-path-to-node=\"28,3,1,0\">\u2605\u2605\u2605\u2605\u2606 \/ \u2605\u2605\u2605\u2605\u2606<\/span><\/td>\n<td><span data-path-to-node=\"28,3,2,0\">Najwy\u017cej oceniane <b data-path-to-node=\"28,3,2,0\" data-index-in-node=\"10\">E Liquide JNR<\/b> aromat<\/span><\/td>\n<\/tr>\n<tr>\n<td><span data-path-to-node=\"28,4,0,0\"><b data-path-to-node=\"28,4,0,0\" data-index-in-node=\"0\">Pojemno\u015b\u0107<\/b><\/span><\/td>\n<td><span data-path-to-node=\"28,4,1,0\">P\u0142yn wype\u0142niaj\u0105cy 30 ml<\/span><\/td>\n<td><span data-path-to-node=\"28,4,2,0\">Limitless <b data-path-to-node=\"28,4,2,0\" data-index-in-node=\"10\">Puff JNR Mega Box<\/b> u\u017cycie<\/span><\/td>\n<\/tr>\n<tr>\n<td><span data-path-to-node=\"28,5,0,0\"><b data-path-to-node=\"28,5,0,0\" data-index-in-node=\"0\">Typ cewki<\/b><\/span><\/td>\n<td><span data-path-to-node=\"28,5,1,0\">1,0\u03a9 Rezystancja<\/span><\/td>\n<td><span data-path-to-node=\"28,5,2,0\">Mistrz <b data-path-to-node=\"28,5,2,0\" data-index-in-node=\"10\">Czysty smak<\/b><\/span><\/td>\n<\/tr>\n<\/tbody>\n<\/table>\n<h2 data-path-to-node=\"34\"><b data-path-to-node=\"34\" data-index-in-node=\"0\">Love 66 w te\u015bcie: Legendarny aromat \u0142\u0105czy si\u0119 z technologi\u0105<\/b><\/h2>\n<p data-path-to-node=\"35\">The <b data-path-to-node=\"35\" data-index-in-node=\"4\">JNR Mega Box 25000<\/b> z <b data-path-to-node=\"35\" data-index-in-node=\"28\">Love 66<\/b> imponuje:<\/p>\n<ul data-path-to-node=\"36\">\n<li>\n<p data-path-to-node=\"36,0,0\"><b data-path-to-node=\"36,0,0\" data-index-in-node=\"0\">Iconic Melon &amp; Mint Mix:<\/b> S\u0142ynne na ca\u0142ym \u015bwiecie po\u0142\u0105czenie spadzi, arbuza i mi\u0119ty dostarczane z <b data-path-to-node=\"36,0,0\" data-index-in-node=\"95\">Czysty smak<\/b>.<\/p>\n<\/li>\n<li>\n<p data-path-to-node=\"36,1,0\"><b data-path-to-node=\"36,1,0\" data-index-in-node=\"0\">Sta\u0142y przep\u0142yw energii:<\/b> The <b data-path-to-node=\"36,1,0\" data-index-in-node=\"24\">Akumulator 850 mAh<\/b> Zapewnia sta\u0142e napi\u0119cie cewek, dzi\u0119ki czemu mi\u0119towy wydech jest zawsze wyra\u017any.<\/p>\n<\/li>\n<li>\n<p data-path-to-node=\"36,2,0\"><b data-path-to-node=\"36,2,0\" data-index-in-node=\"0\">Wysoka wydajno\u015b\u0107:<\/b> Jeden <b data-path-to-node=\"36,2,0\" data-index-in-node=\"25\">Puff JNR Mega Box<\/b> Zast\u0119puje do 10 standardowych waporyzator\u00f3w, oferuj\u0105c niezr\u00f3wnan\u0105 wygod\u0119 i oszcz\u0119dno\u015b\u0107 koszt\u00f3w.<\/p>\n<\/li>\n<li>\n<p data-path-to-node=\"36,3,0\"><b data-path-to-node=\"36,3,0\" data-index-in-node=\"0\">B\u0142yskawiczna dostawa:<\/b> Zam\u00f3w ju\u017c dzi\u015b i otrzymaj <b data-path-to-node=\"36,3,0\" data-index-in-node=\"45\">E-Liquide JNR<\/b> Naprawa w ci\u0105gu 1-3 dni dzi\u0119ki naszemu magazynowi w UE.<\/p>\n<\/li>\n<\/ul>\n<h3 data-path-to-node=\"2\"><span style=\"font-size: 16px;\">Oto dalsze zalecenia dla Ciebie:<\/span><\/h3>\n<p dir=\"auto\">Odkryj jeszcze wi\u0119cej niesamowitych smak\u00f3w dzi\u0119ki JNR Mega Box 25000 Puff Vape!<\/p>\n<p dir=\"auto\"><a href=\"https:\/\/vozolvapen.de\/pl\/product-category\/jnr-vape\/jnr-mega-box-25000-puff-vape\/28000-puffs\/\" target=\"_blank\" rel=\"noopener noreferrer nofollow\">Zobacz wszystkie odmiany tutaj \u2192<\/a><\/p>\n<p dir=\"auto\">Zapoznaj si\u0119 z nasz\u0105 pe\u0142n\u0105 kolekcj\u0105 i kupuj produkty najlepszych marek vape, kt\u00f3re pokochasz.<\/p>\n<p dir=\"auto\"><a href=\"https:\/\/vozolvapen.de\/pl\/\" target=\"_blank\" rel=\"noopener noreferrer nofollow\">Przegl\u0105daj teraz wszystkie marki \u2192<\/a><\/p>\n<p dir=\"auto\">Sprawd\u017a ca\u0142\u0105 seri\u0119 JNR Vape - ka\u017cdy smak, ka\u017cdy styl!<\/p>\n<p dir=\"auto\"><a href=\"https:\/\/vozolvapen.de\/pl\/product-category\/jnr-vape\/\" target=\"_blank\" rel=\"noopener noreferrer nofollow\">Zobacz pe\u0142n\u0105 kolekcj\u0119 JNR Vape \u2192<\/a><\/p>\n<h2 data-path-to-node=\"23,2,0\">JNR Mega box 25000 E Cigarette Puff - FAQ<\/h2>\n<h3 data-path-to-node=\"73,0,0\"><b data-path-to-node=\"73,0,0\" data-index-in-node=\"0\">Dlaczego JNR Mega Box 25000 r\u00f3\u017cni si\u0119 od innych waporyzator\u00f3w?<\/b><\/h3>\n<p data-path-to-node=\"73,0,0\">Posiada dwurdzeniowy system i podw\u00f3jne cewki siatkowe, zapewniaj\u0105c podw\u00f3jny smak i par\u0119 w por\u00f3wnaniu do standardowych jednorazowych papieros\u00f3w. Ponadto posiada unikalne \u0142adowanie z dwoma portami.<\/p>\n<h3 data-path-to-node=\"73,1,0\"><b data-path-to-node=\"73,1,0\" data-index-in-node=\"0\">Jak d\u0142ugo wystarcza 25 000 zaci\u0105gni\u0119\u0107?<\/b><\/h3>\n<p data-path-to-node=\"73,1,0\">Dla umiarkowanego wapera <b data-path-to-node=\"73,1,0\" data-index-in-node=\"57\">jnr mega box vape<\/b> mo\u017ce trwa\u0107 od 3 do 5 tygodni.<\/p>\n<h3 data-path-to-node=\"73,2,0\"><b data-path-to-node=\"73,2,0\" data-index-in-node=\"0\">Czy \u0142adowanie za pomoc\u0105 kabla Lightning jest bezpieczne?<\/b><\/h3>\n<p data-path-to-node=\"73,2,0\">Tak! The <b data-path-to-node=\"73,2,0\" data-index-in-node=\"54\">akumulator jnr<\/b> System zosta\u0142 zaprojektowany tak, aby by\u0142 kompatybilny zar\u00f3wno ze standardowymi kablami Apple Lightning, jak i kablami typu C.<\/p>","protected":false},"excerpt":{"rendered":"<p>Legendarny smak fajki wodnej w nowej ods\u0142onie. Po\u0142\u0105czenie nawil\u017caj\u0105cego arbuza, kwiatowego miodu spadziowego i krystalicznej mi\u0119ty zapewnia 25 000 zaci\u0105gni\u0119\u0107 czystego smaku.<\/p>","protected":false},"featured_media":63846,"comment_status":"open","ping_status":"closed","template":"","meta":{"_acf_changed":false},"product_brand":[],"product_cat":[94],"product_tag":[],"class_list":{"0":"post-63655","1":"product","2":"type-product","3":"status-publish","4":"has-post-thumbnail","6":"product_cat-jnr-mega-box-25000-puff-vape","8":"first","9":"instock","10":"shipping-taxable","11":"purchasable","12":"product-type-variable"},"acf":[],"yoast_head":"<!-- This site is optimized with the Yoast SEO Premium plugin v26.1 (Yoast SEO v27.5) - https:\/\/yoast.com\/product\/yoast-seo-premium-wordpress\/ -->\n<title>Love 66 JNR Mega Box 25000 | Iconic Cigarette JNR - vozolvapen<\/title>\n<meta name=\"description\" content=\"Shop the famous Love 66 JNR Mega Box 25000. Watermelon, melon, and mint fusion. 25,000 puffs of pure JNR Vape bliss. Stocked in EU.\" \/>\n<meta name=\"robots\" content=\"index, follow, max-snippet:-1, max-image-preview:large, max-video-preview:-1\" \/>\n<link rel=\"canonical\" href=\"https:\/\/vozolvapen.de\/pl\/product\/jnr-mega-box-25000-e-cigarette-puff-love-66\/\" \/>\n<meta property=\"og:locale\" content=\"pl_PL\" \/>\n<meta property=\"og:type\" content=\"article\" \/>\n<meta property=\"og:title\" content=\"JNR Mega box 25000 E Cigarette Puff - Love 66\" \/>\n<meta property=\"og:description\" content=\"Shop the famous Love 66 JNR Mega Box 25000. Watermelon, melon, and mint fusion. 25,000 puffs of pure JNR Vape bliss. Stocked in EU.\" \/>\n<meta property=\"og:url\" content=\"https:\/\/vozolvapen.de\/pl\/product\/jnr-mega-box-25000-e-cigarette-puff-love-66\/\" \/>\n<meta property=\"og:site_name\" content=\"vozolvapen\" \/>\n<meta property=\"article:modified_time\" content=\"2026-01-20T10:06:33+00:00\" \/>\n<meta property=\"og:image\" content=\"https:\/\/vozolvapen.de\/wp-content\/uploads\/2026\/01\/JNR-Mega-box-25000-love-66-1.webp\" \/>\n\t<meta property=\"og:image:width\" content=\"800\" \/>\n\t<meta property=\"og:image:height\" content=\"800\" \/>\n\t<meta property=\"og:image:type\" content=\"image\/webp\" \/>\n<meta name=\"twitter:card\" content=\"summary_large_image\" \/>\n<meta name=\"twitter:label1\" content=\"Szacowany czas czytania\" \/>\n\t<meta name=\"twitter:data1\" content=\"2 minuty\" \/>\n<script type=\"application\/ld+json\" class=\"yoast-schema-graph\">{\"@context\":\"https:\\\/\\\/schema.org\",\"@graph\":[{\"@type\":\"WebPage\",\"@id\":\"https:\\\/\\\/vozolvapen.de\\\/product\\\/jnr-mega-box-25000-e-cigarette-puff-love-66\\\/\",\"url\":\"https:\\\/\\\/vozolvapen.de\\\/product\\\/jnr-mega-box-25000-e-cigarette-puff-love-66\\\/\",\"name\":\"Love 66 JNR Mega Box 25000 | Iconic Cigarette JNR - vozolvapen\",\"isPartOf\":{\"@id\":\"https:\\\/\\\/vozolvapen.de\\\/#website\"},\"primaryImageOfPage\":{\"@id\":\"https:\\\/\\\/vozolvapen.de\\\/product\\\/jnr-mega-box-25000-e-cigarette-puff-love-66\\\/#primaryimage\"},\"image\":{\"@id\":\"https:\\\/\\\/vozolvapen.de\\\/product\\\/jnr-mega-box-25000-e-cigarette-puff-love-66\\\/#primaryimage\"},\"thumbnailUrl\":\"https:\\\/\\\/vozolvapen.de\\\/wp-content\\\/uploads\\\/2026\\\/01\\\/JNR-Mega-box-25000-love-66-1.webp\",\"datePublished\":\"2026-01-20T09:04:32+00:00\",\"dateModified\":\"2026-01-20T10:06:33+00:00\",\"description\":\"Shop the famous Love 66 JNR Mega Box 25000. Watermelon, melon, and mint fusion. 25,000 puffs of pure JNR Vape bliss. Stocked in EU.\",\"breadcrumb\":{\"@id\":\"https:\\\/\\\/vozolvapen.de\\\/product\\\/jnr-mega-box-25000-e-cigarette-puff-love-66\\\/#breadcrumb\"},\"inLanguage\":\"pl-PL\",\"potentialAction\":[{\"@type\":\"ReadAction\",\"target\":[\"https:\\\/\\\/vozolvapen.de\\\/product\\\/jnr-mega-box-25000-e-cigarette-puff-love-66\\\/\"]}]},{\"@type\":\"ImageObject\",\"inLanguage\":\"pl-PL\",\"@id\":\"https:\\\/\\\/vozolvapen.de\\\/product\\\/jnr-mega-box-25000-e-cigarette-puff-love-66\\\/#primaryimage\",\"url\":\"https:\\\/\\\/vozolvapen.de\\\/wp-content\\\/uploads\\\/2026\\\/01\\\/JNR-Mega-box-25000-love-66-1.webp\",\"contentUrl\":\"https:\\\/\\\/vozolvapen.de\\\/wp-content\\\/uploads\\\/2026\\\/01\\\/JNR-Mega-box-25000-love-66-1.webp\",\"width\":800,\"height\":800,\"caption\":\"JNR Mega box 25000 - love-66\"},{\"@type\":\"BreadcrumbList\",\"@id\":\"https:\\\/\\\/vozolvapen.de\\\/product\\\/jnr-mega-box-25000-e-cigarette-puff-love-66\\\/#breadcrumb\",\"itemListElement\":[{\"@type\":\"ListItem\",\"position\":1,\"name\":\"Home\",\"item\":\"https:\\\/\\\/vozolvapen.de\\\/de\\\/\"},{\"@type\":\"ListItem\",\"position\":2,\"name\":\"Shop\",\"item\":\"https:\\\/\\\/vozolvapen.de\\\/shop\\\/\"},{\"@type\":\"ListItem\",\"position\":3,\"name\":\"JNR Mega box 25000 E Cigarette Puff &#8211; Love 66\"}]},{\"@type\":\"WebSite\",\"@id\":\"https:\\\/\\\/vozolvapen.de\\\/#website\",\"url\":\"https:\\\/\\\/vozolvapen.de\\\/\",\"name\":\"vozolvapen\",\"description\":\"vozolvapen\",\"publisher\":{\"@id\":\"https:\\\/\\\/vozolvapen.de\\\/#organization\"},\"potentialAction\":[{\"@type\":\"SearchAction\",\"target\":{\"@type\":\"EntryPoint\",\"urlTemplate\":\"https:\\\/\\\/vozolvapen.de\\\/?s={search_term_string}\"},\"query-input\":{\"@type\":\"PropertyValueSpecification\",\"valueRequired\":true,\"valueName\":\"search_term_string\"}}],\"inLanguage\":\"pl-PL\"},{\"@type\":\"Organization\",\"@id\":\"https:\\\/\\\/vozolvapen.de\\\/#organization\",\"name\":\"vozolvapen\",\"url\":\"https:\\\/\\\/vozolvapen.de\\\/\",\"logo\":{\"@type\":\"ImageObject\",\"inLanguage\":\"pl-PL\",\"@id\":\"https:\\\/\\\/vozolvapen.de\\\/#\\\/schema\\\/logo\\\/image\\\/\",\"url\":\"https:\\\/\\\/vozolvapen.de\\\/wp-content\\\/uploads\\\/2025\\\/12\\\/cropped-vozovapen-logo.webp\",\"contentUrl\":\"https:\\\/\\\/vozolvapen.de\\\/wp-content\\\/uploads\\\/2025\\\/12\\\/cropped-vozovapen-logo.webp\",\"width\":470,\"height\":110,\"caption\":\"vozolvapen\"},\"image\":{\"@id\":\"https:\\\/\\\/vozolvapen.de\\\/#\\\/schema\\\/logo\\\/image\\\/\"}}]}<\/script>\n<!-- \/ Yoast SEO Premium plugin. -->","yoast_head_json":{"title":"Love 66 JNR Mega Box 25000 | Iconic Cigarette JNR - vozolvapen","description":"Kup s\u0142ynny Love 66 JNR Mega Box 25000. Po\u0142\u0105czenie arbuza, melona i mi\u0119ty. 25 000 zaci\u0105gni\u0119\u0107 czystej rozkoszy JNR Vape. Dost\u0119pny w UE.","robots":{"index":"index","follow":"follow","max-snippet":"max-snippet:-1","max-image-preview":"max-image-preview:large","max-video-preview":"max-video-preview:-1"},"canonical":"https:\/\/vozolvapen.de\/pl\/product\/jnr-mega-box-25000-e-cigarette-puff-love-66\/","og_locale":"pl_PL","og_type":"article","og_title":"JNR Mega box 25000 E Cigarette Puff - Love 66","og_description":"Shop the famous Love 66 JNR Mega Box 25000. Watermelon, melon, and mint fusion. 25,000 puffs of pure JNR Vape bliss. Stocked in EU.","og_url":"https:\/\/vozolvapen.de\/pl\/product\/jnr-mega-box-25000-e-cigarette-puff-love-66\/","og_site_name":"vozolvapen","article_modified_time":"2026-01-20T10:06:33+00:00","og_image":[{"width":800,"height":800,"url":"https:\/\/vozolvapen.de\/wp-content\/uploads\/2026\/01\/JNR-Mega-box-25000-love-66-1.webp","type":"image\/webp"}],"twitter_card":"summary_large_image","twitter_misc":{"Szacowany czas czytania":"2 minuty"},"schema":{"@context":"https:\/\/schema.org","@graph":[{"@type":"WebPage","@id":"https:\/\/vozolvapen.de\/product\/jnr-mega-box-25000-e-cigarette-puff-love-66\/","url":"https:\/\/vozolvapen.de\/product\/jnr-mega-box-25000-e-cigarette-puff-love-66\/","name":"Love 66 JNR Mega Box 25000 | Iconic Cigarette JNR - vozolvapen","isPartOf":{"@id":"https:\/\/vozolvapen.de\/#website"},"primaryImageOfPage":{"@id":"https:\/\/vozolvapen.de\/product\/jnr-mega-box-25000-e-cigarette-puff-love-66\/#primaryimage"},"image":{"@id":"https:\/\/vozolvapen.de\/product\/jnr-mega-box-25000-e-cigarette-puff-love-66\/#primaryimage"},"thumbnailUrl":"https:\/\/vozolvapen.de\/wp-content\/uploads\/2026\/01\/JNR-Mega-box-25000-love-66-1.webp","datePublished":"2026-01-20T09:04:32+00:00","dateModified":"2026-01-20T10:06:33+00:00","description":"Kup s\u0142ynny Love 66 JNR Mega Box 25000. Po\u0142\u0105czenie arbuza, melona i mi\u0119ty. 25 000 zaci\u0105gni\u0119\u0107 czystej rozkoszy JNR Vape. Dost\u0119pny w UE.","breadcrumb":{"@id":"https:\/\/vozolvapen.de\/product\/jnr-mega-box-25000-e-cigarette-puff-love-66\/#breadcrumb"},"inLanguage":"pl-PL","potentialAction":[{"@type":"ReadAction","target":["https:\/\/vozolvapen.de\/product\/jnr-mega-box-25000-e-cigarette-puff-love-66\/"]}]},{"@type":"ImageObject","inLanguage":"pl-PL","@id":"https:\/\/vozolvapen.de\/product\/jnr-mega-box-25000-e-cigarette-puff-love-66\/#primaryimage","url":"https:\/\/vozolvapen.de\/wp-content\/uploads\/2026\/01\/JNR-Mega-box-25000-love-66-1.webp","contentUrl":"https:\/\/vozolvapen.de\/wp-content\/uploads\/2026\/01\/JNR-Mega-box-25000-love-66-1.webp","width":800,"height":800,"caption":"JNR Mega box 25000 - love-66"},{"@type":"BreadcrumbList","@id":"https:\/\/vozolvapen.de\/product\/jnr-mega-box-25000-e-cigarette-puff-love-66\/#breadcrumb","itemListElement":[{"@type":"ListItem","position":1,"name":"Home","item":"https:\/\/vozolvapen.de\/de\/"},{"@type":"ListItem","position":2,"name":"Shop","item":"https:\/\/vozolvapen.de\/shop\/"},{"@type":"ListItem","position":3,"name":"JNR Mega box 25000 E Cigarette Puff &#8211; Love 66"}]},{"@type":"WebSite","@id":"https:\/\/vozolvapen.de\/#website","url":"https:\/\/vozolvapen.de\/","name":"vozolvapen","description":"vozolvapen","publisher":{"@id":"https:\/\/vozolvapen.de\/#organization"},"potentialAction":[{"@type":"SearchAction","target":{"@type":"EntryPoint","urlTemplate":"https:\/\/vozolvapen.de\/?s={search_term_string}"},"query-input":{"@type":"PropertyValueSpecification","valueRequired":true,"valueName":"search_term_string"}}],"inLanguage":"pl-PL"},{"@type":"Organization","@id":"https:\/\/vozolvapen.de\/#organization","name":"vozolvapen","url":"https:\/\/vozolvapen.de\/","logo":{"@type":"ImageObject","inLanguage":"pl-PL","@id":"https:\/\/vozolvapen.de\/#\/schema\/logo\/image\/","url":"https:\/\/vozolvapen.de\/wp-content\/uploads\/2025\/12\/cropped-vozovapen-logo.webp","contentUrl":"https:\/\/vozolvapen.de\/wp-content\/uploads\/2025\/12\/cropped-vozovapen-logo.webp","width":470,"height":110,"caption":"vozolvapen"},"image":{"@id":"https:\/\/vozolvapen.de\/#\/schema\/logo\/image\/"}}]}},"tiered_pricing_type":"fixed","tiered_pricing_fixed_rules":{"30":"12.6","50":"10.1","100":"9.6","200":"8.6"},"tiered_pricing_product_settings":{"layout":"default","base_unit_name":{"singular":null,"plural":null},"default_variation":null},"tiered_pricing_minimum_quantity":10,"tiered_pricing_roles_data":[],"tiered_pricing_percentage_rules":[],"tiered_pricing_maximum_quantity":null,"tiered_pricing_quantity_step":"10","_links":{"self":[{"href":"http:\/\/vozolvapen.de\/pl\/wp-json\/wp\/v2\/product\/63655","targetHints":{"allow":["GET"]}}],"collection":[{"href":"http:\/\/vozolvapen.de\/pl\/wp-json\/wp\/v2\/product"}],"about":[{"href":"http:\/\/vozolvapen.de\/pl\/wp-json\/wp\/v2\/types\/product"}],"replies":[{"embeddable":true,"href":"http:\/\/vozolvapen.de\/pl\/wp-json\/wp\/v2\/comments?post=63655"}],"wp:featuredmedia":[{"embeddable":true,"href":"http:\/\/vozolvapen.de\/pl\/wp-json\/wp\/v2\/media\/63846"}],"wp:attachment":[{"href":"http:\/\/vozolvapen.de\/pl\/wp-json\/wp\/v2\/media?parent=63655"}],"wp:term":[{"taxonomy":"product_brand","embeddable":true,"href":"http:\/\/vozolvapen.de\/pl\/wp-json\/wp\/v2\/product_brand?post=63655"},{"taxonomy":"product_cat","embeddable":true,"href":"http:\/\/vozolvapen.de\/pl\/wp-json\/wp\/v2\/product_cat?post=63655"},{"taxonomy":"product_tag","embeddable":true,"href":"http:\/\/vozolvapen.de\/pl\/wp-json\/wp\/v2\/product_tag?post=63655"}],"curies":[{"name":"wp","href":"https:\/\/api.w.org\/{rel}","templated":true}]}}