{"id":63710,"date":"2026-01-20T09:04:35","date_gmt":"2026-01-20T09:04:35","guid":{"rendered":"https:\/\/vozolvapen.de\/?post_type=product&#038;p=63710"},"modified":"2026-01-20T10:06:35","modified_gmt":"2026-01-20T10:06:35","slug":"jnr-mega-box-25000-e-cigarette-puff-lady-killa","status":"publish","type":"product","link":"http:\/\/vozolvapen.de\/pl\/product\/jnr-mega-box-25000-e-cigarette-puff-lady-killa\/","title":{"rendered":"JNR Mega box 25000 E Cigarette Puff - Lady Killa"},"content":{"rendered":"<h1 data-path-to-node=\"2\">JNR Mega box 25000 E Cigarette Puff - Lady Killa<\/h1>\n<p data-path-to-node=\"44\">Odwa\u017cna, uderzaj\u0105ca tropikalna eksplozja. <b data-path-to-node=\"44\" data-index-in-node=\"40\">Lady Killa JNR Mega Box 25000<\/b> \u0142\u0105czy mango, melona i jagody z mro\u017anym wydechem.<\/p>\n<h2 data-path-to-node=\"45\"><b data-path-to-node=\"45\" data-index-in-node=\"0\">Dlaczego warto wybra\u0107 Lady Killa?<\/b><\/h2>\n<p data-path-to-node=\"45\">Zaprojektowany, aby \u201cuwolni\u0107 intensywn\u0105 satysfakcj\u0119\u201d, ten <b data-path-to-node=\"45\" data-index-in-node=\"72\">Puff JNR 25k<\/b> u\u017cywa swojego <b data-path-to-node=\"45\" data-index-in-node=\"94\">Cewka z podw\u00f3jn\u0105 siatk\u0105<\/b> aby zapewni\u0107 g\u0119ste, aromatyczne chmury. Jest to dominuj\u0105ca si\u0142a w <b data-path-to-node=\"45\" data-index-in-node=\"175\">Puff JNR Mega Box<\/b> Kolekcja dla tych, kt\u00f3rzy lubi\u0105 ci\u0119\u017ckie mieszanki owocowe.<\/p>\n<h2 data-path-to-node=\"4\">JNR Mega box 25000 - Lady Killa <b data-path-to-node=\"142\" data-index-in-node=\"0\">Specyfikacja<\/b><\/h2>\n<table data-path-to-node=\"31\">\n<thead>\n<tr>\n<td><strong>Parametr<\/strong><\/td>\n<td><strong>Specyfikacja<\/strong><\/td>\n<td><strong>Najwa\u017cniejsze informacje o SEO<\/strong><\/td>\n<\/tr>\n<\/thead>\n<tbody>\n<tr>\n<td><span data-path-to-node=\"31,1,0,0\"><b data-path-to-node=\"31,1,0,0\" data-index-in-node=\"0\">Puff Count<\/b><\/span><\/td>\n<td><span data-path-to-node=\"31,1,1,0\">Do 25 000 zaci\u0105gni\u0119\u0107<\/span><\/td>\n<td><span data-path-to-node=\"31,1,2,0\">Pogrubienie <b data-path-to-node=\"31,1,2,0\" data-index-in-node=\"5\">JNR Mega Box Vape<\/b> moc<\/span><\/td>\n<\/tr>\n<tr>\n<td><span data-path-to-node=\"31,2,0,0\"><b data-path-to-node=\"31,2,0,0\" data-index-in-node=\"0\">Profil smakowy<\/b><\/span><\/td>\n<td><span data-path-to-node=\"31,2,1,0\">Mango, melon, jagody<\/span><\/td>\n<td><span data-path-to-node=\"31,2,2,0\">Wieloowocowy <b data-path-to-node=\"31,2,2,0\" data-index-in-node=\"12\">Intensywna satysfakcja<\/b><\/span><\/td>\n<\/tr>\n<tr>\n<td><span data-path-to-node=\"31,3,0,0\"><b data-path-to-node=\"31,3,0,0\" data-index-in-node=\"0\">S\u0142odycz \/ L\u00f3d<\/b><\/span><\/td>\n<td><span data-path-to-node=\"31,3,1,0\">\u2605\u2605\u2605\u2605\u2605 \/ \u2605\u2605\u2605\u2606\u2606<\/span><\/td>\n<td><span data-path-to-node=\"31,3,2,0\">Wytrzyma\u0142o\u015b\u0107 <b data-path-to-node=\"31,3,2,0\" data-index-in-node=\"11\">Puff JNR 25k<\/b><\/span><\/td>\n<\/tr>\n<tr>\n<td><span data-path-to-node=\"31,4,0,0\"><b data-path-to-node=\"31,4,0,0\" data-index-in-node=\"0\">Moc wyj\u015bciowa<\/b><\/span><\/td>\n<td><span data-path-to-node=\"31,4,1,0\">Zr\u00f3wnowa\u017cony dwurdzeniowy<\/span><\/td>\n<td><span data-path-to-node=\"31,4,2,0\">Sp\u00f3jny <b data-path-to-node=\"31,4,2,0\" data-index-in-node=\"11\">Papieros JNR<\/b> chmury<\/span><\/td>\n<\/tr>\n<tr>\n<td><span data-path-to-node=\"31,5,0,0\"><b data-path-to-node=\"31,5,0,0\" data-index-in-node=\"0\">\u0141adowanie<\/b><\/span><\/td>\n<td><span data-path-to-node=\"31,5,1,0\">Podw\u00f3jny port<\/span><\/td>\n<td><span data-path-to-node=\"31,5,2,0\">Najbardziej wszechstronny <b data-path-to-node=\"31,5,2,0\" data-index-in-node=\"15\">Akumulator JNR<\/b><\/span><\/td>\n<\/tr>\n<\/tbody>\n<\/table>\n<h2 data-path-to-node=\"38\"><b data-path-to-node=\"38\" data-index-in-node=\"0\">Lady Killa w te\u015bcie: Tropical Intensity Meets Tech<\/b><\/h2>\n<p data-path-to-node=\"39\">The <b data-path-to-node=\"39\" data-index-in-node=\"4\">JNR Mega Box 25000<\/b> z <b data-path-to-node=\"39\" data-index-in-node=\"28\">Lady Killa<\/b> imponuje:<\/p>\n<ul data-path-to-node=\"40\">\n<li>\n<p data-path-to-node=\"40,0,0\"><b data-path-to-node=\"40,0,0\" data-index-in-node=\"0\">Bold Tropical Punch:<\/b> Agresywna mieszanka mango, melona i jag\u00f3d, kt\u00f3ra zapewnia <b data-path-to-node=\"40,0,0\" data-index-in-node=\"82\">Intensywna satysfakcja<\/b> przy ka\u017cdym wdechu.<\/p>\n<\/li>\n<li>\n<p data-path-to-node=\"40,1,0\"><b data-path-to-node=\"40,1,0\" data-index-in-node=\"0\">Produkcja w chmurze:<\/b> The <b data-path-to-node=\"40,1,0\" data-index-in-node=\"22\">Podw\u00f3jny rdze\u0144 i podw\u00f3jna siatka<\/b> System wytwarza g\u0119ste, aromatyczne chmury, kt\u00f3re zadowol\u0105 zar\u00f3wno smakoszy, jak i pogo\u0144czy chmur.<\/p>\n<\/li>\n<li>\n<p data-path-to-node=\"40,2,0\"><b data-path-to-node=\"40,2,0\" data-index-in-node=\"0\">Niezawodny sprz\u0119t:<\/b> Ka\u017cdy <b data-path-to-node=\"40,2,0\" data-index-in-node=\"25\">JNR Mega Box Vape<\/b> przechodzi \u015bcis\u0142\u0105 kontrol\u0119 jako\u015bci, aby zapewni\u0107 <b data-path-to-node=\"40,2,0\" data-index-in-node=\"90\">25 000 puff<\/b> jest dok\u0142adna.<\/p>\n<\/li>\n<li>\n<p data-path-to-node=\"40,3,0\"><b data-path-to-node=\"40,3,0\" data-index-in-node=\"0\">Uniwersalne \u0142adowanie:<\/b> The <b data-path-to-node=\"40,3,0\" data-index-in-node=\"24\">Akumulator JNR<\/b> System zosta\u0142 stworzony z my\u015bl\u0105 o nowoczesnych vaperach, kt\u00f3rzy podr\u00f3\u017cuj\u0105 z wieloma urz\u0105dzeniami.<\/p>\n<\/li>\n<\/ul>\n<h3 data-path-to-node=\"2\"><span style=\"font-size: 16px;\">Oto dalsze zalecenia dla Ciebie:<\/span><\/h3>\n<p dir=\"auto\">Odkryj jeszcze wi\u0119cej niesamowitych smak\u00f3w dzi\u0119ki JNR Mega Box 25000 Puff Vape!<\/p>\n<p dir=\"auto\"><a href=\"https:\/\/vozolvapen.de\/pl\/product-category\/jnr-vape\/jnr-mega-box-25000-puff-vape\/28000-puffs\/\" target=\"_blank\" rel=\"noopener noreferrer nofollow\">Zobacz wszystkie odmiany tutaj \u2192<\/a><\/p>\n<p dir=\"auto\">Zapoznaj si\u0119 z nasz\u0105 pe\u0142n\u0105 kolekcj\u0105 i kupuj produkty najlepszych marek vape, kt\u00f3re pokochasz.<\/p>\n<p dir=\"auto\"><a href=\"https:\/\/vozolvapen.de\/pl\/\" target=\"_blank\" rel=\"noopener noreferrer nofollow\">Przegl\u0105daj teraz wszystkie marki \u2192<\/a><\/p>\n<p dir=\"auto\">Sprawd\u017a ca\u0142\u0105 seri\u0119 JNR Vape - ka\u017cdy smak, ka\u017cdy styl!<\/p>\n<p dir=\"auto\"><a href=\"https:\/\/vozolvapen.de\/pl\/product-category\/jnr-vape\/\" target=\"_blank\" rel=\"noopener noreferrer nofollow\">Zobacz pe\u0142n\u0105 kolekcj\u0119 JNR Vape \u2192<\/a><\/p>\n<h2 data-path-to-node=\"23,2,0\">JNR Mega box 25000 E Cigarette Puff - FAQ<\/h2>\n<h3 data-path-to-node=\"73,0,0\"><b data-path-to-node=\"73,0,0\" data-index-in-node=\"0\">Dlaczego JNR Mega Box 25000 r\u00f3\u017cni si\u0119 od innych waporyzator\u00f3w?<\/b><\/h3>\n<p data-path-to-node=\"73,0,0\">Posiada dwurdzeniowy system i podw\u00f3jne cewki siatkowe, zapewniaj\u0105c podw\u00f3jny smak i par\u0119 w por\u00f3wnaniu do standardowych jednorazowych papieros\u00f3w. Ponadto posiada unikalne \u0142adowanie z dwoma portami.<\/p>\n<h3 data-path-to-node=\"73,1,0\"><b data-path-to-node=\"73,1,0\" data-index-in-node=\"0\">Jak d\u0142ugo wystarcza 25 000 zaci\u0105gni\u0119\u0107?<\/b><\/h3>\n<p data-path-to-node=\"73,1,0\">Dla umiarkowanego wapera <b data-path-to-node=\"73,1,0\" data-index-in-node=\"57\">jnr mega box vape<\/b> mo\u017ce trwa\u0107 od 3 do 5 tygodni.<\/p>\n<h3 data-path-to-node=\"73,2,0\"><b data-path-to-node=\"73,2,0\" data-index-in-node=\"0\">Czy \u0142adowanie za pomoc\u0105 kabla Lightning jest bezpieczne?<\/b><\/h3>\n<p data-path-to-node=\"73,2,0\">Tak! The <b data-path-to-node=\"73,2,0\" data-index-in-node=\"54\">akumulator jnr<\/b> System zosta\u0142 zaprojektowany tak, aby by\u0142 kompatybilny zar\u00f3wno ze standardowymi kablami Apple Lightning, jak i kablami typu C.<\/p>","protected":false},"excerpt":{"rendered":"<p>Odwa\u017cna, wieloowocowa eksplozja, na czele z dojrza\u0142ym mango i s\u0142odkim melonem, zako\u0144czona cierpkim akcentem jag\u00f3d. Zaprojektowany z my\u015bl\u0105 o intensywnym smaku i g\u0119stych chmurach.<\/p>","protected":false},"featured_media":63849,"comment_status":"open","ping_status":"closed","template":"","meta":{"_acf_changed":false},"product_brand":[],"product_cat":[94],"product_tag":[],"class_list":{"0":"post-63710","1":"product","2":"type-product","3":"status-publish","4":"has-post-thumbnail","6":"product_cat-jnr-mega-box-25000-puff-vape","8":"first","9":"instock","10":"shipping-taxable","11":"purchasable","12":"product-type-variable"},"acf":[],"yoast_head":"<!-- This site is optimized with the Yoast SEO Premium plugin v26.1 (Yoast SEO v27.5) - https:\/\/yoast.com\/product\/yoast-seo-premium-wordpress\/ -->\n<title>Lady Killa JNR Mega Box 25000 | Intense JNR Mega Box Vape - vozolvapen<\/title>\n<meta name=\"description\" content=\"Unleash intense satisfaction with Lady Killa JNR Mega Box 25000. Mango, melon, and berry mix. 25k puffs, dual mesh coil. Fast EU shipping.\" \/>\n<meta name=\"robots\" content=\"index, follow, max-snippet:-1, max-image-preview:large, max-video-preview:-1\" \/>\n<link rel=\"canonical\" href=\"https:\/\/vozolvapen.de\/pl\/product\/jnr-mega-box-25000-e-cigarette-puff-lady-killa\/\" \/>\n<meta property=\"og:locale\" content=\"pl_PL\" \/>\n<meta property=\"og:type\" content=\"article\" \/>\n<meta property=\"og:title\" content=\"JNR Mega box 25000 E Cigarette Puff - Lady Killa\" \/>\n<meta property=\"og:description\" content=\"Unleash intense satisfaction with Lady Killa JNR Mega Box 25000. Mango, melon, and berry mix. 25k puffs, dual mesh coil. Fast EU shipping.\" \/>\n<meta property=\"og:url\" content=\"https:\/\/vozolvapen.de\/pl\/product\/jnr-mega-box-25000-e-cigarette-puff-lady-killa\/\" \/>\n<meta property=\"og:site_name\" content=\"vozolvapen\" \/>\n<meta property=\"article:modified_time\" content=\"2026-01-20T10:06:35+00:00\" \/>\n<meta property=\"og:image\" content=\"https:\/\/vozolvapen.de\/wp-content\/uploads\/2026\/01\/JNR-Mega-box-25000-lady-killa-1.webp\" \/>\n\t<meta property=\"og:image:width\" content=\"800\" \/>\n\t<meta property=\"og:image:height\" content=\"800\" \/>\n\t<meta property=\"og:image:type\" content=\"image\/webp\" \/>\n<meta name=\"twitter:card\" content=\"summary_large_image\" \/>\n<meta name=\"twitter:label1\" content=\"Szacowany czas czytania\" \/>\n\t<meta name=\"twitter:data1\" content=\"2 minuty\" \/>\n<script type=\"application\/ld+json\" class=\"yoast-schema-graph\">{\"@context\":\"https:\\\/\\\/schema.org\",\"@graph\":[{\"@type\":\"WebPage\",\"@id\":\"https:\\\/\\\/vozolvapen.de\\\/product\\\/jnr-mega-box-25000-e-cigarette-puff-lady-killa\\\/\",\"url\":\"https:\\\/\\\/vozolvapen.de\\\/product\\\/jnr-mega-box-25000-e-cigarette-puff-lady-killa\\\/\",\"name\":\"Lady Killa JNR Mega Box 25000 | Intense JNR Mega Box Vape - vozolvapen\",\"isPartOf\":{\"@id\":\"https:\\\/\\\/vozolvapen.de\\\/#website\"},\"primaryImageOfPage\":{\"@id\":\"https:\\\/\\\/vozolvapen.de\\\/product\\\/jnr-mega-box-25000-e-cigarette-puff-lady-killa\\\/#primaryimage\"},\"image\":{\"@id\":\"https:\\\/\\\/vozolvapen.de\\\/product\\\/jnr-mega-box-25000-e-cigarette-puff-lady-killa\\\/#primaryimage\"},\"thumbnailUrl\":\"https:\\\/\\\/vozolvapen.de\\\/wp-content\\\/uploads\\\/2026\\\/01\\\/JNR-Mega-box-25000-lady-killa-1.webp\",\"datePublished\":\"2026-01-20T09:04:35+00:00\",\"dateModified\":\"2026-01-20T10:06:35+00:00\",\"description\":\"Unleash intense satisfaction with Lady Killa JNR Mega Box 25000. Mango, melon, and berry mix. 25k puffs, dual mesh coil. Fast EU shipping.\",\"breadcrumb\":{\"@id\":\"https:\\\/\\\/vozolvapen.de\\\/product\\\/jnr-mega-box-25000-e-cigarette-puff-lady-killa\\\/#breadcrumb\"},\"inLanguage\":\"pl-PL\",\"potentialAction\":[{\"@type\":\"ReadAction\",\"target\":[\"https:\\\/\\\/vozolvapen.de\\\/product\\\/jnr-mega-box-25000-e-cigarette-puff-lady-killa\\\/\"]}]},{\"@type\":\"ImageObject\",\"inLanguage\":\"pl-PL\",\"@id\":\"https:\\\/\\\/vozolvapen.de\\\/product\\\/jnr-mega-box-25000-e-cigarette-puff-lady-killa\\\/#primaryimage\",\"url\":\"https:\\\/\\\/vozolvapen.de\\\/wp-content\\\/uploads\\\/2026\\\/01\\\/JNR-Mega-box-25000-lady-killa-1.webp\",\"contentUrl\":\"https:\\\/\\\/vozolvapen.de\\\/wp-content\\\/uploads\\\/2026\\\/01\\\/JNR-Mega-box-25000-lady-killa-1.webp\",\"width\":800,\"height\":800,\"caption\":\"JNR Mega box 25000 - lady-killa\"},{\"@type\":\"BreadcrumbList\",\"@id\":\"https:\\\/\\\/vozolvapen.de\\\/product\\\/jnr-mega-box-25000-e-cigarette-puff-lady-killa\\\/#breadcrumb\",\"itemListElement\":[{\"@type\":\"ListItem\",\"position\":1,\"name\":\"Home\",\"item\":\"https:\\\/\\\/vozolvapen.de\\\/de\\\/\"},{\"@type\":\"ListItem\",\"position\":2,\"name\":\"Shop\",\"item\":\"https:\\\/\\\/vozolvapen.de\\\/shop\\\/\"},{\"@type\":\"ListItem\",\"position\":3,\"name\":\"JNR Mega box 25000 E Cigarette Puff &#8211; Lady Killa\"}]},{\"@type\":\"WebSite\",\"@id\":\"https:\\\/\\\/vozolvapen.de\\\/#website\",\"url\":\"https:\\\/\\\/vozolvapen.de\\\/\",\"name\":\"vozolvapen\",\"description\":\"vozolvapen\",\"publisher\":{\"@id\":\"https:\\\/\\\/vozolvapen.de\\\/#organization\"},\"potentialAction\":[{\"@type\":\"SearchAction\",\"target\":{\"@type\":\"EntryPoint\",\"urlTemplate\":\"https:\\\/\\\/vozolvapen.de\\\/?s={search_term_string}\"},\"query-input\":{\"@type\":\"PropertyValueSpecification\",\"valueRequired\":true,\"valueName\":\"search_term_string\"}}],\"inLanguage\":\"pl-PL\"},{\"@type\":\"Organization\",\"@id\":\"https:\\\/\\\/vozolvapen.de\\\/#organization\",\"name\":\"vozolvapen\",\"url\":\"https:\\\/\\\/vozolvapen.de\\\/\",\"logo\":{\"@type\":\"ImageObject\",\"inLanguage\":\"pl-PL\",\"@id\":\"https:\\\/\\\/vozolvapen.de\\\/#\\\/schema\\\/logo\\\/image\\\/\",\"url\":\"https:\\\/\\\/vozolvapen.de\\\/wp-content\\\/uploads\\\/2025\\\/12\\\/cropped-vozovapen-logo.webp\",\"contentUrl\":\"https:\\\/\\\/vozolvapen.de\\\/wp-content\\\/uploads\\\/2025\\\/12\\\/cropped-vozovapen-logo.webp\",\"width\":470,\"height\":110,\"caption\":\"vozolvapen\"},\"image\":{\"@id\":\"https:\\\/\\\/vozolvapen.de\\\/#\\\/schema\\\/logo\\\/image\\\/\"}}]}<\/script>\n<!-- \/ Yoast SEO Premium plugin. -->","yoast_head_json":{"title":"Lady Killa JNR Mega Box 25000 | Intense JNR Mega Box Vape - vozolvapen","description":"Uwolnij intensywn\u0105 satysfakcj\u0119 dzi\u0119ki Lady Killa JNR Mega Box 25000. Mieszanka mango, melona i jag\u00f3d. 25 tys. zaci\u0105gni\u0119\u0107, podw\u00f3jna cewka siatkowa. Szybka wysy\u0142ka na terenie UE.","robots":{"index":"index","follow":"follow","max-snippet":"max-snippet:-1","max-image-preview":"max-image-preview:large","max-video-preview":"max-video-preview:-1"},"canonical":"https:\/\/vozolvapen.de\/pl\/product\/jnr-mega-box-25000-e-cigarette-puff-lady-killa\/","og_locale":"pl_PL","og_type":"article","og_title":"JNR Mega box 25000 E Cigarette Puff - Lady Killa","og_description":"Unleash intense satisfaction with Lady Killa JNR Mega Box 25000. Mango, melon, and berry mix. 25k puffs, dual mesh coil. Fast EU shipping.","og_url":"https:\/\/vozolvapen.de\/pl\/product\/jnr-mega-box-25000-e-cigarette-puff-lady-killa\/","og_site_name":"vozolvapen","article_modified_time":"2026-01-20T10:06:35+00:00","og_image":[{"width":800,"height":800,"url":"https:\/\/vozolvapen.de\/wp-content\/uploads\/2026\/01\/JNR-Mega-box-25000-lady-killa-1.webp","type":"image\/webp"}],"twitter_card":"summary_large_image","twitter_misc":{"Szacowany czas czytania":"2 minuty"},"schema":{"@context":"https:\/\/schema.org","@graph":[{"@type":"WebPage","@id":"https:\/\/vozolvapen.de\/product\/jnr-mega-box-25000-e-cigarette-puff-lady-killa\/","url":"https:\/\/vozolvapen.de\/product\/jnr-mega-box-25000-e-cigarette-puff-lady-killa\/","name":"Lady Killa JNR Mega Box 25000 | Intense JNR Mega Box Vape - vozolvapen","isPartOf":{"@id":"https:\/\/vozolvapen.de\/#website"},"primaryImageOfPage":{"@id":"https:\/\/vozolvapen.de\/product\/jnr-mega-box-25000-e-cigarette-puff-lady-killa\/#primaryimage"},"image":{"@id":"https:\/\/vozolvapen.de\/product\/jnr-mega-box-25000-e-cigarette-puff-lady-killa\/#primaryimage"},"thumbnailUrl":"https:\/\/vozolvapen.de\/wp-content\/uploads\/2026\/01\/JNR-Mega-box-25000-lady-killa-1.webp","datePublished":"2026-01-20T09:04:35+00:00","dateModified":"2026-01-20T10:06:35+00:00","description":"Uwolnij intensywn\u0105 satysfakcj\u0119 dzi\u0119ki Lady Killa JNR Mega Box 25000. Mieszanka mango, melona i jag\u00f3d. 25 tys. zaci\u0105gni\u0119\u0107, podw\u00f3jna cewka siatkowa. Szybka wysy\u0142ka na terenie UE.","breadcrumb":{"@id":"https:\/\/vozolvapen.de\/product\/jnr-mega-box-25000-e-cigarette-puff-lady-killa\/#breadcrumb"},"inLanguage":"pl-PL","potentialAction":[{"@type":"ReadAction","target":["https:\/\/vozolvapen.de\/product\/jnr-mega-box-25000-e-cigarette-puff-lady-killa\/"]}]},{"@type":"ImageObject","inLanguage":"pl-PL","@id":"https:\/\/vozolvapen.de\/product\/jnr-mega-box-25000-e-cigarette-puff-lady-killa\/#primaryimage","url":"https:\/\/vozolvapen.de\/wp-content\/uploads\/2026\/01\/JNR-Mega-box-25000-lady-killa-1.webp","contentUrl":"https:\/\/vozolvapen.de\/wp-content\/uploads\/2026\/01\/JNR-Mega-box-25000-lady-killa-1.webp","width":800,"height":800,"caption":"JNR Mega box 25000 - lady-killa"},{"@type":"BreadcrumbList","@id":"https:\/\/vozolvapen.de\/product\/jnr-mega-box-25000-e-cigarette-puff-lady-killa\/#breadcrumb","itemListElement":[{"@type":"ListItem","position":1,"name":"Home","item":"https:\/\/vozolvapen.de\/de\/"},{"@type":"ListItem","position":2,"name":"Shop","item":"https:\/\/vozolvapen.de\/shop\/"},{"@type":"ListItem","position":3,"name":"JNR Mega box 25000 E Cigarette Puff &#8211; Lady Killa"}]},{"@type":"WebSite","@id":"https:\/\/vozolvapen.de\/#website","url":"https:\/\/vozolvapen.de\/","name":"vozolvapen","description":"vozolvapen","publisher":{"@id":"https:\/\/vozolvapen.de\/#organization"},"potentialAction":[{"@type":"SearchAction","target":{"@type":"EntryPoint","urlTemplate":"https:\/\/vozolvapen.de\/?s={search_term_string}"},"query-input":{"@type":"PropertyValueSpecification","valueRequired":true,"valueName":"search_term_string"}}],"inLanguage":"pl-PL"},{"@type":"Organization","@id":"https:\/\/vozolvapen.de\/#organization","name":"vozolvapen","url":"https:\/\/vozolvapen.de\/","logo":{"@type":"ImageObject","inLanguage":"pl-PL","@id":"https:\/\/vozolvapen.de\/#\/schema\/logo\/image\/","url":"https:\/\/vozolvapen.de\/wp-content\/uploads\/2025\/12\/cropped-vozovapen-logo.webp","contentUrl":"https:\/\/vozolvapen.de\/wp-content\/uploads\/2025\/12\/cropped-vozovapen-logo.webp","width":470,"height":110,"caption":"vozolvapen"},"image":{"@id":"https:\/\/vozolvapen.de\/#\/schema\/logo\/image\/"}}]}},"tiered_pricing_type":"fixed","tiered_pricing_fixed_rules":{"30":"12.6","50":"10.1","100":"9.6","200":"8.6"},"tiered_pricing_product_settings":{"layout":"default","base_unit_name":{"singular":null,"plural":null},"default_variation":null},"tiered_pricing_minimum_quantity":10,"tiered_pricing_roles_data":[],"tiered_pricing_percentage_rules":[],"tiered_pricing_maximum_quantity":null,"tiered_pricing_quantity_step":"10","_links":{"self":[{"href":"http:\/\/vozolvapen.de\/pl\/wp-json\/wp\/v2\/product\/63710","targetHints":{"allow":["GET"]}}],"collection":[{"href":"http:\/\/vozolvapen.de\/pl\/wp-json\/wp\/v2\/product"}],"about":[{"href":"http:\/\/vozolvapen.de\/pl\/wp-json\/wp\/v2\/types\/product"}],"replies":[{"embeddable":true,"href":"http:\/\/vozolvapen.de\/pl\/wp-json\/wp\/v2\/comments?post=63710"}],"wp:featuredmedia":[{"embeddable":true,"href":"http:\/\/vozolvapen.de\/pl\/wp-json\/wp\/v2\/media\/63849"}],"wp:attachment":[{"href":"http:\/\/vozolvapen.de\/pl\/wp-json\/wp\/v2\/media?parent=63710"}],"wp:term":[{"taxonomy":"product_brand","embeddable":true,"href":"http:\/\/vozolvapen.de\/pl\/wp-json\/wp\/v2\/product_brand?post=63710"},{"taxonomy":"product_cat","embeddable":true,"href":"http:\/\/vozolvapen.de\/pl\/wp-json\/wp\/v2\/product_cat?post=63710"},{"taxonomy":"product_tag","embeddable":true,"href":"http:\/\/vozolvapen.de\/pl\/wp-json\/wp\/v2\/product_tag?post=63710"}],"curies":[{"name":"wp","href":"https:\/\/api.w.org\/{rel}","templated":true}]}}