{"id":63789,"date":"2026-01-20T09:11:38","date_gmt":"2026-01-20T09:11:38","guid":{"rendered":"https:\/\/vozolvapen.de\/?post_type=product&#038;p=63789"},"modified":"2026-01-20T10:06:38","modified_gmt":"2026-01-20T10:06:38","slug":"jnr-mega-box-25000-e-cigarette-puff-hawaii","status":"publish","type":"product","link":"http:\/\/vozolvapen.de\/pl\/product\/jnr-mega-box-25000-e-cigarette-puff-hawaii\/","title":{"rendered":"JNR Mega Box 25000 E-papieros\u00f3w Puff - Hawaje"},"content":{"rendered":"<h1 data-path-to-node=\"2\">JNR Mega Box 25000 E-papieros\u00f3w Puff - Hawaje<\/h1>\n<p data-path-to-node=\"48\">Wybierz si\u0119 na wycieczk\u0119 na wyspy z <b data-path-to-node=\"48\" data-index-in-node=\"32\">Hawaii JNR Mega Box 25000<\/b>. Ten egzotyczny poncz \u0142\u0105czy pomara\u0144cz\u0119, ananasa i tropikaln\u0105 marakuj\u0119.<\/p>\n<h2 data-path-to-node=\"49\"><b data-path-to-node=\"49\" data-index-in-node=\"0\">Dlaczego warto wybra\u0107 Hawaje?<\/b><\/h2>\n<p data-path-to-node=\"49\">Hawaii to \u201cnieograniczone do\u015bwiadczenie\u201d cytrus\u00f3w i s\u0142odyczy. Z <b data-path-to-node=\"49\" data-index-in-node=\"84\">Typ-C i szybkie \u0142adowanie Lightning<\/b>, to <b data-path-to-node=\"49\" data-index-in-node=\"122\">Akumulator JNR<\/b> Urz\u0105dzenie utrzymuje tropikalne wibracje przy minimalnym czasie przestoju i <b data-path-to-node=\"49\" data-index-in-node=\"203\">Czysty smak<\/b> sp\u00f3jno\u015b\u0107.<\/p>\n<h2 data-path-to-node=\"4\">JNR Mega box 25000 - Hawaje <b data-path-to-node=\"142\" data-index-in-node=\"0\">Specyfikacja<\/b><\/h2>\n<table data-path-to-node=\"34\">\n<thead>\n<tr>\n<td><strong>Parametr<\/strong><\/td>\n<td><strong>Specyfikacja<\/strong><\/td>\n<td><strong>Najwa\u017cniejsze informacje o SEO<\/strong><\/td>\n<\/tr>\n<\/thead>\n<tbody>\n<tr>\n<td><span data-path-to-node=\"34,1,0,0\"><b data-path-to-node=\"34,1,0,0\" data-index-in-node=\"0\">Puff Count<\/b><\/span><\/td>\n<td><span data-path-to-node=\"34,1,1,0\">25,000 Puffs<\/span><\/td>\n<td><span data-path-to-node=\"34,1,2,0\">Egzotyka <b data-path-to-node=\"34,1,2,0\" data-index-in-node=\"7\">Puff JNR Mega Box<\/b> cios<\/span><\/td>\n<\/tr>\n<tr>\n<td><span data-path-to-node=\"34,2,0,0\"><b data-path-to-node=\"34,2,0,0\" data-index-in-node=\"0\">Profil smakowy<\/b><\/span><\/td>\n<td><span data-path-to-node=\"34,2,1,0\">Tropical Citrus Mix<\/span><\/td>\n<td><span data-path-to-node=\"34,2,2,0\">P\u0142ynny raj <b data-path-to-node=\"34,2,2,0\" data-index-in-node=\"16\">E Liquide JNR<\/b><\/span><\/td>\n<\/tr>\n<tr>\n<td><span data-path-to-node=\"34,3,0,0\"><b data-path-to-node=\"34,3,0,0\" data-index-in-node=\"0\">S\u0142odycz \/ L\u00f3d<\/b><\/span><\/td>\n<td><span data-path-to-node=\"34,3,1,0\">\u2605\u2605\u2605\u2605\u2606 \/ \u2605\u2605\u2605\u2605\u2606<\/span><\/td>\n<td><span data-path-to-node=\"34,3,2,0\">Wyspa Zesty <b data-path-to-node=\"34,3,2,0\" data-index-in-node=\"13\">JNR Mega Box Vape<\/b><\/span><\/td>\n<\/tr>\n<tr>\n<td><span data-path-to-node=\"34,4,0,0\"><b data-path-to-node=\"34,4,0,0\" data-index-in-node=\"0\">Technologia<\/b><\/span><\/td>\n<td><span data-path-to-node=\"34,4,1,0\">Dual Mesh 1.0\u03a9<\/span><\/td>\n<td><span data-path-to-node=\"34,4,2,0\">Czysto\u015b\u0107 i czysto\u015b\u0107 <b data-path-to-node=\"34,4,2,0\" data-index-in-node=\"14\">Czysty smak<\/b><\/span><\/td>\n<\/tr>\n<tr>\n<td><span data-path-to-node=\"34,5,0,0\"><b data-path-to-node=\"34,5,0,0\" data-index-in-node=\"0\">Logistyka<\/b><\/span><\/td>\n<td><span data-path-to-node=\"34,5,1,0\">Magazyn UE<\/span><\/td>\n<td><span data-path-to-node=\"34,5,2,0\"><b data-path-to-node=\"34,5,2,0\" data-index-in-node=\"0\">Dostawa w ci\u0105gu 1-3 dni<\/b> w ca\u0142ej Europie<\/span><\/td>\n<\/tr>\n<\/tbody>\n<\/table>\n<h2 data-path-to-node=\"42\"><b data-path-to-node=\"42\" data-index-in-node=\"0\">Hawaje w te\u015bcie: wyspiarskie wibracje \u0142\u0105cz\u0105 si\u0119 z technologi\u0105<\/b><\/h2>\n<p data-path-to-node=\"43\">The <b data-path-to-node=\"43\" data-index-in-node=\"4\">JNR Mega Box 25000<\/b> z <b data-path-to-node=\"43\" data-index-in-node=\"28\">Hawaje<\/b> imponuje:<\/p>\n<ul data-path-to-node=\"44\">\n<li>\n<p data-path-to-node=\"44,0,0\"><b data-path-to-node=\"44,0,0\" data-index-in-node=\"0\">Eksplozja owoc\u00f3w egzotycznych:<\/b> Pikantna mieszanka pomara\u0144czy, ananasa i marakui. Jest to najlepszy \u201cp\u0142ynny raj\u201d dla <b data-path-to-node=\"44,0,0\" data-index-in-node=\"119\">Puff JNR 25k<\/b> fan\u00f3w.<\/p>\n<\/li>\n<li>\n<p data-path-to-node=\"44,1,0\"><b data-path-to-node=\"44,1,0\" data-index-in-node=\"0\">Technologia Anti-Leak:<\/b> The <b data-path-to-node=\"44,1,0\" data-index-in-node=\"20\">30 ml nape\u0142nionego p\u0142ynu<\/b> jest zabezpieczony w wysokiej jako\u015bci zbiorniku, aby zapewni\u0107 brak wyciek\u00f3w, nawet podczas podr\u00f3\u017cy.<\/p>\n<\/li>\n<li>\n<p data-path-to-node=\"44,2,0\"><b data-path-to-node=\"44,2,0\" data-index-in-node=\"0\">Superior Throat Hit:<\/b> Dost\u0119pny w wielu mocach nikotyny, replikuje odczucia z palenia. <b data-path-to-node=\"44,2,0\" data-index-in-node=\"91\">Papieros jnr<\/b> oferuj\u0105c jednocze\u015bnie znacznie lepszy smak.<\/p>\n<\/li>\n<li>\n<p data-path-to-node=\"44,3,0\"><b data-path-to-node=\"44,3,0\" data-index-in-node=\"0\">Priorytet akcji UE:<\/b> Zawsze dost\u0119pne w naszym <b data-path-to-node=\"44,3,0\" data-index-in-node=\"43\">Magazyn europejski<\/b> dla najszybszej mo\u017cliwej wysy\u0142ki do domu.<\/p>\n<\/li>\n<\/ul>\n<h3 data-path-to-node=\"2\"><span style=\"font-size: 16px;\">Oto dalsze zalecenia dla Ciebie:<\/span><\/h3>\n<p dir=\"auto\">Odkryj jeszcze wi\u0119cej niesamowitych smak\u00f3w dzi\u0119ki JNR Mega Box 25000 Puff Vape!<\/p>\n<p dir=\"auto\"><a href=\"https:\/\/vozolvapen.de\/pl\/product-category\/jnr-vape\/jnr-mega-box-25000-puff-vape\/28000-puffs\/\" target=\"_blank\" rel=\"noopener noreferrer nofollow\">Zobacz wszystkie odmiany tutaj \u2192<\/a><\/p>\n<p dir=\"auto\">Zapoznaj si\u0119 z nasz\u0105 pe\u0142n\u0105 kolekcj\u0105 i kupuj produkty najlepszych marek vape, kt\u00f3re pokochasz.<\/p>\n<p dir=\"auto\"><a href=\"https:\/\/vozolvapen.de\/pl\/\" target=\"_blank\" rel=\"noopener noreferrer nofollow\">Przegl\u0105daj teraz wszystkie marki \u2192<\/a><\/p>\n<p dir=\"auto\">Sprawd\u017a ca\u0142\u0105 seri\u0119 JNR Vape - ka\u017cdy smak, ka\u017cdy styl!<\/p>\n<p dir=\"auto\"><a href=\"https:\/\/vozolvapen.de\/pl\/product-category\/jnr-vape\/\" target=\"_blank\" rel=\"noopener noreferrer nofollow\">Zobacz pe\u0142n\u0105 kolekcj\u0119 JNR Vape \u2192<\/a><\/p>\n<h2 data-path-to-node=\"23,2,0\">JNR Mega box 25000 E Cigarette Puff - FAQ<\/h2>\n<h3 data-path-to-node=\"73,0,0\"><b data-path-to-node=\"73,0,0\" data-index-in-node=\"0\">Dlaczego JNR Mega Box 25000 r\u00f3\u017cni si\u0119 od innych waporyzator\u00f3w?<\/b><\/h3>\n<p data-path-to-node=\"73,0,0\">Posiada dwurdzeniowy system i podw\u00f3jne cewki siatkowe, zapewniaj\u0105c podw\u00f3jny smak i par\u0119 w por\u00f3wnaniu do standardowych jednorazowych papieros\u00f3w. Ponadto posiada unikalne \u0142adowanie z dwoma portami.<\/p>\n<h3 data-path-to-node=\"73,1,0\"><b data-path-to-node=\"73,1,0\" data-index-in-node=\"0\">Jak d\u0142ugo wystarcza 25 000 zaci\u0105gni\u0119\u0107?<\/b><\/h3>\n<p data-path-to-node=\"73,1,0\">Dla umiarkowanego wapera <b data-path-to-node=\"73,1,0\" data-index-in-node=\"57\">jnr mega box vape<\/b> mo\u017ce trwa\u0107 od 3 do 5 tygodni.<\/p>\n<h3 data-path-to-node=\"73,2,0\"><b data-path-to-node=\"73,2,0\" data-index-in-node=\"0\">Czy \u0142adowanie za pomoc\u0105 kabla Lightning jest bezpieczne?<\/b><\/h3>\n<p data-path-to-node=\"73,2,0\">Tak! The <b data-path-to-node=\"73,2,0\" data-index-in-node=\"54\">akumulator jnr<\/b> System zosta\u0142 zaprojektowany tak, aby by\u0142 kompatybilny zar\u00f3wno ze standardowymi kablami Apple Lightning, jak i kablami typu C.<\/p>","protected":false},"excerpt":{"rendered":"<p>Wibruj\u0105cy tropikalny poncz \u0142\u0105cz\u0105cy pomara\u0144cz\u0119, ananasa i egzotyczne owoce. Ka\u017cde zaci\u0105gni\u0119cie si\u0119 tym urz\u0105dzeniem o du\u017cej pojemno\u015bci dostarcza wra\u017ce\u0144 rodem z wakacji na wyspie.<\/p>","protected":false},"featured_media":63852,"comment_status":"open","ping_status":"closed","template":"","meta":{"_acf_changed":false},"product_brand":[],"product_cat":[94],"product_tag":[],"class_list":{"0":"post-63789","1":"product","2":"type-product","3":"status-publish","4":"has-post-thumbnail","6":"product_cat-jnr-mega-box-25000-puff-vape","8":"first","9":"instock","10":"shipping-taxable","11":"purchasable","12":"product-type-variable"},"acf":[],"yoast_head":"<!-- This site is optimized with the Yoast SEO Premium plugin v26.1 (Yoast SEO v27.5) - https:\/\/yoast.com\/product\/yoast-seo-premium-wordpress\/ -->\n<title>Hawaii JNR Mega Box 25000 | Exotic Puff JNR 25k - vozolvapen<\/title>\n<meta name=\"description\" content=\"Island vibes with Hawaii JNR Mega Box 25000. Tropical punch of orange and pineapple. 25,000 puffs, dual-port charging. Order JNR Vape today.\" \/>\n<meta name=\"robots\" content=\"index, follow, max-snippet:-1, max-image-preview:large, max-video-preview:-1\" \/>\n<link rel=\"canonical\" href=\"https:\/\/vozolvapen.de\/pl\/product\/jnr-mega-box-25000-e-cigarette-puff-hawaii\/\" \/>\n<meta property=\"og:locale\" content=\"pl_PL\" \/>\n<meta property=\"og:type\" content=\"article\" \/>\n<meta property=\"og:title\" content=\"JNR Mega Box 25000 E Cigarette Puff - Hawaii\" \/>\n<meta property=\"og:description\" content=\"Island vibes with Hawaii JNR Mega Box 25000. Tropical punch of orange and pineapple. 25,000 puffs, dual-port charging. Order JNR Vape today.\" \/>\n<meta property=\"og:url\" content=\"https:\/\/vozolvapen.de\/pl\/product\/jnr-mega-box-25000-e-cigarette-puff-hawaii\/\" \/>\n<meta property=\"og:site_name\" content=\"vozolvapen\" \/>\n<meta property=\"article:modified_time\" content=\"2026-01-20T10:06:38+00:00\" \/>\n<meta property=\"og:image\" content=\"https:\/\/vozolvapen.de\/wp-content\/uploads\/2026\/01\/JNR-Mega-box-25000-hawaii.webp\" \/>\n\t<meta property=\"og:image:width\" content=\"800\" \/>\n\t<meta property=\"og:image:height\" content=\"800\" \/>\n\t<meta property=\"og:image:type\" content=\"image\/webp\" \/>\n<meta name=\"twitter:card\" content=\"summary_large_image\" \/>\n<meta name=\"twitter:label1\" content=\"Szacowany czas czytania\" \/>\n\t<meta name=\"twitter:data1\" content=\"2 minuty\" \/>\n<script type=\"application\/ld+json\" class=\"yoast-schema-graph\">{\"@context\":\"https:\\\/\\\/schema.org\",\"@graph\":[{\"@type\":\"WebPage\",\"@id\":\"https:\\\/\\\/vozolvapen.de\\\/product\\\/jnr-mega-box-25000-e-cigarette-puff-hawaii\\\/\",\"url\":\"https:\\\/\\\/vozolvapen.de\\\/product\\\/jnr-mega-box-25000-e-cigarette-puff-hawaii\\\/\",\"name\":\"Hawaii JNR Mega Box 25000 | Exotic Puff JNR 25k - vozolvapen\",\"isPartOf\":{\"@id\":\"https:\\\/\\\/vozolvapen.de\\\/#website\"},\"primaryImageOfPage\":{\"@id\":\"https:\\\/\\\/vozolvapen.de\\\/product\\\/jnr-mega-box-25000-e-cigarette-puff-hawaii\\\/#primaryimage\"},\"image\":{\"@id\":\"https:\\\/\\\/vozolvapen.de\\\/product\\\/jnr-mega-box-25000-e-cigarette-puff-hawaii\\\/#primaryimage\"},\"thumbnailUrl\":\"https:\\\/\\\/vozolvapen.de\\\/wp-content\\\/uploads\\\/2026\\\/01\\\/JNR-Mega-box-25000-hawaii.webp\",\"datePublished\":\"2026-01-20T09:11:38+00:00\",\"dateModified\":\"2026-01-20T10:06:38+00:00\",\"description\":\"Island vibes with Hawaii JNR Mega Box 25000. Tropical punch of orange and pineapple. 25,000 puffs, dual-port charging. Order JNR Vape today.\",\"breadcrumb\":{\"@id\":\"https:\\\/\\\/vozolvapen.de\\\/product\\\/jnr-mega-box-25000-e-cigarette-puff-hawaii\\\/#breadcrumb\"},\"inLanguage\":\"pl-PL\",\"potentialAction\":[{\"@type\":\"ReadAction\",\"target\":[\"https:\\\/\\\/vozolvapen.de\\\/product\\\/jnr-mega-box-25000-e-cigarette-puff-hawaii\\\/\"]}]},{\"@type\":\"ImageObject\",\"inLanguage\":\"pl-PL\",\"@id\":\"https:\\\/\\\/vozolvapen.de\\\/product\\\/jnr-mega-box-25000-e-cigarette-puff-hawaii\\\/#primaryimage\",\"url\":\"https:\\\/\\\/vozolvapen.de\\\/wp-content\\\/uploads\\\/2026\\\/01\\\/JNR-Mega-box-25000-hawaii.webp\",\"contentUrl\":\"https:\\\/\\\/vozolvapen.de\\\/wp-content\\\/uploads\\\/2026\\\/01\\\/JNR-Mega-box-25000-hawaii.webp\",\"width\":800,\"height\":800,\"caption\":\"JNR Mega box 25000 - hawaii\"},{\"@type\":\"BreadcrumbList\",\"@id\":\"https:\\\/\\\/vozolvapen.de\\\/product\\\/jnr-mega-box-25000-e-cigarette-puff-hawaii\\\/#breadcrumb\",\"itemListElement\":[{\"@type\":\"ListItem\",\"position\":1,\"name\":\"Home\",\"item\":\"https:\\\/\\\/vozolvapen.de\\\/de\\\/\"},{\"@type\":\"ListItem\",\"position\":2,\"name\":\"Shop\",\"item\":\"https:\\\/\\\/vozolvapen.de\\\/shop\\\/\"},{\"@type\":\"ListItem\",\"position\":3,\"name\":\"JNR Mega Box 25000 E Cigarette Puff &#8211; Hawaii\"}]},{\"@type\":\"WebSite\",\"@id\":\"https:\\\/\\\/vozolvapen.de\\\/#website\",\"url\":\"https:\\\/\\\/vozolvapen.de\\\/\",\"name\":\"vozolvapen\",\"description\":\"vozolvapen\",\"publisher\":{\"@id\":\"https:\\\/\\\/vozolvapen.de\\\/#organization\"},\"potentialAction\":[{\"@type\":\"SearchAction\",\"target\":{\"@type\":\"EntryPoint\",\"urlTemplate\":\"https:\\\/\\\/vozolvapen.de\\\/?s={search_term_string}\"},\"query-input\":{\"@type\":\"PropertyValueSpecification\",\"valueRequired\":true,\"valueName\":\"search_term_string\"}}],\"inLanguage\":\"pl-PL\"},{\"@type\":\"Organization\",\"@id\":\"https:\\\/\\\/vozolvapen.de\\\/#organization\",\"name\":\"vozolvapen\",\"url\":\"https:\\\/\\\/vozolvapen.de\\\/\",\"logo\":{\"@type\":\"ImageObject\",\"inLanguage\":\"pl-PL\",\"@id\":\"https:\\\/\\\/vozolvapen.de\\\/#\\\/schema\\\/logo\\\/image\\\/\",\"url\":\"https:\\\/\\\/vozolvapen.de\\\/wp-content\\\/uploads\\\/2025\\\/12\\\/cropped-vozovapen-logo.webp\",\"contentUrl\":\"https:\\\/\\\/vozolvapen.de\\\/wp-content\\\/uploads\\\/2025\\\/12\\\/cropped-vozovapen-logo.webp\",\"width\":470,\"height\":110,\"caption\":\"vozolvapen\"},\"image\":{\"@id\":\"https:\\\/\\\/vozolvapen.de\\\/#\\\/schema\\\/logo\\\/image\\\/\"}}]}<\/script>\n<!-- \/ Yoast SEO Premium plugin. -->","yoast_head_json":{"title":"Hawaii JNR Mega Box 25000 | Exotic Puff JNR 25k - vozolvapen","description":"Wyspiarskie wibracje z Hawaii JNR Mega Box 25000. Tropikalne po\u0142\u0105czenie pomara\u0144czy i ananasa. 25 000 zaci\u0105gni\u0119\u0107, \u0142adowanie przez dwa porty. Zam\u00f3w JNR Vape ju\u017c dzi\u015b.","robots":{"index":"index","follow":"follow","max-snippet":"max-snippet:-1","max-image-preview":"max-image-preview:large","max-video-preview":"max-video-preview:-1"},"canonical":"https:\/\/vozolvapen.de\/pl\/product\/jnr-mega-box-25000-e-cigarette-puff-hawaii\/","og_locale":"pl_PL","og_type":"article","og_title":"JNR Mega Box 25000 E Cigarette Puff - Hawaii","og_description":"Island vibes with Hawaii JNR Mega Box 25000. Tropical punch of orange and pineapple. 25,000 puffs, dual-port charging. Order JNR Vape today.","og_url":"https:\/\/vozolvapen.de\/pl\/product\/jnr-mega-box-25000-e-cigarette-puff-hawaii\/","og_site_name":"vozolvapen","article_modified_time":"2026-01-20T10:06:38+00:00","og_image":[{"width":800,"height":800,"url":"https:\/\/vozolvapen.de\/wp-content\/uploads\/2026\/01\/JNR-Mega-box-25000-hawaii.webp","type":"image\/webp"}],"twitter_card":"summary_large_image","twitter_misc":{"Szacowany czas czytania":"2 minuty"},"schema":{"@context":"https:\/\/schema.org","@graph":[{"@type":"WebPage","@id":"https:\/\/vozolvapen.de\/product\/jnr-mega-box-25000-e-cigarette-puff-hawaii\/","url":"https:\/\/vozolvapen.de\/product\/jnr-mega-box-25000-e-cigarette-puff-hawaii\/","name":"Hawaii JNR Mega Box 25000 | Exotic Puff JNR 25k - vozolvapen","isPartOf":{"@id":"https:\/\/vozolvapen.de\/#website"},"primaryImageOfPage":{"@id":"https:\/\/vozolvapen.de\/product\/jnr-mega-box-25000-e-cigarette-puff-hawaii\/#primaryimage"},"image":{"@id":"https:\/\/vozolvapen.de\/product\/jnr-mega-box-25000-e-cigarette-puff-hawaii\/#primaryimage"},"thumbnailUrl":"https:\/\/vozolvapen.de\/wp-content\/uploads\/2026\/01\/JNR-Mega-box-25000-hawaii.webp","datePublished":"2026-01-20T09:11:38+00:00","dateModified":"2026-01-20T10:06:38+00:00","description":"Wyspiarskie wibracje z Hawaii JNR Mega Box 25000. Tropikalne po\u0142\u0105czenie pomara\u0144czy i ananasa. 25 000 zaci\u0105gni\u0119\u0107, \u0142adowanie przez dwa porty. Zam\u00f3w JNR Vape ju\u017c dzi\u015b.","breadcrumb":{"@id":"https:\/\/vozolvapen.de\/product\/jnr-mega-box-25000-e-cigarette-puff-hawaii\/#breadcrumb"},"inLanguage":"pl-PL","potentialAction":[{"@type":"ReadAction","target":["https:\/\/vozolvapen.de\/product\/jnr-mega-box-25000-e-cigarette-puff-hawaii\/"]}]},{"@type":"ImageObject","inLanguage":"pl-PL","@id":"https:\/\/vozolvapen.de\/product\/jnr-mega-box-25000-e-cigarette-puff-hawaii\/#primaryimage","url":"https:\/\/vozolvapen.de\/wp-content\/uploads\/2026\/01\/JNR-Mega-box-25000-hawaii.webp","contentUrl":"https:\/\/vozolvapen.de\/wp-content\/uploads\/2026\/01\/JNR-Mega-box-25000-hawaii.webp","width":800,"height":800,"caption":"JNR Mega box 25000 - hawaii"},{"@type":"BreadcrumbList","@id":"https:\/\/vozolvapen.de\/product\/jnr-mega-box-25000-e-cigarette-puff-hawaii\/#breadcrumb","itemListElement":[{"@type":"ListItem","position":1,"name":"Home","item":"https:\/\/vozolvapen.de\/de\/"},{"@type":"ListItem","position":2,"name":"Shop","item":"https:\/\/vozolvapen.de\/shop\/"},{"@type":"ListItem","position":3,"name":"JNR Mega Box 25000 E Cigarette Puff &#8211; Hawaii"}]},{"@type":"WebSite","@id":"https:\/\/vozolvapen.de\/#website","url":"https:\/\/vozolvapen.de\/","name":"vozolvapen","description":"vozolvapen","publisher":{"@id":"https:\/\/vozolvapen.de\/#organization"},"potentialAction":[{"@type":"SearchAction","target":{"@type":"EntryPoint","urlTemplate":"https:\/\/vozolvapen.de\/?s={search_term_string}"},"query-input":{"@type":"PropertyValueSpecification","valueRequired":true,"valueName":"search_term_string"}}],"inLanguage":"pl-PL"},{"@type":"Organization","@id":"https:\/\/vozolvapen.de\/#organization","name":"vozolvapen","url":"https:\/\/vozolvapen.de\/","logo":{"@type":"ImageObject","inLanguage":"pl-PL","@id":"https:\/\/vozolvapen.de\/#\/schema\/logo\/image\/","url":"https:\/\/vozolvapen.de\/wp-content\/uploads\/2025\/12\/cropped-vozovapen-logo.webp","contentUrl":"https:\/\/vozolvapen.de\/wp-content\/uploads\/2025\/12\/cropped-vozovapen-logo.webp","width":470,"height":110,"caption":"vozolvapen"},"image":{"@id":"https:\/\/vozolvapen.de\/#\/schema\/logo\/image\/"}}]}},"tiered_pricing_type":"fixed","tiered_pricing_fixed_rules":{"30":"12.6","50":"10.1","100":"9.6","200":"8.6"},"tiered_pricing_product_settings":{"layout":"default","base_unit_name":{"singular":null,"plural":null},"default_variation":null},"tiered_pricing_minimum_quantity":10,"tiered_pricing_roles_data":[],"tiered_pricing_percentage_rules":[],"tiered_pricing_maximum_quantity":null,"tiered_pricing_quantity_step":"10","_links":{"self":[{"href":"http:\/\/vozolvapen.de\/pl\/wp-json\/wp\/v2\/product\/63789","targetHints":{"allow":["GET"]}}],"collection":[{"href":"http:\/\/vozolvapen.de\/pl\/wp-json\/wp\/v2\/product"}],"about":[{"href":"http:\/\/vozolvapen.de\/pl\/wp-json\/wp\/v2\/types\/product"}],"replies":[{"embeddable":true,"href":"http:\/\/vozolvapen.de\/pl\/wp-json\/wp\/v2\/comments?post=63789"}],"wp:featuredmedia":[{"embeddable":true,"href":"http:\/\/vozolvapen.de\/pl\/wp-json\/wp\/v2\/media\/63852"}],"wp:attachment":[{"href":"http:\/\/vozolvapen.de\/pl\/wp-json\/wp\/v2\/media?parent=63789"}],"wp:term":[{"taxonomy":"product_brand","embeddable":true,"href":"http:\/\/vozolvapen.de\/pl\/wp-json\/wp\/v2\/product_brand?post=63789"},{"taxonomy":"product_cat","embeddable":true,"href":"http:\/\/vozolvapen.de\/pl\/wp-json\/wp\/v2\/product_cat?post=63789"},{"taxonomy":"product_tag","embeddable":true,"href":"http:\/\/vozolvapen.de\/pl\/wp-json\/wp\/v2\/product_tag?post=63789"}],"curies":[{"name":"wp","href":"https:\/\/api.w.org\/{rel}","templated":true}]}}