{"id":64876,"date":"2026-01-23T06:13:31","date_gmt":"2026-01-23T06:13:31","guid":{"rendered":"https:\/\/vozolvapen.de\/?post_type=product&#038;p=64876"},"modified":"2026-01-23T07:21:43","modified_gmt":"2026-01-23T07:21:43","slug":"180k-vape-waspe-crystal-180k-8-in-1-dark-fruit-shisha","status":"publish","type":"product","link":"http:\/\/vozolvapen.de\/pl\/product\/180k-vape-waspe-crystal-180k-8-in-1-dark-fruit-shisha\/","title":{"rendered":"180k Vape Waspe Crystal 180K 8 w 1 - Shisha z ciemnych owoc\u00f3w"},"content":{"rendered":"<h1>Waspe Crystal 180k - shisha z ciemnych owoc\u00f3w<\/h1>\n<p data-path-to-node=\"40\">Zainspirowany wysokiej klasy salonami shisha <b data-path-to-node=\"40\" data-index-in-node=\"58\">Shisha Dark Fruit<\/b> edycja zawiera klasyczne <b data-path-to-node=\"40\" data-index-in-node=\"105\">Podw\u00f3jne jab\u0142ko<\/b> i tajemniczy <b data-path-to-node=\"40\" data-index-in-node=\"137\">Black Dragon Ice<\/b>. To <b data-path-to-node=\"40\" data-index-in-node=\"160\">180k vape<\/b> oferuje g\u0142\u0119bokie, nastrojowe i aromatyczne doznania, kt\u00f3re s\u0105 idealne do powolnych, aromatycznych sesji.<\/p>\n<ul data-path-to-node=\"41\">\n<li>\n<p data-path-to-node=\"41,0,0\"><b data-path-to-node=\"41,0,0\" data-index-in-node=\"0\">Tryb A:<\/b> Blackberry Ice<\/p>\n<\/li>\n<li>\n<p data-path-to-node=\"41,1,0\"><b data-path-to-node=\"41,1,0\" data-index-in-node=\"0\">Tryb B:<\/b> Podw\u00f3jne jab\u0142ko<\/p>\n<\/li>\n<li>\n<p data-path-to-node=\"41,2,0\"><b data-path-to-node=\"41,2,0\" data-index-in-node=\"0\">Tryb C:<\/b> Black Dragon Ice<\/p>\n<\/li>\n<li>\n<p data-path-to-node=\"41,3,0\"><b data-path-to-node=\"41,3,0\" data-index-in-node=\"0\">Tryb D:<\/b> Truskawka Kiwi<\/p>\n<\/li>\n<li>\n<p data-path-to-node=\"41,4,0\"><b data-path-to-node=\"41,4,0\" data-index-in-node=\"0\">Mix Highlights:<\/b> <b data-path-to-node=\"41,4,0\" data-index-in-node=\"16\">B+C<\/b> oferuje smak shishy \u201cAncient Dragon\u201d, podczas gdy <b data-path-to-node=\"41,4,0\" data-index-in-node=\"67\">A+D<\/b> zapewnia cierpki poncz je\u017cynowo-kiwi.<\/p>\n<\/li>\n<\/ul>\n<h2 data-path-to-node=\"42\"><b data-path-to-node=\"42\" data-index-in-node=\"0\">Dla kogo to jest?<\/b><\/h2>\n<p data-path-to-node=\"42\">Byli palacze sziszy i vaperzy, kt\u00f3rzy preferuj\u0105 ziemiste, ciemne owoce, takie jak smoczy owoc i je\u017cyna.<\/p>\n<h2 data-path-to-node=\"15\"><b data-path-to-node=\"15\" data-index-in-node=\"0\">Ocena shishy Dark Fruit<\/b><\/h2>\n<ul data-path-to-node=\"16\">\n<li>\n<p data-path-to-node=\"16,0,0\"><b data-path-to-node=\"16,0,0\" data-index-in-node=\"0\">Do\u015bwiadczenie:<\/b> Nastrojowy i aromatyczny. <b data-path-to-node=\"16,0,0\" data-index-in-node=\"36\">Podw\u00f3jne jab\u0142ko<\/b> Zapewnia wyra\u017ane any\u017cowo-jab\u0142kowe chrupni\u0119cie, kt\u00f3re mo\u017cna znale\u017a\u0107 w salonach z fajk\u0105 wodn\u0105. <b data-path-to-node=\"16,0,0\" data-index-in-node=\"116\">Black Dragon Ice<\/b> dodaje egzotycznej, lekko ziemistej s\u0142odyczy.<\/p>\n<\/li>\n<li>\n<p data-path-to-node=\"16,1,0\"><b data-path-to-node=\"16,1,0\" data-index-in-node=\"0\">Profil mieszany (B+C):<\/b> Pe\u0142nowarto\u015bciowa, g\u0142\u0119boko aromatyczna mieszanka Shisha \u201cDragon-Apple\u201d.<\/p>\n<\/li>\n<li>\n<p data-path-to-node=\"16,2,0\"><b data-path-to-node=\"16,2,0\" data-index-in-node=\"0\">Oceny:<\/b> S\u0142odycz: 3\/5 | Ch\u0142\u00f3d: 3\/5 | Intensywno\u015b\u0107: 5\/5<\/p>\n<\/li>\n<\/ul>\n<h2 data-path-to-node=\"3\"><b data-path-to-node=\"3\" data-index-in-node=\"0\">180k Vape Waspe Crystal 180K 8 w 1 - <\/b><b data-path-to-node=\"21\" data-index-in-node=\"0\">Shisha Dark Fruit | Dane techniczne<\/b><\/h2>\n<table data-path-to-node=\"22\">\n<thead>\n<tr>\n<td><strong>Cecha<\/strong><\/td>\n<td><strong>Szczeg\u00f3\u0142y<\/strong><\/td>\n<\/tr>\n<\/thead>\n<tbody>\n<tr>\n<td><span data-path-to-node=\"22,1,0,0\"><b data-path-to-node=\"22,1,0,0\" data-index-in-node=\"0\">Korzenie smaku<\/b><\/span><\/td>\n<td><span data-path-to-node=\"22,1,1,0\">Podw\u00f3jne jab\u0142ko i czarny smoczy owoc<\/span><\/td>\n<\/tr>\n<tr>\n<td><span data-path-to-node=\"22,2,0,0\"><b data-path-to-node=\"22,2,0,0\" data-index-in-node=\"0\">Puff Count<\/b><\/span><\/td>\n<td><span data-path-to-node=\"22,2,1,0\"><b data-path-to-node=\"22,2,1,0\" data-index-in-node=\"0\">Waspe Crystal 180k<\/b> (180,000)<\/span><\/td>\n<\/tr>\n<tr>\n<td><span data-path-to-node=\"22,3,0,0\"><b data-path-to-node=\"22,3,0,0\" data-index-in-node=\"0\">Shisha Experience<\/b><\/span><\/td>\n<td><span data-path-to-node=\"22,3,1,0\">\u2605\u2605\u2605\u2605\u2606 (Authentic Hookah Feel)<\/span><\/td>\n<\/tr>\n<tr>\n<td><span data-path-to-node=\"22,4,0,0\"><b data-path-to-node=\"22,4,0,0\" data-index-in-node=\"0\">Waga<\/b><\/span><\/td>\n<td><span data-path-to-node=\"22,4,1,0\">180g Ergonomiczna obudowa<\/span><\/td>\n<\/tr>\n<tr>\n<td><span data-path-to-node=\"22,5,0,0\"><b data-path-to-node=\"22,5,0,0\" data-index-in-node=\"0\">Logika nikotyny<\/b><\/span><\/td>\n<td><span data-path-to-node=\"22,5,1,0\">0\/2\/5% Dost\u0119pne opcje<\/span><\/td>\n<\/tr>\n<tr>\n<td><span data-path-to-node=\"22,6,0,0\"><b data-path-to-node=\"22,6,0,0\" data-index-in-node=\"0\">Odporno\u015b\u0107 cewki<\/b><\/span><\/td>\n<td><span data-path-to-node=\"22,6,1,0\">Konfiguracja siatki Quad-1.0\u03a9<\/span><\/td>\n<\/tr>\n<tr>\n<td><span data-path-to-node=\"22,7,0,0\"><b data-path-to-node=\"22,7,0,0\" data-index-in-node=\"0\">Najlepsze dla<\/b><\/span><\/td>\n<td><span data-path-to-node=\"22,7,1,0\">Relaksuj\u0105ce sesje wieczorne<\/span><\/td>\n<\/tr>\n<\/tbody>\n<\/table>\n<h2 data-path-to-node=\"2\"><b data-path-to-node=\"2\" data-index-in-node=\"0\">Dla kogo przeznaczony jest model Waspe Crystal 180k?<\/b><\/h2>\n<h3 data-path-to-node=\"13\"><b data-path-to-node=\"13\" data-index-in-node=\"0\">Nabywcy hurtowi i B2B kieruj\u0105cy si\u0119 warto\u015bci\u0105<\/b><\/h3>\n<p data-path-to-node=\"14\">Dla w\u0142a\u015bcicieli sklep\u00f3w i dystrybutor\u00f3w <b data-path-to-node=\"14\" data-index-in-node=\"38\">180k Vape Waspe Crystal<\/b> reprezentuje najwy\u017csz\u0105 warto\u015b\u0107 na jednostk\u0119 na rynku.<\/p>\n<ul data-path-to-node=\"15\">\n<li>\n<p data-path-to-node=\"15,0,0\"><b data-path-to-node=\"15,0,0\" data-index-in-node=\"0\">Idealny dla:<\/b> W\u0142a\u015bciciele sklep\u00f3w Vape szukaj\u0105 \u201cproduktu-bohatera\u201d, kt\u00f3ry przyci\u0105gnie klient\u00f3w dzi\u0119ki unikalnej funkcji 8 w 1.<\/p>\n<\/li>\n<li>\n<p data-path-to-node=\"15,1,0\"><b data-path-to-node=\"15,1,0\" data-index-in-node=\"0\">Korzy\u015bci:<\/b> Gotowe do sprzeda\u017cy detalicznej 10-pakowe ekspozytory i waga 180 g nadaj\u0105 temu produktowi wysok\u0105 postrzegan\u0105 warto\u015b\u0107, dzi\u0119ki czemu jest on \u0142atwy w sprzeda\u017cy dla klient\u00f3w premium.<\/p>\n<\/li>\n<\/ul>\n<h3 data-path-to-node=\"77\"><b data-path-to-node=\"77\" data-index-in-node=\"0\">Dalsze zalecenia:<\/b><\/h3>\n<p data-path-to-node=\"78\">Odkryj jeszcze wi\u0119cej niesamowitych smak\u00f3w dzi\u0119ki 180k Vape Waspe Crystal 180K 8 w 1 <b data-path-to-node=\"78\" data-index-in-node=\"47\">zaci\u0105gni\u0119cia<\/b>!<\/p>\n<p data-path-to-node=\"79\"><a class=\"ng-star-inserted\" href=\"https:\/\/vozolvapen.de\/pl\/product-category\/waspe-vape\/180k-vape-waspe-crystal-180k-8-in-1\/\" target=\"_blank\" rel=\"noopener noreferrer nofollow\" data-hveid=\"0\" data-ved=\"0CAAQ_4QMahgKEwjxyYqx9_CRAxUAAAAAHQAAAAAQ9wE\">Zobacz wszystkie odmiany tutaj \u2192<\/a><\/p>\n<p data-path-to-node=\"80\">Zapoznaj si\u0119 z nasz\u0105 pe\u0142n\u0105 kolekcj\u0105 i kupuj produkty najlepszych marek vape, kt\u00f3re pokochasz.<\/p>\n<p data-path-to-node=\"81\"><a class=\"ng-star-inserted\" href=\"https:\/\/vozolvapen.de\/pl\/\" target=\"_blank\" rel=\"noopener noreferrer nofollow\" data-hveid=\"0\" data-ved=\"0CAAQ_4QMahgKEwjxyYqx9_CRAxUAAAAAHQAAAAAQ-AE\">Przegl\u0105daj teraz wszystkie marki \u2192<\/a><\/p>\n<p data-path-to-node=\"82\">Sprawd\u017a ca\u0142o\u015b\u0107\u00a0<b data-path-to-node=\"82\" data-index-in-node=\"23\">Waspe Aiviou<\/b>\u00a0Seria - ka\u017cdy smak, ka\u017cdy styl!<\/p>\n<p data-path-to-node=\"83\"><a class=\"ng-star-inserted\" href=\"https:\/\/vozolvapen.de\/pl\/product-category\/waspe-vape\/\" target=\"_blank\" rel=\"noopener noreferrer nofollow\" data-hveid=\"0\" data-ved=\"0CAAQ_4QMahgKEwjxyYqx9_CRAxUAAAAAHQAAAAAQ-QE\">Zobacz pe\u0142n\u0105 kolekcj\u0119 Waspe \u2192<\/a><\/p>\n<h2 data-path-to-node=\"2\"><b data-path-to-node=\"2\" data-index-in-node=\"0\">Dlaczego warto wybra\u0107 nas dla Waspe Crystal 180k?<\/b><\/h2>\n<p data-path-to-node=\"3\">The <b data-path-to-node=\"3\" data-index-in-node=\"4\">Waspe Crystal 8 w 1<\/b> to rewolucyjny sprz\u0119t, a miejsce jego zakupu ma znaczenie. Jeste\u015bmy wiod\u0105cym partnerem dla <b data-path-to-node=\"3\" data-index-in-node=\"124\">WASPE Vape<\/b> w Europie, oferuj\u0105c skal\u0119 logistyczn\u0105 i do\u015bwiadczenie w zakresie produkt\u00f3w wymagane do obs\u0142ugi ogromnych <b data-path-to-node=\"3\" data-index-in-node=\"230\">180 tys. puff\u00f3w<\/b> technologia.<\/p>\n<h3 data-path-to-node=\"4\"><b data-path-to-node=\"4\" data-index-in-node=\"0\">1. 100% Authentic WASPE Direct Supply<\/b><\/h3>\n<p data-path-to-node=\"5\">Na rynku wype\u0142nionym klonami, autentyczno\u015b\u0107 jest wszystkim - szczeg\u00f3lnie w przypadku urz\u0105dze\u0144 o wysokiej warto\u015bci, takich jak <b data-path-to-node=\"5\" data-index-in-node=\"103\">180k vape<\/b>. Mamy do czynienia bezpo\u015brednio z <b data-path-to-node=\"5\" data-index-in-node=\"140\">WASPE<\/b> fabryka, aby zapewni\u0107:<\/p>\n<ul data-path-to-node=\"6\">\n<li>\n<p data-path-to-node=\"6,0,0\">Ka\u017cde urz\u0105dzenie jest wyposa\u017cone w oryginalne <b data-path-to-node=\"6,0,0\" data-index-in-node=\"34\">Poczw\u00f3rna cewka siatkowa<\/b> system.<\/p>\n<\/li>\n<li>\n<p data-path-to-node=\"6,1,0\">The <b data-path-to-node=\"6,1,0\" data-index-in-node=\"4\">68 ml e-liquidu<\/b> Zbiornik zawiera wysokiej jako\u015bci sok testowany laboratoryjnie.<\/p>\n<\/li>\n<li>\n<p data-path-to-node=\"6,2,0\">The <b data-path-to-node=\"6,2,0\" data-index-in-node=\"4\">Inteligentny wy\u015bwietlacz LED<\/b> i sprz\u0119t prze\u0142\u0105czaj\u0105cy s\u0105 funkcjonalne i przetestowane pod k\u0105tem jako\u015bci 100%.<\/p>\n<\/li>\n<\/ul>\n<h3 data-path-to-node=\"7\"><b data-path-to-node=\"7\" data-index-in-node=\"0\">2. Wiod\u0105ca w bran\u017cy logistyka UE (dostawa w ci\u0105gu 1-3 dni)<\/b><\/h3>\n<p data-path-to-node=\"8\">Nie czekaj tygodniami na <b data-path-to-node=\"8\" data-index-in-node=\"26\">Waspe 180 tys.<\/b> z zagranicy. Wszystkie zam\u00f3wienia wysy\u0142amy bezpo\u015brednio z naszego <b data-path-to-node=\"8\" data-index-in-node=\"99\">Europejskie magazyny<\/b>.<\/p>\n<ul data-path-to-node=\"9\">\n<li>\n<p data-path-to-node=\"9,0,0\"><b data-path-to-node=\"9,0,0\" data-index-in-node=\"0\">Bez k\u0142opot\u00f3w celnych:<\/b> Poniewa\u017c wysy\u0142amy na terenie UE, nie ma \u017cadnych ukrytych podatk\u00f3w, ce\u0142 ani zaj\u0119\u0107 celnych.<\/p>\n<\/li>\n<li>\n<p data-path-to-node=\"9,1,0\"><b data-path-to-node=\"9,1,0\" data-index-in-node=\"0\">Szybka realizacja:<\/b> Typowa dostawa zajmuje tylko 1-3 dni robocze.<\/p>\n<\/li>\n<li>\n<p data-path-to-node=\"9,2,0\"><b data-path-to-node=\"9,2,0\" data-index-in-node=\"0\">Bezpieczna obs\u0142uga:<\/b> Nasze opakowanie jest wzmocnione, aby chroni\u0107 wysokiej jako\u015bci obudow\u0119 kryszta\u0142ow\u0105 o wadze 180 g podczas transportu.<\/p>\n<\/li>\n<\/ul>\n<h3 data-path-to-node=\"10\"><b data-path-to-node=\"10\" data-index-in-node=\"0\">3. Specjalista ds. sprzeda\u017cy hurtowej i B2B<\/b><\/h3>\n<p data-path-to-node=\"11\">Rozumiemy potrzeby w\u0142a\u015bcicieli i dystrybutor\u00f3w vape shop\u00f3w. The <b data-path-to-node=\"11\" data-index-in-node=\"66\">Waspe Crystal 180k<\/b> jest przedmiotem o wysokim popycie, kt\u00f3ry wymaga profesjonalnej obs\u0142ugi.<\/p>\n<ul data-path-to-node=\"12\">\n<li>\n<p data-path-to-node=\"12,0,0\"><b data-path-to-node=\"12,0,0\" data-index-in-node=\"0\">Opakowanie gotowe do sprzeda\u017cy detalicznej:<\/b> Ka\u017cde 10 sztuk jest dostarczane w profesjonalnym pude\u0142ku ekspozycyjnym zaprojektowanym z my\u015bl\u0105 o wysokiej jako\u015bci p\u00f3\u0142kach sklepowych.<\/p>\n<\/li>\n<li>\n<p data-path-to-node=\"12,1,0\"><b data-path-to-node=\"12,1,0\" data-index-in-node=\"0\">Ceny warstwowe:<\/b> Oferujemy najbardziej konkurencyjne stawki hurtowe w UE dla <b data-path-to-node=\"12,1,0\" data-index-in-node=\"76\">vape 180 tys. zaci\u0105gni\u0119\u0107<\/b> urz\u0105dzenia.<\/p>\n<\/li>\n<li>\n<p data-path-to-node=\"12,2,0\"><b data-path-to-node=\"12,2,0\" data-index-in-node=\"0\">Stabilne akcje:<\/b> Utrzymujemy wysoki poziom zapas\u00f3w wszystkich 12 <b data-path-to-node=\"12,2,0\" data-index-in-node=\"58\">Smaki 8 w 1<\/b> edycje.<\/p>\n<\/li>\n<\/ul>\n<h3 data-path-to-node=\"13\"><b data-path-to-node=\"13\" data-index-in-node=\"0\">4. Wiedza techniczna i wsparcie posprzeda\u017cowe<\/b><\/h3>\n<p data-path-to-node=\"14\">The <b data-path-to-node=\"14\" data-index-in-node=\"4\">Waspe Crystal 180k<\/b> jest bardziej z\u0142o\u017cony ni\u017c standardowy jednorazowy. Nasz zesp\u00f3\u0142 sk\u0142ada si\u0119 z ekspert\u00f3w w dziedzinie waporyzacji, kt\u00f3rzy rozumiej\u0105 <b data-path-to-node=\"14\" data-index-in-node=\"122\">System prze\u0142\u0105czania 8 w 1<\/b>.<\/p>\n<ul data-path-to-node=\"15\">\n<li>\n<p data-path-to-node=\"15,0,0\"><b data-path-to-node=\"15,0,0\" data-index-in-node=\"0\">Rozwi\u0105zywanie problem\u00f3w:<\/b> Potrzebujesz pomocy w wyja\u015bnieniu klientowi trybu A+B? Zapewniamy przewodniki i wsparcie, kt\u00f3rych potrzebujesz.<\/p>\n<\/li>\n<li>\n<p data-path-to-node=\"15,1,0\"><b data-path-to-node=\"15,1,0\" data-index-in-node=\"0\">Bezpiecze\u0144stwo akumulatora:<\/b> Zapewniamy jasne instrukcje dotycz\u0105ce \u0142adowania baterii 650 mAh przez Type-C, aby zmaksymalizowa\u0107 jej \u017cywotno\u015b\u0107. <b data-path-to-node=\"15,1,0\" data-index-in-node=\"116\">68 ml<\/b> zbiornik.<\/p>\n<\/li>\n<\/ul>","protected":false},"excerpt":{"rendered":"<p>Zainspirowany wysokiej klasy salonami shisha <b data-path-to-node=\"16,2,0\" data-index-in-node=\"59\">Shisha Waspe 180k z ciemnymi owocami<\/b> zapewnia g\u0142\u0119bi\u0119 Double Apple i Black Dragon Ice w wygodnym jednorazowym formacie. Wytrzyma\u0142y <b data-path-to-node=\"16,2,0\" data-index-in-node=\"190\">Smaki 8 w 1<\/b> urz\u0105dzenie oferuj\u0105ce nastrojowe, aromatyczne doznania przez 180 000 zaci\u0105gni\u0119\u0107.<\/p>","protected":false},"featured_media":65135,"comment_status":"open","ping_status":"closed","template":"","meta":{"_acf_changed":false},"product_brand":[],"product_cat":[122],"product_tag":[],"class_list":{"0":"post-64876","1":"product","2":"type-product","3":"status-publish","4":"has-post-thumbnail","6":"product_cat-180k-vape-waspe-crystal-180k-8-in-1","8":"first","9":"instock","10":"shipping-taxable","11":"purchasable","12":"product-type-variable"},"acf":[],"yoast_head":"<!-- This site is optimized with the Yoast SEO Premium plugin v26.1 (Yoast SEO v27.5) - https:\/\/yoast.com\/product\/yoast-seo-premium-wordpress\/ -->\n<title>Waspe Crystal 180k Dark Fruit Shisha | 180,000 Puffs 8-in-1 - vozolvapen<\/title>\n<meta name=\"description\" content=\"Shop the Dark Fruit Shisha Waspe 180k. Featuring Double Apple and Black Dragon Ice. The ultimate 180k shisha-style disposable vape.\" \/>\n<meta name=\"robots\" content=\"index, follow, max-snippet:-1, max-image-preview:large, max-video-preview:-1\" \/>\n<link rel=\"canonical\" href=\"https:\/\/vozolvapen.de\/pl\/product\/180k-vape-waspe-crystal-180k-8-in-1-dark-fruit-shisha\/\" \/>\n<meta property=\"og:locale\" content=\"pl_PL\" \/>\n<meta property=\"og:type\" content=\"article\" \/>\n<meta property=\"og:title\" content=\"180k Vape Waspe Crystal 180K 8 in 1 - Dark Fruit Shisha\" \/>\n<meta property=\"og:description\" content=\"Shop the Dark Fruit Shisha Waspe 180k. Featuring Double Apple and Black Dragon Ice. The ultimate 180k shisha-style disposable vape.\" \/>\n<meta property=\"og:url\" content=\"https:\/\/vozolvapen.de\/pl\/product\/180k-vape-waspe-crystal-180k-8-in-1-dark-fruit-shisha\/\" \/>\n<meta property=\"og:site_name\" content=\"vozolvapen\" \/>\n<meta property=\"article:modified_time\" content=\"2026-01-23T07:21:43+00:00\" \/>\n<meta property=\"og:image\" content=\"https:\/\/vozolvapen.de\/wp-content\/uploads\/2026\/01\/180k-Vape-Waspe-Crystal-180K-8-in-1-BLACKBERRY-ICE-DOUBLE-APPLE-BLACK-DRAGON-ICE-STRAWBERRY-KIWI-3.webp\" \/>\n\t<meta property=\"og:image:width\" content=\"1200\" \/>\n\t<meta property=\"og:image:height\" content=\"1200\" \/>\n\t<meta property=\"og:image:type\" content=\"image\/webp\" \/>\n<meta name=\"twitter:card\" content=\"summary_large_image\" \/>\n<meta name=\"twitter:label1\" content=\"Szacowany czas czytania\" \/>\n\t<meta name=\"twitter:data1\" content=\"4 minuty\" \/>\n<script type=\"application\/ld+json\" class=\"yoast-schema-graph\">{\"@context\":\"https:\\\/\\\/schema.org\",\"@graph\":[{\"@type\":\"WebPage\",\"@id\":\"https:\\\/\\\/vozolvapen.de\\\/product\\\/180k-vape-waspe-crystal-180k-8-in-1-dark-fruit-shisha\\\/\",\"url\":\"https:\\\/\\\/vozolvapen.de\\\/product\\\/180k-vape-waspe-crystal-180k-8-in-1-dark-fruit-shisha\\\/\",\"name\":\"Waspe Crystal 180k Dark Fruit Shisha | 180,000 Puffs 8-in-1 - vozolvapen\",\"isPartOf\":{\"@id\":\"https:\\\/\\\/vozolvapen.de\\\/#website\"},\"primaryImageOfPage\":{\"@id\":\"https:\\\/\\\/vozolvapen.de\\\/product\\\/180k-vape-waspe-crystal-180k-8-in-1-dark-fruit-shisha\\\/#primaryimage\"},\"image\":{\"@id\":\"https:\\\/\\\/vozolvapen.de\\\/product\\\/180k-vape-waspe-crystal-180k-8-in-1-dark-fruit-shisha\\\/#primaryimage\"},\"thumbnailUrl\":\"https:\\\/\\\/vozolvapen.de\\\/wp-content\\\/uploads\\\/2026\\\/01\\\/180k-Vape-Waspe-Crystal-180K-8-in-1-BLACKBERRY-ICE-DOUBLE-APPLE-BLACK-DRAGON-ICE-STRAWBERRY-KIWI-3.webp\",\"datePublished\":\"2026-01-23T06:13:31+00:00\",\"dateModified\":\"2026-01-23T07:21:43+00:00\",\"description\":\"Shop the Dark Fruit Shisha Waspe 180k. Featuring Double Apple and Black Dragon Ice. The ultimate 180k shisha-style disposable vape.\",\"breadcrumb\":{\"@id\":\"https:\\\/\\\/vozolvapen.de\\\/product\\\/180k-vape-waspe-crystal-180k-8-in-1-dark-fruit-shisha\\\/#breadcrumb\"},\"inLanguage\":\"pl-PL\",\"potentialAction\":[{\"@type\":\"ReadAction\",\"target\":[\"https:\\\/\\\/vozolvapen.de\\\/product\\\/180k-vape-waspe-crystal-180k-8-in-1-dark-fruit-shisha\\\/\"]}]},{\"@type\":\"ImageObject\",\"inLanguage\":\"pl-PL\",\"@id\":\"https:\\\/\\\/vozolvapen.de\\\/product\\\/180k-vape-waspe-crystal-180k-8-in-1-dark-fruit-shisha\\\/#primaryimage\",\"url\":\"https:\\\/\\\/vozolvapen.de\\\/wp-content\\\/uploads\\\/2026\\\/01\\\/180k-Vape-Waspe-Crystal-180K-8-in-1-BLACKBERRY-ICE-DOUBLE-APPLE-BLACK-DRAGON-ICE-STRAWBERRY-KIWI-3.webp\",\"contentUrl\":\"https:\\\/\\\/vozolvapen.de\\\/wp-content\\\/uploads\\\/2026\\\/01\\\/180k-Vape-Waspe-Crystal-180K-8-in-1-BLACKBERRY-ICE-DOUBLE-APPLE-BLACK-DRAGON-ICE-STRAWBERRY-KIWI-3.webp\",\"width\":1200,\"height\":1200,\"caption\":\"180k Vape Waspe Crystal 180K 8 in 1 - BLACKBERRY ICE & DOUBLE APPLE & BLACK DRAGON ICE & STRAWBERRY KIWI (3)\"},{\"@type\":\"BreadcrumbList\",\"@id\":\"https:\\\/\\\/vozolvapen.de\\\/product\\\/180k-vape-waspe-crystal-180k-8-in-1-dark-fruit-shisha\\\/#breadcrumb\",\"itemListElement\":[{\"@type\":\"ListItem\",\"position\":1,\"name\":\"Home\",\"item\":\"https:\\\/\\\/vozolvapen.de\\\/de\\\/\"},{\"@type\":\"ListItem\",\"position\":2,\"name\":\"Shop\",\"item\":\"https:\\\/\\\/vozolvapen.de\\\/shop\\\/\"},{\"@type\":\"ListItem\",\"position\":3,\"name\":\"180k Vape Waspe Crystal 180K 8 in 1 &#8211; Dark Fruit Shisha\"}]},{\"@type\":\"WebSite\",\"@id\":\"https:\\\/\\\/vozolvapen.de\\\/#website\",\"url\":\"https:\\\/\\\/vozolvapen.de\\\/\",\"name\":\"vozolvapen\",\"description\":\"vozolvapen\",\"publisher\":{\"@id\":\"https:\\\/\\\/vozolvapen.de\\\/#organization\"},\"potentialAction\":[{\"@type\":\"SearchAction\",\"target\":{\"@type\":\"EntryPoint\",\"urlTemplate\":\"https:\\\/\\\/vozolvapen.de\\\/?s={search_term_string}\"},\"query-input\":{\"@type\":\"PropertyValueSpecification\",\"valueRequired\":true,\"valueName\":\"search_term_string\"}}],\"inLanguage\":\"pl-PL\"},{\"@type\":\"Organization\",\"@id\":\"https:\\\/\\\/vozolvapen.de\\\/#organization\",\"name\":\"vozolvapen\",\"url\":\"https:\\\/\\\/vozolvapen.de\\\/\",\"logo\":{\"@type\":\"ImageObject\",\"inLanguage\":\"pl-PL\",\"@id\":\"https:\\\/\\\/vozolvapen.de\\\/#\\\/schema\\\/logo\\\/image\\\/\",\"url\":\"https:\\\/\\\/vozolvapen.de\\\/wp-content\\\/uploads\\\/2025\\\/12\\\/cropped-vozovapen-logo.webp\",\"contentUrl\":\"https:\\\/\\\/vozolvapen.de\\\/wp-content\\\/uploads\\\/2025\\\/12\\\/cropped-vozovapen-logo.webp\",\"width\":470,\"height\":110,\"caption\":\"vozolvapen\"},\"image\":{\"@id\":\"https:\\\/\\\/vozolvapen.de\\\/#\\\/schema\\\/logo\\\/image\\\/\"}}]}<\/script>\n<!-- \/ Yoast SEO Premium plugin. -->","yoast_head_json":{"title":"Waspe Crystal 180k Dark Fruit Shisha | 180,000 Puffs 8-in-1 - vozolvapen","description":"Kupuj fajk\u0119 Dark Fruit Shisha Waspe 180k. Zawiera podw\u00f3jne jab\u0142ko i l\u00f3d Black Dragon. Najlepszy jednorazowy vape w stylu shishy 180k.","robots":{"index":"index","follow":"follow","max-snippet":"max-snippet:-1","max-image-preview":"max-image-preview:large","max-video-preview":"max-video-preview:-1"},"canonical":"https:\/\/vozolvapen.de\/pl\/product\/180k-vape-waspe-crystal-180k-8-in-1-dark-fruit-shisha\/","og_locale":"pl_PL","og_type":"article","og_title":"180k Vape Waspe Crystal 180K 8 in 1 - Dark Fruit Shisha","og_description":"Shop the Dark Fruit Shisha Waspe 180k. Featuring Double Apple and Black Dragon Ice. The ultimate 180k shisha-style disposable vape.","og_url":"https:\/\/vozolvapen.de\/pl\/product\/180k-vape-waspe-crystal-180k-8-in-1-dark-fruit-shisha\/","og_site_name":"vozolvapen","article_modified_time":"2026-01-23T07:21:43+00:00","og_image":[{"width":1200,"height":1200,"url":"https:\/\/vozolvapen.de\/wp-content\/uploads\/2026\/01\/180k-Vape-Waspe-Crystal-180K-8-in-1-BLACKBERRY-ICE-DOUBLE-APPLE-BLACK-DRAGON-ICE-STRAWBERRY-KIWI-3.webp","type":"image\/webp"}],"twitter_card":"summary_large_image","twitter_misc":{"Szacowany czas czytania":"4 minuty"},"schema":{"@context":"https:\/\/schema.org","@graph":[{"@type":"WebPage","@id":"https:\/\/vozolvapen.de\/product\/180k-vape-waspe-crystal-180k-8-in-1-dark-fruit-shisha\/","url":"https:\/\/vozolvapen.de\/product\/180k-vape-waspe-crystal-180k-8-in-1-dark-fruit-shisha\/","name":"Waspe Crystal 180k Dark Fruit Shisha | 180,000 Puffs 8-in-1 - vozolvapen","isPartOf":{"@id":"https:\/\/vozolvapen.de\/#website"},"primaryImageOfPage":{"@id":"https:\/\/vozolvapen.de\/product\/180k-vape-waspe-crystal-180k-8-in-1-dark-fruit-shisha\/#primaryimage"},"image":{"@id":"https:\/\/vozolvapen.de\/product\/180k-vape-waspe-crystal-180k-8-in-1-dark-fruit-shisha\/#primaryimage"},"thumbnailUrl":"https:\/\/vozolvapen.de\/wp-content\/uploads\/2026\/01\/180k-Vape-Waspe-Crystal-180K-8-in-1-BLACKBERRY-ICE-DOUBLE-APPLE-BLACK-DRAGON-ICE-STRAWBERRY-KIWI-3.webp","datePublished":"2026-01-23T06:13:31+00:00","dateModified":"2026-01-23T07:21:43+00:00","description":"Kupuj fajk\u0119 Dark Fruit Shisha Waspe 180k. Zawiera podw\u00f3jne jab\u0142ko i l\u00f3d Black Dragon. Najlepszy jednorazowy vape w stylu shishy 180k.","breadcrumb":{"@id":"https:\/\/vozolvapen.de\/product\/180k-vape-waspe-crystal-180k-8-in-1-dark-fruit-shisha\/#breadcrumb"},"inLanguage":"pl-PL","potentialAction":[{"@type":"ReadAction","target":["https:\/\/vozolvapen.de\/product\/180k-vape-waspe-crystal-180k-8-in-1-dark-fruit-shisha\/"]}]},{"@type":"ImageObject","inLanguage":"pl-PL","@id":"https:\/\/vozolvapen.de\/product\/180k-vape-waspe-crystal-180k-8-in-1-dark-fruit-shisha\/#primaryimage","url":"https:\/\/vozolvapen.de\/wp-content\/uploads\/2026\/01\/180k-Vape-Waspe-Crystal-180K-8-in-1-BLACKBERRY-ICE-DOUBLE-APPLE-BLACK-DRAGON-ICE-STRAWBERRY-KIWI-3.webp","contentUrl":"https:\/\/vozolvapen.de\/wp-content\/uploads\/2026\/01\/180k-Vape-Waspe-Crystal-180K-8-in-1-BLACKBERRY-ICE-DOUBLE-APPLE-BLACK-DRAGON-ICE-STRAWBERRY-KIWI-3.webp","width":1200,"height":1200,"caption":"180k Vape Waspe Crystal 180K 8 in 1 - BLACKBERRY ICE & DOUBLE APPLE & BLACK DRAGON ICE & STRAWBERRY KIWI (3)"},{"@type":"BreadcrumbList","@id":"https:\/\/vozolvapen.de\/product\/180k-vape-waspe-crystal-180k-8-in-1-dark-fruit-shisha\/#breadcrumb","itemListElement":[{"@type":"ListItem","position":1,"name":"Home","item":"https:\/\/vozolvapen.de\/de\/"},{"@type":"ListItem","position":2,"name":"Shop","item":"https:\/\/vozolvapen.de\/shop\/"},{"@type":"ListItem","position":3,"name":"180k Vape Waspe Crystal 180K 8 in 1 &#8211; Dark Fruit Shisha"}]},{"@type":"WebSite","@id":"https:\/\/vozolvapen.de\/#website","url":"https:\/\/vozolvapen.de\/","name":"vozolvapen","description":"vozolvapen","publisher":{"@id":"https:\/\/vozolvapen.de\/#organization"},"potentialAction":[{"@type":"SearchAction","target":{"@type":"EntryPoint","urlTemplate":"https:\/\/vozolvapen.de\/?s={search_term_string}"},"query-input":{"@type":"PropertyValueSpecification","valueRequired":true,"valueName":"search_term_string"}}],"inLanguage":"pl-PL"},{"@type":"Organization","@id":"https:\/\/vozolvapen.de\/#organization","name":"vozolvapen","url":"https:\/\/vozolvapen.de\/","logo":{"@type":"ImageObject","inLanguage":"pl-PL","@id":"https:\/\/vozolvapen.de\/#\/schema\/logo\/image\/","url":"https:\/\/vozolvapen.de\/wp-content\/uploads\/2025\/12\/cropped-vozovapen-logo.webp","contentUrl":"https:\/\/vozolvapen.de\/wp-content\/uploads\/2025\/12\/cropped-vozovapen-logo.webp","width":470,"height":110,"caption":"vozolvapen"},"image":{"@id":"https:\/\/vozolvapen.de\/#\/schema\/logo\/image\/"}}]}},"tiered_pricing_type":"fixed","tiered_pricing_fixed_rules":{"30":"14","50":"12","100":"11.8","200":"10.5"},"tiered_pricing_product_settings":{"layout":"default","base_unit_name":{"singular":null,"plural":null},"default_variation":{}},"tiered_pricing_minimum_quantity":10,"tiered_pricing_roles_data":[],"tiered_pricing_percentage_rules":[],"tiered_pricing_maximum_quantity":null,"tiered_pricing_quantity_step":"10","_links":{"self":[{"href":"http:\/\/vozolvapen.de\/pl\/wp-json\/wp\/v2\/product\/64876","targetHints":{"allow":["GET"]}}],"collection":[{"href":"http:\/\/vozolvapen.de\/pl\/wp-json\/wp\/v2\/product"}],"about":[{"href":"http:\/\/vozolvapen.de\/pl\/wp-json\/wp\/v2\/types\/product"}],"replies":[{"embeddable":true,"href":"http:\/\/vozolvapen.de\/pl\/wp-json\/wp\/v2\/comments?post=64876"}],"wp:featuredmedia":[{"embeddable":true,"href":"http:\/\/vozolvapen.de\/pl\/wp-json\/wp\/v2\/media\/65135"}],"wp:attachment":[{"href":"http:\/\/vozolvapen.de\/pl\/wp-json\/wp\/v2\/media?parent=64876"}],"wp:term":[{"taxonomy":"product_brand","embeddable":true,"href":"http:\/\/vozolvapen.de\/pl\/wp-json\/wp\/v2\/product_brand?post=64876"},{"taxonomy":"product_cat","embeddable":true,"href":"http:\/\/vozolvapen.de\/pl\/wp-json\/wp\/v2\/product_cat?post=64876"},{"taxonomy":"product_tag","embeddable":true,"href":"http:\/\/vozolvapen.de\/pl\/wp-json\/wp\/v2\/product_tag?post=64876"}],"curies":[{"name":"wp","href":"https:\/\/api.w.org\/{rel}","templated":true}]}}