{"id":64996,"date":"2026-01-23T06:13:37","date_gmt":"2026-01-23T06:13:37","guid":{"rendered":"https:\/\/vozolvapen.de\/?post_type=product&#038;p=64996"},"modified":"2026-01-23T07:22:24","modified_gmt":"2026-01-23T07:22:24","slug":"180k-vape-waspe-crystal-180k-8-in-1-red-fruit-splash","status":"publish","type":"product","link":"http:\/\/vozolvapen.de\/pl\/product\/180k-vape-waspe-crystal-180k-8-in-1-red-fruit-splash\/","title":{"rendered":"180k Vape Waspe Crystal 180K 8 w 1 - Red Fruit Splash"},"content":{"rendered":"<h1>Waspe Crystal 180k - Red Fruit Splash<\/h1>\n<p data-path-to-node=\"58\">\u015awi\u0119to czerwonych i r\u00f3\u017cowych owoc\u00f3w! The <b data-path-to-node=\"58\" data-index-in-node=\"60\">Red Fruit Splash<\/b> \u0142\u0105czy w sobie to, co najlepsze w arbuzie, truskawce i wi\u015bni. To <b data-path-to-node=\"58\" data-index-in-node=\"139\">Waspe Crystal 180k<\/b> to najbardziej \u201cprzyst\u0119pna\u201d edycja, oferuj\u0105ca smaki, kt\u00f3re wszyscy uwielbiaj\u0105 w masywnej formie. <b data-path-to-node=\"58\" data-index-in-node=\"244\">68 ml<\/b> format.<\/p>\n<ul data-path-to-node=\"59\">\n<li>\n<p data-path-to-node=\"59,0,0\"><b data-path-to-node=\"59,0,0\" data-index-in-node=\"0\">Tryb A:<\/b> Truskawka Malina Wi\u015bnia<\/p>\n<\/li>\n<li>\n<p data-path-to-node=\"59,1,0\"><b data-path-to-node=\"59,1,0\" data-index-in-node=\"0\">Tryb B:<\/b> Arbuz truskawkowy<\/p>\n<\/li>\n<li>\n<p data-path-to-node=\"59,2,0\"><b data-path-to-node=\"59,2,0\" data-index-in-node=\"0\">Tryb C:<\/b> Arbuz Kiwi<\/p>\n<\/li>\n<li>\n<p data-path-to-node=\"59,3,0\"><b data-path-to-node=\"59,3,0\" data-index-in-node=\"0\">Tryb D:<\/b> Lemon Lime<\/p>\n<\/li>\n<li>\n<p data-path-to-node=\"59,4,0\"><b data-path-to-node=\"59,4,0\" data-index-in-node=\"0\">Mix Highlights:<\/b> <b data-path-to-node=\"59,4,0\" data-index-in-node=\"16\">B+C<\/b> to do\u015bwiadczenie \u201cUltimate Watermelon\u201d, podczas gdy <b data-path-to-node=\"59,4,0\" data-index-in-node=\"67\">A+D<\/b> dodaje cytrusowy akcent do jag\u00f3d.<\/p>\n<\/li>\n<\/ul>\n<h2 data-path-to-node=\"60\"><b data-path-to-node=\"60\" data-index-in-node=\"0\">Dla kogo to jest?<\/b><\/h2>\n<p data-path-to-node=\"60\">\u201cBezpieczny\u201d wyb\u00f3r na prezent lub dla kupuj\u0105cych hurtowo - s\u0105 to najpopularniejsze na \u015bwiecie po\u0142\u0105czenia owoc\u00f3w.<\/p>\n<h2 data-path-to-node=\"21\"><b data-path-to-node=\"21\" data-index-in-node=\"0\">Red Fruit Splash | Ocena<\/b><\/h2>\n<ul data-path-to-node=\"22\">\n<li>\n<p data-path-to-node=\"22,0,0\"><b data-path-to-node=\"22,0,0\" data-index-in-node=\"0\">Do\u015bwiadczenie:<\/b> Najlepszy spos\u00f3b na przyci\u0105gni\u0119cie t\u0142um\u00f3w. Po\u0142\u0105czenie <b data-path-to-node=\"22,0,0\" data-index-in-node=\"63\">Truskawka, malina i wi\u015bnia<\/b> w trybie A jest niesamowicie soczysty. Tryb B (<b data-path-to-node=\"22,0,0\" data-index-in-node=\"135\">Arbuz truskawkowy<\/b>) to klasyczny s\u0142odki letni hit.<\/p>\n<\/li>\n<li>\n<p data-path-to-node=\"22,1,0\"><b data-path-to-node=\"22,1,0\" data-index-in-node=\"0\">Profil mieszany (B+C):<\/b> Do\u015bwiadczenie \u201cMega-Melon\u201d, kt\u00f3re jest lekkie, soczyste i nigdy nie jest md\u0142e.<\/p>\n<\/li>\n<li>\n<p data-path-to-node=\"22,2,0\"><b data-path-to-node=\"22,2,0\" data-index-in-node=\"0\">Oceny:<\/b> S\u0142odycz: 4\/5 | Ch\u0142\u00f3d: 3\/5 | Intensywno\u015b\u0107: 4\/5<\/p>\n<\/li>\n<\/ul>\n<h2 data-path-to-node=\"3\"><b data-path-to-node=\"3\" data-index-in-node=\"0\">180k Vape Waspe Crystal 180K 8 w 1 - <\/b><b data-path-to-node=\"30\" data-index-in-node=\"0\">Red Fruit Splash | Specyfikacja techniczna<\/b><\/h2>\n<table data-path-to-node=\"31\">\n<thead>\n<tr>\n<td><strong>Cecha<\/strong><\/td>\n<td><strong>Szczeg\u00f3\u0142y<\/strong><\/td>\n<\/tr>\n<\/thead>\n<tbody>\n<tr>\n<td><span data-path-to-node=\"31,1,0,0\"><b data-path-to-node=\"31,1,0,0\" data-index-in-node=\"0\">Seria<\/b><\/span><\/td>\n<td><span data-path-to-node=\"31,1,1,0\"><b data-path-to-node=\"31,1,1,0\" data-index-in-node=\"0\">Waspe Crystal 180k<\/b> Bestsellery<\/span><\/td>\n<\/tr>\n<tr>\n<td><span data-path-to-node=\"31,2,0,0\"><b data-path-to-node=\"31,2,0,0\" data-index-in-node=\"0\">Flavor Duo<\/b><\/span><\/td>\n<td><span data-path-to-node=\"31,2,1,0\">Truskawka, arbuz i kiwi<\/span><\/td>\n<\/tr>\n<tr>\n<td><span data-path-to-node=\"31,3,0,0\"><b data-path-to-node=\"31,3,0,0\" data-index-in-node=\"0\">Popularno\u015b\u0107<\/b><\/span><\/td>\n<td><span data-path-to-node=\"31,3,1,0\">\u2605\u2605\u2605\u2605\u2605 (Top Rated Edition)<\/span><\/td>\n<\/tr>\n<tr>\n<td><span data-path-to-node=\"31,4,0,0\"><b data-path-to-node=\"31,4,0,0\" data-index-in-node=\"0\">Poziom p\u0142ynu<\/b><\/span><\/td>\n<td><span data-path-to-node=\"31,4,1,0\">68ML wst\u0119pnie nape\u0142niony<\/span><\/td>\n<\/tr>\n<tr>\n<td><span data-path-to-node=\"31,5,0,0\"><b data-path-to-node=\"31,5,0,0\" data-index-in-node=\"0\">Akumulator<\/b><\/span><\/td>\n<td><span data-path-to-node=\"31,5,1,0\">Tak, ogniwo wewn\u0119trzne 650 mAh<\/span><\/td>\n<\/tr>\n<tr>\n<td><span data-path-to-node=\"31,6,0,0\"><b data-path-to-node=\"31,6,0,0\" data-index-in-node=\"0\">Profil smakowy<\/b><\/span><\/td>\n<td><span data-path-to-node=\"31,6,1,0\">Soczysty, s\u0142odki i lekki<\/span><\/td>\n<\/tr>\n<tr>\n<td><span data-path-to-node=\"31,7,0,0\"><b data-path-to-node=\"31,7,0,0\" data-index-in-node=\"0\">Specyfikacja nikotyny<\/b><\/span><\/td>\n<td><span data-path-to-node=\"31,7,1,0\">Nikotyna o niskiej lub wysokiej zawarto\u015bci soli<\/span><\/td>\n<\/tr>\n<\/tbody>\n<\/table>\n<h2 data-path-to-node=\"2\"><b data-path-to-node=\"2\" data-index-in-node=\"0\">Dla kogo przeznaczony jest model Waspe Crystal 180k?<\/b><\/h2>\n<h3 data-path-to-node=\"16\"><b data-path-to-node=\"16\" data-index-in-node=\"0\">U\u017cytkownik \u201cpodr\u00f3\u017cuj\u0105cy\u201d i \u201cw drodze\u201d<\/b><\/h3>\n<p data-path-to-node=\"17\">Je\u015bli wybierasz si\u0119 w d\u0142ug\u0105 podr\u00f3\u017c lub na festiwal i nie chcesz nosi\u0107 ze sob\u0105 torby pe\u0142nej 2 ml kapsu\u0142ek, to <b data-path-to-node=\"17\" data-index-in-node=\"98\">Waspe Crystal 180k<\/b> to wszechstronny towarzysz.<\/p>\n<ul data-path-to-node=\"18\">\n<li>\n<p data-path-to-node=\"18,0,0\"><b data-path-to-node=\"18,0,0\" data-index-in-node=\"0\">Idealny dla:<\/b> Podr\u00f3\u017cni, kierowcy ci\u0119\u017car\u00f3wek lub uczestnicy festiwali, kt\u00f3rzy potrzebuj\u0105 niezawodnego urz\u0105dzenia o du\u017cej pojemno\u015bci.<\/p>\n<\/li>\n<li>\n<p data-path-to-node=\"18,1,0\"><b data-path-to-node=\"18,1,0\" data-index-in-node=\"0\">Korzy\u015bci:<\/b> Jedno urz\u0105dzenie, 8 smak\u00f3w i wystarczaj\u0105ca ilo\u015b\u0107 soku, aby przetrwa\u0107 ca\u0142e wakacje bez konieczno\u015bci tworzenia kopii zapasowej.<\/p>\n<\/li>\n<\/ul>\n<h3 data-path-to-node=\"77\"><b data-path-to-node=\"77\" data-index-in-node=\"0\">Dalsze zalecenia:<\/b><\/h3>\n<p data-path-to-node=\"78\">Odkryj jeszcze wi\u0119cej niesamowitych smak\u00f3w dzi\u0119ki 180k Vape Waspe Crystal 180K 8 w 1 <b data-path-to-node=\"78\" data-index-in-node=\"47\">zaci\u0105gni\u0119cia<\/b>!<\/p>\n<p data-path-to-node=\"79\"><a class=\"ng-star-inserted\" href=\"https:\/\/vozolvapen.de\/pl\/product-category\/waspe-vape\/180k-vape-waspe-crystal-180k-8-in-1\/\" target=\"_blank\" rel=\"noopener noreferrer nofollow\" data-hveid=\"0\" data-ved=\"0CAAQ_4QMahgKEwjxyYqx9_CRAxUAAAAAHQAAAAAQ9wE\">Zobacz wszystkie odmiany tutaj \u2192<\/a><\/p>\n<p data-path-to-node=\"80\">Zapoznaj si\u0119 z nasz\u0105 pe\u0142n\u0105 kolekcj\u0105 i kupuj produkty najlepszych marek vape, kt\u00f3re pokochasz.<\/p>\n<p data-path-to-node=\"81\"><a class=\"ng-star-inserted\" href=\"https:\/\/vozolvapen.de\/pl\/\" target=\"_blank\" rel=\"noopener noreferrer nofollow\" data-hveid=\"0\" data-ved=\"0CAAQ_4QMahgKEwjxyYqx9_CRAxUAAAAAHQAAAAAQ-AE\">Przegl\u0105daj teraz wszystkie marki \u2192<\/a><\/p>\n<p data-path-to-node=\"82\">Sprawd\u017a ca\u0142o\u015b\u0107\u00a0<b data-path-to-node=\"82\" data-index-in-node=\"23\">Waspe Aiviou<\/b>\u00a0Seria - ka\u017cdy smak, ka\u017cdy styl!<\/p>\n<p data-path-to-node=\"83\"><a class=\"ng-star-inserted\" href=\"https:\/\/vozolvapen.de\/pl\/product-category\/waspe-vape\/\" target=\"_blank\" rel=\"noopener noreferrer nofollow\" data-hveid=\"0\" data-ved=\"0CAAQ_4QMahgKEwjxyYqx9_CRAxUAAAAAHQAAAAAQ-QE\">Zobacz pe\u0142n\u0105 kolekcj\u0119 Waspe \u2192<\/a><\/p>\n<h2 data-path-to-node=\"2\"><b data-path-to-node=\"2\" data-index-in-node=\"0\">Dlaczego warto wybra\u0107 nas dla Waspe Crystal 180k?<\/b><\/h2>\n<p data-path-to-node=\"3\">The <b data-path-to-node=\"3\" data-index-in-node=\"4\">Waspe Crystal 8 w 1<\/b> to rewolucyjny sprz\u0119t, a miejsce jego zakupu ma znaczenie. Jeste\u015bmy wiod\u0105cym partnerem dla <b data-path-to-node=\"3\" data-index-in-node=\"124\">WASPE Vape<\/b> w Europie, oferuj\u0105c skal\u0119 logistyczn\u0105 i do\u015bwiadczenie w zakresie produkt\u00f3w wymagane do obs\u0142ugi ogromnych <b data-path-to-node=\"3\" data-index-in-node=\"230\">180 tys. puff\u00f3w<\/b> technologia.<\/p>\n<h3 data-path-to-node=\"4\"><b data-path-to-node=\"4\" data-index-in-node=\"0\">1. 100% Authentic WASPE Direct Supply<\/b><\/h3>\n<p data-path-to-node=\"5\">Na rynku wype\u0142nionym klonami, autentyczno\u015b\u0107 jest wszystkim - szczeg\u00f3lnie w przypadku urz\u0105dze\u0144 o wysokiej warto\u015bci, takich jak <b data-path-to-node=\"5\" data-index-in-node=\"103\">180k vape<\/b>. Mamy do czynienia bezpo\u015brednio z <b data-path-to-node=\"5\" data-index-in-node=\"140\">WASPE<\/b> fabryka, aby zapewni\u0107:<\/p>\n<ul data-path-to-node=\"6\">\n<li>\n<p data-path-to-node=\"6,0,0\">Ka\u017cde urz\u0105dzenie jest wyposa\u017cone w oryginalne <b data-path-to-node=\"6,0,0\" data-index-in-node=\"34\">Poczw\u00f3rna cewka siatkowa<\/b> system.<\/p>\n<\/li>\n<li>\n<p data-path-to-node=\"6,1,0\">The <b data-path-to-node=\"6,1,0\" data-index-in-node=\"4\">68 ml e-liquidu<\/b> Zbiornik zawiera wysokiej jako\u015bci sok testowany laboratoryjnie.<\/p>\n<\/li>\n<li>\n<p data-path-to-node=\"6,2,0\">The <b data-path-to-node=\"6,2,0\" data-index-in-node=\"4\">Inteligentny wy\u015bwietlacz LED<\/b> i sprz\u0119t prze\u0142\u0105czaj\u0105cy s\u0105 funkcjonalne i przetestowane pod k\u0105tem jako\u015bci 100%.<\/p>\n<\/li>\n<\/ul>\n<h3 data-path-to-node=\"7\"><b data-path-to-node=\"7\" data-index-in-node=\"0\">2. Wiod\u0105ca w bran\u017cy logistyka UE (dostawa w ci\u0105gu 1-3 dni)<\/b><\/h3>\n<p data-path-to-node=\"8\">Nie czekaj tygodniami na <b data-path-to-node=\"8\" data-index-in-node=\"26\">Waspe 180 tys.<\/b> z zagranicy. Wszystkie zam\u00f3wienia wysy\u0142amy bezpo\u015brednio z naszego <b data-path-to-node=\"8\" data-index-in-node=\"99\">Europejskie magazyny<\/b>.<\/p>\n<ul data-path-to-node=\"9\">\n<li>\n<p data-path-to-node=\"9,0,0\"><b data-path-to-node=\"9,0,0\" data-index-in-node=\"0\">Bez k\u0142opot\u00f3w celnych:<\/b> Poniewa\u017c wysy\u0142amy na terenie UE, nie ma \u017cadnych ukrytych podatk\u00f3w, ce\u0142 ani zaj\u0119\u0107 celnych.<\/p>\n<\/li>\n<li>\n<p data-path-to-node=\"9,1,0\"><b data-path-to-node=\"9,1,0\" data-index-in-node=\"0\">Szybka realizacja:<\/b> Typowa dostawa zajmuje tylko 1-3 dni robocze.<\/p>\n<\/li>\n<li>\n<p data-path-to-node=\"9,2,0\"><b data-path-to-node=\"9,2,0\" data-index-in-node=\"0\">Bezpieczna obs\u0142uga:<\/b> Nasze opakowanie jest wzmocnione, aby chroni\u0107 wysokiej jako\u015bci obudow\u0119 kryszta\u0142ow\u0105 o wadze 180 g podczas transportu.<\/p>\n<\/li>\n<\/ul>\n<h3 data-path-to-node=\"10\"><b data-path-to-node=\"10\" data-index-in-node=\"0\">3. Specjalista ds. sprzeda\u017cy hurtowej i B2B<\/b><\/h3>\n<p data-path-to-node=\"11\">Rozumiemy potrzeby w\u0142a\u015bcicieli i dystrybutor\u00f3w vape shop\u00f3w. The <b data-path-to-node=\"11\" data-index-in-node=\"66\">Waspe Crystal 180k<\/b> jest przedmiotem o wysokim popycie, kt\u00f3ry wymaga profesjonalnej obs\u0142ugi.<\/p>\n<ul data-path-to-node=\"12\">\n<li>\n<p data-path-to-node=\"12,0,0\"><b data-path-to-node=\"12,0,0\" data-index-in-node=\"0\">Opakowanie gotowe do sprzeda\u017cy detalicznej:<\/b> Ka\u017cde 10 sztuk jest dostarczane w profesjonalnym pude\u0142ku ekspozycyjnym zaprojektowanym z my\u015bl\u0105 o wysokiej jako\u015bci p\u00f3\u0142kach sklepowych.<\/p>\n<\/li>\n<li>\n<p data-path-to-node=\"12,1,0\"><b data-path-to-node=\"12,1,0\" data-index-in-node=\"0\">Ceny warstwowe:<\/b> Oferujemy najbardziej konkurencyjne stawki hurtowe w UE dla <b data-path-to-node=\"12,1,0\" data-index-in-node=\"76\">vape 180 tys. zaci\u0105gni\u0119\u0107<\/b> urz\u0105dzenia.<\/p>\n<\/li>\n<li>\n<p data-path-to-node=\"12,2,0\"><b data-path-to-node=\"12,2,0\" data-index-in-node=\"0\">Stabilne akcje:<\/b> Utrzymujemy wysoki poziom zapas\u00f3w wszystkich 12 <b data-path-to-node=\"12,2,0\" data-index-in-node=\"58\">Smaki 8 w 1<\/b> edycje.<\/p>\n<\/li>\n<\/ul>\n<h3 data-path-to-node=\"13\"><b data-path-to-node=\"13\" data-index-in-node=\"0\">4. Wiedza techniczna i wsparcie posprzeda\u017cowe<\/b><\/h3>\n<p data-path-to-node=\"14\">The <b data-path-to-node=\"14\" data-index-in-node=\"4\">Waspe Crystal 180k<\/b> jest bardziej z\u0142o\u017cony ni\u017c standardowy jednorazowy. Nasz zesp\u00f3\u0142 sk\u0142ada si\u0119 z ekspert\u00f3w w dziedzinie waporyzacji, kt\u00f3rzy rozumiej\u0105 <b data-path-to-node=\"14\" data-index-in-node=\"122\">System prze\u0142\u0105czania 8 w 1<\/b>.<\/p>\n<ul data-path-to-node=\"15\">\n<li>\n<p data-path-to-node=\"15,0,0\"><b data-path-to-node=\"15,0,0\" data-index-in-node=\"0\">Rozwi\u0105zywanie problem\u00f3w:<\/b> Potrzebujesz pomocy w wyja\u015bnieniu klientowi trybu A+B? Zapewniamy przewodniki i wsparcie, kt\u00f3rych potrzebujesz.<\/p>\n<\/li>\n<li>\n<p data-path-to-node=\"15,1,0\"><b data-path-to-node=\"15,1,0\" data-index-in-node=\"0\">Bezpiecze\u0144stwo akumulatora:<\/b> Zapewniamy jasne instrukcje dotycz\u0105ce \u0142adowania baterii 650 mAh przez Type-C, aby zmaksymalizowa\u0107 jej \u017cywotno\u015b\u0107. <b data-path-to-node=\"15,1,0\" data-index-in-node=\"116\">68 ml<\/b> zbiornik.<\/p>\n<\/li>\n<\/ul>","protected":false},"excerpt":{"rendered":"<p>Wibruj\u0105ca mieszanka ulubionych czerwonych owoc\u00f3w \u015bwiata. The <b data-path-to-node=\"22,2,0\" data-index-in-node=\"76\">Red Fruit Splash Waspe Crystal 180k<\/b> \u0142\u0105czy truskawk\u0119, malin\u0119 i arbuza w soczysty, ca\u0142odzienny aromat. Z jego <b data-path-to-node=\"22,2,0\" data-index-in-node=\"196\">Konstrukcja w stylu kryszta\u0142u<\/b>, to <b data-path-to-node=\"22,2,0\" data-index-in-node=\"223\">Waspe 180 tys.<\/b> wygl\u0105da r\u00f3wnie dobrze, jak smakuje.<\/p>","protected":false},"featured_media":65144,"comment_status":"open","ping_status":"closed","template":"","meta":{"_acf_changed":false},"product_brand":[],"product_cat":[122],"product_tag":[],"class_list":{"0":"post-64996","1":"product","2":"type-product","3":"status-publish","4":"has-post-thumbnail","6":"product_cat-180k-vape-waspe-crystal-180k-8-in-1","8":"first","9":"instock","10":"shipping-taxable","11":"purchasable","12":"product-type-variable"},"acf":[],"yoast_head":"<!-- This site is optimized with the Yoast SEO Premium plugin v26.1 (Yoast SEO v27.5) - https:\/\/yoast.com\/product\/yoast-seo-premium-wordpress\/ -->\n<title>Waspe Crystal 180k Red Fruit Splash | 180,000 Puffs Vape - vozolvapen<\/title>\n<meta name=\"description\" content=\"Experience Red Fruit Splash Waspe 180k. Strawberry Watermelon, Cherry, and more in an 8-in-1 system. 68ml tank for months of vaping.\" \/>\n<meta name=\"robots\" content=\"index, follow, max-snippet:-1, max-image-preview:large, max-video-preview:-1\" \/>\n<link rel=\"canonical\" href=\"https:\/\/vozolvapen.de\/pl\/product\/180k-vape-waspe-crystal-180k-8-in-1-red-fruit-splash\/\" \/>\n<meta property=\"og:locale\" content=\"pl_PL\" \/>\n<meta property=\"og:type\" content=\"article\" \/>\n<meta property=\"og:title\" content=\"180k Vape Waspe Crystal 180K 8 in 1 - Red Fruit Splash\" \/>\n<meta property=\"og:description\" content=\"Experience Red Fruit Splash Waspe 180k. Strawberry Watermelon, Cherry, and more in an 8-in-1 system. 68ml tank for months of vaping.\" \/>\n<meta property=\"og:url\" content=\"https:\/\/vozolvapen.de\/pl\/product\/180k-vape-waspe-crystal-180k-8-in-1-red-fruit-splash\/\" \/>\n<meta property=\"og:site_name\" content=\"vozolvapen\" \/>\n<meta property=\"article:modified_time\" content=\"2026-01-23T07:22:24+00:00\" \/>\n<meta property=\"og:image\" content=\"https:\/\/vozolvapen.de\/wp-content\/uploads\/2026\/01\/180k-Vape-Waspe-Crystal-180K-8-in-1-STRAWBERRY-RASPBERRY-CHERRYSTRAWBERRY-WATERMELON-KIWI-WATERMELON-LEMON-LIME-3.webp\" \/>\n\t<meta property=\"og:image:width\" content=\"1200\" \/>\n\t<meta property=\"og:image:height\" content=\"1200\" \/>\n\t<meta property=\"og:image:type\" content=\"image\/webp\" \/>\n<meta name=\"twitter:card\" content=\"summary_large_image\" \/>\n<meta name=\"twitter:label1\" content=\"Szacowany czas czytania\" \/>\n\t<meta name=\"twitter:data1\" content=\"4 minuty\" \/>\n<script type=\"application\/ld+json\" class=\"yoast-schema-graph\">{\"@context\":\"https:\\\/\\\/schema.org\",\"@graph\":[{\"@type\":\"WebPage\",\"@id\":\"https:\\\/\\\/vozolvapen.de\\\/product\\\/180k-vape-waspe-crystal-180k-8-in-1-red-fruit-splash\\\/\",\"url\":\"https:\\\/\\\/vozolvapen.de\\\/product\\\/180k-vape-waspe-crystal-180k-8-in-1-red-fruit-splash\\\/\",\"name\":\"Waspe Crystal 180k Red Fruit Splash | 180,000 Puffs Vape - vozolvapen\",\"isPartOf\":{\"@id\":\"https:\\\/\\\/vozolvapen.de\\\/#website\"},\"primaryImageOfPage\":{\"@id\":\"https:\\\/\\\/vozolvapen.de\\\/product\\\/180k-vape-waspe-crystal-180k-8-in-1-red-fruit-splash\\\/#primaryimage\"},\"image\":{\"@id\":\"https:\\\/\\\/vozolvapen.de\\\/product\\\/180k-vape-waspe-crystal-180k-8-in-1-red-fruit-splash\\\/#primaryimage\"},\"thumbnailUrl\":\"https:\\\/\\\/vozolvapen.de\\\/wp-content\\\/uploads\\\/2026\\\/01\\\/180k-Vape-Waspe-Crystal-180K-8-in-1-STRAWBERRY-RASPBERRY-CHERRYSTRAWBERRY-WATERMELON-KIWI-WATERMELON-LEMON-LIME-3.webp\",\"datePublished\":\"2026-01-23T06:13:37+00:00\",\"dateModified\":\"2026-01-23T07:22:24+00:00\",\"description\":\"Experience Red Fruit Splash Waspe 180k. Strawberry Watermelon, Cherry, and more in an 8-in-1 system. 68ml tank for months of vaping.\",\"breadcrumb\":{\"@id\":\"https:\\\/\\\/vozolvapen.de\\\/product\\\/180k-vape-waspe-crystal-180k-8-in-1-red-fruit-splash\\\/#breadcrumb\"},\"inLanguage\":\"pl-PL\",\"potentialAction\":[{\"@type\":\"ReadAction\",\"target\":[\"https:\\\/\\\/vozolvapen.de\\\/product\\\/180k-vape-waspe-crystal-180k-8-in-1-red-fruit-splash\\\/\"]}]},{\"@type\":\"ImageObject\",\"inLanguage\":\"pl-PL\",\"@id\":\"https:\\\/\\\/vozolvapen.de\\\/product\\\/180k-vape-waspe-crystal-180k-8-in-1-red-fruit-splash\\\/#primaryimage\",\"url\":\"https:\\\/\\\/vozolvapen.de\\\/wp-content\\\/uploads\\\/2026\\\/01\\\/180k-Vape-Waspe-Crystal-180K-8-in-1-STRAWBERRY-RASPBERRY-CHERRYSTRAWBERRY-WATERMELON-KIWI-WATERMELON-LEMON-LIME-3.webp\",\"contentUrl\":\"https:\\\/\\\/vozolvapen.de\\\/wp-content\\\/uploads\\\/2026\\\/01\\\/180k-Vape-Waspe-Crystal-180K-8-in-1-STRAWBERRY-RASPBERRY-CHERRYSTRAWBERRY-WATERMELON-KIWI-WATERMELON-LEMON-LIME-3.webp\",\"width\":1200,\"height\":1200,\"caption\":\"180k Vape Waspe Crystal 180K 8 in 1 - STRAWBERRY RASPBERRY CHERRY&STRAWBERRY WATERMELON & KIWI WATERMELON & LEMON LIME (3)\"},{\"@type\":\"BreadcrumbList\",\"@id\":\"https:\\\/\\\/vozolvapen.de\\\/product\\\/180k-vape-waspe-crystal-180k-8-in-1-red-fruit-splash\\\/#breadcrumb\",\"itemListElement\":[{\"@type\":\"ListItem\",\"position\":1,\"name\":\"Home\",\"item\":\"https:\\\/\\\/vozolvapen.de\\\/de\\\/\"},{\"@type\":\"ListItem\",\"position\":2,\"name\":\"Shop\",\"item\":\"https:\\\/\\\/vozolvapen.de\\\/shop\\\/\"},{\"@type\":\"ListItem\",\"position\":3,\"name\":\"180k Vape Waspe Crystal 180K 8 in 1 &#8211; Red Fruit Splash\"}]},{\"@type\":\"WebSite\",\"@id\":\"https:\\\/\\\/vozolvapen.de\\\/#website\",\"url\":\"https:\\\/\\\/vozolvapen.de\\\/\",\"name\":\"vozolvapen\",\"description\":\"vozolvapen\",\"publisher\":{\"@id\":\"https:\\\/\\\/vozolvapen.de\\\/#organization\"},\"potentialAction\":[{\"@type\":\"SearchAction\",\"target\":{\"@type\":\"EntryPoint\",\"urlTemplate\":\"https:\\\/\\\/vozolvapen.de\\\/?s={search_term_string}\"},\"query-input\":{\"@type\":\"PropertyValueSpecification\",\"valueRequired\":true,\"valueName\":\"search_term_string\"}}],\"inLanguage\":\"pl-PL\"},{\"@type\":\"Organization\",\"@id\":\"https:\\\/\\\/vozolvapen.de\\\/#organization\",\"name\":\"vozolvapen\",\"url\":\"https:\\\/\\\/vozolvapen.de\\\/\",\"logo\":{\"@type\":\"ImageObject\",\"inLanguage\":\"pl-PL\",\"@id\":\"https:\\\/\\\/vozolvapen.de\\\/#\\\/schema\\\/logo\\\/image\\\/\",\"url\":\"https:\\\/\\\/vozolvapen.de\\\/wp-content\\\/uploads\\\/2025\\\/12\\\/cropped-vozovapen-logo.webp\",\"contentUrl\":\"https:\\\/\\\/vozolvapen.de\\\/wp-content\\\/uploads\\\/2025\\\/12\\\/cropped-vozovapen-logo.webp\",\"width\":470,\"height\":110,\"caption\":\"vozolvapen\"},\"image\":{\"@id\":\"https:\\\/\\\/vozolvapen.de\\\/#\\\/schema\\\/logo\\\/image\\\/\"}}]}<\/script>\n<!-- \/ Yoast SEO Premium plugin. -->","yoast_head_json":{"title":"Waspe Crystal 180k Red Fruit Splash | 180,000 Puffs Vape - vozolvapen","description":"Poznaj Red Fruit Splash Waspe 180k. Truskawka, arbuz, wi\u015bnia i wi\u0119cej w systemie 8 w 1. Zbiornik o pojemno\u015bci 68 ml na miesi\u0105ce wapowania.","robots":{"index":"index","follow":"follow","max-snippet":"max-snippet:-1","max-image-preview":"max-image-preview:large","max-video-preview":"max-video-preview:-1"},"canonical":"https:\/\/vozolvapen.de\/pl\/product\/180k-vape-waspe-crystal-180k-8-in-1-red-fruit-splash\/","og_locale":"pl_PL","og_type":"article","og_title":"180k Vape Waspe Crystal 180K 8 in 1 - Red Fruit Splash","og_description":"Experience Red Fruit Splash Waspe 180k. Strawberry Watermelon, Cherry, and more in an 8-in-1 system. 68ml tank for months of vaping.","og_url":"https:\/\/vozolvapen.de\/pl\/product\/180k-vape-waspe-crystal-180k-8-in-1-red-fruit-splash\/","og_site_name":"vozolvapen","article_modified_time":"2026-01-23T07:22:24+00:00","og_image":[{"width":1200,"height":1200,"url":"https:\/\/vozolvapen.de\/wp-content\/uploads\/2026\/01\/180k-Vape-Waspe-Crystal-180K-8-in-1-STRAWBERRY-RASPBERRY-CHERRYSTRAWBERRY-WATERMELON-KIWI-WATERMELON-LEMON-LIME-3.webp","type":"image\/webp"}],"twitter_card":"summary_large_image","twitter_misc":{"Szacowany czas czytania":"4 minuty"},"schema":{"@context":"https:\/\/schema.org","@graph":[{"@type":"WebPage","@id":"https:\/\/vozolvapen.de\/product\/180k-vape-waspe-crystal-180k-8-in-1-red-fruit-splash\/","url":"https:\/\/vozolvapen.de\/product\/180k-vape-waspe-crystal-180k-8-in-1-red-fruit-splash\/","name":"Waspe Crystal 180k Red Fruit Splash | 180,000 Puffs Vape - vozolvapen","isPartOf":{"@id":"https:\/\/vozolvapen.de\/#website"},"primaryImageOfPage":{"@id":"https:\/\/vozolvapen.de\/product\/180k-vape-waspe-crystal-180k-8-in-1-red-fruit-splash\/#primaryimage"},"image":{"@id":"https:\/\/vozolvapen.de\/product\/180k-vape-waspe-crystal-180k-8-in-1-red-fruit-splash\/#primaryimage"},"thumbnailUrl":"https:\/\/vozolvapen.de\/wp-content\/uploads\/2026\/01\/180k-Vape-Waspe-Crystal-180K-8-in-1-STRAWBERRY-RASPBERRY-CHERRYSTRAWBERRY-WATERMELON-KIWI-WATERMELON-LEMON-LIME-3.webp","datePublished":"2026-01-23T06:13:37+00:00","dateModified":"2026-01-23T07:22:24+00:00","description":"Poznaj Red Fruit Splash Waspe 180k. Truskawka, arbuz, wi\u015bnia i wi\u0119cej w systemie 8 w 1. Zbiornik o pojemno\u015bci 68 ml na miesi\u0105ce wapowania.","breadcrumb":{"@id":"https:\/\/vozolvapen.de\/product\/180k-vape-waspe-crystal-180k-8-in-1-red-fruit-splash\/#breadcrumb"},"inLanguage":"pl-PL","potentialAction":[{"@type":"ReadAction","target":["https:\/\/vozolvapen.de\/product\/180k-vape-waspe-crystal-180k-8-in-1-red-fruit-splash\/"]}]},{"@type":"ImageObject","inLanguage":"pl-PL","@id":"https:\/\/vozolvapen.de\/product\/180k-vape-waspe-crystal-180k-8-in-1-red-fruit-splash\/#primaryimage","url":"https:\/\/vozolvapen.de\/wp-content\/uploads\/2026\/01\/180k-Vape-Waspe-Crystal-180K-8-in-1-STRAWBERRY-RASPBERRY-CHERRYSTRAWBERRY-WATERMELON-KIWI-WATERMELON-LEMON-LIME-3.webp","contentUrl":"https:\/\/vozolvapen.de\/wp-content\/uploads\/2026\/01\/180k-Vape-Waspe-Crystal-180K-8-in-1-STRAWBERRY-RASPBERRY-CHERRYSTRAWBERRY-WATERMELON-KIWI-WATERMELON-LEMON-LIME-3.webp","width":1200,"height":1200,"caption":"180k Vape Waspe Crystal 180K 8 in 1 - STRAWBERRY RASPBERRY CHERRY&STRAWBERRY WATERMELON & KIWI WATERMELON & LEMON LIME (3)"},{"@type":"BreadcrumbList","@id":"https:\/\/vozolvapen.de\/product\/180k-vape-waspe-crystal-180k-8-in-1-red-fruit-splash\/#breadcrumb","itemListElement":[{"@type":"ListItem","position":1,"name":"Home","item":"https:\/\/vozolvapen.de\/de\/"},{"@type":"ListItem","position":2,"name":"Shop","item":"https:\/\/vozolvapen.de\/shop\/"},{"@type":"ListItem","position":3,"name":"180k Vape Waspe Crystal 180K 8 in 1 &#8211; Red Fruit Splash"}]},{"@type":"WebSite","@id":"https:\/\/vozolvapen.de\/#website","url":"https:\/\/vozolvapen.de\/","name":"vozolvapen","description":"vozolvapen","publisher":{"@id":"https:\/\/vozolvapen.de\/#organization"},"potentialAction":[{"@type":"SearchAction","target":{"@type":"EntryPoint","urlTemplate":"https:\/\/vozolvapen.de\/?s={search_term_string}"},"query-input":{"@type":"PropertyValueSpecification","valueRequired":true,"valueName":"search_term_string"}}],"inLanguage":"pl-PL"},{"@type":"Organization","@id":"https:\/\/vozolvapen.de\/#organization","name":"vozolvapen","url":"https:\/\/vozolvapen.de\/","logo":{"@type":"ImageObject","inLanguage":"pl-PL","@id":"https:\/\/vozolvapen.de\/#\/schema\/logo\/image\/","url":"https:\/\/vozolvapen.de\/wp-content\/uploads\/2025\/12\/cropped-vozovapen-logo.webp","contentUrl":"https:\/\/vozolvapen.de\/wp-content\/uploads\/2025\/12\/cropped-vozovapen-logo.webp","width":470,"height":110,"caption":"vozolvapen"},"image":{"@id":"https:\/\/vozolvapen.de\/#\/schema\/logo\/image\/"}}]}},"tiered_pricing_type":"fixed","tiered_pricing_fixed_rules":{"30":"14","50":"12","100":"11.8","200":"10.5"},"tiered_pricing_product_settings":{"layout":"default","base_unit_name":{"singular":null,"plural":null},"default_variation":{}},"tiered_pricing_minimum_quantity":10,"tiered_pricing_roles_data":[],"tiered_pricing_percentage_rules":[],"tiered_pricing_maximum_quantity":null,"tiered_pricing_quantity_step":"10","_links":{"self":[{"href":"http:\/\/vozolvapen.de\/pl\/wp-json\/wp\/v2\/product\/64996","targetHints":{"allow":["GET"]}}],"collection":[{"href":"http:\/\/vozolvapen.de\/pl\/wp-json\/wp\/v2\/product"}],"about":[{"href":"http:\/\/vozolvapen.de\/pl\/wp-json\/wp\/v2\/types\/product"}],"replies":[{"embeddable":true,"href":"http:\/\/vozolvapen.de\/pl\/wp-json\/wp\/v2\/comments?post=64996"}],"wp:featuredmedia":[{"embeddable":true,"href":"http:\/\/vozolvapen.de\/pl\/wp-json\/wp\/v2\/media\/65144"}],"wp:attachment":[{"href":"http:\/\/vozolvapen.de\/pl\/wp-json\/wp\/v2\/media?parent=64996"}],"wp:term":[{"taxonomy":"product_brand","embeddable":true,"href":"http:\/\/vozolvapen.de\/pl\/wp-json\/wp\/v2\/product_brand?post=64996"},{"taxonomy":"product_cat","embeddable":true,"href":"http:\/\/vozolvapen.de\/pl\/wp-json\/wp\/v2\/product_cat?post=64996"},{"taxonomy":"product_tag","embeddable":true,"href":"http:\/\/vozolvapen.de\/pl\/wp-json\/wp\/v2\/product_tag?post=64996"}],"curies":[{"name":"wp","href":"https:\/\/api.w.org\/{rel}","templated":true}]}}