{"id":65036,"date":"2026-01-23T06:13:39","date_gmt":"2026-01-23T06:13:39","guid":{"rendered":"https:\/\/vozolvapen.de\/?post_type=product&#038;p=65036"},"modified":"2026-01-23T07:22:38","modified_gmt":"2026-01-23T07:22:38","slug":"180k-vape-waspe-crystal-180k-8-in-1-tropical-smoothie-mix","status":"publish","type":"product","link":"http:\/\/vozolvapen.de\/pl\/product\/180k-vape-waspe-crystal-180k-8-in-1-tropical-smoothie-mix\/","title":{"rendered":"180k Vape Waspe Crystal 180K 8 w 1 - Tropical Smoothie Mix"},"content":{"rendered":"<h1>Waspe Crystal 180k - Tropical Smoothie Mix<\/h1>\n<p data-path-to-node=\"64\">The <b data-path-to-node=\"64\" data-index-in-node=\"22\">Tropical Smoothie Mix<\/b> skupia si\u0119 na \u201cteksturze\u201d pary. Dzi\u0119ki <b data-path-to-node=\"64\" data-index-in-node=\"93\">Banan truskawkowy<\/b> oraz <b data-path-to-node=\"64\" data-index-in-node=\"115\">Mango Brzoskwinia<\/b>, chmury wytwarzane przez <b data-path-to-node=\"64\" data-index-in-node=\"155\">Poczw\u00f3rna cewka siatkowa<\/b> jest g\u0119stsza i bardziej kremowa. Jest to soczysty, owocowy zapach. <b data-path-to-node=\"64\" data-index-in-node=\"229\">Waspe 180k vape<\/b>.<\/p>\n<ul data-path-to-node=\"65\">\n<li>\n<p data-path-to-node=\"65,0,0\"><b data-path-to-node=\"65,0,0\" data-index-in-node=\"0\">Tryb A:<\/b> Banan truskawkowy<\/p>\n<\/li>\n<li>\n<p data-path-to-node=\"65,1,0\"><b data-path-to-node=\"65,1,0\" data-index-in-node=\"0\">Tryb B:<\/b> Mango Brzoskwinia<\/p>\n<\/li>\n<li>\n<p data-path-to-node=\"65,2,0\"><b data-path-to-node=\"65,2,0\" data-index-in-node=\"0\">Tryb C:<\/b> Potr\u00f3jne jagody<\/p>\n<\/li>\n<li>\n<p data-path-to-node=\"65,3,0\"><b data-path-to-node=\"65,3,0\" data-index-in-node=\"0\">Tryb D:<\/b> Ananas truskawkowy<\/p>\n<\/li>\n<li>\n<p data-path-to-node=\"65,4,0\"><b data-path-to-node=\"65,4,0\" data-index-in-node=\"0\">Mix Highlights:<\/b> <b data-path-to-node=\"65,4,0\" data-index-in-node=\"16\">A+B<\/b> jest klasykiem \u201cSmoothie King\u201d, podczas gdy <b data-path-to-node=\"65,4,0\" data-index-in-node=\"56\">C+D<\/b> oferuje ostry jagodowo-ananasowy kontrast.<\/p>\n<\/li>\n<\/ul>\n<h2 data-path-to-node=\"66\"><b data-path-to-node=\"66\" data-index-in-node=\"0\">Dla kogo to jest?<\/b><\/h2>\n<p data-path-to-node=\"66\">Fani kremowych owocowych profili i ci, kt\u00f3rzy uwielbiaj\u0105 zapach \u015bwie\u017cego tropikalnego smoothie bowl.<\/p>\n<h2 data-path-to-node=\"23\"><b data-path-to-node=\"23\" data-index-in-node=\"0\">Tropical Smoothie Mix | Ocena<\/b><\/h2>\n<ul data-path-to-node=\"24\">\n<li>\n<p data-path-to-node=\"24,0,0\"><b data-path-to-node=\"24,0,0\" data-index-in-node=\"0\">Do\u015bwiadczenie:<\/b> Jedwabiste i g\u0119ste chmury. The <b data-path-to-node=\"24,0,0\" data-index-in-node=\"44\">Banan truskawkowy<\/b> jest niezwykle kremowy dzi\u0119ki cewce Quad Mesh Coil. <b data-path-to-node=\"24,0,0\" data-index-in-node=\"113\">Mango Brzoskwinia<\/b> dodaje mi\u0119kkiej, kwiatowej, zalanej s\u0142o\u0144cem s\u0142odyczy.<\/p>\n<\/li>\n<li>\n<p data-path-to-node=\"24,1,0\"><b data-path-to-node=\"24,1,0\" data-index-in-node=\"0\">Profil mieszany (A+B):<\/b> \u201cCreamy Tropical Shake\u201d, kt\u00f3ry jest znacznie ci\u0119\u017cszy i bardziej satysfakcjonuj\u0105cy ni\u017c standardowy owocowy vape.<\/p>\n<\/li>\n<li>\n<p data-path-to-node=\"24,2,0\"><b data-path-to-node=\"24,2,0\" data-index-in-node=\"0\">Oceny:<\/b> S\u0142odycz: 5\/5 | Ch\u0142\u00f3d: 2\/5 | Intensywno\u015b\u0107: 4\/5<\/p>\n<\/li>\n<\/ul>\n<h2 data-path-to-node=\"3\"><b data-path-to-node=\"3\" data-index-in-node=\"0\">180k Vape Waspe Crystal 180K 8 w 1 - <\/b><b data-path-to-node=\"33\" data-index-in-node=\"0\">Tropical Smoothie Mix | Specyfikacja techniczna<\/b><\/h2>\n<table data-path-to-node=\"34\">\n<thead>\n<tr>\n<td><strong>Cecha<\/strong><\/td>\n<td><strong>Szczeg\u00f3\u0142y<\/strong><\/td>\n<\/tr>\n<\/thead>\n<tbody>\n<tr>\n<td><span data-path-to-node=\"34,1,0,0\"><b data-path-to-node=\"34,1,0,0\" data-index-in-node=\"0\">Tekstura<\/b><\/span><\/td>\n<td><span data-path-to-node=\"34,1,1,0\">Kremowe smoothie i aksamitne owoce<\/span><\/td>\n<\/tr>\n<tr>\n<td><span data-path-to-node=\"34,2,0,0\"><b data-path-to-node=\"34,2,0,0\" data-index-in-node=\"0\">Wydanie<\/b><\/span><\/td>\n<td><span data-path-to-node=\"34,2,1,0\">Smoothie <b data-path-to-node=\"34,2,1,0\" data-index-in-node=\"9\">Waspe 180k vape<\/b><\/span><\/td>\n<\/tr>\n<tr>\n<td><span data-path-to-node=\"34,3,0,0\"><b data-path-to-node=\"34,3,0,0\" data-index-in-node=\"0\">G\u0142\u00f3wne uwagi<\/b><\/span><\/td>\n<td><span data-path-to-node=\"34,3,1,0\">Truskawka, banan i brzoskwinia, mango<\/span><\/td>\n<\/tr>\n<tr>\n<td><span data-path-to-node=\"34,4,0,0\"><b data-path-to-node=\"34,4,0,0\" data-index-in-node=\"0\">Produkcja w chmurze<\/b><\/span><\/td>\n<td><span data-path-to-node=\"34,4,1,0\">\u2605\u2605\u2605\u2605\u2605 (g\u0119sty i mleczny)<\/span><\/td>\n<\/tr>\n<tr>\n<td><span data-path-to-node=\"34,5,0,0\"><b data-path-to-node=\"34,5,0,0\" data-index-in-node=\"0\">\u017bywotno\u015b\u0107 baterii<\/b><\/span><\/td>\n<td><span data-path-to-node=\"34,5,1,0\">Zoptymalizowany pod k\u0105tem prze\u0142\u0105czania w 8 trybach<\/span><\/td>\n<\/tr>\n<tr>\n<td><span data-path-to-node=\"34,6,0,0\"><b data-path-to-node=\"34,6,0,0\" data-index-in-node=\"0\">Sprz\u0119t<\/b><\/span><\/td>\n<td><span data-path-to-node=\"34,6,1,0\">Kryszta\u0142owa obudowa \/ podw\u00f3jny wy\u015bwietlacz LED<\/span><\/td>\n<\/tr>\n<tr>\n<td><span data-path-to-node=\"34,7,0,0\"><b data-path-to-node=\"34,7,0,0\" data-index-in-node=\"0\">Do\u015bwiadczenie<\/b><\/span><\/td>\n<td><span data-path-to-node=\"34,7,1,0\">Mi\u0119kkie, s\u0142odkie i syc\u0105ce<\/span><\/td>\n<\/tr>\n<\/tbody>\n<\/table>\n<h2 data-path-to-node=\"2\"><b data-path-to-node=\"2\" data-index-in-node=\"0\">Dla kogo przeznaczony jest model Waspe Crystal 180k?<\/b><\/h2>\n<h3 data-path-to-node=\"16\"><b data-path-to-node=\"16\" data-index-in-node=\"0\">U\u017cytkownik \u201cpodr\u00f3\u017cuj\u0105cy\u201d i \u201cw drodze\u201d<\/b><\/h3>\n<p data-path-to-node=\"17\">Je\u015bli wybierasz si\u0119 w d\u0142ug\u0105 podr\u00f3\u017c lub na festiwal i nie chcesz nosi\u0107 ze sob\u0105 torby pe\u0142nej 2 ml kapsu\u0142ek, to <b data-path-to-node=\"17\" data-index-in-node=\"98\">Waspe Crystal 180k<\/b> to wszechstronny towarzysz.<\/p>\n<ul data-path-to-node=\"18\">\n<li>\n<p data-path-to-node=\"18,0,0\"><b data-path-to-node=\"18,0,0\" data-index-in-node=\"0\">Idealny dla:<\/b> Podr\u00f3\u017cni, kierowcy ci\u0119\u017car\u00f3wek lub uczestnicy festiwali, kt\u00f3rzy potrzebuj\u0105 niezawodnego urz\u0105dzenia o du\u017cej pojemno\u015bci.<\/p>\n<\/li>\n<li>\n<p data-path-to-node=\"18,1,0\"><b data-path-to-node=\"18,1,0\" data-index-in-node=\"0\">Korzy\u015bci:<\/b> Jedno urz\u0105dzenie, 8 smak\u00f3w i wystarczaj\u0105ca ilo\u015b\u0107 soku, aby przetrwa\u0107 ca\u0142e wakacje bez konieczno\u015bci tworzenia kopii zapasowej.<\/p>\n<\/li>\n<\/ul>\n<h3 data-path-to-node=\"77\"><b data-path-to-node=\"77\" data-index-in-node=\"0\">Dalsze zalecenia:<\/b><\/h3>\n<p data-path-to-node=\"78\">Odkryj jeszcze wi\u0119cej niesamowitych smak\u00f3w dzi\u0119ki 180k Vape Waspe Crystal 180K 8 w 1 <b data-path-to-node=\"78\" data-index-in-node=\"47\">zaci\u0105gni\u0119cia<\/b>!<\/p>\n<p data-path-to-node=\"79\"><a class=\"ng-star-inserted\" href=\"https:\/\/vozolvapen.de\/pl\/product-category\/waspe-vape\/180k-vape-waspe-crystal-180k-8-in-1\/\" target=\"_blank\" rel=\"noopener noreferrer nofollow\" data-hveid=\"0\" data-ved=\"0CAAQ_4QMahgKEwjxyYqx9_CRAxUAAAAAHQAAAAAQ9wE\">Zobacz wszystkie odmiany tutaj \u2192<\/a><\/p>\n<p data-path-to-node=\"80\">Zapoznaj si\u0119 z nasz\u0105 pe\u0142n\u0105 kolekcj\u0105 i kupuj produkty najlepszych marek vape, kt\u00f3re pokochasz.<\/p>\n<p data-path-to-node=\"81\"><a class=\"ng-star-inserted\" href=\"https:\/\/vozolvapen.de\/pl\/\" target=\"_blank\" rel=\"noopener noreferrer nofollow\" data-hveid=\"0\" data-ved=\"0CAAQ_4QMahgKEwjxyYqx9_CRAxUAAAAAHQAAAAAQ-AE\">Przegl\u0105daj teraz wszystkie marki \u2192<\/a><\/p>\n<p data-path-to-node=\"82\">Sprawd\u017a ca\u0142o\u015b\u0107\u00a0<b data-path-to-node=\"82\" data-index-in-node=\"23\">Waspe Aiviou<\/b>\u00a0Seria - ka\u017cdy smak, ka\u017cdy styl!<\/p>\n<p data-path-to-node=\"83\"><a class=\"ng-star-inserted\" href=\"https:\/\/vozolvapen.de\/pl\/product-category\/waspe-vape\/\" target=\"_blank\" rel=\"noopener noreferrer nofollow\" data-hveid=\"0\" data-ved=\"0CAAQ_4QMahgKEwjxyYqx9_CRAxUAAAAAHQAAAAAQ-QE\">Zobacz pe\u0142n\u0105 kolekcj\u0119 Waspe \u2192<\/a><\/p>\n<h2 data-path-to-node=\"2\"><b data-path-to-node=\"2\" data-index-in-node=\"0\">Dlaczego warto wybra\u0107 nas dla Waspe Crystal 180k?<\/b><\/h2>\n<p data-path-to-node=\"3\">The <b data-path-to-node=\"3\" data-index-in-node=\"4\">Waspe Crystal 8 w 1<\/b> to rewolucyjny sprz\u0119t, a miejsce jego zakupu ma znaczenie. Jeste\u015bmy wiod\u0105cym partnerem dla <b data-path-to-node=\"3\" data-index-in-node=\"124\">WASPE Vape<\/b> w Europie, oferuj\u0105c skal\u0119 logistyczn\u0105 i do\u015bwiadczenie w zakresie produkt\u00f3w wymagane do obs\u0142ugi ogromnych <b data-path-to-node=\"3\" data-index-in-node=\"230\">180 tys. puff\u00f3w<\/b> technologia.<\/p>\n<h3 data-path-to-node=\"4\"><b data-path-to-node=\"4\" data-index-in-node=\"0\">1. 100% Authentic WASPE Direct Supply<\/b><\/h3>\n<p data-path-to-node=\"5\">Na rynku wype\u0142nionym klonami, autentyczno\u015b\u0107 jest wszystkim - szczeg\u00f3lnie w przypadku urz\u0105dze\u0144 o wysokiej warto\u015bci, takich jak <b data-path-to-node=\"5\" data-index-in-node=\"103\">180k vape<\/b>. Mamy do czynienia bezpo\u015brednio z <b data-path-to-node=\"5\" data-index-in-node=\"140\">WASPE<\/b> fabryka, aby zapewni\u0107:<\/p>\n<ul data-path-to-node=\"6\">\n<li>\n<p data-path-to-node=\"6,0,0\">Ka\u017cde urz\u0105dzenie jest wyposa\u017cone w oryginalne <b data-path-to-node=\"6,0,0\" data-index-in-node=\"34\">Poczw\u00f3rna cewka siatkowa<\/b> system.<\/p>\n<\/li>\n<li>\n<p data-path-to-node=\"6,1,0\">The <b data-path-to-node=\"6,1,0\" data-index-in-node=\"4\">68 ml e-liquidu<\/b> Zbiornik zawiera wysokiej jako\u015bci sok testowany laboratoryjnie.<\/p>\n<\/li>\n<li>\n<p data-path-to-node=\"6,2,0\">The <b data-path-to-node=\"6,2,0\" data-index-in-node=\"4\">Inteligentny wy\u015bwietlacz LED<\/b> i sprz\u0119t prze\u0142\u0105czaj\u0105cy s\u0105 funkcjonalne i przetestowane pod k\u0105tem jako\u015bci 100%.<\/p>\n<\/li>\n<\/ul>\n<h3 data-path-to-node=\"7\"><b data-path-to-node=\"7\" data-index-in-node=\"0\">2. Wiod\u0105ca w bran\u017cy logistyka UE (dostawa w ci\u0105gu 1-3 dni)<\/b><\/h3>\n<p data-path-to-node=\"8\">Nie czekaj tygodniami na <b data-path-to-node=\"8\" data-index-in-node=\"26\">Waspe 180 tys.<\/b> z zagranicy. Wszystkie zam\u00f3wienia wysy\u0142amy bezpo\u015brednio z naszego <b data-path-to-node=\"8\" data-index-in-node=\"99\">Europejskie magazyny<\/b>.<\/p>\n<ul data-path-to-node=\"9\">\n<li>\n<p data-path-to-node=\"9,0,0\"><b data-path-to-node=\"9,0,0\" data-index-in-node=\"0\">Bez k\u0142opot\u00f3w celnych:<\/b> Poniewa\u017c wysy\u0142amy na terenie UE, nie ma \u017cadnych ukrytych podatk\u00f3w, ce\u0142 ani zaj\u0119\u0107 celnych.<\/p>\n<\/li>\n<li>\n<p data-path-to-node=\"9,1,0\"><b data-path-to-node=\"9,1,0\" data-index-in-node=\"0\">Szybka realizacja:<\/b> Typowa dostawa zajmuje tylko 1-3 dni robocze.<\/p>\n<\/li>\n<li>\n<p data-path-to-node=\"9,2,0\"><b data-path-to-node=\"9,2,0\" data-index-in-node=\"0\">Bezpieczna obs\u0142uga:<\/b> Nasze opakowanie jest wzmocnione, aby chroni\u0107 wysokiej jako\u015bci obudow\u0119 kryszta\u0142ow\u0105 o wadze 180 g podczas transportu.<\/p>\n<\/li>\n<\/ul>\n<h3 data-path-to-node=\"10\"><b data-path-to-node=\"10\" data-index-in-node=\"0\">3. Specjalista ds. sprzeda\u017cy hurtowej i B2B<\/b><\/h3>\n<p data-path-to-node=\"11\">Rozumiemy potrzeby w\u0142a\u015bcicieli i dystrybutor\u00f3w vape shop\u00f3w. The <b data-path-to-node=\"11\" data-index-in-node=\"66\">Waspe Crystal 180k<\/b> jest przedmiotem o wysokim popycie, kt\u00f3ry wymaga profesjonalnej obs\u0142ugi.<\/p>\n<ul data-path-to-node=\"12\">\n<li>\n<p data-path-to-node=\"12,0,0\"><b data-path-to-node=\"12,0,0\" data-index-in-node=\"0\">Opakowanie gotowe do sprzeda\u017cy detalicznej:<\/b> Ka\u017cde 10 sztuk jest dostarczane w profesjonalnym pude\u0142ku ekspozycyjnym zaprojektowanym z my\u015bl\u0105 o wysokiej jako\u015bci p\u00f3\u0142kach sklepowych.<\/p>\n<\/li>\n<li>\n<p data-path-to-node=\"12,1,0\"><b data-path-to-node=\"12,1,0\" data-index-in-node=\"0\">Ceny warstwowe:<\/b> Oferujemy najbardziej konkurencyjne stawki hurtowe w UE dla <b data-path-to-node=\"12,1,0\" data-index-in-node=\"76\">vape 180 tys. zaci\u0105gni\u0119\u0107<\/b> urz\u0105dzenia.<\/p>\n<\/li>\n<li>\n<p data-path-to-node=\"12,2,0\"><b data-path-to-node=\"12,2,0\" data-index-in-node=\"0\">Stabilne akcje:<\/b> Utrzymujemy wysoki poziom zapas\u00f3w wszystkich 12 <b data-path-to-node=\"12,2,0\" data-index-in-node=\"58\">Smaki 8 w 1<\/b> edycje.<\/p>\n<\/li>\n<\/ul>\n<h3 data-path-to-node=\"13\"><b data-path-to-node=\"13\" data-index-in-node=\"0\">4. Wiedza techniczna i wsparcie posprzeda\u017cowe<\/b><\/h3>\n<p data-path-to-node=\"14\">The <b data-path-to-node=\"14\" data-index-in-node=\"4\">Waspe Crystal 180k<\/b> jest bardziej z\u0142o\u017cony ni\u017c standardowy jednorazowy. Nasz zesp\u00f3\u0142 sk\u0142ada si\u0119 z ekspert\u00f3w w dziedzinie waporyzacji, kt\u00f3rzy rozumiej\u0105 <b data-path-to-node=\"14\" data-index-in-node=\"122\">System prze\u0142\u0105czania 8 w 1<\/b>.<\/p>\n<ul data-path-to-node=\"15\">\n<li>\n<p data-path-to-node=\"15,0,0\"><b data-path-to-node=\"15,0,0\" data-index-in-node=\"0\">Rozwi\u0105zywanie problem\u00f3w:<\/b> Potrzebujesz pomocy w wyja\u015bnieniu klientowi trybu A+B? Zapewniamy przewodniki i wsparcie, kt\u00f3rych potrzebujesz.<\/p>\n<\/li>\n<li>\n<p data-path-to-node=\"15,1,0\"><b data-path-to-node=\"15,1,0\" data-index-in-node=\"0\">Bezpiecze\u0144stwo akumulatora:<\/b> Zapewniamy jasne instrukcje dotycz\u0105ce \u0142adowania baterii 650 mAh przez Type-C, aby zmaksymalizowa\u0107 jej \u017cywotno\u015b\u0107. <b data-path-to-node=\"15,1,0\" data-index-in-node=\"116\">68 ml<\/b> zbiornik.<\/p>\n<\/li>\n<\/ul>","protected":false},"excerpt":{"rendered":"<p>Ciesz si\u0119 aksamitnymi chmurami <b data-path-to-node=\"24,2,0\" data-index-in-node=\"51\">Tropical Smoothie Mix<\/b>. Zawiera truskawkowy banan i brzoskwini\u0119 z mango. <b data-path-to-node=\"24,2,0\" data-index-in-node=\"124\">Waspe 180k vape<\/b> na\u015bladuje tekstur\u0119 \u015bwie\u017cego smoothie. Jego <b data-path-to-node=\"24,2,0\" data-index-in-node=\"184\">Poczw\u00f3rna cewka siatkowa<\/b> Setup doskonale wydobywa kremow\u0105, tropikaln\u0105 g\u0142\u0119bi\u0119 tego 68 ml zbiornika.<\/p>","protected":false},"featured_media":65147,"comment_status":"open","ping_status":"closed","template":"","meta":{"_acf_changed":false},"product_brand":[],"product_cat":[122],"product_tag":[],"class_list":{"0":"post-65036","1":"product","2":"type-product","3":"status-publish","4":"has-post-thumbnail","6":"product_cat-180k-vape-waspe-crystal-180k-8-in-1","8":"first","9":"instock","10":"shipping-taxable","11":"purchasable","12":"product-type-variable"},"acf":[],"yoast_head":"<!-- This site is optimized with the Yoast SEO Premium plugin v26.1 (Yoast SEO v27.5) - https:\/\/yoast.com\/product\/yoast-seo-premium-wordpress\/ -->\n<title>Waspe Crystal 180k Tropical Smoothie Mix | 8-in-1 180k Vape - vozolvapen<\/title>\n<meta name=\"description\" content=\"Smooth &amp; creamy! Shop the Tropical Smoothie Waspe 180k. Featuring Strawberry Banana and Mango Peach. 180,000 puffs of pure bliss.\" \/>\n<meta name=\"robots\" content=\"index, follow, max-snippet:-1, max-image-preview:large, max-video-preview:-1\" \/>\n<link rel=\"canonical\" href=\"https:\/\/vozolvapen.de\/pl\/product\/180k-vape-waspe-crystal-180k-8-in-1-tropical-smoothie-mix\/\" \/>\n<meta property=\"og:locale\" content=\"pl_PL\" \/>\n<meta property=\"og:type\" content=\"article\" \/>\n<meta property=\"og:title\" content=\"180k Vape Waspe Crystal 180K 8 in 1 - Tropical Smoothie Mix\" \/>\n<meta property=\"og:description\" content=\"Smooth &amp; creamy! Shop the Tropical Smoothie Waspe 180k. Featuring Strawberry Banana and Mango Peach. 180,000 puffs of pure bliss.\" \/>\n<meta property=\"og:url\" content=\"https:\/\/vozolvapen.de\/pl\/product\/180k-vape-waspe-crystal-180k-8-in-1-tropical-smoothie-mix\/\" \/>\n<meta property=\"og:site_name\" content=\"vozolvapen\" \/>\n<meta property=\"article:modified_time\" content=\"2026-01-23T07:22:38+00:00\" \/>\n<meta property=\"og:image\" content=\"https:\/\/vozolvapen.de\/wp-content\/uploads\/2026\/01\/180k-Vape-Waspe-Crystal-180K-8-in-1-STRAWBERRY-BANANA-MANGO-PEACH-TRIPLE-BERRIES-STRAWBERRY-PINEAPPLE-3.webp\" \/>\n\t<meta property=\"og:image:width\" content=\"1200\" \/>\n\t<meta property=\"og:image:height\" content=\"1200\" \/>\n\t<meta property=\"og:image:type\" content=\"image\/webp\" \/>\n<meta name=\"twitter:card\" content=\"summary_large_image\" \/>\n<meta name=\"twitter:label1\" content=\"Szacowany czas czytania\" \/>\n\t<meta name=\"twitter:data1\" content=\"4 minuty\" \/>\n<script type=\"application\/ld+json\" class=\"yoast-schema-graph\">{\"@context\":\"https:\\\/\\\/schema.org\",\"@graph\":[{\"@type\":\"WebPage\",\"@id\":\"https:\\\/\\\/vozolvapen.de\\\/product\\\/180k-vape-waspe-crystal-180k-8-in-1-tropical-smoothie-mix\\\/\",\"url\":\"https:\\\/\\\/vozolvapen.de\\\/product\\\/180k-vape-waspe-crystal-180k-8-in-1-tropical-smoothie-mix\\\/\",\"name\":\"Waspe Crystal 180k Tropical Smoothie Mix | 8-in-1 180k Vape - vozolvapen\",\"isPartOf\":{\"@id\":\"https:\\\/\\\/vozolvapen.de\\\/#website\"},\"primaryImageOfPage\":{\"@id\":\"https:\\\/\\\/vozolvapen.de\\\/product\\\/180k-vape-waspe-crystal-180k-8-in-1-tropical-smoothie-mix\\\/#primaryimage\"},\"image\":{\"@id\":\"https:\\\/\\\/vozolvapen.de\\\/product\\\/180k-vape-waspe-crystal-180k-8-in-1-tropical-smoothie-mix\\\/#primaryimage\"},\"thumbnailUrl\":\"https:\\\/\\\/vozolvapen.de\\\/wp-content\\\/uploads\\\/2026\\\/01\\\/180k-Vape-Waspe-Crystal-180K-8-in-1-STRAWBERRY-BANANA-MANGO-PEACH-TRIPLE-BERRIES-STRAWBERRY-PINEAPPLE-3.webp\",\"datePublished\":\"2026-01-23T06:13:39+00:00\",\"dateModified\":\"2026-01-23T07:22:38+00:00\",\"description\":\"Smooth & creamy! Shop the Tropical Smoothie Waspe 180k. Featuring Strawberry Banana and Mango Peach. 180,000 puffs of pure bliss.\",\"breadcrumb\":{\"@id\":\"https:\\\/\\\/vozolvapen.de\\\/product\\\/180k-vape-waspe-crystal-180k-8-in-1-tropical-smoothie-mix\\\/#breadcrumb\"},\"inLanguage\":\"pl-PL\",\"potentialAction\":[{\"@type\":\"ReadAction\",\"target\":[\"https:\\\/\\\/vozolvapen.de\\\/product\\\/180k-vape-waspe-crystal-180k-8-in-1-tropical-smoothie-mix\\\/\"]}]},{\"@type\":\"ImageObject\",\"inLanguage\":\"pl-PL\",\"@id\":\"https:\\\/\\\/vozolvapen.de\\\/product\\\/180k-vape-waspe-crystal-180k-8-in-1-tropical-smoothie-mix\\\/#primaryimage\",\"url\":\"https:\\\/\\\/vozolvapen.de\\\/wp-content\\\/uploads\\\/2026\\\/01\\\/180k-Vape-Waspe-Crystal-180K-8-in-1-STRAWBERRY-BANANA-MANGO-PEACH-TRIPLE-BERRIES-STRAWBERRY-PINEAPPLE-3.webp\",\"contentUrl\":\"https:\\\/\\\/vozolvapen.de\\\/wp-content\\\/uploads\\\/2026\\\/01\\\/180k-Vape-Waspe-Crystal-180K-8-in-1-STRAWBERRY-BANANA-MANGO-PEACH-TRIPLE-BERRIES-STRAWBERRY-PINEAPPLE-3.webp\",\"width\":1200,\"height\":1200,\"caption\":\"180k Vape Waspe Crystal 180K 8 in 1 - STRAWBERRY BANANA & MANGO PEACH & TRIPLE BERRIES & STRAWBERRY PINEAPPLE (3)\"},{\"@type\":\"BreadcrumbList\",\"@id\":\"https:\\\/\\\/vozolvapen.de\\\/product\\\/180k-vape-waspe-crystal-180k-8-in-1-tropical-smoothie-mix\\\/#breadcrumb\",\"itemListElement\":[{\"@type\":\"ListItem\",\"position\":1,\"name\":\"Home\",\"item\":\"https:\\\/\\\/vozolvapen.de\\\/de\\\/\"},{\"@type\":\"ListItem\",\"position\":2,\"name\":\"Shop\",\"item\":\"https:\\\/\\\/vozolvapen.de\\\/shop\\\/\"},{\"@type\":\"ListItem\",\"position\":3,\"name\":\"180k Vape Waspe Crystal 180K 8 in 1 &#8211; Tropical Smoothie Mix\"}]},{\"@type\":\"WebSite\",\"@id\":\"https:\\\/\\\/vozolvapen.de\\\/#website\",\"url\":\"https:\\\/\\\/vozolvapen.de\\\/\",\"name\":\"vozolvapen\",\"description\":\"vozolvapen\",\"publisher\":{\"@id\":\"https:\\\/\\\/vozolvapen.de\\\/#organization\"},\"potentialAction\":[{\"@type\":\"SearchAction\",\"target\":{\"@type\":\"EntryPoint\",\"urlTemplate\":\"https:\\\/\\\/vozolvapen.de\\\/?s={search_term_string}\"},\"query-input\":{\"@type\":\"PropertyValueSpecification\",\"valueRequired\":true,\"valueName\":\"search_term_string\"}}],\"inLanguage\":\"pl-PL\"},{\"@type\":\"Organization\",\"@id\":\"https:\\\/\\\/vozolvapen.de\\\/#organization\",\"name\":\"vozolvapen\",\"url\":\"https:\\\/\\\/vozolvapen.de\\\/\",\"logo\":{\"@type\":\"ImageObject\",\"inLanguage\":\"pl-PL\",\"@id\":\"https:\\\/\\\/vozolvapen.de\\\/#\\\/schema\\\/logo\\\/image\\\/\",\"url\":\"https:\\\/\\\/vozolvapen.de\\\/wp-content\\\/uploads\\\/2025\\\/12\\\/cropped-vozovapen-logo.webp\",\"contentUrl\":\"https:\\\/\\\/vozolvapen.de\\\/wp-content\\\/uploads\\\/2025\\\/12\\\/cropped-vozovapen-logo.webp\",\"width\":470,\"height\":110,\"caption\":\"vozolvapen\"},\"image\":{\"@id\":\"https:\\\/\\\/vozolvapen.de\\\/#\\\/schema\\\/logo\\\/image\\\/\"}}]}<\/script>\n<!-- \/ Yoast SEO Premium plugin. -->","yoast_head_json":{"title":"Waspe Crystal 180k Tropical Smoothie Mix | 8-in-1 180k Vape - vozolvapen","description":"G\u0142adki i kremowy! Kup Tropical Smoothie Waspe 180k. Zawiera truskawk\u0119, banana i brzoskwini\u0119 z mango. 180 000 zaci\u0105gni\u0119\u0107 czystej rozkoszy.","robots":{"index":"index","follow":"follow","max-snippet":"max-snippet:-1","max-image-preview":"max-image-preview:large","max-video-preview":"max-video-preview:-1"},"canonical":"https:\/\/vozolvapen.de\/pl\/product\/180k-vape-waspe-crystal-180k-8-in-1-tropical-smoothie-mix\/","og_locale":"pl_PL","og_type":"article","og_title":"180k Vape Waspe Crystal 180K 8 in 1 - Tropical Smoothie Mix","og_description":"Smooth & creamy! Shop the Tropical Smoothie Waspe 180k. Featuring Strawberry Banana and Mango Peach. 180,000 puffs of pure bliss.","og_url":"https:\/\/vozolvapen.de\/pl\/product\/180k-vape-waspe-crystal-180k-8-in-1-tropical-smoothie-mix\/","og_site_name":"vozolvapen","article_modified_time":"2026-01-23T07:22:38+00:00","og_image":[{"width":1200,"height":1200,"url":"https:\/\/vozolvapen.de\/wp-content\/uploads\/2026\/01\/180k-Vape-Waspe-Crystal-180K-8-in-1-STRAWBERRY-BANANA-MANGO-PEACH-TRIPLE-BERRIES-STRAWBERRY-PINEAPPLE-3.webp","type":"image\/webp"}],"twitter_card":"summary_large_image","twitter_misc":{"Szacowany czas czytania":"4 minuty"},"schema":{"@context":"https:\/\/schema.org","@graph":[{"@type":"WebPage","@id":"https:\/\/vozolvapen.de\/product\/180k-vape-waspe-crystal-180k-8-in-1-tropical-smoothie-mix\/","url":"https:\/\/vozolvapen.de\/product\/180k-vape-waspe-crystal-180k-8-in-1-tropical-smoothie-mix\/","name":"Waspe Crystal 180k Tropical Smoothie Mix | 8-in-1 180k Vape - vozolvapen","isPartOf":{"@id":"https:\/\/vozolvapen.de\/#website"},"primaryImageOfPage":{"@id":"https:\/\/vozolvapen.de\/product\/180k-vape-waspe-crystal-180k-8-in-1-tropical-smoothie-mix\/#primaryimage"},"image":{"@id":"https:\/\/vozolvapen.de\/product\/180k-vape-waspe-crystal-180k-8-in-1-tropical-smoothie-mix\/#primaryimage"},"thumbnailUrl":"https:\/\/vozolvapen.de\/wp-content\/uploads\/2026\/01\/180k-Vape-Waspe-Crystal-180K-8-in-1-STRAWBERRY-BANANA-MANGO-PEACH-TRIPLE-BERRIES-STRAWBERRY-PINEAPPLE-3.webp","datePublished":"2026-01-23T06:13:39+00:00","dateModified":"2026-01-23T07:22:38+00:00","description":"G\u0142adki i kremowy! Kup Tropical Smoothie Waspe 180k. Zawiera truskawk\u0119, banana i brzoskwini\u0119 z mango. 180 000 zaci\u0105gni\u0119\u0107 czystej rozkoszy.","breadcrumb":{"@id":"https:\/\/vozolvapen.de\/product\/180k-vape-waspe-crystal-180k-8-in-1-tropical-smoothie-mix\/#breadcrumb"},"inLanguage":"pl-PL","potentialAction":[{"@type":"ReadAction","target":["https:\/\/vozolvapen.de\/product\/180k-vape-waspe-crystal-180k-8-in-1-tropical-smoothie-mix\/"]}]},{"@type":"ImageObject","inLanguage":"pl-PL","@id":"https:\/\/vozolvapen.de\/product\/180k-vape-waspe-crystal-180k-8-in-1-tropical-smoothie-mix\/#primaryimage","url":"https:\/\/vozolvapen.de\/wp-content\/uploads\/2026\/01\/180k-Vape-Waspe-Crystal-180K-8-in-1-STRAWBERRY-BANANA-MANGO-PEACH-TRIPLE-BERRIES-STRAWBERRY-PINEAPPLE-3.webp","contentUrl":"https:\/\/vozolvapen.de\/wp-content\/uploads\/2026\/01\/180k-Vape-Waspe-Crystal-180K-8-in-1-STRAWBERRY-BANANA-MANGO-PEACH-TRIPLE-BERRIES-STRAWBERRY-PINEAPPLE-3.webp","width":1200,"height":1200,"caption":"180k Vape Waspe Crystal 180K 8 in 1 - STRAWBERRY BANANA & MANGO PEACH & TRIPLE BERRIES & STRAWBERRY PINEAPPLE (3)"},{"@type":"BreadcrumbList","@id":"https:\/\/vozolvapen.de\/product\/180k-vape-waspe-crystal-180k-8-in-1-tropical-smoothie-mix\/#breadcrumb","itemListElement":[{"@type":"ListItem","position":1,"name":"Home","item":"https:\/\/vozolvapen.de\/de\/"},{"@type":"ListItem","position":2,"name":"Shop","item":"https:\/\/vozolvapen.de\/shop\/"},{"@type":"ListItem","position":3,"name":"180k Vape Waspe Crystal 180K 8 in 1 &#8211; Tropical Smoothie Mix"}]},{"@type":"WebSite","@id":"https:\/\/vozolvapen.de\/#website","url":"https:\/\/vozolvapen.de\/","name":"vozolvapen","description":"vozolvapen","publisher":{"@id":"https:\/\/vozolvapen.de\/#organization"},"potentialAction":[{"@type":"SearchAction","target":{"@type":"EntryPoint","urlTemplate":"https:\/\/vozolvapen.de\/?s={search_term_string}"},"query-input":{"@type":"PropertyValueSpecification","valueRequired":true,"valueName":"search_term_string"}}],"inLanguage":"pl-PL"},{"@type":"Organization","@id":"https:\/\/vozolvapen.de\/#organization","name":"vozolvapen","url":"https:\/\/vozolvapen.de\/","logo":{"@type":"ImageObject","inLanguage":"pl-PL","@id":"https:\/\/vozolvapen.de\/#\/schema\/logo\/image\/","url":"https:\/\/vozolvapen.de\/wp-content\/uploads\/2025\/12\/cropped-vozovapen-logo.webp","contentUrl":"https:\/\/vozolvapen.de\/wp-content\/uploads\/2025\/12\/cropped-vozovapen-logo.webp","width":470,"height":110,"caption":"vozolvapen"},"image":{"@id":"https:\/\/vozolvapen.de\/#\/schema\/logo\/image\/"}}]}},"tiered_pricing_type":"fixed","tiered_pricing_fixed_rules":{"30":"14","50":"12","100":"11.8","200":"10.5"},"tiered_pricing_product_settings":{"layout":"default","base_unit_name":{"singular":null,"plural":null},"default_variation":{}},"tiered_pricing_minimum_quantity":10,"tiered_pricing_roles_data":[],"tiered_pricing_percentage_rules":[],"tiered_pricing_maximum_quantity":null,"tiered_pricing_quantity_step":"10","_links":{"self":[{"href":"http:\/\/vozolvapen.de\/pl\/wp-json\/wp\/v2\/product\/65036","targetHints":{"allow":["GET"]}}],"collection":[{"href":"http:\/\/vozolvapen.de\/pl\/wp-json\/wp\/v2\/product"}],"about":[{"href":"http:\/\/vozolvapen.de\/pl\/wp-json\/wp\/v2\/types\/product"}],"replies":[{"embeddable":true,"href":"http:\/\/vozolvapen.de\/pl\/wp-json\/wp\/v2\/comments?post=65036"}],"wp:featuredmedia":[{"embeddable":true,"href":"http:\/\/vozolvapen.de\/pl\/wp-json\/wp\/v2\/media\/65147"}],"wp:attachment":[{"href":"http:\/\/vozolvapen.de\/pl\/wp-json\/wp\/v2\/media?parent=65036"}],"wp:term":[{"taxonomy":"product_brand","embeddable":true,"href":"http:\/\/vozolvapen.de\/pl\/wp-json\/wp\/v2\/product_brand?post=65036"},{"taxonomy":"product_cat","embeddable":true,"href":"http:\/\/vozolvapen.de\/pl\/wp-json\/wp\/v2\/product_cat?post=65036"},{"taxonomy":"product_tag","embeddable":true,"href":"http:\/\/vozolvapen.de\/pl\/wp-json\/wp\/v2\/product_tag?post=65036"}],"curies":[{"name":"wp","href":"https:\/\/api.w.org\/{rel}","templated":true}]}}