{"id":65076,"date":"2026-01-23T06:13:41","date_gmt":"2026-01-23T06:13:41","guid":{"rendered":"https:\/\/vozolvapen.de\/?post_type=product&#038;p=65076"},"modified":"2026-01-23T07:22:51","modified_gmt":"2026-01-23T07:22:51","slug":"180k-vape-waspe-crystal-180k-8-in-1-summer-lemonade-chill","status":"publish","type":"product","link":"http:\/\/vozolvapen.de\/pl\/product\/180k-vape-waspe-crystal-180k-8-in-1-summer-lemonade-chill\/","title":{"rendered":"180k Vape Waspe Crystal 180K 8 w 1 - Summer Lemonade Chill"},"content":{"rendered":"<h1>Waspe Crystal 180k - Summer Lemonade Chill<\/h1>\n<p data-path-to-node=\"70\">Zako\u0144cz poszukiwania idealnego waporyzatora do lemoniady dzi\u0119ki <b data-path-to-node=\"70\" data-index-in-node=\"73\">Letnia Lemoniada Ch\u0142odz\u0105ca<\/b>. Ta edycja r\u00f3wnowa\u017cy \u201cblask\u201d <b data-path-to-node=\"70\" data-index-in-node=\"135\">Lemoniada Blue Razz<\/b> z delikatnymi, kwiatowymi nutami <b data-path-to-node=\"70\" data-index-in-node=\"185\">Arbuz Brzoskwinia<\/b>. Pi\u0119knie wywa\u017cony <b data-path-to-node=\"70\" data-index-in-node=\"226\">vape 180 tys. zaci\u0105gni\u0119\u0107<\/b> urz\u0105dzenie.<\/p>\n<ul data-path-to-node=\"71\">\n<li>\n<p data-path-to-node=\"71,0,0\"><b data-path-to-node=\"71,0,0\" data-index-in-node=\"0\">Tryb A:<\/b> Lemoniada Blue Razz<\/p>\n<\/li>\n<li>\n<p data-path-to-node=\"71,1,0\"><b data-path-to-node=\"71,1,0\" data-index-in-node=\"0\">Tryb B:<\/b> Cherry Lemon<\/p>\n<\/li>\n<li>\n<p data-path-to-node=\"71,2,0\"><b data-path-to-node=\"71,2,0\" data-index-in-node=\"0\">Tryb C:<\/b> L\u00f3d jagodowy<\/p>\n<\/li>\n<li>\n<p data-path-to-node=\"71,3,0\"><b data-path-to-node=\"71,3,0\" data-index-in-node=\"0\">Tryb D:<\/b> Arbuz Brzoskwinia<\/p>\n<\/li>\n<li>\n<p data-path-to-node=\"71,4,0\"><b data-path-to-node=\"71,4,0\" data-index-in-node=\"0\">Mix Highlights:<\/b> <b data-path-to-node=\"71,4,0\" data-index-in-node=\"16\">A+C<\/b> dla lemoniady \u201cDouble Blue\u201d lub <b data-path-to-node=\"71,4,0\" data-index-in-node=\"52\">B+D<\/b> dla delikatnej wi\u015bniowo-brzoskwiniowej iskry.<\/p>\n<\/li>\n<\/ul>\n<h2 data-path-to-node=\"72\"><b data-path-to-node=\"72\" data-index-in-node=\"0\">Dla kogo to jest?<\/b><\/h2>\n<p data-path-to-node=\"72\">Vaperzy, kt\u00f3rzy chc\u0105 mieszanki \u201cgazowanych\u201d napoj\u00f3w i \u201cmi\u0119kkich\u201d owoc\u00f3w. Jest to najbardziej zr\u00f3wnowa\u017cona edycja 8 w 1.<\/p>\n<h2 data-path-to-node=\"25\"><b data-path-to-node=\"25\" data-index-in-node=\"0\">Summer Lemonade Chill | Ocena<\/b><\/h2>\n<ul data-path-to-node=\"26\">\n<li>\n<p data-path-to-node=\"26,0,0\"><b data-path-to-node=\"26,0,0\" data-index-in-node=\"0\">Do\u015bwiadczenie:<\/b> Jasne i b\u0142yszcz\u0105ce. The <b data-path-to-node=\"26,0,0\" data-index-in-node=\"42\">Lemoniada Blue Razz<\/b> ma fantastyczny wsp\u00f3\u0142czynnik \u201cmusowania\u201d. <b data-path-to-node=\"26,0,0\" data-index-in-node=\"92\">Arbuz Brzoskwinia<\/b> zapewnia \u0142agodniejszy, nektarowy wydech, aby zr\u00f3wnowa\u017cy\u0107 cytrusy.<\/p>\n<\/li>\n<li>\n<p data-path-to-node=\"26,1,0\"><b data-path-to-node=\"26,1,0\" data-index-in-node=\"0\">Profil mieszany (A+C):<\/b> \u201cFrozen Blue Lemonade\u201d - mocno uderzaj\u0105cy lodowy nap\u00f3j jagodowy.<\/p>\n<\/li>\n<li>\n<p data-path-to-node=\"26,2,0\"><b data-path-to-node=\"26,2,0\" data-index-in-node=\"0\">Oceny:<\/b> S\u0142odycz: 4\/5 | Ch\u0142\u00f3d: 4\/5 | Intensywno\u015b\u0107: 4\/5<\/p>\n<\/li>\n<\/ul>\n<h2 data-path-to-node=\"3\"><b data-path-to-node=\"3\" data-index-in-node=\"0\">180k Vape Waspe Crystal 180K 8 w 1 - <\/b><b data-path-to-node=\"36\" data-index-in-node=\"0\">Summer Lemonade Chill | Dane techniczne<\/b><\/h2>\n<table data-path-to-node=\"37\">\n<thead>\n<tr>\n<td><strong>Cecha<\/strong><\/td>\n<td><strong>Szczeg\u00f3\u0142y<\/strong><\/td>\n<\/tr>\n<\/thead>\n<tbody>\n<tr>\n<td><span data-path-to-node=\"37,1,0,0\"><b data-path-to-node=\"37,1,0,0\" data-index-in-node=\"0\">Wydanie<\/b><\/span><\/td>\n<td><span data-path-to-node=\"37,1,1,0\">Lemoniada <b data-path-to-node=\"37,1,1,0\" data-index-in-node=\"9\">vape 180 tys. zaci\u0105gni\u0119\u0107<\/b><\/span><\/td>\n<\/tr>\n<tr>\n<td><span data-path-to-node=\"37,2,0,0\"><b data-path-to-node=\"37,2,0,0\" data-index-in-node=\"0\">Flavor Group<\/b><\/span><\/td>\n<td><span data-path-to-node=\"37,2,1,0\">Blue Razz &amp; Cherry Lemonade<\/span><\/td>\n<\/tr>\n<tr>\n<td><span data-path-to-node=\"37,3,0,0\"><b data-path-to-node=\"37,3,0,0\" data-index-in-node=\"0\">\u015awie\u017co\u015b\u0107<\/b><\/span><\/td>\n<td><span data-path-to-node=\"37,3,1,0\">\u2605\u2605\u2605\u2605\u2606 (Crisp &amp; Sparkling)<\/span><\/td>\n<\/tr>\n<tr>\n<td><span data-path-to-node=\"37,4,0,0\"><b data-path-to-node=\"37,4,0,0\" data-index-in-node=\"0\">Moc cewki<\/b><\/span><\/td>\n<td><span data-path-to-node=\"37,4,1,0\">Ogrzewanie rozproszone Quad-Coil<\/span><\/td>\n<\/tr>\n<tr>\n<td><span data-path-to-node=\"37,5,0,0\"><b data-path-to-node=\"37,5,0,0\" data-index-in-node=\"0\">E-Liquid<\/b><\/span><\/td>\n<td><span data-path-to-node=\"37,5,1,0\">68 ml (dostawa d\u0142ugoterminowa)<\/span><\/td>\n<\/tr>\n<tr>\n<td><span data-path-to-node=\"37,6,0,0\"><b data-path-to-node=\"37,6,0,0\" data-index-in-node=\"0\">Model<\/b><\/span><\/td>\n<td><span data-path-to-node=\"37,6,1,0\"><b data-path-to-node=\"37,6,1,0\" data-index-in-node=\"0\">Waspe Crystal 180k<\/b> 8 w 1<\/span><\/td>\n<\/tr>\n<tr>\n<td><span data-path-to-node=\"37,7,0,0\"><b data-path-to-node=\"37,7,0,0\" data-index-in-node=\"0\">Cel<\/b><\/span><\/td>\n<td><span data-path-to-node=\"37,7,1,0\">Fani waporyzacji napoj\u00f3w cytrusowych<\/span><\/td>\n<\/tr>\n<\/tbody>\n<\/table>\n<h2 data-path-to-node=\"2\"><b data-path-to-node=\"2\" data-index-in-node=\"0\">Dla kogo przeznaczony jest model Waspe Crystal 180k?<\/b><\/h2>\n<h3 data-path-to-node=\"4\"><b data-path-to-node=\"4\" data-index-in-node=\"0\">Poszukiwacz \u201costatecznej d\u0142ugowieczno\u015bci\u201d (Heavy Users)<\/b><\/h3>\n<p data-path-to-node=\"5\">Je\u015bli jeste\u015b zm\u0119czony tym, \u017ce twoje jednorazowe vape ko\u0144cz\u0105 si\u0119 ju\u017c po kilku dniach, to jest twoje rozwi\u0105zanie. Z wiod\u0105cym w bran\u017cy <b data-path-to-node=\"5\" data-index-in-node=\"124\">180 000 zaci\u0105gni\u0119\u0107<\/b> oraz <b data-path-to-node=\"5\" data-index-in-node=\"144\">Zbiornik e-liquidu o pojemno\u015bci 68 ml<\/b>, To urz\u0105dzenie jest zbudowane tak, aby wytrzyma\u0107 tygodnie, je\u015bli nie miesi\u0105ce.<\/p>\n<ul data-path-to-node=\"6\">\n<li>\n<p data-path-to-node=\"6,0,0\"><b data-path-to-node=\"6,0,0\" data-index-in-node=\"0\">Idealny dla:<\/b> Intensywni vaperzy, kt\u00f3rzy chc\u0105 zminimalizowa\u0107 cz\u0119stotliwo\u015b\u0107 kupowania nowych urz\u0105dze\u0144.<\/p>\n<\/li>\n<li>\n<p data-path-to-node=\"6,1,0\"><b data-path-to-node=\"6,1,0\" data-index-in-node=\"0\">Korzy\u015bci:<\/b> Koniec z \u201cko\u0144cz\u0105cym si\u0119 sokiem\u201d w \u015brodku dnia. <b data-path-to-node=\"6,1,0\" data-index-in-node=\"57\">vape 180 tys. zaci\u0105gni\u0119\u0107<\/b> pojemno\u015b\u0107 odpowiada ponad 15 standardowym jednoraz\u00f3wkom.<\/p>\n<\/li>\n<\/ul>\n<h3 data-path-to-node=\"77\"><b data-path-to-node=\"77\" data-index-in-node=\"0\">Dalsze zalecenia:<\/b><\/h3>\n<p data-path-to-node=\"78\">Odkryj jeszcze wi\u0119cej niesamowitych smak\u00f3w dzi\u0119ki 180k Vape Waspe Crystal 180K 8 w 1 <b data-path-to-node=\"78\" data-index-in-node=\"47\">zaci\u0105gni\u0119cia<\/b>!<\/p>\n<p data-path-to-node=\"79\"><a class=\"ng-star-inserted\" href=\"https:\/\/vozolvapen.de\/pl\/product-category\/waspe-vape\/180k-vape-waspe-crystal-180k-8-in-1\/\" target=\"_blank\" rel=\"noopener noreferrer nofollow\" data-hveid=\"0\" data-ved=\"0CAAQ_4QMahgKEwjxyYqx9_CRAxUAAAAAHQAAAAAQ9wE\">Zobacz wszystkie odmiany tutaj \u2192<\/a><\/p>\n<p data-path-to-node=\"80\">Zapoznaj si\u0119 z nasz\u0105 pe\u0142n\u0105 kolekcj\u0105 i kupuj produkty najlepszych marek vape, kt\u00f3re pokochasz.<\/p>\n<p data-path-to-node=\"81\"><a class=\"ng-star-inserted\" href=\"https:\/\/vozolvapen.de\/pl\/\" target=\"_blank\" rel=\"noopener noreferrer nofollow\" data-hveid=\"0\" data-ved=\"0CAAQ_4QMahgKEwjxyYqx9_CRAxUAAAAAHQAAAAAQ-AE\">Przegl\u0105daj teraz wszystkie marki \u2192<\/a><\/p>\n<p data-path-to-node=\"82\">Sprawd\u017a ca\u0142o\u015b\u0107\u00a0<b data-path-to-node=\"82\" data-index-in-node=\"23\">Waspe Aiviou<\/b>\u00a0Seria - ka\u017cdy smak, ka\u017cdy styl!<\/p>\n<p data-path-to-node=\"83\"><a class=\"ng-star-inserted\" href=\"https:\/\/vozolvapen.de\/pl\/product-category\/waspe-vape\/\" target=\"_blank\" rel=\"noopener noreferrer nofollow\" data-hveid=\"0\" data-ved=\"0CAAQ_4QMahgKEwjxyYqx9_CRAxUAAAAAHQAAAAAQ-QE\">Zobacz pe\u0142n\u0105 kolekcj\u0119 Waspe \u2192<\/a><\/p>\n<h2 data-path-to-node=\"2\"><b data-path-to-node=\"2\" data-index-in-node=\"0\">Dlaczego warto wybra\u0107 nas dla Waspe Crystal 180k?<\/b><\/h2>\n<p data-path-to-node=\"3\">The <b data-path-to-node=\"3\" data-index-in-node=\"4\">Waspe Crystal 8 w 1<\/b> to rewolucyjny sprz\u0119t, a miejsce jego zakupu ma znaczenie. Jeste\u015bmy wiod\u0105cym partnerem dla <b data-path-to-node=\"3\" data-index-in-node=\"124\">WASPE Vape<\/b> w Europie, oferuj\u0105c skal\u0119 logistyczn\u0105 i do\u015bwiadczenie w zakresie produkt\u00f3w wymagane do obs\u0142ugi ogromnych <b data-path-to-node=\"3\" data-index-in-node=\"230\">180 tys. puff\u00f3w<\/b> technologia.<\/p>\n<h3 data-path-to-node=\"4\"><b data-path-to-node=\"4\" data-index-in-node=\"0\">1. 100% Authentic WASPE Direct Supply<\/b><\/h3>\n<p data-path-to-node=\"5\">Na rynku wype\u0142nionym klonami, autentyczno\u015b\u0107 jest wszystkim - szczeg\u00f3lnie w przypadku urz\u0105dze\u0144 o wysokiej warto\u015bci, takich jak <b data-path-to-node=\"5\" data-index-in-node=\"103\">180k vape<\/b>. Mamy do czynienia bezpo\u015brednio z <b data-path-to-node=\"5\" data-index-in-node=\"140\">WASPE<\/b> fabryka, aby zapewni\u0107:<\/p>\n<ul data-path-to-node=\"6\">\n<li>\n<p data-path-to-node=\"6,0,0\">Ka\u017cde urz\u0105dzenie jest wyposa\u017cone w oryginalne <b data-path-to-node=\"6,0,0\" data-index-in-node=\"34\">Poczw\u00f3rna cewka siatkowa<\/b> system.<\/p>\n<\/li>\n<li>\n<p data-path-to-node=\"6,1,0\">The <b data-path-to-node=\"6,1,0\" data-index-in-node=\"4\">68 ml e-liquidu<\/b> Zbiornik zawiera wysokiej jako\u015bci sok testowany laboratoryjnie.<\/p>\n<\/li>\n<li>\n<p data-path-to-node=\"6,2,0\">The <b data-path-to-node=\"6,2,0\" data-index-in-node=\"4\">Inteligentny wy\u015bwietlacz LED<\/b> i sprz\u0119t prze\u0142\u0105czaj\u0105cy s\u0105 funkcjonalne i przetestowane pod k\u0105tem jako\u015bci 100%.<\/p>\n<\/li>\n<\/ul>\n<h3 data-path-to-node=\"7\"><b data-path-to-node=\"7\" data-index-in-node=\"0\">2. Wiod\u0105ca w bran\u017cy logistyka UE (dostawa w ci\u0105gu 1-3 dni)<\/b><\/h3>\n<p data-path-to-node=\"8\">Nie czekaj tygodniami na <b data-path-to-node=\"8\" data-index-in-node=\"26\">Waspe 180 tys.<\/b> z zagranicy. Wszystkie zam\u00f3wienia wysy\u0142amy bezpo\u015brednio z naszego <b data-path-to-node=\"8\" data-index-in-node=\"99\">Europejskie magazyny<\/b>.<\/p>\n<ul data-path-to-node=\"9\">\n<li>\n<p data-path-to-node=\"9,0,0\"><b data-path-to-node=\"9,0,0\" data-index-in-node=\"0\">Bez k\u0142opot\u00f3w celnych:<\/b> Poniewa\u017c wysy\u0142amy na terenie UE, nie ma \u017cadnych ukrytych podatk\u00f3w, ce\u0142 ani zaj\u0119\u0107 celnych.<\/p>\n<\/li>\n<li>\n<p data-path-to-node=\"9,1,0\"><b data-path-to-node=\"9,1,0\" data-index-in-node=\"0\">Szybka realizacja:<\/b> Typowa dostawa zajmuje tylko 1-3 dni robocze.<\/p>\n<\/li>\n<li>\n<p data-path-to-node=\"9,2,0\"><b data-path-to-node=\"9,2,0\" data-index-in-node=\"0\">Bezpieczna obs\u0142uga:<\/b> Nasze opakowanie jest wzmocnione, aby chroni\u0107 wysokiej jako\u015bci obudow\u0119 kryszta\u0142ow\u0105 o wadze 180 g podczas transportu.<\/p>\n<\/li>\n<\/ul>\n<h3 data-path-to-node=\"10\"><b data-path-to-node=\"10\" data-index-in-node=\"0\">3. Specjalista ds. sprzeda\u017cy hurtowej i B2B<\/b><\/h3>\n<p data-path-to-node=\"11\">Rozumiemy potrzeby w\u0142a\u015bcicieli i dystrybutor\u00f3w vape shop\u00f3w. The <b data-path-to-node=\"11\" data-index-in-node=\"66\">Waspe Crystal 180k<\/b> jest przedmiotem o wysokim popycie, kt\u00f3ry wymaga profesjonalnej obs\u0142ugi.<\/p>\n<ul data-path-to-node=\"12\">\n<li>\n<p data-path-to-node=\"12,0,0\"><b data-path-to-node=\"12,0,0\" data-index-in-node=\"0\">Opakowanie gotowe do sprzeda\u017cy detalicznej:<\/b> Ka\u017cde 10 sztuk jest dostarczane w profesjonalnym pude\u0142ku ekspozycyjnym zaprojektowanym z my\u015bl\u0105 o wysokiej jako\u015bci p\u00f3\u0142kach sklepowych.<\/p>\n<\/li>\n<li>\n<p data-path-to-node=\"12,1,0\"><b data-path-to-node=\"12,1,0\" data-index-in-node=\"0\">Ceny warstwowe:<\/b> Oferujemy najbardziej konkurencyjne stawki hurtowe w UE dla <b data-path-to-node=\"12,1,0\" data-index-in-node=\"76\">vape 180 tys. zaci\u0105gni\u0119\u0107<\/b> urz\u0105dzenia.<\/p>\n<\/li>\n<li>\n<p data-path-to-node=\"12,2,0\"><b data-path-to-node=\"12,2,0\" data-index-in-node=\"0\">Stabilne akcje:<\/b> Utrzymujemy wysoki poziom zapas\u00f3w wszystkich 12 <b data-path-to-node=\"12,2,0\" data-index-in-node=\"58\">Smaki 8 w 1<\/b> edycje.<\/p>\n<\/li>\n<\/ul>\n<h3 data-path-to-node=\"13\"><b data-path-to-node=\"13\" data-index-in-node=\"0\">4. Wiedza techniczna i wsparcie posprzeda\u017cowe<\/b><\/h3>\n<p data-path-to-node=\"14\">The <b data-path-to-node=\"14\" data-index-in-node=\"4\">Waspe Crystal 180k<\/b> jest bardziej z\u0142o\u017cony ni\u017c standardowy jednorazowy. Nasz zesp\u00f3\u0142 sk\u0142ada si\u0119 z ekspert\u00f3w w dziedzinie waporyzacji, kt\u00f3rzy rozumiej\u0105 <b data-path-to-node=\"14\" data-index-in-node=\"122\">System prze\u0142\u0105czania 8 w 1<\/b>.<\/p>\n<ul data-path-to-node=\"15\">\n<li>\n<p data-path-to-node=\"15,0,0\"><b data-path-to-node=\"15,0,0\" data-index-in-node=\"0\">Rozwi\u0105zywanie problem\u00f3w:<\/b> Potrzebujesz pomocy w wyja\u015bnieniu klientowi trybu A+B? Zapewniamy przewodniki i wsparcie, kt\u00f3rych potrzebujesz.<\/p>\n<\/li>\n<li>\n<p data-path-to-node=\"15,1,0\"><b data-path-to-node=\"15,1,0\" data-index-in-node=\"0\">Bezpiecze\u0144stwo akumulatora:<\/b> Zapewniamy jasne instrukcje dotycz\u0105ce \u0142adowania baterii 650 mAh przez Type-C, aby zmaksymalizowa\u0107 jej \u017cywotno\u015b\u0107. <b data-path-to-node=\"15,1,0\" data-index-in-node=\"116\">68 ml<\/b> zbiornik.<\/p>\n<\/li>\n<\/ul>","protected":false},"excerpt":{"rendered":"<p>Ugasi\u0107 pragnienie za pomoc\u0105 <b data-path-to-node=\"26,2,0\" data-index-in-node=\"43\">Letnia Lemoniada Ch\u0142odz\u0105ca<\/b>. To <b data-path-to-node=\"26,2,0\" data-index-in-node=\"71\">Waspe Crystal 180k<\/b> Edition oferuje musuj\u0105c\u0105 Blue Razz Lemonade i delikatn\u0105 Watermelon Peach. Idealny na gor\u0105ce dni, ten <b data-path-to-node=\"26,2,0\" data-index-in-node=\"188\">180k vape<\/b> zapewnia zr\u00f3wnowa\u017cone, \u201cgazowane\u201d doznania, kt\u00f3re pozostaj\u0105 niezmienne przez wszystkie 180 000 zaci\u0105gni\u0119\u0107.<\/p>","protected":false},"featured_media":65149,"comment_status":"open","ping_status":"closed","template":"","meta":{"_acf_changed":false},"product_brand":[],"product_cat":[122],"product_tag":[],"class_list":{"0":"post-65076","1":"product","2":"type-product","3":"status-publish","4":"has-post-thumbnail","6":"product_cat-180k-vape-waspe-crystal-180k-8-in-1","8":"first","9":"instock","10":"shipping-taxable","11":"purchasable","12":"product-type-variable"},"acf":[],"yoast_head":"<!-- This site is optimized with the Yoast SEO Premium plugin v26.1 (Yoast SEO v27.5) - https:\/\/yoast.com\/product\/yoast-seo-premium-wordpress\/ -->\n<title>Waspe Crystal 180k Summer Lemonade Chill | 8-in-1 Vape - vozolvapen<\/title>\n<meta name=\"description\" content=\"Summer Lemonade Chill Waspe 180k features Blue Razz Lemonade and Watermelon Peach. 180,000 puffs of sparkling summer flavor.\" \/>\n<meta name=\"robots\" content=\"index, follow, max-snippet:-1, max-image-preview:large, max-video-preview:-1\" \/>\n<link rel=\"canonical\" href=\"https:\/\/vozolvapen.de\/pl\/product\/180k-vape-waspe-crystal-180k-8-in-1-summer-lemonade-chill\/\" \/>\n<meta property=\"og:locale\" content=\"pl_PL\" \/>\n<meta property=\"og:type\" content=\"article\" \/>\n<meta property=\"og:title\" content=\"180k Vape Waspe Crystal 180K 8 in 1 - Summer Lemonade Chill\" \/>\n<meta property=\"og:description\" content=\"Summer Lemonade Chill Waspe 180k features Blue Razz Lemonade and Watermelon Peach. 180,000 puffs of sparkling summer flavor.\" \/>\n<meta property=\"og:url\" content=\"https:\/\/vozolvapen.de\/pl\/product\/180k-vape-waspe-crystal-180k-8-in-1-summer-lemonade-chill\/\" \/>\n<meta property=\"og:site_name\" content=\"vozolvapen\" \/>\n<meta property=\"article:modified_time\" content=\"2026-01-23T07:22:51+00:00\" \/>\n<meta property=\"og:image\" content=\"https:\/\/vozolvapen.de\/wp-content\/uploads\/2026\/01\/180k-Vape-Waspe-Crystal-180K-8-in-1-BLUE-RAZZLEMONADE-CHERRY-LEMON-BLUEBERRY-ICE-WATERMELON-PEACH-2.webp\" \/>\n\t<meta property=\"og:image:width\" content=\"1200\" \/>\n\t<meta property=\"og:image:height\" content=\"1200\" \/>\n\t<meta property=\"og:image:type\" content=\"image\/webp\" \/>\n<meta name=\"twitter:card\" content=\"summary_large_image\" \/>\n<meta name=\"twitter:label1\" content=\"Szacowany czas czytania\" \/>\n\t<meta name=\"twitter:data1\" content=\"4 minuty\" \/>\n<script type=\"application\/ld+json\" class=\"yoast-schema-graph\">{\"@context\":\"https:\\\/\\\/schema.org\",\"@graph\":[{\"@type\":\"WebPage\",\"@id\":\"https:\\\/\\\/vozolvapen.de\\\/product\\\/180k-vape-waspe-crystal-180k-8-in-1-summer-lemonade-chill\\\/\",\"url\":\"https:\\\/\\\/vozolvapen.de\\\/product\\\/180k-vape-waspe-crystal-180k-8-in-1-summer-lemonade-chill\\\/\",\"name\":\"Waspe Crystal 180k Summer Lemonade Chill | 8-in-1 Vape - vozolvapen\",\"isPartOf\":{\"@id\":\"https:\\\/\\\/vozolvapen.de\\\/#website\"},\"primaryImageOfPage\":{\"@id\":\"https:\\\/\\\/vozolvapen.de\\\/product\\\/180k-vape-waspe-crystal-180k-8-in-1-summer-lemonade-chill\\\/#primaryimage\"},\"image\":{\"@id\":\"https:\\\/\\\/vozolvapen.de\\\/product\\\/180k-vape-waspe-crystal-180k-8-in-1-summer-lemonade-chill\\\/#primaryimage\"},\"thumbnailUrl\":\"https:\\\/\\\/vozolvapen.de\\\/wp-content\\\/uploads\\\/2026\\\/01\\\/180k-Vape-Waspe-Crystal-180K-8-in-1-BLUE-RAZZLEMONADE-CHERRY-LEMON-BLUEBERRY-ICE-WATERMELON-PEACH-2.webp\",\"datePublished\":\"2026-01-23T06:13:41+00:00\",\"dateModified\":\"2026-01-23T07:22:51+00:00\",\"description\":\"Summer Lemonade Chill Waspe 180k features Blue Razz Lemonade and Watermelon Peach. 180,000 puffs of sparkling summer flavor.\",\"breadcrumb\":{\"@id\":\"https:\\\/\\\/vozolvapen.de\\\/product\\\/180k-vape-waspe-crystal-180k-8-in-1-summer-lemonade-chill\\\/#breadcrumb\"},\"inLanguage\":\"pl-PL\",\"potentialAction\":[{\"@type\":\"ReadAction\",\"target\":[\"https:\\\/\\\/vozolvapen.de\\\/product\\\/180k-vape-waspe-crystal-180k-8-in-1-summer-lemonade-chill\\\/\"]}]},{\"@type\":\"ImageObject\",\"inLanguage\":\"pl-PL\",\"@id\":\"https:\\\/\\\/vozolvapen.de\\\/product\\\/180k-vape-waspe-crystal-180k-8-in-1-summer-lemonade-chill\\\/#primaryimage\",\"url\":\"https:\\\/\\\/vozolvapen.de\\\/wp-content\\\/uploads\\\/2026\\\/01\\\/180k-Vape-Waspe-Crystal-180K-8-in-1-BLUE-RAZZLEMONADE-CHERRY-LEMON-BLUEBERRY-ICE-WATERMELON-PEACH-2.webp\",\"contentUrl\":\"https:\\\/\\\/vozolvapen.de\\\/wp-content\\\/uploads\\\/2026\\\/01\\\/180k-Vape-Waspe-Crystal-180K-8-in-1-BLUE-RAZZLEMONADE-CHERRY-LEMON-BLUEBERRY-ICE-WATERMELON-PEACH-2.webp\",\"width\":1200,\"height\":1200,\"caption\":\"180k Vape Waspe Crystal 180K 8 in 1 - BLUE RAZZLEMONADE & CHERRY LEMON & BLUEBERRY ICE & WATERMELON PEACH (2)\"},{\"@type\":\"BreadcrumbList\",\"@id\":\"https:\\\/\\\/vozolvapen.de\\\/product\\\/180k-vape-waspe-crystal-180k-8-in-1-summer-lemonade-chill\\\/#breadcrumb\",\"itemListElement\":[{\"@type\":\"ListItem\",\"position\":1,\"name\":\"Home\",\"item\":\"https:\\\/\\\/vozolvapen.de\\\/de\\\/\"},{\"@type\":\"ListItem\",\"position\":2,\"name\":\"Shop\",\"item\":\"https:\\\/\\\/vozolvapen.de\\\/shop\\\/\"},{\"@type\":\"ListItem\",\"position\":3,\"name\":\"180k Vape Waspe Crystal 180K 8 in 1 &#8211; Summer Lemonade Chill\"}]},{\"@type\":\"WebSite\",\"@id\":\"https:\\\/\\\/vozolvapen.de\\\/#website\",\"url\":\"https:\\\/\\\/vozolvapen.de\\\/\",\"name\":\"vozolvapen\",\"description\":\"vozolvapen\",\"publisher\":{\"@id\":\"https:\\\/\\\/vozolvapen.de\\\/#organization\"},\"potentialAction\":[{\"@type\":\"SearchAction\",\"target\":{\"@type\":\"EntryPoint\",\"urlTemplate\":\"https:\\\/\\\/vozolvapen.de\\\/?s={search_term_string}\"},\"query-input\":{\"@type\":\"PropertyValueSpecification\",\"valueRequired\":true,\"valueName\":\"search_term_string\"}}],\"inLanguage\":\"pl-PL\"},{\"@type\":\"Organization\",\"@id\":\"https:\\\/\\\/vozolvapen.de\\\/#organization\",\"name\":\"vozolvapen\",\"url\":\"https:\\\/\\\/vozolvapen.de\\\/\",\"logo\":{\"@type\":\"ImageObject\",\"inLanguage\":\"pl-PL\",\"@id\":\"https:\\\/\\\/vozolvapen.de\\\/#\\\/schema\\\/logo\\\/image\\\/\",\"url\":\"https:\\\/\\\/vozolvapen.de\\\/wp-content\\\/uploads\\\/2025\\\/12\\\/cropped-vozovapen-logo.webp\",\"contentUrl\":\"https:\\\/\\\/vozolvapen.de\\\/wp-content\\\/uploads\\\/2025\\\/12\\\/cropped-vozovapen-logo.webp\",\"width\":470,\"height\":110,\"caption\":\"vozolvapen\"},\"image\":{\"@id\":\"https:\\\/\\\/vozolvapen.de\\\/#\\\/schema\\\/logo\\\/image\\\/\"}}]}<\/script>\n<!-- \/ Yoast SEO Premium plugin. -->","yoast_head_json":{"title":"Waspe Crystal 180k Summer Lemonade Chill | 8 w 1 Vape - vozolvapen","description":"Summer Lemonade Chill Waspe 180k zawiera lemoniad\u0119 Blue Razz i brzoskwini\u0119 arbuzow\u0105. 180 000 puff\u00f3w musuj\u0105cego letniego smaku.","robots":{"index":"index","follow":"follow","max-snippet":"max-snippet:-1","max-image-preview":"max-image-preview:large","max-video-preview":"max-video-preview:-1"},"canonical":"https:\/\/vozolvapen.de\/pl\/product\/180k-vape-waspe-crystal-180k-8-in-1-summer-lemonade-chill\/","og_locale":"pl_PL","og_type":"article","og_title":"180k Vape Waspe Crystal 180K 8 in 1 - Summer Lemonade Chill","og_description":"Summer Lemonade Chill Waspe 180k features Blue Razz Lemonade and Watermelon Peach. 180,000 puffs of sparkling summer flavor.","og_url":"https:\/\/vozolvapen.de\/pl\/product\/180k-vape-waspe-crystal-180k-8-in-1-summer-lemonade-chill\/","og_site_name":"vozolvapen","article_modified_time":"2026-01-23T07:22:51+00:00","og_image":[{"width":1200,"height":1200,"url":"https:\/\/vozolvapen.de\/wp-content\/uploads\/2026\/01\/180k-Vape-Waspe-Crystal-180K-8-in-1-BLUE-RAZZLEMONADE-CHERRY-LEMON-BLUEBERRY-ICE-WATERMELON-PEACH-2.webp","type":"image\/webp"}],"twitter_card":"summary_large_image","twitter_misc":{"Szacowany czas czytania":"4 minuty"},"schema":{"@context":"https:\/\/schema.org","@graph":[{"@type":"WebPage","@id":"https:\/\/vozolvapen.de\/product\/180k-vape-waspe-crystal-180k-8-in-1-summer-lemonade-chill\/","url":"https:\/\/vozolvapen.de\/product\/180k-vape-waspe-crystal-180k-8-in-1-summer-lemonade-chill\/","name":"Waspe Crystal 180k Summer Lemonade Chill | 8 w 1 Vape - vozolvapen","isPartOf":{"@id":"https:\/\/vozolvapen.de\/#website"},"primaryImageOfPage":{"@id":"https:\/\/vozolvapen.de\/product\/180k-vape-waspe-crystal-180k-8-in-1-summer-lemonade-chill\/#primaryimage"},"image":{"@id":"https:\/\/vozolvapen.de\/product\/180k-vape-waspe-crystal-180k-8-in-1-summer-lemonade-chill\/#primaryimage"},"thumbnailUrl":"https:\/\/vozolvapen.de\/wp-content\/uploads\/2026\/01\/180k-Vape-Waspe-Crystal-180K-8-in-1-BLUE-RAZZLEMONADE-CHERRY-LEMON-BLUEBERRY-ICE-WATERMELON-PEACH-2.webp","datePublished":"2026-01-23T06:13:41+00:00","dateModified":"2026-01-23T07:22:51+00:00","description":"Summer Lemonade Chill Waspe 180k zawiera lemoniad\u0119 Blue Razz i brzoskwini\u0119 arbuzow\u0105. 180 000 puff\u00f3w musuj\u0105cego letniego smaku.","breadcrumb":{"@id":"https:\/\/vozolvapen.de\/product\/180k-vape-waspe-crystal-180k-8-in-1-summer-lemonade-chill\/#breadcrumb"},"inLanguage":"pl-PL","potentialAction":[{"@type":"ReadAction","target":["https:\/\/vozolvapen.de\/product\/180k-vape-waspe-crystal-180k-8-in-1-summer-lemonade-chill\/"]}]},{"@type":"ImageObject","inLanguage":"pl-PL","@id":"https:\/\/vozolvapen.de\/product\/180k-vape-waspe-crystal-180k-8-in-1-summer-lemonade-chill\/#primaryimage","url":"https:\/\/vozolvapen.de\/wp-content\/uploads\/2026\/01\/180k-Vape-Waspe-Crystal-180K-8-in-1-BLUE-RAZZLEMONADE-CHERRY-LEMON-BLUEBERRY-ICE-WATERMELON-PEACH-2.webp","contentUrl":"https:\/\/vozolvapen.de\/wp-content\/uploads\/2026\/01\/180k-Vape-Waspe-Crystal-180K-8-in-1-BLUE-RAZZLEMONADE-CHERRY-LEMON-BLUEBERRY-ICE-WATERMELON-PEACH-2.webp","width":1200,"height":1200,"caption":"180k Vape Waspe Crystal 180K 8 in 1 - BLUE RAZZLEMONADE & CHERRY LEMON & BLUEBERRY ICE & WATERMELON PEACH (2)"},{"@type":"BreadcrumbList","@id":"https:\/\/vozolvapen.de\/product\/180k-vape-waspe-crystal-180k-8-in-1-summer-lemonade-chill\/#breadcrumb","itemListElement":[{"@type":"ListItem","position":1,"name":"Home","item":"https:\/\/vozolvapen.de\/de\/"},{"@type":"ListItem","position":2,"name":"Shop","item":"https:\/\/vozolvapen.de\/shop\/"},{"@type":"ListItem","position":3,"name":"180k Vape Waspe Crystal 180K 8 in 1 &#8211; Summer Lemonade Chill"}]},{"@type":"WebSite","@id":"https:\/\/vozolvapen.de\/#website","url":"https:\/\/vozolvapen.de\/","name":"vozolvapen","description":"vozolvapen","publisher":{"@id":"https:\/\/vozolvapen.de\/#organization"},"potentialAction":[{"@type":"SearchAction","target":{"@type":"EntryPoint","urlTemplate":"https:\/\/vozolvapen.de\/?s={search_term_string}"},"query-input":{"@type":"PropertyValueSpecification","valueRequired":true,"valueName":"search_term_string"}}],"inLanguage":"pl-PL"},{"@type":"Organization","@id":"https:\/\/vozolvapen.de\/#organization","name":"vozolvapen","url":"https:\/\/vozolvapen.de\/","logo":{"@type":"ImageObject","inLanguage":"pl-PL","@id":"https:\/\/vozolvapen.de\/#\/schema\/logo\/image\/","url":"https:\/\/vozolvapen.de\/wp-content\/uploads\/2025\/12\/cropped-vozovapen-logo.webp","contentUrl":"https:\/\/vozolvapen.de\/wp-content\/uploads\/2025\/12\/cropped-vozovapen-logo.webp","width":470,"height":110,"caption":"vozolvapen"},"image":{"@id":"https:\/\/vozolvapen.de\/#\/schema\/logo\/image\/"}}]}},"tiered_pricing_type":"fixed","tiered_pricing_fixed_rules":{"30":"14","50":"12","100":"11.8","200":"10.5"},"tiered_pricing_product_settings":{"layout":"default","base_unit_name":{"singular":null,"plural":null},"default_variation":{}},"tiered_pricing_minimum_quantity":10,"tiered_pricing_roles_data":[],"tiered_pricing_percentage_rules":[],"tiered_pricing_maximum_quantity":null,"tiered_pricing_quantity_step":"10","_links":{"self":[{"href":"http:\/\/vozolvapen.de\/pl\/wp-json\/wp\/v2\/product\/65076","targetHints":{"allow":["GET"]}}],"collection":[{"href":"http:\/\/vozolvapen.de\/pl\/wp-json\/wp\/v2\/product"}],"about":[{"href":"http:\/\/vozolvapen.de\/pl\/wp-json\/wp\/v2\/types\/product"}],"replies":[{"embeddable":true,"href":"http:\/\/vozolvapen.de\/pl\/wp-json\/wp\/v2\/comments?post=65076"}],"wp:featuredmedia":[{"embeddable":true,"href":"http:\/\/vozolvapen.de\/pl\/wp-json\/wp\/v2\/media\/65149"}],"wp:attachment":[{"href":"http:\/\/vozolvapen.de\/pl\/wp-json\/wp\/v2\/media?parent=65076"}],"wp:term":[{"taxonomy":"product_brand","embeddable":true,"href":"http:\/\/vozolvapen.de\/pl\/wp-json\/wp\/v2\/product_brand?post=65076"},{"taxonomy":"product_cat","embeddable":true,"href":"http:\/\/vozolvapen.de\/pl\/wp-json\/wp\/v2\/product_cat?post=65076"},{"taxonomy":"product_tag","embeddable":true,"href":"http:\/\/vozolvapen.de\/pl\/wp-json\/wp\/v2\/product_tag?post=65076"}],"curies":[{"name":"wp","href":"https:\/\/api.w.org\/{rel}","templated":true}]}}