{"id":65802,"date":"2026-01-27T08:18:25","date_gmt":"2026-01-27T08:18:25","guid":{"rendered":"https:\/\/vozolvapen.de\/?post_type=product&#038;p=65802"},"modified":"2026-02-10T10:38:25","modified_gmt":"2026-02-10T10:38:25","slug":"fumot-tornado-30k-music-30000-puffs-cool-mint","status":"publish","type":"product","link":"http:\/\/vozolvapen.de\/pl\/product\/fumot-tornado-30k-music-30000-puffs-cool-mint\/","title":{"rendered":"Fumot Tornado 30k Music 30000 Puffs - Cool Mint"},"content":{"rendered":"<h1 data-path-to-node=\"78\">Fumot Tornado 30k Music - Cool Mint<\/h1>\n<p data-path-to-node=\"79\">\u015arodek oczyszczaj\u0105cy podniebienie. <b data-path-to-node=\"79\" data-index-in-node=\"21\">Cool Mint<\/b> to utw\u00f3r \u201cAmbient\u201d - spokojny, skoncentrowany i niesamowicie czysty dla tych, kt\u00f3rzy chc\u0105 prostoty.<\/p>\n<h3 data-path-to-node=\"80\"><b data-path-to-node=\"80\" data-index-in-node=\"0\">Cool Mint: Czysty ch\u0142\u00f3d<\/b><\/h3>\n<ul data-path-to-node=\"81\">\n<li>\n<p data-path-to-node=\"81,0,0\"><b data-path-to-node=\"81,0,0\" data-index-in-node=\"0\">Spearmint Breath:<\/b> Ostry, li\u015bciasty, mi\u0119towy wdech.<\/p>\n<\/li>\n<li>\n<p data-path-to-node=\"81,1,0\"><b data-path-to-node=\"81,1,0\" data-index-in-node=\"0\">Peppermint Frost:<\/b> Ch\u0142odz\u0105cy kolec, kt\u00f3ry od\u015bwie\u017ca zmys\u0142y.<\/p>\n<\/li>\n<li>\n<p data-path-to-node=\"81,2,0\"><b data-path-to-node=\"81,2,0\" data-index-in-node=\"0\">Zero cukru:<\/b> Suchy, czysty profil zapewniaj\u0105cy skupienie przez ca\u0142y dzie\u0144.<\/p>\n<\/li>\n<\/ul>\n<h3 data-path-to-node=\"30\"><b data-path-to-node=\"30\" data-index-in-node=\"0\">Specyfikacja techniczna Cool Mint |<\/b><\/h3>\n<table data-path-to-node=\"31\">\n<thead>\n<tr>\n<td><strong>Cecha<\/strong><\/td>\n<td><strong>Szczeg\u00f3\u0142y zawodowe<\/strong><\/td>\n<\/tr>\n<\/thead>\n<tbody>\n<tr>\n<td><span data-path-to-node=\"31,1,0,0\"><b data-path-to-node=\"31,1,0,0\" data-index-in-node=\"0\">Seria<\/b><\/span><\/td>\n<td><span data-path-to-node=\"31,1,1,0\"><b data-path-to-node=\"31,1,1,0\" data-index-in-node=\"0\">fumot 30k<\/b> Czysty mentol<\/span><\/td>\n<\/tr>\n<tr>\n<td><span data-path-to-node=\"31,2,0,0\"><b data-path-to-node=\"31,2,0,0\" data-index-in-node=\"0\">Zapach podstawowy<\/b><\/span><\/td>\n<td><span data-path-to-node=\"31,2,1,0\">Mi\u0119ta pieprzowa i \u015bwie\u017ca mi\u0119ta<\/span><\/td>\n<\/tr>\n<tr>\n<td><span data-path-to-node=\"31,3,0,0\"><b data-path-to-node=\"31,3,0,0\" data-index-in-node=\"0\">Poziom s\u0142odyczy \/ lodu<\/b><\/span><\/td>\n<td><span data-path-to-node=\"31,3,1,0\">S\u0142odki: \u2605\u2606\u2606\u2606\u2606<\/span><\/td>\n<\/tr>\n<tr>\n<td><span data-path-to-node=\"31,4,0,0\"><b data-path-to-node=\"31,4,0,0\" data-index-in-node=\"0\">Kategoria smaku<\/b><\/span><\/td>\n<td><span data-path-to-node=\"31,4,1,0\">Palate Cleanser \/ Arctic Fresh<\/span><\/td>\n<\/tr>\n<tr>\n<td><span data-path-to-node=\"31,5,0,0\"><b data-path-to-node=\"31,5,0,0\" data-index-in-node=\"0\">Wy\u015bwietlanie ikon<\/b><\/span><\/td>\n<td><span data-path-to-node=\"31,5,1,0\">Cyfrowe wska\u017aniki trybu rytmu<\/span><\/td>\n<\/tr>\n<tr>\n<td><span data-path-to-node=\"31,6,0,0\"><b data-path-to-node=\"31,6,0,0\" data-index-in-node=\"0\">Nikotyna<\/b><\/span><\/td>\n<td><span data-path-to-node=\"31,6,1,0\">2% (satysfakcja z g\u0142adkiego gard\u0142a)<\/span><\/td>\n<\/tr>\n<tr>\n<td><span data-path-to-node=\"31,7,0,0\"><b data-path-to-node=\"31,7,0,0\" data-index-in-node=\"0\">U\u017cytkownik docelowy<\/b><\/span><\/td>\n<td><span data-path-to-node=\"31,7,1,0\">Byli palacze \/ pury\u015bci mentolowi<\/span><\/td>\n<\/tr>\n<\/tbody>\n<\/table>\n<h3 data-path-to-node=\"26\">Symfonia wizualna<\/h3>\n<p data-path-to-node=\"31\"><span class=\"\">The <\/span><b class=\"\" data-path-to-node=\"31\" data-index-in-node=\"4\">Cool Mint<\/b><span class=\"\"> \u201cArctic Glow\u201d to najczystszy wygl\u0105d w ofercie.<\/span><\/p>\n<ul data-path-to-node=\"32\">\n<li>\n<p data-path-to-node=\"32,0,0\"><b class=\"\" data-path-to-node=\"32,0,0\" data-index-in-node=\"0\">Glacier White:<\/b><span class=\"\"> Czysty,<\/span><span class=\"\"> Sta\u0142a bia\u0142a dioda LED przechodz\u0105ca w delikatny srebrny efekt \u201coddychania\u201d.<\/span><\/p>\n<\/li>\n<li>\n<p data-path-to-node=\"32,1,0\"><b class=\"\" data-path-to-node=\"32,1,0\" data-index-in-node=\"0\">Aura Mrozu:<\/b><span class=\"\"> P\u00f3\u0142przezroczysty korpus pozwala na delikatne rozproszenie bia\u0142ego \u015bwiat\u0142a,<\/span><span class=\"\"> tworz\u0105c \u201czamro\u017cony\u201d wygl\u0105d.<\/span><\/p>\n<\/li>\n<li>\n<p data-path-to-node=\"32,2,0\"><b class=\"\" data-path-to-node=\"32,2,0\" data-index-in-node=\"0\">Referencje:<\/b> <i class=\"\" data-path-to-node=\"32,2,0\" data-index-in-node=\"13\">\u201cProste, czyste i futurystyczne. Bia\u0142e \u015bwiat\u0142o jest niesamowicie ostre\u201d.\u201d<\/i><span class=\"\"> - Hans W.,<\/span><span class=\"\"> Zurych.<\/span><\/p>\n<\/li>\n<\/ul>\n<h3 data-path-to-node=\"110\">Najcz\u0119\u015bciej zadawane pytania dotycz\u0105ce wentylator\u00f3w Fumot Tornado 30k (wsp\u00f3lne dla wszystkich stron)<\/h3>\n<ul data-path-to-node=\"111\">\n<li>\n<p data-path-to-node=\"111,0,0\"><b data-path-to-node=\"111,0,0\" data-index-in-node=\"0\">P: Jak aktywowa\u0107 \u201cTryb muzyczny\u201d?<\/b><\/p>\n<ul data-path-to-node=\"111,0,1\">\n<li>\n<p data-path-to-node=\"111,0,1,0,0\">O: Fale d\u017awi\u0119kowe LED s\u0105 wyzwalane przez nacisk. We\u017a g\u0142\u0119boki wdech, aby zobaczy\u0107 pe\u0142ny rytm wizualny!<\/p>\n<\/li>\n<\/ul>\n<\/li>\n<li>\n<p data-path-to-node=\"111,1,0\"><b data-path-to-node=\"111,1,0\" data-index-in-node=\"0\">P: Czy to naprawd\u0119 30 000 zaci\u0105gni\u0119\u0107?<\/b><\/p>\n<ul data-path-to-node=\"111,1,1\">\n<li>\n<p data-path-to-node=\"111,1,1,0,0\">O: Tak! Nasz <b data-path-to-node=\"111,1,1,0,0\" data-index-in-node=\"12\">Zbiornik 30 ml<\/b> oraz <b data-path-to-node=\"111,1,1,0,0\" data-index-in-node=\"26\">Podw\u00f3jna siatka<\/b> s\u0105 skalibrowane tak, aby zapewni\u0107 do 30 000 zaci\u0105gni\u0119\u0107 przy standardowym 1,5-sekundowym zaci\u0105gni\u0119ciu.<\/p>\n<\/li>\n<\/ul>\n<\/li>\n<li>\n<p data-path-to-node=\"111,2,0\"><b data-path-to-node=\"111,2,0\" data-index-in-node=\"0\">P: Czy mog\u0119 zabra\u0107 to na pok\u0142ad samolotu?<\/b><\/p>\n<ul data-path-to-node=\"111,2,1\">\n<li>\n<p data-path-to-node=\"111,2,1,0,0\">O: Zawiera bateri\u0119 o pojemno\u015bci 900 mAh; nale\u017cy j\u0105 przechowywa\u0107 w baga\u017cu podr\u0119cznym. Sprawd\u017a lokalne przepisy linii lotniczych dotycz\u0105ce limit\u00f3w e-liquid\u00f3w.<\/p>\n<\/li>\n<\/ul>\n<\/li>\n<\/ul>\n<h3 data-path-to-node=\"112\">Logistyka Premium (koncentracja na UE)<\/h3>\n<ul data-path-to-node=\"113\">\n<li>\n<p data-path-to-node=\"113,0,0\"><b data-path-to-node=\"113,0,0\" data-index-in-node=\"0\">Szybka dostawa:<\/b> 1-3 dni z naszych europejskich magazyn\u00f3w.<\/p>\n<\/li>\n<li>\n<p data-path-to-node=\"113,1,0\"><b data-path-to-node=\"113,1,0\" data-index-in-node=\"0\">Bezc\u0142owy:<\/b> Brak ce\u0142 i podatk\u00f3w importowych dla mieszka\u0144c\u00f3w UE.<\/p>\n<\/li>\n<li>\n<p data-path-to-node=\"113,2,0\"><b data-path-to-node=\"113,2,0\" data-index-in-node=\"0\">\u015aledzenie:<\/b> \u015aledzenie w czasie rzeczywistym 24\/7 za po\u015brednictwem pulpitu zam\u00f3wienia.<\/p>\n<\/li>\n<\/ul>\n<h3 dir=\"auto\">Oto dalsze zalecenia dla Ciebie:<\/h3>\n<p dir=\"auto\">Odkryj jeszcze wi\u0119cej niesamowitych smak\u00f3w z Fumot Tornado 30k Music 30000 Puffs Vape!<\/p>\n<p dir=\"auto\"><a href=\"https:\/\/vozolvapen.de\/pl\/product-category\/fumot-vape\/fumot-tornado-30k-music-30000-puffs\/\" target=\"_blank\" rel=\"noopener noreferrer nofollow\">Zobacz wszystkie odmiany tutaj \u2192<\/a><\/p>\n<p dir=\"auto\">Zapoznaj si\u0119 z nasz\u0105 pe\u0142n\u0105 kolekcj\u0105 i kupuj produkty najlepszych marek vape, kt\u00f3re pokochasz.<\/p>\n<p dir=\"auto\"><a href=\"https:\/\/vozolvapen.de\/pl\/product-category\/fumot-vape\/\" target=\"_blank\" rel=\"noopener noreferrer nofollow\">Przegl\u0105daj teraz wszystkie marki \u2192<\/a><\/p>\n<p dir=\"auto\">Sprawd\u017a ca\u0142\u0105 seri\u0119 Fumot Vape - ka\u017cdy smak, ka\u017cdy styl!<\/p>\n<p dir=\"auto\"><a href=\"https:\/\/vozolvapen.de\/pl\/product-category\/fumot-vape\/\" target=\"_blank\" rel=\"noopener noreferrer nofollow\">Zobacz pe\u0142n\u0105 kolekcj\u0119 Fumot Vape \u2192<\/a><\/p>\n<h3 data-path-to-node=\"20\"><b data-path-to-node=\"20\" data-index-in-node=\"0\">Fumot Tornado 30k Music 30000 Puffs - Cool Mint | Flavor FAQ<\/b><\/h3>\n<ul data-path-to-node=\"21\">\n<li>\n<p data-path-to-node=\"21,0,0\"><b data-path-to-node=\"21,0,0\" data-index-in-node=\"0\">Czy smak Cool Mint jest zbyt nudny dla 30 000 zaci\u0105gni\u0119\u0107?<\/b> Wr\u0119cz przeciwnie, <b data-path-to-node=\"21,0,0\" data-index-in-node=\"70\">Cool Mint<\/b> to nasz najlepiej sprzedaj\u0105cy si\u0119 smak \u201cEndurance\u201d. Nigdy nie powoduje \u201cj\u0119zyka wapera\u201d i pozostaje rze\u015bki i czysty przez ca\u0142y 12-tygodniowy okres u\u017cytkowania.<\/p>\n<\/li>\n<li>\n<p data-path-to-node=\"21,1,0\"><b data-path-to-node=\"21,1,0\" data-index-in-node=\"0\">Czy mog\u0119 miesza\u0107 tryb o\u015bwietlenia Cool Mint z innymi kolorami?<\/b> Cool Mint posiada dedykowany tryb LED \u201cGlacier White\u201d, kt\u00f3ry pozostaje sp\u00f3jny z jego czyst\u0105, arktyczn\u0105 estetyk\u0105.<\/p>\n<\/li>\n<\/ul>","protected":false},"excerpt":{"rendered":"<p>Czysty, wyra\u017any i skoncentrowany. <b data-path-to-node=\"21,2,0\" data-index-in-node=\"46\">Cool Mint<\/b> to profil \u201cArctic Ambient\u201d dla minimalistycznych waper\u00f3w. Oferta <b data-path-to-node=\"21,2,0\" data-index-in-node=\"123\">30 000 zaci\u0105gni\u0119\u0107<\/b> ostrej mi\u0119ty zielonej, jest najbardziej orze\u017awiaj\u0105cy. <b data-path-to-node=\"21,2,0\" data-index-in-node=\"181\">Fumot 30k<\/b> wyb\u00f3r dla czystego do\u015bwiadczenia oczyszczania podniebienia.<\/p>","protected":false},"featured_media":66217,"comment_status":"open","ping_status":"closed","template":"","meta":{"_acf_changed":false},"product_brand":[],"product_cat":[134,123],"product_tag":[],"class_list":{"0":"post-65802","1":"product","2":"type-product","3":"status-publish","4":"has-post-thumbnail","6":"product_cat-eu-warehouse-in-stock","7":"product_cat-fumot-tornado-30k-music-30000-puffs","9":"first","10":"instock","11":"shipping-taxable","12":"purchasable","13":"product-type-variable"},"acf":[],"yoast_head":"<!-- This site is optimized with the Yoast SEO Premium plugin v26.1 (Yoast SEO v27.5) - https:\/\/yoast.com\/product\/yoast-seo-premium-wordpress\/ -->\n<title>Cool Mint Fumot Tornado 30k Music | 30,000 Puffs Arctic - vozolvapen<\/title>\n<meta name=\"description\" content=\"Stay fresh with Cool Mint Fumot Tornado 30k. 30,000 puffs of pure menthol. 900mAh rechargeable battery. Fast duty-free EU shipping.\" \/>\n<meta name=\"robots\" content=\"index, follow, max-snippet:-1, max-image-preview:large, max-video-preview:-1\" \/>\n<link rel=\"canonical\" href=\"https:\/\/vozolvapen.de\/pl\/product\/fumot-tornado-30k-music-30000-puffs-cool-mint\/\" \/>\n<meta property=\"og:locale\" content=\"pl_PL\" \/>\n<meta property=\"og:type\" content=\"article\" \/>\n<meta property=\"og:title\" content=\"Fumot Tornado 30k Music 30000 Puffs - Cool Mint\" \/>\n<meta property=\"og:description\" content=\"Stay fresh with Cool Mint Fumot Tornado 30k. 30,000 puffs of pure menthol. 900mAh rechargeable battery. Fast duty-free EU shipping.\" \/>\n<meta property=\"og:url\" content=\"https:\/\/vozolvapen.de\/pl\/product\/fumot-tornado-30k-music-30000-puffs-cool-mint\/\" \/>\n<meta property=\"og:site_name\" content=\"vozolvapen\" \/>\n<meta property=\"article:modified_time\" content=\"2026-02-10T10:38:25+00:00\" \/>\n<meta property=\"og:image\" content=\"https:\/\/vozolvapen.de\/wp-content\/uploads\/2026\/01\/Fumot-Tornado-30k-Music-Cool-Mint-3.webp\" \/>\n\t<meta property=\"og:image:width\" content=\"1200\" \/>\n\t<meta property=\"og:image:height\" content=\"1200\" \/>\n\t<meta property=\"og:image:type\" content=\"image\/webp\" \/>\n<meta name=\"twitter:card\" content=\"summary_large_image\" \/>\n<meta name=\"twitter:label1\" content=\"Szacowany czas czytania\" \/>\n\t<meta name=\"twitter:data1\" content=\"3 minuty\" \/>\n<script type=\"application\/ld+json\" class=\"yoast-schema-graph\">{\"@context\":\"https:\\\/\\\/schema.org\",\"@graph\":[{\"@type\":\"WebPage\",\"@id\":\"https:\\\/\\\/vozolvapen.de\\\/product\\\/fumot-tornado-30k-music-30000-puffs-cool-mint\\\/\",\"url\":\"https:\\\/\\\/vozolvapen.de\\\/product\\\/fumot-tornado-30k-music-30000-puffs-cool-mint\\\/\",\"name\":\"Cool Mint Fumot Tornado 30k Music | 30,000 Puffs Arctic - vozolvapen\",\"isPartOf\":{\"@id\":\"https:\\\/\\\/vozolvapen.de\\\/#website\"},\"primaryImageOfPage\":{\"@id\":\"https:\\\/\\\/vozolvapen.de\\\/product\\\/fumot-tornado-30k-music-30000-puffs-cool-mint\\\/#primaryimage\"},\"image\":{\"@id\":\"https:\\\/\\\/vozolvapen.de\\\/product\\\/fumot-tornado-30k-music-30000-puffs-cool-mint\\\/#primaryimage\"},\"thumbnailUrl\":\"https:\\\/\\\/vozolvapen.de\\\/wp-content\\\/uploads\\\/2026\\\/01\\\/Fumot-Tornado-30k-Music-Cool-Mint-3.webp\",\"datePublished\":\"2026-01-27T08:18:25+00:00\",\"dateModified\":\"2026-02-10T10:38:25+00:00\",\"description\":\"Stay fresh with Cool Mint Fumot Tornado 30k. 30,000 puffs of pure menthol. 900mAh rechargeable battery. Fast duty-free EU shipping.\",\"breadcrumb\":{\"@id\":\"https:\\\/\\\/vozolvapen.de\\\/product\\\/fumot-tornado-30k-music-30000-puffs-cool-mint\\\/#breadcrumb\"},\"inLanguage\":\"pl-PL\",\"potentialAction\":[{\"@type\":\"ReadAction\",\"target\":[\"https:\\\/\\\/vozolvapen.de\\\/product\\\/fumot-tornado-30k-music-30000-puffs-cool-mint\\\/\"]}]},{\"@type\":\"ImageObject\",\"inLanguage\":\"pl-PL\",\"@id\":\"https:\\\/\\\/vozolvapen.de\\\/product\\\/fumot-tornado-30k-music-30000-puffs-cool-mint\\\/#primaryimage\",\"url\":\"https:\\\/\\\/vozolvapen.de\\\/wp-content\\\/uploads\\\/2026\\\/01\\\/Fumot-Tornado-30k-Music-Cool-Mint-3.webp\",\"contentUrl\":\"https:\\\/\\\/vozolvapen.de\\\/wp-content\\\/uploads\\\/2026\\\/01\\\/Fumot-Tornado-30k-Music-Cool-Mint-3.webp\",\"width\":1200,\"height\":1200,\"caption\":\"Fumot Tornado 30k Music - Cool Mint (3)\"},{\"@type\":\"BreadcrumbList\",\"@id\":\"https:\\\/\\\/vozolvapen.de\\\/product\\\/fumot-tornado-30k-music-30000-puffs-cool-mint\\\/#breadcrumb\",\"itemListElement\":[{\"@type\":\"ListItem\",\"position\":1,\"name\":\"Home\",\"item\":\"https:\\\/\\\/vozolvapen.de\\\/de\\\/\"},{\"@type\":\"ListItem\",\"position\":2,\"name\":\"Shop\",\"item\":\"https:\\\/\\\/vozolvapen.de\\\/shop\\\/\"},{\"@type\":\"ListItem\",\"position\":3,\"name\":\"Fumot Tornado 30k Music 30000 Puffs &#8211; Cool Mint\"}]},{\"@type\":\"WebSite\",\"@id\":\"https:\\\/\\\/vozolvapen.de\\\/#website\",\"url\":\"https:\\\/\\\/vozolvapen.de\\\/\",\"name\":\"vozolvapen\",\"description\":\"vozolvapen\",\"publisher\":{\"@id\":\"https:\\\/\\\/vozolvapen.de\\\/#organization\"},\"potentialAction\":[{\"@type\":\"SearchAction\",\"target\":{\"@type\":\"EntryPoint\",\"urlTemplate\":\"https:\\\/\\\/vozolvapen.de\\\/?s={search_term_string}\"},\"query-input\":{\"@type\":\"PropertyValueSpecification\",\"valueRequired\":true,\"valueName\":\"search_term_string\"}}],\"inLanguage\":\"pl-PL\"},{\"@type\":\"Organization\",\"@id\":\"https:\\\/\\\/vozolvapen.de\\\/#organization\",\"name\":\"vozolvapen\",\"url\":\"https:\\\/\\\/vozolvapen.de\\\/\",\"logo\":{\"@type\":\"ImageObject\",\"inLanguage\":\"pl-PL\",\"@id\":\"https:\\\/\\\/vozolvapen.de\\\/#\\\/schema\\\/logo\\\/image\\\/\",\"url\":\"https:\\\/\\\/vozolvapen.de\\\/wp-content\\\/uploads\\\/2025\\\/12\\\/cropped-vozovapen-logo.webp\",\"contentUrl\":\"https:\\\/\\\/vozolvapen.de\\\/wp-content\\\/uploads\\\/2025\\\/12\\\/cropped-vozovapen-logo.webp\",\"width\":470,\"height\":110,\"caption\":\"vozolvapen\"},\"image\":{\"@id\":\"https:\\\/\\\/vozolvapen.de\\\/#\\\/schema\\\/logo\\\/image\\\/\"}}]}<\/script>\n<!-- \/ Yoast SEO Premium plugin. -->","yoast_head_json":{"title":"Cool Mint Fumot Tornado 30k Music | 30,000 Puffs Arctic - vozolvapen","description":"Zachowaj \u015bwie\u017co\u015b\u0107 dzi\u0119ki Cool Mint Fumot Tornado 30k. 30 000 zaci\u0105gni\u0119\u0107 czystym mentolem. Akumulator o pojemno\u015bci 900 mAh. Szybka bezc\u0142owa wysy\u0142ka na terenie UE.","robots":{"index":"index","follow":"follow","max-snippet":"max-snippet:-1","max-image-preview":"max-image-preview:large","max-video-preview":"max-video-preview:-1"},"canonical":"https:\/\/vozolvapen.de\/pl\/product\/fumot-tornado-30k-music-30000-puffs-cool-mint\/","og_locale":"pl_PL","og_type":"article","og_title":"Fumot Tornado 30k Music 30000 Puffs - Cool Mint","og_description":"Stay fresh with Cool Mint Fumot Tornado 30k. 30,000 puffs of pure menthol. 900mAh rechargeable battery. Fast duty-free EU shipping.","og_url":"https:\/\/vozolvapen.de\/pl\/product\/fumot-tornado-30k-music-30000-puffs-cool-mint\/","og_site_name":"vozolvapen","article_modified_time":"2026-02-10T10:38:25+00:00","og_image":[{"width":1200,"height":1200,"url":"https:\/\/vozolvapen.de\/wp-content\/uploads\/2026\/01\/Fumot-Tornado-30k-Music-Cool-Mint-3.webp","type":"image\/webp"}],"twitter_card":"summary_large_image","twitter_misc":{"Szacowany czas czytania":"3 minuty"},"schema":{"@context":"https:\/\/schema.org","@graph":[{"@type":"WebPage","@id":"https:\/\/vozolvapen.de\/product\/fumot-tornado-30k-music-30000-puffs-cool-mint\/","url":"https:\/\/vozolvapen.de\/product\/fumot-tornado-30k-music-30000-puffs-cool-mint\/","name":"Cool Mint Fumot Tornado 30k Music | 30,000 Puffs Arctic - vozolvapen","isPartOf":{"@id":"https:\/\/vozolvapen.de\/#website"},"primaryImageOfPage":{"@id":"https:\/\/vozolvapen.de\/product\/fumot-tornado-30k-music-30000-puffs-cool-mint\/#primaryimage"},"image":{"@id":"https:\/\/vozolvapen.de\/product\/fumot-tornado-30k-music-30000-puffs-cool-mint\/#primaryimage"},"thumbnailUrl":"https:\/\/vozolvapen.de\/wp-content\/uploads\/2026\/01\/Fumot-Tornado-30k-Music-Cool-Mint-3.webp","datePublished":"2026-01-27T08:18:25+00:00","dateModified":"2026-02-10T10:38:25+00:00","description":"Zachowaj \u015bwie\u017co\u015b\u0107 dzi\u0119ki Cool Mint Fumot Tornado 30k. 30 000 zaci\u0105gni\u0119\u0107 czystym mentolem. Akumulator o pojemno\u015bci 900 mAh. Szybka bezc\u0142owa wysy\u0142ka na terenie UE.","breadcrumb":{"@id":"https:\/\/vozolvapen.de\/product\/fumot-tornado-30k-music-30000-puffs-cool-mint\/#breadcrumb"},"inLanguage":"pl-PL","potentialAction":[{"@type":"ReadAction","target":["https:\/\/vozolvapen.de\/product\/fumot-tornado-30k-music-30000-puffs-cool-mint\/"]}]},{"@type":"ImageObject","inLanguage":"pl-PL","@id":"https:\/\/vozolvapen.de\/product\/fumot-tornado-30k-music-30000-puffs-cool-mint\/#primaryimage","url":"https:\/\/vozolvapen.de\/wp-content\/uploads\/2026\/01\/Fumot-Tornado-30k-Music-Cool-Mint-3.webp","contentUrl":"https:\/\/vozolvapen.de\/wp-content\/uploads\/2026\/01\/Fumot-Tornado-30k-Music-Cool-Mint-3.webp","width":1200,"height":1200,"caption":"Fumot Tornado 30k Music - Cool Mint (3)"},{"@type":"BreadcrumbList","@id":"https:\/\/vozolvapen.de\/product\/fumot-tornado-30k-music-30000-puffs-cool-mint\/#breadcrumb","itemListElement":[{"@type":"ListItem","position":1,"name":"Home","item":"https:\/\/vozolvapen.de\/de\/"},{"@type":"ListItem","position":2,"name":"Shop","item":"https:\/\/vozolvapen.de\/shop\/"},{"@type":"ListItem","position":3,"name":"Fumot Tornado 30k Music 30000 Puffs &#8211; Cool Mint"}]},{"@type":"WebSite","@id":"https:\/\/vozolvapen.de\/#website","url":"https:\/\/vozolvapen.de\/","name":"vozolvapen","description":"vozolvapen","publisher":{"@id":"https:\/\/vozolvapen.de\/#organization"},"potentialAction":[{"@type":"SearchAction","target":{"@type":"EntryPoint","urlTemplate":"https:\/\/vozolvapen.de\/?s={search_term_string}"},"query-input":{"@type":"PropertyValueSpecification","valueRequired":true,"valueName":"search_term_string"}}],"inLanguage":"pl-PL"},{"@type":"Organization","@id":"https:\/\/vozolvapen.de\/#organization","name":"vozolvapen","url":"https:\/\/vozolvapen.de\/","logo":{"@type":"ImageObject","inLanguage":"pl-PL","@id":"https:\/\/vozolvapen.de\/#\/schema\/logo\/image\/","url":"https:\/\/vozolvapen.de\/wp-content\/uploads\/2025\/12\/cropped-vozovapen-logo.webp","contentUrl":"https:\/\/vozolvapen.de\/wp-content\/uploads\/2025\/12\/cropped-vozovapen-logo.webp","width":470,"height":110,"caption":"vozolvapen"},"image":{"@id":"https:\/\/vozolvapen.de\/#\/schema\/logo\/image\/"}}]}},"tiered_pricing_type":"fixed","tiered_pricing_fixed_rules":{"30":"12.7","50":"9.7","100":"8.7","200":"7.7"},"tiered_pricing_product_settings":{"layout":"default","base_unit_name":{"singular":null,"plural":null},"default_variation":{}},"tiered_pricing_minimum_quantity":10,"tiered_pricing_roles_data":[],"tiered_pricing_percentage_rules":[],"tiered_pricing_maximum_quantity":null,"tiered_pricing_quantity_step":"10","_links":{"self":[{"href":"http:\/\/vozolvapen.de\/pl\/wp-json\/wp\/v2\/product\/65802","targetHints":{"allow":["GET"]}}],"collection":[{"href":"http:\/\/vozolvapen.de\/pl\/wp-json\/wp\/v2\/product"}],"about":[{"href":"http:\/\/vozolvapen.de\/pl\/wp-json\/wp\/v2\/types\/product"}],"replies":[{"embeddable":true,"href":"http:\/\/vozolvapen.de\/pl\/wp-json\/wp\/v2\/comments?post=65802"}],"wp:featuredmedia":[{"embeddable":true,"href":"http:\/\/vozolvapen.de\/pl\/wp-json\/wp\/v2\/media\/66217"}],"wp:attachment":[{"href":"http:\/\/vozolvapen.de\/pl\/wp-json\/wp\/v2\/media?parent=65802"}],"wp:term":[{"taxonomy":"product_brand","embeddable":true,"href":"http:\/\/vozolvapen.de\/pl\/wp-json\/wp\/v2\/product_brand?post=65802"},{"taxonomy":"product_cat","embeddable":true,"href":"http:\/\/vozolvapen.de\/pl\/wp-json\/wp\/v2\/product_cat?post=65802"},{"taxonomy":"product_tag","embeddable":true,"href":"http:\/\/vozolvapen.de\/pl\/wp-json\/wp\/v2\/product_tag?post=65802"}],"curies":[{"name":"wp","href":"https:\/\/api.w.org\/{rel}","templated":true}]}}