{"id":65928,"date":"2026-01-27T08:18:30","date_gmt":"2026-01-27T08:18:30","guid":{"rendered":"https:\/\/vozolvapen.de\/?post_type=product&#038;p=65928"},"modified":"2026-02-10T10:38:19","modified_gmt":"2026-02-10T10:38:19","slug":"fumot-tornado-30k-music-30000-puffs-dr-blue","status":"publish","type":"product","link":"http:\/\/vozolvapen.de\/pl\/product\/fumot-tornado-30k-music-30000-puffs-dr-blue\/","title":{"rendered":"Fumot Tornado 30k Music 30000 Puffs - Dr Blue"},"content":{"rendered":"<h1 data-path-to-node=\"88\">Fumot Tornado 30k Music - Dr Blue<\/h1>\n<p data-path-to-node=\"89\">Utw\u00f3r eksperymentalny. <b data-path-to-node=\"89\" data-index-in-node=\"24\">Dr Blue<\/b> to tajemnicza, wielowarstwowa mieszanka jag\u00f3d, kt\u00f3ra pozwala zgadywa\u0107 z ka\u017cdym zaci\u0105gni\u0119ciem.<\/p>\n<h3 data-path-to-node=\"90\"><b data-path-to-node=\"90\" data-index-in-node=\"0\">Dr Blue: The Mystery Beat<\/b><\/h3>\n<ul data-path-to-node=\"91\">\n<li>\n<p data-path-to-node=\"91,0,0\"><b data-path-to-node=\"91,0,0\" data-index-in-node=\"0\">Fundacja Blueberry:<\/b> S\u0142odka baza z le\u015bnych jag\u00f3d.<\/p>\n<\/li>\n<li>\n<p data-path-to-node=\"91,1,0\"><b data-path-to-node=\"91,1,0\" data-index-in-node=\"0\">Secret Berry Mix:<\/b> Nuty malin, truskawek i czarnego bzu.<\/p>\n<\/li>\n<li>\n<p data-path-to-node=\"91,2,0\"><b data-path-to-node=\"91,2,0\" data-index-in-node=\"0\">Wyko\u0144czenie Medicine-Candy:<\/b> Unikalny, nostalgiczny profil niebieskiego syropu.<\/p>\n<\/li>\n<\/ul>\n<h3 data-path-to-node=\"36\"><b data-path-to-node=\"36\" data-index-in-node=\"0\">Dr Blue | Specyfikacja techniczna<\/b><\/h3>\n<table data-path-to-node=\"37\">\n<thead>\n<tr>\n<td><strong>Cecha<\/strong><\/td>\n<td><strong>Szczeg\u00f3\u0142y zawodowe<\/strong><\/td>\n<\/tr>\n<\/thead>\n<tbody>\n<tr>\n<td><span data-path-to-node=\"37,1,0,0\"><b data-path-to-node=\"37,1,0,0\" data-index-in-node=\"0\">Wydanie<\/b><\/span><\/td>\n<td><span data-path-to-node=\"37,1,1,0\"><b data-path-to-node=\"37,1,1,0\" data-index-in-node=\"0\">Fumot Tornado 30000<\/b> Dr Blue<\/span><\/td>\n<\/tr>\n<tr>\n<td><span data-path-to-node=\"37,2,0,0\"><b data-path-to-node=\"37,2,0,0\" data-index-in-node=\"0\">Secret Mix<\/b><\/span><\/td>\n<td><span data-path-to-node=\"37,2,1,0\">Mieszanka niebieskich owoc\u00f3w i s\u0142odki syrop<\/span><\/td>\n<\/tr>\n<tr>\n<td><span data-path-to-node=\"37,3,0,0\"><b data-path-to-node=\"37,3,0,0\" data-index-in-node=\"0\">Poziom s\u0142odyczy \/ lodu<\/b><\/span><\/td>\n<td><span data-path-to-node=\"37,3,1,0\">S\u0142odki: \u2605\u2605\u2605\u2605\u2606<\/span><\/td>\n<\/tr>\n<tr>\n<td><span data-path-to-node=\"37,4,0,0\"><b data-path-to-node=\"37,4,0,0\" data-index-in-node=\"0\">Jako\u015b\u0107 opar\u00f3w<\/b><\/span><\/td>\n<td><span data-path-to-node=\"37,4,1,0\">G\u0142adki, jedwabisty i tajemniczy<\/span><\/td>\n<\/tr>\n<tr>\n<td><span data-path-to-node=\"37,5,0,0\"><b data-path-to-node=\"37,5,0,0\" data-index-in-node=\"0\">Port \u0142adowania<\/b><\/span><\/td>\n<td><span data-path-to-node=\"37,5,1,0\">Mocowanie dolne typu C<\/span><\/td>\n<\/tr>\n<tr>\n<td><span data-path-to-node=\"37,6,0,0\"><b data-path-to-node=\"37,6,0,0\" data-index-in-node=\"0\">Waga<\/b><\/span><\/td>\n<td><span data-path-to-node=\"37,6,1,0\">135 g (Premium Handfeel)<\/span><\/td>\n<\/tr>\n<tr>\n<td><span data-path-to-node=\"37,7,0,0\"><b data-path-to-node=\"37,7,0,0\" data-index-in-node=\"0\">Status Puff<\/b><\/span><\/td>\n<td><span data-path-to-node=\"37,7,1,0\">Ekran inteligentnego \u015bledzenia statusu<\/span><\/td>\n<\/tr>\n<\/tbody>\n<\/table>\n<h3 data-path-to-node=\"26\">Symfonia wizualna<\/h3>\n<p data-path-to-node=\"37\"><span class=\"\">The <\/span><b class=\"\" data-path-to-node=\"37\" data-index-in-node=\"4\">Dr Blue<\/b><span class=\"\"> \u201cGalaxy Pulse\u201d to podr\u00f3\u017c w kosmos.<\/span><\/p>\n<ul data-path-to-node=\"38\">\n<li>\n<p data-path-to-node=\"38,0,0\"><b class=\"\" data-path-to-node=\"38,0,0\" data-index-in-node=\"0\">Deep Space Violet:<\/b><span class=\"\"> Po\u0142\u0105czenie ultrafioletu i g\u0142\u0119bokiego granatu, kt\u00f3re sprawia wra\u017cenie tajemniczego i science-fiction.<\/span><\/p>\n<\/li>\n<li>\n<p data-path-to-node=\"38,1,0\"><b class=\"\" data-path-to-node=\"38,1,0\" data-index-in-node=\"0\">Zanik mg\u0142awicy:<\/b><span class=\"\"> \u015awiat\u0142a rosn\u0105 i kurcz\u0105 si\u0119 powoli,<\/span><span class=\"\"> \u201coddychaj\u0105cy\u201d wz\u00f3r jak odleg\u0142a galaktyka.<\/span><\/p>\n<\/li>\n<li>\n<p data-path-to-node=\"38,2,0\"><b class=\"\" data-path-to-node=\"38,2,0\" data-index-in-node=\"0\">Referencje:<\/b> <i class=\"\" data-path-to-node=\"38,2,0\" data-index-in-node=\"13\">\u201cKolory s\u0105 tak g\u0142\u0119bokie i nastrojowe. To idealny \u2018tajemniczy\u2019 klimat\u201d.\u201d<\/i><span class=\"\"> - Luca F.,<\/span><span class=\"\"> Rzym.<\/span><\/p>\n<\/li>\n<\/ul>\n<h3 data-path-to-node=\"110\">Najcz\u0119\u015bciej zadawane pytania dotycz\u0105ce wentylator\u00f3w Fumot Tornado 30k (wsp\u00f3lne dla wszystkich stron)<\/h3>\n<ul data-path-to-node=\"111\">\n<li>\n<p data-path-to-node=\"111,0,0\"><b data-path-to-node=\"111,0,0\" data-index-in-node=\"0\">P: Jak aktywowa\u0107 \u201cTryb muzyczny\u201d?<\/b><\/p>\n<ul data-path-to-node=\"111,0,1\">\n<li>\n<p data-path-to-node=\"111,0,1,0,0\">O: Fale d\u017awi\u0119kowe LED s\u0105 wyzwalane przez nacisk. We\u017a g\u0142\u0119boki wdech, aby zobaczy\u0107 pe\u0142ny rytm wizualny!<\/p>\n<\/li>\n<\/ul>\n<\/li>\n<li>\n<p data-path-to-node=\"111,1,0\"><b data-path-to-node=\"111,1,0\" data-index-in-node=\"0\">P: Czy to naprawd\u0119 30 000 zaci\u0105gni\u0119\u0107?<\/b><\/p>\n<ul data-path-to-node=\"111,1,1\">\n<li>\n<p data-path-to-node=\"111,1,1,0,0\">O: Tak! Nasz <b data-path-to-node=\"111,1,1,0,0\" data-index-in-node=\"12\">Zbiornik 30 ml<\/b> oraz <b data-path-to-node=\"111,1,1,0,0\" data-index-in-node=\"26\">Podw\u00f3jna siatka<\/b> s\u0105 skalibrowane tak, aby zapewni\u0107 do 30 000 zaci\u0105gni\u0119\u0107 przy standardowym 1,5-sekundowym zaci\u0105gni\u0119ciu.<\/p>\n<\/li>\n<\/ul>\n<\/li>\n<li>\n<p data-path-to-node=\"111,2,0\"><b data-path-to-node=\"111,2,0\" data-index-in-node=\"0\">P: Czy mog\u0119 zabra\u0107 to na pok\u0142ad samolotu?<\/b><\/p>\n<ul data-path-to-node=\"111,2,1\">\n<li>\n<p data-path-to-node=\"111,2,1,0,0\">O: Zawiera bateri\u0119 o pojemno\u015bci 900 mAh; nale\u017cy j\u0105 przechowywa\u0107 w baga\u017cu podr\u0119cznym. Sprawd\u017a lokalne przepisy linii lotniczych dotycz\u0105ce limit\u00f3w e-liquid\u00f3w.<\/p>\n<\/li>\n<\/ul>\n<\/li>\n<\/ul>\n<h3 data-path-to-node=\"112\">Logistyka Premium (koncentracja na UE)<\/h3>\n<ul data-path-to-node=\"113\">\n<li>\n<p data-path-to-node=\"113,0,0\"><b data-path-to-node=\"113,0,0\" data-index-in-node=\"0\">Szybka dostawa:<\/b> 1-3 dni z naszych europejskich magazyn\u00f3w.<\/p>\n<\/li>\n<li>\n<p data-path-to-node=\"113,1,0\"><b data-path-to-node=\"113,1,0\" data-index-in-node=\"0\">Bezc\u0142owy:<\/b> Brak ce\u0142 i podatk\u00f3w importowych dla mieszka\u0144c\u00f3w UE.<\/p>\n<\/li>\n<li>\n<p data-path-to-node=\"113,2,0\"><b data-path-to-node=\"113,2,0\" data-index-in-node=\"0\">\u015aledzenie:<\/b> \u015aledzenie w czasie rzeczywistym 24\/7 za po\u015brednictwem pulpitu zam\u00f3wienia.<\/p>\n<\/li>\n<\/ul>\n<h3 dir=\"auto\">Oto dalsze zalecenia dla Ciebie:<\/h3>\n<p dir=\"auto\">Odkryj jeszcze wi\u0119cej niesamowitych smak\u00f3w z Fumot Tornado 30k Music 30000 Puffs Vape!<\/p>\n<p dir=\"auto\"><a href=\"https:\/\/vozolvapen.de\/pl\/product-category\/fumot-vape\/fumot-tornado-30k-music-30000-puffs\/\" target=\"_blank\" rel=\"noopener noreferrer nofollow\">Zobacz wszystkie odmiany tutaj \u2192<\/a><\/p>\n<p dir=\"auto\">Zapoznaj si\u0119 z nasz\u0105 pe\u0142n\u0105 kolekcj\u0105 i kupuj produkty najlepszych marek vape, kt\u00f3re pokochasz.<\/p>\n<p dir=\"auto\"><a href=\"https:\/\/vozolvapen.de\/pl\/product-category\/fumot-vape\/\" target=\"_blank\" rel=\"noopener noreferrer nofollow\">Przegl\u0105daj teraz wszystkie marki \u2192<\/a><\/p>\n<p dir=\"auto\">Sprawd\u017a ca\u0142\u0105 seri\u0119 Fumot Vape - ka\u017cdy smak, ka\u017cdy styl!<\/p>\n<p dir=\"auto\"><a href=\"https:\/\/vozolvapen.de\/pl\/product-category\/fumot-vape\/\" target=\"_blank\" rel=\"noopener noreferrer nofollow\">Zobacz pe\u0142n\u0105 kolekcj\u0119 Fumot Vape \u2192<\/a><\/p>\n<h3 data-path-to-node=\"24\"><b data-path-to-node=\"24\" data-index-in-node=\"0\">Fumot Tornado 30k Music 30000 Puffs - Dr Blue | Flavor FAQ<\/b><\/h3>\n<ul data-path-to-node=\"25\">\n<li>\n<p data-path-to-node=\"25,0,0\"><b data-path-to-node=\"25,0,0\" data-index-in-node=\"0\">Czym dok\u0142adnie jest smak \u201cDr Blue\u201d?<\/b> Jest to \u201cMystery Remix\u201d - z\u0142o\u017cona mieszanka jag\u00f3d, malin i odrobiny tajemniczych \u201cniebieskich\u201d owoc\u00f3w. Jest nieco bardziej \u201csyropowaty\u201d i cukierkowy ni\u017c nasze standardowe waporyzatory jagodowe.<\/p>\n<\/li>\n<li>\n<p data-path-to-node=\"25,1,0\"><b data-path-to-node=\"25,1,0\" data-index-in-node=\"0\">Dlaczego warto wybra\u0107 Dr Blue zamiast Blue Razz?<\/b> Wybierz <b data-path-to-node=\"25,1,0\" data-index-in-node=\"42\">Dr Blue<\/b> je\u015bli chcesz g\u0142\u0119bszej, bardziej z\u0142o\u017conej mieszanki owoc\u00f3w. Wybierz Blue Razz, je\u015bli chcesz prostszego, cierpko-s\u0142odkiego uderzenia s\u0142odyczy.<\/p>\n<\/li>\n<\/ul>","protected":false},"excerpt":{"rendered":"<p>\u201cMystery Beat\u201d serii. <b data-path-to-node=\"25,2,0\" data-index-in-node=\"53\">Dr Blue<\/b> to z\u0142o\u017cona, syropowata mieszanka niebieskich owoc\u00f3w i jag\u00f3d. Zawiera <b data-path-to-node=\"25,2,0\" data-index-in-node=\"126\">Cewki z podw\u00f3jn\u0105 siatk\u0105<\/b> dla wysokiego nasycenia smaku, to <b data-path-to-node=\"25,2,0\" data-index-in-node=\"175\">Fumot 30k<\/b> pozwala zgadywa\u0107 z ka\u017cd\u0105 g\u0142adk\u0105, aromatyczn\u0105 chmur\u0105.<\/p>","protected":false},"featured_media":66226,"comment_status":"open","ping_status":"closed","template":"","meta":{"_acf_changed":false},"product_brand":[],"product_cat":[134,123],"product_tag":[],"class_list":{"0":"post-65928","1":"product","2":"type-product","3":"status-publish","4":"has-post-thumbnail","6":"product_cat-eu-warehouse-in-stock","7":"product_cat-fumot-tornado-30k-music-30000-puffs","9":"first","10":"instock","11":"shipping-taxable","12":"purchasable","13":"product-type-variable"},"acf":[],"yoast_head":"<!-- This site is optimized with the Yoast SEO Premium plugin v26.1 (Yoast SEO v27.5) - https:\/\/yoast.com\/product\/yoast-seo-premium-wordpress\/ -->\n<title>Dr Blue Fumot Tornado 30k Music | 30k Puffs Mystery Mix - vozolvapen<\/title>\n<meta name=\"description\" content=\"Discover Dr Blue Fumot Tornado 30k. 30,000 puffs of secret blue fruit blend. 30ml tank, Dual Mesh. Fast 1-3 day delivery in Europe.\" \/>\n<meta name=\"robots\" content=\"index, follow, max-snippet:-1, max-image-preview:large, max-video-preview:-1\" \/>\n<link rel=\"canonical\" href=\"https:\/\/vozolvapen.de\/pl\/product\/fumot-tornado-30k-music-30000-puffs-dr-blue\/\" \/>\n<meta property=\"og:locale\" content=\"pl_PL\" \/>\n<meta property=\"og:type\" content=\"article\" \/>\n<meta property=\"og:title\" content=\"Fumot Tornado 30k Music 30000 Puffs - Dr Blue\" \/>\n<meta property=\"og:description\" content=\"Discover Dr Blue Fumot Tornado 30k. 30,000 puffs of secret blue fruit blend. 30ml tank, Dual Mesh. Fast 1-3 day delivery in Europe.\" \/>\n<meta property=\"og:url\" content=\"https:\/\/vozolvapen.de\/pl\/product\/fumot-tornado-30k-music-30000-puffs-dr-blue\/\" \/>\n<meta property=\"og:site_name\" content=\"vozolvapen\" \/>\n<meta property=\"article:modified_time\" content=\"2026-02-10T10:38:19+00:00\" \/>\n<meta property=\"og:image\" content=\"https:\/\/vozolvapen.de\/wp-content\/uploads\/2026\/01\/Fumot-Tornado-30k-Music-Dr-Blue-3.webp\" \/>\n\t<meta property=\"og:image:width\" content=\"1200\" \/>\n\t<meta property=\"og:image:height\" content=\"1200\" \/>\n\t<meta property=\"og:image:type\" content=\"image\/webp\" \/>\n<meta name=\"twitter:card\" content=\"summary_large_image\" \/>\n<meta name=\"twitter:label1\" content=\"Szacowany czas czytania\" \/>\n\t<meta name=\"twitter:data1\" content=\"3 minuty\" \/>\n<script type=\"application\/ld+json\" class=\"yoast-schema-graph\">{\"@context\":\"https:\\\/\\\/schema.org\",\"@graph\":[{\"@type\":\"WebPage\",\"@id\":\"https:\\\/\\\/vozolvapen.de\\\/product\\\/fumot-tornado-30k-music-30000-puffs-dr-blue\\\/\",\"url\":\"https:\\\/\\\/vozolvapen.de\\\/product\\\/fumot-tornado-30k-music-30000-puffs-dr-blue\\\/\",\"name\":\"Dr Blue Fumot Tornado 30k Music | 30k Puffs Mystery Mix - vozolvapen\",\"isPartOf\":{\"@id\":\"https:\\\/\\\/vozolvapen.de\\\/#website\"},\"primaryImageOfPage\":{\"@id\":\"https:\\\/\\\/vozolvapen.de\\\/product\\\/fumot-tornado-30k-music-30000-puffs-dr-blue\\\/#primaryimage\"},\"image\":{\"@id\":\"https:\\\/\\\/vozolvapen.de\\\/product\\\/fumot-tornado-30k-music-30000-puffs-dr-blue\\\/#primaryimage\"},\"thumbnailUrl\":\"https:\\\/\\\/vozolvapen.de\\\/wp-content\\\/uploads\\\/2026\\\/01\\\/Fumot-Tornado-30k-Music-Dr-Blue-3.webp\",\"datePublished\":\"2026-01-27T08:18:30+00:00\",\"dateModified\":\"2026-02-10T10:38:19+00:00\",\"description\":\"Discover Dr Blue Fumot Tornado 30k. 30,000 puffs of secret blue fruit blend. 30ml tank, Dual Mesh. Fast 1-3 day delivery in Europe.\",\"breadcrumb\":{\"@id\":\"https:\\\/\\\/vozolvapen.de\\\/product\\\/fumot-tornado-30k-music-30000-puffs-dr-blue\\\/#breadcrumb\"},\"inLanguage\":\"pl-PL\",\"potentialAction\":[{\"@type\":\"ReadAction\",\"target\":[\"https:\\\/\\\/vozolvapen.de\\\/product\\\/fumot-tornado-30k-music-30000-puffs-dr-blue\\\/\"]}]},{\"@type\":\"ImageObject\",\"inLanguage\":\"pl-PL\",\"@id\":\"https:\\\/\\\/vozolvapen.de\\\/product\\\/fumot-tornado-30k-music-30000-puffs-dr-blue\\\/#primaryimage\",\"url\":\"https:\\\/\\\/vozolvapen.de\\\/wp-content\\\/uploads\\\/2026\\\/01\\\/Fumot-Tornado-30k-Music-Dr-Blue-3.webp\",\"contentUrl\":\"https:\\\/\\\/vozolvapen.de\\\/wp-content\\\/uploads\\\/2026\\\/01\\\/Fumot-Tornado-30k-Music-Dr-Blue-3.webp\",\"width\":1200,\"height\":1200,\"caption\":\"Fumot Tornado 30k Music - Dr Blue (3)\"},{\"@type\":\"BreadcrumbList\",\"@id\":\"https:\\\/\\\/vozolvapen.de\\\/product\\\/fumot-tornado-30k-music-30000-puffs-dr-blue\\\/#breadcrumb\",\"itemListElement\":[{\"@type\":\"ListItem\",\"position\":1,\"name\":\"Home\",\"item\":\"https:\\\/\\\/vozolvapen.de\\\/de\\\/\"},{\"@type\":\"ListItem\",\"position\":2,\"name\":\"Shop\",\"item\":\"https:\\\/\\\/vozolvapen.de\\\/shop\\\/\"},{\"@type\":\"ListItem\",\"position\":3,\"name\":\"Fumot Tornado 30k Music 30000 Puffs &#8211; Dr Blue\"}]},{\"@type\":\"WebSite\",\"@id\":\"https:\\\/\\\/vozolvapen.de\\\/#website\",\"url\":\"https:\\\/\\\/vozolvapen.de\\\/\",\"name\":\"vozolvapen\",\"description\":\"vozolvapen\",\"publisher\":{\"@id\":\"https:\\\/\\\/vozolvapen.de\\\/#organization\"},\"potentialAction\":[{\"@type\":\"SearchAction\",\"target\":{\"@type\":\"EntryPoint\",\"urlTemplate\":\"https:\\\/\\\/vozolvapen.de\\\/?s={search_term_string}\"},\"query-input\":{\"@type\":\"PropertyValueSpecification\",\"valueRequired\":true,\"valueName\":\"search_term_string\"}}],\"inLanguage\":\"pl-PL\"},{\"@type\":\"Organization\",\"@id\":\"https:\\\/\\\/vozolvapen.de\\\/#organization\",\"name\":\"vozolvapen\",\"url\":\"https:\\\/\\\/vozolvapen.de\\\/\",\"logo\":{\"@type\":\"ImageObject\",\"inLanguage\":\"pl-PL\",\"@id\":\"https:\\\/\\\/vozolvapen.de\\\/#\\\/schema\\\/logo\\\/image\\\/\",\"url\":\"https:\\\/\\\/vozolvapen.de\\\/wp-content\\\/uploads\\\/2025\\\/12\\\/cropped-vozovapen-logo.webp\",\"contentUrl\":\"https:\\\/\\\/vozolvapen.de\\\/wp-content\\\/uploads\\\/2025\\\/12\\\/cropped-vozovapen-logo.webp\",\"width\":470,\"height\":110,\"caption\":\"vozolvapen\"},\"image\":{\"@id\":\"https:\\\/\\\/vozolvapen.de\\\/#\\\/schema\\\/logo\\\/image\\\/\"}}]}<\/script>\n<!-- \/ Yoast SEO Premium plugin. -->","yoast_head_json":{"title":"Dr Blue Fumot Tornado 30k Music | 30k Puffs Mystery Mix - vozolvapen","description":"Odkryj Dr Blue Fumot Tornado 30k. 30 000 zaci\u0105gni\u0119\u0107 sekretn\u0105 mieszank\u0105 niebieskich owoc\u00f3w. Zbiornik 30 ml, podw\u00f3jna siatka. Szybka dostawa w ci\u0105gu 1-3 dni w Europie.","robots":{"index":"index","follow":"follow","max-snippet":"max-snippet:-1","max-image-preview":"max-image-preview:large","max-video-preview":"max-video-preview:-1"},"canonical":"https:\/\/vozolvapen.de\/pl\/product\/fumot-tornado-30k-music-30000-puffs-dr-blue\/","og_locale":"pl_PL","og_type":"article","og_title":"Fumot Tornado 30k Music 30000 Puffs - Dr Blue","og_description":"Discover Dr Blue Fumot Tornado 30k. 30,000 puffs of secret blue fruit blend. 30ml tank, Dual Mesh. Fast 1-3 day delivery in Europe.","og_url":"https:\/\/vozolvapen.de\/pl\/product\/fumot-tornado-30k-music-30000-puffs-dr-blue\/","og_site_name":"vozolvapen","article_modified_time":"2026-02-10T10:38:19+00:00","og_image":[{"width":1200,"height":1200,"url":"https:\/\/vozolvapen.de\/wp-content\/uploads\/2026\/01\/Fumot-Tornado-30k-Music-Dr-Blue-3.webp","type":"image\/webp"}],"twitter_card":"summary_large_image","twitter_misc":{"Szacowany czas czytania":"3 minuty"},"schema":{"@context":"https:\/\/schema.org","@graph":[{"@type":"WebPage","@id":"https:\/\/vozolvapen.de\/product\/fumot-tornado-30k-music-30000-puffs-dr-blue\/","url":"https:\/\/vozolvapen.de\/product\/fumot-tornado-30k-music-30000-puffs-dr-blue\/","name":"Dr Blue Fumot Tornado 30k Music | 30k Puffs Mystery Mix - vozolvapen","isPartOf":{"@id":"https:\/\/vozolvapen.de\/#website"},"primaryImageOfPage":{"@id":"https:\/\/vozolvapen.de\/product\/fumot-tornado-30k-music-30000-puffs-dr-blue\/#primaryimage"},"image":{"@id":"https:\/\/vozolvapen.de\/product\/fumot-tornado-30k-music-30000-puffs-dr-blue\/#primaryimage"},"thumbnailUrl":"https:\/\/vozolvapen.de\/wp-content\/uploads\/2026\/01\/Fumot-Tornado-30k-Music-Dr-Blue-3.webp","datePublished":"2026-01-27T08:18:30+00:00","dateModified":"2026-02-10T10:38:19+00:00","description":"Odkryj Dr Blue Fumot Tornado 30k. 30 000 zaci\u0105gni\u0119\u0107 sekretn\u0105 mieszank\u0105 niebieskich owoc\u00f3w. Zbiornik 30 ml, podw\u00f3jna siatka. Szybka dostawa w ci\u0105gu 1-3 dni w Europie.","breadcrumb":{"@id":"https:\/\/vozolvapen.de\/product\/fumot-tornado-30k-music-30000-puffs-dr-blue\/#breadcrumb"},"inLanguage":"pl-PL","potentialAction":[{"@type":"ReadAction","target":["https:\/\/vozolvapen.de\/product\/fumot-tornado-30k-music-30000-puffs-dr-blue\/"]}]},{"@type":"ImageObject","inLanguage":"pl-PL","@id":"https:\/\/vozolvapen.de\/product\/fumot-tornado-30k-music-30000-puffs-dr-blue\/#primaryimage","url":"https:\/\/vozolvapen.de\/wp-content\/uploads\/2026\/01\/Fumot-Tornado-30k-Music-Dr-Blue-3.webp","contentUrl":"https:\/\/vozolvapen.de\/wp-content\/uploads\/2026\/01\/Fumot-Tornado-30k-Music-Dr-Blue-3.webp","width":1200,"height":1200,"caption":"Fumot Tornado 30k Music - Dr Blue (3)"},{"@type":"BreadcrumbList","@id":"https:\/\/vozolvapen.de\/product\/fumot-tornado-30k-music-30000-puffs-dr-blue\/#breadcrumb","itemListElement":[{"@type":"ListItem","position":1,"name":"Home","item":"https:\/\/vozolvapen.de\/de\/"},{"@type":"ListItem","position":2,"name":"Shop","item":"https:\/\/vozolvapen.de\/shop\/"},{"@type":"ListItem","position":3,"name":"Fumot Tornado 30k Music 30000 Puffs &#8211; Dr Blue"}]},{"@type":"WebSite","@id":"https:\/\/vozolvapen.de\/#website","url":"https:\/\/vozolvapen.de\/","name":"vozolvapen","description":"vozolvapen","publisher":{"@id":"https:\/\/vozolvapen.de\/#organization"},"potentialAction":[{"@type":"SearchAction","target":{"@type":"EntryPoint","urlTemplate":"https:\/\/vozolvapen.de\/?s={search_term_string}"},"query-input":{"@type":"PropertyValueSpecification","valueRequired":true,"valueName":"search_term_string"}}],"inLanguage":"pl-PL"},{"@type":"Organization","@id":"https:\/\/vozolvapen.de\/#organization","name":"vozolvapen","url":"https:\/\/vozolvapen.de\/","logo":{"@type":"ImageObject","inLanguage":"pl-PL","@id":"https:\/\/vozolvapen.de\/#\/schema\/logo\/image\/","url":"https:\/\/vozolvapen.de\/wp-content\/uploads\/2025\/12\/cropped-vozovapen-logo.webp","contentUrl":"https:\/\/vozolvapen.de\/wp-content\/uploads\/2025\/12\/cropped-vozovapen-logo.webp","width":470,"height":110,"caption":"vozolvapen"},"image":{"@id":"https:\/\/vozolvapen.de\/#\/schema\/logo\/image\/"}}]}},"tiered_pricing_type":"fixed","tiered_pricing_fixed_rules":{"30":"12.7","50":"9.7","100":"8.7","200":"7.7"},"tiered_pricing_product_settings":{"layout":"default","base_unit_name":{"singular":null,"plural":null},"default_variation":{}},"tiered_pricing_minimum_quantity":10,"tiered_pricing_roles_data":[],"tiered_pricing_percentage_rules":[],"tiered_pricing_maximum_quantity":null,"tiered_pricing_quantity_step":"10","_links":{"self":[{"href":"http:\/\/vozolvapen.de\/pl\/wp-json\/wp\/v2\/product\/65928","targetHints":{"allow":["GET"]}}],"collection":[{"href":"http:\/\/vozolvapen.de\/pl\/wp-json\/wp\/v2\/product"}],"about":[{"href":"http:\/\/vozolvapen.de\/pl\/wp-json\/wp\/v2\/types\/product"}],"replies":[{"embeddable":true,"href":"http:\/\/vozolvapen.de\/pl\/wp-json\/wp\/v2\/comments?post=65928"}],"wp:featuredmedia":[{"embeddable":true,"href":"http:\/\/vozolvapen.de\/pl\/wp-json\/wp\/v2\/media\/66226"}],"wp:attachment":[{"href":"http:\/\/vozolvapen.de\/pl\/wp-json\/wp\/v2\/media?parent=65928"}],"wp:term":[{"taxonomy":"product_brand","embeddable":true,"href":"http:\/\/vozolvapen.de\/pl\/wp-json\/wp\/v2\/product_brand?post=65928"},{"taxonomy":"product_cat","embeddable":true,"href":"http:\/\/vozolvapen.de\/pl\/wp-json\/wp\/v2\/product_cat?post=65928"},{"taxonomy":"product_tag","embeddable":true,"href":"http:\/\/vozolvapen.de\/pl\/wp-json\/wp\/v2\/product_tag?post=65928"}],"curies":[{"name":"wp","href":"https:\/\/api.w.org\/{rel}","templated":true}]}}