{"id":66691,"date":"2026-02-06T03:18:07","date_gmt":"2026-02-06T03:18:07","guid":{"rendered":"https:\/\/vozolvapen.de\/?post_type=product&#038;p=66691"},"modified":"2026-02-10T10:37:54","modified_gmt":"2026-02-10T10:37:54","slug":"fumot-50k-eco-2in1-50000-puffs-disposable-vape-2-in-1-flavors-eu-warehouse-wholesale","status":"publish","type":"product","link":"http:\/\/vozolvapen.de\/pl\/product\/fumot-50k-eco-2in1-50000-puffs-disposable-vape-2-in-1-flavors-eu-warehouse-wholesale\/","title":{"rendered":"Fumot 50k ECO 2in1 50000 Puffs Jednorazowe Vape | 2 w 1 Smaki | Hurtownia UE"},"content":{"rendered":"<p data-path-to-node=\"1\">Do\u015bwiadcz ostatecznej ewolucji <b data-path-to-node=\"1\" data-index-in-node=\"41\">Fumot 50k ECO 2w1 50000<\/b>, to fajka o du\u017cej pojemno\u015bci zaprojektowana dla waper\u00f3w, kt\u00f3rzy nie chc\u0105 wybiera\u0107 tylko jednego smaku. Wyposa\u017cony w ogromny <b data-path-to-node=\"1\" data-index-in-node=\"173\">50 000 puff<\/b> \u017bywotno\u015b\u0107 i unikalny system podw\u00f3jnego zbiornika 10 ml + 10 ml, ten <b data-path-to-node=\"1\" data-index-in-node=\"240\">fumot vape 50k<\/b> Masterpiece zapewnia wszechstronno\u015b\u0107, inteligencj\u0119 i styl bezpo\u015brednio z naszego europejskiego magazynu.<\/p>\n<h2 data-path-to-node=\"3\">Podstawowe parametry produktu Fumot 50k<\/h2>\n<table data-path-to-node=\"4\">\n<thead>\n<tr>\n<td><strong>Cecha<\/strong><\/td>\n<td><strong>Specyfikacja techniczna<\/strong><\/td>\n<\/tr>\n<\/thead>\n<tbody>\n<tr>\n<td><span data-path-to-node=\"4,1,0,0\"><b data-path-to-node=\"4,1,0,0\" data-index-in-node=\"0\">Model<\/b><\/span><\/td>\n<td><span data-path-to-node=\"4,1,1,0\"><b data-path-to-node=\"4,1,1,0\" data-index-in-node=\"0\">Fumot ECO 2w1 50000<\/b><\/span><\/td>\n<\/tr>\n<tr>\n<td><span data-path-to-node=\"4,2,0,0\"><b data-path-to-node=\"4,2,0,0\" data-index-in-node=\"0\">Max Puffs<\/b><\/span><\/td>\n<td><span data-path-to-node=\"4,2,1,0\">Do <b data-path-to-node=\"4,2,1,0\" data-index-in-node=\"6\">50,000 Puffs<\/b> (<b data-path-to-node=\"4,2,1,0\" data-index-in-node=\"20\">fumot 50000<\/b>)<\/span><\/td>\n<\/tr>\n<tr>\n<td><span data-path-to-node=\"4,3,0,0\"><b data-path-to-node=\"4,3,0,0\" data-index-in-node=\"0\">Pojemno\u015b\u0107 E-Liquid<\/b><\/span><\/td>\n<td><span data-path-to-node=\"4,3,1,0\">20 ml (10 ml + 10 ml podw\u00f3jnych smak\u00f3w)<\/span><\/td>\n<\/tr>\n<tr>\n<td><span data-path-to-node=\"4,4,0,0\"><b data-path-to-node=\"4,4,0,0\" data-index-in-node=\"0\">Pojemno\u015b\u0107 akumulatora<\/b><\/span><\/td>\n<td><span data-path-to-node=\"4,4,1,0\">950 mAh (akumulator typu C)<\/span><\/td>\n<\/tr>\n<tr>\n<td><span data-path-to-node=\"4,5,0,0\"><b data-path-to-node=\"4,5,0,0\" data-index-in-node=\"0\">Technologia cewek<\/b><\/span><\/td>\n<td><span data-path-to-node=\"4,5,1,0\">Siatkowa cewka 0,9\u03a9 (du\u017ca moc aromatu)<\/span><\/td>\n<\/tr>\n<tr>\n<td><span data-path-to-node=\"4,6,0,0\"><b data-path-to-node=\"4,6,0,0\" data-index-in-node=\"0\">Wy\u015bwietlacz<\/b><\/span><\/td>\n<td><span data-path-to-node=\"4,6,1,0\">Inteligentny ekran cyfrowy (olej i zasilanie)<\/span><\/td>\n<\/tr>\n<tr>\n<td><span data-path-to-node=\"4,7,0,0\"><b data-path-to-node=\"4,7,0,0\" data-index-in-node=\"0\">Estetyka<\/b><\/span><\/td>\n<td><span data-path-to-node=\"4,7,1,0\">Opalizuj\u0105ce o\u015bwietlenie dynamiczne<\/span><\/td>\n<\/tr>\n<tr>\n<td><span data-path-to-node=\"4,8,0,0\"><b data-path-to-node=\"4,8,0,0\" data-index-in-node=\"0\">Poziom nikotyny<\/b><\/span><\/td>\n<td><span data-path-to-node=\"4,8,1,0\">0% \/ 2% \/ 3% \/ 5% Opcje<\/span><\/td>\n<\/tr>\n<tr>\n<td><span data-path-to-node=\"4,9,0,0\"><b data-path-to-node=\"4,9,0,0\" data-index-in-node=\"0\">Logistyka<\/b><\/span><\/td>\n<td><span data-path-to-node=\"4,9,1,0\">Magazyn UE (dostawa w ci\u0105gu 1-3 dni)<\/span><\/td>\n<\/tr>\n<\/tbody>\n<\/table>\n<h2 data-path-to-node=\"6\">Fumot 50k ECO 2w1 sensoryczne kombinacje smakowe: Do\u015bwiadczenie 2 w 1<\/h2>\n<p data-path-to-node=\"7\">The <b data-path-to-node=\"7\" data-index-in-node=\"4\">Fumot 50k<\/b> Seria jest definiowana przez jej zdolno\u015b\u0107 do natychmiastowego prze\u0142\u0105czania wra\u017ce\u0144. Ka\u017cde urz\u0105dzenie zawiera dwa r\u00f3\u017cne <b data-path-to-node=\"7\" data-index-in-node=\"113\">p\u0142yn fumot<\/b> profile, umo\u017cliwiaj\u0105ce prze\u0142\u0105czanie si\u0119 mi\u0119dzy nastrojami:<\/p>\n<p data-path-to-node=\"7\">1.Black Mamba &amp; Mr Blue<br \/>\n2. czarny l\u00f3d i l\u00f3d winogronowy<br \/>\n3.Peach Ice &amp; White Mamba<br \/>\n4.Lady Killer &amp; Love 66<br \/>\n5.Blueberry Hubba Bubba &amp; Watermelon Hubba Bubba<br \/>\n6.Grape Gummy Bear i Strawberry Gummy Bear<br \/>\n7.Kwa\u015bne jab\u0142ko i soczysta brzoskwinia<br \/>\n8.Fanta &amp; Cola Ice<br \/>\n9.Gummy Bear &amp; Skittles<br \/>\n10.Cactus Ice &amp; Cactus Kiwi<br \/>\n11.Brzoskwinia Mango Arbuz &amp; Pina Colada<br \/>\n12.Cherry Ice &amp; Blue Razz Cherry<br \/>\n13.Cool Mint &amp; Watermelon Ice<br \/>\n14.Lemon &amp; Lime &amp; Strawberry Watermelon<br \/>\n15.r\u00f3\u017cowa lemoniada i kwa\u015bne cukierki<br \/>\n16.Vimto &amp; Watermelon Bubblegum<br \/>\n17.Banana Ice &amp; Black Dragon Ice<br \/>\n18.Blue Razz Gummy Bear &amp; Blue Razz Ice Pop<br \/>\n19.Ice Pop &amp; Kiwi Passion Fruit Guava<br \/>\n20.Strawberry Ice &amp; Huckleberry<br \/>\n21.Mixed Berries &amp; Blue Razz Lemonade<br \/>\n22.Redbull Ice &amp; Blueberry Peach Ice<br \/>\n23.Truskawka Kiwi &amp; Jagoda Kwa\u015bna Malina<br \/>\n24.cola cytryna i ananas cytryna zielone jab\u0142ko<\/p>\n<h2 data-path-to-node=\"7\">Wra\u017cenia z u\u017cytkowania: Dlaczego Fumot Leopard 50k si\u0119 wyr\u00f3\u017cnia?<\/h2>\n<p data-path-to-node=\"12\">The <b data-path-to-node=\"12\" data-index-in-node=\"4\">Fumot 50k ECO 2w1 50000<\/b> to w zasadzie szwajcarski scyzoryk \u015bwiata waporyzacji.<\/p>\n<ul>\n<li data-path-to-node=\"13,0,0\"><b data-path-to-node=\"13,0,0\" data-index-in-node=\"0\">Prze\u0142\u0105czalna satysfakcja:<\/b> Po co zadowala\u0107 si\u0119 jednym smakiem przez 50 tysi\u0119cy zaci\u0105gni\u0119\u0107? Dzielony zbiornik 10 ml + 10 ml zapewnia, \u017ce kubki smakowe nigdy nie b\u0119d\u0105 cierpie\u0107 z powodu \u201czm\u0119czenia smakiem\u201d.\u201d<\/li>\n<li data-path-to-node=\"13,1,0\"><b data-path-to-node=\"13,1,0\" data-index-in-node=\"0\">Inteligentne monitorowanie:<\/b> Zintegrowany <b data-path-to-node=\"13,1,0\" data-index-in-node=\"33\">Inteligentny ekran wy\u015bwietlacza<\/b> eliminuje zgadywanie, zapewniaj\u0105c dok\u0142adny procent baterii 950 mAh i pozosta\u0142y czas pracy. <b data-path-to-node=\"13,1,0\" data-index-in-node=\"145\">p\u0142yn fumot<\/b>.<\/li>\n<li data-path-to-node=\"13,2,0\"><b data-path-to-node=\"13,2,0\" data-index-in-node=\"0\">Opalizuj\u0105ce efekty wizualne:<\/b> Dynamiczny system pod\u015bwietlenia obraca si\u0119 podczas u\u017cytkowania, zamieniaj\u0105c ka\u017cde przeci\u0105gni\u0119cie w wizualny akcent, kt\u00f3ry uzupe\u0142nia eleganck\u0105, ergonomiczn\u0105 obudow\u0119.<\/li>\n<li data-path-to-node=\"13,3,0\"><b data-path-to-node=\"13,3,0\" data-index-in-node=\"0\">Wydajno\u015b\u0107 siatki:<\/b> Siatkowa cewka 0,9\u03a9 jest dostosowana do szybkich czas\u00f3w rozruchu, dzi\u0119ki czemu nawet przy niskim poziomie na\u0142adowania baterii smak pozostaje g\u0119sty, ciep\u0142y i bogaty.<\/li>\n<\/ul>\n<h2 data-path-to-node=\"15\">Sprzeda\u017c hurtowa i B2B na wy\u0142\u0105czno\u015b\u0107<\/h2>\n<p data-path-to-node=\"16\">Rozszerz swoje zapasy dzi\u0119ki najwi\u0119kszej pojemno\u015bci <b data-path-to-node=\"16\" data-index-in-node=\"48\">fumot 50k<\/b> dost\u0119pne. Nasza logistyka B2B jest zoptymalizowana pod k\u0105tem europejskich sprzedawc\u00f3w detalicznych:<\/p>\n<ul data-path-to-node=\"17\">\n<li>\n<p data-path-to-node=\"17,0,0\"><b data-path-to-node=\"17,0,0\" data-index-in-node=\"0\">Opakowanie zbiorcze:<\/b> 10 sztuk w pude\u0142ku ekspozycyjnym \/ 100 sztuk w kartonie zbiorczym.<\/p>\n<\/li>\n<li>\n<p data-path-to-node=\"17,1,0\"><b data-path-to-node=\"17,1,0\" data-index-in-node=\"0\">Waga logistyczna:<\/b> 14,5 kg w kartonie (49,4x35x27 cm).<\/p>\n<\/li>\n<li>\n<p data-path-to-node=\"17,2,0\"><b data-path-to-node=\"17,2,0\" data-index-in-node=\"0\">Zapasy bezc\u0142owe w UE:<\/b> Wysy\u0142ane z naszego <b data-path-to-node=\"17,2,0\" data-index-in-node=\"35\">Magazyn europejski<\/b> z <b data-path-to-node=\"17,2,0\" data-index-in-node=\"61\">1-3 dni<\/b> Dzi\u0119ki temu p\u00f3\u0142ki nigdy nie s\u0105 puste.<\/p>\n<\/li>\n<li>\n<p data-path-to-node=\"17,3,0\"><b data-path-to-node=\"17,3,0\" data-index-in-node=\"0\">Zapotrzebowanie rynku:<\/b> The <b data-path-to-node=\"17,3,0\" data-index-in-node=\"19\">fumot 50000<\/b> jest obecnie najpopularniejszym produktem \u201cHigh-Puff\u201d w 2026 r., oferuj\u0105c konsumentom najlepszy stosunek ceny do jako\u015bci.<\/p>\n<\/li>\n<\/ul>\n<h2 data-path-to-node=\"19\">Fumot 50k FAQ<\/h2>\n<h3 data-path-to-node=\"20\"><b data-path-to-node=\"20\" data-index-in-node=\"0\">P: Jak prze\u0142\u0105cza\u0107 si\u0119 mi\u0119dzy tymi dwoma smakami?<\/b><\/h3>\n<p data-path-to-node=\"20\">A: The <b data-path-to-node=\"20\" data-index-in-node=\"51\">Fumot 50k ECO 2w1<\/b> posiada fizyczny mechanizm prze\u0142\u0105czania lub prze\u0142\u0105czania (w zale\u017cno\u015bci od konkretnego projektu wsadu), kt\u00f3ry przekierowuje przep\u0142yw powietrza do wybranego zbiornika o pojemno\u015bci 10 ml.<\/p>\n<h3 data-path-to-node=\"21\"><b data-path-to-node=\"21\" data-index-in-node=\"0\">P: Czy liczba 50 000 puff\u00f3w jest realistyczna?<\/b><\/h3>\n<p data-path-to-node=\"21\">Tak. Dzi\u0119ki wykorzystaniu systemu zarz\u0105dzania energi\u0105 w trybie ECO i ogromnemu zbiornikowi o pojemno\u015bci 20 ml, model <b data-path-to-node=\"21\" data-index-in-node=\"136\">fumot 50000<\/b> zosta\u0142 zaprojektowany tak, aby osi\u0105gn\u0105\u0107 swoj\u0105 znamionow\u0105 \u017cywotno\u015b\u0107 w standardowych warunkach waporyzacji.<\/p>\n<h3 data-path-to-node=\"22\"><b data-path-to-node=\"22\" data-index-in-node=\"0\">P: Jak szybko si\u0119 \u0142aduje?<\/b><\/h3>\n<p data-path-to-node=\"22\">O: Dzi\u0119ki <b data-path-to-node=\"22\" data-index-in-node=\"45\">Szybkie \u0142adowanie typu C<\/b> port, bateria 950 mAh mo\u017ce osi\u0105gn\u0105\u0107 funkcjonalne na\u0142adowanie w oko\u0142o 30-40 minut.<\/p>","protected":false},"excerpt":{"rendered":"<ul>\n<li data-path-to-node=\"13,0,0\"><b data-path-to-node=\"13,0,0\" data-index-in-node=\"0\">Innowacja w postaci podw\u00f3jnego zbiornika:<\/b> Prze\u0142\u0105czanie mi\u0119dzy dwoma smakami (10 ml + 10 ml) na jednym urz\u0105dzeniu.<\/li>\n<li data-path-to-node=\"13,1,0\"><b data-path-to-node=\"13,1,0\" data-index-in-node=\"0\">Extreme 50,000 Puffs:<\/b> Najd\u0142u\u017cej trwaj\u0105cy <b data-path-to-node=\"13,1,0\" data-index-in-node=\"42\">fumot 50000<\/b> dotychczasowe do\u015bwiadczenie.<\/li>\n<li data-path-to-node=\"13,2,0\"><b data-path-to-node=\"13,2,0\" data-index-in-node=\"0\">Inteligentna technologia:<\/b> Monitorowanie poziomu oleju i \u017cywotno\u015bci baterii w czasie rzeczywistym za pomoc\u0105 ekranu cyfrowego.<\/li>\n<li data-path-to-node=\"13,3,0\"><b data-path-to-node=\"13,3,0\" data-index-in-node=\"0\">Premium Mesh Coil:<\/b> Siatka 0,9\u03a9 zapewnia wyrazisty, sp\u00f3jny smak od pierwszego do ostatniego zaci\u0105gni\u0119cia.<\/li>\n<li data-path-to-node=\"13,4,0\"><b data-path-to-node=\"13,4,0\" data-index-in-node=\"0\">Szybka logistyka UE:<\/b> Dost\u0119pne w naszym europejskim magazynie dla <b data-path-to-node=\"13,4,0\" data-index-in-node=\"58\">Dostawa w ci\u0105gu 1-3 dni<\/b>.<\/li>\n<\/ul>","protected":false},"featured_media":48131,"comment_status":"open","ping_status":"closed","template":"","meta":{"_acf_changed":false},"product_brand":[],"product_cat":[134,54],"product_tag":[],"class_list":{"0":"post-66691","1":"product","2":"type-product","3":"status-publish","4":"has-post-thumbnail","6":"product_cat-eu-warehouse-in-stock","7":"product_cat-fumot-vape","9":"first","10":"instock","11":"shipping-taxable","12":"purchasable","13":"product-type-variable"},"acf":[],"yoast_head":"<!-- This site is optimized with the Yoast SEO Premium plugin v26.1 (Yoast SEO v27.5) - https:\/\/yoast.com\/product\/yoast-seo-premium-wordpress\/ -->\n<title>Fumot 50k ECO 2in1 50000 Puffs | Dual Flavor Smart Vape - vozolvapen<\/title>\n<meta name=\"description\" content=\"Shop the Fumot 50k ECO 2 in1 50000. Features 2-in-1 dual flavors, a smart display, and 50,000 puffs. Fast 1-3 day EU delivery. Experience the best Fumot 50k!\" \/>\n<meta name=\"robots\" content=\"index, follow, max-snippet:-1, max-image-preview:large, max-video-preview:-1\" \/>\n<link rel=\"canonical\" href=\"https:\/\/vozolvapen.de\/pl\/product\/fumot-50k-eco-2in1-50000-puffs-disposable-vape-2-in-1-flavors-eu-warehouse-wholesale\/\" \/>\n<meta property=\"og:locale\" content=\"pl_PL\" \/>\n<meta property=\"og:type\" content=\"article\" \/>\n<meta property=\"og:title\" content=\"Fumot 50k ECO 2in1 50000 Puffs Disposable Vape | 2 in 1 Flavors | EU Warehouse Wholesale\" \/>\n<meta property=\"og:description\" content=\"Shop the Fumot 50k ECO 2 in1 50000. Features 2-in-1 dual flavors, a smart display, and 50,000 puffs. Fast 1-3 day EU delivery. Experience the best Fumot 50k!\" \/>\n<meta property=\"og:url\" content=\"https:\/\/vozolvapen.de\/pl\/product\/fumot-50k-eco-2in1-50000-puffs-disposable-vape-2-in-1-flavors-eu-warehouse-wholesale\/\" \/>\n<meta property=\"og:site_name\" content=\"vozolvapen\" \/>\n<meta property=\"article:modified_time\" content=\"2026-02-10T10:37:54+00:00\" \/>\n<meta property=\"og:image\" content=\"https:\/\/vozolvapen.de\/wp-content\/uploads\/2025\/12\/Fumot-50k-ECO-2in1-50000-Peach-ice-White-mamba-3.webp\" \/>\n\t<meta property=\"og:image:width\" content=\"1200\" \/>\n\t<meta property=\"og:image:height\" content=\"1200\" \/>\n\t<meta property=\"og:image:type\" content=\"image\/webp\" \/>\n<meta name=\"twitter:card\" content=\"summary_large_image\" \/>\n<meta name=\"twitter:label1\" content=\"Szacowany czas czytania\" \/>\n\t<meta name=\"twitter:data1\" content=\"3 minuty\" \/>\n<script type=\"application\/ld+json\" class=\"yoast-schema-graph\">{\"@context\":\"https:\\\/\\\/schema.org\",\"@graph\":[{\"@type\":\"WebPage\",\"@id\":\"https:\\\/\\\/vozolvapen.de\\\/product\\\/fumot-50k-eco-2in1-50000-puffs-disposable-vape-2-in-1-flavors-eu-warehouse-wholesale\\\/\",\"url\":\"https:\\\/\\\/vozolvapen.de\\\/product\\\/fumot-50k-eco-2in1-50000-puffs-disposable-vape-2-in-1-flavors-eu-warehouse-wholesale\\\/\",\"name\":\"Fumot 50k ECO 2in1 50000 Puffs | Dual Flavor Smart Vape - vozolvapen\",\"isPartOf\":{\"@id\":\"https:\\\/\\\/vozolvapen.de\\\/#website\"},\"primaryImageOfPage\":{\"@id\":\"https:\\\/\\\/vozolvapen.de\\\/product\\\/fumot-50k-eco-2in1-50000-puffs-disposable-vape-2-in-1-flavors-eu-warehouse-wholesale\\\/#primaryimage\"},\"image\":{\"@id\":\"https:\\\/\\\/vozolvapen.de\\\/product\\\/fumot-50k-eco-2in1-50000-puffs-disposable-vape-2-in-1-flavors-eu-warehouse-wholesale\\\/#primaryimage\"},\"thumbnailUrl\":\"https:\\\/\\\/vozolvapen.de\\\/wp-content\\\/uploads\\\/2025\\\/12\\\/Fumot-50k-ECO-2in1-50000-Peach-ice-White-mamba-3.webp\",\"datePublished\":\"2026-02-06T03:18:07+00:00\",\"dateModified\":\"2026-02-10T10:37:54+00:00\",\"description\":\"Shop the Fumot 50k ECO 2 in1 50000. Features 2-in-1 dual flavors, a smart display, and 50,000 puffs. Fast 1-3 day EU delivery. Experience the best Fumot 50k!\",\"breadcrumb\":{\"@id\":\"https:\\\/\\\/vozolvapen.de\\\/product\\\/fumot-50k-eco-2in1-50000-puffs-disposable-vape-2-in-1-flavors-eu-warehouse-wholesale\\\/#breadcrumb\"},\"inLanguage\":\"pl-PL\",\"potentialAction\":[{\"@type\":\"ReadAction\",\"target\":[\"https:\\\/\\\/vozolvapen.de\\\/product\\\/fumot-50k-eco-2in1-50000-puffs-disposable-vape-2-in-1-flavors-eu-warehouse-wholesale\\\/\"]}]},{\"@type\":\"ImageObject\",\"inLanguage\":\"pl-PL\",\"@id\":\"https:\\\/\\\/vozolvapen.de\\\/product\\\/fumot-50k-eco-2in1-50000-puffs-disposable-vape-2-in-1-flavors-eu-warehouse-wholesale\\\/#primaryimage\",\"url\":\"https:\\\/\\\/vozolvapen.de\\\/wp-content\\\/uploads\\\/2025\\\/12\\\/Fumot-50k-ECO-2in1-50000-Peach-ice-White-mamba-3.webp\",\"contentUrl\":\"https:\\\/\\\/vozolvapen.de\\\/wp-content\\\/uploads\\\/2025\\\/12\\\/Fumot-50k-ECO-2in1-50000-Peach-ice-White-mamba-3.webp\",\"width\":1200,\"height\":1200,\"caption\":\"Fumot 50k ECO 2in1 50000 - Peach ice & White mamba (3)\"},{\"@type\":\"BreadcrumbList\",\"@id\":\"https:\\\/\\\/vozolvapen.de\\\/product\\\/fumot-50k-eco-2in1-50000-puffs-disposable-vape-2-in-1-flavors-eu-warehouse-wholesale\\\/#breadcrumb\",\"itemListElement\":[{\"@type\":\"ListItem\",\"position\":1,\"name\":\"Home\",\"item\":\"https:\\\/\\\/vozolvapen.de\\\/de\\\/\"},{\"@type\":\"ListItem\",\"position\":2,\"name\":\"Shop\",\"item\":\"https:\\\/\\\/vozolvapen.de\\\/shop\\\/\"},{\"@type\":\"ListItem\",\"position\":3,\"name\":\"Fumot 50k ECO 2in1 50000 Puffs Disposable Vape | 2 in 1 Flavors | EU Warehouse Wholesale\"}]},{\"@type\":\"WebSite\",\"@id\":\"https:\\\/\\\/vozolvapen.de\\\/#website\",\"url\":\"https:\\\/\\\/vozolvapen.de\\\/\",\"name\":\"vozolvapen\",\"description\":\"vozolvapen\",\"publisher\":{\"@id\":\"https:\\\/\\\/vozolvapen.de\\\/#organization\"},\"potentialAction\":[{\"@type\":\"SearchAction\",\"target\":{\"@type\":\"EntryPoint\",\"urlTemplate\":\"https:\\\/\\\/vozolvapen.de\\\/?s={search_term_string}\"},\"query-input\":{\"@type\":\"PropertyValueSpecification\",\"valueRequired\":true,\"valueName\":\"search_term_string\"}}],\"inLanguage\":\"pl-PL\"},{\"@type\":\"Organization\",\"@id\":\"https:\\\/\\\/vozolvapen.de\\\/#organization\",\"name\":\"vozolvapen\",\"url\":\"https:\\\/\\\/vozolvapen.de\\\/\",\"logo\":{\"@type\":\"ImageObject\",\"inLanguage\":\"pl-PL\",\"@id\":\"https:\\\/\\\/vozolvapen.de\\\/#\\\/schema\\\/logo\\\/image\\\/\",\"url\":\"https:\\\/\\\/vozolvapen.de\\\/wp-content\\\/uploads\\\/2025\\\/12\\\/cropped-vozovapen-logo.webp\",\"contentUrl\":\"https:\\\/\\\/vozolvapen.de\\\/wp-content\\\/uploads\\\/2025\\\/12\\\/cropped-vozovapen-logo.webp\",\"width\":470,\"height\":110,\"caption\":\"vozolvapen\"},\"image\":{\"@id\":\"https:\\\/\\\/vozolvapen.de\\\/#\\\/schema\\\/logo\\\/image\\\/\"}}]}<\/script>\n<!-- \/ Yoast SEO Premium plugin. -->","yoast_head_json":{"title":"Fumot 50k ECO 2w1 50000 Puffs | Dual Flavor Smart Vape - vozolvapen","description":"Kup Fumot 50k ECO 2w1 50000. Wyposa\u017cony w dwa smaki 2 w 1, inteligentny wy\u015bwietlacz i 50 000 zaci\u0105gni\u0119\u0107. Szybka dostawa w ci\u0105gu 1-3 dni w UE. Do\u015bwiadcz najlepszego Fumot 50k!","robots":{"index":"index","follow":"follow","max-snippet":"max-snippet:-1","max-image-preview":"max-image-preview:large","max-video-preview":"max-video-preview:-1"},"canonical":"https:\/\/vozolvapen.de\/pl\/product\/fumot-50k-eco-2in1-50000-puffs-disposable-vape-2-in-1-flavors-eu-warehouse-wholesale\/","og_locale":"pl_PL","og_type":"article","og_title":"Fumot 50k ECO 2in1 50000 Puffs Disposable Vape | 2 in 1 Flavors | EU Warehouse Wholesale","og_description":"Shop the Fumot 50k ECO 2 in1 50000. Features 2-in-1 dual flavors, a smart display, and 50,000 puffs. Fast 1-3 day EU delivery. Experience the best Fumot 50k!","og_url":"https:\/\/vozolvapen.de\/pl\/product\/fumot-50k-eco-2in1-50000-puffs-disposable-vape-2-in-1-flavors-eu-warehouse-wholesale\/","og_site_name":"vozolvapen","article_modified_time":"2026-02-10T10:37:54+00:00","og_image":[{"width":1200,"height":1200,"url":"https:\/\/vozolvapen.de\/wp-content\/uploads\/2025\/12\/Fumot-50k-ECO-2in1-50000-Peach-ice-White-mamba-3.webp","type":"image\/webp"}],"twitter_card":"summary_large_image","twitter_misc":{"Szacowany czas czytania":"3 minuty"},"schema":{"@context":"https:\/\/schema.org","@graph":[{"@type":"WebPage","@id":"https:\/\/vozolvapen.de\/product\/fumot-50k-eco-2in1-50000-puffs-disposable-vape-2-in-1-flavors-eu-warehouse-wholesale\/","url":"https:\/\/vozolvapen.de\/product\/fumot-50k-eco-2in1-50000-puffs-disposable-vape-2-in-1-flavors-eu-warehouse-wholesale\/","name":"Fumot 50k ECO 2w1 50000 Puffs | Dual Flavor Smart Vape - vozolvapen","isPartOf":{"@id":"https:\/\/vozolvapen.de\/#website"},"primaryImageOfPage":{"@id":"https:\/\/vozolvapen.de\/product\/fumot-50k-eco-2in1-50000-puffs-disposable-vape-2-in-1-flavors-eu-warehouse-wholesale\/#primaryimage"},"image":{"@id":"https:\/\/vozolvapen.de\/product\/fumot-50k-eco-2in1-50000-puffs-disposable-vape-2-in-1-flavors-eu-warehouse-wholesale\/#primaryimage"},"thumbnailUrl":"https:\/\/vozolvapen.de\/wp-content\/uploads\/2025\/12\/Fumot-50k-ECO-2in1-50000-Peach-ice-White-mamba-3.webp","datePublished":"2026-02-06T03:18:07+00:00","dateModified":"2026-02-10T10:37:54+00:00","description":"Kup Fumot 50k ECO 2w1 50000. Wyposa\u017cony w dwa smaki 2 w 1, inteligentny wy\u015bwietlacz i 50 000 zaci\u0105gni\u0119\u0107. Szybka dostawa w ci\u0105gu 1-3 dni w UE. Do\u015bwiadcz najlepszego Fumot 50k!","breadcrumb":{"@id":"https:\/\/vozolvapen.de\/product\/fumot-50k-eco-2in1-50000-puffs-disposable-vape-2-in-1-flavors-eu-warehouse-wholesale\/#breadcrumb"},"inLanguage":"pl-PL","potentialAction":[{"@type":"ReadAction","target":["https:\/\/vozolvapen.de\/product\/fumot-50k-eco-2in1-50000-puffs-disposable-vape-2-in-1-flavors-eu-warehouse-wholesale\/"]}]},{"@type":"ImageObject","inLanguage":"pl-PL","@id":"https:\/\/vozolvapen.de\/product\/fumot-50k-eco-2in1-50000-puffs-disposable-vape-2-in-1-flavors-eu-warehouse-wholesale\/#primaryimage","url":"https:\/\/vozolvapen.de\/wp-content\/uploads\/2025\/12\/Fumot-50k-ECO-2in1-50000-Peach-ice-White-mamba-3.webp","contentUrl":"https:\/\/vozolvapen.de\/wp-content\/uploads\/2025\/12\/Fumot-50k-ECO-2in1-50000-Peach-ice-White-mamba-3.webp","width":1200,"height":1200,"caption":"Fumot 50k ECO 2in1 50000 - Peach ice & White mamba (3)"},{"@type":"BreadcrumbList","@id":"https:\/\/vozolvapen.de\/product\/fumot-50k-eco-2in1-50000-puffs-disposable-vape-2-in-1-flavors-eu-warehouse-wholesale\/#breadcrumb","itemListElement":[{"@type":"ListItem","position":1,"name":"Home","item":"https:\/\/vozolvapen.de\/de\/"},{"@type":"ListItem","position":2,"name":"Shop","item":"https:\/\/vozolvapen.de\/shop\/"},{"@type":"ListItem","position":3,"name":"Fumot 50k ECO 2in1 50000 Puffs Disposable Vape | 2 in 1 Flavors | EU Warehouse Wholesale"}]},{"@type":"WebSite","@id":"https:\/\/vozolvapen.de\/#website","url":"https:\/\/vozolvapen.de\/","name":"vozolvapen","description":"vozolvapen","publisher":{"@id":"https:\/\/vozolvapen.de\/#organization"},"potentialAction":[{"@type":"SearchAction","target":{"@type":"EntryPoint","urlTemplate":"https:\/\/vozolvapen.de\/?s={search_term_string}"},"query-input":{"@type":"PropertyValueSpecification","valueRequired":true,"valueName":"search_term_string"}}],"inLanguage":"pl-PL"},{"@type":"Organization","@id":"https:\/\/vozolvapen.de\/#organization","name":"vozolvapen","url":"https:\/\/vozolvapen.de\/","logo":{"@type":"ImageObject","inLanguage":"pl-PL","@id":"https:\/\/vozolvapen.de\/#\/schema\/logo\/image\/","url":"https:\/\/vozolvapen.de\/wp-content\/uploads\/2025\/12\/cropped-vozovapen-logo.webp","contentUrl":"https:\/\/vozolvapen.de\/wp-content\/uploads\/2025\/12\/cropped-vozovapen-logo.webp","width":470,"height":110,"caption":"vozolvapen"},"image":{"@id":"https:\/\/vozolvapen.de\/#\/schema\/logo\/image\/"}}]}},"tiered_pricing_type":"fixed","tiered_pricing_fixed_rules":{"30":"14.6","50":"12.6","100":"11.6","200":"11.1"},"tiered_pricing_product_settings":{"layout":"default","base_unit_name":{"singular":null,"plural":null},"default_variation":{}},"tiered_pricing_minimum_quantity":10,"tiered_pricing_roles_data":[],"tiered_pricing_percentage_rules":[],"tiered_pricing_maximum_quantity":null,"tiered_pricing_quantity_step":"10","_links":{"self":[{"href":"http:\/\/vozolvapen.de\/pl\/wp-json\/wp\/v2\/product\/66691","targetHints":{"allow":["GET"]}}],"collection":[{"href":"http:\/\/vozolvapen.de\/pl\/wp-json\/wp\/v2\/product"}],"about":[{"href":"http:\/\/vozolvapen.de\/pl\/wp-json\/wp\/v2\/types\/product"}],"replies":[{"embeddable":true,"href":"http:\/\/vozolvapen.de\/pl\/wp-json\/wp\/v2\/comments?post=66691"}],"wp:featuredmedia":[{"embeddable":true,"href":"http:\/\/vozolvapen.de\/pl\/wp-json\/wp\/v2\/media\/48131"}],"wp:attachment":[{"href":"http:\/\/vozolvapen.de\/pl\/wp-json\/wp\/v2\/media?parent=66691"}],"wp:term":[{"taxonomy":"product_brand","embeddable":true,"href":"http:\/\/vozolvapen.de\/pl\/wp-json\/wp\/v2\/product_brand?post=66691"},{"taxonomy":"product_cat","embeddable":true,"href":"http:\/\/vozolvapen.de\/pl\/wp-json\/wp\/v2\/product_cat?post=66691"},{"taxonomy":"product_tag","embeddable":true,"href":"http:\/\/vozolvapen.de\/pl\/wp-json\/wp\/v2\/product_tag?post=66691"}],"curies":[{"name":"wp","href":"https:\/\/api.w.org\/{rel}","templated":true}]}}