{"id":66806,"date":"2026-02-24T07:31:43","date_gmt":"2026-02-24T07:31:43","guid":{"rendered":"https:\/\/vozolvapen.de\/?post_type=product&#038;p=66806"},"modified":"2026-02-24T10:02:51","modified_gmt":"2026-02-24T10:02:51","slug":"bang-blaze-100000-100k-puffs-disposable-vape-6-in-1-flavors-eu-warehouse-wholesale","status":"publish","type":"product","link":"http:\/\/vozolvapen.de\/pl\/product\/bang-blaze-100000-100k-puffs-disposable-vape-6-in-1-flavors-eu-warehouse-wholesale\/","title":{"rendered":"Bang Blaze 100000 100k Puffs Jednorazowe Vape | 6 w 1 Smaki | Hurtownia UE"},"content":{"rendered":"<p><strong data-start=\"86\" data-end=\"111\">Bang Blaze 100K Puffs<\/strong> to vape 100k nowej generacji stworzony z my\u015bl\u0105 o u\u017cytkownikach wymagaj\u0105cych ekstremalnej trwa\u0142o\u015bci, prze\u0142\u0105czania wielu smak\u00f3w i stabilnej wydajno\u015bci. <strong data-start=\"244\" data-end=\"267\">do 100 000 zaci\u0105gni\u0119\u0107<\/strong>, Potr\u00f3jne zbiorniki na olej i 6 tryb\u00f3w smakowych, Bang 100k zapewnia elastyczne i pot\u0119\u017cne doznania puff 100k w jednym inteligentnym urz\u0105dzeniu.Je\u015bli szukasz <strong data-start=\"417\" data-end=\"479\">Bang Blaze 100000, puff 100000 tiri, 100k puff, bang puffs<\/strong>, Model ten zosta\u0142 zaprojektowany z my\u015bl\u0105 o du\u017cych ilo\u015bciach i wysokiej satysfakcji z u\u017cytkowania.<\/p>\n\n\n\n<h2 class=\"wp-block-heading\" id=\"h-bang-blaze-100000-product-specifications\">Specyfikacja produktu \ud83d\udd27Bang Blaze 100000<\/h2>\n\n\n\n<figure class=\"wp-block-table is-style-stripes\"><table class=\"has-fixed-layout\"><thead><tr><th>Parametr<\/th><th>Szczeg\u00f3\u0142y<\/th><\/tr><\/thead><tbody><tr><td>Nazwa produktu<\/td><td>Bang Blaze 100K Puffs<\/td><\/tr><tr><td>Puff Count<\/td><td>Do 100 000 zaci\u0105gni\u0119\u0107<\/td><\/tr><tr><td>Si\u0142a nikotyny<\/td><td>0% \/ 2% \/ 3% \/ 5%<\/td><\/tr><tr><td>System zbiornik\u00f3w oleju<\/td><td>3 zbiorniki (potr\u00f3jny smak)<\/td><\/tr><tr><td>Tryby smaku<\/td><td>A \/ B \/ C \/ A+B \/ A+C \/ B+C<\/td><\/tr><tr><td>Bateria<\/td><td>Akumulator 850 mAh<\/td><\/tr><tr><td>Port \u0142adowania<\/td><td>Typ-C<\/td><\/tr><tr><td>Cewka<\/td><td>Cewka z potr\u00f3jn\u0105 siatk\u0105<\/td><\/tr><tr><td>Ekran<\/td><td>Wy\u015bwietlacz LED<\/td><\/tr><tr><td>Opakowanie<\/td><td>10 sztuk \/ opakowanie<\/td><\/tr><tr><td>Opcje smakowe<\/td><td>Seria 10 (konstrukcja potr\u00f3jna)<\/td><\/tr><\/tbody><\/table><\/figure>\n\n\n\n<h2 class=\"wp-block-heading\" id=\"h-bang-blaze-100000-triple-flavor-collection-10-premium-series\">\u2b50Bang Blaze 100000 Triple Flavor Collection - 10 produkt\u00f3w z serii Premium<\/h2>\n\n\n\n<p>Ka\u017cdy zestaw Bang Blaze 100000 zawiera <strong data-start=\"1135\" data-end=\"1162\">3 wbudowane zbiorniki aromatu<\/strong>, umo\u017cliwiaj\u0105c u\u017cytkownikom prze\u0142\u0105czanie mi\u0119dzy pojedyncz\u0105 lub podw\u00f3jn\u0105 kombinacj\u0105.<\/p>\n\n\n\n<h3 class=\"wp-block-heading\" id=\"h-1-watermelon-ice-series\">1\ufe0f\u20e3 Seria Watermelon Ice<\/h3>\n\n\n\n<p>Watermelon Ice \/ Strawberry Mamba \/ Strawberry Watermelon<br data-start=\"1316\" data-end=\"1319\">\u015awie\u017ce, s\u0142odkie i gotowe na lato mieszanki owoc\u00f3w.<\/p>\n\n\n\n<h3 class=\"wp-block-heading\" id=\"h-2-fuji-apple-series\">2\ufe0f\u20e3 Fuji Apple Series<\/h3>\n\n\n\n<p>Fuji Ice \/ Apple Grape \/ Cherry Pomegranate<br data-start=\"1436\" data-end=\"1439\">Chrupi\u0105ca baza jab\u0142kowa z soczystymi nutami jag\u00f3d i cierpkich owoc\u00f3w.<\/p>\n\n\n\n<h3 class=\"wp-block-heading\" id=\"h-3-blueberry-fusion-series\">3\ufe0f\u20e3 Seria Blueberry Fusion<\/h3>\n\n\n\n<p>Blueberry Ice \/ Raspberry Lemon \/ Watermelon Bubblegum<br data-start=\"1590\" data-end=\"1593\">S\u0142odkie jagodowe tony z ch\u0142odz\u0105cym i cukierkowym wyko\u0144czeniem.<\/p>\n\n\n\n<h3 class=\"wp-block-heading\" id=\"h-4-tropical-berry-mix\">4\ufe0f\u20e3 Tropical Berry Mix<\/h3>\n\n\n\n<p>Jagody Maliny \/ Kwa\u015bne Ananasy Pomara\u0144cze \/ Maliny Arbuzy<br data-start=\"1749\" data-end=\"1752\">S\u0142odko-kwa\u015bna eksplozja owoc\u00f3w tropikalnych.<\/p>\n\n\n\n<h3 class=\"wp-block-heading\" id=\"h-5-grape-amp-mango-series\">5\ufe0f\u20e3 Seria Grape &amp; Mango<\/h3>\n\n\n\n<p>L\u00f3d winogronowy \/ Brzoskwinia z mango \/ Arbuz z jagodami<br data-start=\"1867\" data-end=\"1870\">Zr\u00f3wnowa\u017cona owocowa s\u0142odycz z lodowatym winogronowym finiszem.<\/p>\n\n\n\n<h3 class=\"wp-block-heading\" id=\"h-6-passion-fruit-blend\">6\ufe0f\u20e3 Passion Fruit Blend<\/h3>\n\n\n\n<p>Strawberry Ice \/ Peach Lemon \/ Kiwi Passion Fruit Guava<br data-start=\"2004\" data-end=\"2007\">Egzotyczne i orze\u017awiaj\u0105ce tropikalne po\u0142\u0105czenie.<\/p>\n\n\n\n<h3 class=\"wp-block-heading\" id=\"h-7-energy-tropical-series\">7\ufe0f\u20e3 Energy Tropical Series<\/h3>\n\n\n\n<p>Ananasowy kokos \/ Jagodowy Red Bull \/ Arbuzowy l\u00f3d<br data-start=\"2140\" data-end=\"2143\">Kremowy tropikalny nap\u00f3j energetyczny.<\/p>\n\n\n\n<h3 class=\"wp-block-heading\" id=\"h-8-berry-cream-collection\">8\ufe0f\u20e3 Berry Cream Collection<\/h3>\n\n\n\n<p>Truskawka z kiwi \/ Jagoda z kokosem \/ Mieszanka jag\u00f3d<br data-start=\"2272\" data-end=\"2275\">G\u0142adka jagodowa warstwa z kremow\u0105 g\u0142\u0119bi\u0105.<\/p>\n\n\n\n<h3 class=\"wp-block-heading\" id=\"h-9-menthol-fusion\">9\ufe0f\u20e3 Menthol Fusion<\/h3>\n\n\n\n<p>Lemon Romance \/ Blueberry Raspberry \/ Peach Menthol<br data-start=\"2393\" data-end=\"2396\">Jasne cytrusy z ch\u0142odz\u0105cym mentolowym akcentem.<\/p>\n\n\n\n<h3 class=\"wp-block-heading\" id=\"h-ice-fruit-mix\">Lodowa mieszanka owocowa<\/h3>\n\n\n\n<p>Peach Ice \/ Blackcurrant Pineapple Ice \/ Green Apple Kiwi<br data-start=\"2519\" data-end=\"2522\">\u015awie\u017ca cierpko\u015b\u0107 zielonego jab\u0142ka zmieszana ze s\u0142odkimi lodowymi owocami.<\/p>\n\n\n\n<p>U\u017cytkownicy mog\u0105 prze\u0142\u0105cza\u0107 si\u0119 mi\u0119dzy A, B, C lub \u0142\u0105czy\u0107 A + B \/ A + C \/ B + C w celu dostosowania intensywno\u015bci smaku.<\/p>\n\n\n\n<h2 class=\"wp-block-heading\" id=\"h-performance-amp-experience\">Wydajno\u015b\u0107 i do\u015bwiadczenie<\/h2>\n\n\n\n<h3 class=\"wp-block-heading\" id=\"h-850mah-rechargeable-battery\">Akumulator o pojemno\u015bci 850 mAh<\/h3>\n\n\n\n<p>Akumulator o du\u017cej pojemno\u015bci zapewnia stabiln\u0105 moc wyj\u015bciow\u0105 w d\u0142ugich cyklach u\u017cytkowania.<\/p>\n\n\n\n<h3 class=\"wp-block-heading\" id=\"h-triple-mesh-coil-technology\">Technologia cewki z potr\u00f3jn\u0105 siatk\u0105<\/h3>\n\n\n\n<p>Dostarcza:<\/p>\n\n\n\n<ul class=\"wp-block-list\">\n<li><p data-start=\"2883\" data-end=\"2899\">Szybsze nagrzewanie<\/p><\/li>\n\n\n\n<li><p data-start=\"2902\" data-end=\"2929\">Zwi\u0119kszona produkcja pary<\/p><\/li>\n\n\n\n<li><p data-start=\"2932\" data-end=\"2961\">Silniejsze przywracanie smaku<\/p><\/li>\n\n\n\n<li><p data-start=\"2964\" data-end=\"2985\">\u0141agodniejsze uderzenie w gard\u0142o<\/p><\/li>\n<\/ul>\n\n\n\n<h3 class=\"wp-block-heading\" id=\"h-led-smart-display\">Inteligentny wy\u015bwietlacz LED<\/h3>\n\n\n\n<p>Wyra\u017anie pokazuje stan baterii i poziom zu\u017cycia - bez zgadywania, bez suchych trafie\u0144.<\/p>\n\n\n\n<h3 class=\"wp-block-heading\" id=\"h-6-flavor-modes\">6 tryb\u00f3w smaku<\/h3>\n\n\n\n<p>W przeciwie\u0144stwie do standardowych urz\u0105dze\u0144 100k puff, Bang Blaze 100k daje u\u017cytkownikom pe\u0142n\u0105 kontrol\u0119 nad mieszaniem pojedynczych lub podw\u00f3jnych smak\u00f3w.<\/p>\n\n\n\n<p>To nie tylko urz\u0105dzenie puff 100k - to konfigurowalny system vape 100k.<\/p>\n\n\n\n<h2 class=\"wp-block-heading\" id=\"h-wholesale-amp-b2b-supply-bang-100k-bulk-orders\">Zaopatrzenie hurtowe i B2B - zam\u00f3wienia hurtowe Bang 100K<\/h2>\n\n\n\n<p>Zapewniamy profesjonalne wsparcie hurtowe dla Bang Blaze 100000:<\/p>\n\n\n\n<ul class=\"wp-block-list\">\n<li><p data-start=\"3428\" data-end=\"3445\">10 sztuk w opakowaniu<\/p><\/li>\n\n\n\n<li><p data-start=\"3448\" data-end=\"3471\">Stabilne dostawy fabryczne<\/p><\/li>\n\n\n\n<li><p data-start=\"3474\" data-end=\"3511\">Dost\u0119pnych jest wiele opcji nikotyny<\/p><\/li>\n\n\n\n<li><p data-start=\"3514\" data-end=\"3543\">Obs\u0142uga karton\u00f3w o mieszanych smakach<\/p><\/li>\n\n\n\n<li><p data-start=\"3546\" data-end=\"3592\">Szybka wysy\u0142ka magazynowa (UE \/ mi\u0119dzynarodowa)<\/p><\/li>\n\n\n\n<li><p data-start=\"3595\" data-end=\"3628\">Dost\u0119pne zapytanie o mark\u0119 w\u0142asn\u0105<\/p><\/li>\n<\/ul>\n\n\n\n<p>Je\u015bli jeste\u015b dystrybutorem szukaj\u0105cym <strong data-start=\"3667\" data-end=\"3708\">Jednorazowe modele Bang 100k z wysokim poziomem dmuchania<\/strong>, Ten produkt oferuje:<\/p>\n\n\n\n<p>Wysoka mar\u017ca odsprzeda\u017cy<br data-start=\"3752\" data-end=\"3755\">D\u0142ugotrwa\u0142y cykl u\u017cytkowania przez klienta<br data-start=\"3790\" data-end=\"3793\">Silna wizualna atrakcyjno\u015b\u0107 na p\u00f3\u0142ce<br data-start=\"3821\" data-end=\"3824\">\u2714 Trending 100k puff demand<\/p>\n\n\n\n<p>Skontaktuj si\u0119 z nami w sprawie cen hurtowych i szczeg\u00f3\u0142\u00f3w MOQ.<\/p>\n\n\n\n<hr class=\"wp-block-separator has-alpha-channel-opacity\"\/>\n\n\n\n<h2 class=\"wp-block-heading\" id=\"h-faq-bang-blaze-100k\">FAQ - Bang Blaze 100K<\/h2>\n\n\n\n<p><strong data-start=\"3934\" data-end=\"3981\">P1: Czy Bang Blaze 100K to rzeczywi\u015bcie 100000 zaci\u0105gni\u0119\u0107?<\/strong><br data-start=\"3981\" data-end=\"3984\">W standardowych warunkach testowych zapewnia do 100 tysi\u0119cy zaci\u0105gni\u0119\u0107, w zale\u017cno\u015bci od nawyk\u00f3w u\u017cytkowania.<\/p>\n\n\n\n<p><strong data-start=\"4076\" data-end=\"4102\">P2: Czy mog\u0119 miesza\u0107 smaki?<\/strong><br data-start=\"4102\" data-end=\"4105\">Tak. Mo\u017cesz prze\u0142\u0105cza\u0107 si\u0119 mi\u0119dzy A, B, C lub \u0142\u0105czy\u0107 A+B, A+C, B+C.<\/p>\n\n\n\n<p><strong data-start=\"4168\" data-end=\"4204\">P3: Czy bateri\u0119 mo\u017cna \u0142adowa\u0107?<\/strong><br data-start=\"4204\" data-end=\"4207\">Tak, ma bateri\u0119 850 mAh z szybkim \u0142adowaniem typu C.<\/p>\n\n\n\n<p><strong data-start=\"4270\" data-end=\"4316\">P4: Jakie moce nikotyny s\u0105 dost\u0119pne?<\/strong><br data-start=\"4316\" data-end=\"4319\">0%, 2%, 3% i 5%.<\/p>\n\n\n\n<p><strong data-start=\"4340\" data-end=\"4397\">P5: Czym r\u00f3\u017cni si\u0119 od innych modeli puf Bang?<\/strong><br data-start=\"4397\" data-end=\"4400\">Potr\u00f3jny zbiornik + potr\u00f3jna cewka siatkowa + tryby mieszania smak\u00f3w sprawiaj\u0105, \u017ce Bang Blaze 100000 jest bardziej wszechstronny ni\u017c standardowe urz\u0105dzenia vape 100k.<\/p>","protected":false},"excerpt":{"rendered":"<div class=\"flex flex-col text-sm pb-25\">\n<article class=\"text-token-text-primary w-full focus:outline-none [--shadow-height:45px] has-data-writing-block:pointer-events-none has-data-writing-block:-mt-(--shadow-height) has-data-writing-block:pt-(--shadow-height) [&amp;:has([data-writing-block])&gt;*]:pointer-events-auto scroll-mt-[calc(var(--header-height)+min(200px,max(70px,20svh)))]\" dir=\"auto\" tabindex=\"-1\" data-turn-id=\"request-WEB:9f2eb835-b96f-43d8-9e85-3267051ed8f8-3\" data-testid=\"conversation-turn-8\" data-scroll-anchor=\"true\" data-turn=\"assistant\">\n<div class=\"text-base my-auto mx-auto pb-10 [--thread-content-margin:--spacing(4)] @w-sm\/main:[--thread-content-margin:--spacing(6)] @w-lg\/main:[--thread-content-margin:--spacing(16)] px-(--thread-content-margin)\">\n<div class=\"[--thread-content-max-width:40rem] @w-lg\/main:[--thread-content-max-width:48rem] mx-auto max-w-(--thread-content-max-width) flex-1 group\/turn-messages focus-visible:outline-hidden relative flex w-full min-w-0 flex-col agent-turn\" tabindex=\"-1\">\n<div class=\"flex max-w-full flex-col grow\">\n<div class=\"min-h-8 text-message relative flex w-full flex-col items-end gap-2 text-start break-words whitespace-normal [.text-message+&amp;]:mt-1\" dir=\"auto\" data-message-author-role=\"assistant\" data-message-id=\"bdff1603-7cb7-46a9-99d0-1b6ae0284651\" data-message-model-slug=\"gpt-5-2\">\n<div class=\"flex w-full flex-col gap-1 empty:hidden first:pt-[1px]\">\n<div class=\"markdown prose dark:prose-invert w-full wrap-break-word light markdown-new-styling\">\n<p data-start=\"0\" data-end=\"181\" data-is-last-node=\"\" data-is-only-node=\"\">Bang Blaze 100K Puffs features up to 100,000 puffs, triple flavor tanks, 6 flavor modes, and an 850mAh rechargeable battery. Available in 0%\u20135% nicotine, ideal for wholesale supply.<\/p>\n<\/div>\n<\/div>\n<\/div>\n<\/div>\n<\/div>\n<\/div>\n<\/article>\n<\/div>\n","protected":false},"featured_media":66807,"comment_status":"open","ping_status":"closed","template":"","meta":{"_acf_changed":false},"product_brand":[],"product_cat":[53],"product_tag":[],"class_list":{"0":"post-66806","1":"product","2":"type-product","3":"status-publish","4":"has-post-thumbnail","6":"product_cat-bang-vape","8":"first","9":"instock","10":"shipping-taxable","11":"purchasable","12":"product-type-variable"},"acf":[],"yoast_head":"<!-- This site is optimized with the Yoast SEO Premium plugin v26.1 (Yoast SEO v27.5) - https:\/\/yoast.com\/product\/yoast-seo-premium-wordpress\/ -->\n<title>Bang Blaze 100K Puffs \u2013 Bang 100000 Puff Triple Tank 100k Vape - vozolvapen<\/title>\n<meta name=\"description\" content=\"Shop Bang Blaze 100K Puffs with up to 100,000 puffs, triple flavor tanks, 6 flavor modes, LED screen and rechargeable 850mAh battery. Available in 0%\u20135% nicotine. Wholesale Bang 100k supported.\" \/>\n<meta name=\"robots\" content=\"index, follow, max-snippet:-1, max-image-preview:large, max-video-preview:-1\" \/>\n<link rel=\"canonical\" href=\"https:\/\/vozolvapen.de\/pl\/product\/bang-blaze-100000-100k-puffs-disposable-vape-6-in-1-flavors-eu-warehouse-wholesale\/\" \/>\n<meta property=\"og:locale\" content=\"pl_PL\" \/>\n<meta property=\"og:type\" content=\"article\" \/>\n<meta property=\"og:title\" content=\"Bang Blaze 100000 100k Puffs Disposable Vape | 6 in 1 Flavors | EU Warehouse Wholesale\" \/>\n<meta property=\"og:description\" content=\"Shop Bang Blaze 100K Puffs with up to 100,000 puffs, triple flavor tanks, 6 flavor modes, LED screen and rechargeable 850mAh battery. Available in 0%\u20135% nicotine. Wholesale Bang 100k supported.\" \/>\n<meta property=\"og:url\" content=\"https:\/\/vozolvapen.de\/pl\/product\/bang-blaze-100000-100k-puffs-disposable-vape-6-in-1-flavors-eu-warehouse-wholesale\/\" \/>\n<meta property=\"og:site_name\" content=\"vozolvapen\" \/>\n<meta property=\"article:modified_time\" content=\"2026-02-24T10:02:51+00:00\" \/>\n<meta property=\"og:image\" content=\"https:\/\/vozolvapen.de\/wp-content\/uploads\/2026\/02\/Bang-100k-Bang-Blaze-100000-Puff-2.webp\" \/>\n\t<meta property=\"og:image:width\" content=\"1200\" \/>\n\t<meta property=\"og:image:height\" content=\"1200\" \/>\n\t<meta property=\"og:image:type\" content=\"image\/webp\" \/>\n<meta name=\"twitter:card\" content=\"summary_large_image\" \/>\n<meta name=\"twitter:label1\" content=\"Szacowany czas czytania\" \/>\n\t<meta name=\"twitter:data1\" content=\"4 minuty\" \/>\n<script type=\"application\/ld+json\" class=\"yoast-schema-graph\">{\"@context\":\"https:\\\/\\\/schema.org\",\"@graph\":[{\"@type\":\"WebPage\",\"@id\":\"https:\\\/\\\/vozolvapen.de\\\/product\\\/bang-blaze-100000-100k-puffs-disposable-vape-6-in-1-flavors-eu-warehouse-wholesale\\\/\",\"url\":\"https:\\\/\\\/vozolvapen.de\\\/product\\\/bang-blaze-100000-100k-puffs-disposable-vape-6-in-1-flavors-eu-warehouse-wholesale\\\/\",\"name\":\"Bang Blaze 100K Puffs \u2013 Bang 100000 Puff Triple Tank 100k Vape - vozolvapen\",\"isPartOf\":{\"@id\":\"https:\\\/\\\/vozolvapen.de\\\/#website\"},\"primaryImageOfPage\":{\"@id\":\"https:\\\/\\\/vozolvapen.de\\\/product\\\/bang-blaze-100000-100k-puffs-disposable-vape-6-in-1-flavors-eu-warehouse-wholesale\\\/#primaryimage\"},\"image\":{\"@id\":\"https:\\\/\\\/vozolvapen.de\\\/product\\\/bang-blaze-100000-100k-puffs-disposable-vape-6-in-1-flavors-eu-warehouse-wholesale\\\/#primaryimage\"},\"thumbnailUrl\":\"https:\\\/\\\/vozolvapen.de\\\/wp-content\\\/uploads\\\/2026\\\/02\\\/Bang-100k-Bang-Blaze-100000-Puff-2.webp\",\"datePublished\":\"2026-02-24T07:31:43+00:00\",\"dateModified\":\"2026-02-24T10:02:51+00:00\",\"description\":\"Shop Bang Blaze 100K Puffs with up to 100,000 puffs, triple flavor tanks, 6 flavor modes, LED screen and rechargeable 850mAh battery. Available in 0%\u20135% nicotine. Wholesale Bang 100k supported.\",\"breadcrumb\":{\"@id\":\"https:\\\/\\\/vozolvapen.de\\\/product\\\/bang-blaze-100000-100k-puffs-disposable-vape-6-in-1-flavors-eu-warehouse-wholesale\\\/#breadcrumb\"},\"inLanguage\":\"pl-PL\",\"potentialAction\":[{\"@type\":\"ReadAction\",\"target\":[\"https:\\\/\\\/vozolvapen.de\\\/product\\\/bang-blaze-100000-100k-puffs-disposable-vape-6-in-1-flavors-eu-warehouse-wholesale\\\/\"]}]},{\"@type\":\"ImageObject\",\"inLanguage\":\"pl-PL\",\"@id\":\"https:\\\/\\\/vozolvapen.de\\\/product\\\/bang-blaze-100000-100k-puffs-disposable-vape-6-in-1-flavors-eu-warehouse-wholesale\\\/#primaryimage\",\"url\":\"https:\\\/\\\/vozolvapen.de\\\/wp-content\\\/uploads\\\/2026\\\/02\\\/Bang-100k-Bang-Blaze-100000-Puff-2.webp\",\"contentUrl\":\"https:\\\/\\\/vozolvapen.de\\\/wp-content\\\/uploads\\\/2026\\\/02\\\/Bang-100k-Bang-Blaze-100000-Puff-2.webp\",\"width\":1200,\"height\":1200,\"caption\":\"Bang 100k Bang Blaze 100000 Puff (2)\"},{\"@type\":\"BreadcrumbList\",\"@id\":\"https:\\\/\\\/vozolvapen.de\\\/product\\\/bang-blaze-100000-100k-puffs-disposable-vape-6-in-1-flavors-eu-warehouse-wholesale\\\/#breadcrumb\",\"itemListElement\":[{\"@type\":\"ListItem\",\"position\":1,\"name\":\"Home\",\"item\":\"https:\\\/\\\/vozolvapen.de\\\/de\\\/\"},{\"@type\":\"ListItem\",\"position\":2,\"name\":\"Shop\",\"item\":\"https:\\\/\\\/vozolvapen.de\\\/shop\\\/\"},{\"@type\":\"ListItem\",\"position\":3,\"name\":\"Bang Blaze 100000 100k Puffs Disposable Vape | 6 in 1 Flavors | EU Warehouse Wholesale\"}]},{\"@type\":\"WebSite\",\"@id\":\"https:\\\/\\\/vozolvapen.de\\\/#website\",\"url\":\"https:\\\/\\\/vozolvapen.de\\\/\",\"name\":\"vozolvapen\",\"description\":\"vozolvapen\",\"publisher\":{\"@id\":\"https:\\\/\\\/vozolvapen.de\\\/#organization\"},\"potentialAction\":[{\"@type\":\"SearchAction\",\"target\":{\"@type\":\"EntryPoint\",\"urlTemplate\":\"https:\\\/\\\/vozolvapen.de\\\/?s={search_term_string}\"},\"query-input\":{\"@type\":\"PropertyValueSpecification\",\"valueRequired\":true,\"valueName\":\"search_term_string\"}}],\"inLanguage\":\"pl-PL\"},{\"@type\":\"Organization\",\"@id\":\"https:\\\/\\\/vozolvapen.de\\\/#organization\",\"name\":\"vozolvapen\",\"url\":\"https:\\\/\\\/vozolvapen.de\\\/\",\"logo\":{\"@type\":\"ImageObject\",\"inLanguage\":\"pl-PL\",\"@id\":\"https:\\\/\\\/vozolvapen.de\\\/#\\\/schema\\\/logo\\\/image\\\/\",\"url\":\"https:\\\/\\\/vozolvapen.de\\\/wp-content\\\/uploads\\\/2025\\\/12\\\/cropped-vozovapen-logo.webp\",\"contentUrl\":\"https:\\\/\\\/vozolvapen.de\\\/wp-content\\\/uploads\\\/2025\\\/12\\\/cropped-vozovapen-logo.webp\",\"width\":470,\"height\":110,\"caption\":\"vozolvapen\"},\"image\":{\"@id\":\"https:\\\/\\\/vozolvapen.de\\\/#\\\/schema\\\/logo\\\/image\\\/\"}}]}<\/script>\n<!-- \/ Yoast SEO Premium plugin. -->","yoast_head_json":{"title":"Bang Blaze 100K Puffs - Bang 100000 Puff Triple Tank 100k Vape - vozolvapen","description":"Kup Bang Blaze 100K Puffs z maksymalnie 100 000 zaci\u0105gni\u0119\u0107, potr\u00f3jnymi zbiornikami smakowymi, 6 trybami smakowymi, ekranem LED i akumulatorem 850 mAh. Dost\u0119pny w wersjach nikotynowych 0%-5%. Obs\u0142ugiwana sprzeda\u017c hurtowa Bang 100k.","robots":{"index":"index","follow":"follow","max-snippet":"max-snippet:-1","max-image-preview":"max-image-preview:large","max-video-preview":"max-video-preview:-1"},"canonical":"https:\/\/vozolvapen.de\/pl\/product\/bang-blaze-100000-100k-puffs-disposable-vape-6-in-1-flavors-eu-warehouse-wholesale\/","og_locale":"pl_PL","og_type":"article","og_title":"Bang Blaze 100000 100k Puffs Disposable Vape | 6 in 1 Flavors | EU Warehouse Wholesale","og_description":"Shop Bang Blaze 100K Puffs with up to 100,000 puffs, triple flavor tanks, 6 flavor modes, LED screen and rechargeable 850mAh battery. Available in 0%\u20135% nicotine. Wholesale Bang 100k supported.","og_url":"https:\/\/vozolvapen.de\/pl\/product\/bang-blaze-100000-100k-puffs-disposable-vape-6-in-1-flavors-eu-warehouse-wholesale\/","og_site_name":"vozolvapen","article_modified_time":"2026-02-24T10:02:51+00:00","og_image":[{"width":1200,"height":1200,"url":"https:\/\/vozolvapen.de\/wp-content\/uploads\/2026\/02\/Bang-100k-Bang-Blaze-100000-Puff-2.webp","type":"image\/webp"}],"twitter_card":"summary_large_image","twitter_misc":{"Szacowany czas czytania":"4 minuty"},"schema":{"@context":"https:\/\/schema.org","@graph":[{"@type":"WebPage","@id":"https:\/\/vozolvapen.de\/product\/bang-blaze-100000-100k-puffs-disposable-vape-6-in-1-flavors-eu-warehouse-wholesale\/","url":"https:\/\/vozolvapen.de\/product\/bang-blaze-100000-100k-puffs-disposable-vape-6-in-1-flavors-eu-warehouse-wholesale\/","name":"Bang Blaze 100K Puffs - Bang 100000 Puff Triple Tank 100k Vape - vozolvapen","isPartOf":{"@id":"https:\/\/vozolvapen.de\/#website"},"primaryImageOfPage":{"@id":"https:\/\/vozolvapen.de\/product\/bang-blaze-100000-100k-puffs-disposable-vape-6-in-1-flavors-eu-warehouse-wholesale\/#primaryimage"},"image":{"@id":"https:\/\/vozolvapen.de\/product\/bang-blaze-100000-100k-puffs-disposable-vape-6-in-1-flavors-eu-warehouse-wholesale\/#primaryimage"},"thumbnailUrl":"https:\/\/vozolvapen.de\/wp-content\/uploads\/2026\/02\/Bang-100k-Bang-Blaze-100000-Puff-2.webp","datePublished":"2026-02-24T07:31:43+00:00","dateModified":"2026-02-24T10:02:51+00:00","description":"Kup Bang Blaze 100K Puffs z maksymalnie 100 000 zaci\u0105gni\u0119\u0107, potr\u00f3jnymi zbiornikami smakowymi, 6 trybami smakowymi, ekranem LED i akumulatorem 850 mAh. Dost\u0119pny w wersjach nikotynowych 0%-5%. Obs\u0142ugiwana sprzeda\u017c hurtowa Bang 100k.","breadcrumb":{"@id":"https:\/\/vozolvapen.de\/product\/bang-blaze-100000-100k-puffs-disposable-vape-6-in-1-flavors-eu-warehouse-wholesale\/#breadcrumb"},"inLanguage":"pl-PL","potentialAction":[{"@type":"ReadAction","target":["https:\/\/vozolvapen.de\/product\/bang-blaze-100000-100k-puffs-disposable-vape-6-in-1-flavors-eu-warehouse-wholesale\/"]}]},{"@type":"ImageObject","inLanguage":"pl-PL","@id":"https:\/\/vozolvapen.de\/product\/bang-blaze-100000-100k-puffs-disposable-vape-6-in-1-flavors-eu-warehouse-wholesale\/#primaryimage","url":"https:\/\/vozolvapen.de\/wp-content\/uploads\/2026\/02\/Bang-100k-Bang-Blaze-100000-Puff-2.webp","contentUrl":"https:\/\/vozolvapen.de\/wp-content\/uploads\/2026\/02\/Bang-100k-Bang-Blaze-100000-Puff-2.webp","width":1200,"height":1200,"caption":"Bang 100k Bang Blaze 100000 Puff (2)"},{"@type":"BreadcrumbList","@id":"https:\/\/vozolvapen.de\/product\/bang-blaze-100000-100k-puffs-disposable-vape-6-in-1-flavors-eu-warehouse-wholesale\/#breadcrumb","itemListElement":[{"@type":"ListItem","position":1,"name":"Home","item":"https:\/\/vozolvapen.de\/de\/"},{"@type":"ListItem","position":2,"name":"Shop","item":"https:\/\/vozolvapen.de\/shop\/"},{"@type":"ListItem","position":3,"name":"Bang Blaze 100000 100k Puffs Disposable Vape | 6 in 1 Flavors | EU Warehouse Wholesale"}]},{"@type":"WebSite","@id":"https:\/\/vozolvapen.de\/#website","url":"https:\/\/vozolvapen.de\/","name":"vozolvapen","description":"vozolvapen","publisher":{"@id":"https:\/\/vozolvapen.de\/#organization"},"potentialAction":[{"@type":"SearchAction","target":{"@type":"EntryPoint","urlTemplate":"https:\/\/vozolvapen.de\/?s={search_term_string}"},"query-input":{"@type":"PropertyValueSpecification","valueRequired":true,"valueName":"search_term_string"}}],"inLanguage":"pl-PL"},{"@type":"Organization","@id":"https:\/\/vozolvapen.de\/#organization","name":"vozolvapen","url":"https:\/\/vozolvapen.de\/","logo":{"@type":"ImageObject","inLanguage":"pl-PL","@id":"https:\/\/vozolvapen.de\/#\/schema\/logo\/image\/","url":"https:\/\/vozolvapen.de\/wp-content\/uploads\/2025\/12\/cropped-vozovapen-logo.webp","contentUrl":"https:\/\/vozolvapen.de\/wp-content\/uploads\/2025\/12\/cropped-vozovapen-logo.webp","width":470,"height":110,"caption":"vozolvapen"},"image":{"@id":"https:\/\/vozolvapen.de\/#\/schema\/logo\/image\/"}}]}},"tiered_pricing_type":"fixed","tiered_pricing_fixed_rules":{"30":"14.18","50":"10.93","100":"9.9","200":"9.07"},"tiered_pricing_product_settings":{"layout":"default","base_unit_name":{"singular":null,"plural":null},"default_variation":{}},"tiered_pricing_minimum_quantity":10,"tiered_pricing_roles_data":[],"tiered_pricing_percentage_rules":[],"tiered_pricing_maximum_quantity":null,"tiered_pricing_quantity_step":"10","_links":{"self":[{"href":"http:\/\/vozolvapen.de\/pl\/wp-json\/wp\/v2\/product\/66806","targetHints":{"allow":["GET"]}}],"collection":[{"href":"http:\/\/vozolvapen.de\/pl\/wp-json\/wp\/v2\/product"}],"about":[{"href":"http:\/\/vozolvapen.de\/pl\/wp-json\/wp\/v2\/types\/product"}],"replies":[{"embeddable":true,"href":"http:\/\/vozolvapen.de\/pl\/wp-json\/wp\/v2\/comments?post=66806"}],"wp:featuredmedia":[{"embeddable":true,"href":"http:\/\/vozolvapen.de\/pl\/wp-json\/wp\/v2\/media\/66807"}],"wp:attachment":[{"href":"http:\/\/vozolvapen.de\/pl\/wp-json\/wp\/v2\/media?parent=66806"}],"wp:term":[{"taxonomy":"product_brand","embeddable":true,"href":"http:\/\/vozolvapen.de\/pl\/wp-json\/wp\/v2\/product_brand?post=66806"},{"taxonomy":"product_cat","embeddable":true,"href":"http:\/\/vozolvapen.de\/pl\/wp-json\/wp\/v2\/product_cat?post=66806"},{"taxonomy":"product_tag","embeddable":true,"href":"http:\/\/vozolvapen.de\/pl\/wp-json\/wp\/v2\/product_tag?post=66806"}],"curies":[{"name":"wp","href":"https:\/\/api.w.org\/{rel}","templated":true}]}}