{"id":66900,"date":"2026-02-25T10:25:38","date_gmt":"2026-02-25T10:25:38","guid":{"rendered":"https:\/\/vozolvapen.de\/?post_type=product&#038;p=66900"},"modified":"2026-02-27T09:23:54","modified_gmt":"2026-02-27T09:23:54","slug":"razz-bar-40000-40k-puffs-disposable-vape-2-in-1-flavors-eu-warehouse-wholesale","status":"publish","type":"product","link":"http:\/\/vozolvapen.de\/pl\/product\/razz-bar-40000-40k-puffs-disposable-vape-2-in-1-flavors-eu-warehouse-wholesale\/","title":{"rendered":"Razz Bar 40000 40k Puffs Jednorazowe Vape | 2 w 1 Smaki | Hurtownia UE"},"content":{"rendered":"<div class=\"wp-block-group has-global-padding is-layout-constrained wp-block-group-is-layout-constrained\">\n<div class=\"wp-block-columns is-layout-flex wp-container-core-columns-is-layout-28f84493 wp-block-columns-is-layout-flex\">\n<div class=\"wp-block-column is-layout-flow wp-block-column-is-layout-flow\"><\/div>\n<\/div>\n<\/div>\n\n\n\n<p>Odkryj <strong>Razz Bar 40000<\/strong>, jednorazowy produkt vape o du\u017cej pojemno\u015bci <strong>do 40 000 zaci\u0105gni\u0119\u0107<\/strong> z podw\u00f3jn\u0105 wszechstronno\u015bci\u0105 smaku. Idealny do d\u0142ugotrwa\u0142ej przyjemno\u015bci <strong>Razz Bar 40k Vape<\/strong> \u0142\u0105czy w sobie ergonomiczn\u0105 konstrukcj\u0119, wygod\u0119 \u0142adowania i g\u0142adkie, aromatyczne uderzenia w ka\u017cdym zaci\u0105gni\u0119ciu.<\/p>\n\n\n\n<h2 class=\"wp-block-heading\" id=\"h-razz-bar-40000-core-product-specifications\">Razz Bar 40000 Core Specyfikacja produktu<\/h2>\n\n\n\n<ul class=\"wp-block-list\">\n<li><strong>Nazwa marki:<\/strong> Razz Bar<\/li>\n\n\n\n<li><strong>Numer modelu:<\/strong> Razz Bar 40000 Crystal<\/li>\n\n\n\n<li><strong>Puffy:<\/strong> Do 40 000<\/li>\n\n\n\n<li><strong>Smak:<\/strong> 10 podw\u00f3jnych kombinacji smakowych (2 w 1)<\/li>\n\n\n\n<li><strong>Pojemno\u015b\u0107 akumulatora:<\/strong> Akumulator 650 mAh<\/li>\n\n\n\n<li><strong>Pojemno\u015b\u0107 kapsu\u0142y:<\/strong> 30 ml wst\u0119pnie nape\u0142nionego e-liquidu<\/li>\n\n\n\n<li><strong>Typ cewki:<\/strong> Cewka Dual Mesh 1,0\u03a9<\/li>\n\n\n\n<li><strong>Poziom nikotyny:<\/strong> 0% (20 mg\/ml) \/ 2% (50 mg\/ml)<\/li>\n\n\n\n<li><strong>\u0141adowanie:<\/strong> Port USB typu C<\/li>\n\n\n\n<li><strong>Pakowanie:<\/strong> 10-pak vapes<\/li>\n\n\n\n<li><strong>Lokalizacja wysy\u0142ki:<\/strong> Magazyn europejski (dostawa w ci\u0105gu 1-3 dni)<\/li>\n<\/ul>\n\n\n\n<h2 class=\"wp-block-heading\" id=\"h-flavor-aggregation-module\">Modu\u0142 agregacji aromat\u00f3w<\/h2>\n\n\n\n<p><strong>Razz Bar 40000 Dual-Flavor Combos - 2 w 1 \u201cTwins\u201d Design<\/strong><br><\/p>\n\n\n\n<figure class=\"wp-block-table is-style-stripes\"><table class=\"has-fixed-layout\"><thead><tr><th>Combo #<\/th><th>Smak 1<\/th><th>Flavor 2<\/th><\/tr><\/thead><tbody><tr><td>1<\/td><td>Lemon Lime<\/td><td>Lush Ice<\/td><\/tr><tr><td>2<\/td><td>L\u00f3d truskawkowy<\/td><td>Jagody mieszane<\/td><\/tr><tr><td>3<\/td><td>Blue Razz Ice<\/td><td>Guma balonowa truskawkowo-arbuzowa<\/td><\/tr><tr><td>4<\/td><td>Jagody mieszane<\/td><td>Arbuzowy l\u00f3d<\/td><\/tr><tr><td>5<\/td><td>Banan truskawkowy<\/td><td>Red Bull Ice<\/td><\/tr><tr><td>6<\/td><td>L\u00f3d jagodowy<\/td><td>Love 66<\/td><\/tr><tr><td>7<\/td><td>L\u00f3d brzoskwiniowy<\/td><td>L\u00f3d jagodowy<\/td><\/tr><tr><td>8<\/td><td>Truskawka Kiwi<\/td><td>Kwa\u015bna malina z jagodami<\/td><\/tr><tr><td>9<\/td><td>Arbuzowy l\u00f3d<\/td><td>Cola Ice<\/td><\/tr><tr><td>10<\/td><td>Arbuz truskawkowy<\/td><td>L\u00f3d winogronowy<\/td><\/tr><\/tbody><\/table><\/figure>\n\n\n\n<p>Natychmiastowa zmiana smak\u00f3w poprzez <strong>obracanie ustnika<\/strong> - cieszy\u0107 si\u0119 <strong>dwa uzupe\u0142niaj\u0105ce si\u0119 smaki w jednym urz\u0105dzeniu<\/strong> bez konieczno\u015bci noszenia wielu vape.<\/p>\n\n\n\n<figure class=\"wp-block-image size-large\"><a href=\"https:\/\/vozolvapen.de\/wp-content\/uploads\/2026\/02\/Razz-bar-40000-40k-Puffs-2-in-1-Flavors-list-1.webp\" target=\"_blank\" rel=\"noopener noreferrer nofollow\"><img fetchpriority=\"high\" decoding=\"async\" width=\"1024\" height=\"1024\" src=\"https:\/\/vozolvapen.de\/wp-content\/uploads\/2026\/02\/Razz-bar-40000-40k-Puffs-2-in-1-Flavors-list-1-1024x1024.webp\" alt=\"\" class=\"wp-image-66941\" srcset=\"https:\/\/vozolvapen.de\/wp-content\/uploads\/2026\/02\/Razz-bar-40000-40k-Puffs-2-in-1-Flavors-list-1-1024x1024.webp 1024w, https:\/\/vozolvapen.de\/wp-content\/uploads\/2026\/02\/Razz-bar-40000-40k-Puffs-2-in-1-Flavors-list-1-300x300.webp 300w, https:\/\/vozolvapen.de\/wp-content\/uploads\/2026\/02\/Razz-bar-40000-40k-Puffs-2-in-1-Flavors-list-1-150x150.webp 150w, https:\/\/vozolvapen.de\/wp-content\/uploads\/2026\/02\/Razz-bar-40000-40k-Puffs-2-in-1-Flavors-list-1-768x768.webp 768w, https:\/\/vozolvapen.de\/wp-content\/uploads\/2026\/02\/Razz-bar-40000-40k-Puffs-2-in-1-Flavors-list-1-12x12.webp 12w, https:\/\/vozolvapen.de\/wp-content\/uploads\/2026\/02\/Razz-bar-40000-40k-Puffs-2-in-1-Flavors-list-1-990x990.webp 990w, https:\/\/vozolvapen.de\/wp-content\/uploads\/2026\/02\/Razz-bar-40000-40k-Puffs-2-in-1-Flavors-list-1-441x441.webp 441w, https:\/\/vozolvapen.de\/wp-content\/uploads\/2026\/02\/Razz-bar-40000-40k-Puffs-2-in-1-Flavors-list-1-100x100.webp 100w, https:\/\/vozolvapen.de\/wp-content\/uploads\/2026\/02\/Razz-bar-40000-40k-Puffs-2-in-1-Flavors-list-1-800x800.webp 800w, https:\/\/vozolvapen.de\/wp-content\/uploads\/2026\/02\/Razz-bar-40000-40k-Puffs-2-in-1-Flavors-list-1.webp 1200w\" sizes=\"(max-width: 1024px) 100vw, 1024px\" \/><\/a><\/figure>\n\n\n\n<h2 class=\"wp-block-heading\" id=\"h-usage-experience-selling-points\">Do\u015bwiadczenie u\u017cytkownika \/ punkty sprzeda\u017cy<\/h2>\n\n\n\n<ul class=\"wp-block-list\">\n<li><strong>Elastyczno\u015b\u0107 dw\u00f3ch smak\u00f3w:<\/strong> Jedno urz\u0105dzenie, dwa ekscytuj\u0105ce smaki - obr\u00f3\u0107 ustnik, aby zmieni\u0107.<\/li>\n\n\n\n<li><strong>G\u0142adkie i aromatyczne przeboje:<\/strong> Podw\u00f3jna cewka 1,0\u03a9 zapewnia r\u00f3wnomierne ogrzewanie, bogaty smak i g\u0119st\u0105 par\u0119.<\/li>\n\n\n\n<li><strong>Inteligentny wy\u015bwietlacz:<\/strong> Monitorowanie baterii i e-liquidu w czasie rzeczywistym dla \u0142atwej kontroli.<\/li>\n\n\n\n<li><strong>Bateria o d\u0142ugiej \u017cywotno\u015bci:<\/strong> Akumulator 650 mAh gwarantuje pe\u0142ne wykorzystanie 30 ml e-liquidu.<\/li>\n\n\n\n<li><strong>Przeno\u015bna konstrukcja:<\/strong> Ergonomiczny prostok\u0105tny korpus wygodnie mie\u015bci si\u0119 w d\u0142oni i kieszeni.<\/li>\n\n\n\n<li><strong>Wygodne \u0142adowanie:<\/strong> Port USB typu C zapewnia szybkie i niezawodne \u0142adowanie.<\/li>\n<\/ul>\n\n\n\n<h2 class=\"wp-block-heading\" id=\"h-wholesale-b2b-paragraph\">Sprzeda\u017c hurtowa \/ paragraf B2B<\/h2>\n\n\n\n<p>Nabywcy hurtowi i dystrybutorzy mog\u0105 skorzysta\u0107 z <strong>Europejskie zapasy magazynowe<\/strong>, zapewniaj\u0105c <strong>Szybka dostawa w ci\u0105gu 1-3 dni<\/strong> w ca\u0142ej Europie. Ka\u017cde 10-pakowe opakowanie zapewnia sp\u00f3jno\u015b\u0107 <strong>urz\u0105dzenia o dw\u00f3ch smakach<\/strong> idealny do dystrybucji detalicznej lub B2B. Dzi\u0119ki du\u017cej liczbie zaci\u0105gni\u0119\u0107 i konstrukcji z mo\u017cliwo\u015bci\u0105 \u0142adowania, Razz Bar 40000 oferuje <strong>Najwy\u017cszej jako\u015bci jednorazowe waporyzatory<\/strong> kt\u00f3re sprawiaj\u0105, \u017ce klienci wracaj\u0105.<\/p>\n\n\n\n<h2 class=\"wp-block-heading\" id=\"h-razz-bar-40000-faq\">Razz Bar 40000 FAQ<\/h2>\n\n\n\n<p><strong>P1: Jak d\u0142ugo dzia\u0142a jeden Razz Bar 40000?<\/strong><br>O: Ka\u017cde urz\u0105dzenie oferuje do <strong>40 000 zaci\u0105gni\u0119\u0107<\/strong>, w zale\u017cno\u015bci od nawyk\u00f3w u\u017cytkowania.<\/p>\n\n\n\n<p><strong>P2: Czy mog\u0119 na\u0142adowa\u0107 Razz Bar 40k Vape?<\/strong><br>O: Tak, zawiera <strong>Akumulator o pojemno\u015bci 650 mAh<\/strong> z \u0142adowaniem typu C.<\/p>\n\n\n\n<p><strong>P3: Jak prze\u0142\u0105cza\u0107 si\u0119 mi\u0119dzy tymi dwoma smakami?<\/strong><br>O: Po prostu <strong>obr\u00f3ci\u0107 ustnik<\/strong> aby prze\u0142\u0105cza\u0107 si\u0119 mi\u0119dzy tymi dwoma smakami.<\/p>\n\n\n\n<p><strong>P4: Czy zawiera nikotyn\u0119?<\/strong><br>O: Tak, wybierz pomi\u0119dzy <strong>Poziom nikotyny 0% (20 mg\/ml) lub 2% (50 mg\/ml)<\/strong>.<\/p>\n\n\n\n<p><strong>P5: Jak szybka jest wysy\u0142ka w przypadku zam\u00f3wie\u0144 hurtowych?<\/strong><br>O: Z naszego <strong>Magazyn europejski<\/strong>, dostawa trwa <strong>1-3 dni<\/strong>.<\/p>","protected":false},"excerpt":{"rendered":"<p data-start=\"82\" data-end=\"330\">The <strong data-start=\"119\" data-end=\"137\">Razz Bar 40000<\/strong> to jednorazowy waporyzator 2 w 1 o du\u017cej pojemno\u015bci, oferuj\u0105cy do <strong data-start=\"191\" data-end=\"207\">40 000 zaci\u0105gni\u0119\u0107<\/strong>, Dwusmakowa konstrukcja \u201cTwins\u201d, akumulator 650 mAh i 10 ekscytuj\u0105cych kombinacji smakowych zapewniaj\u0105cych d\u0142ugotrwa\u0142\u0105 i p\u0142ynn\u0105 waporyzacj\u0119.<\/p>","protected":false},"featured_media":66901,"comment_status":"open","ping_status":"closed","template":"","meta":{"_acf_changed":true},"product_brand":[],"product_cat":[134,110],"product_tag":[],"class_list":{"0":"post-66900","1":"product","2":"type-product","3":"status-publish","4":"has-post-thumbnail","6":"product_cat-eu-warehouse-in-stock","7":"product_cat-razz-bar","9":"first","10":"instock","11":"shipping-taxable","12":"purchasable","13":"product-type-variable"},"acf":[],"yoast_head":"<!-- This site is optimized with the Yoast SEO Premium plugin v26.1 (Yoast SEO v27.5) - https:\/\/yoast.com\/product\/yoast-seo-premium-wordpress\/ -->\n<title>Razz Bar 40000 40k Puffs 2-in-1 Dual-Flavor Vape \u2013 Crystal Edition | High-Capacity Disposable Vape - vozolvapen<\/title>\n<meta name=\"description\" content=\"Experience the Razz Bar 40000 with up to 40,000 puffs and dual-flavor \u201cTwins\u201d design. Rechargeable 650mAh battery, ergonomic design, and 10 exciting flavor combos. Perfect for long-lasting vaping and B2B wholesale.\" \/>\n<meta name=\"robots\" content=\"index, follow, max-snippet:-1, max-image-preview:large, max-video-preview:-1\" \/>\n<link rel=\"canonical\" href=\"https:\/\/vozolvapen.de\/pl\/product\/razz-bar-40000-40k-puffs-disposable-vape-2-in-1-flavors-eu-warehouse-wholesale\/\" \/>\n<meta property=\"og:locale\" content=\"pl_PL\" \/>\n<meta property=\"og:type\" content=\"article\" \/>\n<meta property=\"og:title\" content=\"Razz Bar 40000 40k Puffs Disposable Vape | 2 in 1 Flavors | EU Warehouse Wholesale\" \/>\n<meta property=\"og:description\" content=\"Experience the Razz Bar 40000 with up to 40,000 puffs and dual-flavor \u201cTwins\u201d design. Rechargeable 650mAh battery, ergonomic design, and 10 exciting flavor combos. Perfect for long-lasting vaping and B2B wholesale.\" \/>\n<meta property=\"og:url\" content=\"https:\/\/vozolvapen.de\/pl\/product\/razz-bar-40000-40k-puffs-disposable-vape-2-in-1-flavors-eu-warehouse-wholesale\/\" \/>\n<meta property=\"og:site_name\" content=\"vozolvapen\" \/>\n<meta property=\"article:modified_time\" content=\"2026-02-27T09:23:54+00:00\" \/>\n<meta property=\"og:image\" content=\"https:\/\/vozolvapen.de\/wp-content\/uploads\/2026\/02\/Razz-bar-40000-40k-Puffs-2-in-1-Disposable-Vape-6.webp\" \/>\n\t<meta property=\"og:image:width\" content=\"1200\" \/>\n\t<meta property=\"og:image:height\" content=\"1200\" \/>\n\t<meta property=\"og:image:type\" content=\"image\/webp\" \/>\n<meta name=\"twitter:card\" content=\"summary_large_image\" \/>\n<meta name=\"twitter:label1\" content=\"Szacowany czas czytania\" \/>\n\t<meta name=\"twitter:data1\" content=\"3 minuty\" \/>\n<script type=\"application\/ld+json\" class=\"yoast-schema-graph\">{\"@context\":\"https:\\\/\\\/schema.org\",\"@graph\":[{\"@type\":\"WebPage\",\"@id\":\"https:\\\/\\\/vozolvapen.de\\\/product\\\/razz-bar-40000-40k-puffs-disposable-vape-2-in-1-flavors-eu-warehouse-wholesale\\\/\",\"url\":\"https:\\\/\\\/vozolvapen.de\\\/product\\\/razz-bar-40000-40k-puffs-disposable-vape-2-in-1-flavors-eu-warehouse-wholesale\\\/\",\"name\":\"Razz Bar 40000 40k Puffs 2-in-1 Dual-Flavor Vape \u2013 Crystal Edition | High-Capacity Disposable Vape - vozolvapen\",\"isPartOf\":{\"@id\":\"https:\\\/\\\/vozolvapen.de\\\/#website\"},\"primaryImageOfPage\":{\"@id\":\"https:\\\/\\\/vozolvapen.de\\\/product\\\/razz-bar-40000-40k-puffs-disposable-vape-2-in-1-flavors-eu-warehouse-wholesale\\\/#primaryimage\"},\"image\":{\"@id\":\"https:\\\/\\\/vozolvapen.de\\\/product\\\/razz-bar-40000-40k-puffs-disposable-vape-2-in-1-flavors-eu-warehouse-wholesale\\\/#primaryimage\"},\"thumbnailUrl\":\"https:\\\/\\\/vozolvapen.de\\\/wp-content\\\/uploads\\\/2026\\\/02\\\/Razz-bar-40000-40k-Puffs-2-in-1-Disposable-Vape-6.webp\",\"datePublished\":\"2026-02-25T10:25:38+00:00\",\"dateModified\":\"2026-02-27T09:23:54+00:00\",\"description\":\"Experience the Razz Bar 40000 with up to 40,000 puffs and dual-flavor \u201cTwins\u201d design. Rechargeable 650mAh battery, ergonomic design, and 10 exciting flavor combos. Perfect for long-lasting vaping and B2B wholesale.\",\"breadcrumb\":{\"@id\":\"https:\\\/\\\/vozolvapen.de\\\/product\\\/razz-bar-40000-40k-puffs-disposable-vape-2-in-1-flavors-eu-warehouse-wholesale\\\/#breadcrumb\"},\"inLanguage\":\"pl-PL\",\"potentialAction\":[{\"@type\":\"ReadAction\",\"target\":[\"https:\\\/\\\/vozolvapen.de\\\/product\\\/razz-bar-40000-40k-puffs-disposable-vape-2-in-1-flavors-eu-warehouse-wholesale\\\/\"]}]},{\"@type\":\"ImageObject\",\"inLanguage\":\"pl-PL\",\"@id\":\"https:\\\/\\\/vozolvapen.de\\\/product\\\/razz-bar-40000-40k-puffs-disposable-vape-2-in-1-flavors-eu-warehouse-wholesale\\\/#primaryimage\",\"url\":\"https:\\\/\\\/vozolvapen.de\\\/wp-content\\\/uploads\\\/2026\\\/02\\\/Razz-bar-40000-40k-Puffs-2-in-1-Disposable-Vape-6.webp\",\"contentUrl\":\"https:\\\/\\\/vozolvapen.de\\\/wp-content\\\/uploads\\\/2026\\\/02\\\/Razz-bar-40000-40k-Puffs-2-in-1-Disposable-Vape-6.webp\",\"width\":1200,\"height\":1200,\"caption\":\"Razz bar 40000 40k Puffs 2 in 1 Disposable Vape (6)\"},{\"@type\":\"BreadcrumbList\",\"@id\":\"https:\\\/\\\/vozolvapen.de\\\/product\\\/razz-bar-40000-40k-puffs-disposable-vape-2-in-1-flavors-eu-warehouse-wholesale\\\/#breadcrumb\",\"itemListElement\":[{\"@type\":\"ListItem\",\"position\":1,\"name\":\"Home\",\"item\":\"https:\\\/\\\/vozolvapen.de\\\/de\\\/\"},{\"@type\":\"ListItem\",\"position\":2,\"name\":\"Shop\",\"item\":\"https:\\\/\\\/vozolvapen.de\\\/shop\\\/\"},{\"@type\":\"ListItem\",\"position\":3,\"name\":\"Razz Bar 40000 40k Puffs Disposable Vape | 2 in 1 Flavors | EU Warehouse Wholesale\"}]},{\"@type\":\"WebSite\",\"@id\":\"https:\\\/\\\/vozolvapen.de\\\/#website\",\"url\":\"https:\\\/\\\/vozolvapen.de\\\/\",\"name\":\"vozolvapen\",\"description\":\"vozolvapen\",\"publisher\":{\"@id\":\"https:\\\/\\\/vozolvapen.de\\\/#organization\"},\"potentialAction\":[{\"@type\":\"SearchAction\",\"target\":{\"@type\":\"EntryPoint\",\"urlTemplate\":\"https:\\\/\\\/vozolvapen.de\\\/?s={search_term_string}\"},\"query-input\":{\"@type\":\"PropertyValueSpecification\",\"valueRequired\":true,\"valueName\":\"search_term_string\"}}],\"inLanguage\":\"pl-PL\"},{\"@type\":\"Organization\",\"@id\":\"https:\\\/\\\/vozolvapen.de\\\/#organization\",\"name\":\"vozolvapen\",\"url\":\"https:\\\/\\\/vozolvapen.de\\\/\",\"logo\":{\"@type\":\"ImageObject\",\"inLanguage\":\"pl-PL\",\"@id\":\"https:\\\/\\\/vozolvapen.de\\\/#\\\/schema\\\/logo\\\/image\\\/\",\"url\":\"https:\\\/\\\/vozolvapen.de\\\/wp-content\\\/uploads\\\/2025\\\/12\\\/cropped-vozovapen-logo.webp\",\"contentUrl\":\"https:\\\/\\\/vozolvapen.de\\\/wp-content\\\/uploads\\\/2025\\\/12\\\/cropped-vozovapen-logo.webp\",\"width\":470,\"height\":110,\"caption\":\"vozolvapen\"},\"image\":{\"@id\":\"https:\\\/\\\/vozolvapen.de\\\/#\\\/schema\\\/logo\\\/image\\\/\"}}]}<\/script>\n<!-- \/ Yoast SEO Premium plugin. -->","yoast_head_json":{"title":"Razz Bar 40000 40k Puffs 2-w-1 Dual-Flavor Vape - Crystal Edition | Jednorazowy Vape o du\u017cej pojemno\u015bci - vozolvapen","description":"Do\u015bwiadcz Razz Bar 40000 z nawet 40 000 zaci\u0105gni\u0119\u0107 i podw\u00f3jnym smakiem \u201cTwins\u201d. Akumulator 650 mAh, ergonomiczna konstrukcja i 10 ekscytuj\u0105cych kombinacji smakowych. Idealny do d\u0142ugotrwa\u0142ego wapowania i sprzeda\u017cy hurtowej B2B.","robots":{"index":"index","follow":"follow","max-snippet":"max-snippet:-1","max-image-preview":"max-image-preview:large","max-video-preview":"max-video-preview:-1"},"canonical":"https:\/\/vozolvapen.de\/pl\/product\/razz-bar-40000-40k-puffs-disposable-vape-2-in-1-flavors-eu-warehouse-wholesale\/","og_locale":"pl_PL","og_type":"article","og_title":"Razz Bar 40000 40k Puffs Disposable Vape | 2 in 1 Flavors | EU Warehouse Wholesale","og_description":"Experience the Razz Bar 40000 with up to 40,000 puffs and dual-flavor \u201cTwins\u201d design. Rechargeable 650mAh battery, ergonomic design, and 10 exciting flavor combos. Perfect for long-lasting vaping and B2B wholesale.","og_url":"https:\/\/vozolvapen.de\/pl\/product\/razz-bar-40000-40k-puffs-disposable-vape-2-in-1-flavors-eu-warehouse-wholesale\/","og_site_name":"vozolvapen","article_modified_time":"2026-02-27T09:23:54+00:00","og_image":[{"width":1200,"height":1200,"url":"https:\/\/vozolvapen.de\/wp-content\/uploads\/2026\/02\/Razz-bar-40000-40k-Puffs-2-in-1-Disposable-Vape-6.webp","type":"image\/webp"}],"twitter_card":"summary_large_image","twitter_misc":{"Szacowany czas czytania":"3 minuty"},"schema":{"@context":"https:\/\/schema.org","@graph":[{"@type":"WebPage","@id":"https:\/\/vozolvapen.de\/product\/razz-bar-40000-40k-puffs-disposable-vape-2-in-1-flavors-eu-warehouse-wholesale\/","url":"https:\/\/vozolvapen.de\/product\/razz-bar-40000-40k-puffs-disposable-vape-2-in-1-flavors-eu-warehouse-wholesale\/","name":"Razz Bar 40000 40k Puffs 2-w-1 Dual-Flavor Vape - Crystal Edition | Jednorazowy Vape o du\u017cej pojemno\u015bci - vozolvapen","isPartOf":{"@id":"https:\/\/vozolvapen.de\/#website"},"primaryImageOfPage":{"@id":"https:\/\/vozolvapen.de\/product\/razz-bar-40000-40k-puffs-disposable-vape-2-in-1-flavors-eu-warehouse-wholesale\/#primaryimage"},"image":{"@id":"https:\/\/vozolvapen.de\/product\/razz-bar-40000-40k-puffs-disposable-vape-2-in-1-flavors-eu-warehouse-wholesale\/#primaryimage"},"thumbnailUrl":"https:\/\/vozolvapen.de\/wp-content\/uploads\/2026\/02\/Razz-bar-40000-40k-Puffs-2-in-1-Disposable-Vape-6.webp","datePublished":"2026-02-25T10:25:38+00:00","dateModified":"2026-02-27T09:23:54+00:00","description":"Do\u015bwiadcz Razz Bar 40000 z nawet 40 000 zaci\u0105gni\u0119\u0107 i podw\u00f3jnym smakiem \u201cTwins\u201d. Akumulator 650 mAh, ergonomiczna konstrukcja i 10 ekscytuj\u0105cych kombinacji smakowych. Idealny do d\u0142ugotrwa\u0142ego wapowania i sprzeda\u017cy hurtowej B2B.","breadcrumb":{"@id":"https:\/\/vozolvapen.de\/product\/razz-bar-40000-40k-puffs-disposable-vape-2-in-1-flavors-eu-warehouse-wholesale\/#breadcrumb"},"inLanguage":"pl-PL","potentialAction":[{"@type":"ReadAction","target":["https:\/\/vozolvapen.de\/product\/razz-bar-40000-40k-puffs-disposable-vape-2-in-1-flavors-eu-warehouse-wholesale\/"]}]},{"@type":"ImageObject","inLanguage":"pl-PL","@id":"https:\/\/vozolvapen.de\/product\/razz-bar-40000-40k-puffs-disposable-vape-2-in-1-flavors-eu-warehouse-wholesale\/#primaryimage","url":"https:\/\/vozolvapen.de\/wp-content\/uploads\/2026\/02\/Razz-bar-40000-40k-Puffs-2-in-1-Disposable-Vape-6.webp","contentUrl":"https:\/\/vozolvapen.de\/wp-content\/uploads\/2026\/02\/Razz-bar-40000-40k-Puffs-2-in-1-Disposable-Vape-6.webp","width":1200,"height":1200,"caption":"Razz bar 40000 40k Puffs 2 in 1 Disposable Vape (6)"},{"@type":"BreadcrumbList","@id":"https:\/\/vozolvapen.de\/product\/razz-bar-40000-40k-puffs-disposable-vape-2-in-1-flavors-eu-warehouse-wholesale\/#breadcrumb","itemListElement":[{"@type":"ListItem","position":1,"name":"Home","item":"https:\/\/vozolvapen.de\/de\/"},{"@type":"ListItem","position":2,"name":"Shop","item":"https:\/\/vozolvapen.de\/shop\/"},{"@type":"ListItem","position":3,"name":"Razz Bar 40000 40k Puffs Disposable Vape | 2 in 1 Flavors | EU Warehouse Wholesale"}]},{"@type":"WebSite","@id":"https:\/\/vozolvapen.de\/#website","url":"https:\/\/vozolvapen.de\/","name":"vozolvapen","description":"vozolvapen","publisher":{"@id":"https:\/\/vozolvapen.de\/#organization"},"potentialAction":[{"@type":"SearchAction","target":{"@type":"EntryPoint","urlTemplate":"https:\/\/vozolvapen.de\/?s={search_term_string}"},"query-input":{"@type":"PropertyValueSpecification","valueRequired":true,"valueName":"search_term_string"}}],"inLanguage":"pl-PL"},{"@type":"Organization","@id":"https:\/\/vozolvapen.de\/#organization","name":"vozolvapen","url":"https:\/\/vozolvapen.de\/","logo":{"@type":"ImageObject","inLanguage":"pl-PL","@id":"https:\/\/vozolvapen.de\/#\/schema\/logo\/image\/","url":"https:\/\/vozolvapen.de\/wp-content\/uploads\/2025\/12\/cropped-vozovapen-logo.webp","contentUrl":"https:\/\/vozolvapen.de\/wp-content\/uploads\/2025\/12\/cropped-vozovapen-logo.webp","width":470,"height":110,"caption":"vozolvapen"},"image":{"@id":"https:\/\/vozolvapen.de\/#\/schema\/logo\/image\/"}}]}},"tiered_pricing_type":"fixed","tiered_pricing_fixed_rules":{"100":"9.67","400":"8.02"},"tiered_pricing_product_settings":{"layout":"default","base_unit_name":{"singular":null,"plural":null},"default_variation":{}},"tiered_pricing_minimum_quantity":50,"tiered_pricing_roles_data":[],"tiered_pricing_percentage_rules":[],"tiered_pricing_maximum_quantity":null,"tiered_pricing_quantity_step":"10","_links":{"self":[{"href":"http:\/\/vozolvapen.de\/pl\/wp-json\/wp\/v2\/product\/66900","targetHints":{"allow":["GET"]}}],"collection":[{"href":"http:\/\/vozolvapen.de\/pl\/wp-json\/wp\/v2\/product"}],"about":[{"href":"http:\/\/vozolvapen.de\/pl\/wp-json\/wp\/v2\/types\/product"}],"replies":[{"embeddable":true,"href":"http:\/\/vozolvapen.de\/pl\/wp-json\/wp\/v2\/comments?post=66900"}],"wp:featuredmedia":[{"embeddable":true,"href":"http:\/\/vozolvapen.de\/pl\/wp-json\/wp\/v2\/media\/66901"}],"wp:attachment":[{"href":"http:\/\/vozolvapen.de\/pl\/wp-json\/wp\/v2\/media?parent=66900"}],"wp:term":[{"taxonomy":"product_brand","embeddable":true,"href":"http:\/\/vozolvapen.de\/pl\/wp-json\/wp\/v2\/product_brand?post=66900"},{"taxonomy":"product_cat","embeddable":true,"href":"http:\/\/vozolvapen.de\/pl\/wp-json\/wp\/v2\/product_cat?post=66900"},{"taxonomy":"product_tag","embeddable":true,"href":"http:\/\/vozolvapen.de\/pl\/wp-json\/wp\/v2\/product_tag?post=66900"}],"curies":[{"name":"wp","href":"https:\/\/api.w.org\/{rel}","templated":true}]}}