{"id":7377,"date":"2025-12-03T10:24:24","date_gmt":"2025-12-03T10:24:24","guid":{"rendered":"https:\/\/vozolvapen.de\/?post_type=product&#038;p=7377"},"modified":"2026-02-10T11:17:13","modified_gmt":"2026-02-10T11:17:13","slug":"vozol-rave-40000-mango-peach","status":"publish","type":"product","link":"http:\/\/vozolvapen.de\/pl\/product\/vozol-rave-40000-mango-peach\/","title":{"rendered":"VOZOL RAVE 40000 - Mango Peach"},"content":{"rendered":"<h1 data-path-to-node=\"88\"><b>VOZOL RAVE 40000 Puffs jednorazowe Vape - smak mango-brzoskwinia<\/b><\/h1>\n<p data-path-to-node=\"90\"><b>Wprowadzenie do smaku:<\/b> The <b>Mango Brzoskwinia<\/b> smak jest \u015bwiadectwem doskona\u0142ej synergii owoc\u00f3w, oferuj\u0105c aksamitnie g\u0142adkie i bujne doznania podczas waporyzacji. Smak <b>VOZOL RAVE 40000<\/b> Team bezb\u0142\u0119dnie po\u0142\u0105czy\u0142 kremow\u0105, g\u0119st\u0105 s\u0142odycz dojrza\u0142ego mango z mi\u0119kk\u0105, aksamitn\u0105 konsystencj\u0105 \u015bwie\u017cej brzoskwini. Po\u0142\u0105czenie to jest niezwykle g\u0142adkie, komfortowe i niezwykle \u0142atwe do waporyzacji przez ca\u0142y dzie\u0144. Jako flagowy produkt <b>vozol vape<\/b> urz\u0105dzenie <b>Vozol Rave 40000<\/b> zapewnia niezr\u00f3wnan\u0105 <b>40000 zaci\u0105gni\u0119\u0107<\/b> zapewniaj\u0105c, \u017ce ten bogaty i komfortowy smak utrzymuje si\u0119 znacznie d\u0142u\u017cej ni\u017c jakikolwiek konkurent.<\/p>\n<h2 data-path-to-node=\"91\"><b>Dlaczego warto wybra\u0107 Vozol Rave 40000 Mango Peach?<\/b><\/h2>\n<p data-path-to-node=\"92\">Ta g\u0142adka mieszanka jest idealna dla tych, dla kt\u00f3rych priorytetem jest \u0142agodny, sp\u00f3jny smak:<\/p>\n<ol start=\"1\" data-path-to-node=\"93\">\n<li>\n<p data-path-to-node=\"93,0,0\"><b>Aksamitna g\u0142adko\u015b\u0107:<\/b> Zr\u00f3wnowa\u017cona, nie pikantna mieszanka, kt\u00f3ra podkre\u015bla naturaln\u0105 kremowo\u015b\u0107 mango i delikatn\u0105 s\u0142odycz brzoskwini.<\/p>\n<\/li>\n<li>\n<p data-path-to-node=\"93,1,0\"><b>Nieko\u0144cz\u0105cy si\u0119 smak:<\/b> Pojemno\u015b\u0107 20 ml p\u0142ynu zosta\u0142a zaprojektowana tak, aby idealnie dostarcza\u0107 <b>Mango Brzoskwinia<\/b> smak konsekwentnie na ca\u0142ym <b>vozol 40000 puff<\/b> liczy\u0107.<\/p>\n<\/li>\n<li>\n<p data-path-to-node=\"93,2,0\"><b>Konstrukcja klasy premium:<\/b> The <b>Vozol Rave<\/b>\u2019Wytrzyma\u0142a konstrukcja i niezawodne uderzenie nikotyny 5% uzupe\u0142niaj\u0105 luksusowy profil smakowy.<\/p>\n<\/li>\n<\/ol>\n<h3 data-path-to-node=\"94\"><b>Kluczowe specyfikacje VOZOL RAVE 40000<\/b><\/h3>\n<table data-path-to-node=\"4\">\n<thead>\n<tr>\n<td><strong>Parametr<\/strong><\/td>\n<td><strong>Szczeg\u00f3\u0142y<\/strong><\/td>\n<td><strong>Pod\u015bwietlenie<\/strong><\/td>\n<\/tr>\n<\/thead>\n<tbody>\n<tr>\n<td><span data-path-to-node=\"4,1,0,0\"><b>Nazwa modelu<\/b><\/span><\/td>\n<td><span data-path-to-node=\"4,1,1,0\"><b>VOZOL RAVE 40000<\/b><\/span><\/td>\n<td><span data-path-to-node=\"4,1,2,0\">Wiod\u0105cy <b>Vozol 40000<\/b> Seria<\/span><\/td>\n<\/tr>\n<tr>\n<td><span data-path-to-node=\"4,2,0,0\"><b>Max Puffs<\/b><\/span><\/td>\n<td><span data-path-to-node=\"4,2,1,0\">UP do <b>40000 Puff\u00f3w<\/b><\/span><\/td>\n<td><span data-path-to-node=\"4,2,2,0\">Niezr\u00f3wnana trwa\u0142o\u015b\u0107<\/span><\/td>\n<\/tr>\n<tr>\n<td><span data-path-to-node=\"4,3,0,0\"><b>E-Liquid<\/b><\/span><\/td>\n<td><span data-path-to-node=\"4,3,1,0\">Wst\u0119pnie nape\u0142niony p\u0142yn 20 ml<\/span><\/td>\n<td><span data-path-to-node=\"4,3,2,0\">Maksymalna pojemno\u015b\u0107<\/span><\/td>\n<\/tr>\n<tr>\n<td><span data-path-to-node=\"4,4,0,0\"><b>Nikotyna<\/b><\/span><\/td>\n<td><span data-path-to-node=\"4,4,1,0\">5% (50mg\/ml) Poziom nikotyny<\/span><\/td>\n<td><span data-path-to-node=\"4,4,2,0\">Mocne, satysfakcjonuj\u0105ce uderzenie<\/span><\/td>\n<\/tr>\n<tr>\n<td><span data-path-to-node=\"4,5,0,0\"><b>Bateria<\/b><\/span><\/td>\n<td><span data-path-to-node=\"4,5,1,0\">Akumulator 1000 mAh<\/span><\/td>\n<td><span data-path-to-node=\"4,5,2,0\">80% na\u0142adowany w 20 minut<\/span><\/td>\n<\/tr>\n<tr>\n<td><span data-path-to-node=\"4,6,0,0\"><b>Wysy\u0142ka<\/b><\/span><\/td>\n<td><span data-path-to-node=\"4,6,1,0\">Magazyn europejski (1-3 dni)<\/span><\/td>\n<td><span data-path-to-node=\"4,6,2,0\">Szybka dostawa na terenie UE<\/span><\/td>\n<\/tr>\n<tr>\n<td><span data-path-to-node=\"4,7,0,0\"><b>Cechy<\/b><\/span><\/td>\n<td><span data-path-to-node=\"4,7,1,0\">Wibruj\u0105cy blask 270\u00b0, tryb imprezowy z synchronizacj\u0105 beat\u00f3w<\/span><\/td>\n<td><span data-path-to-node=\"4,7,2,0\">Wyj\u0105tkowe do\u015bwiadczenie waporyzacji<\/span><\/td>\n<\/tr>\n<\/tbody>\n<\/table>\n<h3 dir=\"auto\">Oto dalsze zalecenia dla Ciebie:<\/h3>\n<p dir=\"auto\">Odkryj jeszcze wi\u0119cej niesamowitych smak\u00f3w dzi\u0119ki Fumot VOZOL RAVE 40000 Puff Vape!<\/p>\n<p dir=\"auto\"><a href=\"https:\/\/vozolvapen.de\/pl\/product-category\/vozol-vape\/vozol-rave-40000-puffs-vape\/\" target=\"_blank\" rel=\"noopener noreferrer nofollow\">Zobacz wszystkie odmiany tutaj \u2192<\/a><\/p>\n<p dir=\"auto\">Zapoznaj si\u0119 z nasz\u0105 pe\u0142n\u0105 kolekcj\u0105 i kupuj produkty najlepszych marek vape, kt\u00f3re pokochasz.<\/p>\n<p dir=\"auto\"><a href=\"https:\/\/vozolvapen.de\/pl\/\" target=\"_blank\" rel=\"noopener noreferrer nofollow\">Przegl\u0105daj teraz wszystkie marki \u2192<\/a><\/p>\n<p dir=\"auto\">Sprawd\u017a ca\u0142\u0105 seri\u0119 VOZOL Vape - ka\u017cdy smak, ka\u017cdy styl!<\/p>\n<p dir=\"auto\"><a href=\"https:\/\/vozolvapen.de\/pl\/product-category\/vozol-vape\/\" target=\"_blank\" rel=\"noopener noreferrer nofollow\">Zobacz pe\u0142n\u0105 kolekcj\u0119 VOZOL Vape \u2192<\/a><\/p>","protected":false},"excerpt":{"rendered":"<p>Kremowe mango i g\u0142adka, \u0142agodna brzoskwinia delikatnie \u0142\u0105cz\u0105 si\u0119, tworz\u0105c aksamitn\u0105, nie lodowat\u0105 mieszank\u0119 owoc\u00f3w. Idealnie g\u0142adki owocowy smak od <b>Vozol 40000<\/b>.<\/p>","protected":false},"featured_media":7328,"comment_status":"open","ping_status":"closed","template":"","meta":{"_acf_changed":false},"product_brand":[],"product_cat":[15,134],"product_tag":[],"class_list":{"0":"post-7377","1":"product","2":"type-product","3":"status-publish","4":"has-post-thumbnail","6":"product_cat-uncategorized","7":"product_cat-eu-warehouse-in-stock","9":"first","10":"instock","11":"shipping-taxable","12":"purchasable","13":"product-type-variable"},"acf":[],"yoast_head":"<!-- This site is optimized with the Yoast SEO Premium plugin v26.1 (Yoast SEO v27.5) - https:\/\/yoast.com\/product\/yoast-seo-premium-wordpress\/ -->\n<title>Vozol Rave 40000 Puffs Mango Peach - Sweet &amp; Juicy Vozol 40000 Flavor - vozolvapen<\/title>\n<meta name=\"description\" content=\"The perfect pairing: Vozol Rave 40000 Mango Peach. A rich blend of sweet mango and soft peach. 40000 puffs of pure, fruity satisfaction from your favorite vozol vape.\" \/>\n<meta name=\"robots\" content=\"index, follow, max-snippet:-1, max-image-preview:large, max-video-preview:-1\" \/>\n<link rel=\"canonical\" href=\"https:\/\/vozolvapen.de\/pl\/product\/vozol-rave-40000-mango-peach\/\" \/>\n<meta property=\"og:locale\" content=\"pl_PL\" \/>\n<meta property=\"og:type\" content=\"article\" \/>\n<meta property=\"og:title\" content=\"VOZOL RAVE 40000 - Mango Peach\" \/>\n<meta property=\"og:description\" content=\"The perfect pairing: Vozol Rave 40000 Mango Peach. A rich blend of sweet mango and soft peach. 40000 puffs of pure, fruity satisfaction from your favorite vozol vape.\" \/>\n<meta property=\"og:url\" content=\"https:\/\/vozolvapen.de\/pl\/product\/vozol-rave-40000-mango-peach\/\" \/>\n<meta property=\"og:site_name\" content=\"vozolvapen\" \/>\n<meta property=\"article:modified_time\" content=\"2026-02-10T11:17:13+00:00\" \/>\n<meta property=\"og:image\" content=\"https:\/\/vozolvapen.de\/wp-content\/uploads\/2025\/12\/VOZOL-RAVE-40000-Mango-Peach-2.webp\" \/>\n\t<meta property=\"og:image:width\" content=\"1200\" \/>\n\t<meta property=\"og:image:height\" content=\"1200\" \/>\n\t<meta property=\"og:image:type\" content=\"image\/webp\" \/>\n<meta name=\"twitter:card\" content=\"summary_large_image\" \/>\n<meta name=\"twitter:label1\" content=\"Szacowany czas czytania\" \/>\n\t<meta name=\"twitter:data1\" content=\"2 minuty\" \/>\n<script type=\"application\/ld+json\" class=\"yoast-schema-graph\">{\"@context\":\"https:\\\/\\\/schema.org\",\"@graph\":[{\"@type\":\"WebPage\",\"@id\":\"https:\\\/\\\/vozolvapen.de\\\/product\\\/vozol-rave-40000-mango-peach\\\/\",\"url\":\"https:\\\/\\\/vozolvapen.de\\\/product\\\/vozol-rave-40000-mango-peach\\\/\",\"name\":\"Vozol Rave 40000 Puffs Mango Peach - Sweet & Juicy Vozol 40000 Flavor - vozolvapen\",\"isPartOf\":{\"@id\":\"https:\\\/\\\/vozolvapen.de\\\/#website\"},\"primaryImageOfPage\":{\"@id\":\"https:\\\/\\\/vozolvapen.de\\\/product\\\/vozol-rave-40000-mango-peach\\\/#primaryimage\"},\"image\":{\"@id\":\"https:\\\/\\\/vozolvapen.de\\\/product\\\/vozol-rave-40000-mango-peach\\\/#primaryimage\"},\"thumbnailUrl\":\"https:\\\/\\\/vozolvapen.de\\\/wp-content\\\/uploads\\\/2025\\\/12\\\/VOZOL-RAVE-40000-Mango-Peach-2.webp\",\"datePublished\":\"2025-12-03T10:24:24+00:00\",\"dateModified\":\"2026-02-10T11:17:13+00:00\",\"description\":\"The perfect pairing: Vozol Rave 40000 Mango Peach. A rich blend of sweet mango and soft peach. 40000 puffs of pure, fruity satisfaction from your favorite vozol vape.\",\"breadcrumb\":{\"@id\":\"https:\\\/\\\/vozolvapen.de\\\/product\\\/vozol-rave-40000-mango-peach\\\/#breadcrumb\"},\"inLanguage\":\"pl-PL\",\"potentialAction\":[{\"@type\":\"ReadAction\",\"target\":[\"https:\\\/\\\/vozolvapen.de\\\/product\\\/vozol-rave-40000-mango-peach\\\/\"]}]},{\"@type\":\"ImageObject\",\"inLanguage\":\"pl-PL\",\"@id\":\"https:\\\/\\\/vozolvapen.de\\\/product\\\/vozol-rave-40000-mango-peach\\\/#primaryimage\",\"url\":\"https:\\\/\\\/vozolvapen.de\\\/wp-content\\\/uploads\\\/2025\\\/12\\\/VOZOL-RAVE-40000-Mango-Peach-2.webp\",\"contentUrl\":\"https:\\\/\\\/vozolvapen.de\\\/wp-content\\\/uploads\\\/2025\\\/12\\\/VOZOL-RAVE-40000-Mango-Peach-2.webp\",\"width\":1200,\"height\":1200,\"caption\":\"VOZOL RAVE 40000 - Mango Peach #2\"},{\"@type\":\"BreadcrumbList\",\"@id\":\"https:\\\/\\\/vozolvapen.de\\\/product\\\/vozol-rave-40000-mango-peach\\\/#breadcrumb\",\"itemListElement\":[{\"@type\":\"ListItem\",\"position\":1,\"name\":\"Home\",\"item\":\"https:\\\/\\\/vozolvapen.de\\\/de\\\/\"},{\"@type\":\"ListItem\",\"position\":2,\"name\":\"Shop\",\"item\":\"https:\\\/\\\/vozolvapen.de\\\/shop\\\/\"},{\"@type\":\"ListItem\",\"position\":3,\"name\":\"VOZOL RAVE 40000 &#8211; Mango Peach\"}]},{\"@type\":\"WebSite\",\"@id\":\"https:\\\/\\\/vozolvapen.de\\\/#website\",\"url\":\"https:\\\/\\\/vozolvapen.de\\\/\",\"name\":\"vozolvapen\",\"description\":\"vozolvapen\",\"publisher\":{\"@id\":\"https:\\\/\\\/vozolvapen.de\\\/#organization\"},\"potentialAction\":[{\"@type\":\"SearchAction\",\"target\":{\"@type\":\"EntryPoint\",\"urlTemplate\":\"https:\\\/\\\/vozolvapen.de\\\/?s={search_term_string}\"},\"query-input\":{\"@type\":\"PropertyValueSpecification\",\"valueRequired\":true,\"valueName\":\"search_term_string\"}}],\"inLanguage\":\"pl-PL\"},{\"@type\":\"Organization\",\"@id\":\"https:\\\/\\\/vozolvapen.de\\\/#organization\",\"name\":\"vozolvapen\",\"url\":\"https:\\\/\\\/vozolvapen.de\\\/\",\"logo\":{\"@type\":\"ImageObject\",\"inLanguage\":\"pl-PL\",\"@id\":\"https:\\\/\\\/vozolvapen.de\\\/#\\\/schema\\\/logo\\\/image\\\/\",\"url\":\"https:\\\/\\\/vozolvapen.de\\\/wp-content\\\/uploads\\\/2025\\\/12\\\/cropped-vozovapen-logo.webp\",\"contentUrl\":\"https:\\\/\\\/vozolvapen.de\\\/wp-content\\\/uploads\\\/2025\\\/12\\\/cropped-vozovapen-logo.webp\",\"width\":470,\"height\":110,\"caption\":\"vozolvapen\"},\"image\":{\"@id\":\"https:\\\/\\\/vozolvapen.de\\\/#\\\/schema\\\/logo\\\/image\\\/\"}}]}<\/script>\n<!-- \/ Yoast SEO Premium plugin. -->","yoast_head_json":{"title":"Vozol Rave 40000 Puffs Mango Peach - S\u0142odki i soczysty smak Vozol 40000 - vozolvapen","description":"Idealne po\u0142\u0105czenie: Vozol Rave 40000 Mango Peach. Bogata mieszanka s\u0142odkiego mango i delikatnej brzoskwini. 40000 zaci\u0105gni\u0119\u0107 czystej, owocowej satysfakcji z ulubionego waporyzatora Vozol.","robots":{"index":"index","follow":"follow","max-snippet":"max-snippet:-1","max-image-preview":"max-image-preview:large","max-video-preview":"max-video-preview:-1"},"canonical":"https:\/\/vozolvapen.de\/pl\/product\/vozol-rave-40000-mango-peach\/","og_locale":"pl_PL","og_type":"article","og_title":"VOZOL RAVE 40000 - Mango Peach","og_description":"The perfect pairing: Vozol Rave 40000 Mango Peach. A rich blend of sweet mango and soft peach. 40000 puffs of pure, fruity satisfaction from your favorite vozol vape.","og_url":"https:\/\/vozolvapen.de\/pl\/product\/vozol-rave-40000-mango-peach\/","og_site_name":"vozolvapen","article_modified_time":"2026-02-10T11:17:13+00:00","og_image":[{"width":1200,"height":1200,"url":"https:\/\/vozolvapen.de\/wp-content\/uploads\/2025\/12\/VOZOL-RAVE-40000-Mango-Peach-2.webp","type":"image\/webp"}],"twitter_card":"summary_large_image","twitter_misc":{"Szacowany czas czytania":"2 minuty"},"schema":{"@context":"https:\/\/schema.org","@graph":[{"@type":"WebPage","@id":"https:\/\/vozolvapen.de\/product\/vozol-rave-40000-mango-peach\/","url":"https:\/\/vozolvapen.de\/product\/vozol-rave-40000-mango-peach\/","name":"Vozol Rave 40000 Puffs Mango Peach - S\u0142odki i soczysty smak Vozol 40000 - vozolvapen","isPartOf":{"@id":"https:\/\/vozolvapen.de\/#website"},"primaryImageOfPage":{"@id":"https:\/\/vozolvapen.de\/product\/vozol-rave-40000-mango-peach\/#primaryimage"},"image":{"@id":"https:\/\/vozolvapen.de\/product\/vozol-rave-40000-mango-peach\/#primaryimage"},"thumbnailUrl":"https:\/\/vozolvapen.de\/wp-content\/uploads\/2025\/12\/VOZOL-RAVE-40000-Mango-Peach-2.webp","datePublished":"2025-12-03T10:24:24+00:00","dateModified":"2026-02-10T11:17:13+00:00","description":"Idealne po\u0142\u0105czenie: Vozol Rave 40000 Mango Peach. Bogata mieszanka s\u0142odkiego mango i delikatnej brzoskwini. 40000 zaci\u0105gni\u0119\u0107 czystej, owocowej satysfakcji z ulubionego waporyzatora Vozol.","breadcrumb":{"@id":"https:\/\/vozolvapen.de\/product\/vozol-rave-40000-mango-peach\/#breadcrumb"},"inLanguage":"pl-PL","potentialAction":[{"@type":"ReadAction","target":["https:\/\/vozolvapen.de\/product\/vozol-rave-40000-mango-peach\/"]}]},{"@type":"ImageObject","inLanguage":"pl-PL","@id":"https:\/\/vozolvapen.de\/product\/vozol-rave-40000-mango-peach\/#primaryimage","url":"https:\/\/vozolvapen.de\/wp-content\/uploads\/2025\/12\/VOZOL-RAVE-40000-Mango-Peach-2.webp","contentUrl":"https:\/\/vozolvapen.de\/wp-content\/uploads\/2025\/12\/VOZOL-RAVE-40000-Mango-Peach-2.webp","width":1200,"height":1200,"caption":"VOZOL RAVE 40000 - Mango Peach #2"},{"@type":"BreadcrumbList","@id":"https:\/\/vozolvapen.de\/product\/vozol-rave-40000-mango-peach\/#breadcrumb","itemListElement":[{"@type":"ListItem","position":1,"name":"Home","item":"https:\/\/vozolvapen.de\/de\/"},{"@type":"ListItem","position":2,"name":"Shop","item":"https:\/\/vozolvapen.de\/shop\/"},{"@type":"ListItem","position":3,"name":"VOZOL RAVE 40000 &#8211; Mango Peach"}]},{"@type":"WebSite","@id":"https:\/\/vozolvapen.de\/#website","url":"https:\/\/vozolvapen.de\/","name":"vozolvapen","description":"vozolvapen","publisher":{"@id":"https:\/\/vozolvapen.de\/#organization"},"potentialAction":[{"@type":"SearchAction","target":{"@type":"EntryPoint","urlTemplate":"https:\/\/vozolvapen.de\/?s={search_term_string}"},"query-input":{"@type":"PropertyValueSpecification","valueRequired":true,"valueName":"search_term_string"}}],"inLanguage":"pl-PL"},{"@type":"Organization","@id":"https:\/\/vozolvapen.de\/#organization","name":"vozolvapen","url":"https:\/\/vozolvapen.de\/","logo":{"@type":"ImageObject","inLanguage":"pl-PL","@id":"https:\/\/vozolvapen.de\/#\/schema\/logo\/image\/","url":"https:\/\/vozolvapen.de\/wp-content\/uploads\/2025\/12\/cropped-vozovapen-logo.webp","contentUrl":"https:\/\/vozolvapen.de\/wp-content\/uploads\/2025\/12\/cropped-vozovapen-logo.webp","width":470,"height":110,"caption":"vozolvapen"},"image":{"@id":"https:\/\/vozolvapen.de\/#\/schema\/logo\/image\/"}}]}},"tiered_pricing_type":"fixed","tiered_pricing_fixed_rules":{"30":"14.04","50":"11.54","100":"11.04","200":"10.04"},"tiered_pricing_product_settings":{"layout":"default","base_unit_name":{"singular":null,"plural":null},"default_variation":{}},"tiered_pricing_minimum_quantity":10,"tiered_pricing_roles_data":[],"tiered_pricing_percentage_rules":[],"tiered_pricing_maximum_quantity":null,"tiered_pricing_quantity_step":"10","_links":{"self":[{"href":"http:\/\/vozolvapen.de\/pl\/wp-json\/wp\/v2\/product\/7377","targetHints":{"allow":["GET"]}}],"collection":[{"href":"http:\/\/vozolvapen.de\/pl\/wp-json\/wp\/v2\/product"}],"about":[{"href":"http:\/\/vozolvapen.de\/pl\/wp-json\/wp\/v2\/types\/product"}],"replies":[{"embeddable":true,"href":"http:\/\/vozolvapen.de\/pl\/wp-json\/wp\/v2\/comments?post=7377"}],"wp:featuredmedia":[{"embeddable":true,"href":"http:\/\/vozolvapen.de\/pl\/wp-json\/wp\/v2\/media\/7328"}],"wp:attachment":[{"href":"http:\/\/vozolvapen.de\/pl\/wp-json\/wp\/v2\/media?parent=7377"}],"wp:term":[{"taxonomy":"product_brand","embeddable":true,"href":"http:\/\/vozolvapen.de\/pl\/wp-json\/wp\/v2\/product_brand?post=7377"},{"taxonomy":"product_cat","embeddable":true,"href":"http:\/\/vozolvapen.de\/pl\/wp-json\/wp\/v2\/product_cat?post=7377"},{"taxonomy":"product_tag","embeddable":true,"href":"http:\/\/vozolvapen.de\/pl\/wp-json\/wp\/v2\/product_tag?post=7377"}],"curies":[{"name":"wp","href":"https:\/\/api.w.org\/{rel}","templated":true}]}}