{"id":7407,"date":"2025-12-04T06:11:56","date_gmt":"2025-12-04T06:11:56","guid":{"rendered":"https:\/\/vozolvapen.de\/?post_type=product&#038;p=7407"},"modified":"2026-02-10T11:16:41","modified_gmt":"2026-02-10T11:16:41","slug":"vozol-vista-40000-blueberry-ice","status":"publish","type":"product","link":"http:\/\/vozolvapen.de\/pl\/product\/vozol-vista-40000-blueberry-ice\/","title":{"rendered":"VOZOL Vista 40000 - Blueberry Ice"},"content":{"rendered":"<h1 data-path-to-node=\"28\"><b>VOZOL Vista 40000 Puffs jednorazowe Vape - smak jagodowego lodu<\/b><\/h1>\n<p data-path-to-node=\"29\"><b>Wprowadzenie do smaku:<\/b> <b>L\u00f3d jagodowy<\/b> w <b>VOZOL Vista 40000<\/b> to klasyczne po\u0142\u0105czenie g\u0142\u0119bokiej, s\u0142odkiej jagody i czystego mentolowego wydechu. Wyczuwalne <b>Podw\u00f3jna siatka 0,65\u03a9*2<\/b> cewki zosta\u0142y zaprojektowane tak, aby wydoby\u0107 subtelne, bogate nuty jag\u00f3d, podczas gdy <b>Rotary Interaction Design<\/b> pozwala wybra\u0107 idealny poziom przep\u0142ywu powietrza dla maksymalnej ilo\u015bci pary lub zintensyfikowanego smaku. To <b>vozol vista<\/b> zapewnia, \u017ce ka\u017cdy z <b>40000 zaci\u0105gni\u0119\u0107<\/b> to wysokiej jako\u015bci do\u015bwiadczenie.<\/p>\n<h2 data-path-to-node=\"30\"><b>Dlaczego warto wybra\u0107 Vozol Vista 40000 Blueberry Ice?<\/b><\/h2>\n<ol start=\"1\" data-path-to-node=\"31\">\n<li>\n<p data-path-to-node=\"31,0,0\"><b>Czysty lodowy smak:<\/b> Koncentruje si\u0119 na czystym profilu jagodowym, kt\u00f3remu towarzyszy wyra\u017ane lodowate uczucie czystego finiszu.<\/p>\n<\/li>\n<li>\n<p data-path-to-node=\"31,1,0\"><b>Niestandardowa intensywno\u015b\u0107 smaku:<\/b> Dostosuj przep\u0142yw powietrza za pomoc\u0105 <b>Rotary Interaction Design<\/b> aby zoptymalizowa\u0107 s\u0142odycz jag\u00f3d lub ch\u0142\u00f3d, osi\u0105gaj\u0105c <b>8 wyj\u0105tkowych dozna\u0144 smakowych<\/b>.<\/p>\n<\/li>\n<li>\n<p data-path-to-node=\"31,2,0\"><b>Trwa\u0142a sp\u00f3jno\u015b\u0107:<\/b> Pojemno\u015b\u0107 20 ml i wytrzyma\u0142a bateria 1000 mAh zapewniaj\u0105 <b>Vozol Vista 40000<\/b> Smak pozostaje niezmienny przez ca\u0142y okres u\u017cytkowania.<\/p>\n<\/li>\n<\/ol>\n<h3 data-path-to-node=\"32\"><b>Kluczowe specyfikacje VOZOL Vista 40000<\/b><\/h3>\n<table data-path-to-node=\"10\">\n<thead>\n<tr>\n<td><strong>Parametr<\/strong><\/td>\n<td><strong>Szczeg\u00f3\u0142y<\/strong><\/td>\n<td><strong>Pod\u015bwietlenie<\/strong><\/td>\n<\/tr>\n<\/thead>\n<tbody>\n<tr>\n<td><span data-path-to-node=\"10,1,0,0\"><b>Nazwa modelu<\/b><\/span><\/td>\n<td><span data-path-to-node=\"10,1,1,0\"><b>VOZOL Vista 40000<\/b><\/span><\/td>\n<td><span data-path-to-node=\"10,1,2,0\">Rewolucyjny <b>Vozol 40K<\/b> Seria<\/span><\/td>\n<\/tr>\n<tr>\n<td><span data-path-to-node=\"10,2,0,0\"><b>Max Puffs<\/b><\/span><\/td>\n<td><span data-path-to-node=\"10,2,1,0\">Do <b>40000 Puff\u00f3w<\/b><\/span><\/td>\n<td><span data-path-to-node=\"10,2,2,0\">Doskona\u0142a trwa\u0142o\u015b\u0107<\/span><\/td>\n<\/tr>\n<tr>\n<td><span data-path-to-node=\"10,3,0,0\"><b>E-Liquid<\/b><\/span><\/td>\n<td><span data-path-to-node=\"10,3,1,0\">Wst\u0119pnie nape\u0142niony p\u0142yn 20 ml<\/span><\/td>\n<td><span data-path-to-node=\"10,3,2,0\">Maksymalna pojemno\u015b\u0107<\/span><\/td>\n<\/tr>\n<tr>\n<td><span data-path-to-node=\"10,4,0,0\"><b>Nikotyna<\/b><\/span><\/td>\n<td><span data-path-to-node=\"10,4,1,0\">5% (50mg\/ml) Poziom nikotyny<\/span><\/td>\n<td><span data-path-to-node=\"10,4,2,0\">Silne uderzenie w gard\u0142o<\/span><\/td>\n<\/tr>\n<tr>\n<td><span data-path-to-node=\"10,5,0,0\"><b>Bateria<\/b><\/span><\/td>\n<td><span data-path-to-node=\"10,5,1,0\">Akumulator 1000 mAh<\/span><\/td>\n<td><span data-path-to-node=\"10,5,2,0\">Stabilny i d\u0142ugotrwa\u0142y<\/span><\/td>\n<\/tr>\n<tr>\n<td><span data-path-to-node=\"10,6,0,0\"><b>Cewka<\/b><\/span><\/td>\n<td><span data-path-to-node=\"10,6,1,0\"><b>Podw\u00f3jna siatka 0,65\u03a9*2<\/b><\/span><\/td>\n<td><span data-path-to-node=\"10,6,2,0\">Wzmocnienie smaku<\/span><\/td>\n<\/tr>\n<\/tbody>\n<\/table>\n<h3 dir=\"auto\">Oto dalsze zalecenia dla Ciebie:<\/h3>\n<p dir=\"auto\">Odkryj jeszcze wi\u0119cej niesamowitych smak\u00f3w dzi\u0119ki VOZOL Vista 40000 Puff Vape!<\/p>\n<p dir=\"auto\"><a href=\"https:\/\/vozolvapen.de\/pl\/product-category\/vozol-vape\/vozol-vista-40000-puffs-vape\/\" target=\"_blank\" rel=\"noopener noreferrer nofollow\">Zobacz wszystkie odmiany tutaj \u2192<\/a><\/p>\n<p dir=\"auto\">Zapoznaj si\u0119 z nasz\u0105 pe\u0142n\u0105 kolekcj\u0105 i kupuj produkty najlepszych marek vape, kt\u00f3re pokochasz.<\/p>\n<p dir=\"auto\"><a href=\"https:\/\/vozolvapen.de\/pl\/\" target=\"_blank\" rel=\"noopener noreferrer nofollow\">Przegl\u0105daj teraz wszystkie marki \u2192<\/a><\/p>\n<p dir=\"auto\">Sprawd\u017a ca\u0142\u0105 seri\u0119 VOZOL Vape - ka\u017cdy smak, ka\u017cdy styl!<\/p>\n<p dir=\"auto\"><a href=\"https:\/\/vozolvapen.de\/pl\/product-category\/vozol-vape\/\" target=\"_blank\" rel=\"noopener noreferrer nofollow\">Zobacz pe\u0142n\u0105 kolekcj\u0119 VOZOL Vape \u2192<\/a><\/p>","protected":false},"excerpt":{"rendered":"<p>G\u0142\u0119boka, s\u0142odka esencja jagodowa spotyka si\u0119 z ostrym, czystym mentolowym finiszem, wzmocnionym przez <b>Podw\u00f3jna cewka siatkowa<\/b> dla krystalicznie czystego smaku.<\/p>","protected":false},"featured_media":7428,"comment_status":"open","ping_status":"closed","template":"","meta":{"_acf_changed":false},"product_brand":[],"product_cat":[134,57],"product_tag":[],"class_list":{"0":"post-7407","1":"product","2":"type-product","3":"status-publish","4":"has-post-thumbnail","6":"product_cat-eu-warehouse-in-stock","7":"product_cat-vozol-vista-40000-puffs-vape","9":"first","10":"instock","11":"shipping-taxable","12":"purchasable","13":"product-type-variable"},"acf":[],"yoast_head":"<!-- This site is optimized with the Yoast SEO Premium plugin v26.1 (Yoast SEO v27.5) - https:\/\/yoast.com\/product\/yoast-seo-premium-wordpress\/ -->\n<title>Vozol Vista 40000 Puffs Blueberry Ice - Official Vozol Vista Vozol Vape - vozolvapen<\/title>\n<meta name=\"description\" content=\"Rich Blueberry Ice flavor in the Vozol Vista 40000. Enjoy 40000 puffs powered by the dual mesh coil system. Vozol 40K for long-lasting, customizable coolness.\" \/>\n<meta name=\"robots\" content=\"index, follow, max-snippet:-1, max-image-preview:large, max-video-preview:-1\" \/>\n<link rel=\"canonical\" href=\"https:\/\/vozolvapen.de\/pl\/product\/vozol-vista-40000-blueberry-ice\/\" \/>\n<meta property=\"og:locale\" content=\"pl_PL\" \/>\n<meta property=\"og:type\" content=\"article\" \/>\n<meta property=\"og:title\" content=\"VOZOL Vista 40000 - Blueberry Ice\" \/>\n<meta property=\"og:description\" content=\"Rich Blueberry Ice flavor in the Vozol Vista 40000. Enjoy 40000 puffs powered by the dual mesh coil system. Vozol 40K for long-lasting, customizable coolness.\" \/>\n<meta property=\"og:url\" content=\"https:\/\/vozolvapen.de\/pl\/product\/vozol-vista-40000-blueberry-ice\/\" \/>\n<meta property=\"og:site_name\" content=\"vozolvapen\" \/>\n<meta property=\"article:modified_time\" content=\"2026-02-10T11:16:41+00:00\" \/>\n<meta property=\"og:image\" content=\"https:\/\/vozolvapen.de\/wp-content\/uploads\/2025\/12\/VOZOL-Vista-40000-BLUEBERRY-ICE-2.webp\" \/>\n\t<meta property=\"og:image:width\" content=\"1080\" \/>\n\t<meta property=\"og:image:height\" content=\"1080\" \/>\n\t<meta property=\"og:image:type\" content=\"image\/webp\" \/>\n<meta name=\"twitter:card\" content=\"summary_large_image\" \/>\n<meta name=\"twitter:label1\" content=\"Szacowany czas czytania\" \/>\n\t<meta name=\"twitter:data1\" content=\"2 minuty\" \/>\n<script type=\"application\/ld+json\" class=\"yoast-schema-graph\">{\"@context\":\"https:\\\/\\\/schema.org\",\"@graph\":[{\"@type\":\"WebPage\",\"@id\":\"https:\\\/\\\/vozolvapen.de\\\/product\\\/vozol-vista-40000-blueberry-ice\\\/\",\"url\":\"https:\\\/\\\/vozolvapen.de\\\/product\\\/vozol-vista-40000-blueberry-ice\\\/\",\"name\":\"Vozol Vista 40000 Puffs Blueberry Ice - Official Vozol Vista Vozol Vape - vozolvapen\",\"isPartOf\":{\"@id\":\"https:\\\/\\\/vozolvapen.de\\\/#website\"},\"primaryImageOfPage\":{\"@id\":\"https:\\\/\\\/vozolvapen.de\\\/product\\\/vozol-vista-40000-blueberry-ice\\\/#primaryimage\"},\"image\":{\"@id\":\"https:\\\/\\\/vozolvapen.de\\\/product\\\/vozol-vista-40000-blueberry-ice\\\/#primaryimage\"},\"thumbnailUrl\":\"https:\\\/\\\/vozolvapen.de\\\/wp-content\\\/uploads\\\/2025\\\/12\\\/VOZOL-Vista-40000-BLUEBERRY-ICE-2.webp\",\"datePublished\":\"2025-12-04T06:11:56+00:00\",\"dateModified\":\"2026-02-10T11:16:41+00:00\",\"description\":\"Rich Blueberry Ice flavor in the Vozol Vista 40000. Enjoy 40000 puffs powered by the dual mesh coil system. Vozol 40K for long-lasting, customizable coolness.\",\"breadcrumb\":{\"@id\":\"https:\\\/\\\/vozolvapen.de\\\/product\\\/vozol-vista-40000-blueberry-ice\\\/#breadcrumb\"},\"inLanguage\":\"pl-PL\",\"potentialAction\":[{\"@type\":\"ReadAction\",\"target\":[\"https:\\\/\\\/vozolvapen.de\\\/product\\\/vozol-vista-40000-blueberry-ice\\\/\"]}]},{\"@type\":\"ImageObject\",\"inLanguage\":\"pl-PL\",\"@id\":\"https:\\\/\\\/vozolvapen.de\\\/product\\\/vozol-vista-40000-blueberry-ice\\\/#primaryimage\",\"url\":\"https:\\\/\\\/vozolvapen.de\\\/wp-content\\\/uploads\\\/2025\\\/12\\\/VOZOL-Vista-40000-BLUEBERRY-ICE-2.webp\",\"contentUrl\":\"https:\\\/\\\/vozolvapen.de\\\/wp-content\\\/uploads\\\/2025\\\/12\\\/VOZOL-Vista-40000-BLUEBERRY-ICE-2.webp\",\"width\":1080,\"height\":1080,\"caption\":\"VOZOL Vista 40000 - BLUEBERRY ICE (2)\"},{\"@type\":\"BreadcrumbList\",\"@id\":\"https:\\\/\\\/vozolvapen.de\\\/product\\\/vozol-vista-40000-blueberry-ice\\\/#breadcrumb\",\"itemListElement\":[{\"@type\":\"ListItem\",\"position\":1,\"name\":\"Home\",\"item\":\"https:\\\/\\\/vozolvapen.de\\\/de\\\/\"},{\"@type\":\"ListItem\",\"position\":2,\"name\":\"Shop\",\"item\":\"https:\\\/\\\/vozolvapen.de\\\/shop\\\/\"},{\"@type\":\"ListItem\",\"position\":3,\"name\":\"VOZOL Vista 40000 &#8211; Blueberry Ice\"}]},{\"@type\":\"WebSite\",\"@id\":\"https:\\\/\\\/vozolvapen.de\\\/#website\",\"url\":\"https:\\\/\\\/vozolvapen.de\\\/\",\"name\":\"vozolvapen\",\"description\":\"vozolvapen\",\"publisher\":{\"@id\":\"https:\\\/\\\/vozolvapen.de\\\/#organization\"},\"potentialAction\":[{\"@type\":\"SearchAction\",\"target\":{\"@type\":\"EntryPoint\",\"urlTemplate\":\"https:\\\/\\\/vozolvapen.de\\\/?s={search_term_string}\"},\"query-input\":{\"@type\":\"PropertyValueSpecification\",\"valueRequired\":true,\"valueName\":\"search_term_string\"}}],\"inLanguage\":\"pl-PL\"},{\"@type\":\"Organization\",\"@id\":\"https:\\\/\\\/vozolvapen.de\\\/#organization\",\"name\":\"vozolvapen\",\"url\":\"https:\\\/\\\/vozolvapen.de\\\/\",\"logo\":{\"@type\":\"ImageObject\",\"inLanguage\":\"pl-PL\",\"@id\":\"https:\\\/\\\/vozolvapen.de\\\/#\\\/schema\\\/logo\\\/image\\\/\",\"url\":\"https:\\\/\\\/vozolvapen.de\\\/wp-content\\\/uploads\\\/2025\\\/12\\\/cropped-vozovapen-logo.webp\",\"contentUrl\":\"https:\\\/\\\/vozolvapen.de\\\/wp-content\\\/uploads\\\/2025\\\/12\\\/cropped-vozovapen-logo.webp\",\"width\":470,\"height\":110,\"caption\":\"vozolvapen\"},\"image\":{\"@id\":\"https:\\\/\\\/vozolvapen.de\\\/#\\\/schema\\\/logo\\\/image\\\/\"}}]}<\/script>\n<!-- \/ Yoast SEO Premium plugin. -->","yoast_head_json":{"title":"Vozol Vista 40000 Puffs Blueberry Ice - Oficjalny produkt Vozol Vista Vape - vozolvapen","description":"Bogaty smak Blueberry Ice w Vozol Vista 40000. Ciesz si\u0119 40000 zaci\u0105gni\u0119ciami dzi\u0119ki systemowi cewek z podw\u00f3jn\u0105 siatk\u0105. Vozol 40K zapewnia d\u0142ugotrwa\u0142e, konfigurowalne ch\u0142odzenie.","robots":{"index":"index","follow":"follow","max-snippet":"max-snippet:-1","max-image-preview":"max-image-preview:large","max-video-preview":"max-video-preview:-1"},"canonical":"https:\/\/vozolvapen.de\/pl\/product\/vozol-vista-40000-blueberry-ice\/","og_locale":"pl_PL","og_type":"article","og_title":"VOZOL Vista 40000 - Blueberry Ice","og_description":"Rich Blueberry Ice flavor in the Vozol Vista 40000. Enjoy 40000 puffs powered by the dual mesh coil system. Vozol 40K for long-lasting, customizable coolness.","og_url":"https:\/\/vozolvapen.de\/pl\/product\/vozol-vista-40000-blueberry-ice\/","og_site_name":"vozolvapen","article_modified_time":"2026-02-10T11:16:41+00:00","og_image":[{"width":1080,"height":1080,"url":"https:\/\/vozolvapen.de\/wp-content\/uploads\/2025\/12\/VOZOL-Vista-40000-BLUEBERRY-ICE-2.webp","type":"image\/webp"}],"twitter_card":"summary_large_image","twitter_misc":{"Szacowany czas czytania":"2 minuty"},"schema":{"@context":"https:\/\/schema.org","@graph":[{"@type":"WebPage","@id":"https:\/\/vozolvapen.de\/product\/vozol-vista-40000-blueberry-ice\/","url":"https:\/\/vozolvapen.de\/product\/vozol-vista-40000-blueberry-ice\/","name":"Vozol Vista 40000 Puffs Blueberry Ice - Oficjalny produkt Vozol Vista Vape - vozolvapen","isPartOf":{"@id":"https:\/\/vozolvapen.de\/#website"},"primaryImageOfPage":{"@id":"https:\/\/vozolvapen.de\/product\/vozol-vista-40000-blueberry-ice\/#primaryimage"},"image":{"@id":"https:\/\/vozolvapen.de\/product\/vozol-vista-40000-blueberry-ice\/#primaryimage"},"thumbnailUrl":"https:\/\/vozolvapen.de\/wp-content\/uploads\/2025\/12\/VOZOL-Vista-40000-BLUEBERRY-ICE-2.webp","datePublished":"2025-12-04T06:11:56+00:00","dateModified":"2026-02-10T11:16:41+00:00","description":"Bogaty smak Blueberry Ice w Vozol Vista 40000. Ciesz si\u0119 40000 zaci\u0105gni\u0119ciami dzi\u0119ki systemowi cewek z podw\u00f3jn\u0105 siatk\u0105. Vozol 40K zapewnia d\u0142ugotrwa\u0142e, konfigurowalne ch\u0142odzenie.","breadcrumb":{"@id":"https:\/\/vozolvapen.de\/product\/vozol-vista-40000-blueberry-ice\/#breadcrumb"},"inLanguage":"pl-PL","potentialAction":[{"@type":"ReadAction","target":["https:\/\/vozolvapen.de\/product\/vozol-vista-40000-blueberry-ice\/"]}]},{"@type":"ImageObject","inLanguage":"pl-PL","@id":"https:\/\/vozolvapen.de\/product\/vozol-vista-40000-blueberry-ice\/#primaryimage","url":"https:\/\/vozolvapen.de\/wp-content\/uploads\/2025\/12\/VOZOL-Vista-40000-BLUEBERRY-ICE-2.webp","contentUrl":"https:\/\/vozolvapen.de\/wp-content\/uploads\/2025\/12\/VOZOL-Vista-40000-BLUEBERRY-ICE-2.webp","width":1080,"height":1080,"caption":"VOZOL Vista 40000 - BLUEBERRY ICE (2)"},{"@type":"BreadcrumbList","@id":"https:\/\/vozolvapen.de\/product\/vozol-vista-40000-blueberry-ice\/#breadcrumb","itemListElement":[{"@type":"ListItem","position":1,"name":"Home","item":"https:\/\/vozolvapen.de\/de\/"},{"@type":"ListItem","position":2,"name":"Shop","item":"https:\/\/vozolvapen.de\/shop\/"},{"@type":"ListItem","position":3,"name":"VOZOL Vista 40000 &#8211; Blueberry Ice"}]},{"@type":"WebSite","@id":"https:\/\/vozolvapen.de\/#website","url":"https:\/\/vozolvapen.de\/","name":"vozolvapen","description":"vozolvapen","publisher":{"@id":"https:\/\/vozolvapen.de\/#organization"},"potentialAction":[{"@type":"SearchAction","target":{"@type":"EntryPoint","urlTemplate":"https:\/\/vozolvapen.de\/?s={search_term_string}"},"query-input":{"@type":"PropertyValueSpecification","valueRequired":true,"valueName":"search_term_string"}}],"inLanguage":"pl-PL"},{"@type":"Organization","@id":"https:\/\/vozolvapen.de\/#organization","name":"vozolvapen","url":"https:\/\/vozolvapen.de\/","logo":{"@type":"ImageObject","inLanguage":"pl-PL","@id":"https:\/\/vozolvapen.de\/#\/schema\/logo\/image\/","url":"https:\/\/vozolvapen.de\/wp-content\/uploads\/2025\/12\/cropped-vozovapen-logo.webp","contentUrl":"https:\/\/vozolvapen.de\/wp-content\/uploads\/2025\/12\/cropped-vozovapen-logo.webp","width":470,"height":110,"caption":"vozolvapen"},"image":{"@id":"https:\/\/vozolvapen.de\/#\/schema\/logo\/image\/"}}]}},"tiered_pricing_type":"fixed","tiered_pricing_fixed_rules":{"30":"14.39","50":"11.89","100":"11.39","200":"10.39"},"tiered_pricing_product_settings":{"layout":"default","base_unit_name":{"singular":null,"plural":null},"default_variation":{}},"tiered_pricing_minimum_quantity":10,"tiered_pricing_roles_data":[],"tiered_pricing_percentage_rules":[],"tiered_pricing_maximum_quantity":null,"tiered_pricing_quantity_step":"9","_links":{"self":[{"href":"http:\/\/vozolvapen.de\/pl\/wp-json\/wp\/v2\/product\/7407","targetHints":{"allow":["GET"]}}],"collection":[{"href":"http:\/\/vozolvapen.de\/pl\/wp-json\/wp\/v2\/product"}],"about":[{"href":"http:\/\/vozolvapen.de\/pl\/wp-json\/wp\/v2\/types\/product"}],"replies":[{"embeddable":true,"href":"http:\/\/vozolvapen.de\/pl\/wp-json\/wp\/v2\/comments?post=7407"}],"wp:featuredmedia":[{"embeddable":true,"href":"http:\/\/vozolvapen.de\/pl\/wp-json\/wp\/v2\/media\/7428"}],"wp:attachment":[{"href":"http:\/\/vozolvapen.de\/pl\/wp-json\/wp\/v2\/media?parent=7407"}],"wp:term":[{"taxonomy":"product_brand","embeddable":true,"href":"http:\/\/vozolvapen.de\/pl\/wp-json\/wp\/v2\/product_brand?post=7407"},{"taxonomy":"product_cat","embeddable":true,"href":"http:\/\/vozolvapen.de\/pl\/wp-json\/wp\/v2\/product_cat?post=7407"},{"taxonomy":"product_tag","embeddable":true,"href":"http:\/\/vozolvapen.de\/pl\/wp-json\/wp\/v2\/product_tag?post=7407"}],"curies":[{"name":"wp","href":"https:\/\/api.w.org\/{rel}","templated":true}]}}