{"id":7419,"date":"2025-12-04T06:21:24","date_gmt":"2025-12-04T06:21:24","guid":{"rendered":"https:\/\/vozolvapen.de\/?post_type=product&#038;p=7419"},"modified":"2026-02-10T11:16:19","modified_gmt":"2026-02-10T11:16:19","slug":"vozol-vista-40000-miami-mint","status":"publish","type":"product","link":"http:\/\/vozolvapen.de\/pl\/product\/vozol-vista-40000-miami-mint\/","title":{"rendered":"VOZOL Vista 40000 - Miami Mint"},"content":{"rendered":"<h1 data-path-to-node=\"148\"><b>VOZOL Vista 40000 Puffs jednorazowe Vape - smak Miami Mint<\/b><\/h1>\n<p data-path-to-node=\"149\"><b>Wprowadzenie do smaku:<\/b> <b>Miami Mint<\/b> oferuje wyrafinowane podej\u015bcie do klasycznego smaku mi\u0119ty - czystego, orze\u017awiaj\u0105cego i niezwykle g\u0142adkiego, cz\u0119sto z nut\u0105 subtelnej s\u0142odyczy. The <b>VOZOL Vista 40000<\/b>\u2018wyspecjalizowany <b>Podw\u00f3jna siatka 0,65\u03a9*2<\/b> Cewki s\u0105 idealne do utrzymania chrupko\u015bci tego smaku przez ca\u0142y czas. <b>40000 zaci\u0105gni\u0119\u0107<\/b> liczy\u0107. To <b>vozol vista<\/b> to najlepszy wyb\u00f3r dla waper\u00f3w, kt\u00f3rzy wymagaj\u0105 czysto\u015bci i sp\u00f3jno\u015bci smaku mi\u0119ty.<\/p>\n<h2 data-path-to-node=\"150\"><b>Dlaczego warto wybra\u0107 Vozol Vista 40000 Miami Mint?<\/b><\/h2>\n<ol>\n<li data-path-to-node=\"151,0,0\"><b>Wyrafinowany profil mi\u0119ty:<\/b> \u0141agodniejsza i czystsza ni\u017c tradycyjna ch\u0142odna mi\u0119ta, z subteln\u0105 s\u0142odycz\u0105 - wyb\u00f3r dla zaawansowanych entuzjast\u00f3w mi\u0119ty.<\/li>\n<li data-path-to-node=\"151,1,0\"><b>Podw\u00f3jna siatka Stabilno\u015b\u0107:<\/b> The <b>Podw\u00f3jna cewka siatkowa<\/b> zapewnia, \u017ce mi\u0119towy smak pozostaje niezmiennie \u015bwie\u017cy i ostry na ca\u0142ej pojemno\u015bci 20 ml e-liquidu.<\/li>\n<li data-path-to-node=\"151,2,0\"><b>Bardzo d\u0142ugi czas dzia\u0142ania Vozol 40K:<\/b> <b>40000 zaci\u0105gni\u0119\u0107<\/b> pozwalaj\u0105 cieszy\u0107 si\u0119 tym wysokiej jako\u015bci, orze\u017awiaj\u0105cym mi\u0119towym smakiem przez d\u0142u\u017cszy czas.<\/li>\n<\/ol>\n<h3 data-path-to-node=\"152\"><b>Kluczowe specyfikacje VOZOL Vista 40000<\/b><\/h3>\n<table data-path-to-node=\"10\">\n<thead>\n<tr>\n<td><strong>Parametr<\/strong><\/td>\n<td><strong>Szczeg\u00f3\u0142y<\/strong><\/td>\n<td><strong>Pod\u015bwietlenie<\/strong><\/td>\n<\/tr>\n<\/thead>\n<tbody>\n<tr>\n<td><span data-path-to-node=\"10,1,0,0\"><b>Nazwa modelu<\/b><\/span><\/td>\n<td><span data-path-to-node=\"10,1,1,0\"><b>VOZOL Vista 40000<\/b><\/span><\/td>\n<td><span data-path-to-node=\"10,1,2,0\">Rewolucyjny <b>Vozol 40K<\/b> Seria<\/span><\/td>\n<\/tr>\n<tr>\n<td><span data-path-to-node=\"10,2,0,0\"><b>Max Puffs<\/b><\/span><\/td>\n<td><span data-path-to-node=\"10,2,1,0\">Do <b>40000 Puff\u00f3w<\/b><\/span><\/td>\n<td><span data-path-to-node=\"10,2,2,0\">Doskona\u0142a trwa\u0142o\u015b\u0107<\/span><\/td>\n<\/tr>\n<tr>\n<td><span data-path-to-node=\"10,3,0,0\"><b>E-Liquid<\/b><\/span><\/td>\n<td><span data-path-to-node=\"10,3,1,0\">Wst\u0119pnie nape\u0142niony p\u0142yn 20 ml<\/span><\/td>\n<td><span data-path-to-node=\"10,3,2,0\">Maksymalna pojemno\u015b\u0107<\/span><\/td>\n<\/tr>\n<tr>\n<td><span data-path-to-node=\"10,4,0,0\"><b>Nikotyna<\/b><\/span><\/td>\n<td><span data-path-to-node=\"10,4,1,0\">5% (50mg\/ml) Poziom nikotyny<\/span><\/td>\n<td><span data-path-to-node=\"10,4,2,0\">Silne uderzenie w gard\u0142o<\/span><\/td>\n<\/tr>\n<tr>\n<td><span data-path-to-node=\"10,5,0,0\"><b>Bateria<\/b><\/span><\/td>\n<td><span data-path-to-node=\"10,5,1,0\">Akumulator 1000 mAh<\/span><\/td>\n<td><span data-path-to-node=\"10,5,2,0\">Stabilny i d\u0142ugotrwa\u0142y<\/span><\/td>\n<\/tr>\n<tr>\n<td><span data-path-to-node=\"10,6,0,0\"><b>Cewka<\/b><\/span><\/td>\n<td><span data-path-to-node=\"10,6,1,0\"><b>Podw\u00f3jna siatka 0,65\u03a9*2<\/b><\/span><\/td>\n<td><span data-path-to-node=\"10,6,2,0\">Wzmocnienie smaku<\/span><\/td>\n<\/tr>\n<\/tbody>\n<\/table>\n<h3 dir=\"auto\">Oto dalsze zalecenia dla Ciebie:<\/h3>\n<p dir=\"auto\">Odkryj jeszcze wi\u0119cej niesamowitych smak\u00f3w dzi\u0119ki VOZOL Vista 40000 Puff Vape!<\/p>\n<p dir=\"auto\"><a href=\"https:\/\/vozolvapen.de\/pl\/product-category\/vozol-vape\/vozol-vista-40000-puffs-vape\/\" target=\"_blank\" rel=\"noopener noreferrer nofollow\">Zobacz wszystkie odmiany tutaj \u2192<\/a><\/p>\n<p dir=\"auto\">Zapoznaj si\u0119 z nasz\u0105 pe\u0142n\u0105 kolekcj\u0105 i kupuj produkty najlepszych marek vape, kt\u00f3re pokochasz.<\/p>\n<p dir=\"auto\"><a href=\"https:\/\/vozolvapen.de\/pl\/\" target=\"_blank\" rel=\"noopener noreferrer nofollow\">Przegl\u0105daj teraz wszystkie marki \u2192<\/a><\/p>\n<p dir=\"auto\">Sprawd\u017a ca\u0142\u0105 seri\u0119 VOZOL Vape - ka\u017cdy smak, ka\u017cdy styl!<\/p>\n<p dir=\"auto\"><a href=\"https:\/\/vozolvapen.de\/pl\/product-category\/vozol-vape\/\" target=\"_blank\" rel=\"noopener noreferrer nofollow\">Zobacz pe\u0142n\u0105 kolekcj\u0119 VOZOL Vape \u2192<\/a><\/p>","protected":false},"excerpt":{"rendered":"<p>Niezwykle czysty, wyrafinowany profil mi\u0119towy, kt\u00f3ry oferuje \u0142agodniejsze, nieco s\u0142odsze podej\u015bcie do tradycyjnego ch\u0142odnego orze\u017awienia mentolowego.<\/p>","protected":false},"featured_media":7463,"comment_status":"open","ping_status":"closed","template":"","meta":{"_acf_changed":false},"product_brand":[],"product_cat":[134,57],"product_tag":[],"class_list":{"0":"post-7419","1":"product","2":"type-product","3":"status-publish","4":"has-post-thumbnail","6":"product_cat-eu-warehouse-in-stock","7":"product_cat-vozol-vista-40000-puffs-vape","9":"first","10":"instock","11":"shipping-taxable","12":"purchasable","13":"product-type-variable"},"acf":[],"yoast_head":"<!-- This site is optimized with the Yoast SEO Premium plugin v26.1 (Yoast SEO v27.5) - https:\/\/yoast.com\/product\/yoast-seo-premium-wordpress\/ -->\n<title>Vozol Vista 40000 Puffs Miami Mint - Vozol Vape Refreshing Mint Flavor - vozolvapen<\/title>\n<meta name=\"description\" content=\"Ultra-clean Miami Mint flavor with a smooth finish in the Vozol Vista 40000. A sleek, pure mint taste powered by the dual mesh coil system.\" \/>\n<meta name=\"robots\" content=\"index, follow, max-snippet:-1, max-image-preview:large, max-video-preview:-1\" \/>\n<link rel=\"canonical\" href=\"https:\/\/vozolvapen.de\/pl\/product\/vozol-vista-40000-miami-mint\/\" \/>\n<meta property=\"og:locale\" content=\"pl_PL\" \/>\n<meta property=\"og:type\" content=\"article\" \/>\n<meta property=\"og:title\" content=\"VOZOL Vista 40000 - Miami Mint\" \/>\n<meta property=\"og:description\" content=\"Ultra-clean Miami Mint flavor with a smooth finish in the Vozol Vista 40000. A sleek, pure mint taste powered by the dual mesh coil system.\" \/>\n<meta property=\"og:url\" content=\"https:\/\/vozolvapen.de\/pl\/product\/vozol-vista-40000-miami-mint\/\" \/>\n<meta property=\"og:site_name\" content=\"vozolvapen\" \/>\n<meta property=\"article:modified_time\" content=\"2026-02-10T11:16:19+00:00\" \/>\n<meta property=\"og:image\" content=\"https:\/\/vozolvapen.de\/wp-content\/uploads\/2025\/12\/VOZOL-Vista-40000-WATERMELON-ICE-2.webp\" \/>\n\t<meta property=\"og:image:width\" content=\"1080\" \/>\n\t<meta property=\"og:image:height\" content=\"1080\" \/>\n\t<meta property=\"og:image:type\" content=\"image\/webp\" \/>\n<meta name=\"twitter:card\" content=\"summary_large_image\" \/>\n<meta name=\"twitter:label1\" content=\"Szacowany czas czytania\" \/>\n\t<meta name=\"twitter:data1\" content=\"2 minuty\" \/>\n<script type=\"application\/ld+json\" class=\"yoast-schema-graph\">{\"@context\":\"https:\\\/\\\/schema.org\",\"@graph\":[{\"@type\":\"WebPage\",\"@id\":\"https:\\\/\\\/vozolvapen.de\\\/product\\\/vozol-vista-40000-miami-mint\\\/\",\"url\":\"https:\\\/\\\/vozolvapen.de\\\/product\\\/vozol-vista-40000-miami-mint\\\/\",\"name\":\"Vozol Vista 40000 Puffs Miami Mint - Vozol Vape Refreshing Mint Flavor - vozolvapen\",\"isPartOf\":{\"@id\":\"https:\\\/\\\/vozolvapen.de\\\/#website\"},\"primaryImageOfPage\":{\"@id\":\"https:\\\/\\\/vozolvapen.de\\\/product\\\/vozol-vista-40000-miami-mint\\\/#primaryimage\"},\"image\":{\"@id\":\"https:\\\/\\\/vozolvapen.de\\\/product\\\/vozol-vista-40000-miami-mint\\\/#primaryimage\"},\"thumbnailUrl\":\"https:\\\/\\\/vozolvapen.de\\\/wp-content\\\/uploads\\\/2025\\\/12\\\/VOZOL-Vista-40000-WATERMELON-ICE-2.webp\",\"datePublished\":\"2025-12-04T06:21:24+00:00\",\"dateModified\":\"2026-02-10T11:16:19+00:00\",\"description\":\"Ultra-clean Miami Mint flavor with a smooth finish in the Vozol Vista 40000. A sleek, pure mint taste powered by the dual mesh coil system.\",\"breadcrumb\":{\"@id\":\"https:\\\/\\\/vozolvapen.de\\\/product\\\/vozol-vista-40000-miami-mint\\\/#breadcrumb\"},\"inLanguage\":\"pl-PL\",\"potentialAction\":[{\"@type\":\"ReadAction\",\"target\":[\"https:\\\/\\\/vozolvapen.de\\\/product\\\/vozol-vista-40000-miami-mint\\\/\"]}]},{\"@type\":\"ImageObject\",\"inLanguage\":\"pl-PL\",\"@id\":\"https:\\\/\\\/vozolvapen.de\\\/product\\\/vozol-vista-40000-miami-mint\\\/#primaryimage\",\"url\":\"https:\\\/\\\/vozolvapen.de\\\/wp-content\\\/uploads\\\/2025\\\/12\\\/VOZOL-Vista-40000-WATERMELON-ICE-2.webp\",\"contentUrl\":\"https:\\\/\\\/vozolvapen.de\\\/wp-content\\\/uploads\\\/2025\\\/12\\\/VOZOL-Vista-40000-WATERMELON-ICE-2.webp\",\"width\":1080,\"height\":1080,\"caption\":\"VOZOL Vista 40000 - WATERMELON ICE (2)\"},{\"@type\":\"BreadcrumbList\",\"@id\":\"https:\\\/\\\/vozolvapen.de\\\/product\\\/vozol-vista-40000-miami-mint\\\/#breadcrumb\",\"itemListElement\":[{\"@type\":\"ListItem\",\"position\":1,\"name\":\"Home\",\"item\":\"https:\\\/\\\/vozolvapen.de\\\/de\\\/\"},{\"@type\":\"ListItem\",\"position\":2,\"name\":\"Shop\",\"item\":\"https:\\\/\\\/vozolvapen.de\\\/shop\\\/\"},{\"@type\":\"ListItem\",\"position\":3,\"name\":\"VOZOL Vista 40000 &#8211; Miami Mint\"}]},{\"@type\":\"WebSite\",\"@id\":\"https:\\\/\\\/vozolvapen.de\\\/#website\",\"url\":\"https:\\\/\\\/vozolvapen.de\\\/\",\"name\":\"vozolvapen\",\"description\":\"vozolvapen\",\"publisher\":{\"@id\":\"https:\\\/\\\/vozolvapen.de\\\/#organization\"},\"potentialAction\":[{\"@type\":\"SearchAction\",\"target\":{\"@type\":\"EntryPoint\",\"urlTemplate\":\"https:\\\/\\\/vozolvapen.de\\\/?s={search_term_string}\"},\"query-input\":{\"@type\":\"PropertyValueSpecification\",\"valueRequired\":true,\"valueName\":\"search_term_string\"}}],\"inLanguage\":\"pl-PL\"},{\"@type\":\"Organization\",\"@id\":\"https:\\\/\\\/vozolvapen.de\\\/#organization\",\"name\":\"vozolvapen\",\"url\":\"https:\\\/\\\/vozolvapen.de\\\/\",\"logo\":{\"@type\":\"ImageObject\",\"inLanguage\":\"pl-PL\",\"@id\":\"https:\\\/\\\/vozolvapen.de\\\/#\\\/schema\\\/logo\\\/image\\\/\",\"url\":\"https:\\\/\\\/vozolvapen.de\\\/wp-content\\\/uploads\\\/2025\\\/12\\\/cropped-vozovapen-logo.webp\",\"contentUrl\":\"https:\\\/\\\/vozolvapen.de\\\/wp-content\\\/uploads\\\/2025\\\/12\\\/cropped-vozovapen-logo.webp\",\"width\":470,\"height\":110,\"caption\":\"vozolvapen\"},\"image\":{\"@id\":\"https:\\\/\\\/vozolvapen.de\\\/#\\\/schema\\\/logo\\\/image\\\/\"}}]}<\/script>\n<!-- \/ Yoast SEO Premium plugin. -->","yoast_head_json":{"title":"Vozol Vista 40000 Puffs Miami Mint - Vozol Vape Orze\u017awiaj\u0105cy Mi\u0119towy Smak - vozolvapen","description":"Ultra czysty smak Miami Mint z g\u0142adkim wyko\u0144czeniem w Vozol Vista 40000. Elegancki, czysty mi\u0119towy smak dzi\u0119ki podw\u00f3jnemu systemowi cewek.","robots":{"index":"index","follow":"follow","max-snippet":"max-snippet:-1","max-image-preview":"max-image-preview:large","max-video-preview":"max-video-preview:-1"},"canonical":"https:\/\/vozolvapen.de\/pl\/product\/vozol-vista-40000-miami-mint\/","og_locale":"pl_PL","og_type":"article","og_title":"VOZOL Vista 40000 - Miami Mint","og_description":"Ultra-clean Miami Mint flavor with a smooth finish in the Vozol Vista 40000. A sleek, pure mint taste powered by the dual mesh coil system.","og_url":"https:\/\/vozolvapen.de\/pl\/product\/vozol-vista-40000-miami-mint\/","og_site_name":"vozolvapen","article_modified_time":"2026-02-10T11:16:19+00:00","og_image":[{"width":1080,"height":1080,"url":"https:\/\/vozolvapen.de\/wp-content\/uploads\/2025\/12\/VOZOL-Vista-40000-WATERMELON-ICE-2.webp","type":"image\/webp"}],"twitter_card":"summary_large_image","twitter_misc":{"Szacowany czas czytania":"2 minuty"},"schema":{"@context":"https:\/\/schema.org","@graph":[{"@type":"WebPage","@id":"https:\/\/vozolvapen.de\/product\/vozol-vista-40000-miami-mint\/","url":"https:\/\/vozolvapen.de\/product\/vozol-vista-40000-miami-mint\/","name":"Vozol Vista 40000 Puffs Miami Mint - Vozol Vape Orze\u017awiaj\u0105cy Mi\u0119towy Smak - vozolvapen","isPartOf":{"@id":"https:\/\/vozolvapen.de\/#website"},"primaryImageOfPage":{"@id":"https:\/\/vozolvapen.de\/product\/vozol-vista-40000-miami-mint\/#primaryimage"},"image":{"@id":"https:\/\/vozolvapen.de\/product\/vozol-vista-40000-miami-mint\/#primaryimage"},"thumbnailUrl":"https:\/\/vozolvapen.de\/wp-content\/uploads\/2025\/12\/VOZOL-Vista-40000-WATERMELON-ICE-2.webp","datePublished":"2025-12-04T06:21:24+00:00","dateModified":"2026-02-10T11:16:19+00:00","description":"Ultra czysty smak Miami Mint z g\u0142adkim wyko\u0144czeniem w Vozol Vista 40000. Elegancki, czysty mi\u0119towy smak dzi\u0119ki podw\u00f3jnemu systemowi cewek.","breadcrumb":{"@id":"https:\/\/vozolvapen.de\/product\/vozol-vista-40000-miami-mint\/#breadcrumb"},"inLanguage":"pl-PL","potentialAction":[{"@type":"ReadAction","target":["https:\/\/vozolvapen.de\/product\/vozol-vista-40000-miami-mint\/"]}]},{"@type":"ImageObject","inLanguage":"pl-PL","@id":"https:\/\/vozolvapen.de\/product\/vozol-vista-40000-miami-mint\/#primaryimage","url":"https:\/\/vozolvapen.de\/wp-content\/uploads\/2025\/12\/VOZOL-Vista-40000-WATERMELON-ICE-2.webp","contentUrl":"https:\/\/vozolvapen.de\/wp-content\/uploads\/2025\/12\/VOZOL-Vista-40000-WATERMELON-ICE-2.webp","width":1080,"height":1080,"caption":"VOZOL Vista 40000 - WATERMELON ICE (2)"},{"@type":"BreadcrumbList","@id":"https:\/\/vozolvapen.de\/product\/vozol-vista-40000-miami-mint\/#breadcrumb","itemListElement":[{"@type":"ListItem","position":1,"name":"Home","item":"https:\/\/vozolvapen.de\/de\/"},{"@type":"ListItem","position":2,"name":"Shop","item":"https:\/\/vozolvapen.de\/shop\/"},{"@type":"ListItem","position":3,"name":"VOZOL Vista 40000 &#8211; Miami Mint"}]},{"@type":"WebSite","@id":"https:\/\/vozolvapen.de\/#website","url":"https:\/\/vozolvapen.de\/","name":"vozolvapen","description":"vozolvapen","publisher":{"@id":"https:\/\/vozolvapen.de\/#organization"},"potentialAction":[{"@type":"SearchAction","target":{"@type":"EntryPoint","urlTemplate":"https:\/\/vozolvapen.de\/?s={search_term_string}"},"query-input":{"@type":"PropertyValueSpecification","valueRequired":true,"valueName":"search_term_string"}}],"inLanguage":"pl-PL"},{"@type":"Organization","@id":"https:\/\/vozolvapen.de\/#organization","name":"vozolvapen","url":"https:\/\/vozolvapen.de\/","logo":{"@type":"ImageObject","inLanguage":"pl-PL","@id":"https:\/\/vozolvapen.de\/#\/schema\/logo\/image\/","url":"https:\/\/vozolvapen.de\/wp-content\/uploads\/2025\/12\/cropped-vozovapen-logo.webp","contentUrl":"https:\/\/vozolvapen.de\/wp-content\/uploads\/2025\/12\/cropped-vozovapen-logo.webp","width":470,"height":110,"caption":"vozolvapen"},"image":{"@id":"https:\/\/vozolvapen.de\/#\/schema\/logo\/image\/"}}]}},"tiered_pricing_type":"fixed","tiered_pricing_fixed_rules":{"30":"14.39","50":"11.89","100":"11.39","200":"10.39"},"tiered_pricing_product_settings":{"layout":"default","base_unit_name":{"singular":null,"plural":null},"default_variation":{}},"tiered_pricing_minimum_quantity":10,"tiered_pricing_roles_data":[],"tiered_pricing_percentage_rules":[],"tiered_pricing_maximum_quantity":null,"tiered_pricing_quantity_step":"10","_links":{"self":[{"href":"http:\/\/vozolvapen.de\/pl\/wp-json\/wp\/v2\/product\/7419","targetHints":{"allow":["GET"]}}],"collection":[{"href":"http:\/\/vozolvapen.de\/pl\/wp-json\/wp\/v2\/product"}],"about":[{"href":"http:\/\/vozolvapen.de\/pl\/wp-json\/wp\/v2\/types\/product"}],"replies":[{"embeddable":true,"href":"http:\/\/vozolvapen.de\/pl\/wp-json\/wp\/v2\/comments?post=7419"}],"wp:featuredmedia":[{"embeddable":true,"href":"http:\/\/vozolvapen.de\/pl\/wp-json\/wp\/v2\/media\/7463"}],"wp:attachment":[{"href":"http:\/\/vozolvapen.de\/pl\/wp-json\/wp\/v2\/media?parent=7419"}],"wp:term":[{"taxonomy":"product_brand","embeddable":true,"href":"http:\/\/vozolvapen.de\/pl\/wp-json\/wp\/v2\/product_brand?post=7419"},{"taxonomy":"product_cat","embeddable":true,"href":"http:\/\/vozolvapen.de\/pl\/wp-json\/wp\/v2\/product_cat?post=7419"},{"taxonomy":"product_tag","embeddable":true,"href":"http:\/\/vozolvapen.de\/pl\/wp-json\/wp\/v2\/product_tag?post=7419"}],"curies":[{"name":"wp","href":"https:\/\/api.w.org\/{rel}","templated":true}]}}