{"id":7472,"date":"2025-12-04T08:18:22","date_gmt":"2025-12-04T08:18:22","guid":{"rendered":"https:\/\/vozolvapen.de\/?post_type=product&#038;p=7472"},"modified":"2026-02-10T11:24:02","modified_gmt":"2026-02-10T11:24:02","slug":"vozol-neon-45000-berry-cherry-lime","status":"publish","type":"product","link":"http:\/\/vozolvapen.de\/pl\/product\/vozol-neon-45000-berry-cherry-lime\/","title":{"rendered":"VOZOL Neon 45000 - Berry Cherry Lime"},"content":{"rendered":"<h1 data-path-to-node=\"149\"><b>VOZOL Neon 45000 Berry Cherry Lime: 45000 puff\u00f3w o zr\u00f3wnowa\u017conym smaku s\u0142odyczy i sk\u00f3rki.<\/b><\/h1>\n<p data-path-to-node=\"150\">The <b>VOZOL Neon 45000 Berry Cherry Lime<\/b> zapewnia najwy\u017csz\u0105 jako\u015b\u0107 z\u0142o\u017conego, nie lodowatego smaku owoc\u00f3w. To <b>vozol neon<\/b> Profil jest mistrzowsk\u0105 mieszank\u0105 trzech r\u00f3\u017cnych nut, pozwalaj\u0105c\u0105 vaperom na precyzyjne ustawienie mocy i przep\u0142ywu powietrza w celu uzyskania idealnego smaku przez zdumiewaj\u0105cy okres czasu. <b>45000 zaci\u0105gni\u0119\u0107<\/b> w tym wiod\u0105cym <b>vozol 45000<\/b> urz\u0105dzenie.<\/p>\n<h2 data-path-to-node=\"151\"><b>Profil smakowy Deep Dive: Berry Cherry Lime<\/b><\/h2>\n<ul>\n<li data-path-to-node=\"152,0,0\"><b>Podstawowy smak:<\/b> Mieszanka s\u0142odkich jag\u00f3d stanowi znajom\u0105 i przyjemn\u0105 baz\u0119, na kt\u00f3r\u0105 nak\u0142adaj\u0105 si\u0119 bogate, g\u0142\u0119bokie nuty czarnej wi\u015bni.<\/li>\n<li data-path-to-node=\"152,1,0\"><b>Tekstura\/Sub-nuta:<\/b> Kulminacj\u0105 tego do\u015bwiadczenia jest jasny, czysty wybuch \u015bwie\u017cej sk\u00f3rki limonki, kt\u00f3ra przecina s\u0142odycz, pozostawiaj\u0105c pi\u0119knie zbalansowane, czyste podniebienie.<\/li>\n<li data-path-to-node=\"152,2,0\">The <b>Podw\u00f3jna cewka siatkowa<\/b> Zapewnia, \u017ce trzy r\u00f3\u017cne sk\u0142adniki tego bezmentolowego smaku s\u0105 \u017cywo odwzorowane, a separacja smaku jest utrzymywana przez ca\u0142y okres u\u017cytkowania urz\u0105dzenia.<\/li>\n<\/ul>\n<h2 data-path-to-node=\"153\"><b>Jak technologia VOZOL Neon 45000 poprawia profil smakowy?<\/b><\/h2>\n<p data-path-to-node=\"154\">Personalizacja urz\u0105dzenia koncentruje si\u0119 na wydobyciu z\u0142o\u017cono\u015bci tej wieloowocowej mieszanki:<\/p>\n<ul>\n<li data-path-to-node=\"155,0,0\"><b>Regulowana moc (3 poziomy):<\/b> U\u017cyj niskiego ustawienia mocy, aby podkre\u015bli\u0107 delikatn\u0105 sk\u00f3rk\u0119 limonki, lub zwi\u0119ksz moc, aby pog\u0142\u0119bi\u0107 s\u0142odkie nuty wi\u015bni i jag\u00f3d.<\/li>\n<li data-path-to-node=\"155,1,0\"><b>Regulowany przep\u0142yw powietrza (3 poziomy):<\/b> Cia\u015bniejszy przep\u0142yw powietrza koncentruje wszystkie trzy smaki, zapewniaj\u0105c mocne, pojedyncze doznania; otw\u00f3rz przep\u0142yw powietrza, aby oddzieli\u0107 warstwy owoc\u00f3w.<\/li>\n<li data-path-to-node=\"155,2,0\"><b><span class=\"citation-46\">Inteligentny wy\u015bwietlacz:<\/span><\/b><span class=\"citation-46\"> Monitoruj poziom 26 ml e-liquidu w czasie rzeczywistym, aby zapobiec wypaleniu smaku i zagwarantowa\u0107 pe\u0142ny <\/span><b><span class=\"citation-46\">vozol puff<\/span><\/b><span class=\"citation-46 citation-end-46\"> do\u015bwiadczenie.<\/span><\/li>\n<\/ul>\n<h3 data-path-to-node=\"156\"><b>Specyfikacja Berry Cherry Lime Snapshot<\/b><\/h3>\n<table data-path-to-node=\"157\">\n<thead>\n<tr>\n<td><strong>Cecha<\/strong><\/td>\n<td><strong>Szczeg\u00f3\u0142y<\/strong><\/td>\n<\/tr>\n<\/thead>\n<tbody>\n<tr>\n<td><span data-path-to-node=\"157,1,0,0\">Profil smakowy<\/span><\/td>\n<td><span data-path-to-node=\"157,1,1,0\">Owoce z\u0142o\u017cone (s\u0142odkie, cierpkie, pikantne)<\/span><\/td>\n<\/tr>\n<tr>\n<td><span data-path-to-node=\"157,2,0,0\">Max Puffs<\/span><\/td>\n<td><span data-path-to-node=\"157,2,1,0\">do 45000<\/span><\/td>\n<\/tr>\n<tr>\n<td><span data-path-to-node=\"157,3,0,0\">Pojemno\u015b\u0107 E-Liquid<\/span><\/td>\n<td><span data-path-to-node=\"157,3,1,0\">26ML<\/span><\/td>\n<\/tr>\n<tr>\n<td><span data-path-to-node=\"157,4,0,0\">Personalizacja<\/span><\/td>\n<td><span data-path-to-node=\"157,4,1,0\">3-poziomowe zasilanie \/ 4-poziomowe ch\u0142odzenie<\/span><\/td>\n<\/tr>\n<tr>\n<td><span data-path-to-node=\"157,5,0,0\">Poziom nikotyny<\/span><\/td>\n<td><span data-path-to-node=\"157,5,1,0\">5% (50 mg\/ml)<\/span><\/td>\n<\/tr>\n<\/tbody>\n<\/table>\n<h2 data-path-to-node=\"158\"><b>Przewaga hurtowa: Magazynowanie najlepszych kapsu\u0142ek Vozol<\/b><\/h2>\n<p data-path-to-node=\"159\">The <b>VOZOL Neon 45000 Berry Cherry Lime<\/b> to bardzo poszukiwana z\u0142o\u017cono\u015b\u0107 smakowa. Wsp\u00f3\u0142pracuj z nami, aby uzyska\u0107 niezawodn\u0105, szybk\u0105 europejsk\u0105 wysy\u0142k\u0119 (1-3 dni) i zaspokoi\u0107 wysokie zapotrzebowanie konsument\u00f3w na konfigurowalne produkty. <b>kapsu\u0142ki vozol<\/b>. Zabezpiecz swoje zam\u00f3wienie zbiorcze ju\u017c dzi\u015b i zaoferuj to, co najlepsze w dmuchawach o wysokim stopniu kontroli. <b>vozol neon<\/b> urz\u0105dzenia.<\/p>\n<h3 dir=\"auto\">Oto dalsze zalecenia dla Ciebie:<\/h3>\n<p dir=\"auto\">Odkryj jeszcze wi\u0119cej niesamowitych smak\u00f3w dzi\u0119ki Fumot VOZOL Neon 45000Puff Vape!<\/p>\n<p dir=\"auto\"><a href=\"https:\/\/vozolvapen.de\/pl\/product-category\/vozol-vape\/vozol-neon-45000-puffs-vape\/\" target=\"_blank\" rel=\"noopener noreferrer nofollow\">Zobacz wszystkie odmiany tutaj \u2192<\/a><\/p>\n<p dir=\"auto\">Zapoznaj si\u0119 z nasz\u0105 pe\u0142n\u0105 kolekcj\u0105 i kupuj produkty najlepszych marek vape, kt\u00f3re pokochasz.<\/p>\n<p dir=\"auto\"><a href=\"https:\/\/vozolvapen.de\/pl\/\" target=\"_blank\" rel=\"noopener noreferrer nofollow\">Przegl\u0105daj teraz wszystkie marki \u2192<\/a><\/p>\n<p dir=\"auto\">Sprawd\u017a ca\u0142\u0105 seri\u0119 VOZOL Vape - ka\u017cdy smak, ka\u017cdy styl!<\/p>\n<p dir=\"auto\"><a href=\"https:\/\/vozolvapen.de\/pl\/product-category\/vozol-vape\/\" target=\"_blank\" rel=\"noopener noreferrer nofollow\">Zobacz pe\u0142n\u0105 kolekcj\u0119 VOZOL Vape \u2192<\/a><\/p>","protected":false},"excerpt":{"rendered":"<p>Zr\u00f3wnowa\u017cona trylogia: s\u0142odkie mieszane jagody, soczysta wi\u015bnia i jasny, pikantny limonkowy finisz. Z\u0142o\u017cona, nie lodowata mieszanka.<\/p>","protected":false},"featured_media":7515,"comment_status":"open","ping_status":"closed","template":"","meta":{"_acf_changed":false},"product_brand":[],"product_cat":[134,58],"product_tag":[],"class_list":{"0":"post-7472","1":"product","2":"type-product","3":"status-publish","4":"has-post-thumbnail","6":"product_cat-eu-warehouse-in-stock","7":"product_cat-vozol-neon-45000-puffs-vape","9":"first","10":"instock","11":"shipping-taxable","12":"purchasable","13":"product-type-variable"},"acf":[],"yoast_head":"<!-- This site is optimized with the Yoast SEO Premium plugin v26.1 (Yoast SEO v27.5) - https:\/\/yoast.com\/product\/yoast-seo-premium-wordpress\/ -->\n<title>VOZOL Neon 45000 Berry Cherry Lime - Authentic vozol 45000 Flavor - vozolvapen<\/title>\n<meta name=\"description\" content=\"Experience the vibrant Berry Cherry Lime flavor on the VOZOL Neon 45000. This exquisite vozol puff blend delivers sweet berries, lush cherry, and zesty lime, perfected by the dual mesh coil technology.\" \/>\n<meta name=\"robots\" content=\"index, follow, max-snippet:-1, max-image-preview:large, max-video-preview:-1\" \/>\n<link rel=\"canonical\" href=\"https:\/\/vozolvapen.de\/pl\/product\/vozol-neon-45000-berry-cherry-lime\/\" \/>\n<meta property=\"og:locale\" content=\"pl_PL\" \/>\n<meta property=\"og:type\" content=\"article\" \/>\n<meta property=\"og:title\" content=\"VOZOL Neon 45000 - Berry Cherry Lime\" \/>\n<meta property=\"og:description\" content=\"Experience the vibrant Berry Cherry Lime flavor on the VOZOL Neon 45000. This exquisite vozol puff blend delivers sweet berries, lush cherry, and zesty lime, perfected by the dual mesh coil technology.\" \/>\n<meta property=\"og:url\" content=\"https:\/\/vozolvapen.de\/pl\/product\/vozol-neon-45000-berry-cherry-lime\/\" \/>\n<meta property=\"og:site_name\" content=\"vozolvapen\" \/>\n<meta property=\"article:modified_time\" content=\"2026-02-10T11:24:02+00:00\" \/>\n<meta property=\"og:image\" content=\"https:\/\/vozolvapen.de\/wp-content\/uploads\/2025\/12\/Vozol-Neon-45000-Vozol-Neon-45000-BERRY-CHERRY-LIME.webp\" \/>\n\t<meta property=\"og:image:width\" content=\"1200\" \/>\n\t<meta property=\"og:image:height\" content=\"1200\" \/>\n\t<meta property=\"og:image:type\" content=\"image\/webp\" \/>\n<meta name=\"twitter:card\" content=\"summary_large_image\" \/>\n<meta name=\"twitter:label1\" content=\"Szacowany czas czytania\" \/>\n\t<meta name=\"twitter:data1\" content=\"2 minuty\" \/>\n<script type=\"application\/ld+json\" class=\"yoast-schema-graph\">{\"@context\":\"https:\\\/\\\/schema.org\",\"@graph\":[{\"@type\":\"WebPage\",\"@id\":\"https:\\\/\\\/vozolvapen.de\\\/product\\\/vozol-neon-45000-berry-cherry-lime\\\/\",\"url\":\"https:\\\/\\\/vozolvapen.de\\\/product\\\/vozol-neon-45000-berry-cherry-lime\\\/\",\"name\":\"VOZOL Neon 45000 Berry Cherry Lime - Authentic vozol 45000 Flavor - vozolvapen\",\"isPartOf\":{\"@id\":\"https:\\\/\\\/vozolvapen.de\\\/#website\"},\"primaryImageOfPage\":{\"@id\":\"https:\\\/\\\/vozolvapen.de\\\/product\\\/vozol-neon-45000-berry-cherry-lime\\\/#primaryimage\"},\"image\":{\"@id\":\"https:\\\/\\\/vozolvapen.de\\\/product\\\/vozol-neon-45000-berry-cherry-lime\\\/#primaryimage\"},\"thumbnailUrl\":\"https:\\\/\\\/vozolvapen.de\\\/wp-content\\\/uploads\\\/2025\\\/12\\\/Vozol-Neon-45000-Vozol-Neon-45000-BERRY-CHERRY-LIME.webp\",\"datePublished\":\"2025-12-04T08:18:22+00:00\",\"dateModified\":\"2026-02-10T11:24:02+00:00\",\"description\":\"Experience the vibrant Berry Cherry Lime flavor on the VOZOL Neon 45000. This exquisite vozol puff blend delivers sweet berries, lush cherry, and zesty lime, perfected by the dual mesh coil technology.\",\"breadcrumb\":{\"@id\":\"https:\\\/\\\/vozolvapen.de\\\/product\\\/vozol-neon-45000-berry-cherry-lime\\\/#breadcrumb\"},\"inLanguage\":\"pl-PL\",\"potentialAction\":[{\"@type\":\"ReadAction\",\"target\":[\"https:\\\/\\\/vozolvapen.de\\\/product\\\/vozol-neon-45000-berry-cherry-lime\\\/\"]}]},{\"@type\":\"ImageObject\",\"inLanguage\":\"pl-PL\",\"@id\":\"https:\\\/\\\/vozolvapen.de\\\/product\\\/vozol-neon-45000-berry-cherry-lime\\\/#primaryimage\",\"url\":\"https:\\\/\\\/vozolvapen.de\\\/wp-content\\\/uploads\\\/2025\\\/12\\\/Vozol-Neon-45000-Vozol-Neon-45000-BERRY-CHERRY-LIME.webp\",\"contentUrl\":\"https:\\\/\\\/vozolvapen.de\\\/wp-content\\\/uploads\\\/2025\\\/12\\\/Vozol-Neon-45000-Vozol-Neon-45000-BERRY-CHERRY-LIME.webp\",\"width\":1200,\"height\":1200,\"caption\":\"Vozol Neon 45000 - BERRY CHERRY LIME\"},{\"@type\":\"BreadcrumbList\",\"@id\":\"https:\\\/\\\/vozolvapen.de\\\/product\\\/vozol-neon-45000-berry-cherry-lime\\\/#breadcrumb\",\"itemListElement\":[{\"@type\":\"ListItem\",\"position\":1,\"name\":\"Home\",\"item\":\"https:\\\/\\\/vozolvapen.de\\\/de\\\/\"},{\"@type\":\"ListItem\",\"position\":2,\"name\":\"Shop\",\"item\":\"https:\\\/\\\/vozolvapen.de\\\/shop\\\/\"},{\"@type\":\"ListItem\",\"position\":3,\"name\":\"VOZOL Neon 45000 &#8211; Berry Cherry Lime\"}]},{\"@type\":\"WebSite\",\"@id\":\"https:\\\/\\\/vozolvapen.de\\\/#website\",\"url\":\"https:\\\/\\\/vozolvapen.de\\\/\",\"name\":\"vozolvapen\",\"description\":\"vozolvapen\",\"publisher\":{\"@id\":\"https:\\\/\\\/vozolvapen.de\\\/#organization\"},\"potentialAction\":[{\"@type\":\"SearchAction\",\"target\":{\"@type\":\"EntryPoint\",\"urlTemplate\":\"https:\\\/\\\/vozolvapen.de\\\/?s={search_term_string}\"},\"query-input\":{\"@type\":\"PropertyValueSpecification\",\"valueRequired\":true,\"valueName\":\"search_term_string\"}}],\"inLanguage\":\"pl-PL\"},{\"@type\":\"Organization\",\"@id\":\"https:\\\/\\\/vozolvapen.de\\\/#organization\",\"name\":\"vozolvapen\",\"url\":\"https:\\\/\\\/vozolvapen.de\\\/\",\"logo\":{\"@type\":\"ImageObject\",\"inLanguage\":\"pl-PL\",\"@id\":\"https:\\\/\\\/vozolvapen.de\\\/#\\\/schema\\\/logo\\\/image\\\/\",\"url\":\"https:\\\/\\\/vozolvapen.de\\\/wp-content\\\/uploads\\\/2025\\\/12\\\/cropped-vozovapen-logo.webp\",\"contentUrl\":\"https:\\\/\\\/vozolvapen.de\\\/wp-content\\\/uploads\\\/2025\\\/12\\\/cropped-vozovapen-logo.webp\",\"width\":470,\"height\":110,\"caption\":\"vozolvapen\"},\"image\":{\"@id\":\"https:\\\/\\\/vozolvapen.de\\\/#\\\/schema\\\/logo\\\/image\\\/\"}}]}<\/script>\n<!-- \/ Yoast SEO Premium plugin. -->","yoast_head_json":{"title":"VOZOL Neon 45000 Berry Cherry Lime - Autentyczny smak vozol 45000 - vozolvapen","description":"Do\u015bwiadcz \u017cywego smaku Berry Cherry Lime w VOZOL Neon 45000. Ta wykwintna mieszanka vozol puff zapewnia s\u0142odkie jagody, soczyst\u0105 wi\u015bni\u0119 i pikantn\u0105 limonk\u0119, udoskonalone dzi\u0119ki technologii podw\u00f3jnej cewki siatkowej.","robots":{"index":"index","follow":"follow","max-snippet":"max-snippet:-1","max-image-preview":"max-image-preview:large","max-video-preview":"max-video-preview:-1"},"canonical":"https:\/\/vozolvapen.de\/pl\/product\/vozol-neon-45000-berry-cherry-lime\/","og_locale":"pl_PL","og_type":"article","og_title":"VOZOL Neon 45000 - Berry Cherry Lime","og_description":"Experience the vibrant Berry Cherry Lime flavor on the VOZOL Neon 45000. This exquisite vozol puff blend delivers sweet berries, lush cherry, and zesty lime, perfected by the dual mesh coil technology.","og_url":"https:\/\/vozolvapen.de\/pl\/product\/vozol-neon-45000-berry-cherry-lime\/","og_site_name":"vozolvapen","article_modified_time":"2026-02-10T11:24:02+00:00","og_image":[{"width":1200,"height":1200,"url":"https:\/\/vozolvapen.de\/wp-content\/uploads\/2025\/12\/Vozol-Neon-45000-Vozol-Neon-45000-BERRY-CHERRY-LIME.webp","type":"image\/webp"}],"twitter_card":"summary_large_image","twitter_misc":{"Szacowany czas czytania":"2 minuty"},"schema":{"@context":"https:\/\/schema.org","@graph":[{"@type":"WebPage","@id":"https:\/\/vozolvapen.de\/product\/vozol-neon-45000-berry-cherry-lime\/","url":"https:\/\/vozolvapen.de\/product\/vozol-neon-45000-berry-cherry-lime\/","name":"VOZOL Neon 45000 Berry Cherry Lime - Autentyczny smak vozol 45000 - vozolvapen","isPartOf":{"@id":"https:\/\/vozolvapen.de\/#website"},"primaryImageOfPage":{"@id":"https:\/\/vozolvapen.de\/product\/vozol-neon-45000-berry-cherry-lime\/#primaryimage"},"image":{"@id":"https:\/\/vozolvapen.de\/product\/vozol-neon-45000-berry-cherry-lime\/#primaryimage"},"thumbnailUrl":"https:\/\/vozolvapen.de\/wp-content\/uploads\/2025\/12\/Vozol-Neon-45000-Vozol-Neon-45000-BERRY-CHERRY-LIME.webp","datePublished":"2025-12-04T08:18:22+00:00","dateModified":"2026-02-10T11:24:02+00:00","description":"Do\u015bwiadcz \u017cywego smaku Berry Cherry Lime w VOZOL Neon 45000. Ta wykwintna mieszanka vozol puff zapewnia s\u0142odkie jagody, soczyst\u0105 wi\u015bni\u0119 i pikantn\u0105 limonk\u0119, udoskonalone dzi\u0119ki technologii podw\u00f3jnej cewki siatkowej.","breadcrumb":{"@id":"https:\/\/vozolvapen.de\/product\/vozol-neon-45000-berry-cherry-lime\/#breadcrumb"},"inLanguage":"pl-PL","potentialAction":[{"@type":"ReadAction","target":["https:\/\/vozolvapen.de\/product\/vozol-neon-45000-berry-cherry-lime\/"]}]},{"@type":"ImageObject","inLanguage":"pl-PL","@id":"https:\/\/vozolvapen.de\/product\/vozol-neon-45000-berry-cherry-lime\/#primaryimage","url":"https:\/\/vozolvapen.de\/wp-content\/uploads\/2025\/12\/Vozol-Neon-45000-Vozol-Neon-45000-BERRY-CHERRY-LIME.webp","contentUrl":"https:\/\/vozolvapen.de\/wp-content\/uploads\/2025\/12\/Vozol-Neon-45000-Vozol-Neon-45000-BERRY-CHERRY-LIME.webp","width":1200,"height":1200,"caption":"Vozol Neon 45000 - BERRY CHERRY LIME"},{"@type":"BreadcrumbList","@id":"https:\/\/vozolvapen.de\/product\/vozol-neon-45000-berry-cherry-lime\/#breadcrumb","itemListElement":[{"@type":"ListItem","position":1,"name":"Home","item":"https:\/\/vozolvapen.de\/de\/"},{"@type":"ListItem","position":2,"name":"Shop","item":"https:\/\/vozolvapen.de\/shop\/"},{"@type":"ListItem","position":3,"name":"VOZOL Neon 45000 &#8211; Berry Cherry Lime"}]},{"@type":"WebSite","@id":"https:\/\/vozolvapen.de\/#website","url":"https:\/\/vozolvapen.de\/","name":"vozolvapen","description":"vozolvapen","publisher":{"@id":"https:\/\/vozolvapen.de\/#organization"},"potentialAction":[{"@type":"SearchAction","target":{"@type":"EntryPoint","urlTemplate":"https:\/\/vozolvapen.de\/?s={search_term_string}"},"query-input":{"@type":"PropertyValueSpecification","valueRequired":true,"valueName":"search_term_string"}}],"inLanguage":"pl-PL"},{"@type":"Organization","@id":"https:\/\/vozolvapen.de\/#organization","name":"vozolvapen","url":"https:\/\/vozolvapen.de\/","logo":{"@type":"ImageObject","inLanguage":"pl-PL","@id":"https:\/\/vozolvapen.de\/#\/schema\/logo\/image\/","url":"https:\/\/vozolvapen.de\/wp-content\/uploads\/2025\/12\/cropped-vozovapen-logo.webp","contentUrl":"https:\/\/vozolvapen.de\/wp-content\/uploads\/2025\/12\/cropped-vozovapen-logo.webp","width":470,"height":110,"caption":"vozolvapen"},"image":{"@id":"https:\/\/vozolvapen.de\/#\/schema\/logo\/image\/"}}]}},"tiered_pricing_type":"fixed","tiered_pricing_fixed_rules":{"30":"14.39","50":"11.89","100":"11.39","200":"10.39"},"tiered_pricing_product_settings":{"layout":"default","base_unit_name":{"singular":null,"plural":null},"default_variation":{}},"tiered_pricing_minimum_quantity":10,"tiered_pricing_roles_data":[],"tiered_pricing_percentage_rules":[],"tiered_pricing_maximum_quantity":null,"tiered_pricing_quantity_step":"10","_links":{"self":[{"href":"http:\/\/vozolvapen.de\/pl\/wp-json\/wp\/v2\/product\/7472","targetHints":{"allow":["GET"]}}],"collection":[{"href":"http:\/\/vozolvapen.de\/pl\/wp-json\/wp\/v2\/product"}],"about":[{"href":"http:\/\/vozolvapen.de\/pl\/wp-json\/wp\/v2\/types\/product"}],"replies":[{"embeddable":true,"href":"http:\/\/vozolvapen.de\/pl\/wp-json\/wp\/v2\/comments?post=7472"}],"wp:featuredmedia":[{"embeddable":true,"href":"http:\/\/vozolvapen.de\/pl\/wp-json\/wp\/v2\/media\/7515"}],"wp:attachment":[{"href":"http:\/\/vozolvapen.de\/pl\/wp-json\/wp\/v2\/media?parent=7472"}],"wp:term":[{"taxonomy":"product_brand","embeddable":true,"href":"http:\/\/vozolvapen.de\/pl\/wp-json\/wp\/v2\/product_brand?post=7472"},{"taxonomy":"product_cat","embeddable":true,"href":"http:\/\/vozolvapen.de\/pl\/wp-json\/wp\/v2\/product_cat?post=7472"},{"taxonomy":"product_tag","embeddable":true,"href":"http:\/\/vozolvapen.de\/pl\/wp-json\/wp\/v2\/product_tag?post=7472"}],"curies":[{"name":"wp","href":"https:\/\/api.w.org\/{rel}","templated":true}]}}