{"id":7475,"date":"2025-12-04T08:18:34","date_gmt":"2025-12-04T08:18:34","guid":{"rendered":"https:\/\/vozolvapen.de\/?post_type=product&#038;p=7475"},"modified":"2026-02-10T11:23:56","modified_gmt":"2026-02-10T11:23:56","slug":"vozol-neon-45000-blueberry-watermelon","status":"publish","type":"product","link":"http:\/\/vozolvapen.de\/pl\/product\/vozol-neon-45000-blueberry-watermelon\/","title":{"rendered":"VOZOL Neon 45000 - Blueberry Watermelon"},"content":{"rendered":"<h1 data-path-to-node=\"163\"><b>VOZOL Neon 45000 Blueberry Watermelon: 26ML g\u0142adkiej, nieoblodzonej owocowej fuzji dla 45000 Puff\u00f3w<\/b><\/h1>\n<p data-path-to-node=\"164\">The <b>VOZOL Neon 45000 Blueberry Watermelon<\/b> oferuje idealn\u0105 r\u00f3wnowag\u0119 \u0142agodnej s\u0142odyczy i orze\u017awiaj\u0105cej soczysto\u015bci. To <b>vozol neon<\/b> Mieszanka zapewnia niewiarygodnie g\u0142adkie, bezmentolowe doznania, kt\u00f3re mo\u017cna precyzyjnie dostroi\u0107 za pomoc\u0105 3-stopniowej regulacji, zapewniaj\u0105c czysty owocowy smak na ca\u0142ej powierzchni. <b>45000 zaci\u0105gni\u0119\u0107<\/b> d\u0142ugo\u015b\u0107 \u017cycia.<\/p>\n<h2 data-path-to-node=\"165\"><b>Szczeg\u00f3\u0142owy profil smakowy: Blueberry Watermelon<\/b><\/h2>\n<ul>\n<li data-path-to-node=\"166,0,0\"><b>Podstawowy smak:<\/b> Aksamitna s\u0142odycz dojrza\u0142ej bor\u00f3wki, dzia\u0142aj\u0105ca jako bogaty, aromatyczny akcent.<\/li>\n<li data-path-to-node=\"166,1,0\"><b>Tekstura\/Sub-nuta:<\/b> Jest to doskonale po\u0142\u0105czone z intensywnym nawil\u017ceniem i chrupko\u015bci\u0105 \u015bwie\u017cego soku arbuzowego, co skutkuje czyst\u0105, ca\u0142odzienn\u0105 owocow\u0105 inhalacj\u0105.<\/li>\n<li data-path-to-node=\"166,2,0\">The <b>Podw\u00f3jna cewka siatkowa<\/b> System zapewnia, \u017ce zar\u00f3wno subtelne nuty jagodowe, jak i mocna soczysto\u015b\u0107 arbuza s\u0105 skutecznie odparowywane, zapewniaj\u0105c ciep\u0142\u0105, satysfakcjonuj\u0105c\u0105 par\u0119.<\/li>\n<\/ul>\n<h2 data-path-to-node=\"167\"><b>Jak technologia VOZOL Neon 45000 poprawia profil smakowy?<\/b><\/h2>\n<p data-path-to-node=\"168\">Konfigurowalny sprz\u0119t jest niezb\u0119dny do osi\u0105gni\u0119cia po\u017c\u0105danej konsystencji i soczysto\u015bci:<\/p>\n<ul>\n<li data-path-to-node=\"169,0,0\"><b>Regulowana moc (3 poziomy):<\/b> U\u017cycie wy\u017cszej mocy mo\u017ce wzmocni\u0107 s\u0142odkie, pocieszaj\u0105ce nuty bor\u00f3wki.<\/li>\n<li data-path-to-node=\"169,1,0\"><b>Regulowany przep\u0142yw powietrza (3 poziomy):<\/b> \u0141atwo dostroi\u0107 przep\u0142yw powietrza, aby kontrolowa\u0107 wodnist\u0105 soczysto\u015b\u0107 arbuza lub ograniczy\u0107 go, aby skoncentrowa\u0107 s\u0142odycz bor\u00f3wki.<\/li>\n<li data-path-to-node=\"169,2,0\"><b><span class=\"citation-45\">Inteligentny wy\u015bwietlacz:<\/span><\/b><span class=\"citation-45\"> Monitorowanie 26ML w czasie rzeczywistym <\/span><b><span class=\"citation-45\">kapsu\u0142ki vozol<\/span><\/b><span class=\"citation-45 citation-end-45\"> P\u0142yn zapewnia niezak\u0142\u00f3cony smak owoc\u00f3w.<\/span><\/li>\n<\/ul>\n<h3><b>Specyfikacja arbuza z jagodami Migawka<\/b><\/h3>\n<table data-path-to-node=\"171\">\n<thead>\n<tr>\n<td><strong>Cecha<\/strong><\/td>\n<td><strong>Szczeg\u00f3\u0142y<\/strong><\/td>\n<\/tr>\n<\/thead>\n<tbody>\n<tr>\n<td><span data-path-to-node=\"171,1,0,0\">Profil smakowy<\/span><\/td>\n<td><span data-path-to-node=\"171,1,1,0\">Owoce z\u0142o\u017cone (s\u0142odkie, soczyste, nielodowate)<\/span><\/td>\n<\/tr>\n<tr>\n<td><span data-path-to-node=\"171,2,0,0\">Max Puffs<\/span><\/td>\n<td><span data-path-to-node=\"171,2,1,0\">do 45000<\/span><\/td>\n<\/tr>\n<tr>\n<td><span data-path-to-node=\"171,3,0,0\">Pojemno\u015b\u0107 E-Liquid<\/span><\/td>\n<td><span data-path-to-node=\"171,3,1,0\">26ML<\/span><\/td>\n<\/tr>\n<tr>\n<td><span data-path-to-node=\"171,4,0,0\">Personalizacja<\/span><\/td>\n<td><span data-path-to-node=\"171,4,1,0\">3-poziomowe zasilanie \/ 4-poziomowe ch\u0142odzenie<\/span><\/td>\n<\/tr>\n<tr>\n<td><span data-path-to-node=\"171,5,0,0\">Poziom nikotyny<\/span><\/td>\n<td><span data-path-to-node=\"171,5,1,0\">5% (50 mg\/ml)<\/span><\/td>\n<\/tr>\n<\/tbody>\n<\/table>\n<h2 data-path-to-node=\"172\"><b>Przewaga hurtowa: Magazynowanie najlepszych kapsu\u0142ek Vozol<\/b><\/h2>\n<p data-path-to-node=\"173\">The <b>VOZOL Neon 45000 Blueberry Watermelon<\/b> jest ulubie\u0144cem rynku ze wzgl\u0119du na sw\u00f3j \u0142agodny smak. Wsp\u00f3\u0142pracuj z nami, aby uzyska\u0107 niezawodn\u0105, szybk\u0105 europejsk\u0105 wysy\u0142k\u0119 (1-3 dni) i zaspokoi\u0107 wysokie zapotrzebowanie konsument\u00f3w na konfigurowalne produkty. <b>kapsu\u0142ki vozol<\/b>. Zabezpiecz swoje zam\u00f3wienie zbiorcze ju\u017c dzi\u015b i zaoferuj to, co najlepsze w dmuchawach o wysokim stopniu kontroli. <b>vozol neon<\/b> urz\u0105dzenia.<\/p>\n<h3 dir=\"auto\">Oto dalsze zalecenia dla Ciebie:<\/h3>\n<p dir=\"auto\">Odkryj jeszcze wi\u0119cej niesamowitych smak\u00f3w dzi\u0119ki Fumot VOZOL Neon 45000Puff Vape!<\/p>\n<p dir=\"auto\"><a href=\"https:\/\/vozolvapen.de\/pl\/product-category\/vozol-vape\/vozol-neon-45000-puffs-vape\/\" target=\"_blank\" rel=\"noopener noreferrer nofollow\">Zobacz wszystkie odmiany tutaj \u2192<\/a><\/p>\n<p dir=\"auto\">Zapoznaj si\u0119 z nasz\u0105 pe\u0142n\u0105 kolekcj\u0105 i kupuj produkty najlepszych marek vape, kt\u00f3re pokochasz.<\/p>\n<p dir=\"auto\"><a href=\"https:\/\/vozolvapen.de\/pl\/\" target=\"_blank\" rel=\"noopener noreferrer nofollow\">Przegl\u0105daj teraz wszystkie marki \u2192<\/a><\/p>\n<p dir=\"auto\">Sprawd\u017a ca\u0142\u0105 seri\u0119 VOZOL Vape - ka\u017cdy smak, ka\u017cdy styl!<\/p>\n<p dir=\"auto\"><a href=\"https:\/\/vozolvapen.de\/pl\/product-category\/vozol-vape\/\" target=\"_blank\" rel=\"noopener noreferrer nofollow\">Zobacz pe\u0142n\u0105 kolekcj\u0119 VOZOL Vape \u2192<\/a><\/p>","protected":false},"excerpt":{"rendered":"<p>Najlepsze soczyste po\u0142\u0105czenie \u0142agodnej bor\u00f3wki i rze\u015bkiego, nawil\u017caj\u0105cego arbuza. G\u0142adka, owocowa mieszanka na ca\u0142y dzie\u0144.<\/p>","protected":false},"featured_media":7518,"comment_status":"open","ping_status":"closed","template":"","meta":{"_acf_changed":false},"product_brand":[],"product_cat":[134,58],"product_tag":[],"class_list":{"0":"post-7475","1":"product","2":"type-product","3":"status-publish","4":"has-post-thumbnail","6":"product_cat-eu-warehouse-in-stock","7":"product_cat-vozol-neon-45000-puffs-vape","9":"first","10":"instock","11":"shipping-taxable","12":"purchasable","13":"product-type-variable"},"acf":[],"yoast_head":"<!-- This site is optimized with the Yoast SEO Premium plugin v26.1 (Yoast SEO v27.5) - https:\/\/yoast.com\/product\/yoast-seo-premium-wordpress\/ -->\n<title>VOZOL Neon 45000 Blueberry Watermelon - Smooth vozol puff Fruit Combo - vozolvapen<\/title>\n<meta name=\"description\" content=\"VOZOL Neon 45000 delivers the juicy Blueberry Watermelon. This vozol neon flavor balances sweet blueberries with crisp watermelon for a smooth, non-icy fruit experience.\" \/>\n<meta name=\"robots\" content=\"index, follow, max-snippet:-1, max-image-preview:large, max-video-preview:-1\" \/>\n<link rel=\"canonical\" href=\"https:\/\/vozolvapen.de\/pl\/product\/vozol-neon-45000-blueberry-watermelon\/\" \/>\n<meta property=\"og:locale\" content=\"pl_PL\" \/>\n<meta property=\"og:type\" content=\"article\" \/>\n<meta property=\"og:title\" content=\"VOZOL Neon 45000 - Blueberry Watermelon\" \/>\n<meta property=\"og:description\" content=\"VOZOL Neon 45000 delivers the juicy Blueberry Watermelon. This vozol neon flavor balances sweet blueberries with crisp watermelon for a smooth, non-icy fruit experience.\" \/>\n<meta property=\"og:url\" content=\"https:\/\/vozolvapen.de\/pl\/product\/vozol-neon-45000-blueberry-watermelon\/\" \/>\n<meta property=\"og:site_name\" content=\"vozolvapen\" \/>\n<meta property=\"article:modified_time\" content=\"2026-02-10T11:23:56+00:00\" \/>\n<meta property=\"og:image\" content=\"https:\/\/vozolvapen.de\/wp-content\/uploads\/2025\/12\/Vozol-Neon-45000-Vozol-Neon-45000-BLUEBERRY-WATERMELON.webp\" \/>\n\t<meta property=\"og:image:width\" content=\"1200\" \/>\n\t<meta property=\"og:image:height\" content=\"1200\" \/>\n\t<meta property=\"og:image:type\" content=\"image\/webp\" \/>\n<meta name=\"twitter:card\" content=\"summary_large_image\" \/>\n<meta name=\"twitter:label1\" content=\"Szacowany czas czytania\" \/>\n\t<meta name=\"twitter:data1\" content=\"2 minuty\" \/>\n<script type=\"application\/ld+json\" class=\"yoast-schema-graph\">{\"@context\":\"https:\\\/\\\/schema.org\",\"@graph\":[{\"@type\":\"WebPage\",\"@id\":\"https:\\\/\\\/vozolvapen.de\\\/product\\\/vozol-neon-45000-blueberry-watermelon\\\/\",\"url\":\"https:\\\/\\\/vozolvapen.de\\\/product\\\/vozol-neon-45000-blueberry-watermelon\\\/\",\"name\":\"VOZOL Neon 45000 Blueberry Watermelon - Smooth vozol puff Fruit Combo - vozolvapen\",\"isPartOf\":{\"@id\":\"https:\\\/\\\/vozolvapen.de\\\/#website\"},\"primaryImageOfPage\":{\"@id\":\"https:\\\/\\\/vozolvapen.de\\\/product\\\/vozol-neon-45000-blueberry-watermelon\\\/#primaryimage\"},\"image\":{\"@id\":\"https:\\\/\\\/vozolvapen.de\\\/product\\\/vozol-neon-45000-blueberry-watermelon\\\/#primaryimage\"},\"thumbnailUrl\":\"https:\\\/\\\/vozolvapen.de\\\/wp-content\\\/uploads\\\/2025\\\/12\\\/Vozol-Neon-45000-Vozol-Neon-45000-BLUEBERRY-WATERMELON.webp\",\"datePublished\":\"2025-12-04T08:18:34+00:00\",\"dateModified\":\"2026-02-10T11:23:56+00:00\",\"description\":\"VOZOL Neon 45000 delivers the juicy Blueberry Watermelon. This vozol neon flavor balances sweet blueberries with crisp watermelon for a smooth, non-icy fruit experience.\",\"breadcrumb\":{\"@id\":\"https:\\\/\\\/vozolvapen.de\\\/product\\\/vozol-neon-45000-blueberry-watermelon\\\/#breadcrumb\"},\"inLanguage\":\"pl-PL\",\"potentialAction\":[{\"@type\":\"ReadAction\",\"target\":[\"https:\\\/\\\/vozolvapen.de\\\/product\\\/vozol-neon-45000-blueberry-watermelon\\\/\"]}]},{\"@type\":\"ImageObject\",\"inLanguage\":\"pl-PL\",\"@id\":\"https:\\\/\\\/vozolvapen.de\\\/product\\\/vozol-neon-45000-blueberry-watermelon\\\/#primaryimage\",\"url\":\"https:\\\/\\\/vozolvapen.de\\\/wp-content\\\/uploads\\\/2025\\\/12\\\/Vozol-Neon-45000-Vozol-Neon-45000-BLUEBERRY-WATERMELON.webp\",\"contentUrl\":\"https:\\\/\\\/vozolvapen.de\\\/wp-content\\\/uploads\\\/2025\\\/12\\\/Vozol-Neon-45000-Vozol-Neon-45000-BLUEBERRY-WATERMELON.webp\",\"width\":1200,\"height\":1200,\"caption\":\"Vozol Neon 45000 - Vozol Neon 45000 - BLUEBERRY WATERMELON\"},{\"@type\":\"BreadcrumbList\",\"@id\":\"https:\\\/\\\/vozolvapen.de\\\/product\\\/vozol-neon-45000-blueberry-watermelon\\\/#breadcrumb\",\"itemListElement\":[{\"@type\":\"ListItem\",\"position\":1,\"name\":\"Home\",\"item\":\"https:\\\/\\\/vozolvapen.de\\\/de\\\/\"},{\"@type\":\"ListItem\",\"position\":2,\"name\":\"Shop\",\"item\":\"https:\\\/\\\/vozolvapen.de\\\/shop\\\/\"},{\"@type\":\"ListItem\",\"position\":3,\"name\":\"VOZOL Neon 45000 &#8211; Blueberry Watermelon\"}]},{\"@type\":\"WebSite\",\"@id\":\"https:\\\/\\\/vozolvapen.de\\\/#website\",\"url\":\"https:\\\/\\\/vozolvapen.de\\\/\",\"name\":\"vozolvapen\",\"description\":\"vozolvapen\",\"publisher\":{\"@id\":\"https:\\\/\\\/vozolvapen.de\\\/#organization\"},\"potentialAction\":[{\"@type\":\"SearchAction\",\"target\":{\"@type\":\"EntryPoint\",\"urlTemplate\":\"https:\\\/\\\/vozolvapen.de\\\/?s={search_term_string}\"},\"query-input\":{\"@type\":\"PropertyValueSpecification\",\"valueRequired\":true,\"valueName\":\"search_term_string\"}}],\"inLanguage\":\"pl-PL\"},{\"@type\":\"Organization\",\"@id\":\"https:\\\/\\\/vozolvapen.de\\\/#organization\",\"name\":\"vozolvapen\",\"url\":\"https:\\\/\\\/vozolvapen.de\\\/\",\"logo\":{\"@type\":\"ImageObject\",\"inLanguage\":\"pl-PL\",\"@id\":\"https:\\\/\\\/vozolvapen.de\\\/#\\\/schema\\\/logo\\\/image\\\/\",\"url\":\"https:\\\/\\\/vozolvapen.de\\\/wp-content\\\/uploads\\\/2025\\\/12\\\/cropped-vozovapen-logo.webp\",\"contentUrl\":\"https:\\\/\\\/vozolvapen.de\\\/wp-content\\\/uploads\\\/2025\\\/12\\\/cropped-vozovapen-logo.webp\",\"width\":470,\"height\":110,\"caption\":\"vozolvapen\"},\"image\":{\"@id\":\"https:\\\/\\\/vozolvapen.de\\\/#\\\/schema\\\/logo\\\/image\\\/\"}}]}<\/script>\n<!-- \/ Yoast SEO Premium plugin. -->","yoast_head_json":{"title":"VOZOL Neon 45000 Blueberry Watermelon - Smooth vozol puff Fruit Combo - vozolvapen","description":"VOZOL Neon 45000 dostarcza soczystego arbuza jagodowego. Ten neonowy smak Vozol r\u00f3wnowa\u017cy s\u0142odkie jagody z chrupi\u0105cym arbuzem, zapewniaj\u0105c g\u0142adkie, nie lodowate doznania owocowe.","robots":{"index":"index","follow":"follow","max-snippet":"max-snippet:-1","max-image-preview":"max-image-preview:large","max-video-preview":"max-video-preview:-1"},"canonical":"https:\/\/vozolvapen.de\/pl\/product\/vozol-neon-45000-blueberry-watermelon\/","og_locale":"pl_PL","og_type":"article","og_title":"VOZOL Neon 45000 - Blueberry Watermelon","og_description":"VOZOL Neon 45000 delivers the juicy Blueberry Watermelon. This vozol neon flavor balances sweet blueberries with crisp watermelon for a smooth, non-icy fruit experience.","og_url":"https:\/\/vozolvapen.de\/pl\/product\/vozol-neon-45000-blueberry-watermelon\/","og_site_name":"vozolvapen","article_modified_time":"2026-02-10T11:23:56+00:00","og_image":[{"width":1200,"height":1200,"url":"https:\/\/vozolvapen.de\/wp-content\/uploads\/2025\/12\/Vozol-Neon-45000-Vozol-Neon-45000-BLUEBERRY-WATERMELON.webp","type":"image\/webp"}],"twitter_card":"summary_large_image","twitter_misc":{"Szacowany czas czytania":"2 minuty"},"schema":{"@context":"https:\/\/schema.org","@graph":[{"@type":"WebPage","@id":"https:\/\/vozolvapen.de\/product\/vozol-neon-45000-blueberry-watermelon\/","url":"https:\/\/vozolvapen.de\/product\/vozol-neon-45000-blueberry-watermelon\/","name":"VOZOL Neon 45000 Blueberry Watermelon - Smooth vozol puff Fruit Combo - vozolvapen","isPartOf":{"@id":"https:\/\/vozolvapen.de\/#website"},"primaryImageOfPage":{"@id":"https:\/\/vozolvapen.de\/product\/vozol-neon-45000-blueberry-watermelon\/#primaryimage"},"image":{"@id":"https:\/\/vozolvapen.de\/product\/vozol-neon-45000-blueberry-watermelon\/#primaryimage"},"thumbnailUrl":"https:\/\/vozolvapen.de\/wp-content\/uploads\/2025\/12\/Vozol-Neon-45000-Vozol-Neon-45000-BLUEBERRY-WATERMELON.webp","datePublished":"2025-12-04T08:18:34+00:00","dateModified":"2026-02-10T11:23:56+00:00","description":"VOZOL Neon 45000 dostarcza soczystego arbuza jagodowego. Ten neonowy smak Vozol r\u00f3wnowa\u017cy s\u0142odkie jagody z chrupi\u0105cym arbuzem, zapewniaj\u0105c g\u0142adkie, nie lodowate doznania owocowe.","breadcrumb":{"@id":"https:\/\/vozolvapen.de\/product\/vozol-neon-45000-blueberry-watermelon\/#breadcrumb"},"inLanguage":"pl-PL","potentialAction":[{"@type":"ReadAction","target":["https:\/\/vozolvapen.de\/product\/vozol-neon-45000-blueberry-watermelon\/"]}]},{"@type":"ImageObject","inLanguage":"pl-PL","@id":"https:\/\/vozolvapen.de\/product\/vozol-neon-45000-blueberry-watermelon\/#primaryimage","url":"https:\/\/vozolvapen.de\/wp-content\/uploads\/2025\/12\/Vozol-Neon-45000-Vozol-Neon-45000-BLUEBERRY-WATERMELON.webp","contentUrl":"https:\/\/vozolvapen.de\/wp-content\/uploads\/2025\/12\/Vozol-Neon-45000-Vozol-Neon-45000-BLUEBERRY-WATERMELON.webp","width":1200,"height":1200,"caption":"Vozol Neon 45000 - Vozol Neon 45000 - BLUEBERRY WATERMELON"},{"@type":"BreadcrumbList","@id":"https:\/\/vozolvapen.de\/product\/vozol-neon-45000-blueberry-watermelon\/#breadcrumb","itemListElement":[{"@type":"ListItem","position":1,"name":"Home","item":"https:\/\/vozolvapen.de\/de\/"},{"@type":"ListItem","position":2,"name":"Shop","item":"https:\/\/vozolvapen.de\/shop\/"},{"@type":"ListItem","position":3,"name":"VOZOL Neon 45000 &#8211; Blueberry Watermelon"}]},{"@type":"WebSite","@id":"https:\/\/vozolvapen.de\/#website","url":"https:\/\/vozolvapen.de\/","name":"vozolvapen","description":"vozolvapen","publisher":{"@id":"https:\/\/vozolvapen.de\/#organization"},"potentialAction":[{"@type":"SearchAction","target":{"@type":"EntryPoint","urlTemplate":"https:\/\/vozolvapen.de\/?s={search_term_string}"},"query-input":{"@type":"PropertyValueSpecification","valueRequired":true,"valueName":"search_term_string"}}],"inLanguage":"pl-PL"},{"@type":"Organization","@id":"https:\/\/vozolvapen.de\/#organization","name":"vozolvapen","url":"https:\/\/vozolvapen.de\/","logo":{"@type":"ImageObject","inLanguage":"pl-PL","@id":"https:\/\/vozolvapen.de\/#\/schema\/logo\/image\/","url":"https:\/\/vozolvapen.de\/wp-content\/uploads\/2025\/12\/cropped-vozovapen-logo.webp","contentUrl":"https:\/\/vozolvapen.de\/wp-content\/uploads\/2025\/12\/cropped-vozovapen-logo.webp","width":470,"height":110,"caption":"vozolvapen"},"image":{"@id":"https:\/\/vozolvapen.de\/#\/schema\/logo\/image\/"}}]}},"tiered_pricing_type":"fixed","tiered_pricing_fixed_rules":{"30":"14.39","50":"11.89","100":"11.39","200":"10.39"},"tiered_pricing_product_settings":{"layout":"default","base_unit_name":{"singular":null,"plural":null},"default_variation":{}},"tiered_pricing_minimum_quantity":10,"tiered_pricing_roles_data":[],"tiered_pricing_percentage_rules":[],"tiered_pricing_maximum_quantity":null,"tiered_pricing_quantity_step":"10","_links":{"self":[{"href":"http:\/\/vozolvapen.de\/pl\/wp-json\/wp\/v2\/product\/7475","targetHints":{"allow":["GET"]}}],"collection":[{"href":"http:\/\/vozolvapen.de\/pl\/wp-json\/wp\/v2\/product"}],"about":[{"href":"http:\/\/vozolvapen.de\/pl\/wp-json\/wp\/v2\/types\/product"}],"replies":[{"embeddable":true,"href":"http:\/\/vozolvapen.de\/pl\/wp-json\/wp\/v2\/comments?post=7475"}],"wp:featuredmedia":[{"embeddable":true,"href":"http:\/\/vozolvapen.de\/pl\/wp-json\/wp\/v2\/media\/7518"}],"wp:attachment":[{"href":"http:\/\/vozolvapen.de\/pl\/wp-json\/wp\/v2\/media?parent=7475"}],"wp:term":[{"taxonomy":"product_brand","embeddable":true,"href":"http:\/\/vozolvapen.de\/pl\/wp-json\/wp\/v2\/product_brand?post=7475"},{"taxonomy":"product_cat","embeddable":true,"href":"http:\/\/vozolvapen.de\/pl\/wp-json\/wp\/v2\/product_cat?post=7475"},{"taxonomy":"product_tag","embeddable":true,"href":"http:\/\/vozolvapen.de\/pl\/wp-json\/wp\/v2\/product_tag?post=7475"}],"curies":[{"name":"wp","href":"https:\/\/api.w.org\/{rel}","templated":true}]}}