{"id":7480,"date":"2025-12-04T08:18:54","date_gmt":"2025-12-04T08:18:54","guid":{"rendered":"https:\/\/vozolvapen.de\/?post_type=product&#038;p=7480"},"modified":"2026-02-10T11:23:45","modified_gmt":"2026-02-10T11:23:45","slug":"vozol-neon-45000-frozen-strawberry","status":"publish","type":"product","link":"http:\/\/vozolvapen.de\/pl\/product\/vozol-neon-45000-frozen-strawberry\/","title":{"rendered":"VOZOL Neon 45000 - Mro\u017cona truskawka"},"content":{"rendered":"<h1 data-path-to-node=\"49\"><b>VOZOL Neon 45000 Frozen Strawberry: 45000 puff\u00f3w ekstremalnej lodowej s\u0142odyczy, udoskonalonych dzi\u0119ki 4-stopniowej kontroli<\/b><\/h1>\n<p data-path-to-node=\"50\">The <b>VOZOL Neon 45000 Frozen Strawberry<\/b> zapewnia autentyczny, dojrza\u0142y smak truskawek wzmocniony przez intensywne, kontrolowane zamra\u017canie. To <b>vozol neon<\/b> Smak jest zbudowany z my\u015bl\u0105 o d\u0142ugowieczno\u015bci, gwarantuj\u0105c do <b>45000 zaci\u0105gni\u0119\u0107<\/b> niezmiennej jako\u015bci i pozwalaj\u0105c vaperom precyzyjnie wybra\u0107 preferowany poziom arktycznego ch\u0142odu za pomoc\u0105 4-stopniowego systemu ch\u0142odzenia.<\/p>\n<h2 data-path-to-node=\"51\"><b>Szczeg\u00f3\u0142owy profil smakowy: Mro\u017cona truskawka<\/b><\/h2>\n<ul>\n<li data-path-to-node=\"52,0,0\"><b>Podstawowy smak:<\/b> Czysty, s\u0142odki i autentyczny koncentrat z dojrza\u0142ych truskawek, zapewniaj\u0105cy satysfakcjonuj\u0105c\u0105, s\u0142odk\u0105 baz\u0119 owocow\u0105.<\/li>\n<li data-path-to-node=\"52,1,0\"><b>Icy Component:<\/b> Gruba, natychmiastowa warstwa mentolu, kt\u00f3ra symuluje \u2018zamro\u017con\u0105\u2019 tekstur\u0119 i zapewnia silne ch\u0142odz\u0105ce uderzenie podczas wdechu i wydechu.<\/li>\n<li data-path-to-node=\"52,2,0\">The <b>Podw\u00f3jna cewka siatkowa<\/b> Zapewnia, \u017ce naturalna s\u0142odycz truskawki jest wyra\u017ana i stabilna, zapobiegaj\u0105c wyp\u0142ukiwaniu smaku przez silny sk\u0142adnik mentolowy w ogromnej pojemno\u015bci 26 ml.<\/li>\n<\/ul>\n<h2 data-path-to-node=\"53\"><b>Jak technologia VOZOL Neon 45000 podnosi wsp\u00f3\u0142czynnik lodu<\/b><\/h2>\n<p data-path-to-node=\"54\">Precyzyjny system ch\u0142odzenia ma kluczowe znaczenie dla czerpania przyjemno\u015bci z tego klasycznego lodowego profilu:<\/p>\n<ul data-path-to-node=\"55\">\n<li>\n<p data-path-to-node=\"55,0,0\"><b>Regulowane ch\u0142odzenie (4 poziomy):<\/b><\/p>\n<ul data-path-to-node=\"55,0,1\">\n<li>\n<p data-path-to-node=\"55,0,1,0,0\">Poziom 1 (\u0142agodny): Zachowuje maksymaln\u0105 s\u0142odycz truskawki z delikatnym ch\u0142odnym wyko\u0144czeniem.<\/p>\n<\/li>\n<li>\n<p data-path-to-node=\"55,0,1,1,0\">Poziom 4 (Max): Arktyczny mr\u00f3z dominuj\u0105cy w profilu, idealny dla ekstremalnych entuzjast\u00f3w mentolu.<\/p>\n<\/li>\n<\/ul>\n<\/li>\n<li>\n<p data-path-to-node=\"55,1,0\"><b>Regulowana moc (3 poziomy):<\/b> U\u017cycie wy\u017cszej mocy mo\u017ce zwi\u0119kszy\u0107 postrzegan\u0105 dojrza\u0142o\u015b\u0107 truskawek, jednocze\u015bnie nadal dostosowuj\u0105c si\u0119 do ogromnych rozmiar\u00f3w. <b>vozol 45000<\/b> liczba zaci\u0105gni\u0119\u0107.<\/p>\n<\/li>\n<li>\n<p data-path-to-node=\"55,2,0\"><b><span class=\"citation-49\">Inteligentny wy\u015bwietlacz:<\/span><\/b><span class=\"citation-49 citation-end-49\"> Stale kontroluje poziom baterii i p\u0142ynu, zapewniaj\u0105c nieprzerwany smak.<\/span><\/p>\n<\/li>\n<\/ul>\n<h3 data-path-to-node=\"56\"><b>Mro\u017cone truskawki - przegl\u0105d specyfikacji<\/b><\/h3>\n<table data-path-to-node=\"57\">\n<thead>\n<tr>\n<td><strong>Cecha<\/strong><\/td>\n<td><strong>Szczeg\u00f3\u0142y<\/strong><\/td>\n<\/tr>\n<\/thead>\n<tbody>\n<tr>\n<td><span data-path-to-node=\"57,1,0,0\">Profil smakowy<\/span><\/td>\n<td><span data-path-to-node=\"57,1,1,0\">Icy Classic (s\u0142odka truskawka, silny mentol)<\/span><\/td>\n<\/tr>\n<tr>\n<td><span data-path-to-node=\"57,2,0,0\">Max Puffs<\/span><\/td>\n<td><span data-path-to-node=\"57,2,1,0\">do 45000<\/span><\/td>\n<\/tr>\n<tr>\n<td><span data-path-to-node=\"57,3,0,0\">Pojemno\u015b\u0107 E-Liquid<\/span><\/td>\n<td><span data-path-to-node=\"57,3,1,0\">26ML<\/span><\/td>\n<\/tr>\n<tr>\n<td><span data-path-to-node=\"57,4,0,0\">Personalizacja<\/span><\/td>\n<td><span data-path-to-node=\"57,4,1,0\">3-poziomowe zasilanie \/ 4-poziomowe ch\u0142odzenie<\/span><\/td>\n<\/tr>\n<tr>\n<td><span data-path-to-node=\"57,5,0,0\">Poziom nikotyny<\/span><\/td>\n<td><span data-path-to-node=\"57,5,1,0\">5% (50 mg\/ml)<\/span><\/td>\n<\/tr>\n<\/tbody>\n<\/table>\n<h2 data-path-to-node=\"58\"><b>Przewaga hurtowa: Magazynowanie najlepszych kapsu\u0142ek Vozol<\/b><\/h2>\n<p data-path-to-node=\"59\">The <b>VOZOL Neon 45000 Frozen Strawberry<\/b> to niezmiennie popularny lodowaty owocowy vape. Wsp\u00f3\u0142pracuj z nami, aby uzyska\u0107 niezawodn\u0105, szybk\u0105 europejsk\u0105 wysy\u0142k\u0119 (1-3 dni) i zaspokoi\u0107 wysokie zapotrzebowanie konsument\u00f3w na konfigurowalne produkty. <b>kapsu\u0142ki vozol<\/b>. Zabezpiecz swoje zam\u00f3wienie zbiorcze ju\u017c dzi\u015b i zaoferuj to, co najlepsze w dmuchawach o wysokim stopniu kontroli. <b>vozol neon<\/b> urz\u0105dzenia.<\/p>\n<h3 dir=\"auto\">Oto dalsze zalecenia dla Ciebie:<\/h3>\n<p dir=\"auto\">Odkryj jeszcze wi\u0119cej niesamowitych smak\u00f3w dzi\u0119ki Fumot VOZOL Neon 45000Puff Vape!<\/p>\n<p dir=\"auto\"><a href=\"https:\/\/vozolvapen.de\/pl\/product-category\/vozol-vape\/vozol-neon-45000-puffs-vape\/\" target=\"_blank\" rel=\"noopener noreferrer nofollow\">Zobacz wszystkie odmiany tutaj \u2192<\/a><\/p>\n<p dir=\"auto\">Zapoznaj si\u0119 z nasz\u0105 pe\u0142n\u0105 kolekcj\u0105 i kupuj produkty najlepszych marek vape, kt\u00f3re pokochasz.<\/p>\n<p dir=\"auto\"><a href=\"https:\/\/vozolvapen.de\/pl\/\" target=\"_blank\" rel=\"noopener noreferrer nofollow\">Przegl\u0105daj teraz wszystkie marki \u2192<\/a><\/p>\n<p dir=\"auto\">Sprawd\u017a ca\u0142\u0105 seri\u0119 VOZOL Vape - ka\u017cdy smak, ka\u017cdy styl!<\/p>\n<p dir=\"auto\"><a href=\"https:\/\/vozolvapen.de\/pl\/product-category\/vozol-vape\/\" target=\"_blank\" rel=\"noopener noreferrer nofollow\">Zobacz pe\u0142n\u0105 kolekcj\u0119 VOZOL Vape \u2192<\/a><\/p>","protected":false},"excerpt":{"rendered":"<p>Czysty, s\u0142odki smak dojrza\u0142ej truskawki zintensyfikowany przez g\u0142\u0119bokie, konsekwentne mro\u017cenie. Klasyczny i intensywnie zimny.<\/p>","protected":false},"featured_media":7501,"comment_status":"open","ping_status":"closed","template":"","meta":{"_acf_changed":false},"product_brand":[],"product_cat":[134,58],"product_tag":[],"class_list":{"0":"post-7480","1":"product","2":"type-product","3":"status-publish","4":"has-post-thumbnail","6":"product_cat-eu-warehouse-in-stock","7":"product_cat-vozol-neon-45000-puffs-vape","9":"first","10":"instock","11":"shipping-taxable","12":"purchasable","13":"product-type-variable"},"acf":[],"yoast_head":"<!-- This site is optimized with the Yoast SEO Premium plugin v26.1 (Yoast SEO v27.5) - https:\/\/yoast.com\/product\/yoast-seo-premium-wordpress\/ -->\n<title>VOZOL Neon 45000 Frozen Strawberry - Icy Strawberry vozol pods Wholesale - vozolvapen<\/title>\n<meta name=\"description\" content=\"Frozen Strawberry offers pure, icy sweetness on the VOZOL Neon 45000. Customize your ice level (4 levels) and enjoy 45000 puffs of lasting frozen refreshment.\" \/>\n<meta name=\"robots\" content=\"index, follow, max-snippet:-1, max-image-preview:large, max-video-preview:-1\" \/>\n<link rel=\"canonical\" href=\"https:\/\/vozolvapen.de\/pl\/product\/vozol-neon-45000-frozen-strawberry\/\" \/>\n<meta property=\"og:locale\" content=\"pl_PL\" \/>\n<meta property=\"og:type\" content=\"article\" \/>\n<meta property=\"og:title\" content=\"VOZOL Neon 45000 - Frozen Strawberry\" \/>\n<meta property=\"og:description\" content=\"Frozen Strawberry offers pure, icy sweetness on the VOZOL Neon 45000. Customize your ice level (4 levels) and enjoy 45000 puffs of lasting frozen refreshment.\" \/>\n<meta property=\"og:url\" content=\"https:\/\/vozolvapen.de\/pl\/product\/vozol-neon-45000-frozen-strawberry\/\" \/>\n<meta property=\"og:site_name\" content=\"vozolvapen\" \/>\n<meta property=\"article:modified_time\" content=\"2026-02-10T11:23:45+00:00\" \/>\n<meta property=\"og:image\" content=\"https:\/\/vozolvapen.de\/wp-content\/uploads\/2025\/12\/Vozol-Neon-45000-FROZEN-STRAWBERRY-KIWI.webp\" \/>\n\t<meta property=\"og:image:width\" content=\"1200\" \/>\n\t<meta property=\"og:image:height\" content=\"1200\" \/>\n\t<meta property=\"og:image:type\" content=\"image\/webp\" \/>\n<meta name=\"twitter:card\" content=\"summary_large_image\" \/>\n<meta name=\"twitter:label1\" content=\"Szacowany czas czytania\" \/>\n\t<meta name=\"twitter:data1\" content=\"2 minuty\" \/>\n<script type=\"application\/ld+json\" class=\"yoast-schema-graph\">{\"@context\":\"https:\\\/\\\/schema.org\",\"@graph\":[{\"@type\":\"WebPage\",\"@id\":\"https:\\\/\\\/vozolvapen.de\\\/product\\\/vozol-neon-45000-frozen-strawberry\\\/\",\"url\":\"https:\\\/\\\/vozolvapen.de\\\/product\\\/vozol-neon-45000-frozen-strawberry\\\/\",\"name\":\"VOZOL Neon 45000 Frozen Strawberry - Icy Strawberry vozol pods Wholesale - vozolvapen\",\"isPartOf\":{\"@id\":\"https:\\\/\\\/vozolvapen.de\\\/#website\"},\"primaryImageOfPage\":{\"@id\":\"https:\\\/\\\/vozolvapen.de\\\/product\\\/vozol-neon-45000-frozen-strawberry\\\/#primaryimage\"},\"image\":{\"@id\":\"https:\\\/\\\/vozolvapen.de\\\/product\\\/vozol-neon-45000-frozen-strawberry\\\/#primaryimage\"},\"thumbnailUrl\":\"https:\\\/\\\/vozolvapen.de\\\/wp-content\\\/uploads\\\/2025\\\/12\\\/Vozol-Neon-45000-FROZEN-STRAWBERRY-KIWI.webp\",\"datePublished\":\"2025-12-04T08:18:54+00:00\",\"dateModified\":\"2026-02-10T11:23:45+00:00\",\"description\":\"Frozen Strawberry offers pure, icy sweetness on the VOZOL Neon 45000. Customize your ice level (4 levels) and enjoy 45000 puffs of lasting frozen refreshment.\",\"breadcrumb\":{\"@id\":\"https:\\\/\\\/vozolvapen.de\\\/product\\\/vozol-neon-45000-frozen-strawberry\\\/#breadcrumb\"},\"inLanguage\":\"pl-PL\",\"potentialAction\":[{\"@type\":\"ReadAction\",\"target\":[\"https:\\\/\\\/vozolvapen.de\\\/product\\\/vozol-neon-45000-frozen-strawberry\\\/\"]}]},{\"@type\":\"ImageObject\",\"inLanguage\":\"pl-PL\",\"@id\":\"https:\\\/\\\/vozolvapen.de\\\/product\\\/vozol-neon-45000-frozen-strawberry\\\/#primaryimage\",\"url\":\"https:\\\/\\\/vozolvapen.de\\\/wp-content\\\/uploads\\\/2025\\\/12\\\/Vozol-Neon-45000-FROZEN-STRAWBERRY-KIWI.webp\",\"contentUrl\":\"https:\\\/\\\/vozolvapen.de\\\/wp-content\\\/uploads\\\/2025\\\/12\\\/Vozol-Neon-45000-FROZEN-STRAWBERRY-KIWI.webp\",\"width\":1200,\"height\":1200,\"caption\":\"Vozol Neon 45000 - FROZEN STRAWBERRY KIWI\"},{\"@type\":\"BreadcrumbList\",\"@id\":\"https:\\\/\\\/vozolvapen.de\\\/product\\\/vozol-neon-45000-frozen-strawberry\\\/#breadcrumb\",\"itemListElement\":[{\"@type\":\"ListItem\",\"position\":1,\"name\":\"Home\",\"item\":\"https:\\\/\\\/vozolvapen.de\\\/de\\\/\"},{\"@type\":\"ListItem\",\"position\":2,\"name\":\"Shop\",\"item\":\"https:\\\/\\\/vozolvapen.de\\\/shop\\\/\"},{\"@type\":\"ListItem\",\"position\":3,\"name\":\"VOZOL Neon 45000 &#8211; Frozen Strawberry\"}]},{\"@type\":\"WebSite\",\"@id\":\"https:\\\/\\\/vozolvapen.de\\\/#website\",\"url\":\"https:\\\/\\\/vozolvapen.de\\\/\",\"name\":\"vozolvapen\",\"description\":\"vozolvapen\",\"publisher\":{\"@id\":\"https:\\\/\\\/vozolvapen.de\\\/#organization\"},\"potentialAction\":[{\"@type\":\"SearchAction\",\"target\":{\"@type\":\"EntryPoint\",\"urlTemplate\":\"https:\\\/\\\/vozolvapen.de\\\/?s={search_term_string}\"},\"query-input\":{\"@type\":\"PropertyValueSpecification\",\"valueRequired\":true,\"valueName\":\"search_term_string\"}}],\"inLanguage\":\"pl-PL\"},{\"@type\":\"Organization\",\"@id\":\"https:\\\/\\\/vozolvapen.de\\\/#organization\",\"name\":\"vozolvapen\",\"url\":\"https:\\\/\\\/vozolvapen.de\\\/\",\"logo\":{\"@type\":\"ImageObject\",\"inLanguage\":\"pl-PL\",\"@id\":\"https:\\\/\\\/vozolvapen.de\\\/#\\\/schema\\\/logo\\\/image\\\/\",\"url\":\"https:\\\/\\\/vozolvapen.de\\\/wp-content\\\/uploads\\\/2025\\\/12\\\/cropped-vozovapen-logo.webp\",\"contentUrl\":\"https:\\\/\\\/vozolvapen.de\\\/wp-content\\\/uploads\\\/2025\\\/12\\\/cropped-vozovapen-logo.webp\",\"width\":470,\"height\":110,\"caption\":\"vozolvapen\"},\"image\":{\"@id\":\"https:\\\/\\\/vozolvapen.de\\\/#\\\/schema\\\/logo\\\/image\\\/\"}}]}<\/script>\n<!-- \/ Yoast SEO Premium plugin. -->","yoast_head_json":{"title":"VOZOL Neon 45000 Frozen Strawberry - Icy Strawberry vozol pods Hurtownia - vozolvapen","description":"Frozen Strawberry oferuje czyst\u0105, lodowat\u0105 s\u0142odycz w VOZOL Neon 45000. Dostosuj poziom lodu (4 poziomy) i ciesz si\u0119 45000 zaci\u0105gni\u0119\u0107 zapewniaj\u0105cych d\u0142ugotrwa\u0142e mro\u017cone orze\u017awienie.","robots":{"index":"index","follow":"follow","max-snippet":"max-snippet:-1","max-image-preview":"max-image-preview:large","max-video-preview":"max-video-preview:-1"},"canonical":"https:\/\/vozolvapen.de\/pl\/product\/vozol-neon-45000-frozen-strawberry\/","og_locale":"pl_PL","og_type":"article","og_title":"VOZOL Neon 45000 - Frozen Strawberry","og_description":"Frozen Strawberry offers pure, icy sweetness on the VOZOL Neon 45000. Customize your ice level (4 levels) and enjoy 45000 puffs of lasting frozen refreshment.","og_url":"https:\/\/vozolvapen.de\/pl\/product\/vozol-neon-45000-frozen-strawberry\/","og_site_name":"vozolvapen","article_modified_time":"2026-02-10T11:23:45+00:00","og_image":[{"width":1200,"height":1200,"url":"https:\/\/vozolvapen.de\/wp-content\/uploads\/2025\/12\/Vozol-Neon-45000-FROZEN-STRAWBERRY-KIWI.webp","type":"image\/webp"}],"twitter_card":"summary_large_image","twitter_misc":{"Szacowany czas czytania":"2 minuty"},"schema":{"@context":"https:\/\/schema.org","@graph":[{"@type":"WebPage","@id":"https:\/\/vozolvapen.de\/product\/vozol-neon-45000-frozen-strawberry\/","url":"https:\/\/vozolvapen.de\/product\/vozol-neon-45000-frozen-strawberry\/","name":"VOZOL Neon 45000 Frozen Strawberry - Icy Strawberry vozol pods Hurtownia - vozolvapen","isPartOf":{"@id":"https:\/\/vozolvapen.de\/#website"},"primaryImageOfPage":{"@id":"https:\/\/vozolvapen.de\/product\/vozol-neon-45000-frozen-strawberry\/#primaryimage"},"image":{"@id":"https:\/\/vozolvapen.de\/product\/vozol-neon-45000-frozen-strawberry\/#primaryimage"},"thumbnailUrl":"https:\/\/vozolvapen.de\/wp-content\/uploads\/2025\/12\/Vozol-Neon-45000-FROZEN-STRAWBERRY-KIWI.webp","datePublished":"2025-12-04T08:18:54+00:00","dateModified":"2026-02-10T11:23:45+00:00","description":"Frozen Strawberry oferuje czyst\u0105, lodowat\u0105 s\u0142odycz w VOZOL Neon 45000. Dostosuj poziom lodu (4 poziomy) i ciesz si\u0119 45000 zaci\u0105gni\u0119\u0107 zapewniaj\u0105cych d\u0142ugotrwa\u0142e mro\u017cone orze\u017awienie.","breadcrumb":{"@id":"https:\/\/vozolvapen.de\/product\/vozol-neon-45000-frozen-strawberry\/#breadcrumb"},"inLanguage":"pl-PL","potentialAction":[{"@type":"ReadAction","target":["https:\/\/vozolvapen.de\/product\/vozol-neon-45000-frozen-strawberry\/"]}]},{"@type":"ImageObject","inLanguage":"pl-PL","@id":"https:\/\/vozolvapen.de\/product\/vozol-neon-45000-frozen-strawberry\/#primaryimage","url":"https:\/\/vozolvapen.de\/wp-content\/uploads\/2025\/12\/Vozol-Neon-45000-FROZEN-STRAWBERRY-KIWI.webp","contentUrl":"https:\/\/vozolvapen.de\/wp-content\/uploads\/2025\/12\/Vozol-Neon-45000-FROZEN-STRAWBERRY-KIWI.webp","width":1200,"height":1200,"caption":"Vozol Neon 45000 - FROZEN STRAWBERRY KIWI"},{"@type":"BreadcrumbList","@id":"https:\/\/vozolvapen.de\/product\/vozol-neon-45000-frozen-strawberry\/#breadcrumb","itemListElement":[{"@type":"ListItem","position":1,"name":"Home","item":"https:\/\/vozolvapen.de\/de\/"},{"@type":"ListItem","position":2,"name":"Shop","item":"https:\/\/vozolvapen.de\/shop\/"},{"@type":"ListItem","position":3,"name":"VOZOL Neon 45000 &#8211; Frozen Strawberry"}]},{"@type":"WebSite","@id":"https:\/\/vozolvapen.de\/#website","url":"https:\/\/vozolvapen.de\/","name":"vozolvapen","description":"vozolvapen","publisher":{"@id":"https:\/\/vozolvapen.de\/#organization"},"potentialAction":[{"@type":"SearchAction","target":{"@type":"EntryPoint","urlTemplate":"https:\/\/vozolvapen.de\/?s={search_term_string}"},"query-input":{"@type":"PropertyValueSpecification","valueRequired":true,"valueName":"search_term_string"}}],"inLanguage":"pl-PL"},{"@type":"Organization","@id":"https:\/\/vozolvapen.de\/#organization","name":"vozolvapen","url":"https:\/\/vozolvapen.de\/","logo":{"@type":"ImageObject","inLanguage":"pl-PL","@id":"https:\/\/vozolvapen.de\/#\/schema\/logo\/image\/","url":"https:\/\/vozolvapen.de\/wp-content\/uploads\/2025\/12\/cropped-vozovapen-logo.webp","contentUrl":"https:\/\/vozolvapen.de\/wp-content\/uploads\/2025\/12\/cropped-vozovapen-logo.webp","width":470,"height":110,"caption":"vozolvapen"},"image":{"@id":"https:\/\/vozolvapen.de\/#\/schema\/logo\/image\/"}}]}},"tiered_pricing_type":"fixed","tiered_pricing_fixed_rules":{"30":"14.39","50":"11.89","100":"11.39","200":"10.39"},"tiered_pricing_product_settings":{"layout":"default","base_unit_name":{"singular":null,"plural":null},"default_variation":{}},"tiered_pricing_minimum_quantity":10,"tiered_pricing_roles_data":[],"tiered_pricing_percentage_rules":[],"tiered_pricing_maximum_quantity":null,"tiered_pricing_quantity_step":"10","_links":{"self":[{"href":"http:\/\/vozolvapen.de\/pl\/wp-json\/wp\/v2\/product\/7480","targetHints":{"allow":["GET"]}}],"collection":[{"href":"http:\/\/vozolvapen.de\/pl\/wp-json\/wp\/v2\/product"}],"about":[{"href":"http:\/\/vozolvapen.de\/pl\/wp-json\/wp\/v2\/types\/product"}],"replies":[{"embeddable":true,"href":"http:\/\/vozolvapen.de\/pl\/wp-json\/wp\/v2\/comments?post=7480"}],"wp:featuredmedia":[{"embeddable":true,"href":"http:\/\/vozolvapen.de\/pl\/wp-json\/wp\/v2\/media\/7501"}],"wp:attachment":[{"href":"http:\/\/vozolvapen.de\/pl\/wp-json\/wp\/v2\/media?parent=7480"}],"wp:term":[{"taxonomy":"product_brand","embeddable":true,"href":"http:\/\/vozolvapen.de\/pl\/wp-json\/wp\/v2\/product_brand?post=7480"},{"taxonomy":"product_cat","embeddable":true,"href":"http:\/\/vozolvapen.de\/pl\/wp-json\/wp\/v2\/product_cat?post=7480"},{"taxonomy":"product_tag","embeddable":true,"href":"http:\/\/vozolvapen.de\/pl\/wp-json\/wp\/v2\/product_tag?post=7480"}],"curies":[{"name":"wp","href":"https:\/\/api.w.org\/{rel}","templated":true}]}}