{"id":7481,"date":"2025-12-04T08:18:58","date_gmt":"2025-12-04T08:18:58","guid":{"rendered":"https:\/\/vozolvapen.de\/?post_type=product&#038;p=7481"},"modified":"2026-02-10T11:23:43","modified_gmt":"2026-02-10T11:23:43","slug":"vozol-neon-45000-grape-ice","status":"publish","type":"product","link":"http:\/\/vozolvapen.de\/pl\/product\/vozol-neon-45000-grape-ice\/","title":{"rendered":"VOZOL Neon 45000 - Grape Ice"},"content":{"rendered":"<h1 data-path-to-node=\"63\"><b>VOZOL Neon 45000 Grape Ice: 45000 puff\u00f3w bogatej s\u0142odyczy winogronowej z mo\u017cliwo\u015bci\u0105 dostosowania kontroli lodu<\/b><\/h1>\n<p data-path-to-node=\"64\">The <b>VOZOL Neon 45000 Grape Ice<\/b> zapewnia mocny, klasyczny smak, kt\u00f3ry nigdy nie zanika. To <b>vozol neon<\/b> Urz\u0105dzenie pozwala vaperom wykorzysta\u0107 legendarne bogactwo winogron i doskonale zarz\u0105dza\u0107 intensywno\u015bci\u0105 ch\u0142odzenia w wiod\u0105cym w bran\u017cy urz\u0105dzeniu. <b>45000 zaci\u0105gni\u0119\u0107<\/b> z 4-stopniowym systemem sterowania.<\/p>\n<h2 data-path-to-node=\"65\"><b>Szczeg\u00f3\u0142owy profil smakowy: Grape Ice<\/b><\/h2>\n<ul>\n<li data-path-to-node=\"66,0,0\"><b>Podstawowy smak:<\/b> Skoncentrowana, s\u0142odka i lekko syropowa esencja z ciemnych winogron, kt\u00f3ra dominuje na podniebieniu swoim znanym cukierkowym bogactwem.<\/li>\n<li data-path-to-node=\"66,1,0\"><b>Icy Component:<\/b> Solidna warstwa mentolu przecina s\u0142odycz, zapewniaj\u0105c czysty, mro\u017any wydech i satysfakcjonuj\u0105ce uderzenie w gard\u0142o.<\/li>\n<li data-path-to-node=\"66,2,0\">The <b>Podw\u00f3jna cewka siatkowa<\/b> ma kluczowe znaczenie dla tego wysokiego profilu s\u0142odyczy, zapewniaj\u0105c, \u017ce smak pozostaje niezmiennie bogaty i \u017cywy, unikaj\u0105c jakichkolwiek przypalonych nut w ca\u0142ej ogromnej pojemno\u015bci 26 ml.<\/li>\n<\/ul>\n<h2 data-path-to-node=\"67\"><b>Jak technologia VOZOL Neon 45000 podnosi wsp\u00f3\u0142czynnik lodu<\/b><\/h2>\n<p data-path-to-node=\"68\">Personalizacja urz\u0105dzenia doskonale sprawdza si\u0119 w przypadku s\u0142odkich profili o wysokiej intensywno\u015bci, takich jak Grape Ice:<\/p>\n<ul data-path-to-node=\"69\">\n<li>\n<p data-path-to-node=\"69,0,0\"><b>Regulowane ch\u0142odzenie (4 poziomy):<\/b><\/p>\n<ul data-path-to-node=\"69,0,1\">\n<li>\n<p data-path-to-node=\"69,0,1,0,0\">Poziom 1 (\u0142agodny): Oswaja mentol, pozwalaj\u0105c zab\u0142ysn\u0105\u0107 g\u0142\u0119bokiej s\u0142odyczy winogron.<\/p>\n<\/li>\n<li>\n<p data-path-to-node=\"69,0,1,1,0\">Poziom 4 (maks.): Wzmacnia efekt ch\u0142odzenia, tworz\u0105c wysoce skoncentrowane uderzenie lodowatych winogron.<\/p>\n<\/li>\n<\/ul>\n<\/li>\n<li>\n<p data-path-to-node=\"69,1,0\"><b>Regulowany przep\u0142yw powietrza (3 poziomy):<\/b> \u015arednio mocne zaci\u0105gni\u0119cie koncentruje zar\u00f3wno bogaty smak winogron, jak i lodowaty sk\u0142adnik, zapewniaj\u0105c maksymalne doznania. <b>vozol puff<\/b> trafienie.<\/p>\n<\/li>\n<li>\n<p data-path-to-node=\"69,2,0\"><b>Inteligentny wy\u015bwietlacz:<\/b> Natychmiast informuje o stanie baterii 1000 mAh i 26 ml e-liquidu.<\/p>\n<\/li>\n<\/ul>\n<h3 data-path-to-node=\"70\"><b>Dane techniczne Grape Ice Snapshot<\/b><\/h3>\n<table data-path-to-node=\"71\">\n<thead>\n<tr>\n<td><strong>Cecha<\/strong><\/td>\n<td><strong>Szczeg\u00f3\u0142y<\/strong><\/td>\n<\/tr>\n<\/thead>\n<tbody>\n<tr>\n<td><span data-path-to-node=\"71,1,0,0\">Profil smakowy<\/span><\/td>\n<td><span data-path-to-node=\"71,1,1,0\">Icy Classic (Rich Grape, Strong Menthol)<\/span><\/td>\n<\/tr>\n<tr>\n<td><span data-path-to-node=\"71,2,0,0\">Max Puffs<\/span><\/td>\n<td><span data-path-to-node=\"71,2,1,0\">do 45000<\/span><\/td>\n<\/tr>\n<tr>\n<td><span data-path-to-node=\"71,3,0,0\">Pojemno\u015b\u0107 E-Liquid<\/span><\/td>\n<td><span data-path-to-node=\"71,3,1,0\">26ML<\/span><\/td>\n<\/tr>\n<tr>\n<td><span data-path-to-node=\"71,4,0,0\">Personalizacja<\/span><\/td>\n<td><span data-path-to-node=\"71,4,1,0\">3-poziomowe zasilanie \/ 4-poziomowe ch\u0142odzenie<\/span><\/td>\n<\/tr>\n<tr>\n<td><span data-path-to-node=\"71,5,0,0\">Poziom nikotyny<\/span><\/td>\n<td><span data-path-to-node=\"71,5,1,0\">5% (50 mg\/ml)<\/span><\/td>\n<\/tr>\n<\/tbody>\n<\/table>\n<h2 data-path-to-node=\"72\"><b>Przewaga hurtowa: Magazynowanie najlepszych kapsu\u0142ek Vozol<\/b><\/h2>\n<p data-path-to-node=\"73\">The <b>VOZOL Neon 45000 Grape Ice<\/b> jest czo\u0142owym sprzedawc\u0105 na ca\u0142ym \u015bwiecie. Wsp\u00f3\u0142pracuj z nami, aby uzyska\u0107 niezawodn\u0105, szybk\u0105 europejsk\u0105 wysy\u0142k\u0119 (1-3 dni) i zaspokoi\u0107 wysokie zapotrzebowanie konsument\u00f3w na konfigurowalne produkty. <b>kapsu\u0142ki vozol<\/b>. Zabezpiecz swoje zam\u00f3wienie zbiorcze ju\u017c dzi\u015b i zaoferuj to, co najlepsze w dmuchawach o wysokim stopniu kontroli. <b>vozol neon<\/b> urz\u0105dzenia.<\/p>\n<h3 dir=\"auto\">Oto dalsze zalecenia dla Ciebie:<\/h3>\n<p dir=\"auto\">Odkryj jeszcze wi\u0119cej niesamowitych smak\u00f3w dzi\u0119ki Fumot VOZOL Neon 45000Puff Vape!<\/p>\n<p dir=\"auto\"><a href=\"https:\/\/vozolvapen.de\/pl\/product-category\/vozol-vape\/vozol-neon-45000-puffs-vape\/\" target=\"_blank\" rel=\"noopener noreferrer nofollow\">Zobacz wszystkie odmiany tutaj \u2192<\/a><\/p>\n<p dir=\"auto\">Zapoznaj si\u0119 z nasz\u0105 pe\u0142n\u0105 kolekcj\u0105 i kupuj produkty najlepszych marek vape, kt\u00f3re pokochasz.<\/p>\n<p dir=\"auto\"><a href=\"https:\/\/vozolvapen.de\/pl\/\" target=\"_blank\" rel=\"noopener noreferrer nofollow\">Przegl\u0105daj teraz wszystkie marki \u2192<\/a><\/p>\n<p dir=\"auto\">Sprawd\u017a ca\u0142\u0105 seri\u0119 VOZOL Vape - ka\u017cdy smak, ka\u017cdy styl!<\/p>\n<p dir=\"auto\"><a href=\"https:\/\/vozolvapen.de\/pl\/product-category\/vozol-vape\/\" target=\"_blank\" rel=\"noopener noreferrer nofollow\">Zobacz pe\u0142n\u0105 kolekcj\u0119 VOZOL Vape \u2192<\/a><\/p>","protected":false},"excerpt":{"rendered":"<p>Intensywna esencja z ciemnych winogron, po kt\u00f3rej nast\u0119puje pot\u0119\u017cny lodowaty podmuch. Bogaty, klasyczny smak z niestandardowym ch\u0142odzeniem na <b>VOZOL Neon 45000<\/b>.<\/p>","protected":false},"featured_media":7502,"comment_status":"open","ping_status":"closed","template":"","meta":{"_acf_changed":false},"product_brand":[],"product_cat":[134,58],"product_tag":[],"class_list":{"0":"post-7481","1":"product","2":"type-product","3":"status-publish","4":"has-post-thumbnail","6":"product_cat-eu-warehouse-in-stock","7":"product_cat-vozol-neon-45000-puffs-vape","9":"first","10":"instock","11":"shipping-taxable","12":"purchasable","13":"product-type-variable"},"acf":[],"yoast_head":"<!-- This site is optimized with the Yoast SEO Premium plugin v26.1 (Yoast SEO v27.5) - https:\/\/yoast.com\/product\/yoast-seo-premium-wordpress\/ -->\n<title>VOZOL Neon 45000 Grape Ice - Intense Grape vozol puff Icy Burst - vozolvapen<\/title>\n<meta name=\"description\" content=\"Intense Grape Ice flavor, perfectly presented by the VOZOL Neon 45000. Customize your ice level (4 levels) and enjoy 45000 puffs of rich, cool grape satisfaction.\" \/>\n<meta name=\"robots\" content=\"index, follow, max-snippet:-1, max-image-preview:large, max-video-preview:-1\" \/>\n<link rel=\"canonical\" href=\"https:\/\/vozolvapen.de\/pl\/product\/vozol-neon-45000-grape-ice\/\" \/>\n<meta property=\"og:locale\" content=\"pl_PL\" \/>\n<meta property=\"og:type\" content=\"article\" \/>\n<meta property=\"og:title\" content=\"VOZOL Neon 45000 - Grape Ice\" \/>\n<meta property=\"og:description\" content=\"Intense Grape Ice flavor, perfectly presented by the VOZOL Neon 45000. Customize your ice level (4 levels) and enjoy 45000 puffs of rich, cool grape satisfaction.\" \/>\n<meta property=\"og:url\" content=\"https:\/\/vozolvapen.de\/pl\/product\/vozol-neon-45000-grape-ice\/\" \/>\n<meta property=\"og:site_name\" content=\"vozolvapen\" \/>\n<meta property=\"article:modified_time\" content=\"2026-02-10T11:23:43+00:00\" \/>\n<meta property=\"og:image\" content=\"https:\/\/vozolvapen.de\/wp-content\/uploads\/2025\/12\/Vozol-Neon-45000-GRAPE-ICE.webp\" \/>\n\t<meta property=\"og:image:width\" content=\"1200\" \/>\n\t<meta property=\"og:image:height\" content=\"1200\" \/>\n\t<meta property=\"og:image:type\" content=\"image\/webp\" \/>\n<meta name=\"twitter:card\" content=\"summary_large_image\" \/>\n<meta name=\"twitter:label1\" content=\"Szacowany czas czytania\" \/>\n\t<meta name=\"twitter:data1\" content=\"2 minuty\" \/>\n<script type=\"application\/ld+json\" class=\"yoast-schema-graph\">{\"@context\":\"https:\\\/\\\/schema.org\",\"@graph\":[{\"@type\":\"WebPage\",\"@id\":\"https:\\\/\\\/vozolvapen.de\\\/product\\\/vozol-neon-45000-grape-ice\\\/\",\"url\":\"https:\\\/\\\/vozolvapen.de\\\/product\\\/vozol-neon-45000-grape-ice\\\/\",\"name\":\"VOZOL Neon 45000 Grape Ice - Intense Grape vozol puff Icy Burst - vozolvapen\",\"isPartOf\":{\"@id\":\"https:\\\/\\\/vozolvapen.de\\\/#website\"},\"primaryImageOfPage\":{\"@id\":\"https:\\\/\\\/vozolvapen.de\\\/product\\\/vozol-neon-45000-grape-ice\\\/#primaryimage\"},\"image\":{\"@id\":\"https:\\\/\\\/vozolvapen.de\\\/product\\\/vozol-neon-45000-grape-ice\\\/#primaryimage\"},\"thumbnailUrl\":\"https:\\\/\\\/vozolvapen.de\\\/wp-content\\\/uploads\\\/2025\\\/12\\\/Vozol-Neon-45000-GRAPE-ICE.webp\",\"datePublished\":\"2025-12-04T08:18:58+00:00\",\"dateModified\":\"2026-02-10T11:23:43+00:00\",\"description\":\"Intense Grape Ice flavor, perfectly presented by the VOZOL Neon 45000. Customize your ice level (4 levels) and enjoy 45000 puffs of rich, cool grape satisfaction.\",\"breadcrumb\":{\"@id\":\"https:\\\/\\\/vozolvapen.de\\\/product\\\/vozol-neon-45000-grape-ice\\\/#breadcrumb\"},\"inLanguage\":\"pl-PL\",\"potentialAction\":[{\"@type\":\"ReadAction\",\"target\":[\"https:\\\/\\\/vozolvapen.de\\\/product\\\/vozol-neon-45000-grape-ice\\\/\"]}]},{\"@type\":\"ImageObject\",\"inLanguage\":\"pl-PL\",\"@id\":\"https:\\\/\\\/vozolvapen.de\\\/product\\\/vozol-neon-45000-grape-ice\\\/#primaryimage\",\"url\":\"https:\\\/\\\/vozolvapen.de\\\/wp-content\\\/uploads\\\/2025\\\/12\\\/Vozol-Neon-45000-GRAPE-ICE.webp\",\"contentUrl\":\"https:\\\/\\\/vozolvapen.de\\\/wp-content\\\/uploads\\\/2025\\\/12\\\/Vozol-Neon-45000-GRAPE-ICE.webp\",\"width\":1200,\"height\":1200,\"caption\":\"Vozol Neon 45000 - GRAPE ICE\"},{\"@type\":\"BreadcrumbList\",\"@id\":\"https:\\\/\\\/vozolvapen.de\\\/product\\\/vozol-neon-45000-grape-ice\\\/#breadcrumb\",\"itemListElement\":[{\"@type\":\"ListItem\",\"position\":1,\"name\":\"Home\",\"item\":\"https:\\\/\\\/vozolvapen.de\\\/de\\\/\"},{\"@type\":\"ListItem\",\"position\":2,\"name\":\"Shop\",\"item\":\"https:\\\/\\\/vozolvapen.de\\\/shop\\\/\"},{\"@type\":\"ListItem\",\"position\":3,\"name\":\"VOZOL Neon 45000 &#8211; Grape Ice\"}]},{\"@type\":\"WebSite\",\"@id\":\"https:\\\/\\\/vozolvapen.de\\\/#website\",\"url\":\"https:\\\/\\\/vozolvapen.de\\\/\",\"name\":\"vozolvapen\",\"description\":\"vozolvapen\",\"publisher\":{\"@id\":\"https:\\\/\\\/vozolvapen.de\\\/#organization\"},\"potentialAction\":[{\"@type\":\"SearchAction\",\"target\":{\"@type\":\"EntryPoint\",\"urlTemplate\":\"https:\\\/\\\/vozolvapen.de\\\/?s={search_term_string}\"},\"query-input\":{\"@type\":\"PropertyValueSpecification\",\"valueRequired\":true,\"valueName\":\"search_term_string\"}}],\"inLanguage\":\"pl-PL\"},{\"@type\":\"Organization\",\"@id\":\"https:\\\/\\\/vozolvapen.de\\\/#organization\",\"name\":\"vozolvapen\",\"url\":\"https:\\\/\\\/vozolvapen.de\\\/\",\"logo\":{\"@type\":\"ImageObject\",\"inLanguage\":\"pl-PL\",\"@id\":\"https:\\\/\\\/vozolvapen.de\\\/#\\\/schema\\\/logo\\\/image\\\/\",\"url\":\"https:\\\/\\\/vozolvapen.de\\\/wp-content\\\/uploads\\\/2025\\\/12\\\/cropped-vozovapen-logo.webp\",\"contentUrl\":\"https:\\\/\\\/vozolvapen.de\\\/wp-content\\\/uploads\\\/2025\\\/12\\\/cropped-vozovapen-logo.webp\",\"width\":470,\"height\":110,\"caption\":\"vozolvapen\"},\"image\":{\"@id\":\"https:\\\/\\\/vozolvapen.de\\\/#\\\/schema\\\/logo\\\/image\\\/\"}}]}<\/script>\n<!-- \/ Yoast SEO Premium plugin. -->","yoast_head_json":{"title":"VOZOL Neon 45000 Grape Ice - Intense Grape vozol puff Icy Burst - vozolvapen","description":"Intensywny smak Grape Ice, doskonale prezentowany przez VOZOL Neon 45000. Dostosuj poziom lodu (4 poziomy) i ciesz si\u0119 45000 zaci\u0105gni\u0119\u0107 o bogatym, ch\u0142odnym smaku winogron.","robots":{"index":"index","follow":"follow","max-snippet":"max-snippet:-1","max-image-preview":"max-image-preview:large","max-video-preview":"max-video-preview:-1"},"canonical":"https:\/\/vozolvapen.de\/pl\/product\/vozol-neon-45000-grape-ice\/","og_locale":"pl_PL","og_type":"article","og_title":"VOZOL Neon 45000 - Grape Ice","og_description":"Intense Grape Ice flavor, perfectly presented by the VOZOL Neon 45000. Customize your ice level (4 levels) and enjoy 45000 puffs of rich, cool grape satisfaction.","og_url":"https:\/\/vozolvapen.de\/pl\/product\/vozol-neon-45000-grape-ice\/","og_site_name":"vozolvapen","article_modified_time":"2026-02-10T11:23:43+00:00","og_image":[{"width":1200,"height":1200,"url":"https:\/\/vozolvapen.de\/wp-content\/uploads\/2025\/12\/Vozol-Neon-45000-GRAPE-ICE.webp","type":"image\/webp"}],"twitter_card":"summary_large_image","twitter_misc":{"Szacowany czas czytania":"2 minuty"},"schema":{"@context":"https:\/\/schema.org","@graph":[{"@type":"WebPage","@id":"https:\/\/vozolvapen.de\/product\/vozol-neon-45000-grape-ice\/","url":"https:\/\/vozolvapen.de\/product\/vozol-neon-45000-grape-ice\/","name":"VOZOL Neon 45000 Grape Ice - Intense Grape vozol puff Icy Burst - vozolvapen","isPartOf":{"@id":"https:\/\/vozolvapen.de\/#website"},"primaryImageOfPage":{"@id":"https:\/\/vozolvapen.de\/product\/vozol-neon-45000-grape-ice\/#primaryimage"},"image":{"@id":"https:\/\/vozolvapen.de\/product\/vozol-neon-45000-grape-ice\/#primaryimage"},"thumbnailUrl":"https:\/\/vozolvapen.de\/wp-content\/uploads\/2025\/12\/Vozol-Neon-45000-GRAPE-ICE.webp","datePublished":"2025-12-04T08:18:58+00:00","dateModified":"2026-02-10T11:23:43+00:00","description":"Intensywny smak Grape Ice, doskonale prezentowany przez VOZOL Neon 45000. Dostosuj poziom lodu (4 poziomy) i ciesz si\u0119 45000 zaci\u0105gni\u0119\u0107 o bogatym, ch\u0142odnym smaku winogron.","breadcrumb":{"@id":"https:\/\/vozolvapen.de\/product\/vozol-neon-45000-grape-ice\/#breadcrumb"},"inLanguage":"pl-PL","potentialAction":[{"@type":"ReadAction","target":["https:\/\/vozolvapen.de\/product\/vozol-neon-45000-grape-ice\/"]}]},{"@type":"ImageObject","inLanguage":"pl-PL","@id":"https:\/\/vozolvapen.de\/product\/vozol-neon-45000-grape-ice\/#primaryimage","url":"https:\/\/vozolvapen.de\/wp-content\/uploads\/2025\/12\/Vozol-Neon-45000-GRAPE-ICE.webp","contentUrl":"https:\/\/vozolvapen.de\/wp-content\/uploads\/2025\/12\/Vozol-Neon-45000-GRAPE-ICE.webp","width":1200,"height":1200,"caption":"Vozol Neon 45000 - GRAPE ICE"},{"@type":"BreadcrumbList","@id":"https:\/\/vozolvapen.de\/product\/vozol-neon-45000-grape-ice\/#breadcrumb","itemListElement":[{"@type":"ListItem","position":1,"name":"Home","item":"https:\/\/vozolvapen.de\/de\/"},{"@type":"ListItem","position":2,"name":"Shop","item":"https:\/\/vozolvapen.de\/shop\/"},{"@type":"ListItem","position":3,"name":"VOZOL Neon 45000 &#8211; Grape Ice"}]},{"@type":"WebSite","@id":"https:\/\/vozolvapen.de\/#website","url":"https:\/\/vozolvapen.de\/","name":"vozolvapen","description":"vozolvapen","publisher":{"@id":"https:\/\/vozolvapen.de\/#organization"},"potentialAction":[{"@type":"SearchAction","target":{"@type":"EntryPoint","urlTemplate":"https:\/\/vozolvapen.de\/?s={search_term_string}"},"query-input":{"@type":"PropertyValueSpecification","valueRequired":true,"valueName":"search_term_string"}}],"inLanguage":"pl-PL"},{"@type":"Organization","@id":"https:\/\/vozolvapen.de\/#organization","name":"vozolvapen","url":"https:\/\/vozolvapen.de\/","logo":{"@type":"ImageObject","inLanguage":"pl-PL","@id":"https:\/\/vozolvapen.de\/#\/schema\/logo\/image\/","url":"https:\/\/vozolvapen.de\/wp-content\/uploads\/2025\/12\/cropped-vozovapen-logo.webp","contentUrl":"https:\/\/vozolvapen.de\/wp-content\/uploads\/2025\/12\/cropped-vozovapen-logo.webp","width":470,"height":110,"caption":"vozolvapen"},"image":{"@id":"https:\/\/vozolvapen.de\/#\/schema\/logo\/image\/"}}]}},"tiered_pricing_type":"fixed","tiered_pricing_fixed_rules":{"30":"14.39","50":"11.89","100":"11.39","200":"10.39"},"tiered_pricing_product_settings":{"layout":"default","base_unit_name":{"singular":null,"plural":null},"default_variation":{}},"tiered_pricing_minimum_quantity":10,"tiered_pricing_roles_data":[],"tiered_pricing_percentage_rules":[],"tiered_pricing_maximum_quantity":null,"tiered_pricing_quantity_step":"10","_links":{"self":[{"href":"http:\/\/vozolvapen.de\/pl\/wp-json\/wp\/v2\/product\/7481","targetHints":{"allow":["GET"]}}],"collection":[{"href":"http:\/\/vozolvapen.de\/pl\/wp-json\/wp\/v2\/product"}],"about":[{"href":"http:\/\/vozolvapen.de\/pl\/wp-json\/wp\/v2\/types\/product"}],"replies":[{"embeddable":true,"href":"http:\/\/vozolvapen.de\/pl\/wp-json\/wp\/v2\/comments?post=7481"}],"wp:featuredmedia":[{"embeddable":true,"href":"http:\/\/vozolvapen.de\/pl\/wp-json\/wp\/v2\/media\/7502"}],"wp:attachment":[{"href":"http:\/\/vozolvapen.de\/pl\/wp-json\/wp\/v2\/media?parent=7481"}],"wp:term":[{"taxonomy":"product_brand","embeddable":true,"href":"http:\/\/vozolvapen.de\/pl\/wp-json\/wp\/v2\/product_brand?post=7481"},{"taxonomy":"product_cat","embeddable":true,"href":"http:\/\/vozolvapen.de\/pl\/wp-json\/wp\/v2\/product_cat?post=7481"},{"taxonomy":"product_tag","embeddable":true,"href":"http:\/\/vozolvapen.de\/pl\/wp-json\/wp\/v2\/product_tag?post=7481"}],"curies":[{"name":"wp","href":"https:\/\/api.w.org\/{rel}","templated":true}]}}