{"id":7762,"date":"2025-12-06T07:29:15","date_gmt":"2025-12-06T07:29:15","guid":{"rendered":"https:\/\/vozolvapen.de\/?post_type=product&#038;p=7762"},"modified":"2026-02-10T12:35:36","modified_gmt":"2026-02-10T12:35:36","slug":"fumot-randm-tornado-15000-dragon-fruit","status":"publish","type":"product","link":"http:\/\/vozolvapen.de\/pl\/product\/fumot-randm-tornado-15000-dragon-fruit\/","title":{"rendered":"Fumot RandM Tornado 15000 - Smoczy owoc"},"content":{"rendered":"<h1 data-path-to-node=\"132\"><b>Fumot RandM Tornado 15000 Puffs - Smoczy owoc<\/b><\/h1>\n<h2 data-path-to-node=\"133\"><b>Profil smakowy<\/b><\/h2>\n<p data-path-to-node=\"133\"><b>Subtelna i egzotyczna s\u0142odycz<\/b> <b>Smoczy owoc<\/b> (Pitaya) oferuje wyj\u0105tkowo \u0142agodn\u0105 i lekko ziemist\u0105 s\u0142odycz, cz\u0119sto opisywan\u0105 jako skrzy\u017cowanie kiwi i gruszki. Ten egzotyczny smak jest delikatny, a jednocze\u015bnie satysfakcjonuj\u0105cy, zapewniaj\u0105c czyste, kwiatowe i subtelnie orze\u017awiaj\u0105ce doznania podczas waporyzacji. <b>Fumot 15000<\/b> u\u017cytkownik.<\/p>\n<h2 data-path-to-node=\"6\"><b>Niezr\u00f3wnana wydajno\u015b\u0107 Fumot 15k<\/b><\/h2>\n<p data-path-to-node=\"6\">The <b>Fumot Tornado 15000<\/b> zosta\u0142 zaprojektowany z my\u015bl\u0105 o ekstremalnej trwa\u0142o\u015bci i doskona\u0142ym dostarczaniu smaku. Jako okr\u0119t flagowy <b>fumot vape<\/b> Urz\u0105dzenie zapewnia satysfakcj\u0119 przez ca\u0142y okres u\u017cytkowania.<\/p>\n<ul>\n<li data-path-to-node=\"7,0,0\"><b>Ogromna pojemno\u015b\u0107 e-p\u0142ynu:<\/b> Wst\u0119pnie wype\u0142niony du\u017c\u0105 ilo\u015bci\u0105 <b>25ML<\/b> najwy\u017cszej jako\u015bci e-cieczy, zapewniaj\u0105c do <b>15000 Puff\u00f3w<\/b>.<\/li>\n<li data-path-to-node=\"7,1,0\"><b>Sta\u0142y monitoring:<\/b> Zintegrowany <b>Wy\u015bwietlacz LED<\/b> pozwala \u0142atwo \u015bledzi\u0107 \u017cywotno\u015b\u0107 i zu\u017cycie baterii.<\/li>\n<li data-path-to-node=\"7,2,0\"><b>Zoptymalizowane wapowanie:<\/b> The <b>Siatkowa cewka 1,0\u03a9<\/b> Technologia gwarantuje bogat\u0105 par\u0119 i niezmiennie wyrazisty smak od pierwszego do ostatniego zaci\u0105gni\u0119cia.<\/li>\n<li data-path-to-node=\"7,3,0\"><b>Niezawodne zasilanie:<\/b> Wyposa\u017cony w akumulator o pojemno\u015bci 850 mAh <b>Fumot vape 15000<\/b> minimalizuje przestoje.<\/li>\n<li data-path-to-node=\"7,4,0\"><b>Szybka wysy\u0142ka:<\/b> Zapasy s\u0105 \u0142atwo dost\u0119pne w naszym europejskim magazynie, zapewniaj\u0105c dostaw\u0119 w ci\u0105gu zaledwie 1-3 dni.<\/li>\n<\/ul>\n<h3 data-path-to-node=\"8\"><b>Specyfikacja Fumot RandM Tornado 15000<\/b><\/h3>\n<table data-path-to-node=\"20\">\n<thead>\n<tr>\n<td><strong>Parametr<\/strong><\/td>\n<td><strong>Szczeg\u00f3\u0142y<\/strong><\/td>\n<\/tr>\n<\/thead>\n<tbody>\n<tr>\n<td><span data-path-to-node=\"20,1,0,0\"><b>Numer modelu<\/b><\/span><\/td>\n<td><span data-path-to-node=\"20,1,1,0\"><b>Fumot RandM Tornado 15000<\/b><\/span><\/td>\n<\/tr>\n<tr>\n<td><span data-path-to-node=\"20,2,0,0\"><b>Max Puffs<\/b><\/span><\/td>\n<td><span data-path-to-node=\"20,2,1,0\">UP do <b>15000 Puff\u00f3w<\/b><\/span><\/td>\n<\/tr>\n<tr>\n<td><span data-path-to-node=\"20,3,0,0\"><b>Pojemno\u015b\u0107 E-Liquid<\/b><\/span><\/td>\n<td><span data-path-to-node=\"20,3,1,0\"><b>25ML<\/b> (wst\u0119pnie wype\u0142niony)<\/span><\/td>\n<\/tr>\n<tr>\n<td><span data-path-to-node=\"20,4,0,0\"><b>Poziom nikotyny<\/b><\/span><\/td>\n<td><span data-path-to-node=\"20,4,1,0\">2% (20 mg\/ml) \/ 5% (50 mg\/ml)<\/span><\/td>\n<\/tr>\n<tr>\n<td><span data-path-to-node=\"20,5,0,0\"><b>Pojemno\u015b\u0107 akumulatora<\/b><\/span><\/td>\n<td><span data-path-to-node=\"20,5,1,0\">850 mAh (akumulator)<\/span><\/td>\n<\/tr>\n<tr>\n<td><span data-path-to-node=\"20,6,0,0\"><b>Typ cewki<\/b><\/span><\/td>\n<td><span data-path-to-node=\"20,6,1,0\">Siatkowa cewka 1,0\u03a9<\/span><\/td>\n<\/tr>\n<tr>\n<td><span data-path-to-node=\"20,7,0,0\"><b>G\u0142\u00f3wne cechy<\/b><\/span><\/td>\n<td><span data-path-to-node=\"20,7,1,0\">Wy\u015bwietlacz LED (wska\u017anik na\u0142adowania baterii)<\/span><\/td>\n<\/tr>\n<tr>\n<td><span data-path-to-node=\"20,8,0,0\"><b>Wysy\u0142ka<\/b><\/span><\/td>\n<td><span data-path-to-node=\"20,8,1,0\">Magazyn europejski (dostawa w ci\u0105gu 1-3 dni)<\/span><\/td>\n<\/tr>\n<\/tbody>\n<\/table>\n<h3 data-path-to-node=\"14\">Przewodnik po smakach<\/h3>\n<p><b>Subtelny poszukiwacz smak\u00f3w:<\/b> Vaperzy poszukuj\u0105cy subtelnego, czystego i wyj\u0105tkowego tropikalnego smaku, kt\u00f3ry nie jest przesadnie s\u0142odki, ci\u0119\u017cki ani intensywny.<\/p>\n<h3 dir=\"auto\">Oto dalsze zalecenia dla Ciebie:<\/h3>\n<p dir=\"auto\">Odkryj jeszcze wi\u0119cej niesamowitych smak\u00f3w dzi\u0119ki Fumot RandM Tornado 15000 Puff Vape!<\/p>\n<p dir=\"auto\"><a href=\"https:\/\/vozolvapen.de\/pl\/product-category\/fumot-vape\/fumot-randm-tornado-15000-puffs\/\" target=\"_blank\" rel=\"noopener noreferrer nofollow\">Zobacz wszystkie odmiany tutaj \u2192<\/a><\/p>\n<p dir=\"auto\">Zapoznaj si\u0119 z nasz\u0105 pe\u0142n\u0105 kolekcj\u0105 i kupuj produkty najlepszych marek vape, kt\u00f3re pokochasz.<\/p>\n<p dir=\"auto\"><a href=\"https:\/\/vozolvapen.de\/pl\/product-category\/fumot-vape\/\" target=\"_blank\" rel=\"noopener noreferrer nofollow\">Przegl\u0105daj teraz wszystkie marki \u2192<\/a><\/p>\n<p dir=\"auto\">Sprawd\u017a ca\u0142\u0105 seri\u0119 Fumot Vape - ka\u017cdy smak, ka\u017cdy styl!<\/p>\n<p dir=\"auto\"><a href=\"https:\/\/vozolvapen.de\/pl\/product-category\/fumot-vape\/\" target=\"_blank\" rel=\"noopener noreferrer nofollow\">Zobacz pe\u0142n\u0105 kolekcj\u0119 Fumot Vape \u2192<\/a><\/p>","protected":false},"excerpt":{"rendered":"<p><span data-path-to-node=\"16,17,2,0\">\u0141agodna, intryguj\u0105ca s\u0142odycz r\u00f3\u017cowego smoczego owocu z ziemistymi nutami i subteln\u0105 nut\u0105 kiwi.<\/span><\/p>","protected":false},"featured_media":7831,"comment_status":"open","ping_status":"closed","template":"","meta":{"_acf_changed":false},"product_brand":[],"product_cat":[134,61],"product_tag":[],"class_list":{"0":"post-7762","1":"product","2":"type-product","3":"status-publish","4":"has-post-thumbnail","6":"product_cat-eu-warehouse-in-stock","7":"product_cat-fumot-randm-tornado-15000-puffs","9":"first","10":"instock","11":"shipping-taxable","12":"purchasable","13":"product-type-variable"},"acf":[],"yoast_head":"<!-- This site is optimized with the Yoast SEO Premium plugin v26.1 (Yoast SEO v27.5) - https:\/\/yoast.com\/product\/yoast-seo-premium-wordpress\/ -->\n<title>Dragon Fruit - Fumot Tornado 15000 Puffs Disposable Vape | Buy Fumot 15k - vozolvapen<\/title>\n<meta name=\"description\" content=\"Discover the exotic Dragon Fruit flavor with the Fumot Tornado 15000. This genuine fumot 15k device features 25ML e-liquid, 850mAh rechargeable battery, and a massive 15000 Puffs count. Shop the Fumot vape 15000 for fast EU delivery.\" \/>\n<meta name=\"robots\" content=\"index, follow, max-snippet:-1, max-image-preview:large, max-video-preview:-1\" \/>\n<link rel=\"canonical\" href=\"https:\/\/vozolvapen.de\/pl\/product\/fumot-randm-tornado-15000-dragon-fruit\/\" \/>\n<meta property=\"og:locale\" content=\"pl_PL\" \/>\n<meta property=\"og:type\" content=\"article\" \/>\n<meta property=\"og:title\" content=\"Fumot RandM Tornado 15000 - Dragon Fruit\" \/>\n<meta property=\"og:description\" content=\"Discover the exotic Dragon Fruit flavor with the Fumot Tornado 15000. This genuine fumot 15k device features 25ML e-liquid, 850mAh rechargeable battery, and a massive 15000 Puffs count. Shop the Fumot vape 15000 for fast EU delivery.\" \/>\n<meta property=\"og:url\" content=\"https:\/\/vozolvapen.de\/pl\/product\/fumot-randm-tornado-15000-dragon-fruit\/\" \/>\n<meta property=\"og:site_name\" content=\"vozolvapen\" \/>\n<meta property=\"article:modified_time\" content=\"2026-02-10T12:35:36+00:00\" \/>\n<meta property=\"og:image\" content=\"https:\/\/vozolvapen.de\/wp-content\/uploads\/2025\/12\/Fumot-RandM-Tornado-15000-Dragon-Fruit-2.webp\" \/>\n\t<meta property=\"og:image:width\" content=\"1200\" \/>\n\t<meta property=\"og:image:height\" content=\"1200\" \/>\n\t<meta property=\"og:image:type\" content=\"image\/webp\" \/>\n<meta name=\"twitter:card\" content=\"summary_large_image\" \/>\n<meta name=\"twitter:label1\" content=\"Szacowany czas czytania\" \/>\n\t<meta name=\"twitter:data1\" content=\"2 minuty\" \/>\n<script type=\"application\/ld+json\" class=\"yoast-schema-graph\">{\"@context\":\"https:\\\/\\\/schema.org\",\"@graph\":[{\"@type\":\"WebPage\",\"@id\":\"https:\\\/\\\/vozolvapen.de\\\/product\\\/fumot-randm-tornado-15000-dragon-fruit\\\/\",\"url\":\"https:\\\/\\\/vozolvapen.de\\\/product\\\/fumot-randm-tornado-15000-dragon-fruit\\\/\",\"name\":\"Dragon Fruit - Fumot Tornado 15000 Puffs Disposable Vape | Buy Fumot 15k - vozolvapen\",\"isPartOf\":{\"@id\":\"https:\\\/\\\/vozolvapen.de\\\/#website\"},\"primaryImageOfPage\":{\"@id\":\"https:\\\/\\\/vozolvapen.de\\\/product\\\/fumot-randm-tornado-15000-dragon-fruit\\\/#primaryimage\"},\"image\":{\"@id\":\"https:\\\/\\\/vozolvapen.de\\\/product\\\/fumot-randm-tornado-15000-dragon-fruit\\\/#primaryimage\"},\"thumbnailUrl\":\"https:\\\/\\\/vozolvapen.de\\\/wp-content\\\/uploads\\\/2025\\\/12\\\/Fumot-RandM-Tornado-15000-Dragon-Fruit-2.webp\",\"datePublished\":\"2025-12-06T07:29:15+00:00\",\"dateModified\":\"2026-02-10T12:35:36+00:00\",\"description\":\"Discover the exotic Dragon Fruit flavor with the Fumot Tornado 15000. This genuine fumot 15k device features 25ML e-liquid, 850mAh rechargeable battery, and a massive 15000 Puffs count. Shop the Fumot vape 15000 for fast EU delivery.\",\"breadcrumb\":{\"@id\":\"https:\\\/\\\/vozolvapen.de\\\/product\\\/fumot-randm-tornado-15000-dragon-fruit\\\/#breadcrumb\"},\"inLanguage\":\"pl-PL\",\"potentialAction\":[{\"@type\":\"ReadAction\",\"target\":[\"https:\\\/\\\/vozolvapen.de\\\/product\\\/fumot-randm-tornado-15000-dragon-fruit\\\/\"]}]},{\"@type\":\"ImageObject\",\"inLanguage\":\"pl-PL\",\"@id\":\"https:\\\/\\\/vozolvapen.de\\\/product\\\/fumot-randm-tornado-15000-dragon-fruit\\\/#primaryimage\",\"url\":\"https:\\\/\\\/vozolvapen.de\\\/wp-content\\\/uploads\\\/2025\\\/12\\\/Fumot-RandM-Tornado-15000-Dragon-Fruit-2.webp\",\"contentUrl\":\"https:\\\/\\\/vozolvapen.de\\\/wp-content\\\/uploads\\\/2025\\\/12\\\/Fumot-RandM-Tornado-15000-Dragon-Fruit-2.webp\",\"width\":1200,\"height\":1200,\"caption\":\"Fumot RandM Tornado 15000 - Dragon Fruit #2\"},{\"@type\":\"BreadcrumbList\",\"@id\":\"https:\\\/\\\/vozolvapen.de\\\/product\\\/fumot-randm-tornado-15000-dragon-fruit\\\/#breadcrumb\",\"itemListElement\":[{\"@type\":\"ListItem\",\"position\":1,\"name\":\"Home\",\"item\":\"https:\\\/\\\/vozolvapen.de\\\/de\\\/\"},{\"@type\":\"ListItem\",\"position\":2,\"name\":\"Shop\",\"item\":\"https:\\\/\\\/vozolvapen.de\\\/shop\\\/\"},{\"@type\":\"ListItem\",\"position\":3,\"name\":\"Fumot RandM Tornado 15000 &#8211; Dragon Fruit\"}]},{\"@type\":\"WebSite\",\"@id\":\"https:\\\/\\\/vozolvapen.de\\\/#website\",\"url\":\"https:\\\/\\\/vozolvapen.de\\\/\",\"name\":\"vozolvapen\",\"description\":\"vozolvapen\",\"publisher\":{\"@id\":\"https:\\\/\\\/vozolvapen.de\\\/#organization\"},\"potentialAction\":[{\"@type\":\"SearchAction\",\"target\":{\"@type\":\"EntryPoint\",\"urlTemplate\":\"https:\\\/\\\/vozolvapen.de\\\/?s={search_term_string}\"},\"query-input\":{\"@type\":\"PropertyValueSpecification\",\"valueRequired\":true,\"valueName\":\"search_term_string\"}}],\"inLanguage\":\"pl-PL\"},{\"@type\":\"Organization\",\"@id\":\"https:\\\/\\\/vozolvapen.de\\\/#organization\",\"name\":\"vozolvapen\",\"url\":\"https:\\\/\\\/vozolvapen.de\\\/\",\"logo\":{\"@type\":\"ImageObject\",\"inLanguage\":\"pl-PL\",\"@id\":\"https:\\\/\\\/vozolvapen.de\\\/#\\\/schema\\\/logo\\\/image\\\/\",\"url\":\"https:\\\/\\\/vozolvapen.de\\\/wp-content\\\/uploads\\\/2025\\\/12\\\/cropped-vozovapen-logo.webp\",\"contentUrl\":\"https:\\\/\\\/vozolvapen.de\\\/wp-content\\\/uploads\\\/2025\\\/12\\\/cropped-vozovapen-logo.webp\",\"width\":470,\"height\":110,\"caption\":\"vozolvapen\"},\"image\":{\"@id\":\"https:\\\/\\\/vozolvapen.de\\\/#\\\/schema\\\/logo\\\/image\\\/\"}}]}<\/script>\n<!-- \/ Yoast SEO Premium plugin. -->","yoast_head_json":{"title":"Dragon Fruit - Fumot Tornado 15000 Puff\u00f3w Jednorazowych Vape | Kup Fumot 15k - vozolvapen","description":"Odkryj egzotyczny smak owoc\u00f3w smoka dzi\u0119ki Fumot Tornado 15000. To oryginalne urz\u0105dzenie Fumot 15k jest wyposa\u017cone w 25 ml e-liquidu, akumulator 850 mAh i ogromn\u0105 liczb\u0119 15000 zaci\u0105gni\u0119\u0107. Kup Fumot vape 15000 z szybk\u0105 dostaw\u0105 do UE.","robots":{"index":"index","follow":"follow","max-snippet":"max-snippet:-1","max-image-preview":"max-image-preview:large","max-video-preview":"max-video-preview:-1"},"canonical":"https:\/\/vozolvapen.de\/pl\/product\/fumot-randm-tornado-15000-dragon-fruit\/","og_locale":"pl_PL","og_type":"article","og_title":"Fumot RandM Tornado 15000 - Dragon Fruit","og_description":"Discover the exotic Dragon Fruit flavor with the Fumot Tornado 15000. This genuine fumot 15k device features 25ML e-liquid, 850mAh rechargeable battery, and a massive 15000 Puffs count. Shop the Fumot vape 15000 for fast EU delivery.","og_url":"https:\/\/vozolvapen.de\/pl\/product\/fumot-randm-tornado-15000-dragon-fruit\/","og_site_name":"vozolvapen","article_modified_time":"2026-02-10T12:35:36+00:00","og_image":[{"width":1200,"height":1200,"url":"https:\/\/vozolvapen.de\/wp-content\/uploads\/2025\/12\/Fumot-RandM-Tornado-15000-Dragon-Fruit-2.webp","type":"image\/webp"}],"twitter_card":"summary_large_image","twitter_misc":{"Szacowany czas czytania":"2 minuty"},"schema":{"@context":"https:\/\/schema.org","@graph":[{"@type":"WebPage","@id":"https:\/\/vozolvapen.de\/product\/fumot-randm-tornado-15000-dragon-fruit\/","url":"https:\/\/vozolvapen.de\/product\/fumot-randm-tornado-15000-dragon-fruit\/","name":"Dragon Fruit - Fumot Tornado 15000 Puff\u00f3w Jednorazowych Vape | Kup Fumot 15k - vozolvapen","isPartOf":{"@id":"https:\/\/vozolvapen.de\/#website"},"primaryImageOfPage":{"@id":"https:\/\/vozolvapen.de\/product\/fumot-randm-tornado-15000-dragon-fruit\/#primaryimage"},"image":{"@id":"https:\/\/vozolvapen.de\/product\/fumot-randm-tornado-15000-dragon-fruit\/#primaryimage"},"thumbnailUrl":"https:\/\/vozolvapen.de\/wp-content\/uploads\/2025\/12\/Fumot-RandM-Tornado-15000-Dragon-Fruit-2.webp","datePublished":"2025-12-06T07:29:15+00:00","dateModified":"2026-02-10T12:35:36+00:00","description":"Odkryj egzotyczny smak owoc\u00f3w smoka dzi\u0119ki Fumot Tornado 15000. To oryginalne urz\u0105dzenie Fumot 15k jest wyposa\u017cone w 25 ml e-liquidu, akumulator 850 mAh i ogromn\u0105 liczb\u0119 15000 zaci\u0105gni\u0119\u0107. Kup Fumot vape 15000 z szybk\u0105 dostaw\u0105 do UE.","breadcrumb":{"@id":"https:\/\/vozolvapen.de\/product\/fumot-randm-tornado-15000-dragon-fruit\/#breadcrumb"},"inLanguage":"pl-PL","potentialAction":[{"@type":"ReadAction","target":["https:\/\/vozolvapen.de\/product\/fumot-randm-tornado-15000-dragon-fruit\/"]}]},{"@type":"ImageObject","inLanguage":"pl-PL","@id":"https:\/\/vozolvapen.de\/product\/fumot-randm-tornado-15000-dragon-fruit\/#primaryimage","url":"https:\/\/vozolvapen.de\/wp-content\/uploads\/2025\/12\/Fumot-RandM-Tornado-15000-Dragon-Fruit-2.webp","contentUrl":"https:\/\/vozolvapen.de\/wp-content\/uploads\/2025\/12\/Fumot-RandM-Tornado-15000-Dragon-Fruit-2.webp","width":1200,"height":1200,"caption":"Fumot RandM Tornado 15000 - Dragon Fruit #2"},{"@type":"BreadcrumbList","@id":"https:\/\/vozolvapen.de\/product\/fumot-randm-tornado-15000-dragon-fruit\/#breadcrumb","itemListElement":[{"@type":"ListItem","position":1,"name":"Home","item":"https:\/\/vozolvapen.de\/de\/"},{"@type":"ListItem","position":2,"name":"Shop","item":"https:\/\/vozolvapen.de\/shop\/"},{"@type":"ListItem","position":3,"name":"Fumot RandM Tornado 15000 &#8211; Dragon Fruit"}]},{"@type":"WebSite","@id":"https:\/\/vozolvapen.de\/#website","url":"https:\/\/vozolvapen.de\/","name":"vozolvapen","description":"vozolvapen","publisher":{"@id":"https:\/\/vozolvapen.de\/#organization"},"potentialAction":[{"@type":"SearchAction","target":{"@type":"EntryPoint","urlTemplate":"https:\/\/vozolvapen.de\/?s={search_term_string}"},"query-input":{"@type":"PropertyValueSpecification","valueRequired":true,"valueName":"search_term_string"}}],"inLanguage":"pl-PL"},{"@type":"Organization","@id":"https:\/\/vozolvapen.de\/#organization","name":"vozolvapen","url":"https:\/\/vozolvapen.de\/","logo":{"@type":"ImageObject","inLanguage":"pl-PL","@id":"https:\/\/vozolvapen.de\/#\/schema\/logo\/image\/","url":"https:\/\/vozolvapen.de\/wp-content\/uploads\/2025\/12\/cropped-vozovapen-logo.webp","contentUrl":"https:\/\/vozolvapen.de\/wp-content\/uploads\/2025\/12\/cropped-vozovapen-logo.webp","width":470,"height":110,"caption":"vozolvapen"},"image":{"@id":"https:\/\/vozolvapen.de\/#\/schema\/logo\/image\/"}}]}},"tiered_pricing_type":"fixed","tiered_pricing_fixed_rules":{"30":"12.2","50":"9.2","100":"8.2","200":"7.7"},"tiered_pricing_product_settings":{"layout":"default","base_unit_name":{"singular":null,"plural":null},"default_variation":{}},"tiered_pricing_minimum_quantity":10,"tiered_pricing_roles_data":[],"tiered_pricing_percentage_rules":[],"tiered_pricing_maximum_quantity":null,"tiered_pricing_quantity_step":"10","_links":{"self":[{"href":"http:\/\/vozolvapen.de\/pl\/wp-json\/wp\/v2\/product\/7762","targetHints":{"allow":["GET"]}}],"collection":[{"href":"http:\/\/vozolvapen.de\/pl\/wp-json\/wp\/v2\/product"}],"about":[{"href":"http:\/\/vozolvapen.de\/pl\/wp-json\/wp\/v2\/types\/product"}],"replies":[{"embeddable":true,"href":"http:\/\/vozolvapen.de\/pl\/wp-json\/wp\/v2\/comments?post=7762"}],"wp:featuredmedia":[{"embeddable":true,"href":"http:\/\/vozolvapen.de\/pl\/wp-json\/wp\/v2\/media\/7831"}],"wp:attachment":[{"href":"http:\/\/vozolvapen.de\/pl\/wp-json\/wp\/v2\/media?parent=7762"}],"wp:term":[{"taxonomy":"product_brand","embeddable":true,"href":"http:\/\/vozolvapen.de\/pl\/wp-json\/wp\/v2\/product_brand?post=7762"},{"taxonomy":"product_cat","embeddable":true,"href":"http:\/\/vozolvapen.de\/pl\/wp-json\/wp\/v2\/product_cat?post=7762"},{"taxonomy":"product_tag","embeddable":true,"href":"http:\/\/vozolvapen.de\/pl\/wp-json\/wp\/v2\/product_tag?post=7762"}],"curies":[{"name":"wp","href":"https:\/\/api.w.org\/{rel}","templated":true}]}}