{"id":7866,"date":"2025-12-06T08:49:13","date_gmt":"2025-12-06T08:49:13","guid":{"rendered":"https:\/\/vozolvapen.de\/?post_type=product&#038;p=7866"},"modified":"2026-02-10T12:35:26","modified_gmt":"2026-02-10T12:35:26","slug":"puff-80k-bang-leader-80000-watermelon-ice-strawberry-and-mango-banana","status":"publish","type":"product","link":"http:\/\/vozolvapen.de\/pl\/product\/puff-80k-bang-leader-80000-watermelon-ice-strawberry-and-mango-banana\/","title":{"rendered":"Puff 80k Bang Leader 80000 - Watermelon Ice + Strawberry And Mango + Banana"},"content":{"rendered":"<h1>Bang Leader 80000 Puffs 3 w 1 Smak: Watermelon Ice, Strawberry Mango i Banana<\/h1>\n<h2>Tropikalna trifecta: g\u0142\u0119bokie zanurzenie w smaku<\/h2>\n<p data-path-to-node=\"23\">To wyj\u0105tkowe po\u0142\u0105czenie 3 w 1 dla <b>Bang Leader 80000<\/b> to idealne po\u0142\u0105czenie mro\u017anego orze\u017awienia i tropikalnej s\u0142odyczy. Za pomoc\u0105 prostego prze\u0142\u0105cznika mo\u017cesz cieszy\u0107 si\u0119 trzema r\u00f3\u017cnymi, ale uzupe\u0142niaj\u0105cymi si\u0119 doznaniami z waporyzacji, a wszystko to w ramach ultra-d\u0142ugiej \u017cywotno\u015bci <b>bang puff<\/b> urz\u0105dzenie:<\/p>\n<ol>\n<li data-path-to-node=\"24,0,0\"><b>Watermelon Ice (Pod 1):<\/b> Chrupi\u0105cy, s\u0142odki arbuz zako\u0144czony orze\u017awiaj\u0105cym, lodowatym wydechem - najlepsze letnie orze\u017awienie.<\/li>\n<li data-path-to-node=\"24,1,0\"><b>Truskawka i mango (kapsu\u0142ka 2):<\/b> G\u0142adka, egzotyczna mieszanka, w kt\u00f3rej soczyste mango \u0142\u0105czy si\u0119 ze znajomym, s\u0142odkim posmakiem dojrza\u0142ych truskawek.<\/li>\n<li data-path-to-node=\"24,2,0\"><b>Banan (str\u0105k 3):<\/b> Klasyczny, kremowy i satysfakcjonuj\u0105co s\u0142odki profil czystego, dojrza\u0142ego banana.<\/li>\n<\/ol>\n<p data-path-to-node=\"25\">Ka\u017cdy puff jest zasilany przez wysokowydajny <b>Cewka o oczkach 1,0\u03a9<\/b>, Zapewnia to maksymalne nasycenie smakiem i p\u0142ynn\u0105, sp\u00f3jn\u0105 waporyzacj\u0119 przy ka\u017cdej zmianie.<\/p>\n<h3 data-path-to-node=\"26\">Dlaczego ten smak Bang Leader 80000 b\u0119dzie Twoim nast\u0119pnym ulubionym?<\/h3>\n<p data-path-to-node=\"27\">W ramach prze\u0142omowego <b>Puff 80000<\/b> Ta opcja smakowa zachowuje wszystkie elitarne cechy serii <b>Lider Bang<\/b> model: do <b>\u0141\u0105cznie 80 000 zaci\u0105gni\u0119\u0107<\/b>, a <b>78 ml<\/b> pojemno\u015b\u0107 e-liquidu i <b>Akumulator o pojemno\u015bci 850 mAh<\/b>. Jest to idealne, d\u0142ugotrwa\u0142e rozwi\u0105zanie dla waper\u00f3w, kt\u00f3rzy pragn\u0105 r\u00f3\u017cnorodno\u015bci i wysokiej jako\u015bci. Wybierz preferowany poziom nikotyny (0%, 2%, 3% lub 5%) i ciesz si\u0119 najlepszym tropikalnym asortymentem wysy\u0142anym szybko z naszej firmy. <b>Magazyn europejski<\/b>!<\/p>\n<h3 data-path-to-node=\"27\">Dla kogo przeznaczony jest ten smak?<\/h3>\n<p><b>Tropikalny podr\u00f3\u017cnik:<\/b> Idealny dla waper\u00f3w, kt\u00f3rzy kochaj\u0105 letnie, z\u0142o\u017cone profile owocowe. Idealny dla tych, kt\u00f3rzy lubi\u0105 mieszank\u0119 sch\u0142odzonych (Watermelon Ice) i kremowych (Banana) nut w jednym, d\u0142ugotrwa\u0142ym smaku. <b>Puff 80000<\/b> urz\u0105dzenie.<\/p>\n<h3 data-path-to-node=\"27\">Podstawowe parametry<\/h3>\n<table data-path-to-node=\"29\">\n<thead>\n<tr>\n<td><strong>Parametry smaku<\/strong><\/td>\n<td><strong>Szczeg\u00f3\u0142y<\/strong><\/td>\n<\/tr>\n<\/thead>\n<tbody>\n<tr>\n<td><span data-path-to-node=\"29,1,0,0\"><b>Po\u0142\u0105czenie smak\u00f3w<\/b><\/span><\/td>\n<td><span data-path-to-node=\"29,1,1,0\">L\u00f3d arbuzowy + truskawka i mango + banan<\/span><\/td>\n<\/tr>\n<tr>\n<td><span data-path-to-node=\"29,2,0,0\"><b>Puff Count<\/b><\/span><\/td>\n<td><span data-path-to-node=\"29,2,1,0\">Do 80000 Puff\u00f3w (Puff 80k)<\/span><\/td>\n<\/tr>\n<tr>\n<td><span data-path-to-node=\"29,3,0,0\"><b>Pojemno\u015b\u0107 E-Liquid<\/b><\/span><\/td>\n<td><span data-path-to-node=\"29,3,1,0\">78 ml wst\u0119pnie nape\u0142niony<\/span><\/td>\n<\/tr>\n<tr>\n<td><span data-path-to-node=\"29,4,0,0\"><b>Mocne strony nikotyny<\/b><\/span><\/td>\n<td><span data-path-to-node=\"29,4,1,0\">0% \/ 2% \/ 3% \/ 5% Poziom nikotyny<\/span><\/td>\n<\/tr>\n<tr>\n<td><span data-path-to-node=\"29,5,0,0\"><b>Cewka<\/b><\/span><\/td>\n<td><span data-path-to-node=\"29,5,1,0\">Siatkowa cewka 1,0\u03a9 zapewniaj\u0105ca wyrazisty smak<\/span><\/td>\n<\/tr>\n<tr>\n<td><span data-path-to-node=\"29,6,0,0\"><b>Bateria<\/b><\/span><\/td>\n<td><span data-path-to-node=\"29,6,1,0\">Akumulator 850 mAh<\/span><\/td>\n<\/tr>\n<tr>\n<td><span data-path-to-node=\"29,7,0,0\"><b>Wysy\u0142ka<\/b><\/span><\/td>\n<td><span data-path-to-node=\"29,7,1,0\">Magazyn europejski (1-3 dni)<\/span><\/td>\n<\/tr>\n<\/tbody>\n<\/table>\n<h2><strong>Puff 80k Bang Leader 80000 <\/strong><strong>Wideo\uff1a<\/strong><\/h2>\n<p><iframe title=\"Vape jednorazowe Bang Leader 80000 Puffs - najlepsze do\u015bwiadczenie z Puff 80k\" src=\"https:\/\/player.vimeo.com\/video\/1150263452?badge=0&amp;autopause=0&amp;player_id=0&amp;app_id=58479\" width=\"400\" height=\"711\" frameborder=\"0\"><\/iframe><\/p>\n<h3 dir=\"auto\">Oto dalsze zalecenia dla Ciebie:<\/h3>\n<p dir=\"auto\">Odkryj jeszcze wi\u0119cej niesamowitych smak\u00f3w dzi\u0119ki Puff 80k Bang Leader 80000 Vape!<\/p>\n<p dir=\"auto\"><a href=\"https:\/\/vozolvapen.de\/pl\/product-category\/bang-vape\/puff-80k-bang-leader-80000-puffs-vape\/\" target=\"_blank\" rel=\"noopener noreferrer nofollow\">Zobacz wszystkie odmiany tutaj \u2192<\/a><\/p>\n<p dir=\"auto\">Zapoznaj si\u0119 z nasz\u0105 pe\u0142n\u0105 kolekcj\u0105 i kupuj produkty najlepszych marek vape, kt\u00f3re pokochasz.<\/p>\n<p dir=\"auto\"><a href=\"https:\/\/vozolvapen.de\/pl\/\" target=\"_blank\" rel=\"noopener noreferrer nofollow\">Przegl\u0105daj teraz wszystkie marki \u2192<\/a><\/p>\n<p dir=\"auto\">Sprawd\u017a ca\u0142\u0105 seri\u0119 Bang Vape - ka\u017cdy smak, ka\u017cdy styl!<\/p>\n<p dir=\"auto\"><a href=\"https:\/\/vozolvapen.de\/pl\/product-category\/bang-vape\/\" target=\"_blank\" rel=\"noopener noreferrer nofollow\">Zobacz pe\u0142n\u0105 kolekcj\u0119 Bang Vape \u2192<\/a><\/p>","protected":false},"excerpt":{"rendered":"<p data-path-to-node=\"4\">Do\u015bwiadczenie najwy\u017cszej jako\u015bci <b>Puff 80k<\/b> tropikalna podr\u00f3\u017c! Ten smak 3 w 1 \u0142\u0105czy w sobie mro\u017any arbuzowy l\u00f3d, egzotyczne truskawkowe mango i kremowy banan w jednym ogromnym smaku. <b>Bang Leader 80000<\/b> urz\u0105dzenie. Ciesz si\u0119 trzema r\u00f3\u017cnymi, satysfakcjonuj\u0105cymi oparami na \u017c\u0105danie.<\/p>","protected":false},"featured_media":7879,"comment_status":"open","ping_status":"closed","template":"","meta":{"_acf_changed":false},"product_brand":[],"product_cat":[134,64],"product_tag":[],"class_list":{"0":"post-7866","1":"product","2":"type-product","3":"status-publish","4":"has-post-thumbnail","6":"product_cat-eu-warehouse-in-stock","7":"product_cat-puff-80k-bang-leader-80000-puffs-vape","9":"first","10":"instock","11":"shipping-taxable","12":"purchasable","13":"product-type-variable"},"acf":[],"yoast_head":"<!-- This site is optimized with the Yoast SEO Premium plugin v26.1 (Yoast SEO v27.5) - https:\/\/yoast.com\/product\/yoast-seo-premium-wordpress\/ -->\n<title>Bang Leader 80000 Puffs 3-in-1: Watermelon Ice, Strawberry Mango, and Banana - vozolvapen<\/title>\n<meta name=\"description\" content=\"Experience the tropical trio in the Puff 80k Bang Leader 80000. Get 3 switchable flavors: cool Watermelon, sweet Strawberry Mango, and creamy Banana. Unmatched Puff 80k capacity. Order your bang puff today!\" \/>\n<meta name=\"robots\" content=\"index, follow, max-snippet:-1, max-image-preview:large, max-video-preview:-1\" \/>\n<link rel=\"canonical\" href=\"https:\/\/vozolvapen.de\/pl\/product\/puff-80k-bang-leader-80000-watermelon-ice-strawberry-and-mango-banana\/\" \/>\n<meta property=\"og:locale\" content=\"pl_PL\" \/>\n<meta property=\"og:type\" content=\"article\" \/>\n<meta property=\"og:title\" content=\"Puff 80k Bang Leader 80000 - Watermelon Ice + Strawberry And Mango + Banana\" \/>\n<meta property=\"og:description\" content=\"Experience the tropical trio in the Puff 80k Bang Leader 80000. Get 3 switchable flavors: cool Watermelon, sweet Strawberry Mango, and creamy Banana. Unmatched Puff 80k capacity. Order your bang puff today!\" \/>\n<meta property=\"og:url\" content=\"https:\/\/vozolvapen.de\/pl\/product\/puff-80k-bang-leader-80000-watermelon-ice-strawberry-and-mango-banana\/\" \/>\n<meta property=\"og:site_name\" content=\"vozolvapen\" \/>\n<meta property=\"article:modified_time\" content=\"2026-02-10T12:35:26+00:00\" \/>\n<meta property=\"og:image\" content=\"https:\/\/vozolvapen.de\/wp-content\/uploads\/2025\/12\/Puff-80k-Bang-Leader-80000-watermelon-ice-strawberry-and-mango-banana.jpg.webp\" \/>\n\t<meta property=\"og:image:width\" content=\"1200\" \/>\n\t<meta property=\"og:image:height\" content=\"1200\" \/>\n\t<meta property=\"og:image:type\" content=\"image\/webp\" \/>\n<meta name=\"twitter:card\" content=\"summary_large_image\" \/>\n<meta name=\"twitter:label1\" content=\"Szacowany czas czytania\" \/>\n\t<meta name=\"twitter:data1\" content=\"2 minuty\" \/>\n<script type=\"application\/ld+json\" class=\"yoast-schema-graph\">{\"@context\":\"https:\\\/\\\/schema.org\",\"@graph\":[{\"@type\":\"WebPage\",\"@id\":\"https:\\\/\\\/vozolvapen.de\\\/product\\\/puff-80k-bang-leader-80000-watermelon-ice-strawberry-and-mango-banana\\\/\",\"url\":\"https:\\\/\\\/vozolvapen.de\\\/product\\\/puff-80k-bang-leader-80000-watermelon-ice-strawberry-and-mango-banana\\\/\",\"name\":\"Bang Leader 80000 Puffs 3-in-1: Watermelon Ice, Strawberry Mango, and Banana - vozolvapen\",\"isPartOf\":{\"@id\":\"https:\\\/\\\/vozolvapen.de\\\/#website\"},\"primaryImageOfPage\":{\"@id\":\"https:\\\/\\\/vozolvapen.de\\\/product\\\/puff-80k-bang-leader-80000-watermelon-ice-strawberry-and-mango-banana\\\/#primaryimage\"},\"image\":{\"@id\":\"https:\\\/\\\/vozolvapen.de\\\/product\\\/puff-80k-bang-leader-80000-watermelon-ice-strawberry-and-mango-banana\\\/#primaryimage\"},\"thumbnailUrl\":\"https:\\\/\\\/vozolvapen.de\\\/wp-content\\\/uploads\\\/2025\\\/12\\\/Puff-80k-Bang-Leader-80000-watermelon-ice-strawberry-and-mango-banana.jpg.webp\",\"datePublished\":\"2025-12-06T08:49:13+00:00\",\"dateModified\":\"2026-02-10T12:35:26+00:00\",\"description\":\"Experience the tropical trio in the Puff 80k Bang Leader 80000. Get 3 switchable flavors: cool Watermelon, sweet Strawberry Mango, and creamy Banana. Unmatched Puff 80k capacity. Order your bang puff today!\",\"breadcrumb\":{\"@id\":\"https:\\\/\\\/vozolvapen.de\\\/product\\\/puff-80k-bang-leader-80000-watermelon-ice-strawberry-and-mango-banana\\\/#breadcrumb\"},\"inLanguage\":\"pl-PL\",\"potentialAction\":[{\"@type\":\"ReadAction\",\"target\":[\"https:\\\/\\\/vozolvapen.de\\\/product\\\/puff-80k-bang-leader-80000-watermelon-ice-strawberry-and-mango-banana\\\/\"]}]},{\"@type\":\"ImageObject\",\"inLanguage\":\"pl-PL\",\"@id\":\"https:\\\/\\\/vozolvapen.de\\\/product\\\/puff-80k-bang-leader-80000-watermelon-ice-strawberry-and-mango-banana\\\/#primaryimage\",\"url\":\"https:\\\/\\\/vozolvapen.de\\\/wp-content\\\/uploads\\\/2025\\\/12\\\/Puff-80k-Bang-Leader-80000-watermelon-ice-strawberry-and-mango-banana.jpg.webp\",\"contentUrl\":\"https:\\\/\\\/vozolvapen.de\\\/wp-content\\\/uploads\\\/2025\\\/12\\\/Puff-80k-Bang-Leader-80000-watermelon-ice-strawberry-and-mango-banana.jpg.webp\",\"width\":1200,\"height\":1200,\"caption\":\"Puff 80k Bang Leader 80000-watermelon-ice-strawberry-and-mango-banana.jpg\"},{\"@type\":\"BreadcrumbList\",\"@id\":\"https:\\\/\\\/vozolvapen.de\\\/product\\\/puff-80k-bang-leader-80000-watermelon-ice-strawberry-and-mango-banana\\\/#breadcrumb\",\"itemListElement\":[{\"@type\":\"ListItem\",\"position\":1,\"name\":\"Home\",\"item\":\"https:\\\/\\\/vozolvapen.de\\\/de\\\/\"},{\"@type\":\"ListItem\",\"position\":2,\"name\":\"Shop\",\"item\":\"https:\\\/\\\/vozolvapen.de\\\/shop\\\/\"},{\"@type\":\"ListItem\",\"position\":3,\"name\":\"Puff 80k Bang Leader 80000 &#8211; Watermelon Ice + Strawberry And Mango + Banana\"}]},{\"@type\":\"WebSite\",\"@id\":\"https:\\\/\\\/vozolvapen.de\\\/#website\",\"url\":\"https:\\\/\\\/vozolvapen.de\\\/\",\"name\":\"vozolvapen\",\"description\":\"vozolvapen\",\"publisher\":{\"@id\":\"https:\\\/\\\/vozolvapen.de\\\/#organization\"},\"potentialAction\":[{\"@type\":\"SearchAction\",\"target\":{\"@type\":\"EntryPoint\",\"urlTemplate\":\"https:\\\/\\\/vozolvapen.de\\\/?s={search_term_string}\"},\"query-input\":{\"@type\":\"PropertyValueSpecification\",\"valueRequired\":true,\"valueName\":\"search_term_string\"}}],\"inLanguage\":\"pl-PL\"},{\"@type\":\"Organization\",\"@id\":\"https:\\\/\\\/vozolvapen.de\\\/#organization\",\"name\":\"vozolvapen\",\"url\":\"https:\\\/\\\/vozolvapen.de\\\/\",\"logo\":{\"@type\":\"ImageObject\",\"inLanguage\":\"pl-PL\",\"@id\":\"https:\\\/\\\/vozolvapen.de\\\/#\\\/schema\\\/logo\\\/image\\\/\",\"url\":\"https:\\\/\\\/vozolvapen.de\\\/wp-content\\\/uploads\\\/2025\\\/12\\\/cropped-vozovapen-logo.webp\",\"contentUrl\":\"https:\\\/\\\/vozolvapen.de\\\/wp-content\\\/uploads\\\/2025\\\/12\\\/cropped-vozovapen-logo.webp\",\"width\":470,\"height\":110,\"caption\":\"vozolvapen\"},\"image\":{\"@id\":\"https:\\\/\\\/vozolvapen.de\\\/#\\\/schema\\\/logo\\\/image\\\/\"}}]}<\/script>\n<!-- \/ Yoast SEO Premium plugin. -->","yoast_head_json":{"title":"Bang Leader 80000 Puffs 3 w 1: arbuzowy l\u00f3d, truskawkowe mango i banan - vozolvapen","description":"Do\u015bwiadcz tropikalnego trio w Puff 80k Bang Leader 80000. Uzyskaj 3 prze\u0142\u0105czane smaki: ch\u0142odny arbuz, s\u0142odkie truskawkowe mango i kremowy banan. Niezr\u00f3wnana pojemno\u015b\u0107 Puff 80k. Zam\u00f3w sw\u00f3j bang puff ju\u017c dzi\u015b!","robots":{"index":"index","follow":"follow","max-snippet":"max-snippet:-1","max-image-preview":"max-image-preview:large","max-video-preview":"max-video-preview:-1"},"canonical":"https:\/\/vozolvapen.de\/pl\/product\/puff-80k-bang-leader-80000-watermelon-ice-strawberry-and-mango-banana\/","og_locale":"pl_PL","og_type":"article","og_title":"Puff 80k Bang Leader 80000 - Watermelon Ice + Strawberry And Mango + Banana","og_description":"Experience the tropical trio in the Puff 80k Bang Leader 80000. Get 3 switchable flavors: cool Watermelon, sweet Strawberry Mango, and creamy Banana. Unmatched Puff 80k capacity. Order your bang puff today!","og_url":"https:\/\/vozolvapen.de\/pl\/product\/puff-80k-bang-leader-80000-watermelon-ice-strawberry-and-mango-banana\/","og_site_name":"vozolvapen","article_modified_time":"2026-02-10T12:35:26+00:00","og_image":[{"width":1200,"height":1200,"url":"https:\/\/vozolvapen.de\/wp-content\/uploads\/2025\/12\/Puff-80k-Bang-Leader-80000-watermelon-ice-strawberry-and-mango-banana.jpg.webp","type":"image\/webp"}],"twitter_card":"summary_large_image","twitter_misc":{"Szacowany czas czytania":"2 minuty"},"schema":{"@context":"https:\/\/schema.org","@graph":[{"@type":"WebPage","@id":"https:\/\/vozolvapen.de\/product\/puff-80k-bang-leader-80000-watermelon-ice-strawberry-and-mango-banana\/","url":"https:\/\/vozolvapen.de\/product\/puff-80k-bang-leader-80000-watermelon-ice-strawberry-and-mango-banana\/","name":"Bang Leader 80000 Puffs 3 w 1: arbuzowy l\u00f3d, truskawkowe mango i banan - vozolvapen","isPartOf":{"@id":"https:\/\/vozolvapen.de\/#website"},"primaryImageOfPage":{"@id":"https:\/\/vozolvapen.de\/product\/puff-80k-bang-leader-80000-watermelon-ice-strawberry-and-mango-banana\/#primaryimage"},"image":{"@id":"https:\/\/vozolvapen.de\/product\/puff-80k-bang-leader-80000-watermelon-ice-strawberry-and-mango-banana\/#primaryimage"},"thumbnailUrl":"https:\/\/vozolvapen.de\/wp-content\/uploads\/2025\/12\/Puff-80k-Bang-Leader-80000-watermelon-ice-strawberry-and-mango-banana.jpg.webp","datePublished":"2025-12-06T08:49:13+00:00","dateModified":"2026-02-10T12:35:26+00:00","description":"Do\u015bwiadcz tropikalnego trio w Puff 80k Bang Leader 80000. Uzyskaj 3 prze\u0142\u0105czane smaki: ch\u0142odny arbuz, s\u0142odkie truskawkowe mango i kremowy banan. Niezr\u00f3wnana pojemno\u015b\u0107 Puff 80k. Zam\u00f3w sw\u00f3j bang puff ju\u017c dzi\u015b!","breadcrumb":{"@id":"https:\/\/vozolvapen.de\/product\/puff-80k-bang-leader-80000-watermelon-ice-strawberry-and-mango-banana\/#breadcrumb"},"inLanguage":"pl-PL","potentialAction":[{"@type":"ReadAction","target":["https:\/\/vozolvapen.de\/product\/puff-80k-bang-leader-80000-watermelon-ice-strawberry-and-mango-banana\/"]}]},{"@type":"ImageObject","inLanguage":"pl-PL","@id":"https:\/\/vozolvapen.de\/product\/puff-80k-bang-leader-80000-watermelon-ice-strawberry-and-mango-banana\/#primaryimage","url":"https:\/\/vozolvapen.de\/wp-content\/uploads\/2025\/12\/Puff-80k-Bang-Leader-80000-watermelon-ice-strawberry-and-mango-banana.jpg.webp","contentUrl":"https:\/\/vozolvapen.de\/wp-content\/uploads\/2025\/12\/Puff-80k-Bang-Leader-80000-watermelon-ice-strawberry-and-mango-banana.jpg.webp","width":1200,"height":1200,"caption":"Puff 80k Bang Leader 80000-watermelon-ice-strawberry-and-mango-banana.jpg"},{"@type":"BreadcrumbList","@id":"https:\/\/vozolvapen.de\/product\/puff-80k-bang-leader-80000-watermelon-ice-strawberry-and-mango-banana\/#breadcrumb","itemListElement":[{"@type":"ListItem","position":1,"name":"Home","item":"https:\/\/vozolvapen.de\/de\/"},{"@type":"ListItem","position":2,"name":"Shop","item":"https:\/\/vozolvapen.de\/shop\/"},{"@type":"ListItem","position":3,"name":"Puff 80k Bang Leader 80000 &#8211; Watermelon Ice + Strawberry And Mango + Banana"}]},{"@type":"WebSite","@id":"https:\/\/vozolvapen.de\/#website","url":"https:\/\/vozolvapen.de\/","name":"vozolvapen","description":"vozolvapen","publisher":{"@id":"https:\/\/vozolvapen.de\/#organization"},"potentialAction":[{"@type":"SearchAction","target":{"@type":"EntryPoint","urlTemplate":"https:\/\/vozolvapen.de\/?s={search_term_string}"},"query-input":{"@type":"PropertyValueSpecification","valueRequired":true,"valueName":"search_term_string"}}],"inLanguage":"pl-PL"},{"@type":"Organization","@id":"https:\/\/vozolvapen.de\/#organization","name":"vozolvapen","url":"https:\/\/vozolvapen.de\/","logo":{"@type":"ImageObject","inLanguage":"pl-PL","@id":"https:\/\/vozolvapen.de\/#\/schema\/logo\/image\/","url":"https:\/\/vozolvapen.de\/wp-content\/uploads\/2025\/12\/cropped-vozovapen-logo.webp","contentUrl":"https:\/\/vozolvapen.de\/wp-content\/uploads\/2025\/12\/cropped-vozovapen-logo.webp","width":470,"height":110,"caption":"vozolvapen"},"image":{"@id":"https:\/\/vozolvapen.de\/#\/schema\/logo\/image\/"}}]}},"tiered_pricing_type":"fixed","tiered_pricing_fixed_rules":{"30":"11.7","50":"9.7","100":"8.7","200":"8.2"},"tiered_pricing_product_settings":{"layout":"default","base_unit_name":{"singular":null,"plural":null},"default_variation":{}},"tiered_pricing_minimum_quantity":10,"tiered_pricing_roles_data":[],"tiered_pricing_percentage_rules":[],"tiered_pricing_maximum_quantity":null,"tiered_pricing_quantity_step":"10","_links":{"self":[{"href":"http:\/\/vozolvapen.de\/pl\/wp-json\/wp\/v2\/product\/7866","targetHints":{"allow":["GET"]}}],"collection":[{"href":"http:\/\/vozolvapen.de\/pl\/wp-json\/wp\/v2\/product"}],"about":[{"href":"http:\/\/vozolvapen.de\/pl\/wp-json\/wp\/v2\/types\/product"}],"replies":[{"embeddable":true,"href":"http:\/\/vozolvapen.de\/pl\/wp-json\/wp\/v2\/comments?post=7866"}],"wp:featuredmedia":[{"embeddable":true,"href":"http:\/\/vozolvapen.de\/pl\/wp-json\/wp\/v2\/media\/7879"}],"wp:attachment":[{"href":"http:\/\/vozolvapen.de\/pl\/wp-json\/wp\/v2\/media?parent=7866"}],"wp:term":[{"taxonomy":"product_brand","embeddable":true,"href":"http:\/\/vozolvapen.de\/pl\/wp-json\/wp\/v2\/product_brand?post=7866"},{"taxonomy":"product_cat","embeddable":true,"href":"http:\/\/vozolvapen.de\/pl\/wp-json\/wp\/v2\/product_cat?post=7866"},{"taxonomy":"product_tag","embeddable":true,"href":"http:\/\/vozolvapen.de\/pl\/wp-json\/wp\/v2\/product_tag?post=7866"}],"curies":[{"name":"wp","href":"https:\/\/api.w.org\/{rel}","templated":true}]}}