{"id":7867,"date":"2025-12-06T08:49:33","date_gmt":"2025-12-06T08:49:33","guid":{"rendered":"https:\/\/vozolvapen.de\/?post_type=product&#038;p=7867"},"modified":"2026-02-10T12:35:23","modified_gmt":"2026-02-10T12:35:23","slug":"puff-80k-bang-leader-80000-raspberry-mojito-peach-ice-strawberry-and-watermelon-kiwi-passion-fruit-guava","status":"publish","type":"product","link":"http:\/\/vozolvapen.de\/pl\/product\/puff-80k-bang-leader-80000-raspberry-mojito-peach-ice-strawberry-and-watermelon-kiwi-passion-fruit-guava\/","title":{"rendered":"Puff 80k Bang Leader 80000 - Raspberry Mojito Peach Ice + Strawberry And Watermelon + Kiwi Passion Fruit Guava"},"content":{"rendered":"<h1>Bang Leader 80000 Puffs 3 w 1: Mojito, Jagody i Tropikalna Gujawa<\/h1>\n<h2><b>Koncentracja na produkcie<\/b><\/h2>\n<p><b> Kolekcja Carnival<\/b> To <b>Lider Bang<\/b> zosta\u0142a zaprojektowana z my\u015bl\u0105 o poszukiwaczach przyg\u00f3d. \u0141\u0105czy w sobie wyrazisty smak inspirowany koktajlem (Raspberry Mojito Peach Ice) z dwiema klasycznymi mieszankami owoc\u00f3w (truskawka i arbuz, Kiwi Passion Fruit Guava). Innowacyjny system 3 w 1 w tym <b>Puff 80k Bang Leader 80000<\/b> Zapewnia, \u017ce nigdy nie zm\u0119czysz si\u0119 smakiem, dzi\u0119ki czemu jest idealny <b>bang puff<\/b> urz\u0105dzenie do d\u0142ugotrwa\u0142ego u\u017cytkowania. Ciesz si\u0119 g\u0142adk\u0105, jednolit\u0105 par\u0105 z cewki siatkowej 1,0\u03a9 we wszystkich trzech e-liquidach premium.<\/p>\n<h2 data-path-to-node=\"4\"><b>Kolekcja Carnival: G\u0142\u0119bia smaku<\/b><\/h2>\n<p data-path-to-node=\"4\">To wyj\u0105tkowe po\u0142\u0105czenie 3 w 1 dla <b>Bang Leader 80000<\/b> to idealne po\u0142\u0105czenie mro\u017anego orze\u017awienia i tropikalnej s\u0142odyczy. Za pomoc\u0105 prostego prze\u0142\u0105cznika mo\u017cesz cieszy\u0107 si\u0119 trzema r\u00f3\u017cnymi, ale uzupe\u0142niaj\u0105cymi si\u0119 doznaniami z waporyzacji, a wszystko to w ramach ultra-d\u0142ugiej \u017cywotno\u015bci <b>bang puff<\/b> urz\u0105dzenie:<\/p>\n<ul>\n<li data-path-to-node=\"5,0,0\"><b>Raspberry Mojito Peach Ice (kapsu\u0142ka 1):<\/b> Wibruj\u0105ca mieszanka inspirowana koktajlami, \u0142\u0105cz\u0105ca cierpko\u015b\u0107 malin i mi\u0119t\u0119 mojito, os\u0142odzona brzoskwini\u0105 i wyko\u0144czona ch\u0142odnym lodowym podmuchem.<\/li>\n<li data-path-to-node=\"5,1,0\"><b>Truskawka i arbuz (str\u0105k 2):<\/b><span class=\"citation-64 citation-end-64\"> Orze\u017awiaj\u0105cy, powszechnie lubiany klasyk, w kt\u00f3rym soczysta s\u0142odycz arbuza \u0142\u0105czy si\u0119 z jasnym, znajomym posmakiem dojrza\u0142ych truskawek.<\/span><\/li>\n<li data-path-to-node=\"5,2,0\"><b>Kiwi Passion Fruit Guava (kapsu\u0142ka 3):<\/b><span class=\"citation-63 citation-end-63\"> Intensywna, egzotyczna mieszanka z kwa\u015bnym posmakiem kiwi, wyra\u017anym aromatem marakui i pi\u017cmow\u0105 s\u0142odycz\u0105 guawy.<\/span><\/li>\n<\/ul>\n<p data-path-to-node=\"6\">Ka\u017cdy puff jest zasilany przez wysokowydajny <b>Cewka o oczkach 1,0\u03a9<\/b>, Zapewnia to maksymalne nasycenie smakiem i p\u0142ynn\u0105, sp\u00f3jn\u0105 waporyzacj\u0119 przy ka\u017cdej zmianie.<\/p>\n<h3 data-path-to-node=\"27\">Dla kogo przeznaczony jest ten smak?<\/h3>\n<p><b>Poszukiwacz smak\u00f3w:<\/b> Przeznaczony dla waper\u00f3w poszukuj\u0105cych egzotycznych smak\u00f3w inspirowanych koktajlami. Ta mieszanka jest przeznaczona dla os\u00f3b, kt\u00f3re ceni\u0105 sobie odwa\u017cne, z\u0142o\u017cone smaki i orze\u017awiaj\u0105c\u0105 jako\u015b\u0107 lodowatych, mieszanych kombinacji owoc\u00f3w.<\/p>\n<h3 data-path-to-node=\"27\">Podstawowe parametry<\/h3>\n<table data-path-to-node=\"29\">\n<thead>\n<tr>\n<td><strong>Parametry smaku<\/strong><\/td>\n<td><strong>Szczeg\u00f3\u0142y<\/strong><\/td>\n<\/tr>\n<\/thead>\n<tbody>\n<tr>\n<td><span data-path-to-node=\"29,1,0,0\"><b>Po\u0142\u0105czenie smak\u00f3w<\/b><\/span><\/td>\n<td>Raspberry Mojito Peach Ice + Strawberry And Watermelon + Kiwi Passion Fruit Guava<\/td>\n<\/tr>\n<tr>\n<td><span data-path-to-node=\"29,2,0,0\"><b>Puff Count<\/b><\/span><\/td>\n<td><span data-path-to-node=\"29,2,1,0\">Do 80000 Puff\u00f3w (Puff 80k)<\/span><\/td>\n<\/tr>\n<tr>\n<td><span data-path-to-node=\"29,3,0,0\"><b>Pojemno\u015b\u0107 E-Liquid<\/b><\/span><\/td>\n<td><span data-path-to-node=\"29,3,1,0\">78 ml wst\u0119pnie nape\u0142niony<\/span><\/td>\n<\/tr>\n<tr>\n<td><span data-path-to-node=\"29,4,0,0\"><b>Mocne strony nikotyny<\/b><\/span><\/td>\n<td><span data-path-to-node=\"29,4,1,0\">0% \/ 2% \/ 3% \/ 5% Poziom nikotyny<\/span><\/td>\n<\/tr>\n<tr>\n<td><span data-path-to-node=\"29,5,0,0\"><b>Cewka<\/b><\/span><\/td>\n<td><span data-path-to-node=\"29,5,1,0\">Siatkowa cewka 1,0\u03a9 zapewniaj\u0105ca wyrazisty smak<\/span><\/td>\n<\/tr>\n<tr>\n<td><span data-path-to-node=\"29,6,0,0\"><b>Bateria<\/b><\/span><\/td>\n<td><span data-path-to-node=\"29,6,1,0\">Akumulator 850 mAh<\/span><\/td>\n<\/tr>\n<tr>\n<td><span data-path-to-node=\"29,7,0,0\"><b>Wysy\u0142ka<\/b><\/span><\/td>\n<td><span data-path-to-node=\"29,7,1,0\">Magazyn europejski (1-3 dni)<\/span><\/td>\n<\/tr>\n<\/tbody>\n<\/table>\n<h2><strong>Puff 80k Bang Leader 80000 <\/strong><strong>Wideo\uff1a<\/strong><\/h2>\n<p><iframe title=\"Vape jednorazowe Bang Leader 80000 Puffs - najlepsze do\u015bwiadczenie z Puff 80k\" src=\"https:\/\/player.vimeo.com\/video\/1150263452?badge=0&amp;autopause=0&amp;player_id=0&amp;app_id=58479\" width=\"400\" height=\"711\" frameborder=\"0\"><\/iframe><\/p>\n<h3 dir=\"auto\">Oto dalsze zalecenia dla Ciebie:<\/h3>\n<p dir=\"auto\">Odkryj jeszcze wi\u0119cej niesamowitych smak\u00f3w dzi\u0119ki Puff 80k Bang Leader 80000 Vape!<\/p>\n<p dir=\"auto\"><a href=\"https:\/\/vozolvapen.de\/pl\/product-category\/bang-vape\/puff-80k-bang-leader-80000-puffs-vape\/\" target=\"_blank\" rel=\"noopener noreferrer nofollow\">Zobacz wszystkie odmiany tutaj \u2192<\/a><\/p>\n<p dir=\"auto\">Zapoznaj si\u0119 z nasz\u0105 pe\u0142n\u0105 kolekcj\u0105 i kupuj produkty najlepszych marek vape, kt\u00f3re pokochasz.<\/p>\n<p dir=\"auto\"><a href=\"https:\/\/vozolvapen.de\/pl\/\" target=\"_blank\" rel=\"noopener noreferrer nofollow\">Przegl\u0105daj teraz wszystkie marki \u2192<\/a><\/p>\n<p dir=\"auto\">Sprawd\u017a ca\u0142\u0105 seri\u0119 Bang Vape - ka\u017cdy smak, ka\u017cdy styl!<\/p>\n<p dir=\"auto\"><a href=\"https:\/\/vozolvapen.de\/pl\/product-category\/bang-vape\/\" target=\"_blank\" rel=\"noopener noreferrer nofollow\">Zobacz pe\u0142n\u0105 kolekcj\u0119 Bang Vape \u2192<\/a><\/p>","protected":false},"excerpt":{"rendered":"<p data-path-to-node=\"6\">Kolekcja Carnival jest ju\u017c dost\u0119pna! Skorzystaj z trzech z\u0142o\u017conych, \u017cywych smak\u00f3w: orze\u017awiaj\u0105cego koktajlu Raspberry Mojito Peach Ice, klasycznej mieszanki truskawki i arbuza oraz intensywnego tropikalnego uderzenia Kiwi Passion Fruit Guava. <b>80000 Puff\u00f3w<\/b> czystej r\u00f3\u017cnorodno\u015bci.<\/p>","protected":false},"featured_media":7880,"comment_status":"open","ping_status":"closed","template":"","meta":{"_acf_changed":false},"product_brand":[],"product_cat":[134,64],"product_tag":[],"class_list":{"0":"post-7867","1":"product","2":"type-product","3":"status-publish","4":"has-post-thumbnail","6":"product_cat-eu-warehouse-in-stock","7":"product_cat-puff-80k-bang-leader-80000-puffs-vape","9":"first","10":"instock","11":"featured","12":"shipping-taxable","13":"purchasable","14":"product-type-variable"},"acf":[],"yoast_head":"<!-- This site is optimized with the Yoast SEO Premium plugin v26.1 (Yoast SEO v27.5) - https:\/\/yoast.com\/product\/yoast-seo-premium-wordpress\/ -->\n<title>Puff 80k Bang Leader 80000: Mojito, Berries &amp; Tropical Guava 3-in-1 Flavor - vozolvapen<\/title>\n<meta name=\"description\" content=\"The Bang Leader 80000 Puffs Carnival Collection: Raspberry Mojito Peach Ice, Strawberry Watermelon, and Kiwi Passion Fruit Guava. Enjoy 3 unique flavors in one Puff 80k rechargeable device. Fast EU shipping.\" \/>\n<meta name=\"robots\" content=\"index, follow, max-snippet:-1, max-image-preview:large, max-video-preview:-1\" \/>\n<link rel=\"canonical\" href=\"https:\/\/vozolvapen.de\/pl\/product\/puff-80k-bang-leader-80000-raspberry-mojito-peach-ice-strawberry-and-watermelon-kiwi-passion-fruit-guava\/\" \/>\n<meta property=\"og:locale\" content=\"pl_PL\" \/>\n<meta property=\"og:type\" content=\"article\" \/>\n<meta property=\"og:title\" content=\"Puff 80k Bang Leader 80000 - Raspberry Mojito Peach Ice + Strawberry And Watermelon + Kiwi Passion Fruit Guava\" \/>\n<meta property=\"og:description\" content=\"The Bang Leader 80000 Puffs Carnival Collection: Raspberry Mojito Peach Ice, Strawberry Watermelon, and Kiwi Passion Fruit Guava. Enjoy 3 unique flavors in one Puff 80k rechargeable device. Fast EU shipping.\" \/>\n<meta property=\"og:url\" content=\"https:\/\/vozolvapen.de\/pl\/product\/puff-80k-bang-leader-80000-raspberry-mojito-peach-ice-strawberry-and-watermelon-kiwi-passion-fruit-guava\/\" \/>\n<meta property=\"og:site_name\" content=\"vozolvapen\" \/>\n<meta property=\"article:modified_time\" content=\"2026-02-10T12:35:23+00:00\" \/>\n<meta property=\"og:image\" content=\"https:\/\/vozolvapen.de\/wp-content\/uploads\/2025\/12\/Puff-80k-Bang-Leader-80000-raspberry-mojito-peach-ice-strawberry-and-watermelon-kiwi-passion-fruit-guava.jpg.webp\" \/>\n\t<meta property=\"og:image:width\" content=\"1200\" \/>\n\t<meta property=\"og:image:height\" content=\"1200\" \/>\n\t<meta property=\"og:image:type\" content=\"image\/webp\" \/>\n<meta name=\"twitter:card\" content=\"summary_large_image\" \/>\n<meta name=\"twitter:label1\" content=\"Szacowany czas czytania\" \/>\n\t<meta name=\"twitter:data1\" content=\"2 minuty\" \/>\n<script type=\"application\/ld+json\" class=\"yoast-schema-graph\">{\"@context\":\"https:\\\/\\\/schema.org\",\"@graph\":[{\"@type\":\"WebPage\",\"@id\":\"https:\\\/\\\/vozolvapen.de\\\/product\\\/puff-80k-bang-leader-80000-raspberry-mojito-peach-ice-strawberry-and-watermelon-kiwi-passion-fruit-guava\\\/\",\"url\":\"https:\\\/\\\/vozolvapen.de\\\/product\\\/puff-80k-bang-leader-80000-raspberry-mojito-peach-ice-strawberry-and-watermelon-kiwi-passion-fruit-guava\\\/\",\"name\":\"Puff 80k Bang Leader 80000: Mojito, Berries & Tropical Guava 3-in-1 Flavor - vozolvapen\",\"isPartOf\":{\"@id\":\"https:\\\/\\\/vozolvapen.de\\\/#website\"},\"primaryImageOfPage\":{\"@id\":\"https:\\\/\\\/vozolvapen.de\\\/product\\\/puff-80k-bang-leader-80000-raspberry-mojito-peach-ice-strawberry-and-watermelon-kiwi-passion-fruit-guava\\\/#primaryimage\"},\"image\":{\"@id\":\"https:\\\/\\\/vozolvapen.de\\\/product\\\/puff-80k-bang-leader-80000-raspberry-mojito-peach-ice-strawberry-and-watermelon-kiwi-passion-fruit-guava\\\/#primaryimage\"},\"thumbnailUrl\":\"https:\\\/\\\/vozolvapen.de\\\/wp-content\\\/uploads\\\/2025\\\/12\\\/Puff-80k-Bang-Leader-80000-raspberry-mojito-peach-ice-strawberry-and-watermelon-kiwi-passion-fruit-guava.jpg.webp\",\"datePublished\":\"2025-12-06T08:49:33+00:00\",\"dateModified\":\"2026-02-10T12:35:23+00:00\",\"description\":\"The Bang Leader 80000 Puffs Carnival Collection: Raspberry Mojito Peach Ice, Strawberry Watermelon, and Kiwi Passion Fruit Guava. Enjoy 3 unique flavors in one Puff 80k rechargeable device. Fast EU shipping.\",\"breadcrumb\":{\"@id\":\"https:\\\/\\\/vozolvapen.de\\\/product\\\/puff-80k-bang-leader-80000-raspberry-mojito-peach-ice-strawberry-and-watermelon-kiwi-passion-fruit-guava\\\/#breadcrumb\"},\"inLanguage\":\"pl-PL\",\"potentialAction\":[{\"@type\":\"ReadAction\",\"target\":[\"https:\\\/\\\/vozolvapen.de\\\/product\\\/puff-80k-bang-leader-80000-raspberry-mojito-peach-ice-strawberry-and-watermelon-kiwi-passion-fruit-guava\\\/\"]}]},{\"@type\":\"ImageObject\",\"inLanguage\":\"pl-PL\",\"@id\":\"https:\\\/\\\/vozolvapen.de\\\/product\\\/puff-80k-bang-leader-80000-raspberry-mojito-peach-ice-strawberry-and-watermelon-kiwi-passion-fruit-guava\\\/#primaryimage\",\"url\":\"https:\\\/\\\/vozolvapen.de\\\/wp-content\\\/uploads\\\/2025\\\/12\\\/Puff-80k-Bang-Leader-80000-raspberry-mojito-peach-ice-strawberry-and-watermelon-kiwi-passion-fruit-guava.jpg.webp\",\"contentUrl\":\"https:\\\/\\\/vozolvapen.de\\\/wp-content\\\/uploads\\\/2025\\\/12\\\/Puff-80k-Bang-Leader-80000-raspberry-mojito-peach-ice-strawberry-and-watermelon-kiwi-passion-fruit-guava.jpg.webp\",\"width\":1200,\"height\":1200,\"caption\":\"Puff 80k Bang Leader 80000-raspberry-mojito-peach-ice-strawberry-and-watermelon-kiwi-passion-fruit-guava.jpg\"},{\"@type\":\"BreadcrumbList\",\"@id\":\"https:\\\/\\\/vozolvapen.de\\\/product\\\/puff-80k-bang-leader-80000-raspberry-mojito-peach-ice-strawberry-and-watermelon-kiwi-passion-fruit-guava\\\/#breadcrumb\",\"itemListElement\":[{\"@type\":\"ListItem\",\"position\":1,\"name\":\"Home\",\"item\":\"https:\\\/\\\/vozolvapen.de\\\/de\\\/\"},{\"@type\":\"ListItem\",\"position\":2,\"name\":\"Shop\",\"item\":\"https:\\\/\\\/vozolvapen.de\\\/shop\\\/\"},{\"@type\":\"ListItem\",\"position\":3,\"name\":\"Puff 80k Bang Leader 80000 &#8211; Raspberry Mojito Peach Ice + Strawberry And Watermelon + Kiwi Passion Fruit Guava\"}]},{\"@type\":\"WebSite\",\"@id\":\"https:\\\/\\\/vozolvapen.de\\\/#website\",\"url\":\"https:\\\/\\\/vozolvapen.de\\\/\",\"name\":\"vozolvapen\",\"description\":\"vozolvapen\",\"publisher\":{\"@id\":\"https:\\\/\\\/vozolvapen.de\\\/#organization\"},\"potentialAction\":[{\"@type\":\"SearchAction\",\"target\":{\"@type\":\"EntryPoint\",\"urlTemplate\":\"https:\\\/\\\/vozolvapen.de\\\/?s={search_term_string}\"},\"query-input\":{\"@type\":\"PropertyValueSpecification\",\"valueRequired\":true,\"valueName\":\"search_term_string\"}}],\"inLanguage\":\"pl-PL\"},{\"@type\":\"Organization\",\"@id\":\"https:\\\/\\\/vozolvapen.de\\\/#organization\",\"name\":\"vozolvapen\",\"url\":\"https:\\\/\\\/vozolvapen.de\\\/\",\"logo\":{\"@type\":\"ImageObject\",\"inLanguage\":\"pl-PL\",\"@id\":\"https:\\\/\\\/vozolvapen.de\\\/#\\\/schema\\\/logo\\\/image\\\/\",\"url\":\"https:\\\/\\\/vozolvapen.de\\\/wp-content\\\/uploads\\\/2025\\\/12\\\/cropped-vozovapen-logo.webp\",\"contentUrl\":\"https:\\\/\\\/vozolvapen.de\\\/wp-content\\\/uploads\\\/2025\\\/12\\\/cropped-vozovapen-logo.webp\",\"width\":470,\"height\":110,\"caption\":\"vozolvapen\"},\"image\":{\"@id\":\"https:\\\/\\\/vozolvapen.de\\\/#\\\/schema\\\/logo\\\/image\\\/\"}}]}<\/script>\n<!-- \/ Yoast SEO Premium plugin. -->","yoast_head_json":{"title":"Puff 80k Bang Leader 80000: Mojito, Berries &amp; Tropical Guava 3 w 1 Flavor - vozolvapen","description":"Kolekcja Bang Leader 80000 Puffs Carnival: Raspberry Mojito Peach Ice, Strawberry Watermelon i Kiwi Passion Fruit Guava. Ciesz si\u0119 3 wyj\u0105tkowymi smakami w jednym urz\u0105dzeniu akumulatorowym Puff 80k. Szybka wysy\u0142ka na terenie UE.","robots":{"index":"index","follow":"follow","max-snippet":"max-snippet:-1","max-image-preview":"max-image-preview:large","max-video-preview":"max-video-preview:-1"},"canonical":"https:\/\/vozolvapen.de\/pl\/product\/puff-80k-bang-leader-80000-raspberry-mojito-peach-ice-strawberry-and-watermelon-kiwi-passion-fruit-guava\/","og_locale":"pl_PL","og_type":"article","og_title":"Puff 80k Bang Leader 80000 - Raspberry Mojito Peach Ice + Strawberry And Watermelon + Kiwi Passion Fruit Guava","og_description":"The Bang Leader 80000 Puffs Carnival Collection: Raspberry Mojito Peach Ice, Strawberry Watermelon, and Kiwi Passion Fruit Guava. Enjoy 3 unique flavors in one Puff 80k rechargeable device. Fast EU shipping.","og_url":"https:\/\/vozolvapen.de\/pl\/product\/puff-80k-bang-leader-80000-raspberry-mojito-peach-ice-strawberry-and-watermelon-kiwi-passion-fruit-guava\/","og_site_name":"vozolvapen","article_modified_time":"2026-02-10T12:35:23+00:00","og_image":[{"width":1200,"height":1200,"url":"https:\/\/vozolvapen.de\/wp-content\/uploads\/2025\/12\/Puff-80k-Bang-Leader-80000-raspberry-mojito-peach-ice-strawberry-and-watermelon-kiwi-passion-fruit-guava.jpg.webp","type":"image\/webp"}],"twitter_card":"summary_large_image","twitter_misc":{"Szacowany czas czytania":"2 minuty"},"schema":{"@context":"https:\/\/schema.org","@graph":[{"@type":"WebPage","@id":"https:\/\/vozolvapen.de\/product\/puff-80k-bang-leader-80000-raspberry-mojito-peach-ice-strawberry-and-watermelon-kiwi-passion-fruit-guava\/","url":"https:\/\/vozolvapen.de\/product\/puff-80k-bang-leader-80000-raspberry-mojito-peach-ice-strawberry-and-watermelon-kiwi-passion-fruit-guava\/","name":"Puff 80k Bang Leader 80000: Mojito, Berries &amp; Tropical Guava 3 w 1 Flavor - vozolvapen","isPartOf":{"@id":"https:\/\/vozolvapen.de\/#website"},"primaryImageOfPage":{"@id":"https:\/\/vozolvapen.de\/product\/puff-80k-bang-leader-80000-raspberry-mojito-peach-ice-strawberry-and-watermelon-kiwi-passion-fruit-guava\/#primaryimage"},"image":{"@id":"https:\/\/vozolvapen.de\/product\/puff-80k-bang-leader-80000-raspberry-mojito-peach-ice-strawberry-and-watermelon-kiwi-passion-fruit-guava\/#primaryimage"},"thumbnailUrl":"https:\/\/vozolvapen.de\/wp-content\/uploads\/2025\/12\/Puff-80k-Bang-Leader-80000-raspberry-mojito-peach-ice-strawberry-and-watermelon-kiwi-passion-fruit-guava.jpg.webp","datePublished":"2025-12-06T08:49:33+00:00","dateModified":"2026-02-10T12:35:23+00:00","description":"Kolekcja Bang Leader 80000 Puffs Carnival: Raspberry Mojito Peach Ice, Strawberry Watermelon i Kiwi Passion Fruit Guava. Ciesz si\u0119 3 wyj\u0105tkowymi smakami w jednym urz\u0105dzeniu akumulatorowym Puff 80k. Szybka wysy\u0142ka na terenie UE.","breadcrumb":{"@id":"https:\/\/vozolvapen.de\/product\/puff-80k-bang-leader-80000-raspberry-mojito-peach-ice-strawberry-and-watermelon-kiwi-passion-fruit-guava\/#breadcrumb"},"inLanguage":"pl-PL","potentialAction":[{"@type":"ReadAction","target":["https:\/\/vozolvapen.de\/product\/puff-80k-bang-leader-80000-raspberry-mojito-peach-ice-strawberry-and-watermelon-kiwi-passion-fruit-guava\/"]}]},{"@type":"ImageObject","inLanguage":"pl-PL","@id":"https:\/\/vozolvapen.de\/product\/puff-80k-bang-leader-80000-raspberry-mojito-peach-ice-strawberry-and-watermelon-kiwi-passion-fruit-guava\/#primaryimage","url":"https:\/\/vozolvapen.de\/wp-content\/uploads\/2025\/12\/Puff-80k-Bang-Leader-80000-raspberry-mojito-peach-ice-strawberry-and-watermelon-kiwi-passion-fruit-guava.jpg.webp","contentUrl":"https:\/\/vozolvapen.de\/wp-content\/uploads\/2025\/12\/Puff-80k-Bang-Leader-80000-raspberry-mojito-peach-ice-strawberry-and-watermelon-kiwi-passion-fruit-guava.jpg.webp","width":1200,"height":1200,"caption":"Puff 80k Bang Leader 80000-raspberry-mojito-peach-ice-strawberry-and-watermelon-kiwi-passion-fruit-guava.jpg"},{"@type":"BreadcrumbList","@id":"https:\/\/vozolvapen.de\/product\/puff-80k-bang-leader-80000-raspberry-mojito-peach-ice-strawberry-and-watermelon-kiwi-passion-fruit-guava\/#breadcrumb","itemListElement":[{"@type":"ListItem","position":1,"name":"Home","item":"https:\/\/vozolvapen.de\/de\/"},{"@type":"ListItem","position":2,"name":"Shop","item":"https:\/\/vozolvapen.de\/shop\/"},{"@type":"ListItem","position":3,"name":"Puff 80k Bang Leader 80000 &#8211; Raspberry Mojito Peach Ice + Strawberry And Watermelon + Kiwi Passion Fruit Guava"}]},{"@type":"WebSite","@id":"https:\/\/vozolvapen.de\/#website","url":"https:\/\/vozolvapen.de\/","name":"vozolvapen","description":"vozolvapen","publisher":{"@id":"https:\/\/vozolvapen.de\/#organization"},"potentialAction":[{"@type":"SearchAction","target":{"@type":"EntryPoint","urlTemplate":"https:\/\/vozolvapen.de\/?s={search_term_string}"},"query-input":{"@type":"PropertyValueSpecification","valueRequired":true,"valueName":"search_term_string"}}],"inLanguage":"pl-PL"},{"@type":"Organization","@id":"https:\/\/vozolvapen.de\/#organization","name":"vozolvapen","url":"https:\/\/vozolvapen.de\/","logo":{"@type":"ImageObject","inLanguage":"pl-PL","@id":"https:\/\/vozolvapen.de\/#\/schema\/logo\/image\/","url":"https:\/\/vozolvapen.de\/wp-content\/uploads\/2025\/12\/cropped-vozovapen-logo.webp","contentUrl":"https:\/\/vozolvapen.de\/wp-content\/uploads\/2025\/12\/cropped-vozovapen-logo.webp","width":470,"height":110,"caption":"vozolvapen"},"image":{"@id":"https:\/\/vozolvapen.de\/#\/schema\/logo\/image\/"}}]}},"tiered_pricing_type":"fixed","tiered_pricing_fixed_rules":{"30":"11.7","50":"9.7","100":"8.7","200":"8.2"},"tiered_pricing_product_settings":{"layout":"default","base_unit_name":{"singular":null,"plural":null},"default_variation":{}},"tiered_pricing_minimum_quantity":10,"tiered_pricing_roles_data":[],"tiered_pricing_percentage_rules":[],"tiered_pricing_maximum_quantity":null,"tiered_pricing_quantity_step":"10","_links":{"self":[{"href":"http:\/\/vozolvapen.de\/pl\/wp-json\/wp\/v2\/product\/7867","targetHints":{"allow":["GET"]}}],"collection":[{"href":"http:\/\/vozolvapen.de\/pl\/wp-json\/wp\/v2\/product"}],"about":[{"href":"http:\/\/vozolvapen.de\/pl\/wp-json\/wp\/v2\/types\/product"}],"replies":[{"embeddable":true,"href":"http:\/\/vozolvapen.de\/pl\/wp-json\/wp\/v2\/comments?post=7867"}],"wp:featuredmedia":[{"embeddable":true,"href":"http:\/\/vozolvapen.de\/pl\/wp-json\/wp\/v2\/media\/7880"}],"wp:attachment":[{"href":"http:\/\/vozolvapen.de\/pl\/wp-json\/wp\/v2\/media?parent=7867"}],"wp:term":[{"taxonomy":"product_brand","embeddable":true,"href":"http:\/\/vozolvapen.de\/pl\/wp-json\/wp\/v2\/product_brand?post=7867"},{"taxonomy":"product_cat","embeddable":true,"href":"http:\/\/vozolvapen.de\/pl\/wp-json\/wp\/v2\/product_cat?post=7867"},{"taxonomy":"product_tag","embeddable":true,"href":"http:\/\/vozolvapen.de\/pl\/wp-json\/wp\/v2\/product_tag?post=7867"}],"curies":[{"name":"wp","href":"https:\/\/api.w.org\/{rel}","templated":true}]}}