{"id":7869,"date":"2025-12-06T08:50:15","date_gmt":"2025-12-06T08:50:15","guid":{"rendered":"https:\/\/vozolvapen.de\/?post_type=product&#038;p=7869"},"modified":"2026-02-10T12:35:19","modified_gmt":"2026-02-10T12:35:19","slug":"puff-80k-bang-leader-80000-cola-ice-blueberry-raspberry-peach-mango-watermelon","status":"publish","type":"product","link":"http:\/\/vozolvapen.de\/pl\/product\/puff-80k-bang-leader-80000-cola-ice-blueberry-raspberry-peach-mango-watermelon\/","title":{"rendered":"Puff 80k Bang Leader 80000 - Cola Ice + Blueberry Raspberry + Peach Mango Watermelon"},"content":{"rendered":"<h1>Bang Leader 80000 Puffs: Cola Ice, Blue Razz i Tropical Punch 3 w 1<\/h1>\n<h2><b>Koncentracja na produkcie<\/b><\/h2>\n<p><b> The Beverage &amp; Berry Blast<\/b> To <b>Bang Leader 80000 Puffs<\/b> to mistrzowska klasa r\u00f3\u017cnorodno\u015bci, \u0142\u0105cz\u0105ca klasyczny sch\u0142odzony nap\u00f3j (Cola Ice) z najbardziej poszukiwanym profilem jagodowym (Blueberry Raspberry) i wieloowocow\u0105 rozkosz\u0105 (Peach Mango Watermelon). Akumulator o pojemno\u015bci 850 mAh i 78 ml e-liquidu zapewniaj\u0105, \u017ce ten <b>Puff 80000<\/b> Powerhouse zapewnia bogat\u0105, satysfakcjonuj\u0105c\u0105 par\u0119 przez wiele dni.<\/p>\n<h2 data-path-to-node=\"14\"><b>The Beverage &amp; Berry Blast: G\u0142\u0119bia smaku<\/b><\/h2>\n<p data-path-to-node=\"14\">To dynamiczne po\u0142\u0105czenie 3 w 1 dla <b>Bang Leader 80000<\/b> to idealne po\u0142\u0105czenie orze\u017awiaj\u0105cych napoj\u00f3w, pikantnych jag\u00f3d i soczystych owoc\u00f3w. Za pomoc\u0105 prostego prze\u0142\u0105cznika mo\u017cesz cieszy\u0107 si\u0119 trzema r\u00f3\u017cnymi, ale uzupe\u0142niaj\u0105cymi si\u0119 doznaniami z waporyzacji, a wszystko to w ramach ultra-d\u0142ugiej \u017cywotno\u015bci <b>bang puff<\/b> urz\u0105dzenie:<\/p>\n<ul>\n<li data-path-to-node=\"15,0,0\"><b>Cola Ice (Pod 1):<\/b> Gazowany, niepowtarzalny s\u0142odki i ciemny smak klasycznej coli, podawany na zimno z lodowatym wyko\u0144czeniem.<\/li>\n<li data-path-to-node=\"15,1,0\"><b>Blueberry Raspberry (str\u0105k 2):<\/b> Ukochany profil \u201cBlue Razz\u201d - idealna r\u00f3wnowaga s\u0142odkiej bor\u00f3wki i cierpkiej, pikantnej maliny.<\/li>\n<li data-path-to-node=\"15,2,0\"><b>Brzoskwinia Mango Arbuz (str\u0105k 3):<\/b> Letni tropikalny poncz, \u0142\u0105cz\u0105cy delikatn\u0105 s\u0142odycz brzoskwini, egzotyczny aromat mango i orze\u017awiaj\u0105ce nawil\u017cenie arbuza.<\/li>\n<\/ul>\n<p data-path-to-node=\"16\">Ka\u017cdy puff jest zasilany przez wysokowydajny <b>Cewka o oczkach 1,0\u03a9<\/b>, Zapewnia to maksymalne nasycenie smakiem i p\u0142ynn\u0105, sp\u00f3jn\u0105 waporyzacj\u0119 przy ka\u017cdej zmianie.<\/p>\n<h3 data-path-to-node=\"27\">Dla kogo przeznaczony jest ten smak?<\/h3>\n<p><b>Ca\u0142odzienny Vaper:<\/b> Idealny dla waper\u00f3w, kt\u00f3rzy chc\u0105 mieszanki napoj\u00f3w (Cola Ice), jag\u00f3d (Blueberry Raspberry) i owoc\u00f3w tropikalnych, aby zapobiec zm\u0119czeniu smakiem. R\u00f3\u017cnorodno\u015b\u0107 jest dostosowana do r\u00f3\u017cnych p\u00f3r dnia.<\/p>\n<h3 data-path-to-node=\"27\">Podstawowe parametry<\/h3>\n<table data-path-to-node=\"29\">\n<thead>\n<tr>\n<td><strong>Parametry smaku<\/strong><\/td>\n<td><strong>Szczeg\u00f3\u0142y<\/strong><\/td>\n<\/tr>\n<\/thead>\n<tbody>\n<tr>\n<td><span data-path-to-node=\"29,1,0,0\"><b>Po\u0142\u0105czenie smak\u00f3w<\/b><\/span><\/td>\n<td>Cola Ice + Blueberry Raspberry + Peach Mango Watermelon<\/td>\n<\/tr>\n<tr>\n<td><span data-path-to-node=\"29,2,0,0\"><b>Puff Count<\/b><\/span><\/td>\n<td><span data-path-to-node=\"29,2,1,0\">Do 80000 Puff\u00f3w (Puff 80k)<\/span><\/td>\n<\/tr>\n<tr>\n<td><span data-path-to-node=\"29,3,0,0\"><b>Pojemno\u015b\u0107 E-Liquid<\/b><\/span><\/td>\n<td><span data-path-to-node=\"29,3,1,0\">78 ml wst\u0119pnie nape\u0142niony<\/span><\/td>\n<\/tr>\n<tr>\n<td><span data-path-to-node=\"29,4,0,0\"><b>Mocne strony nikotyny<\/b><\/span><\/td>\n<td><span data-path-to-node=\"29,4,1,0\">0% \/ 2% \/ 3% \/ 5% Poziom nikotyny<\/span><\/td>\n<\/tr>\n<tr>\n<td><span data-path-to-node=\"29,5,0,0\"><b>Cewka<\/b><\/span><\/td>\n<td><span data-path-to-node=\"29,5,1,0\">Siatkowa cewka 1,0\u03a9 zapewniaj\u0105ca wyrazisty smak<\/span><\/td>\n<\/tr>\n<tr>\n<td><span data-path-to-node=\"29,6,0,0\"><b>Bateria<\/b><\/span><\/td>\n<td><span data-path-to-node=\"29,6,1,0\">Akumulator 850 mAh<\/span><\/td>\n<\/tr>\n<tr>\n<td><span data-path-to-node=\"29,7,0,0\"><b>Wysy\u0142ka<\/b><\/span><\/td>\n<td><span data-path-to-node=\"29,7,1,0\">Magazyn europejski (1-3 dni)<\/span><\/td>\n<\/tr>\n<\/tbody>\n<\/table>\n<h2><strong>Puff 80k Bang Leader 80000 <\/strong><strong>Wideo\uff1a<\/strong><\/h2>\n<p><iframe title=\"Vape jednorazowe Bang Leader 80000 Puffs - najlepsze do\u015bwiadczenie z Puff 80k\" src=\"https:\/\/player.vimeo.com\/video\/1150263452?badge=0&amp;autopause=0&amp;player_id=0&amp;app_id=58479\" width=\"400\" height=\"711\" frameborder=\"0\"><\/iframe><\/p>\n<h3 dir=\"auto\">Oto dalsze zalecenia dla Ciebie:<\/h3>\n<p dir=\"auto\">Odkryj jeszcze wi\u0119cej niesamowitych smak\u00f3w dzi\u0119ki Puff 80k Bang Leader 80000 Vape!<\/p>\n<p dir=\"auto\"><a href=\"https:\/\/vozolvapen.de\/pl\/product-category\/bang-vape\/puff-80k-bang-leader-80000-puffs-vape\/\" target=\"_blank\" rel=\"noopener noreferrer nofollow\">Zobacz wszystkie odmiany tutaj \u2192<\/a><\/p>\n<p dir=\"auto\">Zapoznaj si\u0119 z nasz\u0105 pe\u0142n\u0105 kolekcj\u0105 i kupuj produkty najlepszych marek vape, kt\u00f3re pokochasz.<\/p>\n<p dir=\"auto\"><a href=\"https:\/\/vozolvapen.de\/pl\/\" target=\"_blank\" rel=\"noopener noreferrer nofollow\">Przegl\u0105daj teraz wszystkie marki \u2192<\/a><\/p>\n<p dir=\"auto\">Sprawd\u017a ca\u0142\u0105 seri\u0119 Bang Vape - ka\u017cdy smak, ka\u017cdy styl!<\/p>\n<p dir=\"auto\"><a href=\"https:\/\/vozolvapen.de\/pl\/product-category\/bang-vape\/\" target=\"_blank\" rel=\"noopener noreferrer nofollow\">Zobacz pe\u0142n\u0105 kolekcj\u0119 Bang Vape \u2192<\/a><\/p>","protected":false},"excerpt":{"rendered":"<p>Idealne po\u0142\u0105czenie napoju, jag\u00f3d i owoc\u00f3w. Prze\u0142\u0105czaj si\u0119 mi\u0119dzy musuj\u0105cym ch\u0142odem Cola Ice, pikantn\u0105 sk\u00f3rk\u0105 Blueberry Raspberry i letni\u0105 rozkosz\u0105 Peach Mango Watermelon. Niezr\u00f3wnana r\u00f3\u017cnorodno\u015b\u0107 smak\u00f3w <b>Bang Leader 80000 Puffs<\/b>.<\/p>","protected":false},"featured_media":7882,"comment_status":"open","ping_status":"closed","template":"","meta":{"_acf_changed":false},"product_brand":[],"product_cat":[134,64],"product_tag":[],"class_list":{"0":"post-7869","1":"product","2":"type-product","3":"status-publish","4":"has-post-thumbnail","6":"product_cat-eu-warehouse-in-stock","7":"product_cat-puff-80k-bang-leader-80000-puffs-vape","9":"first","10":"instock","11":"shipping-taxable","12":"purchasable","13":"product-type-variable"},"acf":[],"yoast_head":"<!-- This site is optimized with the Yoast SEO Premium plugin v26.1 (Yoast SEO v27.5) - https:\/\/yoast.com\/product\/yoast-seo-premium-wordpress\/ -->\n<title>Puff 80k Bang Leader 80000: Cola Ice, Blue Razz &amp; Tropical Punch 3-in-1 - vozolvapen<\/title>\n<meta name=\"description\" content=\"The definitive Puff 80k blend! Bang Leader 80000 Puffs with chilled Cola Ice, tangy Blueberry Raspberry, and juicy Peach Mango Watermelon. A triple-threat bang puff for all-day vaping.\" \/>\n<meta name=\"robots\" content=\"index, follow, max-snippet:-1, max-image-preview:large, max-video-preview:-1\" \/>\n<link rel=\"canonical\" href=\"https:\/\/vozolvapen.de\/pl\/product\/puff-80k-bang-leader-80000-cola-ice-blueberry-raspberry-peach-mango-watermelon\/\" \/>\n<meta property=\"og:locale\" content=\"pl_PL\" \/>\n<meta property=\"og:type\" content=\"article\" \/>\n<meta property=\"og:title\" content=\"Puff 80k Bang Leader 80000 - Cola Ice + Blueberry Raspberry + Peach Mango Watermelon\" \/>\n<meta property=\"og:description\" content=\"The definitive Puff 80k blend! Bang Leader 80000 Puffs with chilled Cola Ice, tangy Blueberry Raspberry, and juicy Peach Mango Watermelon. A triple-threat bang puff for all-day vaping.\" \/>\n<meta property=\"og:url\" content=\"https:\/\/vozolvapen.de\/pl\/product\/puff-80k-bang-leader-80000-cola-ice-blueberry-raspberry-peach-mango-watermelon\/\" \/>\n<meta property=\"og:site_name\" content=\"vozolvapen\" \/>\n<meta property=\"article:modified_time\" content=\"2026-02-10T12:35:19+00:00\" \/>\n<meta property=\"og:image\" content=\"https:\/\/vozolvapen.de\/wp-content\/uploads\/2025\/12\/Puff-80k-Bang-Leader-80000-cola-ice-blueberry-raspberry-peach-mango-watermelon.jpg.webp\" \/>\n\t<meta property=\"og:image:width\" content=\"1200\" \/>\n\t<meta property=\"og:image:height\" content=\"1200\" \/>\n\t<meta property=\"og:image:type\" content=\"image\/webp\" \/>\n<meta name=\"twitter:card\" content=\"summary_large_image\" \/>\n<meta name=\"twitter:label1\" content=\"Szacowany czas czytania\" \/>\n\t<meta name=\"twitter:data1\" content=\"2 minuty\" \/>\n<script type=\"application\/ld+json\" class=\"yoast-schema-graph\">{\"@context\":\"https:\\\/\\\/schema.org\",\"@graph\":[{\"@type\":\"WebPage\",\"@id\":\"https:\\\/\\\/vozolvapen.de\\\/product\\\/puff-80k-bang-leader-80000-cola-ice-blueberry-raspberry-peach-mango-watermelon\\\/\",\"url\":\"https:\\\/\\\/vozolvapen.de\\\/product\\\/puff-80k-bang-leader-80000-cola-ice-blueberry-raspberry-peach-mango-watermelon\\\/\",\"name\":\"Puff 80k Bang Leader 80000: Cola Ice, Blue Razz & Tropical Punch 3-in-1 - vozolvapen\",\"isPartOf\":{\"@id\":\"https:\\\/\\\/vozolvapen.de\\\/#website\"},\"primaryImageOfPage\":{\"@id\":\"https:\\\/\\\/vozolvapen.de\\\/product\\\/puff-80k-bang-leader-80000-cola-ice-blueberry-raspberry-peach-mango-watermelon\\\/#primaryimage\"},\"image\":{\"@id\":\"https:\\\/\\\/vozolvapen.de\\\/product\\\/puff-80k-bang-leader-80000-cola-ice-blueberry-raspberry-peach-mango-watermelon\\\/#primaryimage\"},\"thumbnailUrl\":\"https:\\\/\\\/vozolvapen.de\\\/wp-content\\\/uploads\\\/2025\\\/12\\\/Puff-80k-Bang-Leader-80000-cola-ice-blueberry-raspberry-peach-mango-watermelon.jpg.webp\",\"datePublished\":\"2025-12-06T08:50:15+00:00\",\"dateModified\":\"2026-02-10T12:35:19+00:00\",\"description\":\"The definitive Puff 80k blend! Bang Leader 80000 Puffs with chilled Cola Ice, tangy Blueberry Raspberry, and juicy Peach Mango Watermelon. A triple-threat bang puff for all-day vaping.\",\"breadcrumb\":{\"@id\":\"https:\\\/\\\/vozolvapen.de\\\/product\\\/puff-80k-bang-leader-80000-cola-ice-blueberry-raspberry-peach-mango-watermelon\\\/#breadcrumb\"},\"inLanguage\":\"pl-PL\",\"potentialAction\":[{\"@type\":\"ReadAction\",\"target\":[\"https:\\\/\\\/vozolvapen.de\\\/product\\\/puff-80k-bang-leader-80000-cola-ice-blueberry-raspberry-peach-mango-watermelon\\\/\"]}]},{\"@type\":\"ImageObject\",\"inLanguage\":\"pl-PL\",\"@id\":\"https:\\\/\\\/vozolvapen.de\\\/product\\\/puff-80k-bang-leader-80000-cola-ice-blueberry-raspberry-peach-mango-watermelon\\\/#primaryimage\",\"url\":\"https:\\\/\\\/vozolvapen.de\\\/wp-content\\\/uploads\\\/2025\\\/12\\\/Puff-80k-Bang-Leader-80000-cola-ice-blueberry-raspberry-peach-mango-watermelon.jpg.webp\",\"contentUrl\":\"https:\\\/\\\/vozolvapen.de\\\/wp-content\\\/uploads\\\/2025\\\/12\\\/Puff-80k-Bang-Leader-80000-cola-ice-blueberry-raspberry-peach-mango-watermelon.jpg.webp\",\"width\":1200,\"height\":1200,\"caption\":\"Puff 80k Bang Leader 80000-cola-ice-blueberry-raspberry-peach-mango-watermelon.jpg\"},{\"@type\":\"BreadcrumbList\",\"@id\":\"https:\\\/\\\/vozolvapen.de\\\/product\\\/puff-80k-bang-leader-80000-cola-ice-blueberry-raspberry-peach-mango-watermelon\\\/#breadcrumb\",\"itemListElement\":[{\"@type\":\"ListItem\",\"position\":1,\"name\":\"Home\",\"item\":\"https:\\\/\\\/vozolvapen.de\\\/de\\\/\"},{\"@type\":\"ListItem\",\"position\":2,\"name\":\"Shop\",\"item\":\"https:\\\/\\\/vozolvapen.de\\\/shop\\\/\"},{\"@type\":\"ListItem\",\"position\":3,\"name\":\"Puff 80k Bang Leader 80000 &#8211; Cola Ice + Blueberry Raspberry + Peach Mango Watermelon\"}]},{\"@type\":\"WebSite\",\"@id\":\"https:\\\/\\\/vozolvapen.de\\\/#website\",\"url\":\"https:\\\/\\\/vozolvapen.de\\\/\",\"name\":\"vozolvapen\",\"description\":\"vozolvapen\",\"publisher\":{\"@id\":\"https:\\\/\\\/vozolvapen.de\\\/#organization\"},\"potentialAction\":[{\"@type\":\"SearchAction\",\"target\":{\"@type\":\"EntryPoint\",\"urlTemplate\":\"https:\\\/\\\/vozolvapen.de\\\/?s={search_term_string}\"},\"query-input\":{\"@type\":\"PropertyValueSpecification\",\"valueRequired\":true,\"valueName\":\"search_term_string\"}}],\"inLanguage\":\"pl-PL\"},{\"@type\":\"Organization\",\"@id\":\"https:\\\/\\\/vozolvapen.de\\\/#organization\",\"name\":\"vozolvapen\",\"url\":\"https:\\\/\\\/vozolvapen.de\\\/\",\"logo\":{\"@type\":\"ImageObject\",\"inLanguage\":\"pl-PL\",\"@id\":\"https:\\\/\\\/vozolvapen.de\\\/#\\\/schema\\\/logo\\\/image\\\/\",\"url\":\"https:\\\/\\\/vozolvapen.de\\\/wp-content\\\/uploads\\\/2025\\\/12\\\/cropped-vozovapen-logo.webp\",\"contentUrl\":\"https:\\\/\\\/vozolvapen.de\\\/wp-content\\\/uploads\\\/2025\\\/12\\\/cropped-vozovapen-logo.webp\",\"width\":470,\"height\":110,\"caption\":\"vozolvapen\"},\"image\":{\"@id\":\"https:\\\/\\\/vozolvapen.de\\\/#\\\/schema\\\/logo\\\/image\\\/\"}}]}<\/script>\n<!-- \/ Yoast SEO Premium plugin. -->","yoast_head_json":{"title":"Puff 80k Bang Leader 80000: Cola Ice, Blue Razz &amp; Tropical Punch 3 w 1 - vozolvapen","description":"Ostateczna mieszanka Puff 80k! Bang Leader 80000 Puffs ze sch\u0142odzon\u0105 col\u0105 Ice, pikantn\u0105 malin\u0105 jagodow\u0105 i soczystym arbuzem brzoskwiniowo-mango. Potr\u00f3jny bang puff do ca\u0142odziennego wapowania.","robots":{"index":"index","follow":"follow","max-snippet":"max-snippet:-1","max-image-preview":"max-image-preview:large","max-video-preview":"max-video-preview:-1"},"canonical":"https:\/\/vozolvapen.de\/pl\/product\/puff-80k-bang-leader-80000-cola-ice-blueberry-raspberry-peach-mango-watermelon\/","og_locale":"pl_PL","og_type":"article","og_title":"Puff 80k Bang Leader 80000 - Cola Ice + Blueberry Raspberry + Peach Mango Watermelon","og_description":"The definitive Puff 80k blend! Bang Leader 80000 Puffs with chilled Cola Ice, tangy Blueberry Raspberry, and juicy Peach Mango Watermelon. A triple-threat bang puff for all-day vaping.","og_url":"https:\/\/vozolvapen.de\/pl\/product\/puff-80k-bang-leader-80000-cola-ice-blueberry-raspberry-peach-mango-watermelon\/","og_site_name":"vozolvapen","article_modified_time":"2026-02-10T12:35:19+00:00","og_image":[{"width":1200,"height":1200,"url":"https:\/\/vozolvapen.de\/wp-content\/uploads\/2025\/12\/Puff-80k-Bang-Leader-80000-cola-ice-blueberry-raspberry-peach-mango-watermelon.jpg.webp","type":"image\/webp"}],"twitter_card":"summary_large_image","twitter_misc":{"Szacowany czas czytania":"2 minuty"},"schema":{"@context":"https:\/\/schema.org","@graph":[{"@type":"WebPage","@id":"https:\/\/vozolvapen.de\/product\/puff-80k-bang-leader-80000-cola-ice-blueberry-raspberry-peach-mango-watermelon\/","url":"https:\/\/vozolvapen.de\/product\/puff-80k-bang-leader-80000-cola-ice-blueberry-raspberry-peach-mango-watermelon\/","name":"Puff 80k Bang Leader 80000: Cola Ice, Blue Razz &amp; Tropical Punch 3 w 1 - vozolvapen","isPartOf":{"@id":"https:\/\/vozolvapen.de\/#website"},"primaryImageOfPage":{"@id":"https:\/\/vozolvapen.de\/product\/puff-80k-bang-leader-80000-cola-ice-blueberry-raspberry-peach-mango-watermelon\/#primaryimage"},"image":{"@id":"https:\/\/vozolvapen.de\/product\/puff-80k-bang-leader-80000-cola-ice-blueberry-raspberry-peach-mango-watermelon\/#primaryimage"},"thumbnailUrl":"https:\/\/vozolvapen.de\/wp-content\/uploads\/2025\/12\/Puff-80k-Bang-Leader-80000-cola-ice-blueberry-raspberry-peach-mango-watermelon.jpg.webp","datePublished":"2025-12-06T08:50:15+00:00","dateModified":"2026-02-10T12:35:19+00:00","description":"Ostateczna mieszanka Puff 80k! Bang Leader 80000 Puffs ze sch\u0142odzon\u0105 col\u0105 Ice, pikantn\u0105 malin\u0105 jagodow\u0105 i soczystym arbuzem brzoskwiniowo-mango. Potr\u00f3jny bang puff do ca\u0142odziennego wapowania.","breadcrumb":{"@id":"https:\/\/vozolvapen.de\/product\/puff-80k-bang-leader-80000-cola-ice-blueberry-raspberry-peach-mango-watermelon\/#breadcrumb"},"inLanguage":"pl-PL","potentialAction":[{"@type":"ReadAction","target":["https:\/\/vozolvapen.de\/product\/puff-80k-bang-leader-80000-cola-ice-blueberry-raspberry-peach-mango-watermelon\/"]}]},{"@type":"ImageObject","inLanguage":"pl-PL","@id":"https:\/\/vozolvapen.de\/product\/puff-80k-bang-leader-80000-cola-ice-blueberry-raspberry-peach-mango-watermelon\/#primaryimage","url":"https:\/\/vozolvapen.de\/wp-content\/uploads\/2025\/12\/Puff-80k-Bang-Leader-80000-cola-ice-blueberry-raspberry-peach-mango-watermelon.jpg.webp","contentUrl":"https:\/\/vozolvapen.de\/wp-content\/uploads\/2025\/12\/Puff-80k-Bang-Leader-80000-cola-ice-blueberry-raspberry-peach-mango-watermelon.jpg.webp","width":1200,"height":1200,"caption":"Puff 80k Bang Leader 80000-cola-ice-blueberry-raspberry-peach-mango-watermelon.jpg"},{"@type":"BreadcrumbList","@id":"https:\/\/vozolvapen.de\/product\/puff-80k-bang-leader-80000-cola-ice-blueberry-raspberry-peach-mango-watermelon\/#breadcrumb","itemListElement":[{"@type":"ListItem","position":1,"name":"Home","item":"https:\/\/vozolvapen.de\/de\/"},{"@type":"ListItem","position":2,"name":"Shop","item":"https:\/\/vozolvapen.de\/shop\/"},{"@type":"ListItem","position":3,"name":"Puff 80k Bang Leader 80000 &#8211; Cola Ice + Blueberry Raspberry + Peach Mango Watermelon"}]},{"@type":"WebSite","@id":"https:\/\/vozolvapen.de\/#website","url":"https:\/\/vozolvapen.de\/","name":"vozolvapen","description":"vozolvapen","publisher":{"@id":"https:\/\/vozolvapen.de\/#organization"},"potentialAction":[{"@type":"SearchAction","target":{"@type":"EntryPoint","urlTemplate":"https:\/\/vozolvapen.de\/?s={search_term_string}"},"query-input":{"@type":"PropertyValueSpecification","valueRequired":true,"valueName":"search_term_string"}}],"inLanguage":"pl-PL"},{"@type":"Organization","@id":"https:\/\/vozolvapen.de\/#organization","name":"vozolvapen","url":"https:\/\/vozolvapen.de\/","logo":{"@type":"ImageObject","inLanguage":"pl-PL","@id":"https:\/\/vozolvapen.de\/#\/schema\/logo\/image\/","url":"https:\/\/vozolvapen.de\/wp-content\/uploads\/2025\/12\/cropped-vozovapen-logo.webp","contentUrl":"https:\/\/vozolvapen.de\/wp-content\/uploads\/2025\/12\/cropped-vozovapen-logo.webp","width":470,"height":110,"caption":"vozolvapen"},"image":{"@id":"https:\/\/vozolvapen.de\/#\/schema\/logo\/image\/"}}]}},"tiered_pricing_type":"fixed","tiered_pricing_fixed_rules":{"30":"11.7","50":"9.7","100":"8.7","200":"8.2"},"tiered_pricing_product_settings":{"layout":"default","base_unit_name":{"singular":null,"plural":null},"default_variation":{}},"tiered_pricing_minimum_quantity":10,"tiered_pricing_roles_data":[],"tiered_pricing_percentage_rules":[],"tiered_pricing_maximum_quantity":null,"tiered_pricing_quantity_step":"10","_links":{"self":[{"href":"http:\/\/vozolvapen.de\/pl\/wp-json\/wp\/v2\/product\/7869","targetHints":{"allow":["GET"]}}],"collection":[{"href":"http:\/\/vozolvapen.de\/pl\/wp-json\/wp\/v2\/product"}],"about":[{"href":"http:\/\/vozolvapen.de\/pl\/wp-json\/wp\/v2\/types\/product"}],"replies":[{"embeddable":true,"href":"http:\/\/vozolvapen.de\/pl\/wp-json\/wp\/v2\/comments?post=7869"}],"wp:featuredmedia":[{"embeddable":true,"href":"http:\/\/vozolvapen.de\/pl\/wp-json\/wp\/v2\/media\/7882"}],"wp:attachment":[{"href":"http:\/\/vozolvapen.de\/pl\/wp-json\/wp\/v2\/media?parent=7869"}],"wp:term":[{"taxonomy":"product_brand","embeddable":true,"href":"http:\/\/vozolvapen.de\/pl\/wp-json\/wp\/v2\/product_brand?post=7869"},{"taxonomy":"product_cat","embeddable":true,"href":"http:\/\/vozolvapen.de\/pl\/wp-json\/wp\/v2\/product_cat?post=7869"},{"taxonomy":"product_tag","embeddable":true,"href":"http:\/\/vozolvapen.de\/pl\/wp-json\/wp\/v2\/product_tag?post=7869"}],"curies":[{"name":"wp","href":"https:\/\/api.w.org\/{rel}","templated":true}]}}