{"id":7871,"date":"2025-12-06T08:51:45","date_gmt":"2025-12-06T08:51:45","guid":{"rendered":"https:\/\/vozolvapen.de\/?post_type=product&#038;p=7871"},"modified":"2026-02-10T12:35:14","modified_gmt":"2026-02-10T12:35:14","slug":"puff-80k-bang-leader-80000-blueberry-ice-black-dragon-ice-mango-peach","status":"publish","type":"product","link":"http:\/\/vozolvapen.de\/pl\/product\/puff-80k-bang-leader-80000-blueberry-ice-black-dragon-ice-mango-peach\/","title":{"rendered":"Puff 80k Bang Leader 80000 - Blueberry Ice + Black Dragon Ice + Mango Peach"},"content":{"rendered":"<h1>Bang Leader 80000 Puffs Icy Trio: Blueberry Ice, Black Dragon Ice, Mango Peach<\/h1>\n<h2><b>Koncentracja na produkcie<\/b><\/h2>\n<p><b>The Cold Rush<\/b> Jest to pozycja obowi\u0105zkowa <b>Puff 80000<\/b> urz\u0105dzenie dla entuzjast\u00f3w mentoli. Zapewnia pot\u0119\u017cne lodowe doznania dzi\u0119ki trzem r\u00f3\u017cnym parom owoc\u00f3w: klasycznemu Blueberry Ice, tajemniczemu i orze\u017awiaj\u0105cemu Black Dragon Ice oraz g\u0142adkiemu, subtelnie sch\u0142odzonemu Mango Peach. Siatkowa cewka 1,0\u03a9 jest zoptymalizowana pod k\u0105tem wzmocnienia zimnego elementu, zapewniaj\u0105c niezmiennie ostry i orze\u017awiaj\u0105cy smak. <b>bang puff<\/b>.<\/p>\n<h2 data-path-to-node=\"24\"><b>Trio Cold Rush: G\u0142\u0119bia smaku<\/b><\/h2>\n<p data-path-to-node=\"24\">To pot\u0119\u017cne po\u0142\u0105czenie 3 w 1 dla <b>Bang Leader 80000<\/b> zosta\u0142 zaprojektowany dla mi\u0142o\u015bnik\u00f3w mentolu, oferuj\u0105c trzy r\u00f3\u017cne smaki owocowe dostarczane z intensywnym, ch\u0142odz\u0105cym podmuchem. Dzi\u0119ki prostemu prze\u0142\u0105cznikowi mo\u017cesz cieszy\u0107 si\u0119 trzema r\u00f3\u017cnymi, ale uzupe\u0142niaj\u0105cymi si\u0119 doznaniami z waporyzacji, a wszystko to w ramach ultra-d\u0142ugiej \u017cywotno\u015bci. <b>bang puff<\/b> urz\u0105dzenie:<\/p>\n<ul>\n<li data-path-to-node=\"25,0,0\"><b>Blueberry Ice (Pod 1):<\/b> S\u0142odki, znajomy smak jag\u00f3d, wzmocniony ostrym, orze\u017awiaj\u0105cym mentolowym finiszem.<\/li>\n<li data-path-to-node=\"25,1,0\"><b>Black Dragon Ice (Pod 2):<\/b> Egzotyczna, tajemnicza mieszanka (cz\u0119sto uwa\u017cana za mieszank\u0119 ciemnych owoc\u00f3w\/any\u017cu) dostarczana z agresywnym, lodowatym wydechem.<\/li>\n<li data-path-to-node=\"25,2,0\"><b>Mango Peach (str\u0105k 3):<\/b> Doskonale zbalansowany tropikalny duet, \u0142\u0105cz\u0105cy s\u0142odycz mango z aksamitn\u0105 g\u0142adko\u015bci\u0105 brzoskwini, bez silnej obecno\u015bci mentolu.<\/li>\n<\/ul>\n<p data-path-to-node=\"26\">Ka\u017cdy puff jest zasilany przez wysokowydajny <b>Cewka o oczkach 1,0\u03a9<\/b>, Zapewnia to maksymalne nasycenie smakiem i p\u0142ynn\u0105, sp\u00f3jn\u0105 waporyzacj\u0119 przy ka\u017cdej zmianie.<\/p>\n<h3 data-path-to-node=\"27\">Dla kogo przeznaczony jest ten smak?<\/h3>\n<p><b>The Menthol Enthusiast:<\/b> Wyra\u017anie zaprojektowany dla vaper\u00f3w, kt\u00f3rzy priorytetowo traktuj\u0105 silne, ch\u0142odz\u0105ce uderzenie mentolu. Trzy r\u00f3\u017cne bazy owocowe (jagodowa, tropikalna, wyj\u0105tkowa) utrzymuj\u0105 intensywny ch\u0142\u00f3d przez 80000 zaci\u0105gni\u0119\u0107.<\/p>\n<h3 data-path-to-node=\"27\">Podstawowe parametry<\/h3>\n<table data-path-to-node=\"29\">\n<thead>\n<tr>\n<td><strong>Parametry smaku<\/strong><\/td>\n<td><strong>Szczeg\u00f3\u0142y<\/strong><\/td>\n<\/tr>\n<\/thead>\n<tbody>\n<tr>\n<td><span data-path-to-node=\"29,1,0,0\"><b>Po\u0142\u0105czenie smak\u00f3w<\/b><\/span><\/td>\n<td>Blueberry Ice + Black Dragon Ice + Mango Peach<\/td>\n<\/tr>\n<tr>\n<td><span data-path-to-node=\"29,2,0,0\"><b>Puff Count<\/b><\/span><\/td>\n<td><span data-path-to-node=\"29,2,1,0\">Do 80000 Puff\u00f3w (Puff 80k)<\/span><\/td>\n<\/tr>\n<tr>\n<td><span data-path-to-node=\"29,3,0,0\"><b>Pojemno\u015b\u0107 E-Liquid<\/b><\/span><\/td>\n<td><span data-path-to-node=\"29,3,1,0\">78 ml wst\u0119pnie nape\u0142niony<\/span><\/td>\n<\/tr>\n<tr>\n<td><span data-path-to-node=\"29,4,0,0\"><b>Mocne strony nikotyny<\/b><\/span><\/td>\n<td><span data-path-to-node=\"29,4,1,0\">0% \/ 2% \/ 3% \/ 5% Poziom nikotyny<\/span><\/td>\n<\/tr>\n<tr>\n<td><span data-path-to-node=\"29,5,0,0\"><b>Cewka<\/b><\/span><\/td>\n<td><span data-path-to-node=\"29,5,1,0\">Siatkowa cewka 1,0\u03a9 zapewniaj\u0105ca wyrazisty smak<\/span><\/td>\n<\/tr>\n<tr>\n<td><span data-path-to-node=\"29,6,0,0\"><b>Bateria<\/b><\/span><\/td>\n<td><span data-path-to-node=\"29,6,1,0\">Akumulator 850 mAh<\/span><\/td>\n<\/tr>\n<tr>\n<td><span data-path-to-node=\"29,7,0,0\"><b>Wysy\u0142ka<\/b><\/span><\/td>\n<td><span data-path-to-node=\"29,7,1,0\">Magazyn europejski (1-3 dni)<\/span><\/td>\n<\/tr>\n<\/tbody>\n<\/table>\n<h2><strong>Puff 80k Bang Leader 80000 <\/strong><strong>Wideo\uff1a<\/strong><\/h2>\n<p><iframe title=\"Vape jednorazowe Bang Leader 80000 Puffs - najlepsze do\u015bwiadczenie z Puff 80k\" src=\"https:\/\/player.vimeo.com\/video\/1150263452?badge=0&amp;autopause=0&amp;player_id=0&amp;app_id=58479\" width=\"400\" height=\"711\" frameborder=\"0\"><\/iframe><\/p>\n<h3 dir=\"auto\">Oto dalsze zalecenia dla Ciebie:<\/h3>\n<p dir=\"auto\">Odkryj jeszcze wi\u0119cej niesamowitych smak\u00f3w dzi\u0119ki Puff 80k Bang Leader 80000 Vape!<\/p>\n<p dir=\"auto\"><a href=\"https:\/\/vozolvapen.de\/pl\/product-category\/bang-vape\/puff-80k-bang-leader-80000-puffs-vape\/\" target=\"_blank\" rel=\"noopener noreferrer nofollow\">Zobacz wszystkie odmiany tutaj \u2192<\/a><\/p>\n<p dir=\"auto\">Zapoznaj si\u0119 z nasz\u0105 pe\u0142n\u0105 kolekcj\u0105 i kupuj produkty najlepszych marek vape, kt\u00f3re pokochasz.<\/p>\n<p dir=\"auto\"><a href=\"https:\/\/vozolvapen.de\/pl\/\" target=\"_blank\" rel=\"noopener noreferrer nofollow\">Przegl\u0105daj teraz wszystkie marki \u2192<\/a><\/p>\n<p dir=\"auto\">Sprawd\u017a ca\u0142\u0105 seri\u0119 Bang Vape - ka\u017cdy smak, ka\u017cdy styl!<\/p>\n<p dir=\"auto\"><a href=\"https:\/\/vozolvapen.de\/pl\/product-category\/bang-vape\/\" target=\"_blank\" rel=\"noopener noreferrer nofollow\">Zobacz pe\u0142n\u0105 kolekcj\u0119 Bang Vape \u2192<\/a><\/p>","protected":false},"excerpt":{"rendered":"<p>Zaprojektowany dla entuzjast\u00f3w ch\u0142odzenia! Ciesz si\u0119 intensywn\u0105 lodow\u0105 gor\u0105czk\u0105 Blueberry Ice i egzotycznego Black Dragon Ice, doskonale uzupe\u0142nion\u0105 g\u0142adk\u0105, sch\u0142odzon\u0105 s\u0142odycz\u0105 Mango Peach. <b>Puff 80k Bang Leader 80000<\/b> - najlepsze ch\u0142odzenie vape.<\/p>","protected":false},"featured_media":7884,"comment_status":"open","ping_status":"closed","template":"","meta":{"_acf_changed":false},"product_brand":[],"product_cat":[134,64],"product_tag":[],"class_list":{"0":"post-7871","1":"product","2":"type-product","3":"status-publish","4":"has-post-thumbnail","6":"product_cat-eu-warehouse-in-stock","7":"product_cat-puff-80k-bang-leader-80000-puffs-vape","9":"first","10":"instock","11":"shipping-taxable","12":"purchasable","13":"product-type-variable"},"acf":[],"yoast_head":"<!-- This site is optimized with the Yoast SEO Premium plugin v26.1 (Yoast SEO v27.5) - https:\/\/yoast.com\/product\/yoast-seo-premium-wordpress\/ -->\n<title>Puff 80k Bang Leader 80000 Icy Trio: Blueberry Ice, Black Dragon Ice, Mango Peach - vozolvapen<\/title>\n<meta name=\"description\" content=\"Hit the menthol sweet spot with this Bang Leader 80000 Puffs Icy Trio! Features classic Blueberry Ice, exotic Black Dragon Ice, and smooth Mango Peach. A powerful Puff 80k for a cool vaping experience.\" \/>\n<meta name=\"robots\" content=\"index, follow, max-snippet:-1, max-image-preview:large, max-video-preview:-1\" \/>\n<link rel=\"canonical\" href=\"https:\/\/vozolvapen.de\/pl\/product\/puff-80k-bang-leader-80000-blueberry-ice-black-dragon-ice-mango-peach\/\" \/>\n<meta property=\"og:locale\" content=\"pl_PL\" \/>\n<meta property=\"og:type\" content=\"article\" \/>\n<meta property=\"og:title\" content=\"Puff 80k Bang Leader 80000 - Blueberry Ice + Black Dragon Ice + Mango Peach\" \/>\n<meta property=\"og:description\" content=\"Hit the menthol sweet spot with this Bang Leader 80000 Puffs Icy Trio! Features classic Blueberry Ice, exotic Black Dragon Ice, and smooth Mango Peach. A powerful Puff 80k for a cool vaping experience.\" \/>\n<meta property=\"og:url\" content=\"https:\/\/vozolvapen.de\/pl\/product\/puff-80k-bang-leader-80000-blueberry-ice-black-dragon-ice-mango-peach\/\" \/>\n<meta property=\"og:site_name\" content=\"vozolvapen\" \/>\n<meta property=\"article:modified_time\" content=\"2026-02-10T12:35:14+00:00\" \/>\n<meta property=\"og:image\" content=\"https:\/\/vozolvapen.de\/wp-content\/uploads\/2025\/12\/Puff-80k-Bang-Leader-80000-blueberry-ice-black-dragon-ice-mango-peach.jpg.webp\" \/>\n\t<meta property=\"og:image:width\" content=\"1200\" \/>\n\t<meta property=\"og:image:height\" content=\"1200\" \/>\n\t<meta property=\"og:image:type\" content=\"image\/webp\" \/>\n<meta name=\"twitter:card\" content=\"summary_large_image\" \/>\n<meta name=\"twitter:label1\" content=\"Szacowany czas czytania\" \/>\n\t<meta name=\"twitter:data1\" content=\"2 minuty\" \/>\n<script type=\"application\/ld+json\" class=\"yoast-schema-graph\">{\"@context\":\"https:\\\/\\\/schema.org\",\"@graph\":[{\"@type\":\"WebPage\",\"@id\":\"https:\\\/\\\/vozolvapen.de\\\/product\\\/puff-80k-bang-leader-80000-blueberry-ice-black-dragon-ice-mango-peach\\\/\",\"url\":\"https:\\\/\\\/vozolvapen.de\\\/product\\\/puff-80k-bang-leader-80000-blueberry-ice-black-dragon-ice-mango-peach\\\/\",\"name\":\"Puff 80k Bang Leader 80000 Icy Trio: Blueberry Ice, Black Dragon Ice, Mango Peach - vozolvapen\",\"isPartOf\":{\"@id\":\"https:\\\/\\\/vozolvapen.de\\\/#website\"},\"primaryImageOfPage\":{\"@id\":\"https:\\\/\\\/vozolvapen.de\\\/product\\\/puff-80k-bang-leader-80000-blueberry-ice-black-dragon-ice-mango-peach\\\/#primaryimage\"},\"image\":{\"@id\":\"https:\\\/\\\/vozolvapen.de\\\/product\\\/puff-80k-bang-leader-80000-blueberry-ice-black-dragon-ice-mango-peach\\\/#primaryimage\"},\"thumbnailUrl\":\"https:\\\/\\\/vozolvapen.de\\\/wp-content\\\/uploads\\\/2025\\\/12\\\/Puff-80k-Bang-Leader-80000-blueberry-ice-black-dragon-ice-mango-peach.jpg.webp\",\"datePublished\":\"2025-12-06T08:51:45+00:00\",\"dateModified\":\"2026-02-10T12:35:14+00:00\",\"description\":\"Hit the menthol sweet spot with this Bang Leader 80000 Puffs Icy Trio! Features classic Blueberry Ice, exotic Black Dragon Ice, and smooth Mango Peach. A powerful Puff 80k for a cool vaping experience.\",\"breadcrumb\":{\"@id\":\"https:\\\/\\\/vozolvapen.de\\\/product\\\/puff-80k-bang-leader-80000-blueberry-ice-black-dragon-ice-mango-peach\\\/#breadcrumb\"},\"inLanguage\":\"pl-PL\",\"potentialAction\":[{\"@type\":\"ReadAction\",\"target\":[\"https:\\\/\\\/vozolvapen.de\\\/product\\\/puff-80k-bang-leader-80000-blueberry-ice-black-dragon-ice-mango-peach\\\/\"]}]},{\"@type\":\"ImageObject\",\"inLanguage\":\"pl-PL\",\"@id\":\"https:\\\/\\\/vozolvapen.de\\\/product\\\/puff-80k-bang-leader-80000-blueberry-ice-black-dragon-ice-mango-peach\\\/#primaryimage\",\"url\":\"https:\\\/\\\/vozolvapen.de\\\/wp-content\\\/uploads\\\/2025\\\/12\\\/Puff-80k-Bang-Leader-80000-blueberry-ice-black-dragon-ice-mango-peach.jpg.webp\",\"contentUrl\":\"https:\\\/\\\/vozolvapen.de\\\/wp-content\\\/uploads\\\/2025\\\/12\\\/Puff-80k-Bang-Leader-80000-blueberry-ice-black-dragon-ice-mango-peach.jpg.webp\",\"width\":1200,\"height\":1200,\"caption\":\"Puff 80k Bang Leader 80000-blueberry-ice-black-dragon-ice-mango-peach.jpg\"},{\"@type\":\"BreadcrumbList\",\"@id\":\"https:\\\/\\\/vozolvapen.de\\\/product\\\/puff-80k-bang-leader-80000-blueberry-ice-black-dragon-ice-mango-peach\\\/#breadcrumb\",\"itemListElement\":[{\"@type\":\"ListItem\",\"position\":1,\"name\":\"Home\",\"item\":\"https:\\\/\\\/vozolvapen.de\\\/de\\\/\"},{\"@type\":\"ListItem\",\"position\":2,\"name\":\"Shop\",\"item\":\"https:\\\/\\\/vozolvapen.de\\\/shop\\\/\"},{\"@type\":\"ListItem\",\"position\":3,\"name\":\"Puff 80k Bang Leader 80000 &#8211; Blueberry Ice + Black Dragon Ice + Mango Peach\"}]},{\"@type\":\"WebSite\",\"@id\":\"https:\\\/\\\/vozolvapen.de\\\/#website\",\"url\":\"https:\\\/\\\/vozolvapen.de\\\/\",\"name\":\"vozolvapen\",\"description\":\"vozolvapen\",\"publisher\":{\"@id\":\"https:\\\/\\\/vozolvapen.de\\\/#organization\"},\"potentialAction\":[{\"@type\":\"SearchAction\",\"target\":{\"@type\":\"EntryPoint\",\"urlTemplate\":\"https:\\\/\\\/vozolvapen.de\\\/?s={search_term_string}\"},\"query-input\":{\"@type\":\"PropertyValueSpecification\",\"valueRequired\":true,\"valueName\":\"search_term_string\"}}],\"inLanguage\":\"pl-PL\"},{\"@type\":\"Organization\",\"@id\":\"https:\\\/\\\/vozolvapen.de\\\/#organization\",\"name\":\"vozolvapen\",\"url\":\"https:\\\/\\\/vozolvapen.de\\\/\",\"logo\":{\"@type\":\"ImageObject\",\"inLanguage\":\"pl-PL\",\"@id\":\"https:\\\/\\\/vozolvapen.de\\\/#\\\/schema\\\/logo\\\/image\\\/\",\"url\":\"https:\\\/\\\/vozolvapen.de\\\/wp-content\\\/uploads\\\/2025\\\/12\\\/cropped-vozovapen-logo.webp\",\"contentUrl\":\"https:\\\/\\\/vozolvapen.de\\\/wp-content\\\/uploads\\\/2025\\\/12\\\/cropped-vozovapen-logo.webp\",\"width\":470,\"height\":110,\"caption\":\"vozolvapen\"},\"image\":{\"@id\":\"https:\\\/\\\/vozolvapen.de\\\/#\\\/schema\\\/logo\\\/image\\\/\"}}]}<\/script>\n<!-- \/ Yoast SEO Premium plugin. -->","yoast_head_json":{"title":"Puff 80k Bang Leader 80000 Icy Trio: Blueberry Ice, Black Dragon Ice, Mango Peach - vozolvapen","description":"Uderz w mentolowe s\u0142odkie miejsce z tym Bang Leader 80000 Puffs Icy Trio! Zawiera klasyczny Blueberry Ice, egzotyczny Black Dragon Ice i g\u0142adki Mango Peach. Pot\u0119\u017cny Puff 80k zapewnia wspania\u0142e doznania podczas waporyzacji.","robots":{"index":"index","follow":"follow","max-snippet":"max-snippet:-1","max-image-preview":"max-image-preview:large","max-video-preview":"max-video-preview:-1"},"canonical":"https:\/\/vozolvapen.de\/pl\/product\/puff-80k-bang-leader-80000-blueberry-ice-black-dragon-ice-mango-peach\/","og_locale":"pl_PL","og_type":"article","og_title":"Puff 80k Bang Leader 80000 - Blueberry Ice + Black Dragon Ice + Mango Peach","og_description":"Hit the menthol sweet spot with this Bang Leader 80000 Puffs Icy Trio! Features classic Blueberry Ice, exotic Black Dragon Ice, and smooth Mango Peach. A powerful Puff 80k for a cool vaping experience.","og_url":"https:\/\/vozolvapen.de\/pl\/product\/puff-80k-bang-leader-80000-blueberry-ice-black-dragon-ice-mango-peach\/","og_site_name":"vozolvapen","article_modified_time":"2026-02-10T12:35:14+00:00","og_image":[{"width":1200,"height":1200,"url":"https:\/\/vozolvapen.de\/wp-content\/uploads\/2025\/12\/Puff-80k-Bang-Leader-80000-blueberry-ice-black-dragon-ice-mango-peach.jpg.webp","type":"image\/webp"}],"twitter_card":"summary_large_image","twitter_misc":{"Szacowany czas czytania":"2 minuty"},"schema":{"@context":"https:\/\/schema.org","@graph":[{"@type":"WebPage","@id":"https:\/\/vozolvapen.de\/product\/puff-80k-bang-leader-80000-blueberry-ice-black-dragon-ice-mango-peach\/","url":"https:\/\/vozolvapen.de\/product\/puff-80k-bang-leader-80000-blueberry-ice-black-dragon-ice-mango-peach\/","name":"Puff 80k Bang Leader 80000 Icy Trio: Blueberry Ice, Black Dragon Ice, Mango Peach - vozolvapen","isPartOf":{"@id":"https:\/\/vozolvapen.de\/#website"},"primaryImageOfPage":{"@id":"https:\/\/vozolvapen.de\/product\/puff-80k-bang-leader-80000-blueberry-ice-black-dragon-ice-mango-peach\/#primaryimage"},"image":{"@id":"https:\/\/vozolvapen.de\/product\/puff-80k-bang-leader-80000-blueberry-ice-black-dragon-ice-mango-peach\/#primaryimage"},"thumbnailUrl":"https:\/\/vozolvapen.de\/wp-content\/uploads\/2025\/12\/Puff-80k-Bang-Leader-80000-blueberry-ice-black-dragon-ice-mango-peach.jpg.webp","datePublished":"2025-12-06T08:51:45+00:00","dateModified":"2026-02-10T12:35:14+00:00","description":"Uderz w mentolowe s\u0142odkie miejsce z tym Bang Leader 80000 Puffs Icy Trio! Zawiera klasyczny Blueberry Ice, egzotyczny Black Dragon Ice i g\u0142adki Mango Peach. Pot\u0119\u017cny Puff 80k zapewnia wspania\u0142e doznania podczas waporyzacji.","breadcrumb":{"@id":"https:\/\/vozolvapen.de\/product\/puff-80k-bang-leader-80000-blueberry-ice-black-dragon-ice-mango-peach\/#breadcrumb"},"inLanguage":"pl-PL","potentialAction":[{"@type":"ReadAction","target":["https:\/\/vozolvapen.de\/product\/puff-80k-bang-leader-80000-blueberry-ice-black-dragon-ice-mango-peach\/"]}]},{"@type":"ImageObject","inLanguage":"pl-PL","@id":"https:\/\/vozolvapen.de\/product\/puff-80k-bang-leader-80000-blueberry-ice-black-dragon-ice-mango-peach\/#primaryimage","url":"https:\/\/vozolvapen.de\/wp-content\/uploads\/2025\/12\/Puff-80k-Bang-Leader-80000-blueberry-ice-black-dragon-ice-mango-peach.jpg.webp","contentUrl":"https:\/\/vozolvapen.de\/wp-content\/uploads\/2025\/12\/Puff-80k-Bang-Leader-80000-blueberry-ice-black-dragon-ice-mango-peach.jpg.webp","width":1200,"height":1200,"caption":"Puff 80k Bang Leader 80000-blueberry-ice-black-dragon-ice-mango-peach.jpg"},{"@type":"BreadcrumbList","@id":"https:\/\/vozolvapen.de\/product\/puff-80k-bang-leader-80000-blueberry-ice-black-dragon-ice-mango-peach\/#breadcrumb","itemListElement":[{"@type":"ListItem","position":1,"name":"Home","item":"https:\/\/vozolvapen.de\/de\/"},{"@type":"ListItem","position":2,"name":"Shop","item":"https:\/\/vozolvapen.de\/shop\/"},{"@type":"ListItem","position":3,"name":"Puff 80k Bang Leader 80000 &#8211; Blueberry Ice + Black Dragon Ice + Mango Peach"}]},{"@type":"WebSite","@id":"https:\/\/vozolvapen.de\/#website","url":"https:\/\/vozolvapen.de\/","name":"vozolvapen","description":"vozolvapen","publisher":{"@id":"https:\/\/vozolvapen.de\/#organization"},"potentialAction":[{"@type":"SearchAction","target":{"@type":"EntryPoint","urlTemplate":"https:\/\/vozolvapen.de\/?s={search_term_string}"},"query-input":{"@type":"PropertyValueSpecification","valueRequired":true,"valueName":"search_term_string"}}],"inLanguage":"pl-PL"},{"@type":"Organization","@id":"https:\/\/vozolvapen.de\/#organization","name":"vozolvapen","url":"https:\/\/vozolvapen.de\/","logo":{"@type":"ImageObject","inLanguage":"pl-PL","@id":"https:\/\/vozolvapen.de\/#\/schema\/logo\/image\/","url":"https:\/\/vozolvapen.de\/wp-content\/uploads\/2025\/12\/cropped-vozovapen-logo.webp","contentUrl":"https:\/\/vozolvapen.de\/wp-content\/uploads\/2025\/12\/cropped-vozovapen-logo.webp","width":470,"height":110,"caption":"vozolvapen"},"image":{"@id":"https:\/\/vozolvapen.de\/#\/schema\/logo\/image\/"}}]}},"tiered_pricing_type":"fixed","tiered_pricing_fixed_rules":{"30":"11.7","50":"9.7","100":"8.7","200":"8.2"},"tiered_pricing_product_settings":{"layout":"default","base_unit_name":{"singular":null,"plural":null},"default_variation":{}},"tiered_pricing_minimum_quantity":10,"tiered_pricing_roles_data":[],"tiered_pricing_percentage_rules":[],"tiered_pricing_maximum_quantity":null,"tiered_pricing_quantity_step":"10","_links":{"self":[{"href":"http:\/\/vozolvapen.de\/pl\/wp-json\/wp\/v2\/product\/7871","targetHints":{"allow":["GET"]}}],"collection":[{"href":"http:\/\/vozolvapen.de\/pl\/wp-json\/wp\/v2\/product"}],"about":[{"href":"http:\/\/vozolvapen.de\/pl\/wp-json\/wp\/v2\/types\/product"}],"replies":[{"embeddable":true,"href":"http:\/\/vozolvapen.de\/pl\/wp-json\/wp\/v2\/comments?post=7871"}],"wp:featuredmedia":[{"embeddable":true,"href":"http:\/\/vozolvapen.de\/pl\/wp-json\/wp\/v2\/media\/7884"}],"wp:attachment":[{"href":"http:\/\/vozolvapen.de\/pl\/wp-json\/wp\/v2\/media?parent=7871"}],"wp:term":[{"taxonomy":"product_brand","embeddable":true,"href":"http:\/\/vozolvapen.de\/pl\/wp-json\/wp\/v2\/product_brand?post=7871"},{"taxonomy":"product_cat","embeddable":true,"href":"http:\/\/vozolvapen.de\/pl\/wp-json\/wp\/v2\/product_cat?post=7871"},{"taxonomy":"product_tag","embeddable":true,"href":"http:\/\/vozolvapen.de\/pl\/wp-json\/wp\/v2\/product_tag?post=7871"}],"curies":[{"name":"wp","href":"https:\/\/api.w.org\/{rel}","templated":true}]}}