{"id":7873,"date":"2025-12-06T08:52:31","date_gmt":"2025-12-06T08:52:31","guid":{"rendered":"https:\/\/vozolvapen.de\/?post_type=product&#038;p=7873"},"modified":"2026-02-10T12:35:10","modified_gmt":"2026-02-10T12:35:10","slug":"puff-80k-bang-leader-80000-red-bull-blueberry-watermelon-apple-pear","status":"publish","type":"product","link":"http:\/\/vozolvapen.de\/pl\/product\/puff-80k-bang-leader-80000-red-bull-blueberry-watermelon-apple-pear\/","title":{"rendered":"Puff 80k Bang Leader 80000 - Red Bull + Blueberry Watermelon + Apple Pear"},"content":{"rendered":"<h1>Bang Leader 80000 Puffs Energy Mix: Red Bull, Blueberry Watermelon, Apple Pear<\/h1>\n<h2><b>Koncentracja na produkcie<\/b><\/h2>\n<p><b>Wyj\u0105tkowy i orze\u017awiaj\u0105cy<\/b> Ten wyb\u00f3r smak\u00f3w jest naprawd\u0119 wyj\u0105tkowy. Odwa\u017cny, wyra\u017any smak <b>Red Bull<\/b> doskonale uzupe\u0142nia orze\u017awiaj\u0105ca s\u0142odycz arbuza jagodowego i delikatne, rze\u015bkie nuty gruszki jab\u0142kowej. The <b>Puff 80k Bang Leader 80000<\/b> Zapewnia to ekscytuj\u0105ce trifecta o sta\u0142ej jako\u015bci, dzi\u0119ki czemu ka\u017cdy <b>bang puff<\/b> uczucie \u015bwie\u017co\u015bci i orze\u017awienia.<\/p>\n<h2 data-path-to-node=\"34\"><b>Unikalna i orze\u017awiaj\u0105ca mieszanka: G\u0142\u0119bia smaku<\/b><\/h2>\n<p data-path-to-node=\"34\">To energetyczne po\u0142\u0105czenie 3 w 1 dla <b>Bang Leader 80000<\/b> oferuje unikalne po\u0142\u0105czenie intensywno\u015bci napoju i prostych, rze\u015bkich owoc\u00f3w. Za pomoc\u0105 prostego prze\u0142\u0105cznika mo\u017cesz cieszy\u0107 si\u0119 trzema r\u00f3\u017cnymi, ale uzupe\u0142niaj\u0105cymi si\u0119 doznaniami z waporyzacji, a wszystko to w ramach ultra-d\u0142ugiej \u017cywotno\u015bci <b>bang puff<\/b> urz\u0105dzenie:<\/p>\n<ul data-path-to-node=\"35\">\n<li>\n<p data-path-to-node=\"35,0,0\"><b>Red Bull (Pod 1):<\/b> Niepowtarzalny, orze\u017awiaj\u0105cy i s\u0142odki smak klasycznego napoju energetycznego, idealny do pobudzenia.<\/p>\n<\/li>\n<li>\n<p data-path-to-node=\"35,1,0\"><b>Blueberry Watermelon (str\u0105k 2):<\/b> \u0141agodna, nawil\u017caj\u0105ca mieszanka owoc\u00f3w, kt\u00f3ra \u0142\u0105czy delikatn\u0105 s\u0142odycz bor\u00f3wki z soczystym arbuzem.<\/p>\n<\/li>\n<li>\n<p data-path-to-node=\"35,2,0\"><b>Apple Pear (Pod 3):<\/b> Chrupi\u0105ca i orze\u017awiaj\u0105ca mieszanka z sadu, \u0142\u0105cz\u0105ca lekk\u0105 cierpko\u015b\u0107 jab\u0142ka z g\u0142adk\u0105, miodow\u0105 s\u0142odycz\u0105 dojrza\u0142ej gruszki.<\/p>\n<\/li>\n<\/ul>\n<p data-path-to-node=\"36\">Ka\u017cdy puff jest zasilany przez wysokowydajny <b>Cewka o oczkach 1,0\u03a9<\/b>, Zapewnia to maksymalne nasycenie smakiem i p\u0142ynn\u0105, sp\u00f3jn\u0105 waporyzacj\u0119 przy ka\u017cdej zmianie.<\/p>\n<h3 data-path-to-node=\"27\">Dla kogo przeznaczony jest ten smak?<\/h3>\n<p><b>The Unique Palate:<\/b> Skierowany jest do waper\u00f3w, kt\u00f3rzy uwielbiaj\u0105 wyra\u017any, orze\u017awiaj\u0105cy smak napoj\u00f3w energetycznych (Red Bull), ale chc\u0105 r\u00f3wnie\u017c \u015bwie\u017cych, prostych opcji owocowych (gruszka jab\u0142kowa, arbuz jagodowy), aby oczy\u015bci\u0107 podniebienie.<\/p>\n<h3 data-path-to-node=\"27\">Podstawowe parametry<\/h3>\n<table data-path-to-node=\"29\">\n<thead>\n<tr>\n<td><strong>Parametry smaku<\/strong><\/td>\n<td><strong>Szczeg\u00f3\u0142y<\/strong><\/td>\n<\/tr>\n<\/thead>\n<tbody>\n<tr>\n<td><span data-path-to-node=\"29,1,0,0\"><b>Po\u0142\u0105czenie smak\u00f3w<\/b><\/span><\/td>\n<td>Red Bull + arbuz jagodowy + gruszka jab\u0142kowa<\/td>\n<\/tr>\n<tr>\n<td><span data-path-to-node=\"29,2,0,0\"><b>Puff Count<\/b><\/span><\/td>\n<td><span data-path-to-node=\"29,2,1,0\">Do 80000 Puff\u00f3w (Puff 80k)<\/span><\/td>\n<\/tr>\n<tr>\n<td><span data-path-to-node=\"29,3,0,0\"><b>Pojemno\u015b\u0107 E-Liquid<\/b><\/span><\/td>\n<td><span data-path-to-node=\"29,3,1,0\">78 ml wst\u0119pnie nape\u0142niony<\/span><\/td>\n<\/tr>\n<tr>\n<td><span data-path-to-node=\"29,4,0,0\"><b>Mocne strony nikotyny<\/b><\/span><\/td>\n<td><span data-path-to-node=\"29,4,1,0\">0% \/ 2% \/ 3% \/ 5% Poziom nikotyny<\/span><\/td>\n<\/tr>\n<tr>\n<td><span data-path-to-node=\"29,5,0,0\"><b>Cewka<\/b><\/span><\/td>\n<td><span data-path-to-node=\"29,5,1,0\">Siatkowa cewka 1,0\u03a9 zapewniaj\u0105ca wyrazisty smak<\/span><\/td>\n<\/tr>\n<tr>\n<td><span data-path-to-node=\"29,6,0,0\"><b>Bateria<\/b><\/span><\/td>\n<td><span data-path-to-node=\"29,6,1,0\">Akumulator 850 mAh<\/span><\/td>\n<\/tr>\n<tr>\n<td><span data-path-to-node=\"29,7,0,0\"><b>Wysy\u0142ka<\/b><\/span><\/td>\n<td><span data-path-to-node=\"29,7,1,0\">Magazyn europejski (1-3 dni)<\/span><\/td>\n<\/tr>\n<\/tbody>\n<\/table>\n<h2><strong>Puff 80k Bang Leader 80000 <\/strong><strong>Wideo\uff1a<\/strong><\/h2>\n<p><iframe title=\"Vape jednorazowe Bang Leader 80000 Puffs - najlepsze do\u015bwiadczenie z Puff 80k\" src=\"https:\/\/player.vimeo.com\/video\/1150263452?badge=0&amp;autopause=0&amp;player_id=0&amp;app_id=58479\" width=\"400\" height=\"711\" frameborder=\"0\"><\/iframe><\/p>\n<h3 dir=\"auto\">Oto dalsze zalecenia dla Ciebie:<\/h3>\n<p dir=\"auto\">Odkryj jeszcze wi\u0119cej niesamowitych smak\u00f3w dzi\u0119ki Puff 80k Bang Leader 80000 Vape!<\/p>\n<p dir=\"auto\"><a href=\"https:\/\/vozolvapen.de\/pl\/product-category\/bang-vape\/puff-80k-bang-leader-80000-puffs-vape\/\" target=\"_blank\" rel=\"noopener noreferrer nofollow\">Zobacz wszystkie odmiany tutaj \u2192<\/a><\/p>\n<p dir=\"auto\">Zapoznaj si\u0119 z nasz\u0105 pe\u0142n\u0105 kolekcj\u0105 i kupuj produkty najlepszych marek vape, kt\u00f3re pokochasz.<\/p>\n<p dir=\"auto\"><a href=\"https:\/\/vozolvapen.de\/pl\/\" target=\"_blank\" rel=\"noopener noreferrer nofollow\">Przegl\u0105daj teraz wszystkie marki \u2192<\/a><\/p>\n<p dir=\"auto\">Sprawd\u017a ca\u0142\u0105 seri\u0119 Bang Vape - ka\u017cdy smak, ka\u017cdy styl!<\/p>\n<p dir=\"auto\"><a href=\"https:\/\/vozolvapen.de\/pl\/product-category\/bang-vape\/\" target=\"_blank\" rel=\"noopener noreferrer nofollow\">Zobacz pe\u0142n\u0105 kolekcj\u0119 Bang Vape \u2192<\/a><\/p>","protected":false},"excerpt":{"rendered":"<p>Orze\u017awiaj\u0105ca mieszanka! Rozpocznij dzie\u0144 od mocnego smaku Red Bulla, a nast\u0119pnie prze\u0142\u0105cz si\u0119 na orze\u017awiaj\u0105c\u0105 klarowno\u015b\u0107 Blueberry Watermelon lub rze\u015bk\u0105 mieszank\u0119 Apple Pear. Trzy unikalne profile w jednym, d\u0142ugotrwa\u0142ym napoju <b>Lider Bang<\/b>.<\/p>","protected":false},"featured_media":7886,"comment_status":"open","ping_status":"closed","template":"","meta":{"_acf_changed":false},"product_brand":[],"product_cat":[134,64],"product_tag":[],"class_list":{"0":"post-7873","1":"product","2":"type-product","3":"status-publish","4":"has-post-thumbnail","6":"product_cat-eu-warehouse-in-stock","7":"product_cat-puff-80k-bang-leader-80000-puffs-vape","9":"first","10":"instock","11":"shipping-taxable","12":"purchasable","13":"product-type-variable"},"acf":[],"yoast_head":"<!-- This site is optimized with the Yoast SEO Premium plugin v26.1 (Yoast SEO v27.5) - https:\/\/yoast.com\/product\/yoast-seo-premium-wordpress\/ -->\n<title>Puff 80k Bang Leader 80000 Energy Mix: Red Bull, Blueberry Watermelon, Apple Pear - vozolvapen<\/title>\n<meta name=\"description\" content=\"Energize your vape! Bang Leader 80000 Puffs featuring the exhilarating Red Bull flavor, plus crisp Blueberry Watermelon and fresh Apple Pear. A unique 3-in-1 Puff 80000 device.\" \/>\n<meta name=\"robots\" content=\"index, follow, max-snippet:-1, max-image-preview:large, max-video-preview:-1\" \/>\n<link rel=\"canonical\" href=\"https:\/\/vozolvapen.de\/pl\/product\/puff-80k-bang-leader-80000-red-bull-blueberry-watermelon-apple-pear\/\" \/>\n<meta property=\"og:locale\" content=\"pl_PL\" \/>\n<meta property=\"og:type\" content=\"article\" \/>\n<meta property=\"og:title\" content=\"Puff 80k Bang Leader 80000 - Red Bull + Blueberry Watermelon + Apple Pear\" \/>\n<meta property=\"og:description\" content=\"Energize your vape! Bang Leader 80000 Puffs featuring the exhilarating Red Bull flavor, plus crisp Blueberry Watermelon and fresh Apple Pear. A unique 3-in-1 Puff 80000 device.\" \/>\n<meta property=\"og:url\" content=\"https:\/\/vozolvapen.de\/pl\/product\/puff-80k-bang-leader-80000-red-bull-blueberry-watermelon-apple-pear\/\" \/>\n<meta property=\"og:site_name\" content=\"vozolvapen\" \/>\n<meta property=\"article:modified_time\" content=\"2026-02-10T12:35:10+00:00\" \/>\n<meta property=\"og:image\" content=\"https:\/\/vozolvapen.de\/wp-content\/uploads\/2025\/12\/Puff-80k-Bang-Leader-80000-red-bull-blueberry-watermelon-apple-pear.jpg.webp\" \/>\n\t<meta property=\"og:image:width\" content=\"1200\" \/>\n\t<meta property=\"og:image:height\" content=\"1200\" \/>\n\t<meta property=\"og:image:type\" content=\"image\/webp\" \/>\n<meta name=\"twitter:card\" content=\"summary_large_image\" \/>\n<meta name=\"twitter:label1\" content=\"Szacowany czas czytania\" \/>\n\t<meta name=\"twitter:data1\" content=\"2 minuty\" \/>\n<script type=\"application\/ld+json\" class=\"yoast-schema-graph\">{\"@context\":\"https:\\\/\\\/schema.org\",\"@graph\":[{\"@type\":\"WebPage\",\"@id\":\"https:\\\/\\\/vozolvapen.de\\\/product\\\/puff-80k-bang-leader-80000-red-bull-blueberry-watermelon-apple-pear\\\/\",\"url\":\"https:\\\/\\\/vozolvapen.de\\\/product\\\/puff-80k-bang-leader-80000-red-bull-blueberry-watermelon-apple-pear\\\/\",\"name\":\"Puff 80k Bang Leader 80000 Energy Mix: Red Bull, Blueberry Watermelon, Apple Pear - vozolvapen\",\"isPartOf\":{\"@id\":\"https:\\\/\\\/vozolvapen.de\\\/#website\"},\"primaryImageOfPage\":{\"@id\":\"https:\\\/\\\/vozolvapen.de\\\/product\\\/puff-80k-bang-leader-80000-red-bull-blueberry-watermelon-apple-pear\\\/#primaryimage\"},\"image\":{\"@id\":\"https:\\\/\\\/vozolvapen.de\\\/product\\\/puff-80k-bang-leader-80000-red-bull-blueberry-watermelon-apple-pear\\\/#primaryimage\"},\"thumbnailUrl\":\"https:\\\/\\\/vozolvapen.de\\\/wp-content\\\/uploads\\\/2025\\\/12\\\/Puff-80k-Bang-Leader-80000-red-bull-blueberry-watermelon-apple-pear.jpg.webp\",\"datePublished\":\"2025-12-06T08:52:31+00:00\",\"dateModified\":\"2026-02-10T12:35:10+00:00\",\"description\":\"Energize your vape! Bang Leader 80000 Puffs featuring the exhilarating Red Bull flavor, plus crisp Blueberry Watermelon and fresh Apple Pear. A unique 3-in-1 Puff 80000 device.\",\"breadcrumb\":{\"@id\":\"https:\\\/\\\/vozolvapen.de\\\/product\\\/puff-80k-bang-leader-80000-red-bull-blueberry-watermelon-apple-pear\\\/#breadcrumb\"},\"inLanguage\":\"pl-PL\",\"potentialAction\":[{\"@type\":\"ReadAction\",\"target\":[\"https:\\\/\\\/vozolvapen.de\\\/product\\\/puff-80k-bang-leader-80000-red-bull-blueberry-watermelon-apple-pear\\\/\"]}]},{\"@type\":\"ImageObject\",\"inLanguage\":\"pl-PL\",\"@id\":\"https:\\\/\\\/vozolvapen.de\\\/product\\\/puff-80k-bang-leader-80000-red-bull-blueberry-watermelon-apple-pear\\\/#primaryimage\",\"url\":\"https:\\\/\\\/vozolvapen.de\\\/wp-content\\\/uploads\\\/2025\\\/12\\\/Puff-80k-Bang-Leader-80000-red-bull-blueberry-watermelon-apple-pear.jpg.webp\",\"contentUrl\":\"https:\\\/\\\/vozolvapen.de\\\/wp-content\\\/uploads\\\/2025\\\/12\\\/Puff-80k-Bang-Leader-80000-red-bull-blueberry-watermelon-apple-pear.jpg.webp\",\"width\":1200,\"height\":1200,\"caption\":\"Puff 80k Bang Leader 80000-red-bull-blueberry-watermelon-apple-pear.jpg\"},{\"@type\":\"BreadcrumbList\",\"@id\":\"https:\\\/\\\/vozolvapen.de\\\/product\\\/puff-80k-bang-leader-80000-red-bull-blueberry-watermelon-apple-pear\\\/#breadcrumb\",\"itemListElement\":[{\"@type\":\"ListItem\",\"position\":1,\"name\":\"Home\",\"item\":\"https:\\\/\\\/vozolvapen.de\\\/de\\\/\"},{\"@type\":\"ListItem\",\"position\":2,\"name\":\"Shop\",\"item\":\"https:\\\/\\\/vozolvapen.de\\\/shop\\\/\"},{\"@type\":\"ListItem\",\"position\":3,\"name\":\"Puff 80k Bang Leader 80000 &#8211; Red Bull + Blueberry Watermelon + Apple Pear\"}]},{\"@type\":\"WebSite\",\"@id\":\"https:\\\/\\\/vozolvapen.de\\\/#website\",\"url\":\"https:\\\/\\\/vozolvapen.de\\\/\",\"name\":\"vozolvapen\",\"description\":\"vozolvapen\",\"publisher\":{\"@id\":\"https:\\\/\\\/vozolvapen.de\\\/#organization\"},\"potentialAction\":[{\"@type\":\"SearchAction\",\"target\":{\"@type\":\"EntryPoint\",\"urlTemplate\":\"https:\\\/\\\/vozolvapen.de\\\/?s={search_term_string}\"},\"query-input\":{\"@type\":\"PropertyValueSpecification\",\"valueRequired\":true,\"valueName\":\"search_term_string\"}}],\"inLanguage\":\"pl-PL\"},{\"@type\":\"Organization\",\"@id\":\"https:\\\/\\\/vozolvapen.de\\\/#organization\",\"name\":\"vozolvapen\",\"url\":\"https:\\\/\\\/vozolvapen.de\\\/\",\"logo\":{\"@type\":\"ImageObject\",\"inLanguage\":\"pl-PL\",\"@id\":\"https:\\\/\\\/vozolvapen.de\\\/#\\\/schema\\\/logo\\\/image\\\/\",\"url\":\"https:\\\/\\\/vozolvapen.de\\\/wp-content\\\/uploads\\\/2025\\\/12\\\/cropped-vozovapen-logo.webp\",\"contentUrl\":\"https:\\\/\\\/vozolvapen.de\\\/wp-content\\\/uploads\\\/2025\\\/12\\\/cropped-vozovapen-logo.webp\",\"width\":470,\"height\":110,\"caption\":\"vozolvapen\"},\"image\":{\"@id\":\"https:\\\/\\\/vozolvapen.de\\\/#\\\/schema\\\/logo\\\/image\\\/\"}}]}<\/script>\n<!-- \/ Yoast SEO Premium plugin. -->","yoast_head_json":{"title":"Puff 80k Bang Leader 80000 Energy Mix: Red Bull, Blueberry Watermelon, Apple Pear - vozolvapen","description":"Dodaj sobie energii! Puffy Bang Leader 80000 o ekscytuj\u0105cym smaku Red Bulla, a tak\u017ce chrupi\u0105cego arbuza jagodowego i \u015bwie\u017cej gruszki jab\u0142kowej. Unikalne urz\u0105dzenie 3 w 1 Puff 80000.","robots":{"index":"index","follow":"follow","max-snippet":"max-snippet:-1","max-image-preview":"max-image-preview:large","max-video-preview":"max-video-preview:-1"},"canonical":"https:\/\/vozolvapen.de\/pl\/product\/puff-80k-bang-leader-80000-red-bull-blueberry-watermelon-apple-pear\/","og_locale":"pl_PL","og_type":"article","og_title":"Puff 80k Bang Leader 80000 - Red Bull + Blueberry Watermelon + Apple Pear","og_description":"Energize your vape! Bang Leader 80000 Puffs featuring the exhilarating Red Bull flavor, plus crisp Blueberry Watermelon and fresh Apple Pear. A unique 3-in-1 Puff 80000 device.","og_url":"https:\/\/vozolvapen.de\/pl\/product\/puff-80k-bang-leader-80000-red-bull-blueberry-watermelon-apple-pear\/","og_site_name":"vozolvapen","article_modified_time":"2026-02-10T12:35:10+00:00","og_image":[{"width":1200,"height":1200,"url":"https:\/\/vozolvapen.de\/wp-content\/uploads\/2025\/12\/Puff-80k-Bang-Leader-80000-red-bull-blueberry-watermelon-apple-pear.jpg.webp","type":"image\/webp"}],"twitter_card":"summary_large_image","twitter_misc":{"Szacowany czas czytania":"2 minuty"},"schema":{"@context":"https:\/\/schema.org","@graph":[{"@type":"WebPage","@id":"https:\/\/vozolvapen.de\/product\/puff-80k-bang-leader-80000-red-bull-blueberry-watermelon-apple-pear\/","url":"https:\/\/vozolvapen.de\/product\/puff-80k-bang-leader-80000-red-bull-blueberry-watermelon-apple-pear\/","name":"Puff 80k Bang Leader 80000 Energy Mix: Red Bull, Blueberry Watermelon, Apple Pear - vozolvapen","isPartOf":{"@id":"https:\/\/vozolvapen.de\/#website"},"primaryImageOfPage":{"@id":"https:\/\/vozolvapen.de\/product\/puff-80k-bang-leader-80000-red-bull-blueberry-watermelon-apple-pear\/#primaryimage"},"image":{"@id":"https:\/\/vozolvapen.de\/product\/puff-80k-bang-leader-80000-red-bull-blueberry-watermelon-apple-pear\/#primaryimage"},"thumbnailUrl":"https:\/\/vozolvapen.de\/wp-content\/uploads\/2025\/12\/Puff-80k-Bang-Leader-80000-red-bull-blueberry-watermelon-apple-pear.jpg.webp","datePublished":"2025-12-06T08:52:31+00:00","dateModified":"2026-02-10T12:35:10+00:00","description":"Dodaj sobie energii! Puffy Bang Leader 80000 o ekscytuj\u0105cym smaku Red Bulla, a tak\u017ce chrupi\u0105cego arbuza jagodowego i \u015bwie\u017cej gruszki jab\u0142kowej. Unikalne urz\u0105dzenie 3 w 1 Puff 80000.","breadcrumb":{"@id":"https:\/\/vozolvapen.de\/product\/puff-80k-bang-leader-80000-red-bull-blueberry-watermelon-apple-pear\/#breadcrumb"},"inLanguage":"pl-PL","potentialAction":[{"@type":"ReadAction","target":["https:\/\/vozolvapen.de\/product\/puff-80k-bang-leader-80000-red-bull-blueberry-watermelon-apple-pear\/"]}]},{"@type":"ImageObject","inLanguage":"pl-PL","@id":"https:\/\/vozolvapen.de\/product\/puff-80k-bang-leader-80000-red-bull-blueberry-watermelon-apple-pear\/#primaryimage","url":"https:\/\/vozolvapen.de\/wp-content\/uploads\/2025\/12\/Puff-80k-Bang-Leader-80000-red-bull-blueberry-watermelon-apple-pear.jpg.webp","contentUrl":"https:\/\/vozolvapen.de\/wp-content\/uploads\/2025\/12\/Puff-80k-Bang-Leader-80000-red-bull-blueberry-watermelon-apple-pear.jpg.webp","width":1200,"height":1200,"caption":"Puff 80k Bang Leader 80000-red-bull-blueberry-watermelon-apple-pear.jpg"},{"@type":"BreadcrumbList","@id":"https:\/\/vozolvapen.de\/product\/puff-80k-bang-leader-80000-red-bull-blueberry-watermelon-apple-pear\/#breadcrumb","itemListElement":[{"@type":"ListItem","position":1,"name":"Home","item":"https:\/\/vozolvapen.de\/de\/"},{"@type":"ListItem","position":2,"name":"Shop","item":"https:\/\/vozolvapen.de\/shop\/"},{"@type":"ListItem","position":3,"name":"Puff 80k Bang Leader 80000 &#8211; Red Bull + Blueberry Watermelon + Apple Pear"}]},{"@type":"WebSite","@id":"https:\/\/vozolvapen.de\/#website","url":"https:\/\/vozolvapen.de\/","name":"vozolvapen","description":"vozolvapen","publisher":{"@id":"https:\/\/vozolvapen.de\/#organization"},"potentialAction":[{"@type":"SearchAction","target":{"@type":"EntryPoint","urlTemplate":"https:\/\/vozolvapen.de\/?s={search_term_string}"},"query-input":{"@type":"PropertyValueSpecification","valueRequired":true,"valueName":"search_term_string"}}],"inLanguage":"pl-PL"},{"@type":"Organization","@id":"https:\/\/vozolvapen.de\/#organization","name":"vozolvapen","url":"https:\/\/vozolvapen.de\/","logo":{"@type":"ImageObject","inLanguage":"pl-PL","@id":"https:\/\/vozolvapen.de\/#\/schema\/logo\/image\/","url":"https:\/\/vozolvapen.de\/wp-content\/uploads\/2025\/12\/cropped-vozovapen-logo.webp","contentUrl":"https:\/\/vozolvapen.de\/wp-content\/uploads\/2025\/12\/cropped-vozovapen-logo.webp","width":470,"height":110,"caption":"vozolvapen"},"image":{"@id":"https:\/\/vozolvapen.de\/#\/schema\/logo\/image\/"}}]}},"tiered_pricing_type":"fixed","tiered_pricing_fixed_rules":{"30":"11.7","50":"9.7","100":"8.7","200":"8.2"},"tiered_pricing_product_settings":{"layout":"default","base_unit_name":{"singular":null,"plural":null},"default_variation":{}},"tiered_pricing_minimum_quantity":10,"tiered_pricing_roles_data":[],"tiered_pricing_percentage_rules":[],"tiered_pricing_maximum_quantity":null,"tiered_pricing_quantity_step":"10","_links":{"self":[{"href":"http:\/\/vozolvapen.de\/pl\/wp-json\/wp\/v2\/product\/7873","targetHints":{"allow":["GET"]}}],"collection":[{"href":"http:\/\/vozolvapen.de\/pl\/wp-json\/wp\/v2\/product"}],"about":[{"href":"http:\/\/vozolvapen.de\/pl\/wp-json\/wp\/v2\/types\/product"}],"replies":[{"embeddable":true,"href":"http:\/\/vozolvapen.de\/pl\/wp-json\/wp\/v2\/comments?post=7873"}],"wp:featuredmedia":[{"embeddable":true,"href":"http:\/\/vozolvapen.de\/pl\/wp-json\/wp\/v2\/media\/7886"}],"wp:attachment":[{"href":"http:\/\/vozolvapen.de\/pl\/wp-json\/wp\/v2\/media?parent=7873"}],"wp:term":[{"taxonomy":"product_brand","embeddable":true,"href":"http:\/\/vozolvapen.de\/pl\/wp-json\/wp\/v2\/product_brand?post=7873"},{"taxonomy":"product_cat","embeddable":true,"href":"http:\/\/vozolvapen.de\/pl\/wp-json\/wp\/v2\/product_cat?post=7873"},{"taxonomy":"product_tag","embeddable":true,"href":"http:\/\/vozolvapen.de\/pl\/wp-json\/wp\/v2\/product_tag?post=7873"}],"curies":[{"name":"wp","href":"https:\/\/api.w.org\/{rel}","templated":true}]}}