{"id":7876,"date":"2025-12-06T08:54:09","date_gmt":"2025-12-06T08:54:09","guid":{"rendered":"https:\/\/vozolvapen.de\/?post_type=product&#038;p=7876"},"modified":"2026-02-10T12:35:03","modified_gmt":"2026-02-10T12:35:03","slug":"puff-80k-bang-leader-80000-kiwi-passion-lychee-ice-mango-peach-pine","status":"publish","type":"product","link":"http:\/\/vozolvapen.de\/pl\/product\/puff-80k-bang-leader-80000-kiwi-passion-lychee-ice-mango-peach-pine\/","title":{"rendered":"Puff 80k Bang Leader 80000 - Kiwi Passion + Lychee Ice + Mango Peach Pine"},"content":{"rendered":"<h1>Puff 80k Bang Leader 80000 Tropical Paradise: Kiwi Passion, Lychee Ice, Mango Peach Pine<\/h1>\n<h2><b>Koncentracja na produkcie<\/b><\/h2>\n<p><b>P\u00f3\u0142misek owoc\u00f3w egzotycznych<\/b> Dla wapera, kt\u00f3ry poszukuje tropikalnej z\u0142o\u017cono\u015bci, jest to <b>Bang Leader 80000 Puffs<\/b> oferuje wyrafinowan\u0105 gam\u0119 egzotycznych smak\u00f3w. Kiwi Passion jest pikantny i s\u0142odki, Lychee Ice zapewnia delikatny kwiatowy ch\u0142\u00f3d, a Mango Peach Pine to s\u0142odko-cierpka moc. To <b>bang puff<\/b> to szczyt innowacji smakowych i waporyzacji o du\u017cej pojemno\u015bci.<\/p>\n<h2 data-path-to-node=\"49\"><b>P\u00f3\u0142misek owoc\u00f3w egzotycznych: G\u0142\u0119bia smaku<\/b><\/h2>\n<p data-path-to-node=\"49\">Ta tropikalna kombinacja 3 w 1 dla <b>Bang Leader 80000<\/b> zapewnia intensywne, z\u0142o\u017cone i orze\u017awiaj\u0105ce doznania na wyspie. Za pomoc\u0105 prostego prze\u0142\u0105cznika mo\u017cesz cieszy\u0107 si\u0119 trzema r\u00f3\u017cnymi, ale uzupe\u0142niaj\u0105cymi si\u0119 doznaniami z waporyzacji, a wszystko to w ramach ultra-d\u0142ugiej \u017cywotno\u015bci. <b>bang puff<\/b> urz\u0105dzenie:<\/p>\n<ul>\n<li data-path-to-node=\"50,0,0\"><b>Kiwi Passion (Pod 1):<\/b> Ostra i orze\u017awiaj\u0105ca mieszanka, \u0142\u0105cz\u0105ca kwa\u015bne nuty kiwi z pi\u017cmowym, intensywnie s\u0142odkim aromatem marakui.<\/li>\n<li data-path-to-node=\"50,1,0\"><b>Lychee Ice (Pod 2):<\/b> Delikatny, kwiatowy i wyj\u0105tkowo s\u0142odki smak liczi, dostarczany z rze\u015bkim, orze\u017awiaj\u0105cym, lodowatym finiszem.<\/li>\n<li data-path-to-node=\"50,2,0\"><b>Mango Peach Pine (str\u0105k 3):<\/b> Z\u0142o\u017cona mieszanka g\u0142adkiego mango, s\u0142odkiej brzoskwini i cierpkiego, lekko kwa\u015bnego ananasa.<\/li>\n<\/ul>\n<p data-path-to-node=\"51\">Ka\u017cdy puff jest zasilany przez wysokowydajny <b>Cewka o oczkach 1,0\u03a9<\/b>, Zapewnia to maksymalne nasycenie smakiem i p\u0142ynn\u0105, sp\u00f3jn\u0105 waporyzacj\u0119 przy ka\u017cdej zmianie.<\/p>\n<h3 data-path-to-node=\"27\">Dla kogo przeznaczony jest ten smak?<\/h3>\n<p><b>Egzotyczny degustator:<\/b> Najlepiej nadaje si\u0119 dla waper\u00f3w, kt\u00f3rzy preferuj\u0105 unikalne, z\u0142o\u017cone kombinacje owoc\u00f3w tropikalnych i p\u00f3\u0142s\u0142odkich. Po\u0142\u0105czenie ostro\u015bci marakui\/kiwi i s\u0142odyczy liczi\/mango zapewnia wyrafinowany smak.<\/p>\n<h3 data-path-to-node=\"27\">Podstawowe parametry<\/h3>\n<table data-path-to-node=\"29\">\n<thead>\n<tr>\n<td><strong>Parametry smaku<\/strong><\/td>\n<td><strong>Szczeg\u00f3\u0142y<\/strong><\/td>\n<\/tr>\n<\/thead>\n<tbody>\n<tr>\n<td><span data-path-to-node=\"29,1,0,0\"><b>Po\u0142\u0105czenie smak\u00f3w<\/b><\/span><\/td>\n<td>Kiwi Passion + Lychee Ice + Mango Peach Pine<\/td>\n<\/tr>\n<tr>\n<td><span data-path-to-node=\"29,2,0,0\"><b>Puff Count<\/b><\/span><\/td>\n<td><span data-path-to-node=\"29,2,1,0\">Do 80000 Puff\u00f3w (Puff 80k)<\/span><\/td>\n<\/tr>\n<tr>\n<td><span data-path-to-node=\"29,3,0,0\"><b>Pojemno\u015b\u0107 E-Liquid<\/b><\/span><\/td>\n<td><span data-path-to-node=\"29,3,1,0\">78 ml wst\u0119pnie nape\u0142niony<\/span><\/td>\n<\/tr>\n<tr>\n<td><span data-path-to-node=\"29,4,0,0\"><b>Mocne strony nikotyny<\/b><\/span><\/td>\n<td><span data-path-to-node=\"29,4,1,0\">0% \/ 2% \/ 3% \/ 5% Poziom nikotyny<\/span><\/td>\n<\/tr>\n<tr>\n<td><span data-path-to-node=\"29,5,0,0\"><b>Cewka<\/b><\/span><\/td>\n<td><span data-path-to-node=\"29,5,1,0\">Siatkowa cewka 1,0\u03a9 zapewniaj\u0105ca wyrazisty smak<\/span><\/td>\n<\/tr>\n<tr>\n<td><span data-path-to-node=\"29,6,0,0\"><b>Bateria<\/b><\/span><\/td>\n<td><span data-path-to-node=\"29,6,1,0\">Akumulator 850 mAh<\/span><\/td>\n<\/tr>\n<tr>\n<td><span data-path-to-node=\"29,7,0,0\"><b>Wysy\u0142ka<\/b><\/span><\/td>\n<td><span data-path-to-node=\"29,7,1,0\">Magazyn europejski (1-3 dni)<\/span><\/td>\n<\/tr>\n<\/tbody>\n<\/table>\n<h2><strong>Puff 80k Bang Leader 80000 <\/strong><strong>Wideo\uff1a<\/strong><\/h2>\n<p><iframe title=\"Vape jednorazowe Bang Leader 80000 Puffs - najlepsze do\u015bwiadczenie z Puff 80k\" src=\"https:\/\/player.vimeo.com\/video\/1150263452?badge=0&amp;autopause=0&amp;player_id=0&amp;app_id=58479\" width=\"400\" height=\"711\" frameborder=\"0\"><\/iframe><\/p>\n<h3 dir=\"auto\">Oto dalsze zalecenia dla Ciebie:<\/h3>\n<p dir=\"auto\">Odkryj jeszcze wi\u0119cej niesamowitych smak\u00f3w dzi\u0119ki Puff 80k Bang Leader 80000 Vape!<\/p>\n<p dir=\"auto\"><a href=\"https:\/\/vozolvapen.de\/pl\/product-category\/bang-vape\/puff-80k-bang-leader-80000-puffs-vape\/\" target=\"_blank\" rel=\"noopener noreferrer nofollow\">Zobacz wszystkie odmiany tutaj \u2192<\/a><\/p>\n<p dir=\"auto\">Zapoznaj si\u0119 z nasz\u0105 pe\u0142n\u0105 kolekcj\u0105 i kupuj produkty najlepszych marek vape, kt\u00f3re pokochasz.<\/p>\n<p dir=\"auto\"><a href=\"https:\/\/vozolvapen.de\/pl\/\" target=\"_blank\" rel=\"noopener noreferrer nofollow\">Przegl\u0105daj teraz wszystkie marki \u2192<\/a><\/p>\n<p dir=\"auto\">Sprawd\u017a ca\u0142\u0105 seri\u0119 Bang Vape - ka\u017cdy smak, ka\u017cdy styl!<\/p>\n<p dir=\"auto\"><a href=\"https:\/\/vozolvapen.de\/pl\/product-category\/bang-vape\/\" target=\"_blank\" rel=\"noopener noreferrer nofollow\">Zobacz pe\u0142n\u0105 kolekcj\u0119 Bang Vape \u2192<\/a><\/p>","protected":false},"excerpt":{"rendered":"<p>Zanurz si\u0119 w tropikalnym \u015bnie dzi\u0119ki tej egzotycznej mieszance 3 w 1. Rozkoszuj si\u0119 smakiem Kiwi Passion, delikatnym ch\u0142odem Lychee Ice i z\u0142o\u017con\u0105 mieszank\u0105 Mango Peach Pine. <b>80000 Puff\u00f3w<\/b> raju dostarczonego przez <b>Lider Bang<\/b>.<\/p>","protected":false},"featured_media":7889,"comment_status":"open","ping_status":"closed","template":"","meta":{"_acf_changed":false},"product_brand":[],"product_cat":[134,64],"product_tag":[],"class_list":{"0":"post-7876","1":"product","2":"type-product","3":"status-publish","4":"has-post-thumbnail","6":"product_cat-eu-warehouse-in-stock","7":"product_cat-puff-80k-bang-leader-80000-puffs-vape","9":"first","10":"instock","11":"shipping-taxable","12":"purchasable","13":"product-type-variable"},"acf":[],"yoast_head":"<!-- This site is optimized with the Yoast SEO Premium plugin v26.1 (Yoast SEO v27.5) - https:\/\/yoast.com\/product\/yoast-seo-premium-wordpress\/ -->\n<title>Bang Leader 80000 Puffs Tropical Paradise: Kiwi Passion, Lychee Ice, Mango Peach Pine - vozolvapen<\/title>\n<meta name=\"description\" content=\"Dive into the exotic with the Puff 80k Bang Leader 80000! Features Kiwi Passion, cool Lychee Ice, and the complex Mango Peach Pine. Huge Puff 80k capacity and tropical flavors guaranteed.\" \/>\n<meta name=\"robots\" content=\"index, follow, max-snippet:-1, max-image-preview:large, max-video-preview:-1\" \/>\n<link rel=\"canonical\" href=\"https:\/\/vozolvapen.de\/pl\/product\/puff-80k-bang-leader-80000-kiwi-passion-lychee-ice-mango-peach-pine\/\" \/>\n<meta property=\"og:locale\" content=\"pl_PL\" \/>\n<meta property=\"og:type\" content=\"article\" \/>\n<meta property=\"og:title\" content=\"Puff 80k Bang Leader 80000 - Kiwi Passion + Lychee Ice + Mango Peach Pine\" \/>\n<meta property=\"og:description\" content=\"Dive into the exotic with the Puff 80k Bang Leader 80000! Features Kiwi Passion, cool Lychee Ice, and the complex Mango Peach Pine. Huge Puff 80k capacity and tropical flavors guaranteed.\" \/>\n<meta property=\"og:url\" content=\"https:\/\/vozolvapen.de\/pl\/product\/puff-80k-bang-leader-80000-kiwi-passion-lychee-ice-mango-peach-pine\/\" \/>\n<meta property=\"og:site_name\" content=\"vozolvapen\" \/>\n<meta property=\"article:modified_time\" content=\"2026-02-10T12:35:03+00:00\" \/>\n<meta property=\"og:image\" content=\"https:\/\/vozolvapen.de\/wp-content\/uploads\/2025\/12\/Puff-80k-Bang-Leader-80000-kiwi-passion-lychee-ice-mango-peach-pine.jpg.webp\" \/>\n\t<meta property=\"og:image:width\" content=\"1200\" \/>\n\t<meta property=\"og:image:height\" content=\"1200\" \/>\n\t<meta property=\"og:image:type\" content=\"image\/webp\" \/>\n<meta name=\"twitter:card\" content=\"summary_large_image\" \/>\n<meta name=\"twitter:label1\" content=\"Szacowany czas czytania\" \/>\n\t<meta name=\"twitter:data1\" content=\"2 minuty\" \/>\n<script type=\"application\/ld+json\" class=\"yoast-schema-graph\">{\"@context\":\"https:\\\/\\\/schema.org\",\"@graph\":[{\"@type\":\"WebPage\",\"@id\":\"https:\\\/\\\/vozolvapen.de\\\/product\\\/puff-80k-bang-leader-80000-kiwi-passion-lychee-ice-mango-peach-pine\\\/\",\"url\":\"https:\\\/\\\/vozolvapen.de\\\/product\\\/puff-80k-bang-leader-80000-kiwi-passion-lychee-ice-mango-peach-pine\\\/\",\"name\":\"Bang Leader 80000 Puffs Tropical Paradise: Kiwi Passion, Lychee Ice, Mango Peach Pine - vozolvapen\",\"isPartOf\":{\"@id\":\"https:\\\/\\\/vozolvapen.de\\\/#website\"},\"primaryImageOfPage\":{\"@id\":\"https:\\\/\\\/vozolvapen.de\\\/product\\\/puff-80k-bang-leader-80000-kiwi-passion-lychee-ice-mango-peach-pine\\\/#primaryimage\"},\"image\":{\"@id\":\"https:\\\/\\\/vozolvapen.de\\\/product\\\/puff-80k-bang-leader-80000-kiwi-passion-lychee-ice-mango-peach-pine\\\/#primaryimage\"},\"thumbnailUrl\":\"https:\\\/\\\/vozolvapen.de\\\/wp-content\\\/uploads\\\/2025\\\/12\\\/Puff-80k-Bang-Leader-80000-kiwi-passion-lychee-ice-mango-peach-pine.jpg.webp\",\"datePublished\":\"2025-12-06T08:54:09+00:00\",\"dateModified\":\"2026-02-10T12:35:03+00:00\",\"description\":\"Dive into the exotic with the Puff 80k Bang Leader 80000! Features Kiwi Passion, cool Lychee Ice, and the complex Mango Peach Pine. Huge Puff 80k capacity and tropical flavors guaranteed.\",\"breadcrumb\":{\"@id\":\"https:\\\/\\\/vozolvapen.de\\\/product\\\/puff-80k-bang-leader-80000-kiwi-passion-lychee-ice-mango-peach-pine\\\/#breadcrumb\"},\"inLanguage\":\"pl-PL\",\"potentialAction\":[{\"@type\":\"ReadAction\",\"target\":[\"https:\\\/\\\/vozolvapen.de\\\/product\\\/puff-80k-bang-leader-80000-kiwi-passion-lychee-ice-mango-peach-pine\\\/\"]}]},{\"@type\":\"ImageObject\",\"inLanguage\":\"pl-PL\",\"@id\":\"https:\\\/\\\/vozolvapen.de\\\/product\\\/puff-80k-bang-leader-80000-kiwi-passion-lychee-ice-mango-peach-pine\\\/#primaryimage\",\"url\":\"https:\\\/\\\/vozolvapen.de\\\/wp-content\\\/uploads\\\/2025\\\/12\\\/Puff-80k-Bang-Leader-80000-kiwi-passion-lychee-ice-mango-peach-pine.jpg.webp\",\"contentUrl\":\"https:\\\/\\\/vozolvapen.de\\\/wp-content\\\/uploads\\\/2025\\\/12\\\/Puff-80k-Bang-Leader-80000-kiwi-passion-lychee-ice-mango-peach-pine.jpg.webp\",\"width\":1200,\"height\":1200,\"caption\":\"Puff 80k Bang Leader 80000-kiwi-passion-lychee-ice-mango-peach-pine.jpg\"},{\"@type\":\"BreadcrumbList\",\"@id\":\"https:\\\/\\\/vozolvapen.de\\\/product\\\/puff-80k-bang-leader-80000-kiwi-passion-lychee-ice-mango-peach-pine\\\/#breadcrumb\",\"itemListElement\":[{\"@type\":\"ListItem\",\"position\":1,\"name\":\"Home\",\"item\":\"https:\\\/\\\/vozolvapen.de\\\/de\\\/\"},{\"@type\":\"ListItem\",\"position\":2,\"name\":\"Shop\",\"item\":\"https:\\\/\\\/vozolvapen.de\\\/shop\\\/\"},{\"@type\":\"ListItem\",\"position\":3,\"name\":\"Puff 80k Bang Leader 80000 &#8211; Kiwi Passion + Lychee Ice + Mango Peach Pine\"}]},{\"@type\":\"WebSite\",\"@id\":\"https:\\\/\\\/vozolvapen.de\\\/#website\",\"url\":\"https:\\\/\\\/vozolvapen.de\\\/\",\"name\":\"vozolvapen\",\"description\":\"vozolvapen\",\"publisher\":{\"@id\":\"https:\\\/\\\/vozolvapen.de\\\/#organization\"},\"potentialAction\":[{\"@type\":\"SearchAction\",\"target\":{\"@type\":\"EntryPoint\",\"urlTemplate\":\"https:\\\/\\\/vozolvapen.de\\\/?s={search_term_string}\"},\"query-input\":{\"@type\":\"PropertyValueSpecification\",\"valueRequired\":true,\"valueName\":\"search_term_string\"}}],\"inLanguage\":\"pl-PL\"},{\"@type\":\"Organization\",\"@id\":\"https:\\\/\\\/vozolvapen.de\\\/#organization\",\"name\":\"vozolvapen\",\"url\":\"https:\\\/\\\/vozolvapen.de\\\/\",\"logo\":{\"@type\":\"ImageObject\",\"inLanguage\":\"pl-PL\",\"@id\":\"https:\\\/\\\/vozolvapen.de\\\/#\\\/schema\\\/logo\\\/image\\\/\",\"url\":\"https:\\\/\\\/vozolvapen.de\\\/wp-content\\\/uploads\\\/2025\\\/12\\\/cropped-vozovapen-logo.webp\",\"contentUrl\":\"https:\\\/\\\/vozolvapen.de\\\/wp-content\\\/uploads\\\/2025\\\/12\\\/cropped-vozovapen-logo.webp\",\"width\":470,\"height\":110,\"caption\":\"vozolvapen\"},\"image\":{\"@id\":\"https:\\\/\\\/vozolvapen.de\\\/#\\\/schema\\\/logo\\\/image\\\/\"}}]}<\/script>\n<!-- \/ Yoast SEO Premium plugin. -->","yoast_head_json":{"title":"Bang Leader 80000 Puffs Tropical Paradise: Kiwi Passion, Lychee Ice, Mango Peach Pine - vozolvapen","description":"Zanurz si\u0119 w egzotyce z Puff 80k Bang Leader 80000! Zawiera Kiwi Passion, ch\u0142odny Lychee Ice i z\u0142o\u017cony Mango Peach Pine. Ogromna pojemno\u015b\u0107 Puff 80k i tropikalne smaki gwarantowane.","robots":{"index":"index","follow":"follow","max-snippet":"max-snippet:-1","max-image-preview":"max-image-preview:large","max-video-preview":"max-video-preview:-1"},"canonical":"https:\/\/vozolvapen.de\/pl\/product\/puff-80k-bang-leader-80000-kiwi-passion-lychee-ice-mango-peach-pine\/","og_locale":"pl_PL","og_type":"article","og_title":"Puff 80k Bang Leader 80000 - Kiwi Passion + Lychee Ice + Mango Peach Pine","og_description":"Dive into the exotic with the Puff 80k Bang Leader 80000! Features Kiwi Passion, cool Lychee Ice, and the complex Mango Peach Pine. Huge Puff 80k capacity and tropical flavors guaranteed.","og_url":"https:\/\/vozolvapen.de\/pl\/product\/puff-80k-bang-leader-80000-kiwi-passion-lychee-ice-mango-peach-pine\/","og_site_name":"vozolvapen","article_modified_time":"2026-02-10T12:35:03+00:00","og_image":[{"width":1200,"height":1200,"url":"https:\/\/vozolvapen.de\/wp-content\/uploads\/2025\/12\/Puff-80k-Bang-Leader-80000-kiwi-passion-lychee-ice-mango-peach-pine.jpg.webp","type":"image\/webp"}],"twitter_card":"summary_large_image","twitter_misc":{"Szacowany czas czytania":"2 minuty"},"schema":{"@context":"https:\/\/schema.org","@graph":[{"@type":"WebPage","@id":"https:\/\/vozolvapen.de\/product\/puff-80k-bang-leader-80000-kiwi-passion-lychee-ice-mango-peach-pine\/","url":"https:\/\/vozolvapen.de\/product\/puff-80k-bang-leader-80000-kiwi-passion-lychee-ice-mango-peach-pine\/","name":"Bang Leader 80000 Puffs Tropical Paradise: Kiwi Passion, Lychee Ice, Mango Peach Pine - vozolvapen","isPartOf":{"@id":"https:\/\/vozolvapen.de\/#website"},"primaryImageOfPage":{"@id":"https:\/\/vozolvapen.de\/product\/puff-80k-bang-leader-80000-kiwi-passion-lychee-ice-mango-peach-pine\/#primaryimage"},"image":{"@id":"https:\/\/vozolvapen.de\/product\/puff-80k-bang-leader-80000-kiwi-passion-lychee-ice-mango-peach-pine\/#primaryimage"},"thumbnailUrl":"https:\/\/vozolvapen.de\/wp-content\/uploads\/2025\/12\/Puff-80k-Bang-Leader-80000-kiwi-passion-lychee-ice-mango-peach-pine.jpg.webp","datePublished":"2025-12-06T08:54:09+00:00","dateModified":"2026-02-10T12:35:03+00:00","description":"Zanurz si\u0119 w egzotyce z Puff 80k Bang Leader 80000! Zawiera Kiwi Passion, ch\u0142odny Lychee Ice i z\u0142o\u017cony Mango Peach Pine. Ogromna pojemno\u015b\u0107 Puff 80k i tropikalne smaki gwarantowane.","breadcrumb":{"@id":"https:\/\/vozolvapen.de\/product\/puff-80k-bang-leader-80000-kiwi-passion-lychee-ice-mango-peach-pine\/#breadcrumb"},"inLanguage":"pl-PL","potentialAction":[{"@type":"ReadAction","target":["https:\/\/vozolvapen.de\/product\/puff-80k-bang-leader-80000-kiwi-passion-lychee-ice-mango-peach-pine\/"]}]},{"@type":"ImageObject","inLanguage":"pl-PL","@id":"https:\/\/vozolvapen.de\/product\/puff-80k-bang-leader-80000-kiwi-passion-lychee-ice-mango-peach-pine\/#primaryimage","url":"https:\/\/vozolvapen.de\/wp-content\/uploads\/2025\/12\/Puff-80k-Bang-Leader-80000-kiwi-passion-lychee-ice-mango-peach-pine.jpg.webp","contentUrl":"https:\/\/vozolvapen.de\/wp-content\/uploads\/2025\/12\/Puff-80k-Bang-Leader-80000-kiwi-passion-lychee-ice-mango-peach-pine.jpg.webp","width":1200,"height":1200,"caption":"Puff 80k Bang Leader 80000-kiwi-passion-lychee-ice-mango-peach-pine.jpg"},{"@type":"BreadcrumbList","@id":"https:\/\/vozolvapen.de\/product\/puff-80k-bang-leader-80000-kiwi-passion-lychee-ice-mango-peach-pine\/#breadcrumb","itemListElement":[{"@type":"ListItem","position":1,"name":"Home","item":"https:\/\/vozolvapen.de\/de\/"},{"@type":"ListItem","position":2,"name":"Shop","item":"https:\/\/vozolvapen.de\/shop\/"},{"@type":"ListItem","position":3,"name":"Puff 80k Bang Leader 80000 &#8211; Kiwi Passion + Lychee Ice + Mango Peach Pine"}]},{"@type":"WebSite","@id":"https:\/\/vozolvapen.de\/#website","url":"https:\/\/vozolvapen.de\/","name":"vozolvapen","description":"vozolvapen","publisher":{"@id":"https:\/\/vozolvapen.de\/#organization"},"potentialAction":[{"@type":"SearchAction","target":{"@type":"EntryPoint","urlTemplate":"https:\/\/vozolvapen.de\/?s={search_term_string}"},"query-input":{"@type":"PropertyValueSpecification","valueRequired":true,"valueName":"search_term_string"}}],"inLanguage":"pl-PL"},{"@type":"Organization","@id":"https:\/\/vozolvapen.de\/#organization","name":"vozolvapen","url":"https:\/\/vozolvapen.de\/","logo":{"@type":"ImageObject","inLanguage":"pl-PL","@id":"https:\/\/vozolvapen.de\/#\/schema\/logo\/image\/","url":"https:\/\/vozolvapen.de\/wp-content\/uploads\/2025\/12\/cropped-vozovapen-logo.webp","contentUrl":"https:\/\/vozolvapen.de\/wp-content\/uploads\/2025\/12\/cropped-vozovapen-logo.webp","width":470,"height":110,"caption":"vozolvapen"},"image":{"@id":"https:\/\/vozolvapen.de\/#\/schema\/logo\/image\/"}}]}},"tiered_pricing_type":"fixed","tiered_pricing_fixed_rules":{"30":"11.7","50":"9.7","100":"8.7","200":"8.2"},"tiered_pricing_product_settings":{"layout":"default","base_unit_name":{"singular":null,"plural":null},"default_variation":{}},"tiered_pricing_minimum_quantity":10,"tiered_pricing_roles_data":[],"tiered_pricing_percentage_rules":[],"tiered_pricing_maximum_quantity":null,"tiered_pricing_quantity_step":"10","_links":{"self":[{"href":"http:\/\/vozolvapen.de\/pl\/wp-json\/wp\/v2\/product\/7876","targetHints":{"allow":["GET"]}}],"collection":[{"href":"http:\/\/vozolvapen.de\/pl\/wp-json\/wp\/v2\/product"}],"about":[{"href":"http:\/\/vozolvapen.de\/pl\/wp-json\/wp\/v2\/types\/product"}],"replies":[{"embeddable":true,"href":"http:\/\/vozolvapen.de\/pl\/wp-json\/wp\/v2\/comments?post=7876"}],"wp:featuredmedia":[{"embeddable":true,"href":"http:\/\/vozolvapen.de\/pl\/wp-json\/wp\/v2\/media\/7889"}],"wp:attachment":[{"href":"http:\/\/vozolvapen.de\/pl\/wp-json\/wp\/v2\/media?parent=7876"}],"wp:term":[{"taxonomy":"product_brand","embeddable":true,"href":"http:\/\/vozolvapen.de\/pl\/wp-json\/wp\/v2\/product_brand?post=7876"},{"taxonomy":"product_cat","embeddable":true,"href":"http:\/\/vozolvapen.de\/pl\/wp-json\/wp\/v2\/product_cat?post=7876"},{"taxonomy":"product_tag","embeddable":true,"href":"http:\/\/vozolvapen.de\/pl\/wp-json\/wp\/v2\/product_tag?post=7876"}],"curies":[{"name":"wp","href":"https:\/\/api.w.org\/{rel}","templated":true}]}}