{"id":7907,"date":"2025-12-06T09:38:18","date_gmt":"2025-12-06T09:38:18","guid":{"rendered":"https:\/\/vozolvapen.de\/?post_type=product&#038;p=7907"},"modified":"2026-02-10T12:34:48","modified_gmt":"2026-02-10T12:34:48","slug":"puff-50k-bang-king-50000-blueberry-raspberry-mixed-berry","status":"publish","type":"product","link":"http:\/\/vozolvapen.de\/pl\/product\/puff-50k-bang-king-50000-blueberry-raspberry-mixed-berry\/","title":{"rendered":"Puff 50K Bang King 50000 - Blueberry Raspberry &amp; Mixed Berry"},"content":{"rendered":"<h1><b>Puff 50K Bang King 50000<\/b> Podw\u00f3jny smak: Blueberry Raspberry &amp; Mixed Berry<\/h1>\n<p>Ostateczny pakiet jag\u00f3d! To <b>Bang King 50000<\/b> duo oferuje idealn\u0105 s\u0142odko-cierpk\u0105 r\u00f3wnowag\u0119 z popularn\u0105 jagod\u0105 malinow\u0105 (Blue Razz) i bogat\u0105, g\u0142\u0119bok\u0105 kombinacj\u0105 r\u00f3\u017cnych mieszanych jag\u00f3d. Czysty, wyrazisty owocowy smak jest gwarantowany przez siatk\u0119 1,0\u03a9 na ca\u0142ej powierzchni. <b>Puff 50K<\/b> d\u0142ugo\u015b\u0107 \u017cycia.<\/p>\n<h2>Podw\u00f3jne doznania smakowe<\/h2>\n<p>To po\u0142\u0105czenie 2 w 1 dla <b>Bang King 50000<\/b> to czysta celebracja rodziny jag\u00f3d, skupiaj\u0105ca si\u0119 na naturalnej s\u0142odyczy i smaku:<\/p>\n<ul>\n<li><b>Blueberry Raspberry (smak 1):<\/b> Kwintesencja smaku \u201cBlue Razz\u201d - idealna harmonia s\u0142odkiej bor\u00f3wki i cierpkiej maliny.<\/li>\n<li><b>Mixed Berry (smak 2):<\/b> G\u0142\u0119bsza, bogatsza mieszanka r\u00f3\u017cnych le\u015bnych jag\u00f3d, oferuj\u0105ca z\u0142o\u017cony, soczysty i zaokr\u0105glony profil owocowy.<\/li>\n<\/ul>\n<h3>Kluczowe specyfikacje<\/h3>\n<ul>\n<li><b>Liczba zaci\u0105gni\u0119\u0107:<\/b> Do 50000 zaci\u0105gni\u0119\u0107<\/li>\n<li><b>Pojemno\u015b\u0107:<\/b> 50ML<\/li>\n<li><b>Bateria:<\/b> 850 mAh (akumulator)<\/li>\n<li><b>Nikotyna:<\/b> 0% \/ 2% \/ 3% \/ 5%<\/li>\n<\/ul>\n<h2><strong>Puff 50K Bang King 50000 <\/strong><strong>Wideo\uff1a<\/strong><\/h2>\n<p><iframe title=\"Puff 50K Bang King 50000\" src=\"https:\/\/player.vimeo.com\/video\/1151536640?badge=0&amp;autopause=0&amp;player_id=0&amp;app_id=58479\" width=\"400\" height=\"711\" frameborder=\"0\"><\/iframe><\/p>\n<h3 data-path-to-node=\"27\">Dla kogo przeznaczony jest ten smak?<\/h3>\n<p><b>Jagodowy purysta:<\/b> Idealny dla waper\u00f3w, kt\u00f3rzy trzymaj\u0105 si\u0119 wy\u0142\u0105cznie smak\u00f3w jagodowych i doceniaj\u0105 subtelne r\u00f3\u017cnice mi\u0119dzy mieszank\u0105 dw\u00f3ch owoc\u00f3w a kombinacj\u0105 wielu owoc\u00f3w.<\/p>\n<h3 dir=\"auto\">Oto dalsze zalecenia dla Ciebie:<\/h3>\n<p dir=\"auto\">Odkryj jeszcze wi\u0119cej niesamowitych smak\u00f3w dzi\u0119ki Puff 50K Bang King 50000 Vape!<\/p>\n<p dir=\"auto\"><a href=\"https:\/\/vozolvapen.de\/pl\/product-category\/bang-vape\/puff-50k-bang-king-50000-puffs-vape\/\" target=\"_blank\" rel=\"noopener noreferrer nofollow\">Zobacz wszystkie odmiany tutaj \u2192<\/a><\/p>\n<p dir=\"auto\">Zapoznaj si\u0119 z nasz\u0105 pe\u0142n\u0105 kolekcj\u0105 i kupuj produkty najlepszych marek vape, kt\u00f3re pokochasz.<\/p>\n<p dir=\"auto\"><a href=\"https:\/\/vozolvapen.de\/pl\/\" target=\"_blank\" rel=\"noopener noreferrer nofollow\">Przegl\u0105daj teraz wszystkie marki \u2192<\/a><\/p>\n<p dir=\"auto\">Sprawd\u017a ca\u0142\u0105 seri\u0119 Bang Vape - ka\u017cdy smak, ka\u017cdy styl!<\/p>\n<p dir=\"auto\"><a href=\"https:\/\/vozolvapen.de\/pl\/product-category\/bang-vape\/\" target=\"_blank\" rel=\"noopener noreferrer nofollow\">Zobacz pe\u0142n\u0105 kolekcj\u0119 Bang Vape \u2192<\/a><\/p>","protected":false},"excerpt":{"rendered":"<p><span data-path-to-node=\"2,5,2,0\">Czysta jagodowa dobro\u0107: pikantny Blue Razz obok g\u0142\u0119bokiej, z\u0142o\u017conej mieszanki jag\u00f3d. <b>Nieprzerwana intensywno\u015b\u0107 jag\u00f3d.<\/b><\/span><\/p>","protected":false},"featured_media":7920,"comment_status":"open","ping_status":"closed","template":"","meta":{"_acf_changed":false},"product_brand":[],"product_cat":[134,63],"product_tag":[],"class_list":{"0":"post-7907","1":"product","2":"type-product","3":"status-publish","4":"has-post-thumbnail","6":"product_cat-eu-warehouse-in-stock","7":"product_cat-puff-50k-bang-king-50000-puffs-vape","9":"first","10":"instock","11":"shipping-taxable","12":"purchasable","13":"product-type-variable"},"acf":[],"yoast_head":"<!-- This site is optimized with the Yoast SEO Premium plugin v26.1 (Yoast SEO v27.5) - https:\/\/yoast.com\/product\/yoast-seo-premium-wordpress\/ -->\n<title>Bang King 50000 Puffs: Ultimate Berry Mix (Blueberry Raspberry &amp; Mixed Berry) - vozolvapen<\/title>\n<meta name=\"description\" content=\"Dive into berry goodness! Puff 50K Bang King 50000 with the tangy Blueberry Raspberry and the complex sweetness of Mixed Berry. A pure berry blast over 50000 Puffs.\" \/>\n<meta name=\"robots\" content=\"index, follow, max-snippet:-1, max-image-preview:large, max-video-preview:-1\" \/>\n<link rel=\"canonical\" href=\"https:\/\/vozolvapen.de\/pl\/product\/puff-50k-bang-king-50000-blueberry-raspberry-mixed-berry\/\" \/>\n<meta property=\"og:locale\" content=\"pl_PL\" \/>\n<meta property=\"og:type\" content=\"article\" \/>\n<meta property=\"og:title\" content=\"Puff 50K Bang King 50000 - Blueberry Raspberry &amp; Mixed Berry\" \/>\n<meta property=\"og:description\" content=\"Dive into berry goodness! Puff 50K Bang King 50000 with the tangy Blueberry Raspberry and the complex sweetness of Mixed Berry. A pure berry blast over 50000 Puffs.\" \/>\n<meta property=\"og:url\" content=\"https:\/\/vozolvapen.de\/pl\/product\/puff-50k-bang-king-50000-blueberry-raspberry-mixed-berry\/\" \/>\n<meta property=\"og:site_name\" content=\"vozolvapen\" \/>\n<meta property=\"article:modified_time\" content=\"2026-02-10T12:34:48+00:00\" \/>\n<meta property=\"og:image\" content=\"https:\/\/vozolvapen.de\/wp-content\/uploads\/2025\/12\/Puff-50k-bang-king-50000-blueberry-raspberry-mixed-berry-.jpg.webp\" \/>\n\t<meta property=\"og:image:width\" content=\"1000\" \/>\n\t<meta property=\"og:image:height\" content=\"1000\" \/>\n\t<meta property=\"og:image:type\" content=\"image\/webp\" \/>\n<meta name=\"twitter:card\" content=\"summary_large_image\" \/>\n<meta name=\"twitter:label1\" content=\"Szacowany czas czytania\" \/>\n\t<meta name=\"twitter:data1\" content=\"2 minuty\" \/>\n<script type=\"application\/ld+json\" class=\"yoast-schema-graph\">{\"@context\":\"https:\\\/\\\/schema.org\",\"@graph\":[{\"@type\":\"WebPage\",\"@id\":\"https:\\\/\\\/vozolvapen.de\\\/product\\\/puff-50k-bang-king-50000-blueberry-raspberry-mixed-berry\\\/\",\"url\":\"https:\\\/\\\/vozolvapen.de\\\/product\\\/puff-50k-bang-king-50000-blueberry-raspberry-mixed-berry\\\/\",\"name\":\"Bang King 50000 Puffs: Ultimate Berry Mix (Blueberry Raspberry & Mixed Berry) - vozolvapen\",\"isPartOf\":{\"@id\":\"https:\\\/\\\/vozolvapen.de\\\/#website\"},\"primaryImageOfPage\":{\"@id\":\"https:\\\/\\\/vozolvapen.de\\\/product\\\/puff-50k-bang-king-50000-blueberry-raspberry-mixed-berry\\\/#primaryimage\"},\"image\":{\"@id\":\"https:\\\/\\\/vozolvapen.de\\\/product\\\/puff-50k-bang-king-50000-blueberry-raspberry-mixed-berry\\\/#primaryimage\"},\"thumbnailUrl\":\"https:\\\/\\\/vozolvapen.de\\\/wp-content\\\/uploads\\\/2025\\\/12\\\/Puff-50k-bang-king-50000-blueberry-raspberry-mixed-berry-.jpg.webp\",\"datePublished\":\"2025-12-06T09:38:18+00:00\",\"dateModified\":\"2026-02-10T12:34:48+00:00\",\"description\":\"Dive into berry goodness! Puff 50K Bang King 50000 with the tangy Blueberry Raspberry and the complex sweetness of Mixed Berry. A pure berry blast over 50000 Puffs.\",\"breadcrumb\":{\"@id\":\"https:\\\/\\\/vozolvapen.de\\\/product\\\/puff-50k-bang-king-50000-blueberry-raspberry-mixed-berry\\\/#breadcrumb\"},\"inLanguage\":\"pl-PL\",\"potentialAction\":[{\"@type\":\"ReadAction\",\"target\":[\"https:\\\/\\\/vozolvapen.de\\\/product\\\/puff-50k-bang-king-50000-blueberry-raspberry-mixed-berry\\\/\"]}]},{\"@type\":\"ImageObject\",\"inLanguage\":\"pl-PL\",\"@id\":\"https:\\\/\\\/vozolvapen.de\\\/product\\\/puff-50k-bang-king-50000-blueberry-raspberry-mixed-berry\\\/#primaryimage\",\"url\":\"https:\\\/\\\/vozolvapen.de\\\/wp-content\\\/uploads\\\/2025\\\/12\\\/Puff-50k-bang-king-50000-blueberry-raspberry-mixed-berry-.jpg.webp\",\"contentUrl\":\"https:\\\/\\\/vozolvapen.de\\\/wp-content\\\/uploads\\\/2025\\\/12\\\/Puff-50k-bang-king-50000-blueberry-raspberry-mixed-berry-.jpg.webp\",\"width\":1000,\"height\":1000,\"caption\":\"Puff 50k bang king 50000-blueberry-raspberry-mixed-berry-.jpg\"},{\"@type\":\"BreadcrumbList\",\"@id\":\"https:\\\/\\\/vozolvapen.de\\\/product\\\/puff-50k-bang-king-50000-blueberry-raspberry-mixed-berry\\\/#breadcrumb\",\"itemListElement\":[{\"@type\":\"ListItem\",\"position\":1,\"name\":\"Home\",\"item\":\"https:\\\/\\\/vozolvapen.de\\\/de\\\/\"},{\"@type\":\"ListItem\",\"position\":2,\"name\":\"Shop\",\"item\":\"https:\\\/\\\/vozolvapen.de\\\/shop\\\/\"},{\"@type\":\"ListItem\",\"position\":3,\"name\":\"Puff 50K Bang King 50000 &#8211; Blueberry Raspberry &#038; Mixed Berry\"}]},{\"@type\":\"WebSite\",\"@id\":\"https:\\\/\\\/vozolvapen.de\\\/#website\",\"url\":\"https:\\\/\\\/vozolvapen.de\\\/\",\"name\":\"vozolvapen\",\"description\":\"vozolvapen\",\"publisher\":{\"@id\":\"https:\\\/\\\/vozolvapen.de\\\/#organization\"},\"potentialAction\":[{\"@type\":\"SearchAction\",\"target\":{\"@type\":\"EntryPoint\",\"urlTemplate\":\"https:\\\/\\\/vozolvapen.de\\\/?s={search_term_string}\"},\"query-input\":{\"@type\":\"PropertyValueSpecification\",\"valueRequired\":true,\"valueName\":\"search_term_string\"}}],\"inLanguage\":\"pl-PL\"},{\"@type\":\"Organization\",\"@id\":\"https:\\\/\\\/vozolvapen.de\\\/#organization\",\"name\":\"vozolvapen\",\"url\":\"https:\\\/\\\/vozolvapen.de\\\/\",\"logo\":{\"@type\":\"ImageObject\",\"inLanguage\":\"pl-PL\",\"@id\":\"https:\\\/\\\/vozolvapen.de\\\/#\\\/schema\\\/logo\\\/image\\\/\",\"url\":\"https:\\\/\\\/vozolvapen.de\\\/wp-content\\\/uploads\\\/2025\\\/12\\\/cropped-vozovapen-logo.webp\",\"contentUrl\":\"https:\\\/\\\/vozolvapen.de\\\/wp-content\\\/uploads\\\/2025\\\/12\\\/cropped-vozovapen-logo.webp\",\"width\":470,\"height\":110,\"caption\":\"vozolvapen\"},\"image\":{\"@id\":\"https:\\\/\\\/vozolvapen.de\\\/#\\\/schema\\\/logo\\\/image\\\/\"}}]}<\/script>\n<!-- \/ Yoast SEO Premium plugin. -->","yoast_head_json":{"title":"Bang King 50000 Puffs: Ultimate Berry Mix (Blueberry Raspberry &amp; Mixed Berry) - vozolvapen","description":"Zanurz si\u0119 w jagodowej dobroci! Puff 50K Bang King 50000 z pikantn\u0105 jagodow\u0105 malin\u0105 i z\u0142o\u017con\u0105 s\u0142odycz\u0105 mieszanej jagody. Czysta jagodowa eksplozja ponad 50000 puff\u00f3w.","robots":{"index":"index","follow":"follow","max-snippet":"max-snippet:-1","max-image-preview":"max-image-preview:large","max-video-preview":"max-video-preview:-1"},"canonical":"https:\/\/vozolvapen.de\/pl\/product\/puff-50k-bang-king-50000-blueberry-raspberry-mixed-berry\/","og_locale":"pl_PL","og_type":"article","og_title":"Puff 50K Bang King 50000 - Blueberry Raspberry & Mixed Berry","og_description":"Dive into berry goodness! Puff 50K Bang King 50000 with the tangy Blueberry Raspberry and the complex sweetness of Mixed Berry. A pure berry blast over 50000 Puffs.","og_url":"https:\/\/vozolvapen.de\/pl\/product\/puff-50k-bang-king-50000-blueberry-raspberry-mixed-berry\/","og_site_name":"vozolvapen","article_modified_time":"2026-02-10T12:34:48+00:00","og_image":[{"width":1000,"height":1000,"url":"https:\/\/vozolvapen.de\/wp-content\/uploads\/2025\/12\/Puff-50k-bang-king-50000-blueberry-raspberry-mixed-berry-.jpg.webp","type":"image\/webp"}],"twitter_card":"summary_large_image","twitter_misc":{"Szacowany czas czytania":"2 minuty"},"schema":{"@context":"https:\/\/schema.org","@graph":[{"@type":"WebPage","@id":"https:\/\/vozolvapen.de\/product\/puff-50k-bang-king-50000-blueberry-raspberry-mixed-berry\/","url":"https:\/\/vozolvapen.de\/product\/puff-50k-bang-king-50000-blueberry-raspberry-mixed-berry\/","name":"Bang King 50000 Puffs: Ultimate Berry Mix (Blueberry Raspberry &amp; Mixed Berry) - vozolvapen","isPartOf":{"@id":"https:\/\/vozolvapen.de\/#website"},"primaryImageOfPage":{"@id":"https:\/\/vozolvapen.de\/product\/puff-50k-bang-king-50000-blueberry-raspberry-mixed-berry\/#primaryimage"},"image":{"@id":"https:\/\/vozolvapen.de\/product\/puff-50k-bang-king-50000-blueberry-raspberry-mixed-berry\/#primaryimage"},"thumbnailUrl":"https:\/\/vozolvapen.de\/wp-content\/uploads\/2025\/12\/Puff-50k-bang-king-50000-blueberry-raspberry-mixed-berry-.jpg.webp","datePublished":"2025-12-06T09:38:18+00:00","dateModified":"2026-02-10T12:34:48+00:00","description":"Zanurz si\u0119 w jagodowej dobroci! Puff 50K Bang King 50000 z pikantn\u0105 jagodow\u0105 malin\u0105 i z\u0142o\u017con\u0105 s\u0142odycz\u0105 mieszanej jagody. Czysta jagodowa eksplozja ponad 50000 puff\u00f3w.","breadcrumb":{"@id":"https:\/\/vozolvapen.de\/product\/puff-50k-bang-king-50000-blueberry-raspberry-mixed-berry\/#breadcrumb"},"inLanguage":"pl-PL","potentialAction":[{"@type":"ReadAction","target":["https:\/\/vozolvapen.de\/product\/puff-50k-bang-king-50000-blueberry-raspberry-mixed-berry\/"]}]},{"@type":"ImageObject","inLanguage":"pl-PL","@id":"https:\/\/vozolvapen.de\/product\/puff-50k-bang-king-50000-blueberry-raspberry-mixed-berry\/#primaryimage","url":"https:\/\/vozolvapen.de\/wp-content\/uploads\/2025\/12\/Puff-50k-bang-king-50000-blueberry-raspberry-mixed-berry-.jpg.webp","contentUrl":"https:\/\/vozolvapen.de\/wp-content\/uploads\/2025\/12\/Puff-50k-bang-king-50000-blueberry-raspberry-mixed-berry-.jpg.webp","width":1000,"height":1000,"caption":"Puff 50k bang king 50000-blueberry-raspberry-mixed-berry-.jpg"},{"@type":"BreadcrumbList","@id":"https:\/\/vozolvapen.de\/product\/puff-50k-bang-king-50000-blueberry-raspberry-mixed-berry\/#breadcrumb","itemListElement":[{"@type":"ListItem","position":1,"name":"Home","item":"https:\/\/vozolvapen.de\/de\/"},{"@type":"ListItem","position":2,"name":"Shop","item":"https:\/\/vozolvapen.de\/shop\/"},{"@type":"ListItem","position":3,"name":"Puff 50K Bang King 50000 &#8211; Blueberry Raspberry &#038; Mixed Berry"}]},{"@type":"WebSite","@id":"https:\/\/vozolvapen.de\/#website","url":"https:\/\/vozolvapen.de\/","name":"vozolvapen","description":"vozolvapen","publisher":{"@id":"https:\/\/vozolvapen.de\/#organization"},"potentialAction":[{"@type":"SearchAction","target":{"@type":"EntryPoint","urlTemplate":"https:\/\/vozolvapen.de\/?s={search_term_string}"},"query-input":{"@type":"PropertyValueSpecification","valueRequired":true,"valueName":"search_term_string"}}],"inLanguage":"pl-PL"},{"@type":"Organization","@id":"https:\/\/vozolvapen.de\/#organization","name":"vozolvapen","url":"https:\/\/vozolvapen.de\/","logo":{"@type":"ImageObject","inLanguage":"pl-PL","@id":"https:\/\/vozolvapen.de\/#\/schema\/logo\/image\/","url":"https:\/\/vozolvapen.de\/wp-content\/uploads\/2025\/12\/cropped-vozovapen-logo.webp","contentUrl":"https:\/\/vozolvapen.de\/wp-content\/uploads\/2025\/12\/cropped-vozovapen-logo.webp","width":470,"height":110,"caption":"vozolvapen"},"image":{"@id":"https:\/\/vozolvapen.de\/#\/schema\/logo\/image\/"}}]}},"tiered_pricing_type":"fixed","tiered_pricing_fixed_rules":{"30":"11.7","50":"9.7","100":"9.5","200":"8.9"},"tiered_pricing_product_settings":{"layout":"default","base_unit_name":{"singular":null,"plural":null},"default_variation":{}},"tiered_pricing_minimum_quantity":10,"tiered_pricing_roles_data":[],"tiered_pricing_percentage_rules":[],"tiered_pricing_maximum_quantity":null,"tiered_pricing_quantity_step":"10","_links":{"self":[{"href":"http:\/\/vozolvapen.de\/pl\/wp-json\/wp\/v2\/product\/7907","targetHints":{"allow":["GET"]}}],"collection":[{"href":"http:\/\/vozolvapen.de\/pl\/wp-json\/wp\/v2\/product"}],"about":[{"href":"http:\/\/vozolvapen.de\/pl\/wp-json\/wp\/v2\/types\/product"}],"replies":[{"embeddable":true,"href":"http:\/\/vozolvapen.de\/pl\/wp-json\/wp\/v2\/comments?post=7907"}],"wp:featuredmedia":[{"embeddable":true,"href":"http:\/\/vozolvapen.de\/pl\/wp-json\/wp\/v2\/media\/7920"}],"wp:attachment":[{"href":"http:\/\/vozolvapen.de\/pl\/wp-json\/wp\/v2\/media?parent=7907"}],"wp:term":[{"taxonomy":"product_brand","embeddable":true,"href":"http:\/\/vozolvapen.de\/pl\/wp-json\/wp\/v2\/product_brand?post=7907"},{"taxonomy":"product_cat","embeddable":true,"href":"http:\/\/vozolvapen.de\/pl\/wp-json\/wp\/v2\/product_cat?post=7907"},{"taxonomy":"product_tag","embeddable":true,"href":"http:\/\/vozolvapen.de\/pl\/wp-json\/wp\/v2\/product_tag?post=7907"}],"curies":[{"name":"wp","href":"https:\/\/api.w.org\/{rel}","templated":true}]}}