{"id":27379,"date":"2025-12-15T08:34:05","date_gmt":"2025-12-15T08:34:05","guid":{"rendered":"https:\/\/vozolvapen.de\/?post_type=product&#038;p=27379"},"modified":"2026-02-10T11:16:06","modified_gmt":"2026-02-10T11:16:06","slug":"fumot-randm-digitalbox-12000-black-ice","status":"publish","type":"product","link":"http:\/\/vozolvapen.de\/sv\/product\/fumot-randm-digital-box-12000-black-ice\/","title":{"rendered":"Fumot RandM digitalbox 12000 - svart is"},"content":{"rendered":"<h1 data-path-to-node=\"116\"><b>Fumot RandM digitalbox 12000 - svart is (12k Fumot)<\/b><\/h1>\n<p data-path-to-node=\"117\">Svart is i den <b>Fumot RandM Digital Box 12000 Puffs<\/b> \u00e4r ett dj\u00e4rvt val f\u00f6r den som \u00e4lskar kyla. Denna <b>Fumot digitalbox<\/b> ger en m\u00f6rk, intensiv smakprofil som drivs av en massiv <b>20ML Fumot v\u00e4tska<\/b> tank.<\/p>\n<h2 data-path-to-node=\"118\"><b>Smakprofil: M\u00f6rk &amp; isig<\/b><\/h2>\n<p data-path-to-node=\"119\">Black Ice kombinerar vanligtvis bj\u00f6rnb\u00e4r och svarta vinb\u00e4r med en stark mentolkick, ibland med en antydan till anis. Den \u00e4r djup, fyllig och extremt uppfriskande. Den <b>Fumot vape<\/b> displayen hj\u00e4lper dig att hantera dina vaping-sessioner.<\/p>\n<h2 data-path-to-node=\"120\"><b>Specifikationer f\u00f6r k\u00e4rnan: Fumot 12000 puffar<\/b><\/h2>\n<ul data-path-to-node=\"121\">\n<li>\n<p data-path-to-node=\"121,0,0\"><b>Modell:<\/b> <b>Fumot RandM digitalbox 12000<\/b><\/p>\n<\/li>\n<li>\n<p data-path-to-node=\"121,1,0\"><b>Puffar:<\/b> UP till <b>12000 puffar<\/b> (<b>12k Fumot<\/b>)<\/p>\n<\/li>\n<li>\n<p data-path-to-node=\"121,2,0\"><b>E-v\u00e4tska:<\/b> <b>20ML Fumot v\u00e4tska<\/b><\/p>\n<\/li>\n<li>\n<p data-path-to-node=\"121,3,0\"><b>Spole:<\/b> 1,0\u03a9 n\u00e4tspole<\/p>\n<\/li>\n<li>\n<p data-path-to-node=\"121,4,0\"><b>Display:<\/b> Display f\u00f6r batteri och ejuice<\/p>\n<\/li>\n<\/ul>\n<h2 data-path-to-node=\"29\"><b>Fumot 12000 Puffs Smakbed\u00f6mning -. <\/b><b style=\"font-size: 16px;\">Svart is<\/b><\/h2>\n<ul data-path-to-node=\"36\">\n<li>\n<p data-path-to-node=\"36,0,0\"><b>S\u00f6tma:<\/b> \u2605\u2605\u2605\u2606\u2606 (Deep Berry)<\/p>\n<\/li>\n<li>\n<p data-path-to-node=\"36,1,0\"><b>Isniv\u00e5:<\/b> \u2605\u2605\u2605\u2605\u2605 (Arktis)<\/p>\n<\/li>\n<li>\n<p data-path-to-node=\"36,2,0\"><b>Doft:<\/b> \u2605\u2605\u2605\u2605\u2606 (Svarta vinb\u00e4r\/Anis)<\/p>\n<\/li>\n<\/ul>\n<blockquote data-path-to-node=\"37\">\n<p data-path-to-node=\"37,0\"><b>Dom:<\/b> Intensiv och svalkande. En dj\u00e4rv blandning av m\u00f6rka b\u00e4r med en kraftfull mentolblast.<\/p>\n<\/blockquote>\n<h3 dir=\"auto\">H\u00e4r \u00e4r ytterligare rekommendationer f\u00f6r dig:<\/h3>\n<p dir=\"auto\">Uppt\u00e4ck \u00e4nnu fler otroliga smaker med Fumot RandM Digital Box 12000 Puff Vape!<\/p>\n<p dir=\"auto\"><a href=\"https:\/\/vozolvapen.de\/sv\/produktkategori\/fumot-vape\/fumot-randm-digitalbox-12000\/\" target=\"_blank\" rel=\"noopener noreferrer nofollow\">Se alla sorter h\u00e4r \u2192.<\/a><\/p>\n<p dir=\"auto\">Utforska hela v\u00e5r kollektion och k\u00f6p de b\u00e4sta vape-varum\u00e4rkena som du kommer att \u00e4lska.<\/p>\n<p dir=\"auto\"><a href=\"https:\/\/vozolvapen.de\/sv\/produktkategori\/fumot-vape\/\" target=\"_blank\" rel=\"noopener noreferrer nofollow\">Titta p\u00e5 alla varum\u00e4rken nu \u2192.<\/a><\/p>\n<p dir=\"auto\">Kolla in hela Fumot Vape-serien - varje smak, varje stil!<\/p>\n<p dir=\"auto\"><a href=\"https:\/\/vozolvapen.de\/sv\/produktkategori\/fumot-vape\/\" target=\"_blank\" rel=\"noopener noreferrer nofollow\">Se hela kollektionen fr\u00e5n Fumot Vape \u2192.<\/a><\/p>","protected":false},"excerpt":{"rendered":"<p>Dj\u00e4rv och intensiv. En m\u00f6rk blandning av bj\u00f6rnb\u00e4r och svarta vinb\u00e4r som avslutas med en kraftfull arktisk mentolbl\u00e5sning. Inget f\u00f6r den med svagt hj\u00e4rta.<\/p>","protected":false},"featured_media":28960,"comment_status":"open","ping_status":"closed","template":"","meta":{"_acf_changed":false},"product_brand":[],"product_cat":[134,62],"product_tag":[],"class_list":{"0":"post-27379","1":"product","2":"type-product","3":"status-publish","4":"has-post-thumbnail","6":"product_cat-eu-warehouse-in-stock","7":"product_cat-fumot-randm-digital-box-12000","9":"first","10":"instock","11":"shipping-taxable","12":"purchasable","13":"product-type-variable"},"acf":[],"yoast_head":"<!-- This site is optimized with the Yoast SEO Premium plugin v26.1 (Yoast SEO v27.5) - https:\/\/yoast.com\/product\/yoast-seo-premium-wordpress\/ -->\n<title>Black Ice \ud83c\udf47\ud83e\uddca - Fumot RandM Digital Box 12000 Puffs Disposable - vozolvapen<\/title>\n<meta name=\"description\" content=\"Get Black Ice Fumot 12000 Puffs. Dark berry menthol. 20ML Fumot liquid, Digital Display. Intense flavor in a 12k fumot device.\" \/>\n<meta name=\"robots\" content=\"index, follow, max-snippet:-1, max-image-preview:large, max-video-preview:-1\" \/>\n<link rel=\"canonical\" href=\"https:\/\/vozolvapen.de\/sv\/produkt\/fumot-randm-digitalbox-12000-black-ice\/\" \/>\n<meta property=\"og:locale\" content=\"sv_SE\" \/>\n<meta property=\"og:type\" content=\"article\" \/>\n<meta property=\"og:title\" content=\"Fumot RandM Digital Box 12000 - Black ice\" \/>\n<meta property=\"og:description\" content=\"Get Black Ice Fumot 12000 Puffs. Dark berry menthol. 20ML Fumot liquid, Digital Display. Intense flavor in a 12k fumot device.\" \/>\n<meta property=\"og:url\" content=\"https:\/\/vozolvapen.de\/sv\/produkt\/fumot-randm-digitalbox-12000-black-ice\/\" \/>\n<meta property=\"og:site_name\" content=\"vozolvapen\" \/>\n<meta property=\"article:modified_time\" content=\"2026-02-10T11:16:06+00:00\" \/>\n<meta property=\"og:image\" content=\"https:\/\/vozolvapen.de\/wp-content\/uploads\/2025\/12\/Fumot-RandM-Digital-Box-12000-flavors.webp\" \/>\n\t<meta property=\"og:image:width\" content=\"1200\" \/>\n\t<meta property=\"og:image:height\" content=\"769\" \/>\n\t<meta property=\"og:image:type\" content=\"image\/webp\" \/>\n<meta name=\"twitter:card\" content=\"summary_large_image\" \/>\n<meta name=\"twitter:label1\" content=\"Ber\u00e4knad l\u00e4stid\" \/>\n\t<meta name=\"twitter:data1\" content=\"2 minuter\" \/>\n<script type=\"application\/ld+json\" class=\"yoast-schema-graph\">{\"@context\":\"https:\\\/\\\/schema.org\",\"@graph\":[{\"@type\":\"WebPage\",\"@id\":\"https:\\\/\\\/vozolvapen.de\\\/product\\\/fumot-randm-digital-box-12000-black-ice\\\/\",\"url\":\"https:\\\/\\\/vozolvapen.de\\\/product\\\/fumot-randm-digital-box-12000-black-ice\\\/\",\"name\":\"Black Ice \ud83c\udf47\ud83e\uddca - Fumot RandM Digital Box 12000 Puffs Disposable - vozolvapen\",\"isPartOf\":{\"@id\":\"https:\\\/\\\/vozolvapen.de\\\/#website\"},\"primaryImageOfPage\":{\"@id\":\"https:\\\/\\\/vozolvapen.de\\\/product\\\/fumot-randm-digital-box-12000-black-ice\\\/#primaryimage\"},\"image\":{\"@id\":\"https:\\\/\\\/vozolvapen.de\\\/product\\\/fumot-randm-digital-box-12000-black-ice\\\/#primaryimage\"},\"thumbnailUrl\":\"https:\\\/\\\/vozolvapen.de\\\/wp-content\\\/uploads\\\/2025\\\/12\\\/Fumot-RandM-Digital-Box-12000-flavors.webp\",\"datePublished\":\"2025-12-15T08:34:05+00:00\",\"dateModified\":\"2026-02-10T11:16:06+00:00\",\"description\":\"Get Black Ice Fumot 12000 Puffs. Dark berry menthol. 20ML Fumot liquid, Digital Display. Intense flavor in a 12k fumot device.\",\"breadcrumb\":{\"@id\":\"https:\\\/\\\/vozolvapen.de\\\/product\\\/fumot-randm-digital-box-12000-black-ice\\\/#breadcrumb\"},\"inLanguage\":\"sv-SE\",\"potentialAction\":[{\"@type\":\"ReadAction\",\"target\":[\"https:\\\/\\\/vozolvapen.de\\\/product\\\/fumot-randm-digital-box-12000-black-ice\\\/\"]}]},{\"@type\":\"ImageObject\",\"inLanguage\":\"sv-SE\",\"@id\":\"https:\\\/\\\/vozolvapen.de\\\/product\\\/fumot-randm-digital-box-12000-black-ice\\\/#primaryimage\",\"url\":\"https:\\\/\\\/vozolvapen.de\\\/wp-content\\\/uploads\\\/2025\\\/12\\\/Fumot-RandM-Digital-Box-12000-flavors.webp\",\"contentUrl\":\"https:\\\/\\\/vozolvapen.de\\\/wp-content\\\/uploads\\\/2025\\\/12\\\/Fumot-RandM-Digital-Box-12000-flavors.webp\",\"width\":1200,\"height\":769,\"caption\":\"Fumot RandM Digital Box 12000 flavors\"},{\"@type\":\"BreadcrumbList\",\"@id\":\"https:\\\/\\\/vozolvapen.de\\\/product\\\/fumot-randm-digital-box-12000-black-ice\\\/#breadcrumb\",\"itemListElement\":[{\"@type\":\"ListItem\",\"position\":1,\"name\":\"Home\",\"item\":\"https:\\\/\\\/vozolvapen.de\\\/de\\\/\"},{\"@type\":\"ListItem\",\"position\":2,\"name\":\"Shop\",\"item\":\"https:\\\/\\\/vozolvapen.de\\\/shop\\\/\"},{\"@type\":\"ListItem\",\"position\":3,\"name\":\"Fumot RandM Digital Box 12000 &#8211; Black ice\"}]},{\"@type\":\"WebSite\",\"@id\":\"https:\\\/\\\/vozolvapen.de\\\/#website\",\"url\":\"https:\\\/\\\/vozolvapen.de\\\/\",\"name\":\"vozolvapen\",\"description\":\"vozolvapen\",\"publisher\":{\"@id\":\"https:\\\/\\\/vozolvapen.de\\\/#organization\"},\"potentialAction\":[{\"@type\":\"SearchAction\",\"target\":{\"@type\":\"EntryPoint\",\"urlTemplate\":\"https:\\\/\\\/vozolvapen.de\\\/?s={search_term_string}\"},\"query-input\":{\"@type\":\"PropertyValueSpecification\",\"valueRequired\":true,\"valueName\":\"search_term_string\"}}],\"inLanguage\":\"sv-SE\"},{\"@type\":\"Organization\",\"@id\":\"https:\\\/\\\/vozolvapen.de\\\/#organization\",\"name\":\"vozolvapen\",\"url\":\"https:\\\/\\\/vozolvapen.de\\\/\",\"logo\":{\"@type\":\"ImageObject\",\"inLanguage\":\"sv-SE\",\"@id\":\"https:\\\/\\\/vozolvapen.de\\\/#\\\/schema\\\/logo\\\/image\\\/\",\"url\":\"https:\\\/\\\/vozolvapen.de\\\/wp-content\\\/uploads\\\/2025\\\/12\\\/cropped-vozovapen-logo.webp\",\"contentUrl\":\"https:\\\/\\\/vozolvapen.de\\\/wp-content\\\/uploads\\\/2025\\\/12\\\/cropped-vozovapen-logo.webp\",\"width\":470,\"height\":110,\"caption\":\"vozolvapen\"},\"image\":{\"@id\":\"https:\\\/\\\/vozolvapen.de\\\/#\\\/schema\\\/logo\\\/image\\\/\"}}]}<\/script>\n<!-- \/ Yoast SEO Premium plugin. -->","yoast_head_json":{"title":"Black Ice \ud83c\udf47\ud83e\uddca - Fumot RandM Digital Box 12000 Puffs Eng\u00e5ngsbruk - vozolvapen","description":"Get Black Ice Fumot 12000 Puffs. M\u00f6rka b\u00e4r mentol. 20ML Fumot-v\u00e4tska, digital display. Intensiv smak i en 12k fumot-enhet.","robots":{"index":"index","follow":"follow","max-snippet":"max-snippet:-1","max-image-preview":"max-image-preview:large","max-video-preview":"max-video-preview:-1"},"canonical":"https:\/\/vozolvapen.de\/sv\/produkt\/fumot-randm-digitalbox-12000-black-ice\/","og_locale":"sv_SE","og_type":"article","og_title":"Fumot RandM Digital Box 12000 - Black ice","og_description":"Get Black Ice Fumot 12000 Puffs. Dark berry menthol. 20ML Fumot liquid, Digital Display. Intense flavor in a 12k fumot device.","og_url":"https:\/\/vozolvapen.de\/sv\/produkt\/fumot-randm-digitalbox-12000-black-ice\/","og_site_name":"vozolvapen","article_modified_time":"2026-02-10T11:16:06+00:00","og_image":[{"width":1200,"height":769,"url":"https:\/\/vozolvapen.de\/wp-content\/uploads\/2025\/12\/Fumot-RandM-Digital-Box-12000-flavors.webp","type":"image\/webp"}],"twitter_card":"summary_large_image","twitter_misc":{"Ber\u00e4knad l\u00e4stid":"2 minuter"},"schema":{"@context":"https:\/\/schema.org","@graph":[{"@type":"WebPage","@id":"https:\/\/vozolvapen.de\/product\/fumot-randm-digital-box-12000-black-ice\/","url":"https:\/\/vozolvapen.de\/product\/fumot-randm-digital-box-12000-black-ice\/","name":"Black Ice \ud83c\udf47\ud83e\uddca - Fumot RandM Digital Box 12000 Puffs Eng\u00e5ngsbruk - vozolvapen","isPartOf":{"@id":"https:\/\/vozolvapen.de\/#website"},"primaryImageOfPage":{"@id":"https:\/\/vozolvapen.de\/product\/fumot-randm-digital-box-12000-black-ice\/#primaryimage"},"image":{"@id":"https:\/\/vozolvapen.de\/product\/fumot-randm-digital-box-12000-black-ice\/#primaryimage"},"thumbnailUrl":"https:\/\/vozolvapen.de\/wp-content\/uploads\/2025\/12\/Fumot-RandM-Digital-Box-12000-flavors.webp","datePublished":"2025-12-15T08:34:05+00:00","dateModified":"2026-02-10T11:16:06+00:00","description":"Get Black Ice Fumot 12000 Puffs. M\u00f6rka b\u00e4r mentol. 20ML Fumot-v\u00e4tska, digital display. Intensiv smak i en 12k fumot-enhet.","breadcrumb":{"@id":"https:\/\/vozolvapen.de\/product\/fumot-randm-digital-box-12000-black-ice\/#breadcrumb"},"inLanguage":"sv-SE","potentialAction":[{"@type":"ReadAction","target":["https:\/\/vozolvapen.de\/product\/fumot-randm-digital-box-12000-black-ice\/"]}]},{"@type":"ImageObject","inLanguage":"sv-SE","@id":"https:\/\/vozolvapen.de\/product\/fumot-randm-digital-box-12000-black-ice\/#primaryimage","url":"https:\/\/vozolvapen.de\/wp-content\/uploads\/2025\/12\/Fumot-RandM-Digital-Box-12000-flavors.webp","contentUrl":"https:\/\/vozolvapen.de\/wp-content\/uploads\/2025\/12\/Fumot-RandM-Digital-Box-12000-flavors.webp","width":1200,"height":769,"caption":"Fumot RandM Digital Box 12000 flavors"},{"@type":"BreadcrumbList","@id":"https:\/\/vozolvapen.de\/product\/fumot-randm-digital-box-12000-black-ice\/#breadcrumb","itemListElement":[{"@type":"ListItem","position":1,"name":"Home","item":"https:\/\/vozolvapen.de\/de\/"},{"@type":"ListItem","position":2,"name":"Shop","item":"https:\/\/vozolvapen.de\/shop\/"},{"@type":"ListItem","position":3,"name":"Fumot RandM Digital Box 12000 &#8211; Black ice"}]},{"@type":"WebSite","@id":"https:\/\/vozolvapen.de\/#website","url":"https:\/\/vozolvapen.de\/","name":"vozolvapen","description":"vozolvapen","publisher":{"@id":"https:\/\/vozolvapen.de\/#organization"},"potentialAction":[{"@type":"SearchAction","target":{"@type":"EntryPoint","urlTemplate":"https:\/\/vozolvapen.de\/?s={search_term_string}"},"query-input":{"@type":"PropertyValueSpecification","valueRequired":true,"valueName":"search_term_string"}}],"inLanguage":"sv-SE"},{"@type":"Organization","@id":"https:\/\/vozolvapen.de\/#organization","name":"vozolvapen","url":"https:\/\/vozolvapen.de\/","logo":{"@type":"ImageObject","inLanguage":"sv-SE","@id":"https:\/\/vozolvapen.de\/#\/schema\/logo\/image\/","url":"https:\/\/vozolvapen.de\/wp-content\/uploads\/2025\/12\/cropped-vozovapen-logo.webp","contentUrl":"https:\/\/vozolvapen.de\/wp-content\/uploads\/2025\/12\/cropped-vozovapen-logo.webp","width":470,"height":110,"caption":"vozolvapen"},"image":{"@id":"https:\/\/vozolvapen.de\/#\/schema\/logo\/image\/"}}]}},"tiered_pricing_type":"fixed","tiered_pricing_fixed_rules":{"30":"12.4","50":"9.4","100":"8.4","200":"7.9"},"tiered_pricing_product_settings":{"layout":"default","base_unit_name":{"singular":null,"plural":null},"default_variation":{}},"tiered_pricing_minimum_quantity":10,"tiered_pricing_roles_data":[],"tiered_pricing_percentage_rules":[],"tiered_pricing_maximum_quantity":null,"tiered_pricing_quantity_step":"10","_links":{"self":[{"href":"http:\/\/vozolvapen.de\/sv\/wp-json\/wp\/v2\/product\/27379","targetHints":{"allow":["GET"]}}],"collection":[{"href":"http:\/\/vozolvapen.de\/sv\/wp-json\/wp\/v2\/product"}],"about":[{"href":"http:\/\/vozolvapen.de\/sv\/wp-json\/wp\/v2\/types\/product"}],"replies":[{"embeddable":true,"href":"http:\/\/vozolvapen.de\/sv\/wp-json\/wp\/v2\/comments?post=27379"}],"wp:featuredmedia":[{"embeddable":true,"href":"http:\/\/vozolvapen.de\/sv\/wp-json\/wp\/v2\/media\/28960"}],"wp:attachment":[{"href":"http:\/\/vozolvapen.de\/sv\/wp-json\/wp\/v2\/media?parent=27379"}],"wp:term":[{"taxonomy":"product_brand","embeddable":true,"href":"http:\/\/vozolvapen.de\/sv\/wp-json\/wp\/v2\/product_brand?post=27379"},{"taxonomy":"product_cat","embeddable":true,"href":"http:\/\/vozolvapen.de\/sv\/wp-json\/wp\/v2\/product_cat?post=27379"},{"taxonomy":"product_tag","embeddable":true,"href":"http:\/\/vozolvapen.de\/sv\/wp-json\/wp\/v2\/product_tag?post=27379"}],"curies":[{"name":"wp","href":"https:\/\/api.w.org\/{rel}","templated":true}]}}