{"id":7204,"date":"2025-12-02T07:01:30","date_gmt":"2025-12-02T07:01:30","guid":{"rendered":"https:\/\/vozolvapen.de\/?page_id=7204"},"modified":"2025-12-02T07:02:11","modified_gmt":"2025-12-02T07:02:11","slug":"versand-und-sendungsverfolgung","status":"publish","type":"page","link":"https:\/\/vozolvapen.de\/de\/shipping-and-tracking\/","title":{"rendered":"Versand und Sendungsverfolgung"},"content":{"rendered":"<h3 class=\"wp-block-heading\"><strong>Weltweiter Versand<\/strong><\/h3>\n\n\n\n<p>Wir bieten <strong>Schneller und zuverl\u00e4ssiger Versand weltweit<\/strong>, das Europa, Nordamerika und dar\u00fcber hinaus umfasst, darunter die USA, Gro\u00dfbritannien, Deutschland, Frankreich, Italien, Spanien, die Niederlande, Belgien, Portugal, Schweden, Polen und weitere L\u00e4nder.<\/p>\n\n\n\n<ul class=\"wp-block-list\">\n<li><strong>Aus dem EU-Lager:<\/strong> 1\u20133 Werktage<\/li>\n\n\n\n<li><strong>Aus dem Lager in China:<\/strong> 10\u201315 Werktage<\/li>\n<\/ul>\n\n\n\n<p>Alle Bestellungen verwenden <strong>DDP (geliefert verzollt)<\/strong> Versand, Bedeutung <strong>Keine zus\u00e4tzlichen Zollgeb\u00fchren oder Einfuhrsteuern<\/strong>.<\/p>\n\n\n\n<hr class=\"wp-block-separator has-alpha-channel-opacity\"\/>\n\n\n\n<h3 class=\"wp-block-heading\"><strong>Bestellverfolgung<\/strong><\/h3>\n\n\n\n<p>Sobald Ihre Bestellung versandt wurde, erhalten Sie eine <strong>Sendungsnummer per E-Mail oder Nachricht<\/strong>. Verwenden Sie diese Nummer, um Ihre Sendung direkt auf der Website des Kurierdienstes zu verfolgen.<\/p>\n\n\n\n<p><strong>Bitte beachten Sie:<\/strong> Die Aktualisierung der Sendungsverfolgung kann nach dem Versand 1\u20132 Werktage dauern.<\/p>\n\n\n\n<p>Wenn Sie Probleme mit der Nachverfolgung haben, wenden Sie sich bitte an unseren <strong>Kundendienstteam<\/strong> per E-Mail oder WhatsApp \u2013 wir helfen Ihnen gerne weiter.<\/p>\n\n\n\n<hr class=\"wp-block-separator has-alpha-channel-opacity\"\/>\n\n\n\n<h3 class=\"wp-block-heading\"><strong>Mehrere Pakete<\/strong><\/h3>\n\n\n\n<p>Wann immer m\u00f6glich, versenden wir alle Artikel in <strong>ein Paket<\/strong> f\u00fcr eine schnellere Lieferung.<br>Wenn Ihre Bestellung Produkte aus <strong>verschiedene Lagerh\u00e4user<\/strong>, k\u00f6nnen sie separat ankommen, jeweils mit einer eigenen Sendungsverfolgungsnummer.<\/p>\n\n\n\n<hr class=\"wp-block-separator has-alpha-channel-opacity\"\/>\n\n\n\n<h3 class=\"wp-block-heading\"><strong>Ben\u00f6tigen Sie Hilfe?<\/strong><\/h3>\n\n\n\n<p>Bei Fragen zum Versand oder zur Sendungsverfolgung kontaktieren Sie uns bitte unter:<\/p>\n\n\n\n<ul class=\"wp-block-list\">\n<li><strong>E-Mail:<\/strong> <a>support@vozolvapen.com<\/a><\/li>\n\n\n\n<li><strong>WhatsApp:<\/strong> +86 18024174651<\/li>\n<\/ul>\n\n\n\n<p><\/p>","protected":false},"excerpt":{"rendered":"<p>Worldwide Shipping We offer fast and reliable shipping worldwide, covering Europe, North America, and beyond, including the US, UK, Germany, France, Italy, Spain, Netherlands, Belgium, Portugal, Sweden, Poland, and more. All orders use DDP (Delivered Duty Paid) shipping, meaning no extra customs fees or import taxes. Order Tracking Once your order has been shipped, you\u2019ll [&hellip;]<\/p>\n","protected":false},"author":1,"featured_media":0,"parent":0,"menu_order":0,"comment_status":"closed","ping_status":"closed","template":"","meta":{"_acf_changed":false,"footnotes":""},"class_list":["post-7204","page","type-page","status-publish","hentry"],"acf":[],"yoast_head":"<!-- This site is optimized with the Yoast SEO Premium plugin v26.1 (Yoast SEO v27.5) - https:\/\/yoast.com\/product\/yoast-seo-premium-wordpress\/ -->\n<title>Shipping and Tracking - vozolvapen<\/title>\n<meta name=\"robots\" content=\"index, follow, max-snippet:-1, max-image-preview:large, max-video-preview:-1\" \/>\n<link rel=\"canonical\" href=\"https:\/\/vozolvapen.de\/de\/versand-und-sendungsverfolgung\/\" \/>\n<meta property=\"og:locale\" content=\"de_DE\" \/>\n<meta property=\"og:type\" content=\"article\" \/>\n<meta property=\"og:title\" content=\"Shipping and Tracking\" \/>\n<meta property=\"og:description\" content=\"Worldwide Shipping We offer fast and reliable shipping worldwide, covering Europe, North America, and beyond, including the US, UK, Germany, France, Italy, Spain, Netherlands, Belgium, Portugal, Sweden, Poland, and more. All orders use DDP (Delivered Duty Paid) shipping, meaning no extra customs fees or import taxes. Order Tracking Once your order has been shipped, you\u2019ll [&hellip;]\" \/>\n<meta property=\"og:url\" content=\"https:\/\/vozolvapen.de\/de\/versand-und-sendungsverfolgung\/\" \/>\n<meta property=\"og:site_name\" content=\"vozolvapen\" \/>\n<meta property=\"article:modified_time\" content=\"2025-12-02T07:02:11+00:00\" \/>\n<meta name=\"twitter:card\" content=\"summary_large_image\" \/>\n<meta name=\"twitter:label1\" content=\"Gesch\u00e4tzte Lesezeit\" \/>\n\t<meta name=\"twitter:data1\" content=\"1\u00a0Minute\" \/>\n<script type=\"application\/ld+json\" class=\"yoast-schema-graph\">{\"@context\":\"https:\\\/\\\/schema.org\",\"@graph\":[{\"@type\":\"WebPage\",\"@id\":\"https:\\\/\\\/vozolvapen.de\\\/shipping-and-tracking\\\/\",\"url\":\"https:\\\/\\\/vozolvapen.de\\\/shipping-and-tracking\\\/\",\"name\":\"Shipping and Tracking - vozolvapen\",\"isPartOf\":{\"@id\":\"https:\\\/\\\/vozolvapen.de\\\/#website\"},\"datePublished\":\"2025-12-02T07:01:30+00:00\",\"dateModified\":\"2025-12-02T07:02:11+00:00\",\"breadcrumb\":{\"@id\":\"https:\\\/\\\/vozolvapen.de\\\/shipping-and-tracking\\\/#breadcrumb\"},\"inLanguage\":\"de\",\"potentialAction\":[{\"@type\":\"ReadAction\",\"target\":[\"https:\\\/\\\/vozolvapen.de\\\/shipping-and-tracking\\\/\"]}]},{\"@type\":\"BreadcrumbList\",\"@id\":\"https:\\\/\\\/vozolvapen.de\\\/shipping-and-tracking\\\/#breadcrumb\",\"itemListElement\":[{\"@type\":\"ListItem\",\"position\":1,\"name\":\"Home\",\"item\":\"https:\\\/\\\/vozolvapen.de\\\/de\\\/\"},{\"@type\":\"ListItem\",\"position\":2,\"name\":\"Shipping and Tracking\"}]},{\"@type\":\"WebSite\",\"@id\":\"https:\\\/\\\/vozolvapen.de\\\/#website\",\"url\":\"https:\\\/\\\/vozolvapen.de\\\/\",\"name\":\"vozolvapen\",\"description\":\"vozolvapen\",\"publisher\":{\"@id\":\"https:\\\/\\\/vozolvapen.de\\\/#organization\"},\"potentialAction\":[{\"@type\":\"SearchAction\",\"target\":{\"@type\":\"EntryPoint\",\"urlTemplate\":\"https:\\\/\\\/vozolvapen.de\\\/?s={search_term_string}\"},\"query-input\":{\"@type\":\"PropertyValueSpecification\",\"valueRequired\":true,\"valueName\":\"search_term_string\"}}],\"inLanguage\":\"de\"},{\"@type\":\"Organization\",\"@id\":\"https:\\\/\\\/vozolvapen.de\\\/#organization\",\"name\":\"vozolvapen\",\"url\":\"https:\\\/\\\/vozolvapen.de\\\/\",\"logo\":{\"@type\":\"ImageObject\",\"inLanguage\":\"de\",\"@id\":\"https:\\\/\\\/vozolvapen.de\\\/#\\\/schema\\\/logo\\\/image\\\/\",\"url\":\"https:\\\/\\\/vozolvapen.de\\\/wp-content\\\/uploads\\\/2025\\\/12\\\/cropped-vozovapen-logo.webp\",\"contentUrl\":\"https:\\\/\\\/vozolvapen.de\\\/wp-content\\\/uploads\\\/2025\\\/12\\\/cropped-vozovapen-logo.webp\",\"width\":470,\"height\":110,\"caption\":\"vozolvapen\"},\"image\":{\"@id\":\"https:\\\/\\\/vozolvapen.de\\\/#\\\/schema\\\/logo\\\/image\\\/\"}}]}<\/script>\n<!-- \/ Yoast SEO Premium plugin. -->","yoast_head_json":{"title":"Versand und Sendungsverfolgung \u2013 vozolvapen","robots":{"index":"index","follow":"follow","max-snippet":"max-snippet:-1","max-image-preview":"max-image-preview:large","max-video-preview":"max-video-preview:-1"},"canonical":"https:\/\/vozolvapen.de\/de\/versand-und-sendungsverfolgung\/","og_locale":"de_DE","og_type":"article","og_title":"Shipping and Tracking","og_description":"Worldwide Shipping We offer fast and reliable shipping worldwide, covering Europe, North America, and beyond, including the US, UK, Germany, France, Italy, Spain, Netherlands, Belgium, Portugal, Sweden, Poland, and more. All orders use DDP (Delivered Duty Paid) shipping, meaning no extra customs fees or import taxes. Order Tracking Once your order has been shipped, you\u2019ll [&hellip;]","og_url":"https:\/\/vozolvapen.de\/de\/versand-und-sendungsverfolgung\/","og_site_name":"vozolvapen","article_modified_time":"2025-12-02T07:02:11+00:00","twitter_card":"summary_large_image","twitter_misc":{"Gesch\u00e4tzte Lesezeit":"1\u00a0Minute"},"schema":{"@context":"https:\/\/schema.org","@graph":[{"@type":"WebPage","@id":"https:\/\/vozolvapen.de\/shipping-and-tracking\/","url":"https:\/\/vozolvapen.de\/shipping-and-tracking\/","name":"Versand und Sendungsverfolgung \u2013 vozolvapen","isPartOf":{"@id":"https:\/\/vozolvapen.de\/#website"},"datePublished":"2025-12-02T07:01:30+00:00","dateModified":"2025-12-02T07:02:11+00:00","breadcrumb":{"@id":"https:\/\/vozolvapen.de\/shipping-and-tracking\/#breadcrumb"},"inLanguage":"de","potentialAction":[{"@type":"ReadAction","target":["https:\/\/vozolvapen.de\/shipping-and-tracking\/"]}]},{"@type":"BreadcrumbList","@id":"https:\/\/vozolvapen.de\/shipping-and-tracking\/#breadcrumb","itemListElement":[{"@type":"ListItem","position":1,"name":"Home","item":"https:\/\/vozolvapen.de\/de\/"},{"@type":"ListItem","position":2,"name":"Shipping and Tracking"}]},{"@type":"WebSite","@id":"https:\/\/vozolvapen.de\/#website","url":"https:\/\/vozolvapen.de\/","name":"Vozolvapen","description":"Vozolvapen","publisher":{"@id":"https:\/\/vozolvapen.de\/#organization"},"potentialAction":[{"@type":"SearchAction","target":{"@type":"EntryPoint","urlTemplate":"https:\/\/vozolvapen.de\/?s={search_term_string}"},"query-input":{"@type":"PropertyValueSpecification","valueRequired":true,"valueName":"search_term_string"}}],"inLanguage":"de"},{"@type":"Organization","@id":"https:\/\/vozolvapen.de\/#organization","name":"Vozolvapen","url":"https:\/\/vozolvapen.de\/","logo":{"@type":"ImageObject","inLanguage":"de","@id":"https:\/\/vozolvapen.de\/#\/schema\/logo\/image\/","url":"https:\/\/vozolvapen.de\/wp-content\/uploads\/2025\/12\/cropped-vozovapen-logo.webp","contentUrl":"https:\/\/vozolvapen.de\/wp-content\/uploads\/2025\/12\/cropped-vozovapen-logo.webp","width":470,"height":110,"caption":"vozolvapen"},"image":{"@id":"https:\/\/vozolvapen.de\/#\/schema\/logo\/image\/"}}]}},"_links":{"self":[{"href":"https:\/\/vozolvapen.de\/de\/wp-json\/wp\/v2\/pages\/7204","targetHints":{"allow":["GET"]}}],"collection":[{"href":"https:\/\/vozolvapen.de\/de\/wp-json\/wp\/v2\/pages"}],"about":[{"href":"https:\/\/vozolvapen.de\/de\/wp-json\/wp\/v2\/types\/page"}],"author":[{"embeddable":true,"href":"https:\/\/vozolvapen.de\/de\/wp-json\/wp\/v2\/users\/1"}],"replies":[{"embeddable":true,"href":"https:\/\/vozolvapen.de\/de\/wp-json\/wp\/v2\/comments?post=7204"}],"version-history":[{"count":2,"href":"https:\/\/vozolvapen.de\/de\/wp-json\/wp\/v2\/pages\/7204\/revisions"}],"predecessor-version":[{"id":7208,"href":"https:\/\/vozolvapen.de\/de\/wp-json\/wp\/v2\/pages\/7204\/revisions\/7208"}],"wp:attachment":[{"href":"https:\/\/vozolvapen.de\/de\/wp-json\/wp\/v2\/media?parent=7204"}],"curies":[{"name":"wp","href":"https:\/\/api.w.org\/{rel}","templated":true}]}}