{"id":40404,"date":"2025-12-22T09:29:34","date_gmt":"2025-12-22T09:29:34","guid":{"rendered":"https:\/\/vozolvapen.de\/?post_type=product&#038;p=40404"},"modified":"2026-02-10T11:02:01","modified_gmt":"2026-02-10T11:02:01","slug":"al-fakher-15000-eis-adjust-magic-love","status":"publish","type":"product","link":"https:\/\/vozolvapen.de\/de\/product\/al-fakher-15000-ice-adjust-magic-love\/","title":{"rendered":"Al Fakher 15000 Ice Adjust \u2013 Magische Liebe"},"content":{"rendered":"<h1>Al Fakher 15000 Ice Adjust \u2013 Magische Liebe<\/h1>\n<p data-path-to-node=\"52\">Exotisch, blumig und geheimnisvoll. <b data-path-to-node=\"52\" data-index-in-node=\"32\"><span class=\"citation-24\">Magische Liebe<\/span><\/b><span class=\"citation-24 citation-end-24\"> ist eine charakteristische Al Fakher-Mischung mit Passionsfrucht, Honigmelone und einem Hauch von Gew\u00fcrzen.<\/span> Es ist ein raffiniertes Profil, das mit jedem Zug neue Noten offenbart.<\/p>\n<h2 data-path-to-node=\"53\"><b data-path-to-node=\"53\" data-index-in-node=\"0\">Geschmacksbewertungen \u2013 Magische Liebe<\/b><\/h2>\n<ul data-path-to-node=\"54\">\n<li>\n<p data-path-to-node=\"54,0,0\"><b data-path-to-node=\"54,0,0\" data-index-in-node=\"0\">S\u00fc\u00dfe:<\/b> \u2605\u2605\u2605\u2605\u2606<\/p>\n<\/li>\n<li>\n<p data-path-to-node=\"54,1,0\"><b data-path-to-node=\"54,1,0\" data-index-in-node=\"0\">Eisniveau:<\/b> \u2605\u2605\u2605\u2606\u2606 (Einstellbar)<\/p>\n<\/li>\n<li>\n<p data-path-to-node=\"54,2,0\"><b data-path-to-node=\"54,2,0\" data-index-in-node=\"0\">Aroma:<\/b> \u2605\u2605\u2605\u2605\u2605+<\/p>\n<\/li>\n<li>\n<p data-path-to-node=\"54,3,0\"><b data-path-to-node=\"54,3,0\" data-index-in-node=\"0\">Geschmacksurteil:<\/b> Bezaubernd und einzigartig. Dies ist ein \u201cDuft\u201d-Vape \u2013 das Aroma ist genauso wichtig wie der Geschmack.<\/p>\n<\/li>\n<\/ul>\n<h2 data-path-to-node=\"55\"><b data-path-to-node=\"55\" data-index-in-node=\"0\">F\u00fcr wen ist das gedacht?<\/b><\/h2>\n<ul data-path-to-node=\"56\">\n<li>\n<p data-path-to-node=\"56,0,0\"><b data-path-to-node=\"56,0,0\" data-index-in-node=\"0\">Der Kenner:<\/b> F\u00fcr diejenigen, die komplexe, vielschichtige Profile sch\u00e4tzen.<\/p>\n<\/li>\n<li>\n<p data-path-to-node=\"56,1,0\"><b data-path-to-node=\"56,1,0\" data-index-in-node=\"0\">Duftende Vaper:<\/b> Wenn Sie blumige oder w\u00fcrzige Shisha m\u00f6gen, ist dies die richtige Wahl f\u00fcr Sie.<\/p>\n<\/li>\n<li>\n<p data-path-to-node=\"56,2,0\"><b data-path-to-node=\"56,2,0\" data-index-in-node=\"0\">Der Abwechslungsliebhaber:<\/b> Ein Geschmack, der sich von herk\u00f6mmlichen Fruchtmischungen abhebt.<\/p>\n<\/li>\n<\/ul>\n<h3 data-path-to-node=\"95\">Technische Daten \u2013 AL Fakher 15000 Ice Adjust<\/h3>\n<ul>\n<li data-path-to-node=\"96,0,0\"><b data-path-to-node=\"96,0,0\" data-index-in-node=\"0\">Kapazit\u00e4t:<\/b> 22 ml vorgef\u00fclltes E-Liquid<\/li>\n<li data-path-to-node=\"96,1,0\"><b data-path-to-node=\"96,1,0\" data-index-in-node=\"0\">Puffs:<\/b> Bis zu 15.000<\/li>\n<li data-path-to-node=\"96,2,0\"><b data-path-to-node=\"96,2,0\" data-index-in-node=\"0\">Batterie:<\/b> 850 mAh (aufladbar, Typ C)<\/li>\n<li data-path-to-node=\"96,3,0\"><b data-path-to-node=\"96,3,0\" data-index-in-node=\"0\">Anzeige:<\/b> Digitaler Smart-Bildschirm (Fl\u00fcssigkeits- und Batterieanzeigen)<\/li>\n<li data-path-to-node=\"96,4,0\"><b data-path-to-node=\"96,4,0\" data-index-in-node=\"0\">Eigenschaften:<\/b> <b data-path-to-node=\"96,4,0\" data-index-in-node=\"10\">Eis-Einstellschieber<\/b> &amp; Tasten zum Einstellen von T\u00f6nen<\/li>\n<li data-path-to-node=\"96,5,0\"><b data-path-to-node=\"96,5,0\" data-index-in-node=\"0\">Spule:<\/b> 0,65 Ohm Dual Mesh (DTL-optimiert)<\/li>\n<li data-path-to-node=\"96,6,0\"><b data-path-to-node=\"96,6,0\" data-index-in-node=\"0\">Nikotin:<\/b> 0,51 TP3T (5 mg\/ml) Shisha-Stil mit niedrigem Nikotingehalt<\/li>\n<li data-path-to-node=\"96,7,0\"><b data-path-to-node=\"96,7,0\" data-index-in-node=\"0\">Versand:<\/b> Europ\u00e4isches Lager (1\u20133 Tage)<\/li>\n<\/ul>\n<h3 data-path-to-node=\"97\">F\u00fcr wen ist der Al Fakher 15000 Ice Adjust geeignet?<\/h3>\n<ul>\n<li data-path-to-node=\"98,0,0\"><b data-path-to-node=\"98,0,0\" data-index-in-node=\"0\">Der Kontrollfreak:<\/b> Wenn Sie genau bestimmen m\u00f6chten, wie kalt Ihr Vape bei jedem Zug ist, dann ist der <b data-path-to-node=\"98,0,0\" data-index-in-node=\"91\">Eis anpassen<\/b> Diese Funktion ist Ihr neuer bester Freund.<\/li>\n<li data-path-to-node=\"98,1,0\"><b data-path-to-node=\"98,1,0\" data-index-in-node=\"0\">Der Wolkenk\u00fcnstler:<\/b> Diejenigen, die die dichten, aromatischen Wolken des DTL-Dampfens (Direct-to-Lung) mit einem sanften Nikotingehalt von 0,51 TP3T genie\u00dfen.<\/li>\n<li data-path-to-node=\"98,2,0\"><b data-path-to-node=\"98,2,0\" data-index-in-node=\"0\">Der Effizienz-Experte:<\/b> Vaper, die sich eine enorme Anzahl von 15.000 Z\u00fcgen w\u00fcnschen, die dank der doppelten Mesh-Spule konstant bleibt.<\/li>\n<\/ul>\n<h3 data-path-to-node=\"147\"><b data-path-to-node=\"147\" data-index-in-node=\"0\">Hier sind weitere Empfehlungen f\u00fcr Sie:<\/b><\/h3>\n<p data-path-to-node=\"148\">Entdecken Sie noch mehr unglaubliche Aromen mit dem Al Fakher 15000 Ice Adjust.<b data-path-to-node=\"148\" data-index-in-node=\"47\">\u00a0Puffs Vape<\/b>!<\/p>\n<p data-path-to-node=\"149\"><a class=\"ng-star-inserted\" href=\"https:\/\/vozolvapen.de\/de\/produktkategorie\/al-fakher\/al-fakher-15000-zuge-eis-einstellen\/\" target=\"_blank\" rel=\"noopener\" data-hveid=\"0\" data-ved=\"0CAAQ_4QMahgKEwirptGFztCRAxUAAAAAHQAAAAAQqgI\">Alle Sorten hier ansehen \u2192<\/a><\/p>\n<p data-path-to-node=\"150\">Entdecken Sie unser komplettes Sortiment und kaufen Sie die beliebtesten Vape-Marken.<\/p>\n<p data-path-to-node=\"151\"><a class=\"ng-star-inserted\" href=\"https:\/\/vozolvapen.de\/de\/\" target=\"_blank\" rel=\"noopener\" data-hveid=\"0\" data-ved=\"0CAAQ_4QMahgKEwirptGFztCRAxUAAAAAHQAAAAAQqwI\">Jetzt alle Marken durchsuchen \u2192<\/a><\/p>\n<p data-path-to-node=\"152\">Sehen Sie sich das vollst\u00e4ndige Angebot an.\u00a0<strong>AL Fakher-Serie<\/strong>\u00a0\u2013 jede Geschmacksrichtung, jeder Stil!<\/p>\n<p data-path-to-node=\"153\"><a class=\"ng-star-inserted\" href=\"https:\/\/vozolvapen.de\/de\/produktkategorie\/al-fakher\/\" target=\"_blank\" rel=\"noopener\" data-hveid=\"0\" data-ved=\"0CAAQ_4QMahgKEwirptGFztCRAxUAAAAAHQAAAAAQrAI\">Die gesamte Bang Vape-Kollektion ansehen \u2192<\/a><\/p>\n<h2 data-path-to-node=\"106\">H\u00e4ufig gestellte Fragen (FAQ) \u2013 Al Fakher 15000 Ice Adjust<\/h2>\n<h3 data-path-to-node=\"107\"><b data-path-to-node=\"107\" data-index-in-node=\"0\">1. Wie lange reicht mir der Al Fakher 15k tats\u00e4chlich?<\/b><\/h3>\n<p data-path-to-node=\"107\"><span class=\"citation-23\">Das <\/span><b data-path-to-node=\"107\" data-index-in-node=\"57\"><span class=\"citation-23\">Al Fakher 15000<\/span><\/b><span class=\"citation-23 citation-end-23\"> ist f\u00fcr extreme Langlebigkeit gebaut.<\/span> Mit <b data-path-to-node=\"107\" data-index-in-node=\"110\">22 ml<\/b> von Fl\u00fcssigkeit erhalten die meisten t\u00e4glichen Nutzer <b data-path-to-node=\"107\" data-index-in-node=\"152\">3 bis 4 Wochen<\/b> von hochwertigem Dampf. Der intelligente Bildschirm informiert Sie genau, wenn die E-Fl\u00fcssigkeit zur Neige geht.<\/p>\n<h3 data-path-to-node=\"108\"><b data-path-to-node=\"108\" data-index-in-node=\"0\">2. Wie funktioniert die Funktion \u201cIce Adjust\u201d?<\/b><\/h3>\n<p data-path-to-node=\"108\">Das Ger\u00e4t verf\u00fcgt \u00fcber einen mechanischen Schieberegler. Durch Bewegen dieses Reglers k\u00f6nnen Sie den Luftstrom und die Intensit\u00e4t des K\u00fchlmittels steuern. <b data-path-to-node=\"108\" data-index-in-node=\"165\">Einstellung 0<\/b> bietet einen reinen, warmen Geschmack; <b data-path-to-node=\"108\" data-index-in-node=\"203\">Einstellung 5<\/b> sorgt f\u00fcr intensive, arktische K\u00e4lte.<\/p>\n<h3 data-path-to-node=\"109\"><b data-path-to-node=\"109\" data-index-in-node=\"0\">3. Ist dieses Produkt echt?<\/b><\/h3>\n<p data-path-to-node=\"109\">Ja. Wir beziehen nur 100%-Originalprodukte. <b data-path-to-node=\"109\" data-index-in-node=\"63\">Al Fakher Vape<\/b> Produkte direkt vom offiziellen Hersteller. Jedes Ger\u00e4t verf\u00fcgt \u00fcber einen \u00fcberpr\u00fcfbaren Sicherheitscode.<\/p>\n<h3 data-path-to-node=\"110\"><b data-path-to-node=\"110\" data-index-in-node=\"0\">4. Wie schnell ist der Versand nach Europa?<\/b><\/h3>\n<p data-path-to-node=\"110\">Wir versenden von unserem <b data-path-to-node=\"110\" data-index-in-node=\"56\">Europ\u00e4isches Lager<\/b>.<\/p>\n<ul data-path-to-node=\"111\">\n<li>\n<p data-path-to-node=\"111,0,0\"><b data-path-to-node=\"111,0,0\" data-index-in-node=\"0\">Deutschland:<\/b> 1\u20132 Werktage.<\/p>\n<\/li>\n<li>\n<p data-path-to-node=\"111,1,0\"><b data-path-to-node=\"111,1,0\" data-index-in-node=\"0\">Restliche EU:<\/b> 2\u20133 Werktage. Keine Zollgeb\u00fchren oder Verz\u00f6gerungen.<\/p>\n<\/li>\n<\/ul>\n<h3 data-path-to-node=\"112\"><b data-path-to-node=\"112\" data-index-in-node=\"0\">5. Warum enth\u00e4lt es nur 0.5% Nikotin?<\/b><\/h3>\n<p data-path-to-node=\"112\"><span class=\"citation-22\">Das <\/span><b data-path-to-node=\"112\" data-index-in-node=\"37\"><span class=\"citation-22\">Al Fakher 15000<\/span><\/b><span class=\"citation-22\"> ist konzipiert f\u00fcr <\/span><b data-path-to-node=\"112\" data-index-in-node=\"69\"><span class=\"citation-22\">Shisha-\u00e4hnliches Vapen<\/span><\/b><span class=\"citation-22 citation-end-22\">.<\/span> Ein niedrigerer Nikotingehalt (5 mg\/ml) erm\u00f6glicht viel gr\u00f6\u00dfere, weichere Wolken und ein besseres Geschmackserlebnis ohne den harten Throat Hit von nikotinhaltigen Salzen.<\/p>","protected":false},"excerpt":{"rendered":"<p>Exotisch, blumig und geheimnisvoll. Eine charakteristische Shisha-Mischung aus Passionsfrucht und Melone mit einem Hauch von Gew\u00fcrzen. Verwenden Sie Ice Adjust, um neue Noten zu entdecken.<\/p>","protected":false},"featured_media":41257,"comment_status":"open","ping_status":"closed","template":"","meta":{"_acf_changed":false},"product_brand":[],"product_cat":[93,134],"product_tag":[],"class_list":{"0":"post-40404","1":"product","2":"type-product","3":"status-publish","4":"has-post-thumbnail","6":"product_cat-al-fakher-15000-puffs-ice-adjust","7":"product_cat-eu-warehouse-in-stock","9":"first","10":"instock","11":"shipping-taxable","12":"purchasable","13":"product-type-variable"},"acf":[],"yoast_head":"<!-- This site is optimized with the Yoast SEO Premium plugin v26.1 (Yoast SEO v27.5) - https:\/\/yoast.com\/product\/yoast-seo-premium-wordpress\/ -->\n<title>Magic Love - AL Fakher 15000 Ice Adjust - vozolvapen<\/title>\n<meta name=\"description\" content=\"Exotic Magic Love AL Fakher 15000 Ice Adjust. 22mL liquid and custom cooling. Best Al Fakher 15k price for EU customers.\" \/>\n<meta name=\"robots\" content=\"index, follow, max-snippet:-1, max-image-preview:large, max-video-preview:-1\" \/>\n<link rel=\"canonical\" href=\"https:\/\/vozolvapen.de\/de\/produkt\/al-fakher-15000-eis-adjust-magic-love\/\" \/>\n<meta property=\"og:locale\" content=\"de_DE\" \/>\n<meta property=\"og:type\" content=\"article\" \/>\n<meta property=\"og:title\" content=\"Al Fakher 15000 Ice Adjust - Magic Love\" \/>\n<meta property=\"og:description\" content=\"Exotic Magic Love AL Fakher 15000 Ice Adjust. 22mL liquid and custom cooling. Best Al Fakher 15k price for EU customers.\" \/>\n<meta property=\"og:url\" content=\"https:\/\/vozolvapen.de\/de\/produkt\/al-fakher-15000-eis-adjust-magic-love\/\" \/>\n<meta property=\"og:site_name\" content=\"vozolvapen\" \/>\n<meta property=\"article:modified_time\" content=\"2026-02-10T11:02:01+00:00\" \/>\n<meta property=\"og:image\" content=\"https:\/\/vozolvapen.de\/wp-content\/uploads\/2025\/12\/Al-Fakher-15000-Ice-Adjust-MAGIC-LOVE.webp\" \/>\n\t<meta property=\"og:image:width\" content=\"760\" \/>\n\t<meta property=\"og:image:height\" content=\"1200\" \/>\n\t<meta property=\"og:image:type\" content=\"image\/webp\" \/>\n<meta name=\"twitter:card\" content=\"summary_large_image\" \/>\n<meta name=\"twitter:label1\" content=\"Gesch\u00e4tzte Lesezeit\" \/>\n\t<meta name=\"twitter:data1\" content=\"3\u00a0Minuten\" \/>\n<script type=\"application\/ld+json\" class=\"yoast-schema-graph\">{\"@context\":\"https:\\\/\\\/schema.org\",\"@graph\":[{\"@type\":\"WebPage\",\"@id\":\"https:\\\/\\\/vozolvapen.de\\\/product\\\/al-fakher-15000-ice-adjust-magic-love\\\/\",\"url\":\"https:\\\/\\\/vozolvapen.de\\\/product\\\/al-fakher-15000-ice-adjust-magic-love\\\/\",\"name\":\"Magic Love - AL Fakher 15000 Ice Adjust - vozolvapen\",\"isPartOf\":{\"@id\":\"https:\\\/\\\/vozolvapen.de\\\/#website\"},\"primaryImageOfPage\":{\"@id\":\"https:\\\/\\\/vozolvapen.de\\\/product\\\/al-fakher-15000-ice-adjust-magic-love\\\/#primaryimage\"},\"image\":{\"@id\":\"https:\\\/\\\/vozolvapen.de\\\/product\\\/al-fakher-15000-ice-adjust-magic-love\\\/#primaryimage\"},\"thumbnailUrl\":\"https:\\\/\\\/vozolvapen.de\\\/wp-content\\\/uploads\\\/2025\\\/12\\\/Al-Fakher-15000-Ice-Adjust-MAGIC-LOVE.webp\",\"datePublished\":\"2025-12-22T09:29:34+00:00\",\"dateModified\":\"2026-02-10T11:02:01+00:00\",\"description\":\"Exotic Magic Love AL Fakher 15000 Ice Adjust. 22mL liquid and custom cooling. Best Al Fakher 15k price for EU customers.\",\"breadcrumb\":{\"@id\":\"https:\\\/\\\/vozolvapen.de\\\/product\\\/al-fakher-15000-ice-adjust-magic-love\\\/#breadcrumb\"},\"inLanguage\":\"de\",\"potentialAction\":[{\"@type\":\"ReadAction\",\"target\":[\"https:\\\/\\\/vozolvapen.de\\\/product\\\/al-fakher-15000-ice-adjust-magic-love\\\/\"]}]},{\"@type\":\"ImageObject\",\"inLanguage\":\"de\",\"@id\":\"https:\\\/\\\/vozolvapen.de\\\/product\\\/al-fakher-15000-ice-adjust-magic-love\\\/#primaryimage\",\"url\":\"https:\\\/\\\/vozolvapen.de\\\/wp-content\\\/uploads\\\/2025\\\/12\\\/Al-Fakher-15000-Ice-Adjust-MAGIC-LOVE.webp\",\"contentUrl\":\"https:\\\/\\\/vozolvapen.de\\\/wp-content\\\/uploads\\\/2025\\\/12\\\/Al-Fakher-15000-Ice-Adjust-MAGIC-LOVE.webp\",\"width\":760,\"height\":1200,\"caption\":\"Al Fakher 15000 Ice Adjust Magic Love Disposable Vape Device\"},{\"@type\":\"BreadcrumbList\",\"@id\":\"https:\\\/\\\/vozolvapen.de\\\/product\\\/al-fakher-15000-ice-adjust-magic-love\\\/#breadcrumb\",\"itemListElement\":[{\"@type\":\"ListItem\",\"position\":1,\"name\":\"Home\",\"item\":\"https:\\\/\\\/vozolvapen.de\\\/de\\\/\"},{\"@type\":\"ListItem\",\"position\":2,\"name\":\"Shop\",\"item\":\"https:\\\/\\\/vozolvapen.de\\\/shop\\\/\"},{\"@type\":\"ListItem\",\"position\":3,\"name\":\"Al Fakher 15000 Ice Adjust &#8211; Magic Love\"}]},{\"@type\":\"WebSite\",\"@id\":\"https:\\\/\\\/vozolvapen.de\\\/#website\",\"url\":\"https:\\\/\\\/vozolvapen.de\\\/\",\"name\":\"vozolvapen\",\"description\":\"vozolvapen\",\"publisher\":{\"@id\":\"https:\\\/\\\/vozolvapen.de\\\/#organization\"},\"potentialAction\":[{\"@type\":\"SearchAction\",\"target\":{\"@type\":\"EntryPoint\",\"urlTemplate\":\"https:\\\/\\\/vozolvapen.de\\\/?s={search_term_string}\"},\"query-input\":{\"@type\":\"PropertyValueSpecification\",\"valueRequired\":true,\"valueName\":\"search_term_string\"}}],\"inLanguage\":\"de\"},{\"@type\":\"Organization\",\"@id\":\"https:\\\/\\\/vozolvapen.de\\\/#organization\",\"name\":\"vozolvapen\",\"url\":\"https:\\\/\\\/vozolvapen.de\\\/\",\"logo\":{\"@type\":\"ImageObject\",\"inLanguage\":\"de\",\"@id\":\"https:\\\/\\\/vozolvapen.de\\\/#\\\/schema\\\/logo\\\/image\\\/\",\"url\":\"https:\\\/\\\/vozolvapen.de\\\/wp-content\\\/uploads\\\/2025\\\/12\\\/cropped-vozovapen-logo.webp\",\"contentUrl\":\"https:\\\/\\\/vozolvapen.de\\\/wp-content\\\/uploads\\\/2025\\\/12\\\/cropped-vozovapen-logo.webp\",\"width\":470,\"height\":110,\"caption\":\"vozolvapen\"},\"image\":{\"@id\":\"https:\\\/\\\/vozolvapen.de\\\/#\\\/schema\\\/logo\\\/image\\\/\"}}]}<\/script>\n<!-- \/ Yoast SEO Premium plugin. -->","yoast_head_json":{"title":"Magic Love \u2013 AL Fakher 15000 Ice Adjust \u2013 vozolvapen","description":"Exotic Magic Love AL Fakher 15000 Ice Adjust. 22 ml Fl\u00fcssigkeit und individuelle K\u00fchlung. Bester Preis f\u00fcr Al Fakher 15k f\u00fcr Kunden in der EU.","robots":{"index":"index","follow":"follow","max-snippet":"max-snippet:-1","max-image-preview":"max-image-preview:large","max-video-preview":"max-video-preview:-1"},"canonical":"https:\/\/vozolvapen.de\/de\/produkt\/al-fakher-15000-eis-adjust-magic-love\/","og_locale":"de_DE","og_type":"article","og_title":"Al Fakher 15000 Ice Adjust - Magic Love","og_description":"Exotic Magic Love AL Fakher 15000 Ice Adjust. 22mL liquid and custom cooling. Best Al Fakher 15k price for EU customers.","og_url":"https:\/\/vozolvapen.de\/de\/produkt\/al-fakher-15000-eis-adjust-magic-love\/","og_site_name":"vozolvapen","article_modified_time":"2026-02-10T11:02:01+00:00","og_image":[{"width":760,"height":1200,"url":"https:\/\/vozolvapen.de\/wp-content\/uploads\/2025\/12\/Al-Fakher-15000-Ice-Adjust-MAGIC-LOVE.webp","type":"image\/webp"}],"twitter_card":"summary_large_image","twitter_misc":{"Gesch\u00e4tzte Lesezeit":"3\u00a0Minuten"},"schema":{"@context":"https:\/\/schema.org","@graph":[{"@type":"WebPage","@id":"https:\/\/vozolvapen.de\/product\/al-fakher-15000-ice-adjust-magic-love\/","url":"https:\/\/vozolvapen.de\/product\/al-fakher-15000-ice-adjust-magic-love\/","name":"Magic Love \u2013 AL Fakher 15000 Ice Adjust \u2013 vozolvapen","isPartOf":{"@id":"https:\/\/vozolvapen.de\/#website"},"primaryImageOfPage":{"@id":"https:\/\/vozolvapen.de\/product\/al-fakher-15000-ice-adjust-magic-love\/#primaryimage"},"image":{"@id":"https:\/\/vozolvapen.de\/product\/al-fakher-15000-ice-adjust-magic-love\/#primaryimage"},"thumbnailUrl":"https:\/\/vozolvapen.de\/wp-content\/uploads\/2025\/12\/Al-Fakher-15000-Ice-Adjust-MAGIC-LOVE.webp","datePublished":"2025-12-22T09:29:34+00:00","dateModified":"2026-02-10T11:02:01+00:00","description":"Exotic Magic Love AL Fakher 15000 Ice Adjust. 22 ml Fl\u00fcssigkeit und individuelle K\u00fchlung. Bester Preis f\u00fcr Al Fakher 15k f\u00fcr Kunden in der EU.","breadcrumb":{"@id":"https:\/\/vozolvapen.de\/product\/al-fakher-15000-ice-adjust-magic-love\/#breadcrumb"},"inLanguage":"de","potentialAction":[{"@type":"ReadAction","target":["https:\/\/vozolvapen.de\/product\/al-fakher-15000-ice-adjust-magic-love\/"]}]},{"@type":"ImageObject","inLanguage":"de","@id":"https:\/\/vozolvapen.de\/product\/al-fakher-15000-ice-adjust-magic-love\/#primaryimage","url":"https:\/\/vozolvapen.de\/wp-content\/uploads\/2025\/12\/Al-Fakher-15000-Ice-Adjust-MAGIC-LOVE.webp","contentUrl":"https:\/\/vozolvapen.de\/wp-content\/uploads\/2025\/12\/Al-Fakher-15000-Ice-Adjust-MAGIC-LOVE.webp","width":760,"height":1200,"caption":"Al Fakher 15000 Ice Adjust Magic Love Disposable Vape Device"},{"@type":"BreadcrumbList","@id":"https:\/\/vozolvapen.de\/product\/al-fakher-15000-ice-adjust-magic-love\/#breadcrumb","itemListElement":[{"@type":"ListItem","position":1,"name":"Home","item":"https:\/\/vozolvapen.de\/de\/"},{"@type":"ListItem","position":2,"name":"Shop","item":"https:\/\/vozolvapen.de\/shop\/"},{"@type":"ListItem","position":3,"name":"Al Fakher 15000 Ice Adjust &#8211; Magic Love"}]},{"@type":"WebSite","@id":"https:\/\/vozolvapen.de\/#website","url":"https:\/\/vozolvapen.de\/","name":"Vozolvapen","description":"Vozolvapen","publisher":{"@id":"https:\/\/vozolvapen.de\/#organization"},"potentialAction":[{"@type":"SearchAction","target":{"@type":"EntryPoint","urlTemplate":"https:\/\/vozolvapen.de\/?s={search_term_string}"},"query-input":{"@type":"PropertyValueSpecification","valueRequired":true,"valueName":"search_term_string"}}],"inLanguage":"de"},{"@type":"Organization","@id":"https:\/\/vozolvapen.de\/#organization","name":"Vozolvapen","url":"https:\/\/vozolvapen.de\/","logo":{"@type":"ImageObject","inLanguage":"de","@id":"https:\/\/vozolvapen.de\/#\/schema\/logo\/image\/","url":"https:\/\/vozolvapen.de\/wp-content\/uploads\/2025\/12\/cropped-vozovapen-logo.webp","contentUrl":"https:\/\/vozolvapen.de\/wp-content\/uploads\/2025\/12\/cropped-vozovapen-logo.webp","width":470,"height":110,"caption":"vozolvapen"},"image":{"@id":"https:\/\/vozolvapen.de\/#\/schema\/logo\/image\/"}}]}},"tiered_pricing_type":"fixed","tiered_pricing_fixed_rules":{"30":"13.5","50":"11","100":"10.5","200":"9.5"},"tiered_pricing_product_settings":{"layout":"default","base_unit_name":{"singular":null,"plural":null},"default_variation":{}},"tiered_pricing_minimum_quantity":10,"tiered_pricing_roles_data":[],"tiered_pricing_percentage_rules":[],"tiered_pricing_maximum_quantity":null,"tiered_pricing_quantity_step":"10","_links":{"self":[{"href":"https:\/\/vozolvapen.de\/de\/wp-json\/wp\/v2\/product\/40404","targetHints":{"allow":["GET"]}}],"collection":[{"href":"https:\/\/vozolvapen.de\/de\/wp-json\/wp\/v2\/product"}],"about":[{"href":"https:\/\/vozolvapen.de\/de\/wp-json\/wp\/v2\/types\/product"}],"replies":[{"embeddable":true,"href":"https:\/\/vozolvapen.de\/de\/wp-json\/wp\/v2\/comments?post=40404"}],"wp:featuredmedia":[{"embeddable":true,"href":"https:\/\/vozolvapen.de\/de\/wp-json\/wp\/v2\/media\/41257"}],"wp:attachment":[{"href":"https:\/\/vozolvapen.de\/de\/wp-json\/wp\/v2\/media?parent=40404"}],"wp:term":[{"taxonomy":"product_brand","embeddable":true,"href":"https:\/\/vozolvapen.de\/de\/wp-json\/wp\/v2\/product_brand?post=40404"},{"taxonomy":"product_cat","embeddable":true,"href":"https:\/\/vozolvapen.de\/de\/wp-json\/wp\/v2\/product_cat?post=40404"},{"taxonomy":"product_tag","embeddable":true,"href":"https:\/\/vozolvapen.de\/de\/wp-json\/wp\/v2\/product_tag?post=40404"}],"curies":[{"name":"wp","href":"https:\/\/api.w.org\/{rel}","templated":true}]}}