{"id":50263,"date":"2026-01-03T08:18:53","date_gmt":"2026-01-03T08:18:53","guid":{"rendered":"https:\/\/vozolvapen.de\/?post_type=product&#038;p=50263"},"modified":"2026-02-10T10:55:07","modified_gmt":"2026-02-10T10:55:07","slug":"jnr-falke-x-18000-puff-vape-dame-killa","status":"publish","type":"product","link":"https:\/\/vozolvapen.de\/de\/product\/jnr-falcon-x-18000-puff-vape-lady-killa\/","title":{"rendered":"JNR Falcon-X 18000 Puff Vape \u2013 Lady Killa"},"content":{"rendered":"<h1 data-path-to-node=\"37\"><b data-path-to-node=\"37\" data-index-in-node=\"0\">JNR Falcon-X 18000 Puffs \u2013 Lady Killa<\/b><\/h1>\n<p data-path-to-node=\"39\">Lady Killa ist eine aggressive, vielschichtige Mischung, die zu einem festen Bestandteil f\u00fcr die <b data-path-to-node=\"39\" data-index-in-node=\"101\">jnr 18k nicotine<\/b> Fans. Es zeichnet sich durch eine s\u00fc\u00dfe Blaubeerbasis, eine tropische Mangonote und einen spritzigen Cranberry-Minz-Abgang aus. Es ist ein \u201cdreifach gef\u00e4hrlicher\u201d Geschmack, der sich mit jeder Sekunde des Einatmens ver\u00e4ndert.<\/p>\n<h2 data-path-to-node=\"40\"><b data-path-to-node=\"40\" data-index-in-node=\"0\">Vorteile der Falcon-X-Serie<\/b><\/h2>\n<ul data-path-to-node=\"41\">\n<li>\n<p data-path-to-node=\"41,0,0\"><b data-path-to-node=\"41,0,0\" data-index-in-node=\"0\">18.000 Z\u00fcge:<\/b> Ein Lebenszyklus mit hoher Ausdauer, der die Konkurrenz \u00fcbertrifft.<\/p>\n<\/li>\n<li>\n<p data-path-to-node=\"41,1,0\"><b data-path-to-node=\"41,1,0\" data-index-in-node=\"0\">Visuelle Kontrolle:<\/b> Das <b data-path-to-node=\"41,1,0\" data-index-in-node=\"20\">Digitalanzeige<\/b> macht die <b data-path-to-node=\"41,1,0\" data-index-in-node=\"46\">jnr Puff 18000<\/b> unglaublich benutzerfreundlich f\u00fcr Anf\u00e4nger und Profis gleicherma\u00dfen.<\/p>\n<\/li>\n<\/ul>\n<h2 data-path-to-node=\"15\"><b data-path-to-node=\"15\" data-index-in-node=\"0\">Lady Killa \u2013 Technische Daten<\/b><\/h2>\n<table data-path-to-node=\"16\">\n<thead>\n<tr>\n<td><strong>Funktion<\/strong><\/td>\n<td><strong>Detail<\/strong><\/td>\n<td><strong>Vaping-Erlebnis-Index<\/strong><\/td>\n<\/tr>\n<\/thead>\n<tbody>\n<tr>\n<td><span data-path-to-node=\"16,1,0,0\"><b data-path-to-node=\"16,1,0,0\" data-index-in-node=\"0\">Modell<\/b><\/span><\/td>\n<td><span data-path-to-node=\"16,1,1,0\">JNR Falcon-X 18000<\/span><\/td>\n<td><span data-path-to-node=\"16,1,2,0\"><b data-path-to-node=\"16,1,2,0\" data-index-in-node=\"0\">K\u00fchlungsstufe:<\/b> \u2744\ufe0f\u2744\ufe0f\u2744\ufe0f<\/span><\/td>\n<\/tr>\n<tr>\n<td><span data-path-to-node=\"16,2,0,0\"><b data-path-to-node=\"16,2,0,0\" data-index-in-node=\"0\">Spulentyp<\/b><\/span><\/td>\n<td><span data-path-to-node=\"16,2,1,0\">0,6 \u03a9 Dual-Mesh-Spule<\/span><\/td>\n<td><span data-path-to-node=\"16,2,2,0\"><b data-path-to-node=\"16,2,2,0\" data-index-in-node=\"0\">S\u00e4uregehalt:<\/b> \ud83c\udf4b\ud83c\udf4b\ud83c\udf4b<\/span><\/td>\n<\/tr>\n<tr>\n<td><span data-path-to-node=\"16,3,0,0\"><b data-path-to-node=\"16,3,0,0\" data-index-in-node=\"0\">Fl\u00fcssigkeit\/Puffs<\/b><\/span><\/td>\n<td><span data-path-to-node=\"16,3,1,0\">24 ml \/ 18.000 Z\u00fcge<\/span><\/td>\n<td><span data-path-to-node=\"16,3,2,0\"><b data-path-to-node=\"16,3,2,0\" data-index-in-node=\"0\">Komplexit\u00e4t:<\/b> \ud83e\udde9\ud83e\udde9\ud83e\udde9\ud83e\udde9\ud83e\udde9<\/span><\/td>\n<\/tr>\n<tr>\n<td><span data-path-to-node=\"16,4,0,0\"><b data-path-to-node=\"16,4,0,0\" data-index-in-node=\"0\">Besonderheit<\/b><\/span><\/td>\n<td><span data-path-to-node=\"16,4,1,0\">115 g Premium-Gewicht<\/span><\/td>\n<td><span data-path-to-node=\"16,4,2,0\"><b data-path-to-node=\"16,4,2,0\" data-index-in-node=\"0\">Bester Luftstrom:<\/b> Mittel (vielschichtiger Geschmack)<\/span><\/td>\n<\/tr>\n<\/tbody>\n<\/table>\n<h2><strong>JNR Falcon-X 18000 <\/strong><strong>Video:<\/strong><\/h2>\n<p><iframe title=\"JNR Falcon X 18000 Puff Vape\" src=\"https:\/\/player.vimeo.com\/video\/1151536729?badge=0&amp;autopause=0&amp;player_id=0&amp;app_id=58479\" width=\"400\" height=\"711\" frameborder=\"0\"><\/iframe><\/p>\n<h3 data-path-to-node=\"63\"><b data-path-to-node=\"63\" data-index-in-node=\"0\">Entdecken Sie mehr von JNR<\/b><\/h3>\n<p data-path-to-node=\"64\">Sind Sie bereit, Ihr Vaping-Erlebnis zu verbessern? Entdecken Sie das gesamte Sortiment. <b data-path-to-node=\"64\" data-index-in-node=\"52\">JNR Falcon-X 18000<\/b> Erfahrung.<\/p>\n<p dir=\"auto\"><a href=\"https:\/\/vozolvapen.de\/de\/produktkategorie\/jnr-vape\/jnr-falcon-x-18000-zuge-vape\/\">Alle Sorten hier ansehen \u2192<\/a><\/p>\n<p data-path-to-node=\"66\">Als f\u00fchrendes <b data-path-to-node=\"66\" data-index-in-node=\"13\">puff jnr 18k grossiste<\/b>, Wir bieten die besten Mengenrabatte und den schnellsten Versand.<\/p>\n<p dir=\"auto\"><a href=\"https:\/\/vozolvapen.de\/de\/\">Jetzt alle Marken durchsuchen \u2192<\/a><\/p>\n<p data-path-to-node=\"68\">Verpassen Sie nicht die neuesten <b data-path-to-node=\"68\" data-index-in-node=\"29\">jnr 18k nicotine<\/b> Optionen!<\/p>\n<p dir=\"auto\"><a href=\"https:\/\/vozolvapen.de\/de\/produktkategorie\/jnr-vape\/\">Die gesamte JNR Vape-Kollektion ansehen \u2192<\/a><\/p>","protected":false},"excerpt":{"rendered":"<p><b data-path-to-node=\"4,5,4,0\" data-index-in-node=\"0\">Der Beeren-Attent\u00e4ter.<\/b> Eine raffinierte Dreifachkombination aus Blaubeeren, Mango und herber Cranberry-Minze. Die jnr falcon 18k Dual-Core-Technologie sorgt daf\u00fcr, dass jeder Zug mit vielschichtigen Aromen gef\u00fcllt ist.<\/p>","protected":false},"featured_media":50825,"comment_status":"open","ping_status":"closed","template":"","meta":{"_acf_changed":false},"product_brand":[],"product_cat":[134,59],"product_tag":[],"class_list":{"0":"post-50263","1":"product","2":"type-product","3":"status-publish","4":"has-post-thumbnail","6":"product_cat-eu-warehouse-in-stock","7":"product_cat-jnr-falcon-x-18000-puff-vape","9":"first","10":"instock","11":"featured","12":"shipping-taxable","13":"purchasable","14":"product-type-variable"},"acf":[],"yoast_head":"<!-- This site is optimized with the Yoast SEO Premium plugin v26.1 (Yoast SEO v27.5) - https:\/\/yoast.com\/product\/yoast-seo-premium-wordpress\/ -->\n<title>Lady Killa JNR Falcon-X 18000 | 18,000 Puffs JNR Puff - vozolvapen<\/title>\n<meta name=\"description\" content=\"Shop Lady Killa JNR Falcon-X 18000. 18k puffs of blueberry, mango, and cranberry mint. Featuring a 0.6\u03a9 dual mesh coil and fast 1-3 day EU shipping.\" \/>\n<meta name=\"robots\" content=\"index, follow, max-snippet:-1, max-image-preview:large, max-video-preview:-1\" \/>\n<link rel=\"canonical\" href=\"https:\/\/vozolvapen.de\/de\/produkt\/jnr-falke-x-18000-puff-vape-dame-killa\/\" \/>\n<meta property=\"og:locale\" content=\"de_DE\" \/>\n<meta property=\"og:type\" content=\"article\" \/>\n<meta property=\"og:title\" content=\"JNR Falcon-X 18000 Puff Vape - Lady Killa\" \/>\n<meta property=\"og:description\" content=\"Shop Lady Killa JNR Falcon-X 18000. 18k puffs of blueberry, mango, and cranberry mint. Featuring a 0.6\u03a9 dual mesh coil and fast 1-3 day EU shipping.\" \/>\n<meta property=\"og:url\" content=\"https:\/\/vozolvapen.de\/de\/produkt\/jnr-falke-x-18000-puff-vape-dame-killa\/\" \/>\n<meta property=\"og:site_name\" content=\"vozolvapen\" \/>\n<meta property=\"article:modified_time\" content=\"2026-02-10T10:55:07+00:00\" \/>\n<meta property=\"og:image\" content=\"https:\/\/vozolvapen.de\/wp-content\/uploads\/2026\/01\/JNR-Falcon-X-18000-Lady-Killa.webp\" \/>\n\t<meta property=\"og:image:width\" content=\"1200\" \/>\n\t<meta property=\"og:image:height\" content=\"1200\" \/>\n\t<meta property=\"og:image:type\" content=\"image\/webp\" \/>\n<meta name=\"twitter:card\" content=\"summary_large_image\" \/>\n<meta name=\"twitter:label1\" content=\"Gesch\u00e4tzte Lesezeit\" \/>\n\t<meta name=\"twitter:data1\" content=\"2\u00a0Minuten\" \/>\n<script type=\"application\/ld+json\" class=\"yoast-schema-graph\">{\"@context\":\"https:\\\/\\\/schema.org\",\"@graph\":[{\"@type\":\"WebPage\",\"@id\":\"https:\\\/\\\/vozolvapen.de\\\/product\\\/jnr-falcon-x-18000-puff-vape-lady-killa\\\/\",\"url\":\"https:\\\/\\\/vozolvapen.de\\\/product\\\/jnr-falcon-x-18000-puff-vape-lady-killa\\\/\",\"name\":\"Lady Killa JNR Falcon-X 18000 | 18,000 Puffs JNR Puff - vozolvapen\",\"isPartOf\":{\"@id\":\"https:\\\/\\\/vozolvapen.de\\\/#website\"},\"primaryImageOfPage\":{\"@id\":\"https:\\\/\\\/vozolvapen.de\\\/product\\\/jnr-falcon-x-18000-puff-vape-lady-killa\\\/#primaryimage\"},\"image\":{\"@id\":\"https:\\\/\\\/vozolvapen.de\\\/product\\\/jnr-falcon-x-18000-puff-vape-lady-killa\\\/#primaryimage\"},\"thumbnailUrl\":\"https:\\\/\\\/vozolvapen.de\\\/wp-content\\\/uploads\\\/2026\\\/01\\\/JNR-Falcon-X-18000-Lady-Killa.webp\",\"datePublished\":\"2026-01-03T08:18:53+00:00\",\"dateModified\":\"2026-02-10T10:55:07+00:00\",\"description\":\"Shop Lady Killa JNR Falcon-X 18000. 18k puffs of blueberry, mango, and cranberry mint. Featuring a 0.6\u03a9 dual mesh coil and fast 1-3 day EU shipping.\",\"breadcrumb\":{\"@id\":\"https:\\\/\\\/vozolvapen.de\\\/product\\\/jnr-falcon-x-18000-puff-vape-lady-killa\\\/#breadcrumb\"},\"inLanguage\":\"de\",\"potentialAction\":[{\"@type\":\"ReadAction\",\"target\":[\"https:\\\/\\\/vozolvapen.de\\\/product\\\/jnr-falcon-x-18000-puff-vape-lady-killa\\\/\"]}]},{\"@type\":\"ImageObject\",\"inLanguage\":\"de\",\"@id\":\"https:\\\/\\\/vozolvapen.de\\\/product\\\/jnr-falcon-x-18000-puff-vape-lady-killa\\\/#primaryimage\",\"url\":\"https:\\\/\\\/vozolvapen.de\\\/wp-content\\\/uploads\\\/2026\\\/01\\\/JNR-Falcon-X-18000-Lady-Killa.webp\",\"contentUrl\":\"https:\\\/\\\/vozolvapen.de\\\/wp-content\\\/uploads\\\/2026\\\/01\\\/JNR-Falcon-X-18000-Lady-Killa.webp\",\"width\":1200,\"height\":1200,\"caption\":\"Jnr Falcon X 18000 Lady Killa Disposable Vape Device\"},{\"@type\":\"BreadcrumbList\",\"@id\":\"https:\\\/\\\/vozolvapen.de\\\/product\\\/jnr-falcon-x-18000-puff-vape-lady-killa\\\/#breadcrumb\",\"itemListElement\":[{\"@type\":\"ListItem\",\"position\":1,\"name\":\"Home\",\"item\":\"https:\\\/\\\/vozolvapen.de\\\/de\\\/\"},{\"@type\":\"ListItem\",\"position\":2,\"name\":\"Shop\",\"item\":\"https:\\\/\\\/vozolvapen.de\\\/shop\\\/\"},{\"@type\":\"ListItem\",\"position\":3,\"name\":\"JNR Falcon-X 18000 Puff Vape &#8211; Lady Killa\"}]},{\"@type\":\"WebSite\",\"@id\":\"https:\\\/\\\/vozolvapen.de\\\/#website\",\"url\":\"https:\\\/\\\/vozolvapen.de\\\/\",\"name\":\"vozolvapen\",\"description\":\"vozolvapen\",\"publisher\":{\"@id\":\"https:\\\/\\\/vozolvapen.de\\\/#organization\"},\"potentialAction\":[{\"@type\":\"SearchAction\",\"target\":{\"@type\":\"EntryPoint\",\"urlTemplate\":\"https:\\\/\\\/vozolvapen.de\\\/?s={search_term_string}\"},\"query-input\":{\"@type\":\"PropertyValueSpecification\",\"valueRequired\":true,\"valueName\":\"search_term_string\"}}],\"inLanguage\":\"de\"},{\"@type\":\"Organization\",\"@id\":\"https:\\\/\\\/vozolvapen.de\\\/#organization\",\"name\":\"vozolvapen\",\"url\":\"https:\\\/\\\/vozolvapen.de\\\/\",\"logo\":{\"@type\":\"ImageObject\",\"inLanguage\":\"de\",\"@id\":\"https:\\\/\\\/vozolvapen.de\\\/#\\\/schema\\\/logo\\\/image\\\/\",\"url\":\"https:\\\/\\\/vozolvapen.de\\\/wp-content\\\/uploads\\\/2025\\\/12\\\/cropped-vozovapen-logo.webp\",\"contentUrl\":\"https:\\\/\\\/vozolvapen.de\\\/wp-content\\\/uploads\\\/2025\\\/12\\\/cropped-vozovapen-logo.webp\",\"width\":470,\"height\":110,\"caption\":\"vozolvapen\"},\"image\":{\"@id\":\"https:\\\/\\\/vozolvapen.de\\\/#\\\/schema\\\/logo\\\/image\\\/\"}}]}<\/script>\n<!-- \/ Yoast SEO Premium plugin. -->","yoast_head_json":{"title":"Lady Killa JNR Falcon-X 18000 | 18.000 Z\u00fcge JNR Puff \u2013 vozolvapen","description":"Shop Lady Killa JNR Falcon-X 18000. 18.000 Z\u00fcge mit den Geschmacksrichtungen Blaubeere, Mango und Cranberry-Minze. Mit einer 0,6-\u03a9-Dual-Mesh-Spule und schnellem EU-Versand innerhalb von 1\u20133 Tagen.","robots":{"index":"index","follow":"follow","max-snippet":"max-snippet:-1","max-image-preview":"max-image-preview:large","max-video-preview":"max-video-preview:-1"},"canonical":"https:\/\/vozolvapen.de\/de\/produkt\/jnr-falke-x-18000-puff-vape-dame-killa\/","og_locale":"de_DE","og_type":"article","og_title":"JNR Falcon-X 18000 Puff Vape - Lady Killa","og_description":"Shop Lady Killa JNR Falcon-X 18000. 18k puffs of blueberry, mango, and cranberry mint. Featuring a 0.6\u03a9 dual mesh coil and fast 1-3 day EU shipping.","og_url":"https:\/\/vozolvapen.de\/de\/produkt\/jnr-falke-x-18000-puff-vape-dame-killa\/","og_site_name":"vozolvapen","article_modified_time":"2026-02-10T10:55:07+00:00","og_image":[{"width":1200,"height":1200,"url":"https:\/\/vozolvapen.de\/wp-content\/uploads\/2026\/01\/JNR-Falcon-X-18000-Lady-Killa.webp","type":"image\/webp"}],"twitter_card":"summary_large_image","twitter_misc":{"Gesch\u00e4tzte Lesezeit":"2\u00a0Minuten"},"schema":{"@context":"https:\/\/schema.org","@graph":[{"@type":"WebPage","@id":"https:\/\/vozolvapen.de\/product\/jnr-falcon-x-18000-puff-vape-lady-killa\/","url":"https:\/\/vozolvapen.de\/product\/jnr-falcon-x-18000-puff-vape-lady-killa\/","name":"Lady Killa JNR Falcon-X 18000 | 18.000 Z\u00fcge JNR Puff \u2013 vozolvapen","isPartOf":{"@id":"https:\/\/vozolvapen.de\/#website"},"primaryImageOfPage":{"@id":"https:\/\/vozolvapen.de\/product\/jnr-falcon-x-18000-puff-vape-lady-killa\/#primaryimage"},"image":{"@id":"https:\/\/vozolvapen.de\/product\/jnr-falcon-x-18000-puff-vape-lady-killa\/#primaryimage"},"thumbnailUrl":"https:\/\/vozolvapen.de\/wp-content\/uploads\/2026\/01\/JNR-Falcon-X-18000-Lady-Killa.webp","datePublished":"2026-01-03T08:18:53+00:00","dateModified":"2026-02-10T10:55:07+00:00","description":"Shop Lady Killa JNR Falcon-X 18000. 18.000 Z\u00fcge mit den Geschmacksrichtungen Blaubeere, Mango und Cranberry-Minze. Mit einer 0,6-\u03a9-Dual-Mesh-Spule und schnellem EU-Versand innerhalb von 1\u20133 Tagen.","breadcrumb":{"@id":"https:\/\/vozolvapen.de\/product\/jnr-falcon-x-18000-puff-vape-lady-killa\/#breadcrumb"},"inLanguage":"de","potentialAction":[{"@type":"ReadAction","target":["https:\/\/vozolvapen.de\/product\/jnr-falcon-x-18000-puff-vape-lady-killa\/"]}]},{"@type":"ImageObject","inLanguage":"de","@id":"https:\/\/vozolvapen.de\/product\/jnr-falcon-x-18000-puff-vape-lady-killa\/#primaryimage","url":"https:\/\/vozolvapen.de\/wp-content\/uploads\/2026\/01\/JNR-Falcon-X-18000-Lady-Killa.webp","contentUrl":"https:\/\/vozolvapen.de\/wp-content\/uploads\/2026\/01\/JNR-Falcon-X-18000-Lady-Killa.webp","width":1200,"height":1200,"caption":"Jnr Falcon X 18000 Lady Killa Disposable Vape Device"},{"@type":"BreadcrumbList","@id":"https:\/\/vozolvapen.de\/product\/jnr-falcon-x-18000-puff-vape-lady-killa\/#breadcrumb","itemListElement":[{"@type":"ListItem","position":1,"name":"Home","item":"https:\/\/vozolvapen.de\/de\/"},{"@type":"ListItem","position":2,"name":"Shop","item":"https:\/\/vozolvapen.de\/shop\/"},{"@type":"ListItem","position":3,"name":"JNR Falcon-X 18000 Puff Vape &#8211; Lady Killa"}]},{"@type":"WebSite","@id":"https:\/\/vozolvapen.de\/#website","url":"https:\/\/vozolvapen.de\/","name":"Vozolvapen","description":"Vozolvapen","publisher":{"@id":"https:\/\/vozolvapen.de\/#organization"},"potentialAction":[{"@type":"SearchAction","target":{"@type":"EntryPoint","urlTemplate":"https:\/\/vozolvapen.de\/?s={search_term_string}"},"query-input":{"@type":"PropertyValueSpecification","valueRequired":true,"valueName":"search_term_string"}}],"inLanguage":"de"},{"@type":"Organization","@id":"https:\/\/vozolvapen.de\/#organization","name":"Vozolvapen","url":"https:\/\/vozolvapen.de\/","logo":{"@type":"ImageObject","inLanguage":"de","@id":"https:\/\/vozolvapen.de\/#\/schema\/logo\/image\/","url":"https:\/\/vozolvapen.de\/wp-content\/uploads\/2025\/12\/cropped-vozovapen-logo.webp","contentUrl":"https:\/\/vozolvapen.de\/wp-content\/uploads\/2025\/12\/cropped-vozovapen-logo.webp","width":470,"height":110,"caption":"vozolvapen"},"image":{"@id":"https:\/\/vozolvapen.de\/#\/schema\/logo\/image\/"}}]}},"tiered_pricing_type":"fixed","tiered_pricing_fixed_rules":{"30":"13.86","50":"10.86","100":"9.86","200":"8.86"},"tiered_pricing_product_settings":{"layout":"default","base_unit_name":{"singular":null,"plural":null},"default_variation":{}},"tiered_pricing_minimum_quantity":10,"tiered_pricing_roles_data":[],"tiered_pricing_percentage_rules":[],"tiered_pricing_maximum_quantity":null,"tiered_pricing_quantity_step":"10","_links":{"self":[{"href":"https:\/\/vozolvapen.de\/de\/wp-json\/wp\/v2\/product\/50263","targetHints":{"allow":["GET"]}}],"collection":[{"href":"https:\/\/vozolvapen.de\/de\/wp-json\/wp\/v2\/product"}],"about":[{"href":"https:\/\/vozolvapen.de\/de\/wp-json\/wp\/v2\/types\/product"}],"replies":[{"embeddable":true,"href":"https:\/\/vozolvapen.de\/de\/wp-json\/wp\/v2\/comments?post=50263"}],"wp:featuredmedia":[{"embeddable":true,"href":"https:\/\/vozolvapen.de\/de\/wp-json\/wp\/v2\/media\/50825"}],"wp:attachment":[{"href":"https:\/\/vozolvapen.de\/de\/wp-json\/wp\/v2\/media?parent=50263"}],"wp:term":[{"taxonomy":"product_brand","embeddable":true,"href":"https:\/\/vozolvapen.de\/de\/wp-json\/wp\/v2\/product_brand?post=50263"},{"taxonomy":"product_cat","embeddable":true,"href":"https:\/\/vozolvapen.de\/de\/wp-json\/wp\/v2\/product_cat?post=50263"},{"taxonomy":"product_tag","embeddable":true,"href":"https:\/\/vozolvapen.de\/de\/wp-json\/wp\/v2\/product_tag?post=50263"}],"curies":[{"name":"wp","href":"https:\/\/api.w.org\/{rel}","templated":true}]}}