{"id":52125,"date":"2026-01-04T03:49:34","date_gmt":"2026-01-04T03:49:34","guid":{"rendered":"https:\/\/vozolvapen.de\/?post_type=product&#038;p=52125"},"modified":"2026-02-10T10:54:21","modified_gmt":"2026-02-10T10:54:21","slug":"100k-vape-waspe-aiviou-100k-retro-sweets-series","status":"publish","type":"product","link":"https:\/\/vozolvapen.de\/de\/product\/100k-vape-waspe-aiviou-100k-retro-sweets-series\/","title":{"rendered":"100k Vape Waspe Aiviou 100k \u2013 Retro-S\u00fc\u00dfigkeiten-Serie"},"content":{"rendered":"<h1>100k Vape Waspe Aiviou 100k Z\u00fcge \u2013 Retro Sweets Serie<\/h1>\n<p data-path-to-node=\"39\"><b data-path-to-node=\"39\" data-index-in-node=\"0\">Die s\u00fc\u00dfe Limonade &amp; Kaugummi:<\/b> Eine nostalgische Reise durch Soda-Brunnen und S\u00fc\u00dfwarenl\u00e4den. Dies <b data-path-to-node=\"39\" data-index-in-node=\"90\">Waspe 100k<\/b> ist eine erstklassige Wahl f\u00fcr alle, die zuckrige Ausatmungen und ein \u201csprudelndes\u201d Gef\u00fchl m\u00f6gen.<\/p>\n<h2 data-path-to-node=\"40\"><b data-path-to-node=\"40\" data-index-in-node=\"0\">Die S\u00fc\u00dfwaren-Vertiefung<\/b><\/h2>\n<ul data-path-to-node=\"41\">\n<li>\n<p data-path-to-node=\"41,0,0\"><b data-path-to-node=\"41,0,0\" data-index-in-node=\"0\">Modus A \u2013 Kirsch-Cola-Eis:<\/b> Sprudelnde Cola mit einem Hauch von dunkler Kirsche.<\/p>\n<\/li>\n<li>\n<p data-path-to-node=\"41,1,0\"><b data-path-to-node=\"41,1,0\" data-index-in-node=\"0\">Modus B \u2013 Erdbeer-Kirsch-Eis:<\/b> Ein doppelter roter Fruchtgenuss mit viel Eis.<\/p>\n<\/li>\n<li>\n<p data-path-to-node=\"41,2,0\"><b data-path-to-node=\"41,2,0\" data-index-in-node=\"0\">Modus C \u2013 Erdbeer-Cola-Eis:<\/b> Ein einzigartiges Experiment mit s\u00fc\u00dfem Soda.<\/p>\n<\/li>\n<li>\n<p data-path-to-node=\"41,3,0\"><b data-path-to-node=\"41,3,0\" data-index-in-node=\"0\">Modus D \u2013 Erdbeer-Wassermelone-Kaugummi:<\/b> Klassische S\u00fc\u00dfigkeit mit z\u00e4her Konsistenz.<\/p>\n<\/li>\n<\/ul>\n<h2 data-path-to-node=\"42\"><b data-path-to-node=\"42\" data-index-in-node=\"0\">F\u00fcr wen ist dieser Geschmack gedacht?<\/b><\/h2>\n<p data-path-to-node=\"42\"><b data-path-to-node=\"42\" data-index-in-node=\"24\">Der Nostalgiker:<\/b> Wenn Sie m\u00f6chten, dass ein <b data-path-to-node=\"42\" data-index-in-node=\"60\">100k Vape<\/b> das gleichzeitig als Dessert dient, dann ist es genau das Richtige.<\/p>\n<h3 data-path-to-node=\"20\"><b data-path-to-node=\"20\" data-index-in-node=\"0\">Retro-S\u00fc\u00dfigkeiten-Serie \u2013 Technische Daten<\/b><\/h3>\n<table data-path-to-node=\"21\">\n<thead>\n<tr>\n<td><strong>Leistungsprofil<\/strong><\/td>\n<td><strong>Waspe 100k Technische Daten<\/strong><\/td>\n<td><strong>Geschmackserlebnis-Index<\/strong><\/td>\n<\/tr>\n<\/thead>\n<tbody>\n<tr>\n<td><span data-path-to-node=\"21,1,0,0\"><b data-path-to-node=\"21,1,0,0\" data-index-in-node=\"0\">Marke<\/b><\/span><\/td>\n<td><span data-path-to-node=\"21,1,1,0\"><b data-path-to-node=\"21,1,1,0\" data-index-in-node=\"0\">Waspe Aiviou 100k<\/b><\/span><\/td>\n<td><span data-path-to-node=\"21,1,2,0\"><b data-path-to-node=\"21,1,2,0\" data-index-in-node=\"0\">Nostalgiefaktor:<\/b> \u2728\u2728\u2728\u2728\u2728<\/span><\/td>\n<\/tr>\n<tr>\n<td><span data-path-to-node=\"21,2,0,0\"><b data-path-to-node=\"21,2,0,0\" data-index-in-node=\"0\">Batteriekapazit\u00e4t<\/b><\/span><\/td>\n<td><span data-path-to-node=\"21,2,1,0\">650 mAh wiederaufladbar<\/span><\/td>\n<td><span data-path-to-node=\"21,2,2,0\"><b data-path-to-node=\"21,2,2,0\" data-index-in-node=\"0\">Bubblegum-Elastizit\u00e4t:<\/b> \ud83c\udf88\ud83c\udf88\ud83c\udf88\ud83c\udf88<\/span><\/td>\n<\/tr>\n<tr>\n<td><span data-path-to-node=\"21,3,0,0\"><b data-path-to-node=\"21,3,0,0\" data-index-in-node=\"0\">Portabilit\u00e4t<\/b><\/span><\/td>\n<td><span data-path-to-node=\"21,3,1,0\">Ergonomisches quadratisches Design<\/span><\/td>\n<td><span data-path-to-node=\"21,3,2,0\"><b data-path-to-node=\"21,3,2,0\" data-index-in-node=\"0\">S\u00fc\u00dfheitsgrad:<\/b> \ud83c\udf6c\ud83c\udf6c\ud83c\udf6c\ud83c\udf6c<\/span><\/td>\n<\/tr>\n<tr>\n<td><span data-path-to-node=\"21,4,0,0\"><b data-path-to-node=\"21,4,0,0\" data-index-in-node=\"0\">Sicherheit<\/b><\/span><\/td>\n<td><span data-path-to-node=\"21,4,1,0\">Kurzschlussschutz<\/span><\/td>\n<td><span data-path-to-node=\"21,4,2,0\"><b data-path-to-node=\"21,4,2,0\" data-index-in-node=\"0\">Bester Luftstrom:<\/b> Knapp (Bonbon-Geschmack)<\/span><\/td>\n<\/tr>\n<\/tbody>\n<\/table>\n<h2><b data-path-to-node=\"13,0\" data-index-in-node=\"0\">Die Wissenschaft hinter den Waspe Aiviou 100k Pods<\/b><\/h2>\n<p data-path-to-node=\"13,1\">Warum sich mit einer Geschmacksrichtung zufrieden geben, wenn Sie ein \u201cMixology\u201d-Erlebnis haben k\u00f6nnen? Dies <b data-path-to-node=\"13,1\" data-index-in-node=\"74\">Waspe 100k<\/b> Mit dieser Serie k\u00f6nnen Sie zwischen vier Pods wechseln, um \u201cVaper\u2019s Tongue\u201d zu vermeiden.\u201d<\/p>\n<ul data-path-to-node=\"13,2\">\n<li>\n<p data-path-to-node=\"13,2,0,0\"><b data-path-to-node=\"13,2,0,0\" data-index-in-node=\"0\">Die Palette zur\u00fccksetzen:<\/b> Beginnen Sie mit dem Zuckerhaltigen <b data-path-to-node=\"13,2,0,0\" data-index-in-node=\"41\">S\u00fc\u00dfigkeiten<\/b> Notizen, dann wechseln Sie zu einem <b data-path-to-node=\"13,2,0,0\" data-index-in-node=\"71\">Pikant<\/b> Pod, um Ihre Geschmacksknospen zur\u00fcckzusetzen.<\/p>\n<\/li>\n<li>\n<p data-path-to-node=\"13,2,1,0\"><b data-path-to-node=\"13,2,1,0\" data-index-in-node=\"0\">Unabh\u00e4ngige Spulen:<\/b> Jeder Pod verf\u00fcgt \u00fcber eine eigene 1,0-\u03a9-Mesh-Spule. Das bedeutet, dass Ihr <b data-path-to-node=\"13,2,1,0\" data-index-in-node=\"72\">Erdbeere<\/b> Der Geschmack schmeckt nie wie deiner. <b data-path-to-node=\"13,2,1,0\" data-index-in-node=\"113\">Cola<\/b> Geschmack, selbst nach 50.000 Z\u00fcgen.<\/p>\n<\/li>\n<li>\n<p data-path-to-node=\"13,2,2,0\"><b data-path-to-node=\"13,2,2,0\" data-index-in-node=\"0\">Individuelle St\u00e4rke:<\/b> Ob Sie nun ein <b data-path-to-node=\"13,2,2,0\" data-index-in-node=\"41\">Vaper ohne Nikotin<\/b> Ob Pod f\u00fcr den Hei\u00dfhunger sp\u00e4t in der Nacht oder ein 5%-Pod f\u00fcr den morgendlichen Kick \u2013 die Geschmacksintegrit\u00e4t bleibt erstklassig.<\/p>\n<\/li>\n<\/ul>\n<h3 data-path-to-node=\"77\"><b data-path-to-node=\"77\" data-index-in-node=\"0\">Weitere Empfehlungen:<\/b><\/h3>\n<p data-path-to-node=\"78\">Entdecken Sie noch mehr unglaubliche Aromen mit dem <b data-path-to-node=\"78\" data-index-in-node=\"47\">Waspe 4 in 1 100K Vape<\/b>!<\/p>\n<p data-path-to-node=\"79\"><a class=\"ng-star-inserted\" href=\"https:\/\/vozolvapen.de\/de\/produktkategorie\/waspe-vape\/100k-vape-waspe-aiviou-100k-4-in-1\/\" target=\"_blank\" rel=\"noopener\" data-hveid=\"0\" data-ved=\"0CAAQ_4QMahgKEwjxyYqx9_CRAxUAAAAAHQAAAAAQ9wE\">Alle Sorten hier ansehen \u2192<\/a><\/p>\n<p data-path-to-node=\"80\">Entdecken Sie unser komplettes Sortiment und kaufen Sie die beliebtesten Vape-Marken.<\/p>\n<p data-path-to-node=\"81\"><a class=\"ng-star-inserted\" href=\"https:\/\/vozolvapen.de\/de\/\" target=\"_blank\" rel=\"noopener\" data-hveid=\"0\" data-ved=\"0CAAQ_4QMahgKEwjxyYqx9_CRAxUAAAAAHQAAAAAQ-AE\">Jetzt alle Marken durchsuchen \u2192<\/a><\/p>\n<p data-path-to-node=\"82\">Sehen Sie sich das vollst\u00e4ndige Angebot an. <b data-path-to-node=\"82\" data-index-in-node=\"23\">Waspe Aiviou<\/b> Serie \u2013 jede Geschmacksrichtung, jeder Stil!<\/p>\n<p data-path-to-node=\"83\"><a class=\"ng-star-inserted\" href=\"https:\/\/vozolvapen.de\/de\/produktkategorie\/waspe-vape\/\" target=\"_blank\" rel=\"noopener\" data-hveid=\"0\" data-ved=\"0CAAQ_4QMahgKEwjxyYqx9_CRAxUAAAAAHQAAAAAQ-QE\">Die gesamte Waspe-Kollektion ansehen \u2192<\/a><\/p>","protected":false},"excerpt":{"rendered":"<p><b data-path-to-node=\"3,7,4,0\" data-index-in-node=\"0\">Nostalgie wieder aufgef\u00fcllt.<\/b> Eine nostalgische Reise durch Bubblegum und s\u00fc\u00dfe Limonadenkapseln. Dies <b data-path-to-node=\"3,7,4,0\" data-index-in-node=\"81\">Waspe 100k<\/b> Die Serie ist unterhaltsam, zuckers\u00fc\u00df und unglaublich langlebig.<\/p>","protected":false},"featured_media":52385,"comment_status":"open","ping_status":"closed","template":"","meta":{"_acf_changed":false},"product_brand":[],"product_cat":[107,134],"product_tag":[],"class_list":{"0":"post-52125","1":"product","2":"type-product","3":"status-publish","4":"has-post-thumbnail","6":"product_cat-100k-vape-waspe-aiviou-100k-4-in-1","7":"product_cat-eu-warehouse-in-stock","9":"first","10":"instock","11":"featured","12":"shipping-taxable","13":"purchasable","14":"product-type-variable"},"acf":[],"yoast_head":"<!-- This site is optimized with the Yoast SEO Premium plugin v26.1 (Yoast SEO v27.5) - https:\/\/yoast.com\/product\/yoast-seo-premium-wordpress\/ -->\n<title>Retro Sweets Waspe Aiviou 100k | 4-in-1 Bubblegum - vozolvapen<\/title>\n<meta name=\"description\" content=\"Relive the classics with Retro Sweets Waspe Aiviou 100k. Bubblegum, Cola, and Cherry 4-in-1 pods. 56ml capacity. The ultimate vaper 100k puffs.\" \/>\n<meta name=\"robots\" content=\"index, follow, max-snippet:-1, max-image-preview:large, max-video-preview:-1\" \/>\n<link rel=\"canonical\" href=\"https:\/\/vozolvapen.de\/de\/produkt\/100k-vape-waspe-aiviou-100k-retro-sweets-series\/\" \/>\n<meta property=\"og:locale\" content=\"de_DE\" \/>\n<meta property=\"og:type\" content=\"article\" \/>\n<meta property=\"og:title\" content=\"100k Vape Waspe Aiviou 100k - Retro Sweets Series\" \/>\n<meta property=\"og:description\" content=\"Relive the classics with Retro Sweets Waspe Aiviou 100k. Bubblegum, Cola, and Cherry 4-in-1 pods. 56ml capacity. The ultimate vaper 100k puffs.\" \/>\n<meta property=\"og:url\" content=\"https:\/\/vozolvapen.de\/de\/produkt\/100k-vape-waspe-aiviou-100k-retro-sweets-series\/\" \/>\n<meta property=\"og:site_name\" content=\"vozolvapen\" \/>\n<meta property=\"article:modified_time\" content=\"2026-02-10T10:54:21+00:00\" \/>\n<meta property=\"og:image\" content=\"https:\/\/vozolvapen.de\/wp-content\/uploads\/2026\/01\/waspe-100k-Cherry-Cola-lceStrawberry-Cherry-lceStrawberry-Cola-lceStrawberrWatermelon-Bubblegum.webp\" \/>\n\t<meta property=\"og:image:width\" content=\"1200\" \/>\n\t<meta property=\"og:image:height\" content=\"1200\" \/>\n\t<meta property=\"og:image:type\" content=\"image\/webp\" \/>\n<meta name=\"twitter:card\" content=\"summary_large_image\" \/>\n<meta name=\"twitter:label1\" content=\"Gesch\u00e4tzte Lesezeit\" \/>\n\t<meta name=\"twitter:data1\" content=\"2\u00a0Minuten\" \/>\n<script type=\"application\/ld+json\" class=\"yoast-schema-graph\">{\"@context\":\"https:\\\/\\\/schema.org\",\"@graph\":[{\"@type\":\"WebPage\",\"@id\":\"https:\\\/\\\/vozolvapen.de\\\/product\\\/100k-vape-waspe-aiviou-100k-retro-sweets-series\\\/\",\"url\":\"https:\\\/\\\/vozolvapen.de\\\/product\\\/100k-vape-waspe-aiviou-100k-retro-sweets-series\\\/\",\"name\":\"Retro Sweets Waspe Aiviou 100k | 4-in-1 Bubblegum - vozolvapen\",\"isPartOf\":{\"@id\":\"https:\\\/\\\/vozolvapen.de\\\/#website\"},\"primaryImageOfPage\":{\"@id\":\"https:\\\/\\\/vozolvapen.de\\\/product\\\/100k-vape-waspe-aiviou-100k-retro-sweets-series\\\/#primaryimage\"},\"image\":{\"@id\":\"https:\\\/\\\/vozolvapen.de\\\/product\\\/100k-vape-waspe-aiviou-100k-retro-sweets-series\\\/#primaryimage\"},\"thumbnailUrl\":\"https:\\\/\\\/vozolvapen.de\\\/wp-content\\\/uploads\\\/2026\\\/01\\\/waspe-100k-Cherry-Cola-lceStrawberry-Cherry-lceStrawberry-Cola-lceStrawberrWatermelon-Bubblegum.webp\",\"datePublished\":\"2026-01-04T03:49:34+00:00\",\"dateModified\":\"2026-02-10T10:54:21+00:00\",\"description\":\"Relive the classics with Retro Sweets Waspe Aiviou 100k. Bubblegum, Cola, and Cherry 4-in-1 pods. 56ml capacity. The ultimate vaper 100k puffs.\",\"breadcrumb\":{\"@id\":\"https:\\\/\\\/vozolvapen.de\\\/product\\\/100k-vape-waspe-aiviou-100k-retro-sweets-series\\\/#breadcrumb\"},\"inLanguage\":\"de\",\"potentialAction\":[{\"@type\":\"ReadAction\",\"target\":[\"https:\\\/\\\/vozolvapen.de\\\/product\\\/100k-vape-waspe-aiviou-100k-retro-sweets-series\\\/\"]}]},{\"@type\":\"ImageObject\",\"inLanguage\":\"de\",\"@id\":\"https:\\\/\\\/vozolvapen.de\\\/product\\\/100k-vape-waspe-aiviou-100k-retro-sweets-series\\\/#primaryimage\",\"url\":\"https:\\\/\\\/vozolvapen.de\\\/wp-content\\\/uploads\\\/2026\\\/01\\\/waspe-100k-Cherry-Cola-lceStrawberry-Cherry-lceStrawberry-Cola-lceStrawberrWatermelon-Bubblegum.webp\",\"contentUrl\":\"https:\\\/\\\/vozolvapen.de\\\/wp-content\\\/uploads\\\/2026\\\/01\\\/waspe-100k-Cherry-Cola-lceStrawberry-Cherry-lceStrawberry-Cola-lceStrawberrWatermelon-Bubblegum.webp\",\"width\":1200,\"height\":1200,\"caption\":\"Waspe 100k Cherry Cola Lcestrawberry Lcestrawberrwatermelon Bubblegum Disposable Vape Device\"},{\"@type\":\"BreadcrumbList\",\"@id\":\"https:\\\/\\\/vozolvapen.de\\\/product\\\/100k-vape-waspe-aiviou-100k-retro-sweets-series\\\/#breadcrumb\",\"itemListElement\":[{\"@type\":\"ListItem\",\"position\":1,\"name\":\"Home\",\"item\":\"https:\\\/\\\/vozolvapen.de\\\/de\\\/\"},{\"@type\":\"ListItem\",\"position\":2,\"name\":\"Shop\",\"item\":\"https:\\\/\\\/vozolvapen.de\\\/shop\\\/\"},{\"@type\":\"ListItem\",\"position\":3,\"name\":\"100k Vape Waspe Aiviou 100k &#8211; Retro Sweets Series\"}]},{\"@type\":\"WebSite\",\"@id\":\"https:\\\/\\\/vozolvapen.de\\\/#website\",\"url\":\"https:\\\/\\\/vozolvapen.de\\\/\",\"name\":\"vozolvapen\",\"description\":\"vozolvapen\",\"publisher\":{\"@id\":\"https:\\\/\\\/vozolvapen.de\\\/#organization\"},\"potentialAction\":[{\"@type\":\"SearchAction\",\"target\":{\"@type\":\"EntryPoint\",\"urlTemplate\":\"https:\\\/\\\/vozolvapen.de\\\/?s={search_term_string}\"},\"query-input\":{\"@type\":\"PropertyValueSpecification\",\"valueRequired\":true,\"valueName\":\"search_term_string\"}}],\"inLanguage\":\"de\"},{\"@type\":\"Organization\",\"@id\":\"https:\\\/\\\/vozolvapen.de\\\/#organization\",\"name\":\"vozolvapen\",\"url\":\"https:\\\/\\\/vozolvapen.de\\\/\",\"logo\":{\"@type\":\"ImageObject\",\"inLanguage\":\"de\",\"@id\":\"https:\\\/\\\/vozolvapen.de\\\/#\\\/schema\\\/logo\\\/image\\\/\",\"url\":\"https:\\\/\\\/vozolvapen.de\\\/wp-content\\\/uploads\\\/2025\\\/12\\\/cropped-vozovapen-logo.webp\",\"contentUrl\":\"https:\\\/\\\/vozolvapen.de\\\/wp-content\\\/uploads\\\/2025\\\/12\\\/cropped-vozovapen-logo.webp\",\"width\":470,\"height\":110,\"caption\":\"vozolvapen\"},\"image\":{\"@id\":\"https:\\\/\\\/vozolvapen.de\\\/#\\\/schema\\\/logo\\\/image\\\/\"}}]}<\/script>\n<!-- \/ Yoast SEO Premium plugin. -->","yoast_head_json":{"title":"Retro Sweets Waspe Aiviou 100k | 4-in-1-Kaugummi \u2013 vozolvapen","description":"Erleben Sie die Klassiker neu mit Retro Sweets Waspe Aiviou 100k. Bubblegum, Cola und Cherry 4-in-1-Pods. 56 ml Fassungsverm\u00f6gen. Das ultimative Vaping-Erlebnis mit 100.000 Z\u00fcgen.","robots":{"index":"index","follow":"follow","max-snippet":"max-snippet:-1","max-image-preview":"max-image-preview:large","max-video-preview":"max-video-preview:-1"},"canonical":"https:\/\/vozolvapen.de\/de\/produkt\/100k-vape-waspe-aiviou-100k-retro-sweets-series\/","og_locale":"de_DE","og_type":"article","og_title":"100k Vape Waspe Aiviou 100k - Retro Sweets Series","og_description":"Relive the classics with Retro Sweets Waspe Aiviou 100k. Bubblegum, Cola, and Cherry 4-in-1 pods. 56ml capacity. The ultimate vaper 100k puffs.","og_url":"https:\/\/vozolvapen.de\/de\/produkt\/100k-vape-waspe-aiviou-100k-retro-sweets-series\/","og_site_name":"vozolvapen","article_modified_time":"2026-02-10T10:54:21+00:00","og_image":[{"width":1200,"height":1200,"url":"https:\/\/vozolvapen.de\/wp-content\/uploads\/2026\/01\/waspe-100k-Cherry-Cola-lceStrawberry-Cherry-lceStrawberry-Cola-lceStrawberrWatermelon-Bubblegum.webp","type":"image\/webp"}],"twitter_card":"summary_large_image","twitter_misc":{"Gesch\u00e4tzte Lesezeit":"2\u00a0Minuten"},"schema":{"@context":"https:\/\/schema.org","@graph":[{"@type":"WebPage","@id":"https:\/\/vozolvapen.de\/product\/100k-vape-waspe-aiviou-100k-retro-sweets-series\/","url":"https:\/\/vozolvapen.de\/product\/100k-vape-waspe-aiviou-100k-retro-sweets-series\/","name":"Retro Sweets Waspe Aiviou 100k | 4-in-1-Kaugummi \u2013 vozolvapen","isPartOf":{"@id":"https:\/\/vozolvapen.de\/#website"},"primaryImageOfPage":{"@id":"https:\/\/vozolvapen.de\/product\/100k-vape-waspe-aiviou-100k-retro-sweets-series\/#primaryimage"},"image":{"@id":"https:\/\/vozolvapen.de\/product\/100k-vape-waspe-aiviou-100k-retro-sweets-series\/#primaryimage"},"thumbnailUrl":"https:\/\/vozolvapen.de\/wp-content\/uploads\/2026\/01\/waspe-100k-Cherry-Cola-lceStrawberry-Cherry-lceStrawberry-Cola-lceStrawberrWatermelon-Bubblegum.webp","datePublished":"2026-01-04T03:49:34+00:00","dateModified":"2026-02-10T10:54:21+00:00","description":"Erleben Sie die Klassiker neu mit Retro Sweets Waspe Aiviou 100k. Bubblegum, Cola und Cherry 4-in-1-Pods. 56 ml Fassungsverm\u00f6gen. Das ultimative Vaping-Erlebnis mit 100.000 Z\u00fcgen.","breadcrumb":{"@id":"https:\/\/vozolvapen.de\/product\/100k-vape-waspe-aiviou-100k-retro-sweets-series\/#breadcrumb"},"inLanguage":"de","potentialAction":[{"@type":"ReadAction","target":["https:\/\/vozolvapen.de\/product\/100k-vape-waspe-aiviou-100k-retro-sweets-series\/"]}]},{"@type":"ImageObject","inLanguage":"de","@id":"https:\/\/vozolvapen.de\/product\/100k-vape-waspe-aiviou-100k-retro-sweets-series\/#primaryimage","url":"https:\/\/vozolvapen.de\/wp-content\/uploads\/2026\/01\/waspe-100k-Cherry-Cola-lceStrawberry-Cherry-lceStrawberry-Cola-lceStrawberrWatermelon-Bubblegum.webp","contentUrl":"https:\/\/vozolvapen.de\/wp-content\/uploads\/2026\/01\/waspe-100k-Cherry-Cola-lceStrawberry-Cherry-lceStrawberry-Cola-lceStrawberrWatermelon-Bubblegum.webp","width":1200,"height":1200,"caption":"Waspe 100k Cherry Cola Lcestrawberry Lcestrawberrwatermelon Bubblegum Disposable Vape Device"},{"@type":"BreadcrumbList","@id":"https:\/\/vozolvapen.de\/product\/100k-vape-waspe-aiviou-100k-retro-sweets-series\/#breadcrumb","itemListElement":[{"@type":"ListItem","position":1,"name":"Home","item":"https:\/\/vozolvapen.de\/de\/"},{"@type":"ListItem","position":2,"name":"Shop","item":"https:\/\/vozolvapen.de\/shop\/"},{"@type":"ListItem","position":3,"name":"100k Vape Waspe Aiviou 100k &#8211; Retro Sweets Series"}]},{"@type":"WebSite","@id":"https:\/\/vozolvapen.de\/#website","url":"https:\/\/vozolvapen.de\/","name":"Vozolvapen","description":"Vozolvapen","publisher":{"@id":"https:\/\/vozolvapen.de\/#organization"},"potentialAction":[{"@type":"SearchAction","target":{"@type":"EntryPoint","urlTemplate":"https:\/\/vozolvapen.de\/?s={search_term_string}"},"query-input":{"@type":"PropertyValueSpecification","valueRequired":true,"valueName":"search_term_string"}}],"inLanguage":"de"},{"@type":"Organization","@id":"https:\/\/vozolvapen.de\/#organization","name":"Vozolvapen","url":"https:\/\/vozolvapen.de\/","logo":{"@type":"ImageObject","inLanguage":"de","@id":"https:\/\/vozolvapen.de\/#\/schema\/logo\/image\/","url":"https:\/\/vozolvapen.de\/wp-content\/uploads\/2025\/12\/cropped-vozovapen-logo.webp","contentUrl":"https:\/\/vozolvapen.de\/wp-content\/uploads\/2025\/12\/cropped-vozovapen-logo.webp","width":470,"height":110,"caption":"vozolvapen"},"image":{"@id":"https:\/\/vozolvapen.de\/#\/schema\/logo\/image\/"}}]}},"tiered_pricing_type":"fixed","tiered_pricing_fixed_rules":{"30":"13.57","50":"11.57","100":"10.57","200":"10.07"},"tiered_pricing_product_settings":{"layout":"default","base_unit_name":{"singular":null,"plural":null},"default_variation":{}},"tiered_pricing_minimum_quantity":10,"tiered_pricing_roles_data":[],"tiered_pricing_percentage_rules":[],"tiered_pricing_maximum_quantity":null,"tiered_pricing_quantity_step":"10","_links":{"self":[{"href":"https:\/\/vozolvapen.de\/de\/wp-json\/wp\/v2\/product\/52125","targetHints":{"allow":["GET"]}}],"collection":[{"href":"https:\/\/vozolvapen.de\/de\/wp-json\/wp\/v2\/product"}],"about":[{"href":"https:\/\/vozolvapen.de\/de\/wp-json\/wp\/v2\/types\/product"}],"replies":[{"embeddable":true,"href":"https:\/\/vozolvapen.de\/de\/wp-json\/wp\/v2\/comments?post=52125"}],"wp:featuredmedia":[{"embeddable":true,"href":"https:\/\/vozolvapen.de\/de\/wp-json\/wp\/v2\/media\/52385"}],"wp:attachment":[{"href":"https:\/\/vozolvapen.de\/de\/wp-json\/wp\/v2\/media?parent=52125"}],"wp:term":[{"taxonomy":"product_brand","embeddable":true,"href":"https:\/\/vozolvapen.de\/de\/wp-json\/wp\/v2\/product_brand?post=52125"},{"taxonomy":"product_cat","embeddable":true,"href":"https:\/\/vozolvapen.de\/de\/wp-json\/wp\/v2\/product_cat?post=52125"},{"taxonomy":"product_tag","embeddable":true,"href":"https:\/\/vozolvapen.de\/de\/wp-json\/wp\/v2\/product_tag?post=52125"}],"curies":[{"name":"wp","href":"https:\/\/api.w.org\/{rel}","templated":true}]}}