{"id":66451,"date":"2026-02-02T10:48:09","date_gmt":"2026-02-02T10:48:09","guid":{"rendered":"https:\/\/vozolvapen.de\/?post_type=product&#038;p=66451"},"modified":"2026-02-26T08:29:28","modified_gmt":"2026-02-26T08:29:28","slug":"razz-bar-30000-30k-puffs-disposable-vape-adjustable-airflow-eu-warehouse-wholesale","status":"publish","type":"product","link":"https:\/\/vozolvapen.de\/de\/product\/razz-bar-30000-30k-puffs-disposable-vape-adjustable-airflow-eu-warehouse-wholesale\/","title":{"rendered":"Razz Bar 30000 30k Puffs Disposable Vape | Einstellbare Airflow | EU Warehouse Gro\u00dfhandel"},"content":{"rendered":"<h1 style=\"text-align: center;\">Razz Bar 30000 30k Puffs Einweg Vape<\/h1>\n<p data-path-to-node=\"1\">Erh\u00f6hen Sie Ihre Vaping-Standards mit dem <b data-path-to-node=\"1\" data-index-in-node=\"39\">Razz Bar 30000<\/b>, ein Hochleistungs-Einwegprodukt, das f\u00fcr ultimative Langlebigkeit und Geschmackspr\u00e4zision entwickelt wurde. Ausgestattet mit einem massiven <b data-path-to-node=\"1\" data-index-in-node=\"159\">30k Razz Bar<\/b> Pufferspeicher und ein <b data-path-to-node=\"1\" data-index-in-node=\"193\">verstellbares Luftstromsystem<\/b>, das <b data-path-to-node=\"1\" data-index-in-node=\"224\">Razz Bar 30k<\/b> Serie bietet eine anpassbare, erstklassige Erfahrung von einem zuverl\u00e4ssigen <b data-path-to-node=\"1\" data-index-in-node=\"304\">vaper razz bar 30000<\/b> Plattform.<\/p>\n<h2 data-path-to-node=\"3\">Razz Bar 30000 Produktkernparameter<\/h2>\n<table data-path-to-node=\"4\">\n<thead>\n<tr>\n<td><strong>Funktion<\/strong><\/td>\n<td><strong>Technische Spezifikation<\/strong><\/td>\n<\/tr>\n<\/thead>\n<tbody>\n<tr>\n<td><span data-path-to-node=\"4,1,0,0\"><b data-path-to-node=\"4,1,0,0\" data-index-in-node=\"0\">Modell<\/b><\/span><\/td>\n<td><span data-path-to-node=\"4,1,1,0\"><b data-path-to-node=\"4,1,1,0\" data-index-in-node=\"0\">Razz Bar 30000 (30k Puffs)<\/b><\/span><\/td>\n<\/tr>\n<tr>\n<td><span data-path-to-node=\"4,2,0,0\"><b data-path-to-node=\"4,2,0,0\" data-index-in-node=\"0\">Puff-Anzahl<\/b><\/span><\/td>\n<td><span data-path-to-node=\"4,2,1,0\">Bis zu 30 puffs<\/span><\/td>\n<\/tr>\n<tr>\n<td><span data-path-to-node=\"4,3,0,0\"><b data-path-to-node=\"4,3,0,0\" data-index-in-node=\"0\">E-Liquid-Kapazit\u00e4t<\/b><\/span><\/td>\n<td><span data-path-to-node=\"4,3,1,0\">30ML Premium abgef\u00fclltes Liquid<\/span><\/td>\n<\/tr>\n<tr>\n<td><span data-path-to-node=\"4,4,0,0\"><b data-path-to-node=\"4,4,0,0\" data-index-in-node=\"0\">Batteriekapazit\u00e4t<\/b><\/span><\/td>\n<td><span data-path-to-node=\"4,4,1,0\">650 mAh Kobalt mit hoher Dichte<\/span><\/td>\n<\/tr>\n<tr>\n<td><span data-path-to-node=\"4,5,0,0\"><b data-path-to-node=\"4,5,0,0\" data-index-in-node=\"0\">Spulentyp<\/b><\/span><\/td>\n<td><span data-path-to-node=\"4,5,1,0\">1.0\u03a9 Mesh-Spule (High-Fidelity-Geschmack)<\/span><\/td>\n<\/tr>\n<tr>\n<td><span data-path-to-node=\"4,6,0,0\"><b data-path-to-node=\"4,6,0,0\" data-index-in-node=\"0\">Luftstrom<\/b><\/span><\/td>\n<td><span data-path-to-node=\"4,6,1,0\">Vollst\u00e4ndig einstellbarer unterer Luftstrom<\/span><\/td>\n<\/tr>\n<tr>\n<td><span data-path-to-node=\"4,7,0,0\"><b data-path-to-node=\"4,7,0,0\" data-index-in-node=\"0\">Nikotingehalt<\/b><\/span><\/td>\n<td><span data-path-to-node=\"4,7,1,0\">2% (20mg) \/ 5% (50mg) Optionen<\/span><\/td>\n<\/tr>\n<tr>\n<td><span data-path-to-node=\"4,8,0,0\"><b data-path-to-node=\"4,8,0,0\" data-index-in-node=\"0\">Aufladen<\/b><\/span><\/td>\n<td><span data-path-to-node=\"4,8,1,0\">USB Typ-C Wiederaufladbar<\/span><\/td>\n<\/tr>\n<tr>\n<td><span data-path-to-node=\"4,9,0,0\"><b data-path-to-node=\"4,9,0,0\" data-index-in-node=\"0\">Logistik<\/b><\/span><\/td>\n<td><span data-path-to-node=\"4,9,1,0\">EU-Lager (Lieferung innerhalb von 1\u20133 Tagen)<\/span><\/td>\n<\/tr>\n<\/tbody>\n<\/table>\n<h2 data-path-to-node=\"6\">Razz Bar 30k Geschmacksauswahl<\/h2>\n<p data-path-to-node=\"7\">Das <b data-path-to-node=\"7\" data-index-in-node=\"4\">razz bar puffs<\/b> Sammlung bietet 16 Master-blended Aromen, f\u00fcr die 1,0 \u03a9 Mesh-Spule optimiert, um sicherzustellen, Null Geschmacksverschlechterung:<\/p>\n<p>1.dreifache Melone<br \/>\n2. erdbeereis<br \/>\n3. Saurer Apfel<br \/>\n4 Mango Pfirsich Wassermelone<br \/>\n5. Erdbeer-Banane<br \/>\n6. blaubeereis<br \/>\n7. saftiges Pfirsicheis<br \/>\n8. erdbeer kiwi<br \/>\n9 Wassermeloneneis<br \/>\n10.Sommertraum<br \/>\n11. erdbeerige Wassermelone<br \/>\n12. Gemischte Beeren<br \/>\n13.blaues Razz-Eis<br \/>\n14. zitronengelbe Limette<br \/>\n15.Cola-Eis<br \/>\n16. brombeereis<\/p>\n<h2><strong>Razz Bar 30000 30k Puffs <\/strong><strong>Video:<\/strong><\/h2>\n<p><iframe title=\"16 Geschmacksrichtungen, 30.000 Puffs! Welcher Razz Bar 30k ist deiner? \ufffd\ufffd\" src=\"https:\/\/player.vimeo.com\/video\/1152429678?badge=0&amp;autopause=0&amp;player_id=0&amp;app_id=58479\" width=\"400\" height=\"711\" frameborder=\"0\" data-mce-fragment=\"1\"><\/iframe><\/p>\n<h2>Premium-Erlebnis &amp; wichtige Verkaufsargumente<\/h2>\n<p data-path-to-node=\"12\">Das <b data-path-to-node=\"12\" data-index-in-node=\"4\">Razz Bar 30000<\/b> wurde f\u00fcr den modernen Dampfer entwickelt, der sowohl Haltbarkeit als auch Kontrolle verlangt.<\/p>\n<ul>\n<li data-path-to-node=\"13,0,0\"><b data-path-to-node=\"13,0,0\" data-index-in-node=\"0\">Anpassbarer Luftstrom:<\/b> Im Gegensatz zu herk\u00f6mmlichen Einwegprodukten ist das <b data-path-to-node=\"13,0,0\" data-index-in-node=\"55\">Razz Bar 30k<\/b> k\u00f6nnen Sie zwischen einem engen MTL- (Mouth-to-Lung) oder einem lockeren RDL-Zug umschalten und so die Kraft des <b data-path-to-node=\"13,0,0\" data-index-in-node=\"171\">vaper razz bar 30000<\/b> in Ihren H\u00e4nden.<\/li>\n<li data-path-to-node=\"13,1,0\"><b data-path-to-node=\"13,1,0\" data-index-in-node=\"0\">\u00dcberlegene 1.0\u03a9 Mesh-Technologie:<\/b> Die fortschrittliche Maschenstruktur maximiert die Oberfl\u00e4che, so dass jeder <b data-path-to-node=\"13,1,0\" data-index-in-node=\"102\">Razzia-Barpuff<\/b> ist dicht, warm und strotzt vor Geschmack.<\/li>\n<li data-path-to-node=\"13,2,0\"><b data-path-to-node=\"13,2,0\" data-index-in-node=\"0\">Unschlagbare Kapazit\u00e4t:<\/b> Mit <b data-path-to-node=\"13,2,0\" data-index-in-node=\"26\">30,000 puffs<\/b> und einem 30ML-Tank ersetzt dieses Ger\u00e4t mehrere kleinere Einwegartikel und bietet das beste Preis-Leistungs-Verh\u00e4ltnis in der <b data-path-to-node=\"13,2,0\" data-index-in-node=\"138\">puff 30k razz bar<\/b> Markt.<\/li>\n<li data-path-to-node=\"13,3,0\"><b data-path-to-node=\"13,3,0\" data-index-in-node=\"0\">Schneller EU-Versand:<\/b> Auf Lager in unserem <b data-path-to-node=\"13,3,0\" data-index-in-node=\"34\">Europ\u00e4isches Lager<\/b>, Wir garantieren die Lieferung innerhalb von <b data-path-to-node=\"13,3,0\" data-index-in-node=\"83\">1\u20133 Werktage<\/b>, f\u00fcr die europ\u00e4ischen Einzelh\u00e4ndler und Verbraucher vollst\u00e4ndig verzollt.<\/li>\n<\/ul>\n<h2 data-path-to-node=\"15\">B2B &amp; Gro\u00dfhandel M\u00f6glichkeiten<\/h2>\n<p data-path-to-node=\"16\">Erweitern Sie Ihr Inventar mit den Top-Trends <b data-path-to-node=\"16\" data-index-in-node=\"44\">Razz Bar 30000<\/b>. Wir bieten wettbewerbsf\u00e4hige Gro\u00dfhandelspreise f\u00fcr die <b data-path-to-node=\"16\" data-index-in-node=\"107\">Razz Bar 30k Vape<\/b> Serien, die Ihnen helfen, Ihren lokalen Markt zu beherrschen.<\/p>\n<ul>\n<li data-path-to-node=\"17,0,0\"><b data-path-to-node=\"17,0,0\" data-index-in-node=\"0\">Verpackung:<\/b> 10 St\u00fcck pro Displaykarton \/ 135g pro St\u00fcck.<\/li>\n<li data-path-to-node=\"17,1,0\"><b data-path-to-node=\"17,1,0\" data-index-in-node=\"0\">Bulk-Vorteile:<\/b> Gestaffelte Preise, zuverl\u00e4ssige Lieferkette und schnelle EU-zu-EU-Logistik.<\/li>\n<li data-path-to-node=\"17,2,0\"><b data-path-to-node=\"17,2,0\" data-index-in-node=\"0\">Marktnachfrage:<\/b> Das <b data-path-to-node=\"17,2,0\" data-index-in-node=\"19\">30k Razz Bar<\/b> ist aufgrund seiner hohen Puffzahl und der erstklassigen Luftstromeigenschaften ein Artikel mit hohem Umsatz.<\/li>\n<\/ul>\n<h2 data-path-to-node=\"19\">Razz Bar 30000 FAQ<\/h2>\n<h3 data-path-to-node=\"20\"><b data-path-to-node=\"20\" data-index-in-node=\"0\">F: Wie kann ich den Luftstrom an der Razz Bar 30000 einstellen?<\/b><\/h3>\n<p data-path-to-node=\"20\">A: Es gibt einen Schiebeschalter an der Basis des <b data-path-to-node=\"20\" data-index-in-node=\"102\">razz bar puffs<\/b> Ger\u00e4t. Schieben Sie es zu \u00f6ffnen f\u00fcr mehr Dampf oder schlie\u00dfen Sie es f\u00fcr eine engere, mehr Nikotin fokussiert hit.<\/p>\n<h3 data-path-to-node=\"21\"><b data-path-to-node=\"21\" data-index-in-node=\"0\">F: Wie lange h\u00e4lt der 650-mAh-Akku?<\/b><\/h3>\n<p data-path-to-node=\"21\">A: Bei einer vollen Ladung wird die <b data-path-to-node=\"21\" data-index-in-node=\"67\">Razz Bar 30k<\/b> reicht in der Regel f\u00fcr einen ganzen Tag bei moderater Nutzung. Es kann \u00fcber jedes Typ-C-Kabel schnell wieder aufgeladen werden.<\/p>\n<h3 data-path-to-node=\"22\"><b data-path-to-node=\"22\" data-index-in-node=\"0\">F: Ist der Nikotingehalt zu hoch?<\/b><\/h3>\n<p data-path-to-node=\"22\">A: Nein, die <b data-path-to-node=\"22\" data-index-in-node=\"43\">vaper razz bar 30000<\/b> verwendet hochwertige Nikotinsalze (2% oder 5%) in Kombination mit einer 1,0-\u03a9-Mesh-Spule, um einen sanften Kehlkopfschlag zu gew\u00e4hrleisten, ohne dabei den \u201cKick\u201d zu opfern.\u201d<\/p>","protected":false},"excerpt":{"rendered":"<ul>\n<li data-path-to-node=\"13,0,0\"><strong>30.000 Puff-Kapazit\u00e4t: Die l\u00e4ngste Puff 30k razz bar in einem tragbaren Design.<\/strong><\/li>\n<li data-path-to-node=\"13,1,0\"><strong>Individueller Luftstrom: Wechseln Sie mit einem einfachen Schieber zwischen engen und luftigen Z\u00fcgen.<\/strong><\/li>\n<li data-path-to-node=\"13,2,0\"><strong>1.0\u03a9 Mesh Coil: Optimiert f\u00fcr reiche Dampf und konsistente razz bar puffs.<\/strong><\/li>\n<li data-path-to-node=\"13,3,0\"><strong>Schnelles Aufladen: 650mAh Akku mit USB Typ-C f\u00fcr minimale Ausfallzeiten.<\/strong><\/li>\n<li data-path-to-node=\"13,4,0\"><strong>EU-Lagerbestand: Zollfreier Versand mit 1-3 Tagen Lieferung in ganz Europa.<\/strong><\/li>\n<\/ul>","protected":false},"featured_media":56450,"comment_status":"open","ping_status":"closed","template":"","meta":{"_acf_changed":false},"product_brand":[],"product_cat":[134,110],"product_tag":[],"class_list":{"0":"post-66451","1":"product","2":"type-product","3":"status-publish","4":"has-post-thumbnail","6":"product_cat-eu-warehouse-in-stock","7":"product_cat-razz-bar","9":"first","10":"instock","11":"shipping-taxable","12":"purchasable","13":"product-type-variable"},"acf":[],"yoast_head":"<!-- This site is optimized with the Yoast SEO Premium plugin v26.1 (Yoast SEO v27.5) - https:\/\/yoast.com\/product\/yoast-seo-premium-wordpress\/ -->\n<title>Razz Bar 30000 Puffs | 30k Rechargeable Vape with Airflow - vozolvapen<\/title>\n<meta name=\"description\" content=\"Get the Razz Bar 30000. Features 30k puffs, a 30ML tank, 1.0\u03a9 mesh coil, and adjustable airflow. Fast 1-3 day EU delivery. Shop the best 30k Razz Bar today!\" \/>\n<meta name=\"robots\" content=\"index, follow, max-snippet:-1, max-image-preview:large, max-video-preview:-1\" \/>\n<link rel=\"canonical\" href=\"https:\/\/vozolvapen.de\/de\/produkt\/razz-bar-30000-30k-puffs-disposable-vape-adjustable-airflow-eu-warehouse-wholesale\/\" \/>\n<meta property=\"og:locale\" content=\"de_DE\" \/>\n<meta property=\"og:type\" content=\"article\" \/>\n<meta property=\"og:title\" content=\"Razz Bar 30000 30k Puffs Disposable Vape | Adjustable Airflow | EU Warehouse Wholesale\" \/>\n<meta property=\"og:description\" content=\"Get the Razz Bar 30000. Features 30k puffs, a 30ML tank, 1.0\u03a9 mesh coil, and adjustable airflow. Fast 1-3 day EU delivery. Shop the best 30k Razz Bar today!\" \/>\n<meta property=\"og:url\" content=\"https:\/\/vozolvapen.de\/de\/produkt\/razz-bar-30000-30k-puffs-disposable-vape-adjustable-airflow-eu-warehouse-wholesale\/\" \/>\n<meta property=\"og:site_name\" content=\"vozolvapen\" \/>\n<meta property=\"article:modified_time\" content=\"2026-02-26T08:29:28+00:00\" \/>\n<meta property=\"og:image\" content=\"https:\/\/vozolvapen.de\/wp-content\/uploads\/2026\/01\/Razz-Bar-30000-30k-puffs-5.webp\" \/>\n\t<meta property=\"og:image:width\" content=\"1200\" \/>\n\t<meta property=\"og:image:height\" content=\"1200\" \/>\n\t<meta property=\"og:image:type\" content=\"image\/webp\" \/>\n<meta name=\"twitter:card\" content=\"summary_large_image\" \/>\n<meta name=\"twitter:label1\" content=\"Gesch\u00e4tzte Lesezeit\" \/>\n\t<meta name=\"twitter:data1\" content=\"3\u00a0Minuten\" \/>\n<script type=\"application\/ld+json\" class=\"yoast-schema-graph\">{\"@context\":\"https:\\\/\\\/schema.org\",\"@graph\":[{\"@type\":\"WebPage\",\"@id\":\"https:\\\/\\\/vozolvapen.de\\\/product\\\/razz-bar-30000-30k-puffs-disposable-vape-adjustable-airflow-eu-warehouse-wholesale\\\/\",\"url\":\"https:\\\/\\\/vozolvapen.de\\\/product\\\/razz-bar-30000-30k-puffs-disposable-vape-adjustable-airflow-eu-warehouse-wholesale\\\/\",\"name\":\"Razz Bar 30000 Puffs | 30k Rechargeable Vape with Airflow - vozolvapen\",\"isPartOf\":{\"@id\":\"https:\\\/\\\/vozolvapen.de\\\/#website\"},\"primaryImageOfPage\":{\"@id\":\"https:\\\/\\\/vozolvapen.de\\\/product\\\/razz-bar-30000-30k-puffs-disposable-vape-adjustable-airflow-eu-warehouse-wholesale\\\/#primaryimage\"},\"image\":{\"@id\":\"https:\\\/\\\/vozolvapen.de\\\/product\\\/razz-bar-30000-30k-puffs-disposable-vape-adjustable-airflow-eu-warehouse-wholesale\\\/#primaryimage\"},\"thumbnailUrl\":\"https:\\\/\\\/vozolvapen.de\\\/wp-content\\\/uploads\\\/2026\\\/01\\\/Razz-Bar-30000-30k-puffs-5.webp\",\"datePublished\":\"2026-02-02T10:48:09+00:00\",\"dateModified\":\"2026-02-26T08:29:28+00:00\",\"description\":\"Get the Razz Bar 30000. Features 30k puffs, a 30ML tank, 1.0\u03a9 mesh coil, and adjustable airflow. Fast 1-3 day EU delivery. Shop the best 30k Razz Bar today!\",\"breadcrumb\":{\"@id\":\"https:\\\/\\\/vozolvapen.de\\\/product\\\/razz-bar-30000-30k-puffs-disposable-vape-adjustable-airflow-eu-warehouse-wholesale\\\/#breadcrumb\"},\"inLanguage\":\"de\",\"potentialAction\":[{\"@type\":\"ReadAction\",\"target\":[\"https:\\\/\\\/vozolvapen.de\\\/product\\\/razz-bar-30000-30k-puffs-disposable-vape-adjustable-airflow-eu-warehouse-wholesale\\\/\"]}]},{\"@type\":\"ImageObject\",\"inLanguage\":\"de\",\"@id\":\"https:\\\/\\\/vozolvapen.de\\\/product\\\/razz-bar-30000-30k-puffs-disposable-vape-adjustable-airflow-eu-warehouse-wholesale\\\/#primaryimage\",\"url\":\"https:\\\/\\\/vozolvapen.de\\\/wp-content\\\/uploads\\\/2026\\\/01\\\/Razz-Bar-30000-30k-puffs-5.webp\",\"contentUrl\":\"https:\\\/\\\/vozolvapen.de\\\/wp-content\\\/uploads\\\/2026\\\/01\\\/Razz-Bar-30000-30k-puffs-5.webp\",\"width\":1200,\"height\":1200,\"caption\":\"Razz Bar 30000 30k Puffs 5 Disposable Vape Device\"},{\"@type\":\"BreadcrumbList\",\"@id\":\"https:\\\/\\\/vozolvapen.de\\\/product\\\/razz-bar-30000-30k-puffs-disposable-vape-adjustable-airflow-eu-warehouse-wholesale\\\/#breadcrumb\",\"itemListElement\":[{\"@type\":\"ListItem\",\"position\":1,\"name\":\"Home\",\"item\":\"https:\\\/\\\/vozolvapen.de\\\/de\\\/\"},{\"@type\":\"ListItem\",\"position\":2,\"name\":\"Shop\",\"item\":\"https:\\\/\\\/vozolvapen.de\\\/shop\\\/\"},{\"@type\":\"ListItem\",\"position\":3,\"name\":\"Razz Bar 30000 30k Puffs Disposable Vape | Adjustable Airflow | EU Warehouse Wholesale\"}]},{\"@type\":\"WebSite\",\"@id\":\"https:\\\/\\\/vozolvapen.de\\\/#website\",\"url\":\"https:\\\/\\\/vozolvapen.de\\\/\",\"name\":\"vozolvapen\",\"description\":\"vozolvapen\",\"publisher\":{\"@id\":\"https:\\\/\\\/vozolvapen.de\\\/#organization\"},\"potentialAction\":[{\"@type\":\"SearchAction\",\"target\":{\"@type\":\"EntryPoint\",\"urlTemplate\":\"https:\\\/\\\/vozolvapen.de\\\/?s={search_term_string}\"},\"query-input\":{\"@type\":\"PropertyValueSpecification\",\"valueRequired\":true,\"valueName\":\"search_term_string\"}}],\"inLanguage\":\"de\"},{\"@type\":\"Organization\",\"@id\":\"https:\\\/\\\/vozolvapen.de\\\/#organization\",\"name\":\"vozolvapen\",\"url\":\"https:\\\/\\\/vozolvapen.de\\\/\",\"logo\":{\"@type\":\"ImageObject\",\"inLanguage\":\"de\",\"@id\":\"https:\\\/\\\/vozolvapen.de\\\/#\\\/schema\\\/logo\\\/image\\\/\",\"url\":\"https:\\\/\\\/vozolvapen.de\\\/wp-content\\\/uploads\\\/2025\\\/12\\\/cropped-vozovapen-logo.webp\",\"contentUrl\":\"https:\\\/\\\/vozolvapen.de\\\/wp-content\\\/uploads\\\/2025\\\/12\\\/cropped-vozovapen-logo.webp\",\"width\":470,\"height\":110,\"caption\":\"vozolvapen\"},\"image\":{\"@id\":\"https:\\\/\\\/vozolvapen.de\\\/#\\\/schema\\\/logo\\\/image\\\/\"}}]}<\/script>\n<!-- \/ Yoast SEO Premium plugin. -->","yoast_head_json":{"title":"Razz Bar 30000 Puffs | 30k Wiederaufladbare Vape mit Airflow - vozolvapen","description":"Holen Sie sich die Razz Bar 30000. Verf\u00fcgt \u00fcber 30k Puffs, einen 30ML Tank, 1.0\u03a9 Mesh Coil, und einstellbare Luftstrom. Schnelle 1-3 Tage EU-Lieferung. Kaufen Sie die besten 30k Razz Bar heute!","robots":{"index":"index","follow":"follow","max-snippet":"max-snippet:-1","max-image-preview":"max-image-preview:large","max-video-preview":"max-video-preview:-1"},"canonical":"https:\/\/vozolvapen.de\/de\/produkt\/razz-bar-30000-30k-puffs-disposable-vape-adjustable-airflow-eu-warehouse-wholesale\/","og_locale":"de_DE","og_type":"article","og_title":"Razz Bar 30000 30k Puffs Disposable Vape | Adjustable Airflow | EU Warehouse Wholesale","og_description":"Get the Razz Bar 30000. Features 30k puffs, a 30ML tank, 1.0\u03a9 mesh coil, and adjustable airflow. Fast 1-3 day EU delivery. Shop the best 30k Razz Bar today!","og_url":"https:\/\/vozolvapen.de\/de\/produkt\/razz-bar-30000-30k-puffs-disposable-vape-adjustable-airflow-eu-warehouse-wholesale\/","og_site_name":"vozolvapen","article_modified_time":"2026-02-26T08:29:28+00:00","og_image":[{"width":1200,"height":1200,"url":"https:\/\/vozolvapen.de\/wp-content\/uploads\/2026\/01\/Razz-Bar-30000-30k-puffs-5.webp","type":"image\/webp"}],"twitter_card":"summary_large_image","twitter_misc":{"Gesch\u00e4tzte Lesezeit":"3\u00a0Minuten"},"schema":{"@context":"https:\/\/schema.org","@graph":[{"@type":"WebPage","@id":"https:\/\/vozolvapen.de\/product\/razz-bar-30000-30k-puffs-disposable-vape-adjustable-airflow-eu-warehouse-wholesale\/","url":"https:\/\/vozolvapen.de\/product\/razz-bar-30000-30k-puffs-disposable-vape-adjustable-airflow-eu-warehouse-wholesale\/","name":"Razz Bar 30000 Puffs | 30k Wiederaufladbare Vape mit Airflow - vozolvapen","isPartOf":{"@id":"https:\/\/vozolvapen.de\/#website"},"primaryImageOfPage":{"@id":"https:\/\/vozolvapen.de\/product\/razz-bar-30000-30k-puffs-disposable-vape-adjustable-airflow-eu-warehouse-wholesale\/#primaryimage"},"image":{"@id":"https:\/\/vozolvapen.de\/product\/razz-bar-30000-30k-puffs-disposable-vape-adjustable-airflow-eu-warehouse-wholesale\/#primaryimage"},"thumbnailUrl":"https:\/\/vozolvapen.de\/wp-content\/uploads\/2026\/01\/Razz-Bar-30000-30k-puffs-5.webp","datePublished":"2026-02-02T10:48:09+00:00","dateModified":"2026-02-26T08:29:28+00:00","description":"Holen Sie sich die Razz Bar 30000. Verf\u00fcgt \u00fcber 30k Puffs, einen 30ML Tank, 1.0\u03a9 Mesh Coil, und einstellbare Luftstrom. Schnelle 1-3 Tage EU-Lieferung. Kaufen Sie die besten 30k Razz Bar heute!","breadcrumb":{"@id":"https:\/\/vozolvapen.de\/product\/razz-bar-30000-30k-puffs-disposable-vape-adjustable-airflow-eu-warehouse-wholesale\/#breadcrumb"},"inLanguage":"de","potentialAction":[{"@type":"ReadAction","target":["https:\/\/vozolvapen.de\/product\/razz-bar-30000-30k-puffs-disposable-vape-adjustable-airflow-eu-warehouse-wholesale\/"]}]},{"@type":"ImageObject","inLanguage":"de","@id":"https:\/\/vozolvapen.de\/product\/razz-bar-30000-30k-puffs-disposable-vape-adjustable-airflow-eu-warehouse-wholesale\/#primaryimage","url":"https:\/\/vozolvapen.de\/wp-content\/uploads\/2026\/01\/Razz-Bar-30000-30k-puffs-5.webp","contentUrl":"https:\/\/vozolvapen.de\/wp-content\/uploads\/2026\/01\/Razz-Bar-30000-30k-puffs-5.webp","width":1200,"height":1200,"caption":"Razz Bar 30000 30k Puffs 5 Disposable Vape Device"},{"@type":"BreadcrumbList","@id":"https:\/\/vozolvapen.de\/product\/razz-bar-30000-30k-puffs-disposable-vape-adjustable-airflow-eu-warehouse-wholesale\/#breadcrumb","itemListElement":[{"@type":"ListItem","position":1,"name":"Home","item":"https:\/\/vozolvapen.de\/de\/"},{"@type":"ListItem","position":2,"name":"Shop","item":"https:\/\/vozolvapen.de\/shop\/"},{"@type":"ListItem","position":3,"name":"Razz Bar 30000 30k Puffs Disposable Vape | Adjustable Airflow | EU Warehouse Wholesale"}]},{"@type":"WebSite","@id":"https:\/\/vozolvapen.de\/#website","url":"https:\/\/vozolvapen.de\/","name":"Vozolvapen","description":"Vozolvapen","publisher":{"@id":"https:\/\/vozolvapen.de\/#organization"},"potentialAction":[{"@type":"SearchAction","target":{"@type":"EntryPoint","urlTemplate":"https:\/\/vozolvapen.de\/?s={search_term_string}"},"query-input":{"@type":"PropertyValueSpecification","valueRequired":true,"valueName":"search_term_string"}}],"inLanguage":"de"},{"@type":"Organization","@id":"https:\/\/vozolvapen.de\/#organization","name":"Vozolvapen","url":"https:\/\/vozolvapen.de\/","logo":{"@type":"ImageObject","inLanguage":"de","@id":"https:\/\/vozolvapen.de\/#\/schema\/logo\/image\/","url":"https:\/\/vozolvapen.de\/wp-content\/uploads\/2025\/12\/cropped-vozovapen-logo.webp","contentUrl":"https:\/\/vozolvapen.de\/wp-content\/uploads\/2025\/12\/cropped-vozovapen-logo.webp","width":470,"height":110,"caption":"vozolvapen"},"image":{"@id":"https:\/\/vozolvapen.de\/#\/schema\/logo\/image\/"}}]}},"tiered_pricing_type":"fixed","tiered_pricing_fixed_rules":{"100":"8.86","400":"7.78"},"tiered_pricing_product_settings":{"layout":"default","base_unit_name":{"singular":null,"plural":null},"default_variation":null},"tiered_pricing_minimum_quantity":50,"tiered_pricing_roles_data":[],"tiered_pricing_percentage_rules":[],"tiered_pricing_maximum_quantity":null,"tiered_pricing_quantity_step":"10","_links":{"self":[{"href":"https:\/\/vozolvapen.de\/de\/wp-json\/wp\/v2\/product\/66451","targetHints":{"allow":["GET"]}}],"collection":[{"href":"https:\/\/vozolvapen.de\/de\/wp-json\/wp\/v2\/product"}],"about":[{"href":"https:\/\/vozolvapen.de\/de\/wp-json\/wp\/v2\/types\/product"}],"replies":[{"embeddable":true,"href":"https:\/\/vozolvapen.de\/de\/wp-json\/wp\/v2\/comments?post=66451"}],"wp:featuredmedia":[{"embeddable":true,"href":"https:\/\/vozolvapen.de\/de\/wp-json\/wp\/v2\/media\/56450"}],"wp:attachment":[{"href":"https:\/\/vozolvapen.de\/de\/wp-json\/wp\/v2\/media?parent=66451"}],"wp:term":[{"taxonomy":"product_brand","embeddable":true,"href":"https:\/\/vozolvapen.de\/de\/wp-json\/wp\/v2\/product_brand?post=66451"},{"taxonomy":"product_cat","embeddable":true,"href":"https:\/\/vozolvapen.de\/de\/wp-json\/wp\/v2\/product_cat?post=66451"},{"taxonomy":"product_tag","embeddable":true,"href":"https:\/\/vozolvapen.de\/de\/wp-json\/wp\/v2\/product_tag?post=66451"}],"curies":[{"name":"wp","href":"https:\/\/api.w.org\/{rel}","templated":true}]}}