{"id":66900,"date":"2026-02-25T10:25:38","date_gmt":"2026-02-25T10:25:38","guid":{"rendered":"https:\/\/vozolvapen.de\/?post_type=product&#038;p=66900"},"modified":"2026-02-27T09:23:54","modified_gmt":"2026-02-27T09:23:54","slug":"razz-bar-40000-40k-puffs-disposable-vape-2-in-1-flavors-eu-warehouse-wholesale","status":"publish","type":"product","link":"https:\/\/vozolvapen.de\/de\/product\/razz-bar-40000-40k-puffs-disposable-vape-2-in-1-flavors-eu-warehouse-wholesale\/","title":{"rendered":"Razz Bar 40000 40k Puffs Einweg Vape | 2 in 1 Geschmacksrichtungen | EU Warehouse Gro\u00dfhandel"},"content":{"rendered":"<div class=\"wp-block-group has-global-padding is-layout-constrained wp-block-group-is-layout-constrained\">\n<div class=\"wp-block-columns is-layout-flex wp-container-core-columns-is-layout-28f84493 wp-block-columns-is-layout-flex\">\n<div class=\"wp-block-column is-layout-flow wp-block-column-is-layout-flow\"><\/div>\n<\/div>\n<\/div>\n\n\n\n<p>Entdecken Sie die <strong>Razz Bar 40000<\/strong>, ein Angebot f\u00fcr Einweg-Dampfger\u00e4te mit hoher Kapazit\u00e4t <strong>bis zu 40.000 Z\u00fcge<\/strong> mit doppelter Geschmacksvielfalt. Perfekt f\u00fcr lang anhaltenden Genuss, die <strong>Razz Bar 40k Vape<\/strong> kombiniert ergonomisches Design, wiederaufladbaren Komfort und sanfte, geschmackvolle Z\u00fcge bei jedem Zug.<\/p>\n\n\n\n<h2 class=\"wp-block-heading\" id=\"h-razz-bar-40000-core-product-specifications\">Razz Bar 40000 Core Produktspezifikationen<\/h2>\n\n\n\n<ul class=\"wp-block-list\">\n<li><strong>Markenname:<\/strong> Razz Bar<\/li>\n\n\n\n<li><strong>Modellnummer:<\/strong> Razz Bar 40000 Kristall<\/li>\n\n\n\n<li><strong>Puffs:<\/strong> Bis zu 40.000<\/li>\n\n\n\n<li><strong>Geschmack:<\/strong> 10 Kombinationen mit zwei Geschmacksrichtungen (2-in-1)<\/li>\n\n\n\n<li><strong>Batteriekapazit\u00e4t:<\/strong> 650mAh wiederaufladbar<\/li>\n\n\n\n<li><strong>Pod-Kapazit\u00e4t:<\/strong> 30 ml vorgef\u00fcllte E-Fl\u00fcssigkeit<\/li>\n\n\n\n<li><strong>Spulentyp:<\/strong> 1,0 \u03a9 Dual-Mesh-Spule<\/li>\n\n\n\n<li><strong>Nikotingehalt:<\/strong> 0% (20mg\/ml) \/ 2% (50mg\/ml)<\/li>\n\n\n\n<li><strong>Aufladen:<\/strong> Typ-C-USB-Anschluss<\/li>\n\n\n\n<li><strong>Verpackung:<\/strong> 10er-Pack Vapes<\/li>\n\n\n\n<li><strong>Versandort:<\/strong> Europ\u00e4isches Lager (1-3 Tage Lieferung)<\/li>\n<\/ul>\n\n\n\n<h2 class=\"wp-block-heading\" id=\"h-flavor-aggregation-module\">Modul zur Geschmacksaggregation<\/h2>\n\n\n\n<p><strong>Razz Bar 40000 Dual-Flavor Combos - 2-in-1 \u201cTwins\u201d Design<\/strong><br><\/p>\n\n\n\n<figure class=\"wp-block-table is-style-stripes\"><table class=\"has-fixed-layout\"><thead><tr><th>Kombi #<\/th><th>Geschmacksrichtung 1<\/th><th>Geschmacksrichtung 2<\/th><\/tr><\/thead><tbody><tr><td>1<\/td><td>Zitrone Limette<\/td><td>\u00dcppiges Eis<\/td><\/tr><tr><td>2<\/td><td>Erdbeer-Eis<\/td><td>Gemischte Beeren<\/td><\/tr><tr><td>3<\/td><td>Blaues Razz-Eis<\/td><td>Erdbeer-Wassermelone-Kaugummi<\/td><\/tr><tr><td>4<\/td><td>Gemischte Beeren<\/td><td>Wassermelonen-Eis<\/td><\/tr><tr><td>5<\/td><td>Erdbeer-Banane<\/td><td>Red Bull Eis<\/td><\/tr><tr><td>6<\/td><td>Blaubeereis<\/td><td>Love 66<\/td><\/tr><tr><td>7<\/td><td>Pfirsich-Eis<\/td><td>Blaubeereis<\/td><\/tr><tr><td>8<\/td><td>Erdbeer-Kiwi<\/td><td>Blaubeere-Himbeere<\/td><\/tr><tr><td>9<\/td><td>Wassermelonen-Eis<\/td><td>Cola-Eis<\/td><\/tr><tr><td>10<\/td><td>Erdbeer-Wassermelone<\/td><td>Trauben-Eis<\/td><\/tr><\/tbody><\/table><\/figure>\n\n\n\n<p>Sofortiger Wechsel der Geschmacksrichtungen durch <strong>Drehen des Mundst\u00fccks<\/strong> - genie\u00dfen <strong>zwei sich erg\u00e4nzende Geschmacksrichtungen in einem einzigen Ger\u00e4t<\/strong> ohne mehrere Vapes mitzuf\u00fchren.<\/p>\n\n\n\n<figure class=\"wp-block-image size-large\"><a href=\"https:\/\/vozolvapen.de\/wp-content\/uploads\/2026\/02\/Razz-bar-40000-40k-Puffs-2-in-1-Flavors-list-1.webp\"><img fetchpriority=\"high\" decoding=\"async\" width=\"1024\" height=\"1024\" src=\"https:\/\/vozolvapen.de\/wp-content\/uploads\/2026\/02\/Razz-bar-40000-40k-Puffs-2-in-1-Flavors-list-1-1024x1024.webp\" alt=\"\" class=\"wp-image-66941\" srcset=\"https:\/\/vozolvapen.de\/wp-content\/uploads\/2026\/02\/Razz-bar-40000-40k-Puffs-2-in-1-Flavors-list-1-1024x1024.webp 1024w, https:\/\/vozolvapen.de\/wp-content\/uploads\/2026\/02\/Razz-bar-40000-40k-Puffs-2-in-1-Flavors-list-1-300x300.webp 300w, https:\/\/vozolvapen.de\/wp-content\/uploads\/2026\/02\/Razz-bar-40000-40k-Puffs-2-in-1-Flavors-list-1-150x150.webp 150w, https:\/\/vozolvapen.de\/wp-content\/uploads\/2026\/02\/Razz-bar-40000-40k-Puffs-2-in-1-Flavors-list-1-768x768.webp 768w, https:\/\/vozolvapen.de\/wp-content\/uploads\/2026\/02\/Razz-bar-40000-40k-Puffs-2-in-1-Flavors-list-1-12x12.webp 12w, https:\/\/vozolvapen.de\/wp-content\/uploads\/2026\/02\/Razz-bar-40000-40k-Puffs-2-in-1-Flavors-list-1-990x990.webp 990w, https:\/\/vozolvapen.de\/wp-content\/uploads\/2026\/02\/Razz-bar-40000-40k-Puffs-2-in-1-Flavors-list-1-441x441.webp 441w, https:\/\/vozolvapen.de\/wp-content\/uploads\/2026\/02\/Razz-bar-40000-40k-Puffs-2-in-1-Flavors-list-1-100x100.webp 100w, https:\/\/vozolvapen.de\/wp-content\/uploads\/2026\/02\/Razz-bar-40000-40k-Puffs-2-in-1-Flavors-list-1-800x800.webp 800w, https:\/\/vozolvapen.de\/wp-content\/uploads\/2026\/02\/Razz-bar-40000-40k-Puffs-2-in-1-Flavors-list-1.webp 1200w\" sizes=\"(max-width: 1024px) 100vw, 1024px\" \/><\/a><\/figure>\n\n\n\n<h2 class=\"wp-block-heading\" id=\"h-usage-experience-selling-points\">Nutzungserfahrung \/ Verkaufsargumente<\/h2>\n\n\n\n<ul class=\"wp-block-list\">\n<li><strong>Flexibilit\u00e4t in zwei Geschmacksrichtungen:<\/strong> Ein Ger\u00e4t, zwei aufregende Geschmacksrichtungen - drehen Sie das Mundst\u00fcck, um zu wechseln.<\/li>\n\n\n\n<li><strong>Sanfte &amp; geschmackvolle Hits:<\/strong> 1.0\u03a9 Dual Mesh Coil sorgt f\u00fcr gleichm\u00e4\u00dfige Erw\u00e4rmung, reichen Geschmack und dichten Dampf.<\/li>\n\n\n\n<li><strong>Intelligentes Display:<\/strong> Echtzeit-\u00dcberwachung von Akku und E-Liquid f\u00fcr m\u00fchelose Kontrolle.<\/li>\n\n\n\n<li><strong>Langlebige Batterie:<\/strong> 650mAh wiederaufladbare Batterie garantiert volle Nutzung von 30ML e-liquid.<\/li>\n\n\n\n<li><strong>Tragbares Design:<\/strong> Ergonomisches, rechteckiges Geh\u00e4use, das bequem in der Hand und in der Tasche liegt.<\/li>\n\n\n\n<li><strong>Bequemes Aufladen:<\/strong> USB-Typ-C-Anschluss f\u00fcr schnelles, zuverl\u00e4ssiges Aufladen.<\/li>\n<\/ul>\n\n\n\n<h2 class=\"wp-block-heading\" id=\"h-wholesale-b2b-paragraph\">Gro\u00dfhandel \/ B2B Absatz<\/h2>\n\n\n\n<p>Gro\u00dfabnehmer und H\u00e4ndler k\u00f6nnen die folgenden Vorteile nutzen <strong>Europ\u00e4ische Lagerbest\u00e4nde<\/strong>, und gew\u00e4hrleistet <strong>schnelle 1-3 Tage Lieferung<\/strong> in ganz Europa. Jeder 10er-Karton bietet gleichbleibende <strong>Dual-Flavor-Ger\u00e4te<\/strong> ideal f\u00fcr den Einzelhandel oder B2B-Vertrieb. Mit der hohen Puffzahl und dem wiederaufladbaren Design bietet die Razz Bar 40000 eine <strong>Premium Einweg-Vape-Erlebnis<\/strong> die die Kunden zum Wiederkommen bewegen.<\/p>\n\n\n\n<h2 class=\"wp-block-heading\" id=\"h-razz-bar-40000-faq\">Razz Bar 40000 FAQ<\/h2>\n\n\n\n<p><strong>Q1: Wie lange reicht ein Razz Bar 40000?<\/strong><br>A: Jedes Ger\u00e4t bietet bis zu <strong>40,000 puffs<\/strong>, je nach Nutzungsgewohnheiten.<\/p>\n\n\n\n<p><strong>Q2: Kann ich das Razz Bar 40k Vape wieder aufladen?<\/strong><br>A: Ja, es enth\u00e4lt eine <strong>650 mAh wiederaufladbarer Akku<\/strong> mit Typ-C-Ladung.<\/p>\n\n\n\n<p><strong>F3: Wie kann ich zwischen den beiden Geschmacksrichtungen wechseln?<\/strong><br>A: Einfach <strong>Drehen Sie das Mundst\u00fcck<\/strong> um zwischen den beiden Geschmacksrichtungen zu wechseln.<\/p>\n\n\n\n<p><strong>F4: Ist Nikotin enthalten?<\/strong><br>A: Ja, w\u00e4hlen Sie zwischen <strong>0% (20mg\/ml) oder 2% (50mg\/ml) Nikotinspiegel<\/strong>.<\/p>\n\n\n\n<p><strong>F5: Wie schnell ist der Versand bei Gro\u00dfbestellungen?<\/strong><br>A: Von unserem <strong>Europ\u00e4isches Lager<\/strong>, die Lieferung dauert <strong>1-3 Tage<\/strong>.<\/p>","protected":false},"excerpt":{"rendered":"<p data-start=\"82\" data-end=\"330\">Das <strong data-start=\"119\" data-end=\"137\">Razz Bar 40000<\/strong> ist ein 2-in-1 Einweg-Vape mit hoher Kapazit\u00e4t und bis zu <strong data-start=\"191\" data-end=\"207\">40,000 puffs<\/strong>, Dual-Flavor \u201cTwins\u201d Design, wiederaufladbare 650mAh Batterie und 10 aufregende Geschmackskombinationen f\u00fcr langanhaltendes, sanftes Dampfen.<\/p>","protected":false},"featured_media":66901,"comment_status":"open","ping_status":"closed","template":"","meta":{"_acf_changed":true},"product_brand":[],"product_cat":[134,110],"product_tag":[],"class_list":{"0":"post-66900","1":"product","2":"type-product","3":"status-publish","4":"has-post-thumbnail","6":"product_cat-eu-warehouse-in-stock","7":"product_cat-razz-bar","9":"first","10":"instock","11":"shipping-taxable","12":"purchasable","13":"product-type-variable"},"acf":[],"yoast_head":"<!-- This site is optimized with the Yoast SEO Premium plugin v26.1 (Yoast SEO v27.5) - https:\/\/yoast.com\/product\/yoast-seo-premium-wordpress\/ -->\n<title>Razz Bar 40000 40k Puffs 2-in-1 Dual-Flavor Vape \u2013 Crystal Edition | High-Capacity Disposable Vape - vozolvapen<\/title>\n<meta name=\"description\" content=\"Experience the Razz Bar 40000 with up to 40,000 puffs and dual-flavor \u201cTwins\u201d design. Rechargeable 650mAh battery, ergonomic design, and 10 exciting flavor combos. Perfect for long-lasting vaping and B2B wholesale.\" \/>\n<meta name=\"robots\" content=\"index, follow, max-snippet:-1, max-image-preview:large, max-video-preview:-1\" \/>\n<link rel=\"canonical\" href=\"https:\/\/vozolvapen.de\/de\/produkt\/razz-bar-40000-40k-puffs-disposable-vape-2-in-1-flavors-eu-warehouse-wholesale\/\" \/>\n<meta property=\"og:locale\" content=\"de_DE\" \/>\n<meta property=\"og:type\" content=\"article\" \/>\n<meta property=\"og:title\" content=\"Razz Bar 40000 40k Puffs Disposable Vape | 2 in 1 Flavors | EU Warehouse Wholesale\" \/>\n<meta property=\"og:description\" content=\"Experience the Razz Bar 40000 with up to 40,000 puffs and dual-flavor \u201cTwins\u201d design. Rechargeable 650mAh battery, ergonomic design, and 10 exciting flavor combos. Perfect for long-lasting vaping and B2B wholesale.\" \/>\n<meta property=\"og:url\" content=\"https:\/\/vozolvapen.de\/de\/produkt\/razz-bar-40000-40k-puffs-disposable-vape-2-in-1-flavors-eu-warehouse-wholesale\/\" \/>\n<meta property=\"og:site_name\" content=\"vozolvapen\" \/>\n<meta property=\"article:modified_time\" content=\"2026-02-27T09:23:54+00:00\" \/>\n<meta property=\"og:image\" content=\"https:\/\/vozolvapen.de\/wp-content\/uploads\/2026\/02\/Razz-bar-40000-40k-Puffs-2-in-1-Disposable-Vape-6.webp\" \/>\n\t<meta property=\"og:image:width\" content=\"1200\" \/>\n\t<meta property=\"og:image:height\" content=\"1200\" \/>\n\t<meta property=\"og:image:type\" content=\"image\/webp\" \/>\n<meta name=\"twitter:card\" content=\"summary_large_image\" \/>\n<meta name=\"twitter:label1\" content=\"Gesch\u00e4tzte Lesezeit\" \/>\n\t<meta name=\"twitter:data1\" content=\"3\u00a0Minuten\" \/>\n<script type=\"application\/ld+json\" class=\"yoast-schema-graph\">{\"@context\":\"https:\\\/\\\/schema.org\",\"@graph\":[{\"@type\":\"WebPage\",\"@id\":\"https:\\\/\\\/vozolvapen.de\\\/product\\\/razz-bar-40000-40k-puffs-disposable-vape-2-in-1-flavors-eu-warehouse-wholesale\\\/\",\"url\":\"https:\\\/\\\/vozolvapen.de\\\/product\\\/razz-bar-40000-40k-puffs-disposable-vape-2-in-1-flavors-eu-warehouse-wholesale\\\/\",\"name\":\"Razz Bar 40000 40k Puffs 2-in-1 Dual-Flavor Vape \u2013 Crystal Edition | High-Capacity Disposable Vape - vozolvapen\",\"isPartOf\":{\"@id\":\"https:\\\/\\\/vozolvapen.de\\\/#website\"},\"primaryImageOfPage\":{\"@id\":\"https:\\\/\\\/vozolvapen.de\\\/product\\\/razz-bar-40000-40k-puffs-disposable-vape-2-in-1-flavors-eu-warehouse-wholesale\\\/#primaryimage\"},\"image\":{\"@id\":\"https:\\\/\\\/vozolvapen.de\\\/product\\\/razz-bar-40000-40k-puffs-disposable-vape-2-in-1-flavors-eu-warehouse-wholesale\\\/#primaryimage\"},\"thumbnailUrl\":\"https:\\\/\\\/vozolvapen.de\\\/wp-content\\\/uploads\\\/2026\\\/02\\\/Razz-bar-40000-40k-Puffs-2-in-1-Disposable-Vape-6.webp\",\"datePublished\":\"2026-02-25T10:25:38+00:00\",\"dateModified\":\"2026-02-27T09:23:54+00:00\",\"description\":\"Experience the Razz Bar 40000 with up to 40,000 puffs and dual-flavor \u201cTwins\u201d design. Rechargeable 650mAh battery, ergonomic design, and 10 exciting flavor combos. Perfect for long-lasting vaping and B2B wholesale.\",\"breadcrumb\":{\"@id\":\"https:\\\/\\\/vozolvapen.de\\\/product\\\/razz-bar-40000-40k-puffs-disposable-vape-2-in-1-flavors-eu-warehouse-wholesale\\\/#breadcrumb\"},\"inLanguage\":\"de\",\"potentialAction\":[{\"@type\":\"ReadAction\",\"target\":[\"https:\\\/\\\/vozolvapen.de\\\/product\\\/razz-bar-40000-40k-puffs-disposable-vape-2-in-1-flavors-eu-warehouse-wholesale\\\/\"]}]},{\"@type\":\"ImageObject\",\"inLanguage\":\"de\",\"@id\":\"https:\\\/\\\/vozolvapen.de\\\/product\\\/razz-bar-40000-40k-puffs-disposable-vape-2-in-1-flavors-eu-warehouse-wholesale\\\/#primaryimage\",\"url\":\"https:\\\/\\\/vozolvapen.de\\\/wp-content\\\/uploads\\\/2026\\\/02\\\/Razz-bar-40000-40k-Puffs-2-in-1-Disposable-Vape-6.webp\",\"contentUrl\":\"https:\\\/\\\/vozolvapen.de\\\/wp-content\\\/uploads\\\/2026\\\/02\\\/Razz-bar-40000-40k-Puffs-2-in-1-Disposable-Vape-6.webp\",\"width\":1200,\"height\":1200,\"caption\":\"Razz Bar 40000 40k Puffs 2 In 1 Disposable Vape 6 Device\"},{\"@type\":\"BreadcrumbList\",\"@id\":\"https:\\\/\\\/vozolvapen.de\\\/product\\\/razz-bar-40000-40k-puffs-disposable-vape-2-in-1-flavors-eu-warehouse-wholesale\\\/#breadcrumb\",\"itemListElement\":[{\"@type\":\"ListItem\",\"position\":1,\"name\":\"Home\",\"item\":\"https:\\\/\\\/vozolvapen.de\\\/de\\\/\"},{\"@type\":\"ListItem\",\"position\":2,\"name\":\"Shop\",\"item\":\"https:\\\/\\\/vozolvapen.de\\\/shop\\\/\"},{\"@type\":\"ListItem\",\"position\":3,\"name\":\"Razz Bar 40000 40k Puffs Disposable Vape | 2 in 1 Flavors | EU Warehouse Wholesale\"}]},{\"@type\":\"WebSite\",\"@id\":\"https:\\\/\\\/vozolvapen.de\\\/#website\",\"url\":\"https:\\\/\\\/vozolvapen.de\\\/\",\"name\":\"vozolvapen\",\"description\":\"vozolvapen\",\"publisher\":{\"@id\":\"https:\\\/\\\/vozolvapen.de\\\/#organization\"},\"potentialAction\":[{\"@type\":\"SearchAction\",\"target\":{\"@type\":\"EntryPoint\",\"urlTemplate\":\"https:\\\/\\\/vozolvapen.de\\\/?s={search_term_string}\"},\"query-input\":{\"@type\":\"PropertyValueSpecification\",\"valueRequired\":true,\"valueName\":\"search_term_string\"}}],\"inLanguage\":\"de\"},{\"@type\":\"Organization\",\"@id\":\"https:\\\/\\\/vozolvapen.de\\\/#organization\",\"name\":\"vozolvapen\",\"url\":\"https:\\\/\\\/vozolvapen.de\\\/\",\"logo\":{\"@type\":\"ImageObject\",\"inLanguage\":\"de\",\"@id\":\"https:\\\/\\\/vozolvapen.de\\\/#\\\/schema\\\/logo\\\/image\\\/\",\"url\":\"https:\\\/\\\/vozolvapen.de\\\/wp-content\\\/uploads\\\/2025\\\/12\\\/cropped-vozovapen-logo.webp\",\"contentUrl\":\"https:\\\/\\\/vozolvapen.de\\\/wp-content\\\/uploads\\\/2025\\\/12\\\/cropped-vozovapen-logo.webp\",\"width\":470,\"height\":110,\"caption\":\"vozolvapen\"},\"image\":{\"@id\":\"https:\\\/\\\/vozolvapen.de\\\/#\\\/schema\\\/logo\\\/image\\\/\"}}]}<\/script>\n<!-- \/ Yoast SEO Premium plugin. -->","yoast_head_json":{"title":"Razz Bar 40000 40k Puffs 2-in-1 Dual-Flavor Vape - Crystal Edition | High-Capacity Disposable Vape - vozolvapen","description":"Erlebe den Razz Bar 40000 mit bis zu 40.000 Z\u00fcgen und dem Dual-Flavor \u201cTwins\u201d-Design. Wiederaufladbare 650mAh Batterie, ergonomisches Design und 10 aufregende Geschmackskombinationen. Perfekt f\u00fcr langanhaltendes Dampfen und B2B-Gro\u00dfhandel.","robots":{"index":"index","follow":"follow","max-snippet":"max-snippet:-1","max-image-preview":"max-image-preview:large","max-video-preview":"max-video-preview:-1"},"canonical":"https:\/\/vozolvapen.de\/de\/produkt\/razz-bar-40000-40k-puffs-disposable-vape-2-in-1-flavors-eu-warehouse-wholesale\/","og_locale":"de_DE","og_type":"article","og_title":"Razz Bar 40000 40k Puffs Disposable Vape | 2 in 1 Flavors | EU Warehouse Wholesale","og_description":"Experience the Razz Bar 40000 with up to 40,000 puffs and dual-flavor \u201cTwins\u201d design. Rechargeable 650mAh battery, ergonomic design, and 10 exciting flavor combos. Perfect for long-lasting vaping and B2B wholesale.","og_url":"https:\/\/vozolvapen.de\/de\/produkt\/razz-bar-40000-40k-puffs-disposable-vape-2-in-1-flavors-eu-warehouse-wholesale\/","og_site_name":"vozolvapen","article_modified_time":"2026-02-27T09:23:54+00:00","og_image":[{"width":1200,"height":1200,"url":"https:\/\/vozolvapen.de\/wp-content\/uploads\/2026\/02\/Razz-bar-40000-40k-Puffs-2-in-1-Disposable-Vape-6.webp","type":"image\/webp"}],"twitter_card":"summary_large_image","twitter_misc":{"Gesch\u00e4tzte Lesezeit":"3\u00a0Minuten"},"schema":{"@context":"https:\/\/schema.org","@graph":[{"@type":"WebPage","@id":"https:\/\/vozolvapen.de\/product\/razz-bar-40000-40k-puffs-disposable-vape-2-in-1-flavors-eu-warehouse-wholesale\/","url":"https:\/\/vozolvapen.de\/product\/razz-bar-40000-40k-puffs-disposable-vape-2-in-1-flavors-eu-warehouse-wholesale\/","name":"Razz Bar 40000 40k Puffs 2-in-1 Dual-Flavor Vape - Crystal Edition | High-Capacity Disposable Vape - vozolvapen","isPartOf":{"@id":"https:\/\/vozolvapen.de\/#website"},"primaryImageOfPage":{"@id":"https:\/\/vozolvapen.de\/product\/razz-bar-40000-40k-puffs-disposable-vape-2-in-1-flavors-eu-warehouse-wholesale\/#primaryimage"},"image":{"@id":"https:\/\/vozolvapen.de\/product\/razz-bar-40000-40k-puffs-disposable-vape-2-in-1-flavors-eu-warehouse-wholesale\/#primaryimage"},"thumbnailUrl":"https:\/\/vozolvapen.de\/wp-content\/uploads\/2026\/02\/Razz-bar-40000-40k-Puffs-2-in-1-Disposable-Vape-6.webp","datePublished":"2026-02-25T10:25:38+00:00","dateModified":"2026-02-27T09:23:54+00:00","description":"Erlebe den Razz Bar 40000 mit bis zu 40.000 Z\u00fcgen und dem Dual-Flavor \u201cTwins\u201d-Design. Wiederaufladbare 650mAh Batterie, ergonomisches Design und 10 aufregende Geschmackskombinationen. Perfekt f\u00fcr langanhaltendes Dampfen und B2B-Gro\u00dfhandel.","breadcrumb":{"@id":"https:\/\/vozolvapen.de\/product\/razz-bar-40000-40k-puffs-disposable-vape-2-in-1-flavors-eu-warehouse-wholesale\/#breadcrumb"},"inLanguage":"de","potentialAction":[{"@type":"ReadAction","target":["https:\/\/vozolvapen.de\/product\/razz-bar-40000-40k-puffs-disposable-vape-2-in-1-flavors-eu-warehouse-wholesale\/"]}]},{"@type":"ImageObject","inLanguage":"de","@id":"https:\/\/vozolvapen.de\/product\/razz-bar-40000-40k-puffs-disposable-vape-2-in-1-flavors-eu-warehouse-wholesale\/#primaryimage","url":"https:\/\/vozolvapen.de\/wp-content\/uploads\/2026\/02\/Razz-bar-40000-40k-Puffs-2-in-1-Disposable-Vape-6.webp","contentUrl":"https:\/\/vozolvapen.de\/wp-content\/uploads\/2026\/02\/Razz-bar-40000-40k-Puffs-2-in-1-Disposable-Vape-6.webp","width":1200,"height":1200,"caption":"Razz Bar 40000 40k Puffs 2 In 1 Disposable Vape 6 Device"},{"@type":"BreadcrumbList","@id":"https:\/\/vozolvapen.de\/product\/razz-bar-40000-40k-puffs-disposable-vape-2-in-1-flavors-eu-warehouse-wholesale\/#breadcrumb","itemListElement":[{"@type":"ListItem","position":1,"name":"Home","item":"https:\/\/vozolvapen.de\/de\/"},{"@type":"ListItem","position":2,"name":"Shop","item":"https:\/\/vozolvapen.de\/shop\/"},{"@type":"ListItem","position":3,"name":"Razz Bar 40000 40k Puffs Disposable Vape | 2 in 1 Flavors | EU Warehouse Wholesale"}]},{"@type":"WebSite","@id":"https:\/\/vozolvapen.de\/#website","url":"https:\/\/vozolvapen.de\/","name":"Vozolvapen","description":"Vozolvapen","publisher":{"@id":"https:\/\/vozolvapen.de\/#organization"},"potentialAction":[{"@type":"SearchAction","target":{"@type":"EntryPoint","urlTemplate":"https:\/\/vozolvapen.de\/?s={search_term_string}"},"query-input":{"@type":"PropertyValueSpecification","valueRequired":true,"valueName":"search_term_string"}}],"inLanguage":"de"},{"@type":"Organization","@id":"https:\/\/vozolvapen.de\/#organization","name":"Vozolvapen","url":"https:\/\/vozolvapen.de\/","logo":{"@type":"ImageObject","inLanguage":"de","@id":"https:\/\/vozolvapen.de\/#\/schema\/logo\/image\/","url":"https:\/\/vozolvapen.de\/wp-content\/uploads\/2025\/12\/cropped-vozovapen-logo.webp","contentUrl":"https:\/\/vozolvapen.de\/wp-content\/uploads\/2025\/12\/cropped-vozovapen-logo.webp","width":470,"height":110,"caption":"vozolvapen"},"image":{"@id":"https:\/\/vozolvapen.de\/#\/schema\/logo\/image\/"}}]}},"tiered_pricing_type":"fixed","tiered_pricing_fixed_rules":{"100":"9.67","400":"8.02"},"tiered_pricing_product_settings":{"layout":"default","base_unit_name":{"singular":null,"plural":null},"default_variation":{}},"tiered_pricing_minimum_quantity":50,"tiered_pricing_roles_data":[],"tiered_pricing_percentage_rules":[],"tiered_pricing_maximum_quantity":null,"tiered_pricing_quantity_step":"10","_links":{"self":[{"href":"https:\/\/vozolvapen.de\/de\/wp-json\/wp\/v2\/product\/66900","targetHints":{"allow":["GET"]}}],"collection":[{"href":"https:\/\/vozolvapen.de\/de\/wp-json\/wp\/v2\/product"}],"about":[{"href":"https:\/\/vozolvapen.de\/de\/wp-json\/wp\/v2\/types\/product"}],"replies":[{"embeddable":true,"href":"https:\/\/vozolvapen.de\/de\/wp-json\/wp\/v2\/comments?post=66900"}],"wp:featuredmedia":[{"embeddable":true,"href":"https:\/\/vozolvapen.de\/de\/wp-json\/wp\/v2\/media\/66901"}],"wp:attachment":[{"href":"https:\/\/vozolvapen.de\/de\/wp-json\/wp\/v2\/media?parent=66900"}],"wp:term":[{"taxonomy":"product_brand","embeddable":true,"href":"https:\/\/vozolvapen.de\/de\/wp-json\/wp\/v2\/product_brand?post=66900"},{"taxonomy":"product_cat","embeddable":true,"href":"https:\/\/vozolvapen.de\/de\/wp-json\/wp\/v2\/product_cat?post=66900"},{"taxonomy":"product_tag","embeddable":true,"href":"https:\/\/vozolvapen.de\/de\/wp-json\/wp\/v2\/product_tag?post=66900"}],"curies":[{"name":"wp","href":"https:\/\/api.w.org\/{rel}","templated":true}]}}