{"id":67243,"date":"2026-02-26T10:07:30","date_gmt":"2026-02-26T10:07:30","guid":{"rendered":"https:\/\/vozolvapen.de\/?post_type=product&#038;p=67243"},"modified":"2026-02-26T10:12:19","modified_gmt":"2026-02-26T10:12:19","slug":"vozol-star-click-50000-50k-puffs-disposable-vape-30-flavors-eu-warehouse-wholesale","status":"publish","type":"product","link":"https:\/\/vozolvapen.de\/de\/product\/vozol-star-click-50000-50k-puffs-disposable-vape-30-flavors-eu-warehouse-wholesale\/","title":{"rendered":"VOZOL Star Click 50000 50K Puffs Einweg-Vape | 30 Geschmacksrichtungen | EU-Lager Gro\u00dfhandel"},"content":{"rendered":"<p>Auf der Suche nach dem <strong>beste 50.000 Puffs Einweg-Vape<\/strong> im Jahr 2026? Die <strong>VOZOL Star Click 50000<\/strong> (VOZOL Star 50k) ist die ultimative Wahl - mit einer Leistung von bis zu <strong>50k Puffs<\/strong> mit kraftvoller Leistung, die lange anh\u00e4lt.<\/p>\n\n\n\n<p>Mit einem <strong>1000mAh wiederaufladbare Batterie<\/strong>, zwei Leistungsmodi und einem vollst\u00e4ndig einstellbaren Luftstrom, ist diese <strong>VOZOL vape 50000<\/strong> h\u00e4lt reichen Geschmack und dicke Wolken vom ersten bis zum letzten Zug. Perfekt f\u00fcr t\u00e4gliche Verdampfer und Gro\u00dfh\u00e4ndler auf der Suche nach Top-Seller <strong>VOZOL Star Click 50000<\/strong> Bestand.<\/p>\n\n\n\n<h2 class=\"wp-block-heading\" id=\"h-vozol-star-click-50000-core-product-specifications\">VOZOL Star Click 50000 Core Produktspezifikationen<\/h2>\n\n\n\n<figure class=\"wp-block-table is-style-stripes\"><table class=\"has-fixed-layout\"><thead><tr><th>Parameter<\/th><th>Details<\/th><\/tr><\/thead><tbody><tr><td>Marke<\/td><td>VOZOL Vape<\/td><\/tr><tr><td>Modell<\/td><td>VOZOL Star Click 50000<\/td><\/tr><tr><td>Puffs<\/td><td>Bis zu <strong>50,000 puffs<\/strong> (50k VOZOL)<\/td><\/tr><tr><td>Batterie<\/td><td><strong>1000mAh<\/strong> Wiederaufladbar<\/td><\/tr><tr><td>Aufladen<\/td><td>USB-C-Schnellaufladung<\/td><\/tr><tr><td>Nikotinst\u00e4rke<\/td><td>50mg\/ml Salz-Nikotin<\/td><\/tr><tr><td>Leistungsmodi<\/td><td>Dual: Regul\u00e4r\/Power<\/td><\/tr><tr><td>Luftstrom<\/td><td>Vollst\u00e4ndig einstellbar<\/td><\/tr><tr><td>E-Fl\u00fcssigkeit<\/td><td>Vorab ausgef\u00fcllt<\/td><\/tr><tr><td>Am besten geeignet f\u00fcr<\/td><td>Pers\u00f6nlicher Gebrauch &amp; Gro\u00dfhandel \/ B2B<\/td><\/tr><\/tbody><\/table><\/figure>\n\n\n\n<h2 class=\"wp-block-heading\" id=\"h-30-premium-flavors-vozol-star-click-50000-flavor-guide\">30 Premium-Geschmacksrichtungen - VOZOL Star Click 50000 Flavor Guide <\/h2>\n\n\n\n<p>Der VOZOL Star 50000 bietet 30 sorgf\u00e4ltig zusammengestellte Geschmacksrichtungen aus den Kategorien Fruchteis, Beeren, Tropen, Dessert und Kaffee. Jeder Zug ist weich, vielschichtig und s\u00fcchtig machend.<\/p>\n\n\n\n<p>1. wassermelone Melone<br>2. wassermeloneneis<br>3. wassermelonenkaugummi<br>4. tropischer Fruchtsturm<br>5. tigerblut<br>6. erdbeerige Wassermelone<br>7. erdbeere himbeere kirsche<br>8. erdbeere zitrone<br>9. Erdbeer-Kiwi<br>10.erdbeerkaugummi<br>11. erdbeere banane<br>12.Pfefferminz<br>13. himbeere wassermelone<br>14.ananas eis<br>15 Pfirsich Mango Wassermelone<br>16.Peach lce<br>17. orangefarbene Melasse<br>18.gemischte Beeren<br>19.Mexikanisches Mango-Eis<br>20.melone Bubblegum<br>21.Liebe 777<br>22. traubenf\u00f6rmiges Eis<br>23.drachenfrucht banane kirsche<br>24. dattelsch\u00fcttelnder Melassesaft<br>25. Kirsch-Cola<br>26. cappuccino<br>27. blaubeerige Energie<br>28.blaues Razz-Eis<br>29.brombeere granatapfel kirsche<br>30.Arabischer Kaffee<\/p>\n\n\n\n<h2 class=\"wp-block-heading\" id=\"h-real-user-experience-amp-top-selling-points\">Echte Benutzererfahrung &amp; Verkaufsargumente<\/h2>\n\n\n\n<p>\u2705 <strong>Echte 50.000 Z\u00fcge<\/strong> - 16x l\u00e4nger als gew\u00f6hnliche 3.000-Puff-Vapes <\/p>\n\n\n\n<p>\u2705 <strong>1000mAh Akku + USB-C Schnellladung<\/strong> - volle Ladung in 45-60 Minuten <\/p>\n\n\n\n<p>\u2705 <strong>Zwei Leistungsmodi<\/strong> - Power f\u00fcr massive Wolken, Regular f\u00fcr maximale Ausdauer<\/p>\n\n\n\n<p>\u2705 <strong>Einstellbarer Luftstrom<\/strong> - MTL bis DL, f\u00fcr Anf\u00e4nger und Profis <\/p>\n\n\n\n<p>\u2705 <strong>50mg\/ml hochwertiges Salz-Nikotin<\/strong> - perfekter Kehlkopfschlag &amp; Zufriedenheit <\/p>\n\n\n\n<p>\u2705 Ultra-schlank und tragbar - passt in jede Tasche<\/p>\n\n\n\n<p>Benutzer sagen: \u201cImmer noch starker Geschmack bei 40k Puffs!\u201d \u201cBeste <strong>VOZOL vape 50000<\/strong> die ich je ausprobiert habe!\u201d<\/p>\n\n\n\n<h2 class=\"wp-block-heading\" id=\"h-wholesale-b2b-special-section\">Gro\u00dfhandel \/ B2B Sonderbereich<\/h2>\n\n\n\n<p>Suche nach zuverl\u00e4ssigen <strong>VOZOL Star Click 50000 Gro\u00dfhandel<\/strong> liefern? Wir bieten Direktpreise, stabile Lagerbest\u00e4nde, kundenspezifische Verpackungen, schnellen weltweiten Versand und exklusive Vertriebspartnerprogramme f\u00fcr die <strong>VOZOL Star 50k<\/strong>.<\/p>\n\n\n\n<p>Ob Sie nun Vape-Shops, Online-Shops oder Exportgesch\u00e4fte betreiben, die <strong>50k VOZOL vape 50000<\/strong> ist der bew\u00e4hrte 2026-Bestseller.<\/p>\n\n\n\n<p>Ihre Anfrage <strong>Gro\u00dfhandelspreisliste + kostenlose Muster<\/strong> und erh\u00f6hen Sie Ihre Gewinnspanne!<\/p>\n\n\n\n<h2 class=\"wp-block-heading\" id=\"h-frequently-asked-questions-faq\">H\u00e4ufig gestellte Fragen (FAQ)<\/h2>\n\n\n\n<p><strong>F: H\u00e4lt der VOZOL Star Click 50000 wirklich 50.000 Z\u00fcge?<\/strong> <\/p>\n\n\n\n<p>A: Ja - offizielle Tests best\u00e4tigen bis zu <strong>50k Puffs<\/strong>. Reale Ergebnisse in der Regel 45.000-50.000 Z\u00fcge je nach Nutzung.<\/p>\n\n\n\n<p><strong>F: Wie schnell ist das Aufladen \u00fcber USB-C?<\/strong> <\/p>\n\n\n\n<p>A: Vollst\u00e4ndige \u00dcbernahme der <strong>1000-mAh-Akku<\/strong> dauert nur 45-60 Minuten.<\/p>\n\n\n\n<p><strong>F: Welche VOZOL Star 50000 Geschmacksrichtungen verkaufen sich am besten?<\/strong><\/p>\n\n\n\n<p> A: Top 3: Watermelon Ice, Blue Razz Ice, Strawberry Watermelon.<\/p>\n\n\n\n<p><strong>F: Bieten Sie VOZOL Star Pods in Gro\u00dfpackungen oder in ganzen Kartons an?<\/strong> <\/p>\n\n\n\n<p>A: Ja - volle Gro\u00dfhandelskartons mit <strong>VOZOL Star Click 50000<\/strong> sowie Optionen f\u00fcr einzelne Pods verf\u00fcgbar.<\/p>\n\n\n\n<p><strong>F: Ist 50mg\/ml f\u00fcr neue Dampfer geeignet?<\/strong> <\/p>\n\n\n\n<p>A: Sorgt f\u00fcr starke Zufriedenheit; Anf\u00e4nger sollten im Regular-Modus mit geringerem Luftstrom beginnen.<\/p>","protected":false},"excerpt":{"rendered":"<p dir=\"auto\">Das <strong>VOZOL Star Click 50000<\/strong> ist die ultimative <strong>50.000 Z\u00fcge Einweg-Dampfger\u00e4t<\/strong> des Jahres 2026. Angetrieben von einer <strong>1000mAh wiederaufladbare Batterie<\/strong>, mit zwei Leistungsmodi (Regular\/Power), einstellbarem Luftstrom und 30 Premium-Aromen ist der <strong>VOZOL Star 50k<\/strong> liefert reichhaltigen, konsistenten Geschmack und dicke Wolken vom ersten bis zum letzten Zug.<\/p>\n<p dir=\"auto\">Dieses meistverkaufte Produkt ist perfekt f\u00fcr den t\u00e4glichen Gebrauch und f\u00fcr clevere Gro\u00dfh\u00e4ndler. <strong>VOZOL vape 50000<\/strong> bietet unschlagbare Leistung und Wert in einem schlanken Ger\u00e4t.<\/p>","protected":false},"featured_media":67244,"comment_status":"open","ping_status":"closed","template":"","meta":{"_acf_changed":true},"product_brand":[],"product_cat":[134,52],"product_tag":[],"class_list":{"0":"post-67243","1":"product","2":"type-product","3":"status-publish","4":"has-post-thumbnail","6":"product_cat-eu-warehouse-in-stock","7":"product_cat-vozol-vape","9":"first","10":"instock","11":"shipping-taxable","12":"purchasable","13":"product-type-variable"},"acf":[],"yoast_head":"<!-- This site is optimized with the Yoast SEO Premium plugin v26.1 (Yoast SEO v27.5) - https:\/\/yoast.com\/product\/yoast-seo-premium-wordpress\/ -->\n<title>VOZOL Star Click 50000 Disposable Vape | 50,000 Puffs VOZOL Star 50k | 30 Flavors - vozolvapen<\/title>\n<meta name=\"description\" content=\"Shop the VOZOL Star Click 50000 \u2014 up to 50k puffs with 1000mAh battery, dual modes &amp; 30 flavors. Best VOZOL vape 50000 for personal use &amp; wholesale. Fast shipping &amp; factory prices.\" \/>\n<meta name=\"robots\" content=\"index, follow, max-snippet:-1, max-image-preview:large, max-video-preview:-1\" \/>\n<link rel=\"canonical\" href=\"https:\/\/vozolvapen.de\/de\/produkt\/vozol-star-click-50000-50k-puffs-disposable-vape-30-flavors-eu-warehouse-wholesale\/\" \/>\n<meta property=\"og:locale\" content=\"de_DE\" \/>\n<meta property=\"og:type\" content=\"article\" \/>\n<meta property=\"og:title\" content=\"VOZOL Star Click 50000 50K Puffs Disposable Vape | 30 Flavors | EU Warehouse Wholesale\" \/>\n<meta property=\"og:description\" content=\"Shop the VOZOL Star Click 50000 \u2014 up to 50k puffs with 1000mAh battery, dual modes &amp; 30 flavors. Best VOZOL vape 50000 for personal use &amp; wholesale. Fast shipping &amp; factory prices.\" \/>\n<meta property=\"og:url\" content=\"https:\/\/vozolvapen.de\/de\/produkt\/vozol-star-click-50000-50k-puffs-disposable-vape-30-flavors-eu-warehouse-wholesale\/\" \/>\n<meta property=\"og:site_name\" content=\"vozolvapen\" \/>\n<meta property=\"article:modified_time\" content=\"2026-02-26T10:12:19+00:00\" \/>\n<meta property=\"og:image\" content=\"https:\/\/vozolvapen.de\/wp-content\/uploads\/2026\/02\/vozol-Star-Click-50000-50K-puffs-Arabic-Coffee.webp\" \/>\n\t<meta property=\"og:image:width\" content=\"1200\" \/>\n\t<meta property=\"og:image:height\" content=\"1200\" \/>\n\t<meta property=\"og:image:type\" content=\"image\/webp\" \/>\n<meta name=\"twitter:card\" content=\"summary_large_image\" \/>\n<meta name=\"twitter:label1\" content=\"Gesch\u00e4tzte Lesezeit\" \/>\n\t<meta name=\"twitter:data1\" content=\"3\u00a0Minuten\" \/>\n<script type=\"application\/ld+json\" class=\"yoast-schema-graph\">{\"@context\":\"https:\\\/\\\/schema.org\",\"@graph\":[{\"@type\":\"WebPage\",\"@id\":\"https:\\\/\\\/vozolvapen.de\\\/product\\\/vozol-star-click-50000-50k-puffs-disposable-vape-30-flavors-eu-warehouse-wholesale\\\/\",\"url\":\"https:\\\/\\\/vozolvapen.de\\\/product\\\/vozol-star-click-50000-50k-puffs-disposable-vape-30-flavors-eu-warehouse-wholesale\\\/\",\"name\":\"VOZOL Star Click 50000 Disposable Vape | 50,000 Puffs VOZOL Star 50k | 30 Flavors - vozolvapen\",\"isPartOf\":{\"@id\":\"https:\\\/\\\/vozolvapen.de\\\/#website\"},\"primaryImageOfPage\":{\"@id\":\"https:\\\/\\\/vozolvapen.de\\\/product\\\/vozol-star-click-50000-50k-puffs-disposable-vape-30-flavors-eu-warehouse-wholesale\\\/#primaryimage\"},\"image\":{\"@id\":\"https:\\\/\\\/vozolvapen.de\\\/product\\\/vozol-star-click-50000-50k-puffs-disposable-vape-30-flavors-eu-warehouse-wholesale\\\/#primaryimage\"},\"thumbnailUrl\":\"https:\\\/\\\/vozolvapen.de\\\/wp-content\\\/uploads\\\/2026\\\/02\\\/vozol-Star-Click-50000-50K-puffs-Arabic-Coffee.webp\",\"datePublished\":\"2026-02-26T10:07:30+00:00\",\"dateModified\":\"2026-02-26T10:12:19+00:00\",\"description\":\"Shop the VOZOL Star Click 50000 \u2014 up to 50k puffs with 1000mAh battery, dual modes & 30 flavors. Best VOZOL vape 50000 for personal use & wholesale. Fast shipping & factory prices.\",\"breadcrumb\":{\"@id\":\"https:\\\/\\\/vozolvapen.de\\\/product\\\/vozol-star-click-50000-50k-puffs-disposable-vape-30-flavors-eu-warehouse-wholesale\\\/#breadcrumb\"},\"inLanguage\":\"de\",\"potentialAction\":[{\"@type\":\"ReadAction\",\"target\":[\"https:\\\/\\\/vozolvapen.de\\\/product\\\/vozol-star-click-50000-50k-puffs-disposable-vape-30-flavors-eu-warehouse-wholesale\\\/\"]}]},{\"@type\":\"ImageObject\",\"inLanguage\":\"de\",\"@id\":\"https:\\\/\\\/vozolvapen.de\\\/product\\\/vozol-star-click-50000-50k-puffs-disposable-vape-30-flavors-eu-warehouse-wholesale\\\/#primaryimage\",\"url\":\"https:\\\/\\\/vozolvapen.de\\\/wp-content\\\/uploads\\\/2026\\\/02\\\/vozol-Star-Click-50000-50K-puffs-Arabic-Coffee.webp\",\"contentUrl\":\"https:\\\/\\\/vozolvapen.de\\\/wp-content\\\/uploads\\\/2026\\\/02\\\/vozol-Star-Click-50000-50K-puffs-Arabic-Coffee.webp\",\"width\":1200,\"height\":1200,\"caption\":\"Vozol Star Click 50000 50k Puffs Arabic Coffee Disposable Vape Device\"},{\"@type\":\"BreadcrumbList\",\"@id\":\"https:\\\/\\\/vozolvapen.de\\\/product\\\/vozol-star-click-50000-50k-puffs-disposable-vape-30-flavors-eu-warehouse-wholesale\\\/#breadcrumb\",\"itemListElement\":[{\"@type\":\"ListItem\",\"position\":1,\"name\":\"Home\",\"item\":\"https:\\\/\\\/vozolvapen.de\\\/de\\\/\"},{\"@type\":\"ListItem\",\"position\":2,\"name\":\"Shop\",\"item\":\"https:\\\/\\\/vozolvapen.de\\\/shop\\\/\"},{\"@type\":\"ListItem\",\"position\":3,\"name\":\"VOZOL Star Click 50000 50K Puffs Disposable Vape | 30 Flavors | EU Warehouse Wholesale\"}]},{\"@type\":\"WebSite\",\"@id\":\"https:\\\/\\\/vozolvapen.de\\\/#website\",\"url\":\"https:\\\/\\\/vozolvapen.de\\\/\",\"name\":\"vozolvapen\",\"description\":\"vozolvapen\",\"publisher\":{\"@id\":\"https:\\\/\\\/vozolvapen.de\\\/#organization\"},\"potentialAction\":[{\"@type\":\"SearchAction\",\"target\":{\"@type\":\"EntryPoint\",\"urlTemplate\":\"https:\\\/\\\/vozolvapen.de\\\/?s={search_term_string}\"},\"query-input\":{\"@type\":\"PropertyValueSpecification\",\"valueRequired\":true,\"valueName\":\"search_term_string\"}}],\"inLanguage\":\"de\"},{\"@type\":\"Organization\",\"@id\":\"https:\\\/\\\/vozolvapen.de\\\/#organization\",\"name\":\"vozolvapen\",\"url\":\"https:\\\/\\\/vozolvapen.de\\\/\",\"logo\":{\"@type\":\"ImageObject\",\"inLanguage\":\"de\",\"@id\":\"https:\\\/\\\/vozolvapen.de\\\/#\\\/schema\\\/logo\\\/image\\\/\",\"url\":\"https:\\\/\\\/vozolvapen.de\\\/wp-content\\\/uploads\\\/2025\\\/12\\\/cropped-vozovapen-logo.webp\",\"contentUrl\":\"https:\\\/\\\/vozolvapen.de\\\/wp-content\\\/uploads\\\/2025\\\/12\\\/cropped-vozovapen-logo.webp\",\"width\":470,\"height\":110,\"caption\":\"vozolvapen\"},\"image\":{\"@id\":\"https:\\\/\\\/vozolvapen.de\\\/#\\\/schema\\\/logo\\\/image\\\/\"}}]}<\/script>\n<!-- \/ Yoast SEO Premium plugin. -->","yoast_head_json":{"title":"VOZOL Star Click 50000 Einweg-Vape | 50.000 Z\u00fcge VOZOL Star 50k | 30 Geschmacksrichtungen - vozolvapen","description":"Shop der VOZOL Star Click 50000 - bis zu 50k Puffs mit 1000mAh Akku, Dual-Modi &amp; 30 Aromen. Beste VOZOL vape 50000 f\u00fcr den pers\u00f6nlichen Gebrauch &amp; Gro\u00dfhandel. Schneller Versand &amp; Fabrikpreise.","robots":{"index":"index","follow":"follow","max-snippet":"max-snippet:-1","max-image-preview":"max-image-preview:large","max-video-preview":"max-video-preview:-1"},"canonical":"https:\/\/vozolvapen.de\/de\/produkt\/vozol-star-click-50000-50k-puffs-disposable-vape-30-flavors-eu-warehouse-wholesale\/","og_locale":"de_DE","og_type":"article","og_title":"VOZOL Star Click 50000 50K Puffs Disposable Vape | 30 Flavors | EU Warehouse Wholesale","og_description":"Shop the VOZOL Star Click 50000 \u2014 up to 50k puffs with 1000mAh battery, dual modes & 30 flavors. Best VOZOL vape 50000 for personal use & wholesale. Fast shipping & factory prices.","og_url":"https:\/\/vozolvapen.de\/de\/produkt\/vozol-star-click-50000-50k-puffs-disposable-vape-30-flavors-eu-warehouse-wholesale\/","og_site_name":"vozolvapen","article_modified_time":"2026-02-26T10:12:19+00:00","og_image":[{"width":1200,"height":1200,"url":"https:\/\/vozolvapen.de\/wp-content\/uploads\/2026\/02\/vozol-Star-Click-50000-50K-puffs-Arabic-Coffee.webp","type":"image\/webp"}],"twitter_card":"summary_large_image","twitter_misc":{"Gesch\u00e4tzte Lesezeit":"3\u00a0Minuten"},"schema":{"@context":"https:\/\/schema.org","@graph":[{"@type":"WebPage","@id":"https:\/\/vozolvapen.de\/product\/vozol-star-click-50000-50k-puffs-disposable-vape-30-flavors-eu-warehouse-wholesale\/","url":"https:\/\/vozolvapen.de\/product\/vozol-star-click-50000-50k-puffs-disposable-vape-30-flavors-eu-warehouse-wholesale\/","name":"VOZOL Star Click 50000 Einweg-Vape | 50.000 Z\u00fcge VOZOL Star 50k | 30 Geschmacksrichtungen - vozolvapen","isPartOf":{"@id":"https:\/\/vozolvapen.de\/#website"},"primaryImageOfPage":{"@id":"https:\/\/vozolvapen.de\/product\/vozol-star-click-50000-50k-puffs-disposable-vape-30-flavors-eu-warehouse-wholesale\/#primaryimage"},"image":{"@id":"https:\/\/vozolvapen.de\/product\/vozol-star-click-50000-50k-puffs-disposable-vape-30-flavors-eu-warehouse-wholesale\/#primaryimage"},"thumbnailUrl":"https:\/\/vozolvapen.de\/wp-content\/uploads\/2026\/02\/vozol-Star-Click-50000-50K-puffs-Arabic-Coffee.webp","datePublished":"2026-02-26T10:07:30+00:00","dateModified":"2026-02-26T10:12:19+00:00","description":"Shop der VOZOL Star Click 50000 - bis zu 50k Puffs mit 1000mAh Akku, Dual-Modi &amp; 30 Aromen. Beste VOZOL vape 50000 f\u00fcr den pers\u00f6nlichen Gebrauch &amp; Gro\u00dfhandel. Schneller Versand &amp; Fabrikpreise.","breadcrumb":{"@id":"https:\/\/vozolvapen.de\/product\/vozol-star-click-50000-50k-puffs-disposable-vape-30-flavors-eu-warehouse-wholesale\/#breadcrumb"},"inLanguage":"de","potentialAction":[{"@type":"ReadAction","target":["https:\/\/vozolvapen.de\/product\/vozol-star-click-50000-50k-puffs-disposable-vape-30-flavors-eu-warehouse-wholesale\/"]}]},{"@type":"ImageObject","inLanguage":"de","@id":"https:\/\/vozolvapen.de\/product\/vozol-star-click-50000-50k-puffs-disposable-vape-30-flavors-eu-warehouse-wholesale\/#primaryimage","url":"https:\/\/vozolvapen.de\/wp-content\/uploads\/2026\/02\/vozol-Star-Click-50000-50K-puffs-Arabic-Coffee.webp","contentUrl":"https:\/\/vozolvapen.de\/wp-content\/uploads\/2026\/02\/vozol-Star-Click-50000-50K-puffs-Arabic-Coffee.webp","width":1200,"height":1200,"caption":"Vozol Star Click 50000 50k Puffs Arabic Coffee Disposable Vape Device"},{"@type":"BreadcrumbList","@id":"https:\/\/vozolvapen.de\/product\/vozol-star-click-50000-50k-puffs-disposable-vape-30-flavors-eu-warehouse-wholesale\/#breadcrumb","itemListElement":[{"@type":"ListItem","position":1,"name":"Home","item":"https:\/\/vozolvapen.de\/de\/"},{"@type":"ListItem","position":2,"name":"Shop","item":"https:\/\/vozolvapen.de\/shop\/"},{"@type":"ListItem","position":3,"name":"VOZOL Star Click 50000 50K Puffs Disposable Vape | 30 Flavors | EU Warehouse Wholesale"}]},{"@type":"WebSite","@id":"https:\/\/vozolvapen.de\/#website","url":"https:\/\/vozolvapen.de\/","name":"Vozolvapen","description":"Vozolvapen","publisher":{"@id":"https:\/\/vozolvapen.de\/#organization"},"potentialAction":[{"@type":"SearchAction","target":{"@type":"EntryPoint","urlTemplate":"https:\/\/vozolvapen.de\/?s={search_term_string}"},"query-input":{"@type":"PropertyValueSpecification","valueRequired":true,"valueName":"search_term_string"}}],"inLanguage":"de"},{"@type":"Organization","@id":"https:\/\/vozolvapen.de\/#organization","name":"Vozolvapen","url":"https:\/\/vozolvapen.de\/","logo":{"@type":"ImageObject","inLanguage":"de","@id":"https:\/\/vozolvapen.de\/#\/schema\/logo\/image\/","url":"https:\/\/vozolvapen.de\/wp-content\/uploads\/2025\/12\/cropped-vozovapen-logo.webp","contentUrl":"https:\/\/vozolvapen.de\/wp-content\/uploads\/2025\/12\/cropped-vozovapen-logo.webp","width":470,"height":110,"caption":"vozolvapen"},"image":{"@id":"https:\/\/vozolvapen.de\/#\/schema\/logo\/image\/"}}]}},"tiered_pricing_type":"fixed","tiered_pricing_fixed_rules":{"30":"15.8","50":"12.8","100":"11.8","200":"10.8"},"tiered_pricing_product_settings":{"layout":"default","base_unit_name":{"singular":null,"plural":null},"default_variation":{}},"tiered_pricing_minimum_quantity":10,"tiered_pricing_roles_data":[],"tiered_pricing_percentage_rules":[],"tiered_pricing_maximum_quantity":null,"tiered_pricing_quantity_step":"10","_links":{"self":[{"href":"https:\/\/vozolvapen.de\/de\/wp-json\/wp\/v2\/product\/67243","targetHints":{"allow":["GET"]}}],"collection":[{"href":"https:\/\/vozolvapen.de\/de\/wp-json\/wp\/v2\/product"}],"about":[{"href":"https:\/\/vozolvapen.de\/de\/wp-json\/wp\/v2\/types\/product"}],"replies":[{"embeddable":true,"href":"https:\/\/vozolvapen.de\/de\/wp-json\/wp\/v2\/comments?post=67243"}],"wp:featuredmedia":[{"embeddable":true,"href":"https:\/\/vozolvapen.de\/de\/wp-json\/wp\/v2\/media\/67244"}],"wp:attachment":[{"href":"https:\/\/vozolvapen.de\/de\/wp-json\/wp\/v2\/media?parent=67243"}],"wp:term":[{"taxonomy":"product_brand","embeddable":true,"href":"https:\/\/vozolvapen.de\/de\/wp-json\/wp\/v2\/product_brand?post=67243"},{"taxonomy":"product_cat","embeddable":true,"href":"https:\/\/vozolvapen.de\/de\/wp-json\/wp\/v2\/product_cat?post=67243"},{"taxonomy":"product_tag","embeddable":true,"href":"https:\/\/vozolvapen.de\/de\/wp-json\/wp\/v2\/product_tag?post=67243"}],"curies":[{"name":"wp","href":"https:\/\/api.w.org\/{rel}","templated":true}]}}