{"id":7380,"date":"2025-12-03T10:26:41","date_gmt":"2025-12-03T10:26:41","guid":{"rendered":"https:\/\/vozolvapen.de\/?post_type=product&#038;p=7380"},"modified":"2026-02-10T11:17:04","modified_gmt":"2026-02-10T11:17:04","slug":"vozol-rave-40000-erdbeer-eis","status":"publish","type":"product","link":"https:\/\/vozolvapen.de\/de\/product\/vozol-rave-40000-strawberry-ice\/","title":{"rendered":"VOZOL RAVE 40000 \u2013 Erdbeer-Eis"},"content":{"rendered":"<h1 data-path-to-node=\"127\"><b>VOZOL RAVE 40000 Puffs Einweg-Vape \u2013 Erdbeer-Eis-Geschmack<\/b><\/h1>\n<p data-path-to-node=\"129\"><b>Geschmacksbeschreibung:<\/b> Das <b>Erdbeer-Eis<\/b> Geschmack in der <b>VOZOL RAVE 40000<\/b> ist ein zeitloser Favorit, der wegen seiner schlichten Perfektion allseits beliebt ist. Er bietet den authentischen, zuckers\u00fc\u00dfen Geschmack frischer Sommererdbeeren, gefolgt von einem k\u00fchlen, klaren Eisgef\u00fchl, das die S\u00fc\u00dfe ausgleicht. Dieser Geschmack ist unglaublich befriedigend und niemals \u00fcberw\u00e4ltigend. Die schiere Ausdauer des <b>Vozol 40000 Z\u00fcge<\/b> in Kombination mit der Schnellladefunktion macht dies <b>Vozol Rave<\/b> Die bequemste Art, diesen beliebten Klassiker jeden Tag und den ganzen Tag lang zu genie\u00dfen. Er ist der Standard f\u00fcr jede Premium-Ausf\u00fchrung. <b>Vozol Vape<\/b>.<\/p>\n<h2 data-path-to-node=\"130\"><b>Warum sollten Sie sich f\u00fcr Vozol Rave 40000 Strawberry Ice entscheiden?<\/b><\/h2>\n<p data-path-to-node=\"131\">Ein grundlegender Geschmack, perfektioniert auf dem <b>Vozol Rave 40000<\/b> Plattform:<\/p>\n<ol start=\"1\" data-path-to-node=\"132\">\n<li>\n<p data-path-to-node=\"132,0,0\"><b>Zeitloser Geschmack:<\/b> Liefert den reinen, s\u00fc\u00dfen und vertrauten Erdbeergeschmack mit einem kr\u00e4ftigen, erfrischenden eisigen Abgang.<\/p>\n<\/li>\n<li>\n<p data-path-to-node=\"132,1,0\"><b>Zuverl\u00e4ssige Leistung:<\/b> Das gro\u00dfe Fassungsverm\u00f6gen von 20 ml sorgt daf\u00fcr, dass die Geschmacksqualit\u00e4t w\u00e4hrend der gesamten Lebensdauer von 40.000 Z\u00fcgen hoch und gleichbleibend bleibt.<\/p>\n<\/li>\n<li>\n<p data-path-to-node=\"132,2,0\"><b>Hohe Nikotinbefriedigung:<\/b> Der Nikotingehalt von 5% sorgt f\u00fcr einen starken, befriedigenden Kick, der den reichhaltigen Erdbeergeschmack perfekt erg\u00e4nzt.<\/p>\n<\/li>\n<\/ol>\n<h3 data-path-to-node=\"133\"><b>VOZOL RAVE 40000 \u2013 Technische Daten<\/b><\/h3>\n<table data-path-to-node=\"4\">\n<thead>\n<tr>\n<td><strong>Parameter<\/strong><\/td>\n<td><strong>Detail<\/strong><\/td>\n<td><strong>Hervorhebung<\/strong><\/td>\n<\/tr>\n<\/thead>\n<tbody>\n<tr>\n<td><span data-path-to-node=\"4,1,0,0\"><b>Modellname<\/b><\/span><\/td>\n<td><span data-path-to-node=\"4,1,1,0\"><b>VOZOL RAVE 40000<\/b><\/span><\/td>\n<td><span data-path-to-node=\"4,1,2,0\">F\u00fchrend <b>Vozol 40000<\/b> Serie<\/span><\/td>\n<\/tr>\n<tr>\n<td><span data-path-to-node=\"4,2,0,0\"><b>Maximale Anzahl an Z\u00fcgen<\/b><\/span><\/td>\n<td><span data-path-to-node=\"4,2,1,0\">Bis zu <b>40.000 Z\u00fcge<\/b><\/span><\/td>\n<td><span data-path-to-node=\"4,2,2,0\">Un\u00fcbertroffene Langlebigkeit<\/span><\/td>\n<\/tr>\n<tr>\n<td><span data-path-to-node=\"4,3,0,0\"><b>E-Liquid<\/b><\/span><\/td>\n<td><span data-path-to-node=\"4,3,1,0\">20 ml vorgef\u00fcllte Fl\u00fcssigkeit<\/span><\/td>\n<td><span data-path-to-node=\"4,3,2,0\">Maximale Kapazit\u00e4t<\/span><\/td>\n<\/tr>\n<tr>\n<td><span data-path-to-node=\"4,4,0,0\"><b>Nikotin<\/b><\/span><\/td>\n<td><span data-path-to-node=\"4,4,1,0\">5% (50 mg\/ml) Nikotingehalt<\/span><\/td>\n<td><span data-path-to-node=\"4,4,2,0\">Kr\u00e4ftiger, befriedigender Schlag<\/span><\/td>\n<\/tr>\n<tr>\n<td><span data-path-to-node=\"4,5,0,0\"><b>Batterie<\/b><\/span><\/td>\n<td><span data-path-to-node=\"4,5,1,0\">1000 mAh wiederaufladbar<\/span><\/td>\n<td><span data-path-to-node=\"4,5,2,0\">80% In 20 Minuten aufgeladen<\/span><\/td>\n<\/tr>\n<tr>\n<td><span data-path-to-node=\"4,6,0,0\"><b>Versand<\/b><\/span><\/td>\n<td><span data-path-to-node=\"4,6,1,0\">Europ\u00e4isches Lager (1\u20133 Tage)<\/span><\/td>\n<td><span data-path-to-node=\"4,6,2,0\">Schnelle Lieferung innerhalb der EU<\/span><\/td>\n<\/tr>\n<tr>\n<td><span data-path-to-node=\"4,7,0,0\"><b>Funktionen<\/b><\/span><\/td>\n<td><span data-path-to-node=\"4,7,1,0\">270\u00b0 lebhaftes Leuchten, beat-synchronisierter Party-Modus<\/span><\/td>\n<td><span data-path-to-node=\"4,7,2,0\">Einzigartiges Vaping-Erlebnis<\/span><\/td>\n<\/tr>\n<\/tbody>\n<\/table>\n<h3 dir=\"auto\">Hier sind weitere Empfehlungen f\u00fcr Sie:<\/h3>\n<p dir=\"auto\">Entdecken Sie noch mehr unglaubliche Aromen mit dem Fumot VOZOL RAVE 40000 Puff Vape!<\/p>\n<p dir=\"auto\"><a href=\"https:\/\/vozolvapen.de\/de\/produktkategorie\/vozol-vape\/vozol-rave-40000-zuge-vape\/\">Alle Sorten hier ansehen \u2192<\/a><\/p>\n<p dir=\"auto\">Entdecken Sie unser komplettes Sortiment und kaufen Sie die beliebtesten Vape-Marken.<\/p>\n<p dir=\"auto\"><a href=\"https:\/\/vozolvapen.de\/de\/\">Jetzt alle Marken durchsuchen \u2192<\/a><\/p>\n<p dir=\"auto\">Entdecken Sie die komplette VOZOL Vape-Serie \u2013 alle Geschmacksrichtungen, alle Modelle!<\/p>\n<p dir=\"auto\"><a href=\"https:\/\/vozolvapen.de\/de\/produktkategorie\/vozol-vape\/\">Die gesamte VOZOL Vape-Kollektion ansehen \u2192<\/a><\/p>","protected":false},"excerpt":{"rendered":"<p><span data-path-to-node=\"4,13,2,0\">Die klassische S\u00fc\u00dfe der Erdbeere wird perfekt durch einen kr\u00e4ftigen, reinen Menthol-Abgang ausgeglichen. Die <b>Vozol Rave<\/b> garantiert die Konsistenz dieses beliebten Geschmacks.<\/span><\/p>","protected":false},"featured_media":7331,"comment_status":"open","ping_status":"closed","template":"","meta":{"_acf_changed":false},"product_brand":[],"product_cat":[134,55],"product_tag":[],"class_list":{"0":"post-7380","1":"product","2":"type-product","3":"status-publish","4":"has-post-thumbnail","6":"product_cat-eu-warehouse-in-stock","7":"product_cat-vozol-rave-40000-puffs-vape","9":"first","10":"instock","11":"shipping-taxable","12":"purchasable","13":"product-type-variable"},"acf":[],"yoast_head":"<!-- This site is optimized with the Yoast SEO Premium plugin v26.1 (Yoast SEO v27.5) - https:\/\/yoast.com\/product\/yoast-seo-premium-wordpress\/ -->\n<title>Vozol Rave 40000 Puffs Strawberry Ice - Classic Vozol Vape Flavor - vozolvapen<\/title>\n<meta name=\"description\" content=\"Vozol Rave 40000 Strawberry Ice: The ultimate chilled strawberry experience. Sweet, sun-ripened strawberry with an icy blast. 40000 puffs of classic flavor. Shop Vozol 40000 now!\" \/>\n<meta name=\"robots\" content=\"index, follow, max-snippet:-1, max-image-preview:large, max-video-preview:-1\" \/>\n<link rel=\"canonical\" href=\"https:\/\/vozolvapen.de\/de\/produkt\/vozol-rave-40000-erdbeer-eis\/\" \/>\n<meta property=\"og:locale\" content=\"de_DE\" \/>\n<meta property=\"og:type\" content=\"article\" \/>\n<meta property=\"og:title\" content=\"VOZOL RAVE 40000 - Strawberry Ice\" \/>\n<meta property=\"og:description\" content=\"Vozol Rave 40000 Strawberry Ice: The ultimate chilled strawberry experience. Sweet, sun-ripened strawberry with an icy blast. 40000 puffs of classic flavor. Shop Vozol 40000 now!\" \/>\n<meta property=\"og:url\" content=\"https:\/\/vozolvapen.de\/de\/produkt\/vozol-rave-40000-erdbeer-eis\/\" \/>\n<meta property=\"og:site_name\" content=\"vozolvapen\" \/>\n<meta property=\"article:modified_time\" content=\"2026-02-10T11:17:04+00:00\" \/>\n<meta property=\"og:image\" content=\"https:\/\/vozolvapen.de\/wp-content\/uploads\/2025\/12\/VOZOL-RAVE-40000-Strawberry-Ice-2.webp\" \/>\n\t<meta property=\"og:image:width\" content=\"1200\" \/>\n\t<meta property=\"og:image:height\" content=\"1200\" \/>\n\t<meta property=\"og:image:type\" content=\"image\/webp\" \/>\n<meta name=\"twitter:card\" content=\"summary_large_image\" \/>\n<meta name=\"twitter:label1\" content=\"Gesch\u00e4tzte Lesezeit\" \/>\n\t<meta name=\"twitter:data1\" content=\"2\u00a0Minuten\" \/>\n<script type=\"application\/ld+json\" class=\"yoast-schema-graph\">{\"@context\":\"https:\\\/\\\/schema.org\",\"@graph\":[{\"@type\":\"WebPage\",\"@id\":\"https:\\\/\\\/vozolvapen.de\\\/product\\\/vozol-rave-40000-strawberry-ice\\\/\",\"url\":\"https:\\\/\\\/vozolvapen.de\\\/product\\\/vozol-rave-40000-strawberry-ice\\\/\",\"name\":\"Vozol Rave 40000 Puffs Strawberry Ice - Classic Vozol Vape Flavor - vozolvapen\",\"isPartOf\":{\"@id\":\"https:\\\/\\\/vozolvapen.de\\\/#website\"},\"primaryImageOfPage\":{\"@id\":\"https:\\\/\\\/vozolvapen.de\\\/product\\\/vozol-rave-40000-strawberry-ice\\\/#primaryimage\"},\"image\":{\"@id\":\"https:\\\/\\\/vozolvapen.de\\\/product\\\/vozol-rave-40000-strawberry-ice\\\/#primaryimage\"},\"thumbnailUrl\":\"https:\\\/\\\/vozolvapen.de\\\/wp-content\\\/uploads\\\/2025\\\/12\\\/VOZOL-RAVE-40000-Strawberry-Ice-2.webp\",\"datePublished\":\"2025-12-03T10:26:41+00:00\",\"dateModified\":\"2026-02-10T11:17:04+00:00\",\"description\":\"Vozol Rave 40000 Strawberry Ice: The ultimate chilled strawberry experience. Sweet, sun-ripened strawberry with an icy blast. 40000 puffs of classic flavor. Shop Vozol 40000 now!\",\"breadcrumb\":{\"@id\":\"https:\\\/\\\/vozolvapen.de\\\/product\\\/vozol-rave-40000-strawberry-ice\\\/#breadcrumb\"},\"inLanguage\":\"de\",\"potentialAction\":[{\"@type\":\"ReadAction\",\"target\":[\"https:\\\/\\\/vozolvapen.de\\\/product\\\/vozol-rave-40000-strawberry-ice\\\/\"]}]},{\"@type\":\"ImageObject\",\"inLanguage\":\"de\",\"@id\":\"https:\\\/\\\/vozolvapen.de\\\/product\\\/vozol-rave-40000-strawberry-ice\\\/#primaryimage\",\"url\":\"https:\\\/\\\/vozolvapen.de\\\/wp-content\\\/uploads\\\/2025\\\/12\\\/VOZOL-RAVE-40000-Strawberry-Ice-2.webp\",\"contentUrl\":\"https:\\\/\\\/vozolvapen.de\\\/wp-content\\\/uploads\\\/2025\\\/12\\\/VOZOL-RAVE-40000-Strawberry-Ice-2.webp\",\"width\":1200,\"height\":1200,\"caption\":\"Vozol Rave 40000 Strawberry Ice 2 Disposable Vape Device\"},{\"@type\":\"BreadcrumbList\",\"@id\":\"https:\\\/\\\/vozolvapen.de\\\/product\\\/vozol-rave-40000-strawberry-ice\\\/#breadcrumb\",\"itemListElement\":[{\"@type\":\"ListItem\",\"position\":1,\"name\":\"Home\",\"item\":\"https:\\\/\\\/vozolvapen.de\\\/de\\\/\"},{\"@type\":\"ListItem\",\"position\":2,\"name\":\"Shop\",\"item\":\"https:\\\/\\\/vozolvapen.de\\\/shop\\\/\"},{\"@type\":\"ListItem\",\"position\":3,\"name\":\"VOZOL RAVE 40000 &#8211; Strawberry Ice\"}]},{\"@type\":\"WebSite\",\"@id\":\"https:\\\/\\\/vozolvapen.de\\\/#website\",\"url\":\"https:\\\/\\\/vozolvapen.de\\\/\",\"name\":\"vozolvapen\",\"description\":\"vozolvapen\",\"publisher\":{\"@id\":\"https:\\\/\\\/vozolvapen.de\\\/#organization\"},\"potentialAction\":[{\"@type\":\"SearchAction\",\"target\":{\"@type\":\"EntryPoint\",\"urlTemplate\":\"https:\\\/\\\/vozolvapen.de\\\/?s={search_term_string}\"},\"query-input\":{\"@type\":\"PropertyValueSpecification\",\"valueRequired\":true,\"valueName\":\"search_term_string\"}}],\"inLanguage\":\"de\"},{\"@type\":\"Organization\",\"@id\":\"https:\\\/\\\/vozolvapen.de\\\/#organization\",\"name\":\"vozolvapen\",\"url\":\"https:\\\/\\\/vozolvapen.de\\\/\",\"logo\":{\"@type\":\"ImageObject\",\"inLanguage\":\"de\",\"@id\":\"https:\\\/\\\/vozolvapen.de\\\/#\\\/schema\\\/logo\\\/image\\\/\",\"url\":\"https:\\\/\\\/vozolvapen.de\\\/wp-content\\\/uploads\\\/2025\\\/12\\\/cropped-vozovapen-logo.webp\",\"contentUrl\":\"https:\\\/\\\/vozolvapen.de\\\/wp-content\\\/uploads\\\/2025\\\/12\\\/cropped-vozovapen-logo.webp\",\"width\":470,\"height\":110,\"caption\":\"vozolvapen\"},\"image\":{\"@id\":\"https:\\\/\\\/vozolvapen.de\\\/#\\\/schema\\\/logo\\\/image\\\/\"}}]}<\/script>\n<!-- \/ Yoast SEO Premium plugin. -->","yoast_head_json":{"title":"Vozol Rave 40000 Z\u00fcge Erdbeer-Eis \u2013 Klassischer Vozol-Vape-Geschmack \u2013 vozolvapen","description":"Vozol Rave 40000 Strawberry Ice: Das ultimative gek\u00fchlte Erdbeer-Erlebnis. S\u00fc\u00dfe, sonnengereifte Erdbeeren mit einem eisigen Kick. 40000 Z\u00fcge mit klassischem Geschmack. Jetzt Vozol 40000 kaufen!","robots":{"index":"index","follow":"follow","max-snippet":"max-snippet:-1","max-image-preview":"max-image-preview:large","max-video-preview":"max-video-preview:-1"},"canonical":"https:\/\/vozolvapen.de\/de\/produkt\/vozol-rave-40000-erdbeer-eis\/","og_locale":"de_DE","og_type":"article","og_title":"VOZOL RAVE 40000 - Strawberry Ice","og_description":"Vozol Rave 40000 Strawberry Ice: The ultimate chilled strawberry experience. Sweet, sun-ripened strawberry with an icy blast. 40000 puffs of classic flavor. Shop Vozol 40000 now!","og_url":"https:\/\/vozolvapen.de\/de\/produkt\/vozol-rave-40000-erdbeer-eis\/","og_site_name":"vozolvapen","article_modified_time":"2026-02-10T11:17:04+00:00","og_image":[{"width":1200,"height":1200,"url":"https:\/\/vozolvapen.de\/wp-content\/uploads\/2025\/12\/VOZOL-RAVE-40000-Strawberry-Ice-2.webp","type":"image\/webp"}],"twitter_card":"summary_large_image","twitter_misc":{"Gesch\u00e4tzte Lesezeit":"2\u00a0Minuten"},"schema":{"@context":"https:\/\/schema.org","@graph":[{"@type":"WebPage","@id":"https:\/\/vozolvapen.de\/product\/vozol-rave-40000-strawberry-ice\/","url":"https:\/\/vozolvapen.de\/product\/vozol-rave-40000-strawberry-ice\/","name":"Vozol Rave 40000 Z\u00fcge Erdbeer-Eis \u2013 Klassischer Vozol-Vape-Geschmack \u2013 vozolvapen","isPartOf":{"@id":"https:\/\/vozolvapen.de\/#website"},"primaryImageOfPage":{"@id":"https:\/\/vozolvapen.de\/product\/vozol-rave-40000-strawberry-ice\/#primaryimage"},"image":{"@id":"https:\/\/vozolvapen.de\/product\/vozol-rave-40000-strawberry-ice\/#primaryimage"},"thumbnailUrl":"https:\/\/vozolvapen.de\/wp-content\/uploads\/2025\/12\/VOZOL-RAVE-40000-Strawberry-Ice-2.webp","datePublished":"2025-12-03T10:26:41+00:00","dateModified":"2026-02-10T11:17:04+00:00","description":"Vozol Rave 40000 Strawberry Ice: Das ultimative gek\u00fchlte Erdbeer-Erlebnis. S\u00fc\u00dfe, sonnengereifte Erdbeeren mit einem eisigen Kick. 40000 Z\u00fcge mit klassischem Geschmack. Jetzt Vozol 40000 kaufen!","breadcrumb":{"@id":"https:\/\/vozolvapen.de\/product\/vozol-rave-40000-strawberry-ice\/#breadcrumb"},"inLanguage":"de","potentialAction":[{"@type":"ReadAction","target":["https:\/\/vozolvapen.de\/product\/vozol-rave-40000-strawberry-ice\/"]}]},{"@type":"ImageObject","inLanguage":"de","@id":"https:\/\/vozolvapen.de\/product\/vozol-rave-40000-strawberry-ice\/#primaryimage","url":"https:\/\/vozolvapen.de\/wp-content\/uploads\/2025\/12\/VOZOL-RAVE-40000-Strawberry-Ice-2.webp","contentUrl":"https:\/\/vozolvapen.de\/wp-content\/uploads\/2025\/12\/VOZOL-RAVE-40000-Strawberry-Ice-2.webp","width":1200,"height":1200,"caption":"Vozol Rave 40000 Strawberry Ice 2 Disposable Vape Device"},{"@type":"BreadcrumbList","@id":"https:\/\/vozolvapen.de\/product\/vozol-rave-40000-strawberry-ice\/#breadcrumb","itemListElement":[{"@type":"ListItem","position":1,"name":"Home","item":"https:\/\/vozolvapen.de\/de\/"},{"@type":"ListItem","position":2,"name":"Shop","item":"https:\/\/vozolvapen.de\/shop\/"},{"@type":"ListItem","position":3,"name":"VOZOL RAVE 40000 &#8211; Strawberry Ice"}]},{"@type":"WebSite","@id":"https:\/\/vozolvapen.de\/#website","url":"https:\/\/vozolvapen.de\/","name":"Vozolvapen","description":"Vozolvapen","publisher":{"@id":"https:\/\/vozolvapen.de\/#organization"},"potentialAction":[{"@type":"SearchAction","target":{"@type":"EntryPoint","urlTemplate":"https:\/\/vozolvapen.de\/?s={search_term_string}"},"query-input":{"@type":"PropertyValueSpecification","valueRequired":true,"valueName":"search_term_string"}}],"inLanguage":"de"},{"@type":"Organization","@id":"https:\/\/vozolvapen.de\/#organization","name":"Vozolvapen","url":"https:\/\/vozolvapen.de\/","logo":{"@type":"ImageObject","inLanguage":"de","@id":"https:\/\/vozolvapen.de\/#\/schema\/logo\/image\/","url":"https:\/\/vozolvapen.de\/wp-content\/uploads\/2025\/12\/cropped-vozovapen-logo.webp","contentUrl":"https:\/\/vozolvapen.de\/wp-content\/uploads\/2025\/12\/cropped-vozovapen-logo.webp","width":470,"height":110,"caption":"vozolvapen"},"image":{"@id":"https:\/\/vozolvapen.de\/#\/schema\/logo\/image\/"}}]}},"tiered_pricing_type":"fixed","tiered_pricing_fixed_rules":{"30":"14.04","50":"11.54","100":"11.04","200":"10.04"},"tiered_pricing_product_settings":{"layout":"default","base_unit_name":{"singular":null,"plural":null},"default_variation":{}},"tiered_pricing_minimum_quantity":10,"tiered_pricing_roles_data":[],"tiered_pricing_percentage_rules":[],"tiered_pricing_maximum_quantity":null,"tiered_pricing_quantity_step":"10","_links":{"self":[{"href":"https:\/\/vozolvapen.de\/de\/wp-json\/wp\/v2\/product\/7380","targetHints":{"allow":["GET"]}}],"collection":[{"href":"https:\/\/vozolvapen.de\/de\/wp-json\/wp\/v2\/product"}],"about":[{"href":"https:\/\/vozolvapen.de\/de\/wp-json\/wp\/v2\/types\/product"}],"replies":[{"embeddable":true,"href":"https:\/\/vozolvapen.de\/de\/wp-json\/wp\/v2\/comments?post=7380"}],"wp:featuredmedia":[{"embeddable":true,"href":"https:\/\/vozolvapen.de\/de\/wp-json\/wp\/v2\/media\/7331"}],"wp:attachment":[{"href":"https:\/\/vozolvapen.de\/de\/wp-json\/wp\/v2\/media?parent=7380"}],"wp:term":[{"taxonomy":"product_brand","embeddable":true,"href":"https:\/\/vozolvapen.de\/de\/wp-json\/wp\/v2\/product_brand?post=7380"},{"taxonomy":"product_cat","embeddable":true,"href":"https:\/\/vozolvapen.de\/de\/wp-json\/wp\/v2\/product_cat?post=7380"},{"taxonomy":"product_tag","embeddable":true,"href":"https:\/\/vozolvapen.de\/de\/wp-json\/wp\/v2\/product_tag?post=7380"}],"curies":[{"name":"wp","href":"https:\/\/api.w.org\/{rel}","templated":true}]}}